{"id":5479,"date":"2022-02-08T15:38:57","date_gmt":"2022-02-08T15:38:57","guid":{"rendered":"https:\/\/www.danby.com\/fr\/products\/dpa120e1wdb\/"},"modified":"2026-04-13T10:05:06","modified_gmt":"2026-04-13T10:05:06","slug":"dpa120e1wdb","status":"publish","type":"product","link":"https:\/\/www.danby.com\/fr\/products\/climatiseurs-portatifs\/dpa120e1wdb\/","title":{"rendered":"Climatiseur portable Danby 12 000 BTU"},"content":{"rendered":"","protected":false},"excerpt":{"rendered":"<ul>\n<li>Climatiseur portable de 12 000 BTU refroidit des espaces jusqu&#8217;\u00e0 550 pieds carr\u00e9s.<\/li>\n<li>Conception 3-en-1: climatiseur, ventilateur et d\u00e9shumidificateur<\/li>\n<li>Conception \u00e0 un seul tuyau \u00e9vacue efficacement l&#8217;air chaud et humide \u00e0 l&#8217;ext\u00e9rieur<\/li>\n<li>Red\u00e9marrage automatique: l&#8217;unit\u00e9 red\u00e9marre automatiquement apr\u00e8s une panne de courant<\/li>\n<li>Mode d\u00e9shumidificateur avec drainage direct pour un fonctionnement continu<\/li>\n<li>Minuterie de 24 heures<\/li>\n<li>Commandes \u00e9lectroniques avec affichage LED et t\u00e9l\u00e9commande<\/li>\n<li>R\u00e9frig\u00e9rant R410A respectueux de l&#8217;environnement<\/li>\n<li>Filtre \u00e0 air r\u00e9utilisable et lavable<\/li>\n<li>Puissant ventilateur \u00e0 3 vitesses<\/li>\n<li>Balayage automatique: circule l&#8217;air dans l&#8217;espace de vie<\/li>\n<li>Poign\u00e9es int\u00e9gr\u00e9es vous permettent de d\u00e9placer l&#8217;unit\u00e9 facilement d&#8217;une pi\u00e8ce \u00e0 l&#8217;autre<\/li>\n<\/ul>\n","protected":false},"featured_media":26812,"comment_status":"closed","ping_status":"open","template":"","meta":{"_acf_changed":false},"product_brand":[],"product_cat":[35],"product_tag":[],"class_list":{"0":"post-5479","1":"product","2":"type-product","3":"status-publish","4":"has-post-thumbnail","6":"product_cat-climatiseurs-portatifs","7":"pa_btu-76","8":"pa_couleur-white","9":"pa_duree-de-la-garantie-en-mois-1173","11":"first","12":"outofstock","13":"taxable","14":"shipping-taxable","15":"product-type-simple"},"acf":[],"yoast_head":"<!-- This site is optimized with the Yoast SEO plugin v26.7 - https:\/\/yoast.com\/wordpress\/plugins\/seo\/ -->\n<title>Climatiseur portable Danby 12 000 BTU - DPA120E1WDB | Danby Canada<\/title>\n<meta name=\"description\" content=\"Ce climatiseur chic de Danby Appliances vous gardera aussi frais que possible lorsque la chaleur et l&#039;humidit\u00e9 estivales tenteront d&#039;envahir votre maison. Ce mod\u00e8le peut produire 12 000 BTU de puissance de climatisation pour aider \u00e0 refroidir des espaces allant jusqu&#039;\u00e0 environ 550 pieds carr\u00e9s, ce qui en fait un choix id\u00e9al pour les grandes pi\u00e8ces et les bureaux ainsi que pour les appartements et les condos. Il dispose d&#039;un syst\u00e8me de drainage direct con\u00e7u pour traiter 60 pintes toutes les 24 heures et est de conception \u00e0 un seul tuyau. Cette unit\u00e9 fonctionne avec le r\u00e9frig\u00e9rant respectueux de l&#039;environnement R410A et propose trois vitesses de ventilateur diff\u00e9rentes avec des options faible, moyenne et \u00e9lev\u00e9e. Le climatiseur peut \u00eatre programm\u00e9, contr\u00f4l\u00e9 et surveill\u00e9 par la t\u00e9l\u00e9commande int\u00e9gr\u00e9e ainsi que par les boutons \u00e9lectroniques variables et l&#039;affichage LED. La fonction d&#039;allumage\/arr\u00eat automatique \u00e9conomiseuse d&#039;\u00e9nergie vous permet de programmer l&#039;appareil pour qu&#039;il d\u00e9marre et s&#039;arr\u00eate quand vous le souhaitez. Si vous d\u00e9cidez de d\u00e9placer l&#039;appareil vers un endroit diff\u00e9rent, cela peut facilement \u00eatre fait gr\u00e2ce \u00e0 ses roulettes pratiques. Pour rendre ce mod\u00e8le encore plus attrayant, il est livr\u00e9 avec une garantie de deux ans sur les pi\u00e8ces et la main-d&#039;\u0153uvre avec un service \u00e0 domicile.\" \/>\n<meta name=\"robots\" content=\"index, follow, max-snippet:-1, max-image-preview:large, max-video-preview:-1\" \/>\n<link rel=\"canonical\" href=\"https:\/\/www.danby.com\/fr\/products\/climatiseurs-portatifs\/dpa120e1wdb\/\" \/>\n<meta property=\"og:locale\" content=\"fr_CA\" \/>\n<meta property=\"og:type\" content=\"article\" \/>\n<meta property=\"og:title\" content=\"Climatiseur portable Danby 12 000 BTU - DPA120E1WDB | Danby Canada\" \/>\n<meta property=\"og:description\" content=\"Ce climatiseur chic de Danby Appliances vous gardera aussi frais que possible lorsque la chaleur et l&#039;humidit\u00e9 estivales tenteront d&#039;envahir votre maison. Ce mod\u00e8le peut produire 12 000 BTU de puissance de climatisation pour aider \u00e0 refroidir des espaces allant jusqu&#039;\u00e0 environ 550 pieds carr\u00e9s, ce qui en fait un choix id\u00e9al pour les grandes pi\u00e8ces et les bureaux ainsi que pour les appartements et les condos. Il dispose d&#039;un syst\u00e8me de drainage direct con\u00e7u pour traiter 60 pintes toutes les 24 heures et est de conception \u00e0 un seul tuyau. Cette unit\u00e9 fonctionne avec le r\u00e9frig\u00e9rant respectueux de l&#039;environnement R410A et propose trois vitesses de ventilateur diff\u00e9rentes avec des options faible, moyenne et \u00e9lev\u00e9e. Le climatiseur peut \u00eatre programm\u00e9, contr\u00f4l\u00e9 et surveill\u00e9 par la t\u00e9l\u00e9commande int\u00e9gr\u00e9e ainsi que par les boutons \u00e9lectroniques variables et l&#039;affichage LED. La fonction d&#039;allumage\/arr\u00eat automatique \u00e9conomiseuse d&#039;\u00e9nergie vous permet de programmer l&#039;appareil pour qu&#039;il d\u00e9marre et s&#039;arr\u00eate quand vous le souhaitez. Si vous d\u00e9cidez de d\u00e9placer l&#039;appareil vers un endroit diff\u00e9rent, cela peut facilement \u00eatre fait gr\u00e2ce \u00e0 ses roulettes pratiques. Pour rendre ce mod\u00e8le encore plus attrayant, il est livr\u00e9 avec une garantie de deux ans sur les pi\u00e8ces et la main-d&#039;\u0153uvre avec un service \u00e0 domicile.\" \/>\n<meta property=\"og:url\" content=\"https:\/\/www.danby.com\/fr\/products\/climatiseurs-portatifs\/dpa120e1wdb\/\" \/>\n<meta property=\"og:site_name\" content=\"Danby - Canada - French\" \/>\n<meta property=\"article:publisher\" content=\"https:\/\/www.facebook.com\/DanbyAppliances\" \/>\n<meta property=\"article:modified_time\" content=\"2026-04-13T10:05:06+00:00\" \/>\n<meta property=\"og:image\" content=\"https:\/\/www.danby.com\/fr\/wp-content\/uploads\/sites\/2\/2024\/03\/DPA120E1WDB_Front_ClosedVent.jpg\" \/>\n\t<meta property=\"og:image:width\" content=\"1500\" \/>\n\t<meta property=\"og:image:height\" content=\"2000\" \/>\n\t<meta property=\"og:image:type\" content=\"image\/jpeg\" \/>\n<meta name=\"twitter:card\" content=\"summary_large_image\" \/>\n<meta name=\"twitter:site\" content=\"@DanbyAppliance\" \/>\n<script type=\"application\/ld+json\" class=\"yoast-schema-graph\">{\"@context\":\"https:\/\/schema.org\",\"@graph\":[{\"@type\":[\"WebPage\",\"ItemPage\"],\"url\":\"https:\/\/www.danby.com\/fr\/products\/climatiseurs-portatifs\/dpa120e1wdb\/\",\"name\":\"Climatiseur portable Danby 12 000 BTU - DPA120E1WDB | Danby Canada\",\"isPartOf\":[],\"primaryImageOfPage\":[],\"image\":[],\"thumbnailUrl\":\"https:\/\/cdnweb.danby.com\/wp-content\/uploads\/sites\/2\/2024\/03\/01131026\/DPA120E1WDB_Front_ClosedVent.jpg\",\"datePublished\":\"2022-02-08T15:38:57+00:00\",\"dateModified\":\"2026-04-13T10:05:06+00:00\",\"description\":\"Ce climatiseur chic de Danby Appliances vous gardera aussi frais que possible lorsque la chaleur et l'humidit\u00e9 estivales tenteront d'envahir votre maison. Ce mod\u00e8le peut produire 12 000 BTU de puissance de climatisation pour aider \u00e0 refroidir des espaces allant jusqu'\u00e0 environ 550 pieds carr\u00e9s, ce qui en fait un choix id\u00e9al pour les grandes pi\u00e8ces et les bureaux ainsi que pour les appartements et les condos. Il dispose d'un syst\u00e8me de drainage direct con\u00e7u pour traiter 60 pintes toutes les 24 heures et est de conception \u00e0 un seul tuyau. Cette unit\u00e9 fonctionne avec le r\u00e9frig\u00e9rant respectueux de l'environnement R410A et propose trois vitesses de ventilateur diff\u00e9rentes avec des options faible, moyenne et \u00e9lev\u00e9e. Le climatiseur peut \u00eatre programm\u00e9, contr\u00f4l\u00e9 et surveill\u00e9 par la t\u00e9l\u00e9commande int\u00e9gr\u00e9e ainsi que par les boutons \u00e9lectroniques variables et l'affichage LED. La fonction d'allumage\/arr\u00eat automatique \u00e9conomiseuse d'\u00e9nergie vous permet de programmer l'appareil pour qu'il d\u00e9marre et s'arr\u00eate quand vous le souhaitez. Si vous d\u00e9cidez de d\u00e9placer l'appareil vers un endroit diff\u00e9rent, cela peut facilement \u00eatre fait gr\u00e2ce \u00e0 ses roulettes pratiques. Pour rendre ce mod\u00e8le encore plus attrayant, il est livr\u00e9 avec une garantie de deux ans sur les pi\u00e8ces et la main-d'\u0153uvre avec un service \u00e0 domicile.\",\"breadcrumb\":[],\"inLanguage\":\"fr-CA\",\"potentialAction\":[{\"@type\":\"ReadAction\",\"target\":[\"https:\/\/www.danby.com\/fr\/products\/climatiseurs-portatifs\/dpa120e1wdb\/\"]}]},{\"@type\":\"ImageObject\",\"inLanguage\":\"fr-CA\",\"url\":\"https:\/\/cdnweb.danby.com\/wp-content\/uploads\/sites\/2\/2024\/03\/01131026\/DPA120E1WDB_Front_ClosedVent.jpg\",\"contentUrl\":\"https:\/\/cdnweb.danby.com\/wp-content\/uploads\/sites\/2\/2024\/03\/01131026\/DPA120E1WDB_Front_ClosedVent.jpg\",\"width\":1500,\"height\":2000},{\"@type\":\"BreadcrumbList\",\"itemListElement\":[{\"@type\":\"ListItem\",\"position\":1,\"name\":\"Home\",\"item\":\"https:\/\/www.danby.com\/fr\/\"},{\"@type\":\"ListItem\",\"position\":2,\"name\":\"Boutique\",\"item\":\"https:\/\/www.danby.com\/fr\/boutique\/\"},{\"@type\":\"ListItem\",\"position\":3,\"name\":\"Climatiseur portable Danby 12 000 BTU\"}]},{\"@type\":\"WebSite\",\"url\":\"https:\/\/www.danby.com\/fr\/\",\"name\":\"Danby - Canada - French\",\"description\":\"Leader dans le domaine de la r\u00e9frig\u00e9ration et des appareils sp\u00e9cialis\u00e9s\",\"publisher\":[],\"potentialAction\":[{\"@type\":\"SearchAction\",\"target\":{\"@type\":\"EntryPoint\",\"urlTemplate\":\"https:\/\/www.danby.com\/fr\/?s={search_term_string}\"},\"query-input\":{\"@type\":\"PropertyValueSpecification\",\"valueRequired\":true,\"valueName\":\"search_term_string\"}}],\"inLanguage\":\"fr-CA\"},{\"@type\":\"Organization\",\"name\":\"Danby Appliances\",\"url\":\"https:\/\/www.danby.com\/fr\/\",\"logo\":{\"@type\":\"ImageObject\",\"inLanguage\":\"fr-CA\",\"url\":\"https:\/\/cdnweb.danby.com\/wp-content\/uploads\/sites\/2\/2022\/02\/10141906\/Danby75Ans_Blue.png\",\"contentUrl\":\"https:\/\/cdnweb.danby.com\/wp-content\/uploads\/sites\/2\/2022\/02\/10141906\/Danby75Ans_Blue.png\",\"width\":470,\"height\":110,\"caption\":\"Danby Appliances\"},\"image\":[],\"sameAs\":[\"https:\/\/www.facebook.com\/DanbyAppliances\",\"https:\/\/x.com\/DanbyAppliance\",\"https:\/\/instagram.com\/danbyappliances\/\",\"https:\/\/www.linkedin.com\/company\/danbyappliances\",\"https:\/\/www.pinterest.ca\/danbyappliances\/\",\"https:\/\/www.youtube.com\/user\/DanbyProducts\",\"https:\/\/en.wikipedia.org\/wiki\/Danby_(appliances)\"]}]}<\/script>\n<!-- \/ Yoast SEO plugin. -->","yoast_head_json":{"title":"Climatiseur portable Danby 12 000 BTU - DPA120E1WDB | Danby Canada","description":"Ce climatiseur chic de Danby Appliances vous gardera aussi frais que possible lorsque la chaleur et l'humidit\u00e9 estivales tenteront d'envahir votre maison. Ce mod\u00e8le peut produire 12 000 BTU de puissance de climatisation pour aider \u00e0 refroidir des espaces allant jusqu'\u00e0 environ 550 pieds carr\u00e9s, ce qui en fait un choix id\u00e9al pour les grandes pi\u00e8ces et les bureaux ainsi que pour les appartements et les condos. Il dispose d'un syst\u00e8me de drainage direct con\u00e7u pour traiter 60 pintes toutes les 24 heures et est de conception \u00e0 un seul tuyau. Cette unit\u00e9 fonctionne avec le r\u00e9frig\u00e9rant respectueux de l'environnement R410A et propose trois vitesses de ventilateur diff\u00e9rentes avec des options faible, moyenne et \u00e9lev\u00e9e. Le climatiseur peut \u00eatre programm\u00e9, contr\u00f4l\u00e9 et surveill\u00e9 par la t\u00e9l\u00e9commande int\u00e9gr\u00e9e ainsi que par les boutons \u00e9lectroniques variables et l'affichage LED. La fonction d'allumage\/arr\u00eat automatique \u00e9conomiseuse d'\u00e9nergie vous permet de programmer l'appareil pour qu'il d\u00e9marre et s'arr\u00eate quand vous le souhaitez. Si vous d\u00e9cidez de d\u00e9placer l'appareil vers un endroit diff\u00e9rent, cela peut facilement \u00eatre fait gr\u00e2ce \u00e0 ses roulettes pratiques. Pour rendre ce mod\u00e8le encore plus attrayant, il est livr\u00e9 avec une garantie de deux ans sur les pi\u00e8ces et la main-d'\u0153uvre avec un service \u00e0 domicile.","robots":{"index":"index","follow":"follow","max-snippet":"max-snippet:-1","max-image-preview":"max-image-preview:large","max-video-preview":"max-video-preview:-1"},"canonical":"https:\/\/www.danby.com\/fr\/products\/climatiseurs-portatifs\/dpa120e1wdb\/","og_locale":"fr_CA","og_type":"article","og_title":"Climatiseur portable Danby 12 000 BTU - DPA120E1WDB | Danby Canada","og_description":"Ce climatiseur chic de Danby Appliances vous gardera aussi frais que possible lorsque la chaleur et l'humidit\u00e9 estivales tenteront d'envahir votre maison. Ce mod\u00e8le peut produire 12 000 BTU de puissance de climatisation pour aider \u00e0 refroidir des espaces allant jusqu'\u00e0 environ 550 pieds carr\u00e9s, ce qui en fait un choix id\u00e9al pour les grandes pi\u00e8ces et les bureaux ainsi que pour les appartements et les condos. Il dispose d'un syst\u00e8me de drainage direct con\u00e7u pour traiter 60 pintes toutes les 24 heures et est de conception \u00e0 un seul tuyau. Cette unit\u00e9 fonctionne avec le r\u00e9frig\u00e9rant respectueux de l'environnement R410A et propose trois vitesses de ventilateur diff\u00e9rentes avec des options faible, moyenne et \u00e9lev\u00e9e. Le climatiseur peut \u00eatre programm\u00e9, contr\u00f4l\u00e9 et surveill\u00e9 par la t\u00e9l\u00e9commande int\u00e9gr\u00e9e ainsi que par les boutons \u00e9lectroniques variables et l'affichage LED. La fonction d'allumage\/arr\u00eat automatique \u00e9conomiseuse d'\u00e9nergie vous permet de programmer l'appareil pour qu'il d\u00e9marre et s'arr\u00eate quand vous le souhaitez. Si vous d\u00e9cidez de d\u00e9placer l'appareil vers un endroit diff\u00e9rent, cela peut facilement \u00eatre fait gr\u00e2ce \u00e0 ses roulettes pratiques. Pour rendre ce mod\u00e8le encore plus attrayant, il est livr\u00e9 avec une garantie de deux ans sur les pi\u00e8ces et la main-d'\u0153uvre avec un service \u00e0 domicile.","og_url":"https:\/\/www.danby.com\/fr\/products\/climatiseurs-portatifs\/dpa120e1wdb\/","og_site_name":"Danby - Canada - French","article_publisher":"https:\/\/www.facebook.com\/DanbyAppliances","article_modified_time":"2026-04-13T10:05:06+00:00","og_image":[{"width":1500,"height":2000,"url":"https:\/\/www.danby.com\/fr\/wp-content\/uploads\/sites\/2\/2024\/03\/DPA120E1WDB_Front_ClosedVent.jpg","type":"image\/jpeg"}],"twitter_card":"summary_large_image","twitter_site":"@DanbyAppliance","schema":{"@context":"https:\/\/schema.org","@graph":[{"@type":["WebPage","ItemPage"],"url":"https:\/\/www.danby.com\/fr\/products\/climatiseurs-portatifs\/dpa120e1wdb\/","name":"Climatiseur portable Danby 12 000 BTU - DPA120E1WDB | Danby Canada","isPartOf":[],"primaryImageOfPage":[],"image":[],"thumbnailUrl":"https:\/\/cdnweb.danby.com\/wp-content\/uploads\/sites\/2\/2024\/03\/01131026\/DPA120E1WDB_Front_ClosedVent.jpg","datePublished":"2022-02-08T15:38:57+00:00","dateModified":"2026-04-13T10:05:06+00:00","description":"Ce climatiseur chic de Danby Appliances vous gardera aussi frais que possible lorsque la chaleur et l'humidit\u00e9 estivales tenteront d'envahir votre maison. Ce mod\u00e8le peut produire 12 000 BTU de puissance de climatisation pour aider \u00e0 refroidir des espaces allant jusqu'\u00e0 environ 550 pieds carr\u00e9s, ce qui en fait un choix id\u00e9al pour les grandes pi\u00e8ces et les bureaux ainsi que pour les appartements et les condos. Il dispose d'un syst\u00e8me de drainage direct con\u00e7u pour traiter 60 pintes toutes les 24 heures et est de conception \u00e0 un seul tuyau. Cette unit\u00e9 fonctionne avec le r\u00e9frig\u00e9rant respectueux de l'environnement R410A et propose trois vitesses de ventilateur diff\u00e9rentes avec des options faible, moyenne et \u00e9lev\u00e9e. Le climatiseur peut \u00eatre programm\u00e9, contr\u00f4l\u00e9 et surveill\u00e9 par la t\u00e9l\u00e9commande int\u00e9gr\u00e9e ainsi que par les boutons \u00e9lectroniques variables et l'affichage LED. La fonction d'allumage\/arr\u00eat automatique \u00e9conomiseuse d'\u00e9nergie vous permet de programmer l'appareil pour qu'il d\u00e9marre et s'arr\u00eate quand vous le souhaitez. Si vous d\u00e9cidez de d\u00e9placer l'appareil vers un endroit diff\u00e9rent, cela peut facilement \u00eatre fait gr\u00e2ce \u00e0 ses roulettes pratiques. Pour rendre ce mod\u00e8le encore plus attrayant, il est livr\u00e9 avec une garantie de deux ans sur les pi\u00e8ces et la main-d'\u0153uvre avec un service \u00e0 domicile.","breadcrumb":[],"inLanguage":"fr-CA","potentialAction":[{"@type":"ReadAction","target":["https:\/\/www.danby.com\/fr\/products\/climatiseurs-portatifs\/dpa120e1wdb\/"]}]},{"@type":"ImageObject","inLanguage":"fr-CA","url":"https:\/\/cdnweb.danby.com\/wp-content\/uploads\/sites\/2\/2024\/03\/01131026\/DPA120E1WDB_Front_ClosedVent.jpg","contentUrl":"https:\/\/cdnweb.danby.com\/wp-content\/uploads\/sites\/2\/2024\/03\/01131026\/DPA120E1WDB_Front_ClosedVent.jpg","width":1500,"height":2000},{"@type":"BreadcrumbList","itemListElement":[{"@type":"ListItem","position":1,"name":"Home","item":"https:\/\/www.danby.com\/fr\/"},{"@type":"ListItem","position":2,"name":"Boutique","item":"https:\/\/www.danby.com\/fr\/boutique\/"},{"@type":"ListItem","position":3,"name":"Climatiseur portable Danby 12 000 BTU"}]},{"@type":"WebSite","url":"https:\/\/www.danby.com\/fr\/","name":"Danby - Canada - French","description":"Leader dans le domaine de la r\u00e9frig\u00e9ration et des appareils sp\u00e9cialis\u00e9s","publisher":[],"potentialAction":[{"@type":"SearchAction","target":{"@type":"EntryPoint","urlTemplate":"https:\/\/www.danby.com\/fr\/?s={search_term_string}"},"query-input":{"@type":"PropertyValueSpecification","valueRequired":true,"valueName":"search_term_string"}}],"inLanguage":"fr-CA"},{"@type":"Organization","name":"Danby Appliances","url":"https:\/\/www.danby.com\/fr\/","logo":{"@type":"ImageObject","inLanguage":"fr-CA","url":"https:\/\/cdnweb.danby.com\/wp-content\/uploads\/sites\/2\/2022\/02\/10141906\/Danby75Ans_Blue.png","contentUrl":"https:\/\/cdnweb.danby.com\/wp-content\/uploads\/sites\/2\/2022\/02\/10141906\/Danby75Ans_Blue.png","width":470,"height":110,"caption":"Danby Appliances"},"image":[],"sameAs":["https:\/\/www.facebook.com\/DanbyAppliances","https:\/\/x.com\/DanbyAppliance","https:\/\/instagram.com\/danbyappliances\/","https:\/\/www.linkedin.com\/company\/danbyappliances","https:\/\/www.pinterest.ca\/danbyappliances\/","https:\/\/www.youtube.com\/user\/DanbyProducts","https:\/\/en.wikipedia.org\/wiki\/Danby_(appliances)"]}]}},"post_mailing_queue_ids":[],"_links":{"self":[{"href":"https:\/\/www.danby.com\/fr\/wp-json\/wp\/v2\/product\/5479","targetHints":{"allow":["GET"]}}],"collection":[{"href":"https:\/\/www.danby.com\/fr\/wp-json\/wp\/v2\/product"}],"about":[{"href":"https:\/\/www.danby.com\/fr\/wp-json\/wp\/v2\/types\/product"}],"replies":[{"embeddable":true,"href":"https:\/\/www.danby.com\/fr\/wp-json\/wp\/v2\/comments?post=5479"}],"wp:featuredmedia":[{"embeddable":true,"href":"https:\/\/www.danby.com\/fr\/wp-json\/wp\/v2\/media\/26812"}],"wp:attachment":[{"href":"https:\/\/www.danby.com\/fr\/wp-json\/wp\/v2\/media?parent=5479"}],"wp:term":[{"taxonomy":"product_brand","embeddable":true,"href":"https:\/\/www.danby.com\/fr\/wp-json\/wp\/v2\/product_brand?post=5479"},{"taxonomy":"product_cat","embeddable":true,"href":"https:\/\/www.danby.com\/fr\/wp-json\/wp\/v2\/product_cat?post=5479"},{"taxonomy":"product_tag","embeddable":true,"href":"https:\/\/www.danby.com\/fr\/wp-json\/wp\/v2\/product_tag?post=5479"}],"curies":[{"name":"wp","href":"https:\/\/api.w.org\/{rel}","templated":true}]}}