{"id":5463,"date":"2022-02-08T15:36:53","date_gmt":"2022-02-08T15:36:53","guid":{"rendered":"https:\/\/www.danby.com\/fr\/products\/dff100c1wdb\/"},"modified":"2026-04-05T10:05:53","modified_gmt":"2026-04-05T10:05:53","slug":"dff100c1wdb","status":"publish","type":"product","link":"https:\/\/www.danby.com\/fr\/products\/refrigerateurs-pour-petites-surfaces\/dff100c1wdb\/","title":{"rendered":"R\u00e9frig\u00e9rateur de taille appartement Danby 10 pi3 en blanc"},"content":{"rendered":"","protected":false},"excerpt":{"rendered":"<ul>\n<li>10 pi3. (281 L) capacit\u00e9 du r\u00e9frig\u00e9rateur<\/li>\n<li>Frigorig\u00e8ne R600a<\/li>\n<li>Fonctionnement sans givre offre un entretien sans tracas et une meilleure conservation des aliments<\/li>\n<li>2 tablettes en verre pleine largeur et 1 \u2013 1\/2 largeur pour une polyvalence de rangement maximale<\/li>\n<li>1 tablette de cong\u00e9lation en fil m\u00e9tallique r\u00e9glable sur toute la largeur<\/li>\n<li>Tablette de porte int\u00e9gr\u00e9e avec rangement pour grandes bouteilles<\/li>\n<li>Cassette \u00e0 l\u00e9gumes et couvercle<\/li>\n<li>Thermostat \u00e9lectronique<\/li>\n<li>Lumi\u00e8re int\u00e9rieure<\/li>\n<li>Poign\u00e9e de porte int\u00e9gr\u00e9e<\/li>\n<li>Charni\u00e8re de porte r\u00e9versible<\/li>\n<li>Dossier lisse<\/li>\n<\/ul>\n","protected":false},"featured_media":30148,"comment_status":"closed","ping_status":"open","template":"","meta":{"_acf_changed":false},"product_brand":[],"product_cat":[20],"product_tag":[],"class_list":{"0":"post-5463","1":"product","2":"type-product","3":"status-publish","4":"has-post-thumbnail","6":"product_cat-refrigerateurs-pour-petites-surfaces","7":"pa_capacite-pi3-1068","8":"pa_couleur-white","9":"pa_duree-de-la-garantie-en-mois-1173","11":"first","12":"outofstock","13":"taxable","14":"shipping-taxable","15":"product-type-simple"},"acf":[],"yoast_head":"<!-- This site is optimized with the Yoast SEO plugin v26.7 - https:\/\/yoast.com\/wordpress\/plugins\/seo\/ -->\n<title>R\u00e9frig\u00e9rateur de taille appartement Danby 10 pi3 en blanc - DFF100C1WDB | Danby Canada<\/title>\n<meta name=\"description\" content=\"D\u00e9couvrez le style et la simplicit\u00e9 du r\u00e9frig\u00e9rateur Danby de 10 pieds cubes (290 L), de taille appartement, id\u00e9al pour les espaces r\u00e9duits tels que les condos, appartements ou maisons en rang\u00e9e ! R\u00e9duisez votre facture d&#039;\u00e9lectricit\u00e9 et \u00e9conomisez de l&#039;\u00e9nergie gr\u00e2ce \u00e0 la certification ENERGY STAR\u00ae de ce produit. R\u00e9duisez l&#039;encombrement avec deux \u00e9tag\u00e8res en verre ajustables, cinq \u00e9tag\u00e8res int\u00e9gr\u00e9es dans la porte, deux tiroirs \u00e0 l\u00e9gumes, et le distributeur de canettes CanStor\u00ae, offrant une grande polyvalence de rangement. Tous vos aliments congel\u00e9s peuvent \u00eatre stock\u00e9s gr\u00e2ce \u00e0 une \u00e9tag\u00e8re m\u00e9tallique ajustable et deux \u00e9tag\u00e8res de porte, permettant de garder votre cong\u00e9lateur accessible et bien organis\u00e9. Le syst\u00e8me de fonctionnement sans givre de pointe est con\u00e7u pour am\u00e9liorer la conservation des aliments et faciliter l&#039;entretien, tandis que la lumi\u00e8re LED int\u00e9rieure \u00e9claire l&#039;int\u00e9rieur. De plus, la porte est \u00e9quip\u00e9e d&#039;une poign\u00e9e int\u00e9gr\u00e9e et peut \u00eatre ajust\u00e9e pour une ouverture \u00e0 gauche ou \u00e0 droite gr\u00e2ce \u00e0 son design intelligent de charni\u00e8re r\u00e9versible. Ce mod\u00e8le peut servir de r\u00e9frig\u00e9rateur principal ou comme option secondaire pour augmenter la capacit\u00e9 de stockage.\" \/>\n<meta name=\"robots\" content=\"index, follow, max-snippet:-1, max-image-preview:large, max-video-preview:-1\" \/>\n<link rel=\"canonical\" href=\"https:\/\/www.danby.com\/fr\/products\/refrigerateurs-pour-petites-surfaces\/dff100c1wdb\/\" \/>\n<meta property=\"og:locale\" content=\"fr_CA\" \/>\n<meta property=\"og:type\" content=\"article\" \/>\n<meta property=\"og:title\" content=\"R\u00e9frig\u00e9rateur de taille appartement Danby 10 pi3 en blanc - DFF100C1WDB | Danby Canada\" \/>\n<meta property=\"og:description\" content=\"D\u00e9couvrez le style et la simplicit\u00e9 du r\u00e9frig\u00e9rateur Danby de 10 pieds cubes (290 L), de taille appartement, id\u00e9al pour les espaces r\u00e9duits tels que les condos, appartements ou maisons en rang\u00e9e ! R\u00e9duisez votre facture d&#039;\u00e9lectricit\u00e9 et \u00e9conomisez de l&#039;\u00e9nergie gr\u00e2ce \u00e0 la certification ENERGY STAR\u00ae de ce produit. R\u00e9duisez l&#039;encombrement avec deux \u00e9tag\u00e8res en verre ajustables, cinq \u00e9tag\u00e8res int\u00e9gr\u00e9es dans la porte, deux tiroirs \u00e0 l\u00e9gumes, et le distributeur de canettes CanStor\u00ae, offrant une grande polyvalence de rangement. Tous vos aliments congel\u00e9s peuvent \u00eatre stock\u00e9s gr\u00e2ce \u00e0 une \u00e9tag\u00e8re m\u00e9tallique ajustable et deux \u00e9tag\u00e8res de porte, permettant de garder votre cong\u00e9lateur accessible et bien organis\u00e9. Le syst\u00e8me de fonctionnement sans givre de pointe est con\u00e7u pour am\u00e9liorer la conservation des aliments et faciliter l&#039;entretien, tandis que la lumi\u00e8re LED int\u00e9rieure \u00e9claire l&#039;int\u00e9rieur. De plus, la porte est \u00e9quip\u00e9e d&#039;une poign\u00e9e int\u00e9gr\u00e9e et peut \u00eatre ajust\u00e9e pour une ouverture \u00e0 gauche ou \u00e0 droite gr\u00e2ce \u00e0 son design intelligent de charni\u00e8re r\u00e9versible. Ce mod\u00e8le peut servir de r\u00e9frig\u00e9rateur principal ou comme option secondaire pour augmenter la capacit\u00e9 de stockage.\" \/>\n<meta property=\"og:url\" content=\"https:\/\/www.danby.com\/fr\/products\/refrigerateurs-pour-petites-surfaces\/dff100c1wdb\/\" \/>\n<meta property=\"og:site_name\" content=\"Danby - Canada - French\" \/>\n<meta property=\"article:publisher\" content=\"https:\/\/www.facebook.com\/DanbyAppliances\" \/>\n<meta property=\"article:modified_time\" content=\"2026-04-05T10:05:53+00:00\" \/>\n<meta property=\"og:image\" content=\"https:\/\/cdnweb.danby.com\/wp-content\/uploads\/sites\/2\/2022\/02\/08200453\/Medium-DFF100A2WDB1.jpg\" \/>\n\t<meta property=\"og:image:width\" content=\"300\" \/>\n\t<meta property=\"og:image:height\" content=\"272\" \/>\n\t<meta property=\"og:image:type\" content=\"image\/jpeg\" \/>\n<meta name=\"twitter:card\" content=\"summary_large_image\" \/>\n<meta name=\"twitter:site\" content=\"@DanbyAppliance\" \/>\n<script type=\"application\/ld+json\" class=\"yoast-schema-graph\">{\"@context\":\"https:\/\/schema.org\",\"@graph\":[{\"@type\":[\"WebPage\",\"ItemPage\"],\"url\":\"https:\/\/www.danby.com\/fr\/products\/refrigerateurs-pour-petites-surfaces\/dff100c1wdb\/\",\"name\":\"R\u00e9frig\u00e9rateur de taille appartement Danby 10 pi3 en blanc - DFF100C1WDB | Danby Canada\",\"isPartOf\":[],\"primaryImageOfPage\":[],\"image\":[],\"thumbnailUrl\":\"https:\/\/www.danby.com\/fr\/wp-content\/uploads\/sites\/2\/2025\/01\/Fridge_Thumbnail_DFF100C1WDB.jpg\",\"datePublished\":\"2022-02-08T15:36:53+00:00\",\"dateModified\":\"2026-04-05T10:05:53+00:00\",\"description\":\"D\u00e9couvrez le style et la simplicit\u00e9 du r\u00e9frig\u00e9rateur Danby de 10 pieds cubes (290 L), de taille appartement, id\u00e9al pour les espaces r\u00e9duits tels que les condos, appartements ou maisons en rang\u00e9e ! R\u00e9duisez votre facture d'\u00e9lectricit\u00e9 et \u00e9conomisez de l'\u00e9nergie gr\u00e2ce \u00e0 la certification ENERGY STAR\u00ae de ce produit. R\u00e9duisez l'encombrement avec deux \u00e9tag\u00e8res en verre ajustables, cinq \u00e9tag\u00e8res int\u00e9gr\u00e9es dans la porte, deux tiroirs \u00e0 l\u00e9gumes, et le distributeur de canettes CanStor\u00ae, offrant une grande polyvalence de rangement. Tous vos aliments congel\u00e9s peuvent \u00eatre stock\u00e9s gr\u00e2ce \u00e0 une \u00e9tag\u00e8re m\u00e9tallique ajustable et deux \u00e9tag\u00e8res de porte, permettant de garder votre cong\u00e9lateur accessible et bien organis\u00e9. Le syst\u00e8me de fonctionnement sans givre de pointe est con\u00e7u pour am\u00e9liorer la conservation des aliments et faciliter l'entretien, tandis que la lumi\u00e8re LED int\u00e9rieure \u00e9claire l'int\u00e9rieur. De plus, la porte est \u00e9quip\u00e9e d'une poign\u00e9e int\u00e9gr\u00e9e et peut \u00eatre ajust\u00e9e pour une ouverture \u00e0 gauche ou \u00e0 droite gr\u00e2ce \u00e0 son design intelligent de charni\u00e8re r\u00e9versible. Ce mod\u00e8le peut servir de r\u00e9frig\u00e9rateur principal ou comme option secondaire pour augmenter la capacit\u00e9 de stockage.\",\"breadcrumb\":[],\"inLanguage\":\"fr-CA\",\"potentialAction\":[{\"@type\":\"ReadAction\",\"target\":[\"https:\/\/www.danby.com\/fr\/products\/refrigerateurs-pour-petites-surfaces\/dff100c1wdb\/\"]}]},{\"@type\":\"ImageObject\",\"inLanguage\":\"fr-CA\",\"url\":\"https:\/\/www.danby.com\/fr\/wp-content\/uploads\/sites\/2\/2025\/01\/Fridge_Thumbnail_DFF100C1WDB.jpg\",\"contentUrl\":\"https:\/\/www.danby.com\/fr\/wp-content\/uploads\/sites\/2\/2025\/01\/Fridge_Thumbnail_DFF100C1WDB.jpg\",\"width\":1125,\"height\":1500},{\"@type\":\"BreadcrumbList\",\"itemListElement\":[{\"@type\":\"ListItem\",\"position\":1,\"name\":\"Home\",\"item\":\"https:\/\/www.danby.com\/fr\/\"},{\"@type\":\"ListItem\",\"position\":2,\"name\":\"Boutique\",\"item\":\"https:\/\/www.danby.com\/fr\/boutique\/\"},{\"@type\":\"ListItem\",\"position\":3,\"name\":\"Danby R\u00e9frig\u00e9rateur d&#8217;appartement de 10 pi3\"}]},{\"@type\":\"WebSite\",\"url\":\"https:\/\/www.danby.com\/fr\/\",\"name\":\"Danby - Canada - French\",\"description\":\"Leader dans le domaine de la r\u00e9frig\u00e9ration et des appareils sp\u00e9cialis\u00e9s\",\"publisher\":[],\"potentialAction\":[{\"@type\":\"SearchAction\",\"target\":{\"@type\":\"EntryPoint\",\"urlTemplate\":\"https:\/\/www.danby.com\/fr\/?s={search_term_string}\"},\"query-input\":{\"@type\":\"PropertyValueSpecification\",\"valueRequired\":true,\"valueName\":\"search_term_string\"}}],\"inLanguage\":\"fr-CA\"},{\"@type\":\"Organization\",\"name\":\"Danby Appliances\",\"url\":\"https:\/\/www.danby.com\/fr\/\",\"logo\":{\"@type\":\"ImageObject\",\"inLanguage\":\"fr-CA\",\"url\":\"https:\/\/cdnweb.danby.com\/wp-content\/uploads\/sites\/2\/2022\/02\/10141906\/Danby75Ans_Blue.png\",\"contentUrl\":\"https:\/\/cdnweb.danby.com\/wp-content\/uploads\/sites\/2\/2022\/02\/10141906\/Danby75Ans_Blue.png\",\"width\":470,\"height\":110,\"caption\":\"Danby Appliances\"},\"image\":[],\"sameAs\":[\"https:\/\/www.facebook.com\/DanbyAppliances\",\"https:\/\/x.com\/DanbyAppliance\",\"https:\/\/instagram.com\/danbyappliances\/\",\"https:\/\/www.linkedin.com\/company\/danbyappliances\",\"https:\/\/www.pinterest.ca\/danbyappliances\/\",\"https:\/\/www.youtube.com\/user\/DanbyProducts\",\"https:\/\/en.wikipedia.org\/wiki\/Danby_(appliances)\"]}]}<\/script>\n<!-- \/ Yoast SEO plugin. -->","yoast_head_json":{"title":"R\u00e9frig\u00e9rateur de taille appartement Danby 10 pi3 en blanc - DFF100C1WDB | Danby Canada","description":"D\u00e9couvrez le style et la simplicit\u00e9 du r\u00e9frig\u00e9rateur Danby de 10 pieds cubes (290 L), de taille appartement, id\u00e9al pour les espaces r\u00e9duits tels que les condos, appartements ou maisons en rang\u00e9e ! R\u00e9duisez votre facture d'\u00e9lectricit\u00e9 et \u00e9conomisez de l'\u00e9nergie gr\u00e2ce \u00e0 la certification ENERGY STAR\u00ae de ce produit. R\u00e9duisez l'encombrement avec deux \u00e9tag\u00e8res en verre ajustables, cinq \u00e9tag\u00e8res int\u00e9gr\u00e9es dans la porte, deux tiroirs \u00e0 l\u00e9gumes, et le distributeur de canettes CanStor\u00ae, offrant une grande polyvalence de rangement. Tous vos aliments congel\u00e9s peuvent \u00eatre stock\u00e9s gr\u00e2ce \u00e0 une \u00e9tag\u00e8re m\u00e9tallique ajustable et deux \u00e9tag\u00e8res de porte, permettant de garder votre cong\u00e9lateur accessible et bien organis\u00e9. Le syst\u00e8me de fonctionnement sans givre de pointe est con\u00e7u pour am\u00e9liorer la conservation des aliments et faciliter l'entretien, tandis que la lumi\u00e8re LED int\u00e9rieure \u00e9claire l'int\u00e9rieur. De plus, la porte est \u00e9quip\u00e9e d'une poign\u00e9e int\u00e9gr\u00e9e et peut \u00eatre ajust\u00e9e pour une ouverture \u00e0 gauche ou \u00e0 droite gr\u00e2ce \u00e0 son design intelligent de charni\u00e8re r\u00e9versible. Ce mod\u00e8le peut servir de r\u00e9frig\u00e9rateur principal ou comme option secondaire pour augmenter la capacit\u00e9 de stockage.","robots":{"index":"index","follow":"follow","max-snippet":"max-snippet:-1","max-image-preview":"max-image-preview:large","max-video-preview":"max-video-preview:-1"},"canonical":"https:\/\/www.danby.com\/fr\/products\/refrigerateurs-pour-petites-surfaces\/dff100c1wdb\/","og_locale":"fr_CA","og_type":"article","og_title":"R\u00e9frig\u00e9rateur de taille appartement Danby 10 pi3 en blanc - DFF100C1WDB | Danby Canada","og_description":"D\u00e9couvrez le style et la simplicit\u00e9 du r\u00e9frig\u00e9rateur Danby de 10 pieds cubes (290 L), de taille appartement, id\u00e9al pour les espaces r\u00e9duits tels que les condos, appartements ou maisons en rang\u00e9e ! R\u00e9duisez votre facture d'\u00e9lectricit\u00e9 et \u00e9conomisez de l'\u00e9nergie gr\u00e2ce \u00e0 la certification ENERGY STAR\u00ae de ce produit. R\u00e9duisez l'encombrement avec deux \u00e9tag\u00e8res en verre ajustables, cinq \u00e9tag\u00e8res int\u00e9gr\u00e9es dans la porte, deux tiroirs \u00e0 l\u00e9gumes, et le distributeur de canettes CanStor\u00ae, offrant une grande polyvalence de rangement. Tous vos aliments congel\u00e9s peuvent \u00eatre stock\u00e9s gr\u00e2ce \u00e0 une \u00e9tag\u00e8re m\u00e9tallique ajustable et deux \u00e9tag\u00e8res de porte, permettant de garder votre cong\u00e9lateur accessible et bien organis\u00e9. Le syst\u00e8me de fonctionnement sans givre de pointe est con\u00e7u pour am\u00e9liorer la conservation des aliments et faciliter l'entretien, tandis que la lumi\u00e8re LED int\u00e9rieure \u00e9claire l'int\u00e9rieur. De plus, la porte est \u00e9quip\u00e9e d'une poign\u00e9e int\u00e9gr\u00e9e et peut \u00eatre ajust\u00e9e pour une ouverture \u00e0 gauche ou \u00e0 droite gr\u00e2ce \u00e0 son design intelligent de charni\u00e8re r\u00e9versible. Ce mod\u00e8le peut servir de r\u00e9frig\u00e9rateur principal ou comme option secondaire pour augmenter la capacit\u00e9 de stockage.","og_url":"https:\/\/www.danby.com\/fr\/products\/refrigerateurs-pour-petites-surfaces\/dff100c1wdb\/","og_site_name":"Danby - Canada - French","article_publisher":"https:\/\/www.facebook.com\/DanbyAppliances","article_modified_time":"2026-04-05T10:05:53+00:00","og_image":[{"width":300,"height":272,"url":"https:\/\/cdnweb.danby.com\/wp-content\/uploads\/sites\/2\/2022\/02\/08200453\/Medium-DFF100A2WDB1.jpg","type":"image\/jpeg"}],"twitter_card":"summary_large_image","twitter_site":"@DanbyAppliance","schema":{"@context":"https:\/\/schema.org","@graph":[{"@type":["WebPage","ItemPage"],"url":"https:\/\/www.danby.com\/fr\/products\/refrigerateurs-pour-petites-surfaces\/dff100c1wdb\/","name":"R\u00e9frig\u00e9rateur de taille appartement Danby 10 pi3 en blanc - DFF100C1WDB | Danby Canada","isPartOf":[],"primaryImageOfPage":[],"image":[],"thumbnailUrl":"https:\/\/www.danby.com\/fr\/wp-content\/uploads\/sites\/2\/2025\/01\/Fridge_Thumbnail_DFF100C1WDB.jpg","datePublished":"2022-02-08T15:36:53+00:00","dateModified":"2026-04-05T10:05:53+00:00","description":"D\u00e9couvrez le style et la simplicit\u00e9 du r\u00e9frig\u00e9rateur Danby de 10 pieds cubes (290 L), de taille appartement, id\u00e9al pour les espaces r\u00e9duits tels que les condos, appartements ou maisons en rang\u00e9e ! R\u00e9duisez votre facture d'\u00e9lectricit\u00e9 et \u00e9conomisez de l'\u00e9nergie gr\u00e2ce \u00e0 la certification ENERGY STAR\u00ae de ce produit. R\u00e9duisez l'encombrement avec deux \u00e9tag\u00e8res en verre ajustables, cinq \u00e9tag\u00e8res int\u00e9gr\u00e9es dans la porte, deux tiroirs \u00e0 l\u00e9gumes, et le distributeur de canettes CanStor\u00ae, offrant une grande polyvalence de rangement. Tous vos aliments congel\u00e9s peuvent \u00eatre stock\u00e9s gr\u00e2ce \u00e0 une \u00e9tag\u00e8re m\u00e9tallique ajustable et deux \u00e9tag\u00e8res de porte, permettant de garder votre cong\u00e9lateur accessible et bien organis\u00e9. Le syst\u00e8me de fonctionnement sans givre de pointe est con\u00e7u pour am\u00e9liorer la conservation des aliments et faciliter l'entretien, tandis que la lumi\u00e8re LED int\u00e9rieure \u00e9claire l'int\u00e9rieur. De plus, la porte est \u00e9quip\u00e9e d'une poign\u00e9e int\u00e9gr\u00e9e et peut \u00eatre ajust\u00e9e pour une ouverture \u00e0 gauche ou \u00e0 droite gr\u00e2ce \u00e0 son design intelligent de charni\u00e8re r\u00e9versible. Ce mod\u00e8le peut servir de r\u00e9frig\u00e9rateur principal ou comme option secondaire pour augmenter la capacit\u00e9 de stockage.","breadcrumb":[],"inLanguage":"fr-CA","potentialAction":[{"@type":"ReadAction","target":["https:\/\/www.danby.com\/fr\/products\/refrigerateurs-pour-petites-surfaces\/dff100c1wdb\/"]}]},{"@type":"ImageObject","inLanguage":"fr-CA","url":"https:\/\/www.danby.com\/fr\/wp-content\/uploads\/sites\/2\/2025\/01\/Fridge_Thumbnail_DFF100C1WDB.jpg","contentUrl":"https:\/\/www.danby.com\/fr\/wp-content\/uploads\/sites\/2\/2025\/01\/Fridge_Thumbnail_DFF100C1WDB.jpg","width":1125,"height":1500},{"@type":"BreadcrumbList","itemListElement":[{"@type":"ListItem","position":1,"name":"Home","item":"https:\/\/www.danby.com\/fr\/"},{"@type":"ListItem","position":2,"name":"Boutique","item":"https:\/\/www.danby.com\/fr\/boutique\/"},{"@type":"ListItem","position":3,"name":"Danby R\u00e9frig\u00e9rateur d&#8217;appartement de 10 pi3"}]},{"@type":"WebSite","url":"https:\/\/www.danby.com\/fr\/","name":"Danby - Canada - French","description":"Leader dans le domaine de la r\u00e9frig\u00e9ration et des appareils sp\u00e9cialis\u00e9s","publisher":[],"potentialAction":[{"@type":"SearchAction","target":{"@type":"EntryPoint","urlTemplate":"https:\/\/www.danby.com\/fr\/?s={search_term_string}"},"query-input":{"@type":"PropertyValueSpecification","valueRequired":true,"valueName":"search_term_string"}}],"inLanguage":"fr-CA"},{"@type":"Organization","name":"Danby Appliances","url":"https:\/\/www.danby.com\/fr\/","logo":{"@type":"ImageObject","inLanguage":"fr-CA","url":"https:\/\/cdnweb.danby.com\/wp-content\/uploads\/sites\/2\/2022\/02\/10141906\/Danby75Ans_Blue.png","contentUrl":"https:\/\/cdnweb.danby.com\/wp-content\/uploads\/sites\/2\/2022\/02\/10141906\/Danby75Ans_Blue.png","width":470,"height":110,"caption":"Danby Appliances"},"image":[],"sameAs":["https:\/\/www.facebook.com\/DanbyAppliances","https:\/\/x.com\/DanbyAppliance","https:\/\/instagram.com\/danbyappliances\/","https:\/\/www.linkedin.com\/company\/danbyappliances","https:\/\/www.pinterest.ca\/danbyappliances\/","https:\/\/www.youtube.com\/user\/DanbyProducts","https:\/\/en.wikipedia.org\/wiki\/Danby_(appliances)"]}]}},"post_mailing_queue_ids":[],"_links":{"self":[{"href":"https:\/\/www.danby.com\/fr\/wp-json\/wp\/v2\/product\/5463","targetHints":{"allow":["GET"]}}],"collection":[{"href":"https:\/\/www.danby.com\/fr\/wp-json\/wp\/v2\/product"}],"about":[{"href":"https:\/\/www.danby.com\/fr\/wp-json\/wp\/v2\/types\/product"}],"replies":[{"embeddable":true,"href":"https:\/\/www.danby.com\/fr\/wp-json\/wp\/v2\/comments?post=5463"}],"wp:featuredmedia":[{"embeddable":true,"href":"https:\/\/www.danby.com\/fr\/wp-json\/wp\/v2\/media\/30148"}],"wp:attachment":[{"href":"https:\/\/www.danby.com\/fr\/wp-json\/wp\/v2\/media?parent=5463"}],"wp:term":[{"taxonomy":"product_brand","embeddable":true,"href":"https:\/\/www.danby.com\/fr\/wp-json\/wp\/v2\/product_brand?post=5463"},{"taxonomy":"product_cat","embeddable":true,"href":"https:\/\/www.danby.com\/fr\/wp-json\/wp\/v2\/product_cat?post=5463"},{"taxonomy":"product_tag","embeddable":true,"href":"https:\/\/www.danby.com\/fr\/wp-json\/wp\/v2\/product_tag?post=5463"}],"curies":[{"name":"wp","href":"https:\/\/api.w.org\/{rel}","templated":true}]}}