{"id":5462,"date":"2022-02-08T15:36:53","date_gmt":"2022-02-08T15:36:53","guid":{"rendered":"https:\/\/www.danby.com\/fr\/products\/dff100c1bsldb\/"},"modified":"2026-04-21T10:11:36","modified_gmt":"2026-04-21T10:11:36","slug":"dff100c1bsldb","status":"publish","type":"product","link":"https:\/\/www.danby.com\/fr\/products\/refrigerateurs-pour-petites-surfaces\/dff100c1bsldb\/","title":{"rendered":"Danby R\u00e9frig\u00e9rateur d&#8217;appartement de 10,0 pi3 \u00e0 montage sup\u00e9rieur en acier inoxydable"},"content":{"rendered":"","protected":false},"excerpt":{"rendered":"<ul>\n<li>R\u00e9frig\u00e9rateur d&#8217;une capacit\u00e9 de 281 litres (10 pi3)<\/li>\n<li>R\u00e9frig\u00e9rant R600a respectueux de l&#8217;environnement<\/li>\n<li>Finition impeccable de la porte en acier &#8211; ressemble \u00e0 de l&#8217;acier inoxydable v\u00e9ritable, mais sans les taches.<\/li>\n<li>Le fonctionnement hors-gel permet un entretien sans souci et une meilleure conservation des aliments.<\/li>\n<li>2 \u00e9tag\u00e8res en verre r\u00e9glables sur toute la largeur pour une polyvalence de rangement maximale.<\/li>\n<li>1 tablette de cong\u00e9lation en fil m\u00e9tallique r\u00e9glable sur toute la largeur<\/li>\n<li>\u00c9tag\u00e8res de porte int\u00e9gr\u00e9es avec rangement pour les grandes bouteilles<\/li>\n<li>Bac \u00e0 l\u00e9gumes et couvercle<\/li>\n<li>Thermostat \u00e9lectronique<\/li>\n<li>Lumi\u00e8re int\u00e9rieure<\/li>\n<li>Poign\u00e9e de porte int\u00e9gr\u00e9e<\/li>\n<li>Charni\u00e8re de porte r\u00e9versible<\/li>\n<\/ul>\n","protected":false},"featured_media":26725,"comment_status":"closed","ping_status":"open","template":"","meta":{"_acf_changed":false},"product_brand":[],"product_cat":[20],"product_tag":[],"class_list":{"0":"post-5462","1":"product","2":"type-product","3":"status-publish","4":"has-post-thumbnail","6":"product_cat-refrigerateurs-pour-petites-surfaces","7":"pa_capacite-pi3-1068","8":"pa_couleur-stainless-steel","9":"pa_duree-de-la-garantie-en-mois-1173","11":"first","12":"outofstock","13":"taxable","14":"shipping-taxable","15":"product-type-simple"},"acf":[],"yoast_head":"<!-- This site is optimized with the Yoast SEO plugin v26.7 - https:\/\/yoast.com\/wordpress\/plugins\/seo\/ -->\n<title>Danby R\u00e9frig\u00e9rateur d&#039;appartement de 10,0 pi3 \u00e0 montage sup\u00e9rieur en acier inoxydable - DFF100C1BSLDB | Danby Canada<\/title>\n<meta name=\"description\" content=\"Ce r\u00e9frig\u00e9rateur d&#039;appartement de Danby n&#039;a pas son pareil en mati\u00e8re de performance et d&#039;esth\u00e9tique. Cet appareil offre un espace de r\u00e9frig\u00e9ration g\u00e9n\u00e9reux de 10 pieds cubes (281 litres) ainsi qu&#039;un design \u00e9l\u00e9gant qui peut s&#039;int\u00e9grer \u00e0 tout d\u00e9cor existant. Le DFF100C1BSLDB est dot\u00e9 d&#039;un syst\u00e8me pratique de fonctionnement sans givre. L&#039;appareil est \u00e9quip\u00e9 de trois tablettes en verre amovibles et r\u00e9glables ainsi que d&#039;une tablette m\u00e9tallique amovible et r\u00e9glable dans le compartiment cong\u00e9lateur. Il dispose \u00e9galement d&#039;un bac \u00e0 l\u00e9gumes de grande taille et d&#039;un couvercle en verre. L&#039;appareil peut \u00eatre facilement programm\u00e9 gr\u00e2ce \u00e0 ses commandes \u00e9lectroniques avec affichage des indications bleues et la charni\u00e8re de porte r\u00e9versible pratique permet une ouverture \u00e0 gauche ou \u00e0 droite. Si vous pr\u00e9f\u00e9rez que vos boissons soient glac\u00e9es, un bac \u00e0 gla\u00e7ons est inclus et l&#039;\u00e9clairage int\u00e9rieur LED blanc brillant permet de voir facilement l&#039;int\u00e9rieur du compartiment r\u00e9frig\u00e9rateur. Ce mod\u00e8le populaire offre \u00e9galement une garantie de 12 mois sur les pi\u00e8ces et la main-d&#039;\u0153uvre ainsi qu&#039;un service \u00e0 domicile.\" \/>\n<meta name=\"robots\" content=\"index, follow, max-snippet:-1, max-image-preview:large, max-video-preview:-1\" \/>\n<link rel=\"canonical\" href=\"https:\/\/www.danby.com\/fr\/products\/refrigerateurs-pour-petites-surfaces\/dff100c1bsldb\/\" \/>\n<meta property=\"og:locale\" content=\"fr_CA\" \/>\n<meta property=\"og:type\" content=\"article\" \/>\n<meta property=\"og:title\" content=\"Danby R\u00e9frig\u00e9rateur d&#039;appartement de 10,0 pi3 \u00e0 montage sup\u00e9rieur en acier inoxydable - DFF100C1BSLDB | Danby Canada\" \/>\n<meta property=\"og:description\" content=\"Ce r\u00e9frig\u00e9rateur d&#039;appartement de Danby n&#039;a pas son pareil en mati\u00e8re de performance et d&#039;esth\u00e9tique. Cet appareil offre un espace de r\u00e9frig\u00e9ration g\u00e9n\u00e9reux de 10 pieds cubes (281 litres) ainsi qu&#039;un design \u00e9l\u00e9gant qui peut s&#039;int\u00e9grer \u00e0 tout d\u00e9cor existant. Le DFF100C1BSLDB est dot\u00e9 d&#039;un syst\u00e8me pratique de fonctionnement sans givre. L&#039;appareil est \u00e9quip\u00e9 de trois tablettes en verre amovibles et r\u00e9glables ainsi que d&#039;une tablette m\u00e9tallique amovible et r\u00e9glable dans le compartiment cong\u00e9lateur. Il dispose \u00e9galement d&#039;un bac \u00e0 l\u00e9gumes de grande taille et d&#039;un couvercle en verre. L&#039;appareil peut \u00eatre facilement programm\u00e9 gr\u00e2ce \u00e0 ses commandes \u00e9lectroniques avec affichage des indications bleues et la charni\u00e8re de porte r\u00e9versible pratique permet une ouverture \u00e0 gauche ou \u00e0 droite. Si vous pr\u00e9f\u00e9rez que vos boissons soient glac\u00e9es, un bac \u00e0 gla\u00e7ons est inclus et l&#039;\u00e9clairage int\u00e9rieur LED blanc brillant permet de voir facilement l&#039;int\u00e9rieur du compartiment r\u00e9frig\u00e9rateur. Ce mod\u00e8le populaire offre \u00e9galement une garantie de 12 mois sur les pi\u00e8ces et la main-d&#039;\u0153uvre ainsi qu&#039;un service \u00e0 domicile.\" \/>\n<meta property=\"og:url\" content=\"https:\/\/www.danby.com\/fr\/products\/refrigerateurs-pour-petites-surfaces\/dff100c1bsldb\/\" \/>\n<meta property=\"og:site_name\" content=\"Danby - Canada - French\" \/>\n<meta property=\"article:publisher\" content=\"https:\/\/www.facebook.com\/DanbyAppliances\" \/>\n<meta property=\"article:modified_time\" content=\"2026-04-21T10:11:36+00:00\" \/>\n<meta property=\"og:image\" content=\"https:\/\/cdnweb.danby.com\/wp-content\/uploads\/sites\/2\/2024\/03\/04155656\/DFF100C1BSLDB_StraightClosed-scaled.jpg\" \/>\n\t<meta property=\"og:image:width\" content=\"1920\" \/>\n\t<meta property=\"og:image:height\" content=\"2560\" \/>\n\t<meta property=\"og:image:type\" content=\"image\/jpeg\" \/>\n<meta name=\"twitter:card\" content=\"summary_large_image\" \/>\n<meta name=\"twitter:site\" content=\"@DanbyAppliance\" \/>\n<script type=\"application\/ld+json\" class=\"yoast-schema-graph\">{\"@context\":\"https:\/\/schema.org\",\"@graph\":[{\"@type\":[\"WebPage\",\"ItemPage\"],\"url\":\"https:\/\/www.danby.com\/fr\/products\/refrigerateurs-pour-petites-surfaces\/dff100c1bsldb\/\",\"name\":\"Danby R\u00e9frig\u00e9rateur d'appartement de 10,0 pi3 \u00e0 montage sup\u00e9rieur en acier inoxydable - DFF100C1BSLDB | Danby Canada\",\"isPartOf\":[],\"primaryImageOfPage\":[],\"image\":[],\"thumbnailUrl\":\"https:\/\/cdnweb.danby.com\/wp-content\/uploads\/sites\/2\/2024\/03\/04155656\/DFF100C1BSLDB_StraightClosed-scaled.jpg\",\"datePublished\":\"2022-02-08T15:36:53+00:00\",\"dateModified\":\"2026-04-21T10:11:36+00:00\",\"description\":\"Ce r\u00e9frig\u00e9rateur d'appartement de Danby n'a pas son pareil en mati\u00e8re de performance et d'esth\u00e9tique. Cet appareil offre un espace de r\u00e9frig\u00e9ration g\u00e9n\u00e9reux de 10 pieds cubes (281 litres) ainsi qu'un design \u00e9l\u00e9gant qui peut s'int\u00e9grer \u00e0 tout d\u00e9cor existant. Le DFF100C1BSLDB est dot\u00e9 d'un syst\u00e8me pratique de fonctionnement sans givre. L'appareil est \u00e9quip\u00e9 de trois tablettes en verre amovibles et r\u00e9glables ainsi que d'une tablette m\u00e9tallique amovible et r\u00e9glable dans le compartiment cong\u00e9lateur. Il dispose \u00e9galement d'un bac \u00e0 l\u00e9gumes de grande taille et d'un couvercle en verre. L'appareil peut \u00eatre facilement programm\u00e9 gr\u00e2ce \u00e0 ses commandes \u00e9lectroniques avec affichage des indications bleues et la charni\u00e8re de porte r\u00e9versible pratique permet une ouverture \u00e0 gauche ou \u00e0 droite. Si vous pr\u00e9f\u00e9rez que vos boissons soient glac\u00e9es, un bac \u00e0 gla\u00e7ons est inclus et l'\u00e9clairage int\u00e9rieur LED blanc brillant permet de voir facilement l'int\u00e9rieur du compartiment r\u00e9frig\u00e9rateur. Ce mod\u00e8le populaire offre \u00e9galement une garantie de 12 mois sur les pi\u00e8ces et la main-d'\u0153uvre ainsi qu'un service \u00e0 domicile.\",\"breadcrumb\":[],\"inLanguage\":\"fr-CA\",\"potentialAction\":[{\"@type\":\"ReadAction\",\"target\":[\"https:\/\/www.danby.com\/fr\/products\/refrigerateurs-pour-petites-surfaces\/dff100c1bsldb\/\"]}]},{\"@type\":\"ImageObject\",\"inLanguage\":\"fr-CA\",\"url\":\"https:\/\/cdnweb.danby.com\/wp-content\/uploads\/sites\/2\/2024\/03\/04155656\/DFF100C1BSLDB_StraightClosed-scaled.jpg\",\"contentUrl\":\"https:\/\/cdnweb.danby.com\/wp-content\/uploads\/sites\/2\/2024\/03\/04155656\/DFF100C1BSLDB_StraightClosed-scaled.jpg\",\"width\":1920,\"height\":2560},{\"@type\":\"BreadcrumbList\",\"itemListElement\":[{\"@type\":\"ListItem\",\"position\":1,\"name\":\"Home\",\"item\":\"https:\/\/www.danby.com\/fr\/\"},{\"@type\":\"ListItem\",\"position\":2,\"name\":\"Boutique\",\"item\":\"https:\/\/www.danby.com\/fr\/boutique\/\"},{\"@type\":\"ListItem\",\"position\":3,\"name\":\"Danby R\u00e9frig\u00e9rateur d&#8217;appartement de 10,0 pi3 \u00e0 montage sup\u00e9rieur en acier inoxydable\"}]},{\"@type\":\"WebSite\",\"url\":\"https:\/\/www.danby.com\/fr\/\",\"name\":\"Danby - Canada - French\",\"description\":\"Leader dans le domaine de la r\u00e9frig\u00e9ration et des appareils sp\u00e9cialis\u00e9s\",\"publisher\":[],\"potentialAction\":[{\"@type\":\"SearchAction\",\"target\":{\"@type\":\"EntryPoint\",\"urlTemplate\":\"https:\/\/www.danby.com\/fr\/?s={search_term_string}\"},\"query-input\":{\"@type\":\"PropertyValueSpecification\",\"valueRequired\":true,\"valueName\":\"search_term_string\"}}],\"inLanguage\":\"fr-CA\"},{\"@type\":\"Organization\",\"name\":\"Danby Appliances\",\"url\":\"https:\/\/www.danby.com\/fr\/\",\"logo\":{\"@type\":\"ImageObject\",\"inLanguage\":\"fr-CA\",\"url\":\"https:\/\/cdnweb.danby.com\/wp-content\/uploads\/sites\/2\/2022\/02\/10141906\/Danby75Ans_Blue.png\",\"contentUrl\":\"https:\/\/cdnweb.danby.com\/wp-content\/uploads\/sites\/2\/2022\/02\/10141906\/Danby75Ans_Blue.png\",\"width\":470,\"height\":110,\"caption\":\"Danby Appliances\"},\"image\":[],\"sameAs\":[\"https:\/\/www.facebook.com\/DanbyAppliances\",\"https:\/\/x.com\/DanbyAppliance\",\"https:\/\/instagram.com\/danbyappliances\/\",\"https:\/\/www.linkedin.com\/company\/danbyappliances\",\"https:\/\/www.pinterest.ca\/danbyappliances\/\",\"https:\/\/www.youtube.com\/user\/DanbyProducts\",\"https:\/\/en.wikipedia.org\/wiki\/Danby_(appliances)\"]}]}<\/script>\n<!-- \/ Yoast SEO plugin. -->","yoast_head_json":{"title":"Danby R\u00e9frig\u00e9rateur d'appartement de 10,0 pi3 \u00e0 montage sup\u00e9rieur en acier inoxydable - DFF100C1BSLDB | Danby Canada","description":"Ce r\u00e9frig\u00e9rateur d'appartement de Danby n'a pas son pareil en mati\u00e8re de performance et d'esth\u00e9tique. Cet appareil offre un espace de r\u00e9frig\u00e9ration g\u00e9n\u00e9reux de 10 pieds cubes (281 litres) ainsi qu'un design \u00e9l\u00e9gant qui peut s'int\u00e9grer \u00e0 tout d\u00e9cor existant. Le DFF100C1BSLDB est dot\u00e9 d'un syst\u00e8me pratique de fonctionnement sans givre. L'appareil est \u00e9quip\u00e9 de trois tablettes en verre amovibles et r\u00e9glables ainsi que d'une tablette m\u00e9tallique amovible et r\u00e9glable dans le compartiment cong\u00e9lateur. Il dispose \u00e9galement d'un bac \u00e0 l\u00e9gumes de grande taille et d'un couvercle en verre. L'appareil peut \u00eatre facilement programm\u00e9 gr\u00e2ce \u00e0 ses commandes \u00e9lectroniques avec affichage des indications bleues et la charni\u00e8re de porte r\u00e9versible pratique permet une ouverture \u00e0 gauche ou \u00e0 droite. Si vous pr\u00e9f\u00e9rez que vos boissons soient glac\u00e9es, un bac \u00e0 gla\u00e7ons est inclus et l'\u00e9clairage int\u00e9rieur LED blanc brillant permet de voir facilement l'int\u00e9rieur du compartiment r\u00e9frig\u00e9rateur. Ce mod\u00e8le populaire offre \u00e9galement une garantie de 12 mois sur les pi\u00e8ces et la main-d'\u0153uvre ainsi qu'un service \u00e0 domicile.","robots":{"index":"index","follow":"follow","max-snippet":"max-snippet:-1","max-image-preview":"max-image-preview:large","max-video-preview":"max-video-preview:-1"},"canonical":"https:\/\/www.danby.com\/fr\/products\/refrigerateurs-pour-petites-surfaces\/dff100c1bsldb\/","og_locale":"fr_CA","og_type":"article","og_title":"Danby R\u00e9frig\u00e9rateur d'appartement de 10,0 pi3 \u00e0 montage sup\u00e9rieur en acier inoxydable - DFF100C1BSLDB | Danby Canada","og_description":"Ce r\u00e9frig\u00e9rateur d'appartement de Danby n'a pas son pareil en mati\u00e8re de performance et d'esth\u00e9tique. Cet appareil offre un espace de r\u00e9frig\u00e9ration g\u00e9n\u00e9reux de 10 pieds cubes (281 litres) ainsi qu'un design \u00e9l\u00e9gant qui peut s'int\u00e9grer \u00e0 tout d\u00e9cor existant. Le DFF100C1BSLDB est dot\u00e9 d'un syst\u00e8me pratique de fonctionnement sans givre. L'appareil est \u00e9quip\u00e9 de trois tablettes en verre amovibles et r\u00e9glables ainsi que d'une tablette m\u00e9tallique amovible et r\u00e9glable dans le compartiment cong\u00e9lateur. Il dispose \u00e9galement d'un bac \u00e0 l\u00e9gumes de grande taille et d'un couvercle en verre. L'appareil peut \u00eatre facilement programm\u00e9 gr\u00e2ce \u00e0 ses commandes \u00e9lectroniques avec affichage des indications bleues et la charni\u00e8re de porte r\u00e9versible pratique permet une ouverture \u00e0 gauche ou \u00e0 droite. Si vous pr\u00e9f\u00e9rez que vos boissons soient glac\u00e9es, un bac \u00e0 gla\u00e7ons est inclus et l'\u00e9clairage int\u00e9rieur LED blanc brillant permet de voir facilement l'int\u00e9rieur du compartiment r\u00e9frig\u00e9rateur. Ce mod\u00e8le populaire offre \u00e9galement une garantie de 12 mois sur les pi\u00e8ces et la main-d'\u0153uvre ainsi qu'un service \u00e0 domicile.","og_url":"https:\/\/www.danby.com\/fr\/products\/refrigerateurs-pour-petites-surfaces\/dff100c1bsldb\/","og_site_name":"Danby - Canada - French","article_publisher":"https:\/\/www.facebook.com\/DanbyAppliances","article_modified_time":"2026-04-21T10:11:36+00:00","og_image":[{"width":1920,"height":2560,"url":"https:\/\/cdnweb.danby.com\/wp-content\/uploads\/sites\/2\/2024\/03\/04155656\/DFF100C1BSLDB_StraightClosed-scaled.jpg","type":"image\/jpeg"}],"twitter_card":"summary_large_image","twitter_site":"@DanbyAppliance","schema":{"@context":"https:\/\/schema.org","@graph":[{"@type":["WebPage","ItemPage"],"url":"https:\/\/www.danby.com\/fr\/products\/refrigerateurs-pour-petites-surfaces\/dff100c1bsldb\/","name":"Danby R\u00e9frig\u00e9rateur d'appartement de 10,0 pi3 \u00e0 montage sup\u00e9rieur en acier inoxydable - DFF100C1BSLDB | Danby Canada","isPartOf":[],"primaryImageOfPage":[],"image":[],"thumbnailUrl":"https:\/\/cdnweb.danby.com\/wp-content\/uploads\/sites\/2\/2024\/03\/04155656\/DFF100C1BSLDB_StraightClosed-scaled.jpg","datePublished":"2022-02-08T15:36:53+00:00","dateModified":"2026-04-21T10:11:36+00:00","description":"Ce r\u00e9frig\u00e9rateur d'appartement de Danby n'a pas son pareil en mati\u00e8re de performance et d'esth\u00e9tique. Cet appareil offre un espace de r\u00e9frig\u00e9ration g\u00e9n\u00e9reux de 10 pieds cubes (281 litres) ainsi qu'un design \u00e9l\u00e9gant qui peut s'int\u00e9grer \u00e0 tout d\u00e9cor existant. Le DFF100C1BSLDB est dot\u00e9 d'un syst\u00e8me pratique de fonctionnement sans givre. L'appareil est \u00e9quip\u00e9 de trois tablettes en verre amovibles et r\u00e9glables ainsi que d'une tablette m\u00e9tallique amovible et r\u00e9glable dans le compartiment cong\u00e9lateur. Il dispose \u00e9galement d'un bac \u00e0 l\u00e9gumes de grande taille et d'un couvercle en verre. L'appareil peut \u00eatre facilement programm\u00e9 gr\u00e2ce \u00e0 ses commandes \u00e9lectroniques avec affichage des indications bleues et la charni\u00e8re de porte r\u00e9versible pratique permet une ouverture \u00e0 gauche ou \u00e0 droite. Si vous pr\u00e9f\u00e9rez que vos boissons soient glac\u00e9es, un bac \u00e0 gla\u00e7ons est inclus et l'\u00e9clairage int\u00e9rieur LED blanc brillant permet de voir facilement l'int\u00e9rieur du compartiment r\u00e9frig\u00e9rateur. Ce mod\u00e8le populaire offre \u00e9galement une garantie de 12 mois sur les pi\u00e8ces et la main-d'\u0153uvre ainsi qu'un service \u00e0 domicile.","breadcrumb":[],"inLanguage":"fr-CA","potentialAction":[{"@type":"ReadAction","target":["https:\/\/www.danby.com\/fr\/products\/refrigerateurs-pour-petites-surfaces\/dff100c1bsldb\/"]}]},{"@type":"ImageObject","inLanguage":"fr-CA","url":"https:\/\/cdnweb.danby.com\/wp-content\/uploads\/sites\/2\/2024\/03\/04155656\/DFF100C1BSLDB_StraightClosed-scaled.jpg","contentUrl":"https:\/\/cdnweb.danby.com\/wp-content\/uploads\/sites\/2\/2024\/03\/04155656\/DFF100C1BSLDB_StraightClosed-scaled.jpg","width":1920,"height":2560},{"@type":"BreadcrumbList","itemListElement":[{"@type":"ListItem","position":1,"name":"Home","item":"https:\/\/www.danby.com\/fr\/"},{"@type":"ListItem","position":2,"name":"Boutique","item":"https:\/\/www.danby.com\/fr\/boutique\/"},{"@type":"ListItem","position":3,"name":"Danby R\u00e9frig\u00e9rateur d&#8217;appartement de 10,0 pi3 \u00e0 montage sup\u00e9rieur en acier inoxydable"}]},{"@type":"WebSite","url":"https:\/\/www.danby.com\/fr\/","name":"Danby - Canada - French","description":"Leader dans le domaine de la r\u00e9frig\u00e9ration et des appareils sp\u00e9cialis\u00e9s","publisher":[],"potentialAction":[{"@type":"SearchAction","target":{"@type":"EntryPoint","urlTemplate":"https:\/\/www.danby.com\/fr\/?s={search_term_string}"},"query-input":{"@type":"PropertyValueSpecification","valueRequired":true,"valueName":"search_term_string"}}],"inLanguage":"fr-CA"},{"@type":"Organization","name":"Danby Appliances","url":"https:\/\/www.danby.com\/fr\/","logo":{"@type":"ImageObject","inLanguage":"fr-CA","url":"https:\/\/cdnweb.danby.com\/wp-content\/uploads\/sites\/2\/2022\/02\/10141906\/Danby75Ans_Blue.png","contentUrl":"https:\/\/cdnweb.danby.com\/wp-content\/uploads\/sites\/2\/2022\/02\/10141906\/Danby75Ans_Blue.png","width":470,"height":110,"caption":"Danby Appliances"},"image":[],"sameAs":["https:\/\/www.facebook.com\/DanbyAppliances","https:\/\/x.com\/DanbyAppliance","https:\/\/instagram.com\/danbyappliances\/","https:\/\/www.linkedin.com\/company\/danbyappliances","https:\/\/www.pinterest.ca\/danbyappliances\/","https:\/\/www.youtube.com\/user\/DanbyProducts","https:\/\/en.wikipedia.org\/wiki\/Danby_(appliances)"]}]}},"post_mailing_queue_ids":[],"_links":{"self":[{"href":"https:\/\/www.danby.com\/fr\/wp-json\/wp\/v2\/product\/5462","targetHints":{"allow":["GET"]}}],"collection":[{"href":"https:\/\/www.danby.com\/fr\/wp-json\/wp\/v2\/product"}],"about":[{"href":"https:\/\/www.danby.com\/fr\/wp-json\/wp\/v2\/types\/product"}],"replies":[{"embeddable":true,"href":"https:\/\/www.danby.com\/fr\/wp-json\/wp\/v2\/comments?post=5462"}],"wp:featuredmedia":[{"embeddable":true,"href":"https:\/\/www.danby.com\/fr\/wp-json\/wp\/v2\/media\/26725"}],"wp:attachment":[{"href":"https:\/\/www.danby.com\/fr\/wp-json\/wp\/v2\/media?parent=5462"}],"wp:term":[{"taxonomy":"product_brand","embeddable":true,"href":"https:\/\/www.danby.com\/fr\/wp-json\/wp\/v2\/product_brand?post=5462"},{"taxonomy":"product_cat","embeddable":true,"href":"https:\/\/www.danby.com\/fr\/wp-json\/wp\/v2\/product_cat?post=5462"},{"taxonomy":"product_tag","embeddable":true,"href":"https:\/\/www.danby.com\/fr\/wp-json\/wp\/v2\/product_tag?post=5462"}],"curies":[{"name":"wp","href":"https:\/\/api.w.org\/{rel}","templated":true}]}}