{"id":5371,"date":"2022-02-03T19:23:01","date_gmt":"2022-02-03T19:23:01","guid":{"rendered":"https:\/\/www.danby.com\/fr\/product\/syff123c1w\/"},"modified":"2026-05-02T10:10:31","modified_gmt":"2026-05-02T10:10:31","slug":"syff123c1w","status":"publish","type":"product","link":"https:\/\/www.danby.com\/fr\/products\/refrigerateurs-pour-petites-surfaces\/syff123c1w\/","title":{"rendered":"Simplicity 12.3 pi3 R\u00e9frig\u00e9rateurs pour petites surface"},"content":{"rendered":"","protected":false},"excerpt":{"rendered":"<ul>\n<li>12,3 pieds cubes (347 L) capacit\u00e9 du r\u00e9frig\u00e9rateur<\/li>\n<li>Le r\u00e9frig\u00e9rant R600a, respectueux de l&#8217;environnement<\/li>\n<li>Op\u00e9ration hors gel<\/li>\n<li>2 \u00e9tag\u00e8res grillag\u00e9es amovibles de pleine largeur et 1 &#8211; 1\/2 largeur pour une polyvalence de stockage maximale<\/li>\n<li>1 \u00e9tag\u00e8re de cong\u00e9lation en fil m\u00e9tallique r\u00e9glable sur toute la largeur<\/li>\n<li>\u00c9tag\u00e8res de porte int\u00e9gr\u00e9es avec stockage de grandes bouteilles<\/li>\n<li>Bac \u00e0 l\u00e9gumes avec couvercle en verre<\/li>\n<li>Thermostat \u00e9lectronique<\/li>\n<li>Lumi\u00e8re int\u00e9rieure<\/li>\n<li>Poign\u00e9e de porte int\u00e9gr\u00e9e<\/li>\n<li>Charni\u00e8re de porte r\u00e9versible<\/li>\n<li>Design du dos lisse<\/li>\n<li>Charni\u00e8re droite r\u00e9gl\u00e9e en usine<\/li>\n<\/ul>\n","protected":false},"featured_media":8265,"comment_status":"closed","ping_status":"open","template":"","meta":{"_acf_changed":false},"product_brand":[],"product_cat":[20],"product_tag":[],"class_list":{"0":"post-5371","1":"product","2":"type-product","3":"status-publish","4":"has-post-thumbnail","6":"product_cat-refrigerateurs-pour-petites-surfaces","8":"first","9":"outofstock","10":"taxable","11":"shipping-taxable","12":"product-type-simple"},"acf":[],"yoast_head":"<!-- This site is optimized with the Yoast SEO plugin v27.5 - https:\/\/yoast.com\/product\/yoast-seo-wordpress\/ -->\n<title>Simplicity 12.3 pi3 R\u00e9frig\u00e9rateurs pour petites surface - SYFF123C1W | Danby Canada<\/title>\n<meta name=\"description\" content=\"Ce r\u00e9frig\u00e9rateur Simplicity, d&#039;une capacit\u00e9 de 12,3 pieds cubes, vous permet de conserver la fra\u00eecheur de vos aliments. Cet \u00e9l\u00e9gant appareil se caract\u00e9rise par un cong\u00e9lateur ind\u00e9pendant et par un \u00e9clairage int\u00e9rieur \u00e0 DEL blanc qui \u00e9clairera vos aliments entrepos\u00e9s, sans y ajouter aucune chaleur. Il est aussi \u00e9quip\u00e9 de 2 clayettes et d&#039;un bac \u00e0 l\u00e9gumes, de 3 balconnets int\u00e9gr\u00e9s de\u00a0 m\u00eame que de charni\u00e8res r\u00e9versibles pour votre confort. Accompagn\u00e9 d&#039;une garantie de 24 mois, ce r\u00e9frig\u00e9rateur ne peut qu&#039;\u00eatre un ajout appr\u00e9ciable pour toute r\u00e9sidence.\u00a0\u00a0\" \/>\n<meta name=\"robots\" content=\"index, follow, max-snippet:-1, max-image-preview:large, max-video-preview:-1\" \/>\n<link rel=\"canonical\" href=\"https:\/\/www.danby.com\/fr\/products\/refrigerateurs-pour-petites-surfaces\/syff123c1w\/\" \/>\n<meta property=\"og:locale\" content=\"fr_CA\" \/>\n<meta property=\"og:type\" content=\"article\" \/>\n<meta property=\"og:title\" content=\"Simplicity 12.3 pi3 R\u00e9frig\u00e9rateurs pour petites surface - SYFF123C1W | Danby Canada\" \/>\n<meta property=\"og:description\" content=\"Ce r\u00e9frig\u00e9rateur Simplicity, d&#039;une capacit\u00e9 de 12,3 pieds cubes, vous permet de conserver la fra\u00eecheur de vos aliments. Cet \u00e9l\u00e9gant appareil se caract\u00e9rise par un cong\u00e9lateur ind\u00e9pendant et par un \u00e9clairage int\u00e9rieur \u00e0 DEL blanc qui \u00e9clairera vos aliments entrepos\u00e9s, sans y ajouter aucune chaleur. Il est aussi \u00e9quip\u00e9 de 2 clayettes et d&#039;un bac \u00e0 l\u00e9gumes, de 3 balconnets int\u00e9gr\u00e9s de\u00a0 m\u00eame que de charni\u00e8res r\u00e9versibles pour votre confort. Accompagn\u00e9 d&#039;une garantie de 24 mois, ce r\u00e9frig\u00e9rateur ne peut qu&#039;\u00eatre un ajout appr\u00e9ciable pour toute r\u00e9sidence.\u00a0\u00a0\" \/>\n<meta property=\"og:url\" content=\"https:\/\/www.danby.com\/fr\/products\/refrigerateurs-pour-petites-surfaces\/syff123c1w\/\" \/>\n<meta property=\"og:site_name\" content=\"Danby - Canada - French\" \/>\n<meta property=\"article:publisher\" content=\"https:\/\/www.facebook.com\/DanbyAppliances\" \/>\n<meta property=\"article:modified_time\" content=\"2026-05-02T10:10:31+00:00\" \/>\n<meta property=\"og:image\" content=\"https:\/\/cdnweb.danby.com\/wp-content\/uploads\/sites\/2\/2022\/02\/08203232\/Medium-syff_int_ext.jpg\" \/>\n\t<meta property=\"og:image:width\" content=\"300\" \/>\n\t<meta property=\"og:image:height\" content=\"272\" \/>\n\t<meta property=\"og:image:type\" content=\"image\/jpeg\" \/>\n<meta name=\"twitter:card\" content=\"summary_large_image\" \/>\n<meta name=\"twitter:site\" content=\"@DanbyAppliance\" \/>\n<script type=\"application\/ld+json\" class=\"yoast-schema-graph\">{\"@context\":\"https:\\\/\\\/schema.org\",\"@graph\":[{\"@type\":[\"WebPage\",\"ItemPage\"],\"url\":\"https:\\\/\\\/www.danby.com\\\/fr\\\/products\\\/refrigerateurs-pour-petites-surfaces\\\/syff123c1w\\\/\",\"name\":\"Simplicity 12.3 pi3 R\u00e9frig\u00e9rateurs pour petites surface - SYFF123C1W | Danby Canada\",\"isPartOf\":[],\"primaryImageOfPage\":[],\"image\":[],\"thumbnailUrl\":\"https:\\\/\\\/cdnweb.danby.com\\\/wp-content\\\/uploads\\\/sites\\\/2\\\/2022\\\/02\\\/08203232\\\/Medium-syff_int_ext.jpg\",\"datePublished\":\"2022-02-03T19:23:01+00:00\",\"dateModified\":\"2026-05-02T10:10:31+00:00\",\"description\":\"Ce r\u00e9frig\u00e9rateur Simplicity, d'une capacit\u00e9 de 12,3 pieds cubes, vous permet de conserver la fra\u00eecheur de vos aliments. Cet \u00e9l\u00e9gant appareil se caract\u00e9rise par un cong\u00e9lateur ind\u00e9pendant et par un \u00e9clairage int\u00e9rieur \u00e0 DEL blanc qui \u00e9clairera vos aliments entrepos\u00e9s, sans y ajouter aucune chaleur. Il est aussi \u00e9quip\u00e9 de 2 clayettes et d'un bac \u00e0 l\u00e9gumes, de 3 balconnets int\u00e9gr\u00e9s de\u00a0 m\u00eame que de charni\u00e8res r\u00e9versibles pour votre confort. Accompagn\u00e9 d'une garantie de 24 mois, ce r\u00e9frig\u00e9rateur ne peut qu'\u00eatre un ajout appr\u00e9ciable pour toute r\u00e9sidence.\u00a0\u00a0\",\"breadcrumb\":[],\"inLanguage\":\"fr-CA\",\"potentialAction\":[{\"@type\":\"ReadAction\",\"target\":[\"https:\\\/\\\/www.danby.com\\\/fr\\\/products\\\/refrigerateurs-pour-petites-surfaces\\\/syff123c1w\\\/\"]}]},{\"@type\":\"ImageObject\",\"inLanguage\":\"fr-CA\",\"url\":\"https:\\\/\\\/cdnweb.danby.com\\\/wp-content\\\/uploads\\\/sites\\\/2\\\/2022\\\/02\\\/08203232\\\/Medium-syff_int_ext.jpg\",\"contentUrl\":\"https:\\\/\\\/cdnweb.danby.com\\\/wp-content\\\/uploads\\\/sites\\\/2\\\/2022\\\/02\\\/08203232\\\/Medium-syff_int_ext.jpg\",\"width\":300,\"height\":272},{\"@type\":\"BreadcrumbList\",\"itemListElement\":[{\"@type\":\"ListItem\",\"position\":1,\"name\":\"Home\",\"item\":\"https:\\\/\\\/www.danby.com\\\/fr\\\/\"},{\"@type\":\"ListItem\",\"position\":2,\"name\":\"Boutique\",\"item\":\"https:\\\/\\\/www.danby.com\\\/fr\\\/boutique\\\/\"},{\"@type\":\"ListItem\",\"position\":3,\"name\":\"Simplicity 12.3 pi3 R\u00e9frig\u00e9rateurs pour petites surface\"}]},{\"@type\":\"WebSite\",\"url\":\"https:\\\/\\\/www.danby.com\\\/fr\\\/\",\"name\":\"Danby - Canada - French\",\"description\":\"Leader dans le domaine de la r\u00e9frig\u00e9ration et des appareils sp\u00e9cialis\u00e9s\",\"publisher\":[],\"potentialAction\":[{\"@type\":\"SearchAction\",\"target\":{\"@type\":\"EntryPoint\",\"urlTemplate\":\"https:\\\/\\\/www.danby.com\\\/fr\\\/?s={search_term_string}\"},\"query-input\":{\"@type\":\"PropertyValueSpecification\",\"valueRequired\":true,\"valueName\":\"search_term_string\"}}],\"inLanguage\":\"fr-CA\"},{\"@type\":\"Organization\",\"name\":\"Danby Appliances\",\"url\":\"https:\\\/\\\/www.danby.com\\\/fr\\\/\",\"logo\":{\"@type\":\"ImageObject\",\"inLanguage\":\"fr-CA\",\"url\":\"https:\\\/\\\/cdnweb.danby.com\\\/wp-content\\\/uploads\\\/sites\\\/2\\\/2022\\\/02\\\/10141906\\\/Danby75Ans_Blue.png\",\"contentUrl\":\"https:\\\/\\\/cdnweb.danby.com\\\/wp-content\\\/uploads\\\/sites\\\/2\\\/2022\\\/02\\\/10141906\\\/Danby75Ans_Blue.png\",\"width\":470,\"height\":110,\"caption\":\"Danby Appliances\"},\"image\":[],\"sameAs\":[\"https:\\\/\\\/www.facebook.com\\\/DanbyAppliances\",\"https:\\\/\\\/x.com\\\/DanbyAppliance\",\"https:\\\/\\\/instagram.com\\\/danbyappliances\\\/\",\"https:\\\/\\\/www.linkedin.com\\\/company\\\/danbyappliances\",\"https:\\\/\\\/www.pinterest.ca\\\/danbyappliances\\\/\",\"https:\\\/\\\/www.youtube.com\\\/user\\\/DanbyProducts\",\"https:\\\/\\\/en.wikipedia.org\\\/wiki\\\/Danby_(appliances)\"]}]}<\/script>\n<!-- \/ Yoast SEO plugin. -->","yoast_head_json":{"title":"Simplicity 12.3 pi3 R\u00e9frig\u00e9rateurs pour petites surface - SYFF123C1W | Danby Canada","description":"Ce r\u00e9frig\u00e9rateur Simplicity, d'une capacit\u00e9 de 12,3 pieds cubes, vous permet de conserver la fra\u00eecheur de vos aliments. Cet \u00e9l\u00e9gant appareil se caract\u00e9rise par un cong\u00e9lateur ind\u00e9pendant et par un \u00e9clairage int\u00e9rieur \u00e0 DEL blanc qui \u00e9clairera vos aliments entrepos\u00e9s, sans y ajouter aucune chaleur. Il est aussi \u00e9quip\u00e9 de 2 clayettes et d'un bac \u00e0 l\u00e9gumes, de 3 balconnets int\u00e9gr\u00e9s de\u00a0 m\u00eame que de charni\u00e8res r\u00e9versibles pour votre confort. Accompagn\u00e9 d'une garantie de 24 mois, ce r\u00e9frig\u00e9rateur ne peut qu'\u00eatre un ajout appr\u00e9ciable pour toute r\u00e9sidence.\u00a0\u00a0","robots":{"index":"index","follow":"follow","max-snippet":"max-snippet:-1","max-image-preview":"max-image-preview:large","max-video-preview":"max-video-preview:-1"},"canonical":"https:\/\/www.danby.com\/fr\/products\/refrigerateurs-pour-petites-surfaces\/syff123c1w\/","og_locale":"fr_CA","og_type":"article","og_title":"Simplicity 12.3 pi3 R\u00e9frig\u00e9rateurs pour petites surface - SYFF123C1W | Danby Canada","og_description":"Ce r\u00e9frig\u00e9rateur Simplicity, d'une capacit\u00e9 de 12,3 pieds cubes, vous permet de conserver la fra\u00eecheur de vos aliments. Cet \u00e9l\u00e9gant appareil se caract\u00e9rise par un cong\u00e9lateur ind\u00e9pendant et par un \u00e9clairage int\u00e9rieur \u00e0 DEL blanc qui \u00e9clairera vos aliments entrepos\u00e9s, sans y ajouter aucune chaleur. Il est aussi \u00e9quip\u00e9 de 2 clayettes et d'un bac \u00e0 l\u00e9gumes, de 3 balconnets int\u00e9gr\u00e9s de\u00a0 m\u00eame que de charni\u00e8res r\u00e9versibles pour votre confort. Accompagn\u00e9 d'une garantie de 24 mois, ce r\u00e9frig\u00e9rateur ne peut qu'\u00eatre un ajout appr\u00e9ciable pour toute r\u00e9sidence.\u00a0\u00a0","og_url":"https:\/\/www.danby.com\/fr\/products\/refrigerateurs-pour-petites-surfaces\/syff123c1w\/","og_site_name":"Danby - Canada - French","article_publisher":"https:\/\/www.facebook.com\/DanbyAppliances","article_modified_time":"2026-05-02T10:10:31+00:00","og_image":[{"width":300,"height":272,"url":"https:\/\/cdnweb.danby.com\/wp-content\/uploads\/sites\/2\/2022\/02\/08203232\/Medium-syff_int_ext.jpg","type":"image\/jpeg"}],"twitter_card":"summary_large_image","twitter_site":"@DanbyAppliance","schema":{"@context":"https:\/\/schema.org","@graph":[{"@type":["WebPage","ItemPage"],"url":"https:\/\/www.danby.com\/fr\/products\/refrigerateurs-pour-petites-surfaces\/syff123c1w\/","name":"Simplicity 12.3 pi3 R\u00e9frig\u00e9rateurs pour petites surface - SYFF123C1W | Danby Canada","isPartOf":[],"primaryImageOfPage":[],"image":[],"thumbnailUrl":"https:\/\/cdnweb.danby.com\/wp-content\/uploads\/sites\/2\/2022\/02\/08203232\/Medium-syff_int_ext.jpg","datePublished":"2022-02-03T19:23:01+00:00","dateModified":"2026-05-02T10:10:31+00:00","description":"Ce r\u00e9frig\u00e9rateur Simplicity, d'une capacit\u00e9 de 12,3 pieds cubes, vous permet de conserver la fra\u00eecheur de vos aliments. Cet \u00e9l\u00e9gant appareil se caract\u00e9rise par un cong\u00e9lateur ind\u00e9pendant et par un \u00e9clairage int\u00e9rieur \u00e0 DEL blanc qui \u00e9clairera vos aliments entrepos\u00e9s, sans y ajouter aucune chaleur. Il est aussi \u00e9quip\u00e9 de 2 clayettes et d'un bac \u00e0 l\u00e9gumes, de 3 balconnets int\u00e9gr\u00e9s de\u00a0 m\u00eame que de charni\u00e8res r\u00e9versibles pour votre confort. Accompagn\u00e9 d'une garantie de 24 mois, ce r\u00e9frig\u00e9rateur ne peut qu'\u00eatre un ajout appr\u00e9ciable pour toute r\u00e9sidence.\u00a0\u00a0","breadcrumb":[],"inLanguage":"fr-CA","potentialAction":[{"@type":"ReadAction","target":["https:\/\/www.danby.com\/fr\/products\/refrigerateurs-pour-petites-surfaces\/syff123c1w\/"]}]},{"@type":"ImageObject","inLanguage":"fr-CA","url":"https:\/\/cdnweb.danby.com\/wp-content\/uploads\/sites\/2\/2022\/02\/08203232\/Medium-syff_int_ext.jpg","contentUrl":"https:\/\/cdnweb.danby.com\/wp-content\/uploads\/sites\/2\/2022\/02\/08203232\/Medium-syff_int_ext.jpg","width":300,"height":272},{"@type":"BreadcrumbList","itemListElement":[{"@type":"ListItem","position":1,"name":"Home","item":"https:\/\/www.danby.com\/fr\/"},{"@type":"ListItem","position":2,"name":"Boutique","item":"https:\/\/www.danby.com\/fr\/boutique\/"},{"@type":"ListItem","position":3,"name":"Simplicity 12.3 pi3 R\u00e9frig\u00e9rateurs pour petites surface"}]},{"@type":"WebSite","url":"https:\/\/www.danby.com\/fr\/","name":"Danby - Canada - French","description":"Leader dans le domaine de la r\u00e9frig\u00e9ration et des appareils sp\u00e9cialis\u00e9s","publisher":[],"potentialAction":[{"@type":"SearchAction","target":{"@type":"EntryPoint","urlTemplate":"https:\/\/www.danby.com\/fr\/?s={search_term_string}"},"query-input":{"@type":"PropertyValueSpecification","valueRequired":true,"valueName":"search_term_string"}}],"inLanguage":"fr-CA"},{"@type":"Organization","name":"Danby Appliances","url":"https:\/\/www.danby.com\/fr\/","logo":{"@type":"ImageObject","inLanguage":"fr-CA","url":"https:\/\/cdnweb.danby.com\/wp-content\/uploads\/sites\/2\/2022\/02\/10141906\/Danby75Ans_Blue.png","contentUrl":"https:\/\/cdnweb.danby.com\/wp-content\/uploads\/sites\/2\/2022\/02\/10141906\/Danby75Ans_Blue.png","width":470,"height":110,"caption":"Danby Appliances"},"image":[],"sameAs":["https:\/\/www.facebook.com\/DanbyAppliances","https:\/\/x.com\/DanbyAppliance","https:\/\/instagram.com\/danbyappliances\/","https:\/\/www.linkedin.com\/company\/danbyappliances","https:\/\/www.pinterest.ca\/danbyappliances\/","https:\/\/www.youtube.com\/user\/DanbyProducts","https:\/\/en.wikipedia.org\/wiki\/Danby_(appliances)"]}]}},"post_mailing_queue_ids":[],"_links":{"self":[{"href":"https:\/\/www.danby.com\/fr\/wp-json\/wp\/v2\/product\/5371","targetHints":{"allow":["GET"]}}],"collection":[{"href":"https:\/\/www.danby.com\/fr\/wp-json\/wp\/v2\/product"}],"about":[{"href":"https:\/\/www.danby.com\/fr\/wp-json\/wp\/v2\/types\/product"}],"replies":[{"embeddable":true,"href":"https:\/\/www.danby.com\/fr\/wp-json\/wp\/v2\/comments?post=5371"}],"wp:featuredmedia":[{"embeddable":true,"href":"https:\/\/www.danby.com\/fr\/wp-json\/wp\/v2\/media\/8265"}],"wp:attachment":[{"href":"https:\/\/www.danby.com\/fr\/wp-json\/wp\/v2\/media?parent=5371"}],"wp:term":[{"taxonomy":"product_brand","embeddable":true,"href":"https:\/\/www.danby.com\/fr\/wp-json\/wp\/v2\/product_brand?post=5371"},{"taxonomy":"product_cat","embeddable":true,"href":"https:\/\/www.danby.com\/fr\/wp-json\/wp\/v2\/product_cat?post=5371"},{"taxonomy":"product_tag","embeddable":true,"href":"https:\/\/www.danby.com\/fr\/wp-json\/wp\/v2\/product_tag?post=5371"}],"curies":[{"name":"wp","href":"https:\/\/api.w.org\/{rel}","templated":true}]}}