{"id":5370,"date":"2022-02-03T19:23:01","date_gmt":"2022-02-03T19:23:01","guid":{"rendered":"https:\/\/www.danby.com\/fr\/product\/syff121c1wr\/"},"modified":"2026-04-18T10:09:52","modified_gmt":"2026-04-18T10:09:52","slug":"syff121c1wr","status":"publish","type":"product","link":"https:\/\/www.danby.com\/fr\/products\/refrigerateurs-pour-petites-surfaces\/syff121c1wr\/","title":{"rendered":"R\u00e9frig\u00e9rateur d&#8217;appartement de 12,1 pi3 de Danby"},"content":{"rendered":"","protected":false},"excerpt":{"rendered":"<ul>\n<li>Taille des compartiments 12,1 pi3. (343 L) de capacit\u00e9 <\/li>\n<li>Fonctionnement sans givre <\/li>\n<li>2 tablettes en fil m\u00e9tallique amovibles pleine largeur et 1 &#8211; 1\/2 largeur pour une polyvalence de stockage maximale <\/li>\n<li>1 tablette de cong\u00e9lation en fil m\u00e9tallique pleine largeurlargeur et r\u00e9glable <\/li>\n<li>Tablette de cong\u00e9lation en fil m\u00e9tallique <\/li>\n<li>Tablettes de porte int\u00e9gr\u00e9es avec rangement pour grandes bouteilles <\/li>\n<li>Cassette \u00e0 l\u00e9gumes avec couvercle en verre<\/li>\n<li>Thermostat \u00e9lectronique<\/li>\n<li>Lumi\u00e8re LED int\u00e9rieure<\/li>\n<li>Poign\u00e9e de porte int\u00e9gr\u00e9e<\/li>\n<li>La porte r\u00e9versible peut \u00eatre modifi\u00e9e pour une ouverture \u00e0 gauche ou \u00e0 droite<\/li>\n<li>Garantie de 24 mois sur les pi\u00e8ces et la main-d&#8217;\u0153uvre avec service \u00e0 domicile<\/li>\n<\/ul>\n","protected":false},"featured_media":13307,"comment_status":"closed","ping_status":"open","template":"","meta":{"_acf_changed":false},"product_brand":[],"product_cat":[20],"product_tag":[],"class_list":{"0":"post-5370","1":"product","2":"type-product","3":"status-publish","4":"has-post-thumbnail","6":"product_cat-refrigerateurs-pour-petites-surfaces","7":"pa_capacite-pi3-12-12-9","8":"pa_couleur-blanc","9":"pa_duree-de-la-garantie-en-mois-24-months","11":"first","12":"outofstock","13":"taxable","14":"shipping-taxable","15":"product-type-simple"},"acf":[],"yoast_head":"<!-- This site is optimized with the Yoast SEO plugin v26.7 - https:\/\/yoast.com\/wordpress\/plugins\/seo\/ -->\n<title>R\u00e9frig\u00e9rateur d&#039;appartement de 12,1 pi3 de Danby - SYFF121C1WR | Danby Canada<\/title>\n<meta name=\"description\" content=\"D\u00e9couvrez le style et la simplicit\u00e9 du r\u00e9frig\u00e9rateur blanc \u00e0 montage par le haut de 12,1 pieds cubes (343 L) de Danby, parfait pour les petits espaces de vie dans un condo, un appartement ou une maison en rang\u00e9e ! Cet appareil chic est dot\u00e9 d&#039;un cong\u00e9lateur ind\u00e9pendant et d&#039;une lumi\u00e8re int\u00e9rieure \u00e0 DEL blanche pour \u00e9clairer vos marchandises entrepos\u00e9es sans chaleur. Compl\u00e9t\u00e9 par deux \u00e9tag\u00e8res grillag\u00e9es et un bac \u00e0 l\u00e9gumes, cet appareil dispose \u00e9galement de trois \u00e9tag\u00e8res de porte int\u00e9gr\u00e9es. Enfin, les charni\u00e8res de ce meuble sont r\u00e9versibles pour votre confort.\" \/>\n<meta name=\"robots\" content=\"index, follow, max-snippet:-1, max-image-preview:large, max-video-preview:-1\" \/>\n<link rel=\"canonical\" href=\"https:\/\/www.danby.com\/fr\/products\/refrigerateurs-pour-petites-surfaces\/syff121c1wr\/\" \/>\n<meta property=\"og:locale\" content=\"fr_CA\" \/>\n<meta property=\"og:type\" content=\"article\" \/>\n<meta property=\"og:title\" content=\"R\u00e9frig\u00e9rateur d&#039;appartement de 12,1 pi3 de Danby - SYFF121C1WR | Danby Canada\" \/>\n<meta property=\"og:description\" content=\"D\u00e9couvrez le style et la simplicit\u00e9 du r\u00e9frig\u00e9rateur blanc \u00e0 montage par le haut de 12,1 pieds cubes (343 L) de Danby, parfait pour les petits espaces de vie dans un condo, un appartement ou une maison en rang\u00e9e ! Cet appareil chic est dot\u00e9 d&#039;un cong\u00e9lateur ind\u00e9pendant et d&#039;une lumi\u00e8re int\u00e9rieure \u00e0 DEL blanche pour \u00e9clairer vos marchandises entrepos\u00e9es sans chaleur. Compl\u00e9t\u00e9 par deux \u00e9tag\u00e8res grillag\u00e9es et un bac \u00e0 l\u00e9gumes, cet appareil dispose \u00e9galement de trois \u00e9tag\u00e8res de porte int\u00e9gr\u00e9es. Enfin, les charni\u00e8res de ce meuble sont r\u00e9versibles pour votre confort.\" \/>\n<meta property=\"og:url\" content=\"https:\/\/www.danby.com\/fr\/products\/refrigerateurs-pour-petites-surfaces\/syff121c1wr\/\" \/>\n<meta property=\"og:site_name\" content=\"Danby - Canada - French\" \/>\n<meta property=\"article:publisher\" content=\"https:\/\/www.facebook.com\/DanbyAppliances\" \/>\n<meta property=\"article:modified_time\" content=\"2026-04-18T10:09:52+00:00\" \/>\n<meta property=\"og:image\" content=\"https:\/\/cdnweb.danby.com\/wp-content\/uploads\/sites\/2\/2022\/02\/09182728\/SYFF121C1WR-Featured.jpg\" \/>\n\t<meta property=\"og:image:width\" content=\"1440\" \/>\n\t<meta property=\"og:image:height\" content=\"1920\" \/>\n\t<meta property=\"og:image:type\" content=\"image\/jpeg\" \/>\n<meta name=\"twitter:card\" content=\"summary_large_image\" \/>\n<meta name=\"twitter:site\" content=\"@DanbyAppliance\" \/>\n<script type=\"application\/ld+json\" class=\"yoast-schema-graph\">{\"@context\":\"https:\/\/schema.org\",\"@graph\":[{\"@type\":[\"WebPage\",\"ItemPage\"],\"url\":\"https:\/\/www.danby.com\/fr\/products\/refrigerateurs-pour-petites-surfaces\/syff121c1wr\/\",\"name\":\"R\u00e9frig\u00e9rateur d'appartement de 12,1 pi3 de Danby - SYFF121C1WR | Danby Canada\",\"isPartOf\":[],\"primaryImageOfPage\":[],\"image\":[],\"thumbnailUrl\":\"https:\/\/cdnweb.danby.com\/wp-content\/uploads\/sites\/2\/2022\/02\/09182728\/SYFF121C1WR-Featured.jpg\",\"datePublished\":\"2022-02-03T19:23:01+00:00\",\"dateModified\":\"2026-04-18T10:09:52+00:00\",\"description\":\"D\u00e9couvrez le style et la simplicit\u00e9 du r\u00e9frig\u00e9rateur blanc \u00e0 montage par le haut de 12,1 pieds cubes (343 L) de Danby, parfait pour les petits espaces de vie dans un condo, un appartement ou une maison en rang\u00e9e ! Cet appareil chic est dot\u00e9 d'un cong\u00e9lateur ind\u00e9pendant et d'une lumi\u00e8re int\u00e9rieure \u00e0 DEL blanche pour \u00e9clairer vos marchandises entrepos\u00e9es sans chaleur. Compl\u00e9t\u00e9 par deux \u00e9tag\u00e8res grillag\u00e9es et un bac \u00e0 l\u00e9gumes, cet appareil dispose \u00e9galement de trois \u00e9tag\u00e8res de porte int\u00e9gr\u00e9es. Enfin, les charni\u00e8res de ce meuble sont r\u00e9versibles pour votre confort.\",\"breadcrumb\":[],\"inLanguage\":\"fr-CA\",\"potentialAction\":[{\"@type\":\"ReadAction\",\"target\":[\"https:\/\/www.danby.com\/fr\/products\/refrigerateurs-pour-petites-surfaces\/syff121c1wr\/\"]}]},{\"@type\":\"ImageObject\",\"inLanguage\":\"fr-CA\",\"url\":\"https:\/\/cdnweb.danby.com\/wp-content\/uploads\/sites\/2\/2022\/02\/09182728\/SYFF121C1WR-Featured.jpg\",\"contentUrl\":\"https:\/\/cdnweb.danby.com\/wp-content\/uploads\/sites\/2\/2022\/02\/09182728\/SYFF121C1WR-Featured.jpg\",\"width\":1440,\"height\":1920},{\"@type\":\"BreadcrumbList\",\"itemListElement\":[{\"@type\":\"ListItem\",\"position\":1,\"name\":\"Home\",\"item\":\"https:\/\/www.danby.com\/fr\/\"},{\"@type\":\"ListItem\",\"position\":2,\"name\":\"Boutique\",\"item\":\"https:\/\/www.danby.com\/fr\/boutique\/\"},{\"@type\":\"ListItem\",\"position\":3,\"name\":\"R\u00e9frig\u00e9rateur d&#8217;appartement de 12,1 pi3 de Danby\"}]},{\"@type\":\"WebSite\",\"url\":\"https:\/\/www.danby.com\/fr\/\",\"name\":\"Danby - Canada - French\",\"description\":\"Leader dans le domaine de la r\u00e9frig\u00e9ration et des appareils sp\u00e9cialis\u00e9s\",\"publisher\":[],\"potentialAction\":[{\"@type\":\"SearchAction\",\"target\":{\"@type\":\"EntryPoint\",\"urlTemplate\":\"https:\/\/www.danby.com\/fr\/?s={search_term_string}\"},\"query-input\":{\"@type\":\"PropertyValueSpecification\",\"valueRequired\":true,\"valueName\":\"search_term_string\"}}],\"inLanguage\":\"fr-CA\"},{\"@type\":\"Organization\",\"name\":\"Danby Appliances\",\"url\":\"https:\/\/www.danby.com\/fr\/\",\"logo\":{\"@type\":\"ImageObject\",\"inLanguage\":\"fr-CA\",\"url\":\"https:\/\/cdnweb.danby.com\/wp-content\/uploads\/sites\/2\/2022\/02\/10141906\/Danby75Ans_Blue.png\",\"contentUrl\":\"https:\/\/cdnweb.danby.com\/wp-content\/uploads\/sites\/2\/2022\/02\/10141906\/Danby75Ans_Blue.png\",\"width\":470,\"height\":110,\"caption\":\"Danby Appliances\"},\"image\":[],\"sameAs\":[\"https:\/\/www.facebook.com\/DanbyAppliances\",\"https:\/\/x.com\/DanbyAppliance\",\"https:\/\/instagram.com\/danbyappliances\/\",\"https:\/\/www.linkedin.com\/company\/danbyappliances\",\"https:\/\/www.pinterest.ca\/danbyappliances\/\",\"https:\/\/www.youtube.com\/user\/DanbyProducts\",\"https:\/\/en.wikipedia.org\/wiki\/Danby_(appliances)\"]}]}<\/script>\n<!-- \/ Yoast SEO plugin. -->","yoast_head_json":{"title":"R\u00e9frig\u00e9rateur d'appartement de 12,1 pi3 de Danby - SYFF121C1WR | Danby Canada","description":"D\u00e9couvrez le style et la simplicit\u00e9 du r\u00e9frig\u00e9rateur blanc \u00e0 montage par le haut de 12,1 pieds cubes (343 L) de Danby, parfait pour les petits espaces de vie dans un condo, un appartement ou une maison en rang\u00e9e ! Cet appareil chic est dot\u00e9 d'un cong\u00e9lateur ind\u00e9pendant et d'une lumi\u00e8re int\u00e9rieure \u00e0 DEL blanche pour \u00e9clairer vos marchandises entrepos\u00e9es sans chaleur. Compl\u00e9t\u00e9 par deux \u00e9tag\u00e8res grillag\u00e9es et un bac \u00e0 l\u00e9gumes, cet appareil dispose \u00e9galement de trois \u00e9tag\u00e8res de porte int\u00e9gr\u00e9es. Enfin, les charni\u00e8res de ce meuble sont r\u00e9versibles pour votre confort.","robots":{"index":"index","follow":"follow","max-snippet":"max-snippet:-1","max-image-preview":"max-image-preview:large","max-video-preview":"max-video-preview:-1"},"canonical":"https:\/\/www.danby.com\/fr\/products\/refrigerateurs-pour-petites-surfaces\/syff121c1wr\/","og_locale":"fr_CA","og_type":"article","og_title":"R\u00e9frig\u00e9rateur d'appartement de 12,1 pi3 de Danby - SYFF121C1WR | Danby Canada","og_description":"D\u00e9couvrez le style et la simplicit\u00e9 du r\u00e9frig\u00e9rateur blanc \u00e0 montage par le haut de 12,1 pieds cubes (343 L) de Danby, parfait pour les petits espaces de vie dans un condo, un appartement ou une maison en rang\u00e9e ! Cet appareil chic est dot\u00e9 d'un cong\u00e9lateur ind\u00e9pendant et d'une lumi\u00e8re int\u00e9rieure \u00e0 DEL blanche pour \u00e9clairer vos marchandises entrepos\u00e9es sans chaleur. Compl\u00e9t\u00e9 par deux \u00e9tag\u00e8res grillag\u00e9es et un bac \u00e0 l\u00e9gumes, cet appareil dispose \u00e9galement de trois \u00e9tag\u00e8res de porte int\u00e9gr\u00e9es. Enfin, les charni\u00e8res de ce meuble sont r\u00e9versibles pour votre confort.","og_url":"https:\/\/www.danby.com\/fr\/products\/refrigerateurs-pour-petites-surfaces\/syff121c1wr\/","og_site_name":"Danby - Canada - French","article_publisher":"https:\/\/www.facebook.com\/DanbyAppliances","article_modified_time":"2026-04-18T10:09:52+00:00","og_image":[{"width":1440,"height":1920,"url":"https:\/\/cdnweb.danby.com\/wp-content\/uploads\/sites\/2\/2022\/02\/09182728\/SYFF121C1WR-Featured.jpg","type":"image\/jpeg"}],"twitter_card":"summary_large_image","twitter_site":"@DanbyAppliance","schema":{"@context":"https:\/\/schema.org","@graph":[{"@type":["WebPage","ItemPage"],"url":"https:\/\/www.danby.com\/fr\/products\/refrigerateurs-pour-petites-surfaces\/syff121c1wr\/","name":"R\u00e9frig\u00e9rateur d'appartement de 12,1 pi3 de Danby - SYFF121C1WR | Danby Canada","isPartOf":[],"primaryImageOfPage":[],"image":[],"thumbnailUrl":"https:\/\/cdnweb.danby.com\/wp-content\/uploads\/sites\/2\/2022\/02\/09182728\/SYFF121C1WR-Featured.jpg","datePublished":"2022-02-03T19:23:01+00:00","dateModified":"2026-04-18T10:09:52+00:00","description":"D\u00e9couvrez le style et la simplicit\u00e9 du r\u00e9frig\u00e9rateur blanc \u00e0 montage par le haut de 12,1 pieds cubes (343 L) de Danby, parfait pour les petits espaces de vie dans un condo, un appartement ou une maison en rang\u00e9e ! Cet appareil chic est dot\u00e9 d'un cong\u00e9lateur ind\u00e9pendant et d'une lumi\u00e8re int\u00e9rieure \u00e0 DEL blanche pour \u00e9clairer vos marchandises entrepos\u00e9es sans chaleur. Compl\u00e9t\u00e9 par deux \u00e9tag\u00e8res grillag\u00e9es et un bac \u00e0 l\u00e9gumes, cet appareil dispose \u00e9galement de trois \u00e9tag\u00e8res de porte int\u00e9gr\u00e9es. Enfin, les charni\u00e8res de ce meuble sont r\u00e9versibles pour votre confort.","breadcrumb":[],"inLanguage":"fr-CA","potentialAction":[{"@type":"ReadAction","target":["https:\/\/www.danby.com\/fr\/products\/refrigerateurs-pour-petites-surfaces\/syff121c1wr\/"]}]},{"@type":"ImageObject","inLanguage":"fr-CA","url":"https:\/\/cdnweb.danby.com\/wp-content\/uploads\/sites\/2\/2022\/02\/09182728\/SYFF121C1WR-Featured.jpg","contentUrl":"https:\/\/cdnweb.danby.com\/wp-content\/uploads\/sites\/2\/2022\/02\/09182728\/SYFF121C1WR-Featured.jpg","width":1440,"height":1920},{"@type":"BreadcrumbList","itemListElement":[{"@type":"ListItem","position":1,"name":"Home","item":"https:\/\/www.danby.com\/fr\/"},{"@type":"ListItem","position":2,"name":"Boutique","item":"https:\/\/www.danby.com\/fr\/boutique\/"},{"@type":"ListItem","position":3,"name":"R\u00e9frig\u00e9rateur d&#8217;appartement de 12,1 pi3 de Danby"}]},{"@type":"WebSite","url":"https:\/\/www.danby.com\/fr\/","name":"Danby - Canada - French","description":"Leader dans le domaine de la r\u00e9frig\u00e9ration et des appareils sp\u00e9cialis\u00e9s","publisher":[],"potentialAction":[{"@type":"SearchAction","target":{"@type":"EntryPoint","urlTemplate":"https:\/\/www.danby.com\/fr\/?s={search_term_string}"},"query-input":{"@type":"PropertyValueSpecification","valueRequired":true,"valueName":"search_term_string"}}],"inLanguage":"fr-CA"},{"@type":"Organization","name":"Danby Appliances","url":"https:\/\/www.danby.com\/fr\/","logo":{"@type":"ImageObject","inLanguage":"fr-CA","url":"https:\/\/cdnweb.danby.com\/wp-content\/uploads\/sites\/2\/2022\/02\/10141906\/Danby75Ans_Blue.png","contentUrl":"https:\/\/cdnweb.danby.com\/wp-content\/uploads\/sites\/2\/2022\/02\/10141906\/Danby75Ans_Blue.png","width":470,"height":110,"caption":"Danby Appliances"},"image":[],"sameAs":["https:\/\/www.facebook.com\/DanbyAppliances","https:\/\/x.com\/DanbyAppliance","https:\/\/instagram.com\/danbyappliances\/","https:\/\/www.linkedin.com\/company\/danbyappliances","https:\/\/www.pinterest.ca\/danbyappliances\/","https:\/\/www.youtube.com\/user\/DanbyProducts","https:\/\/en.wikipedia.org\/wiki\/Danby_(appliances)"]}]}},"post_mailing_queue_ids":[],"_links":{"self":[{"href":"https:\/\/www.danby.com\/fr\/wp-json\/wp\/v2\/product\/5370","targetHints":{"allow":["GET"]}}],"collection":[{"href":"https:\/\/www.danby.com\/fr\/wp-json\/wp\/v2\/product"}],"about":[{"href":"https:\/\/www.danby.com\/fr\/wp-json\/wp\/v2\/types\/product"}],"replies":[{"embeddable":true,"href":"https:\/\/www.danby.com\/fr\/wp-json\/wp\/v2\/comments?post=5370"}],"wp:featuredmedia":[{"embeddable":true,"href":"https:\/\/www.danby.com\/fr\/wp-json\/wp\/v2\/media\/13307"}],"wp:attachment":[{"href":"https:\/\/www.danby.com\/fr\/wp-json\/wp\/v2\/media?parent=5370"}],"wp:term":[{"taxonomy":"product_brand","embeddable":true,"href":"https:\/\/www.danby.com\/fr\/wp-json\/wp\/v2\/product_brand?post=5370"},{"taxonomy":"product_cat","embeddable":true,"href":"https:\/\/www.danby.com\/fr\/wp-json\/wp\/v2\/product_cat?post=5370"},{"taxonomy":"product_tag","embeddable":true,"href":"https:\/\/www.danby.com\/fr\/wp-json\/wp\/v2\/product_tag?post=5370"}],"curies":[{"name":"wp","href":"https:\/\/api.w.org\/{rel}","templated":true}]}}