{"id":5338,"date":"2022-02-03T19:22:37","date_gmt":"2022-02-03T19:22:37","guid":{"rendered":"https:\/\/www.danby.com\/fr\/product\/sbmw1109w\/"},"modified":"2026-04-14T10:08:41","modified_gmt":"2026-04-14T10:08:41","slug":"sbmw1109w","status":"publish","type":"product","link":"https:\/\/www.danby.com\/fr\/products\/fours-a-micro-ondes\/sbmw1109w\/","title":{"rendered":"Sunbeam 1.1 pi3 Fours \u00e0 micro-onde"},"content":{"rendered":"","protected":false},"excerpt":{"rendered":"<ul>\n<li>Capacit\u00e9 de 1,1 pi\u00b3 (31.2 litres)<\/li>\n<li>Puissance de 1000 watts<\/li>\n<li>10 niveaux de puissance<\/li>\n<li>6 menus de cuisson \u00e0 acc\u00e8s rapide<\/li>\n<li>3 programmes sp\u00e9ciaux (cuisson par poids, d\u00e9cong\u00e9lation par poids, d\u00e9cong\u00e9lation rapide)<\/li>\n<li>Commandes \u00e9lectroniques<\/li>\n<li>\u00c9clairage de four et plateau rotatif automatiques<\/li>\n<\/ul>\n","protected":false},"featured_media":6864,"comment_status":"closed","ping_status":"open","template":"","meta":{"_acf_changed":false},"product_brand":[],"product_cat":[32],"product_tag":[],"class_list":{"0":"post-5338","1":"product","2":"type-product","3":"status-publish","4":"has-post-thumbnail","6":"product_cat-fours-a-micro-ondes","8":"first","9":"outofstock","10":"taxable","11":"shipping-taxable","12":"product-type-simple"},"acf":[],"yoast_head":"<!-- This site is optimized with the Yoast SEO plugin v26.7 - https:\/\/yoast.com\/wordpress\/plugins\/seo\/ -->\n<title>Sunbeam 1.1 pi3 Fours \u00e0 micro-onde - SBMW1109W | Danby Canada<\/title>\n<meta name=\"description\" content=\"Ce micro-ondes de 31,2\u00a0litres (1,1\u00a0pi\u00b3) est propos\u00e9 en noir ou en blanc pour s&#039;adapter \u00e0 tous les styles de cuisine. Gr\u00e2ce \u00e0 ses six options de cuisson pr\u00e9programm\u00e9es et ses trois programmes sp\u00e9ciaux, vous pourrez cuire et r\u00e9chauffer en un clin d&#039;\u0153il!\" \/>\n<meta name=\"robots\" content=\"index, follow, max-snippet:-1, max-image-preview:large, max-video-preview:-1\" \/>\n<link rel=\"canonical\" href=\"https:\/\/www.danby.com\/fr\/products\/fours-a-micro-ondes\/sbmw1109w\/\" \/>\n<meta property=\"og:locale\" content=\"fr_CA\" \/>\n<meta property=\"og:type\" content=\"article\" \/>\n<meta property=\"og:title\" content=\"Sunbeam 1.1 pi3 Fours \u00e0 micro-onde - SBMW1109W | Danby Canada\" \/>\n<meta property=\"og:description\" content=\"Ce micro-ondes de 31,2\u00a0litres (1,1\u00a0pi\u00b3) est propos\u00e9 en noir ou en blanc pour s&#039;adapter \u00e0 tous les styles de cuisine. Gr\u00e2ce \u00e0 ses six options de cuisson pr\u00e9programm\u00e9es et ses trois programmes sp\u00e9ciaux, vous pourrez cuire et r\u00e9chauffer en un clin d&#039;\u0153il!\" \/>\n<meta property=\"og:url\" content=\"https:\/\/www.danby.com\/fr\/products\/fours-a-micro-ondes\/sbmw1109w\/\" \/>\n<meta property=\"og:site_name\" content=\"Danby - Canada - French\" \/>\n<meta property=\"article:publisher\" content=\"https:\/\/www.facebook.com\/DanbyAppliances\" \/>\n<meta property=\"article:modified_time\" content=\"2026-04-14T10:08:41+00:00\" \/>\n<meta property=\"og:image\" content=\"https:\/\/cdnweb.danby.com\/wp-content\/uploads\/sites\/2\/2022\/02\/08190442\/proMed-sbmw909w.jpg\" \/>\n\t<meta property=\"og:image:width\" content=\"300\" \/>\n\t<meta property=\"og:image:height\" content=\"272\" \/>\n\t<meta property=\"og:image:type\" content=\"image\/jpeg\" \/>\n<meta name=\"twitter:card\" content=\"summary_large_image\" \/>\n<meta name=\"twitter:site\" content=\"@DanbyAppliance\" \/>\n<script type=\"application\/ld+json\" class=\"yoast-schema-graph\">{\"@context\":\"https:\/\/schema.org\",\"@graph\":[{\"@type\":[\"WebPage\",\"ItemPage\"],\"url\":\"https:\/\/www.danby.com\/fr\/products\/fours-a-micro-ondes\/sbmw1109w\/\",\"name\":\"Sunbeam 1.1 pi3 Fours \u00e0 micro-onde - SBMW1109W | Danby Canada\",\"isPartOf\":[],\"primaryImageOfPage\":[],\"image\":[],\"thumbnailUrl\":\"https:\/\/cdnweb.danby.com\/wp-content\/uploads\/sites\/2\/2022\/02\/08190442\/proMed-sbmw909w.jpg\",\"datePublished\":\"2022-02-03T19:22:37+00:00\",\"dateModified\":\"2026-04-14T10:08:41+00:00\",\"description\":\"Ce micro-ondes de 31,2\u00a0litres (1,1\u00a0pi\u00b3) est propos\u00e9 en noir ou en blanc pour s'adapter \u00e0 tous les styles de cuisine. Gr\u00e2ce \u00e0 ses six options de cuisson pr\u00e9programm\u00e9es et ses trois programmes sp\u00e9ciaux, vous pourrez cuire et r\u00e9chauffer en un clin d'\u0153il!\",\"breadcrumb\":[],\"inLanguage\":\"fr-CA\",\"potentialAction\":[{\"@type\":\"ReadAction\",\"target\":[\"https:\/\/www.danby.com\/fr\/products\/fours-a-micro-ondes\/sbmw1109w\/\"]}]},{\"@type\":\"ImageObject\",\"inLanguage\":\"fr-CA\",\"url\":\"https:\/\/cdnweb.danby.com\/wp-content\/uploads\/sites\/2\/2022\/02\/08190442\/proMed-sbmw909w.jpg\",\"contentUrl\":\"https:\/\/cdnweb.danby.com\/wp-content\/uploads\/sites\/2\/2022\/02\/08190442\/proMed-sbmw909w.jpg\",\"width\":300,\"height\":272},{\"@type\":\"BreadcrumbList\",\"itemListElement\":[{\"@type\":\"ListItem\",\"position\":1,\"name\":\"Home\",\"item\":\"https:\/\/www.danby.com\/fr\/\"},{\"@type\":\"ListItem\",\"position\":2,\"name\":\"Boutique\",\"item\":\"https:\/\/www.danby.com\/fr\/boutique\/\"},{\"@type\":\"ListItem\",\"position\":3,\"name\":\"Sunbeam 1.1 pi3 Fours \u00e0 micro-onde\"}]},{\"@type\":\"WebSite\",\"url\":\"https:\/\/www.danby.com\/fr\/\",\"name\":\"Danby - Canada - French\",\"description\":\"Leader dans le domaine de la r\u00e9frig\u00e9ration et des appareils sp\u00e9cialis\u00e9s\",\"publisher\":[],\"potentialAction\":[{\"@type\":\"SearchAction\",\"target\":{\"@type\":\"EntryPoint\",\"urlTemplate\":\"https:\/\/www.danby.com\/fr\/?s={search_term_string}\"},\"query-input\":{\"@type\":\"PropertyValueSpecification\",\"valueRequired\":true,\"valueName\":\"search_term_string\"}}],\"inLanguage\":\"fr-CA\"},{\"@type\":\"Organization\",\"name\":\"Danby Appliances\",\"url\":\"https:\/\/www.danby.com\/fr\/\",\"logo\":{\"@type\":\"ImageObject\",\"inLanguage\":\"fr-CA\",\"url\":\"https:\/\/cdnweb.danby.com\/wp-content\/uploads\/sites\/2\/2022\/02\/10141906\/Danby75Ans_Blue.png\",\"contentUrl\":\"https:\/\/cdnweb.danby.com\/wp-content\/uploads\/sites\/2\/2022\/02\/10141906\/Danby75Ans_Blue.png\",\"width\":470,\"height\":110,\"caption\":\"Danby Appliances\"},\"image\":[],\"sameAs\":[\"https:\/\/www.facebook.com\/DanbyAppliances\",\"https:\/\/x.com\/DanbyAppliance\",\"https:\/\/instagram.com\/danbyappliances\/\",\"https:\/\/www.linkedin.com\/company\/danbyappliances\",\"https:\/\/www.pinterest.ca\/danbyappliances\/\",\"https:\/\/www.youtube.com\/user\/DanbyProducts\",\"https:\/\/en.wikipedia.org\/wiki\/Danby_(appliances)\"]}]}<\/script>\n<!-- \/ Yoast SEO plugin. -->","yoast_head_json":{"title":"Sunbeam 1.1 pi3 Fours \u00e0 micro-onde - SBMW1109W | Danby Canada","description":"Ce micro-ondes de 31,2\u00a0litres (1,1\u00a0pi\u00b3) est propos\u00e9 en noir ou en blanc pour s'adapter \u00e0 tous les styles de cuisine. Gr\u00e2ce \u00e0 ses six options de cuisson pr\u00e9programm\u00e9es et ses trois programmes sp\u00e9ciaux, vous pourrez cuire et r\u00e9chauffer en un clin d'\u0153il!","robots":{"index":"index","follow":"follow","max-snippet":"max-snippet:-1","max-image-preview":"max-image-preview:large","max-video-preview":"max-video-preview:-1"},"canonical":"https:\/\/www.danby.com\/fr\/products\/fours-a-micro-ondes\/sbmw1109w\/","og_locale":"fr_CA","og_type":"article","og_title":"Sunbeam 1.1 pi3 Fours \u00e0 micro-onde - SBMW1109W | Danby Canada","og_description":"Ce micro-ondes de 31,2\u00a0litres (1,1\u00a0pi\u00b3) est propos\u00e9 en noir ou en blanc pour s'adapter \u00e0 tous les styles de cuisine. Gr\u00e2ce \u00e0 ses six options de cuisson pr\u00e9programm\u00e9es et ses trois programmes sp\u00e9ciaux, vous pourrez cuire et r\u00e9chauffer en un clin d'\u0153il!","og_url":"https:\/\/www.danby.com\/fr\/products\/fours-a-micro-ondes\/sbmw1109w\/","og_site_name":"Danby - Canada - French","article_publisher":"https:\/\/www.facebook.com\/DanbyAppliances","article_modified_time":"2026-04-14T10:08:41+00:00","og_image":[{"width":300,"height":272,"url":"https:\/\/cdnweb.danby.com\/wp-content\/uploads\/sites\/2\/2022\/02\/08190442\/proMed-sbmw909w.jpg","type":"image\/jpeg"}],"twitter_card":"summary_large_image","twitter_site":"@DanbyAppliance","schema":{"@context":"https:\/\/schema.org","@graph":[{"@type":["WebPage","ItemPage"],"url":"https:\/\/www.danby.com\/fr\/products\/fours-a-micro-ondes\/sbmw1109w\/","name":"Sunbeam 1.1 pi3 Fours \u00e0 micro-onde - SBMW1109W | Danby Canada","isPartOf":[],"primaryImageOfPage":[],"image":[],"thumbnailUrl":"https:\/\/cdnweb.danby.com\/wp-content\/uploads\/sites\/2\/2022\/02\/08190442\/proMed-sbmw909w.jpg","datePublished":"2022-02-03T19:22:37+00:00","dateModified":"2026-04-14T10:08:41+00:00","description":"Ce micro-ondes de 31,2\u00a0litres (1,1\u00a0pi\u00b3) est propos\u00e9 en noir ou en blanc pour s'adapter \u00e0 tous les styles de cuisine. Gr\u00e2ce \u00e0 ses six options de cuisson pr\u00e9programm\u00e9es et ses trois programmes sp\u00e9ciaux, vous pourrez cuire et r\u00e9chauffer en un clin d'\u0153il!","breadcrumb":[],"inLanguage":"fr-CA","potentialAction":[{"@type":"ReadAction","target":["https:\/\/www.danby.com\/fr\/products\/fours-a-micro-ondes\/sbmw1109w\/"]}]},{"@type":"ImageObject","inLanguage":"fr-CA","url":"https:\/\/cdnweb.danby.com\/wp-content\/uploads\/sites\/2\/2022\/02\/08190442\/proMed-sbmw909w.jpg","contentUrl":"https:\/\/cdnweb.danby.com\/wp-content\/uploads\/sites\/2\/2022\/02\/08190442\/proMed-sbmw909w.jpg","width":300,"height":272},{"@type":"BreadcrumbList","itemListElement":[{"@type":"ListItem","position":1,"name":"Home","item":"https:\/\/www.danby.com\/fr\/"},{"@type":"ListItem","position":2,"name":"Boutique","item":"https:\/\/www.danby.com\/fr\/boutique\/"},{"@type":"ListItem","position":3,"name":"Sunbeam 1.1 pi3 Fours \u00e0 micro-onde"}]},{"@type":"WebSite","url":"https:\/\/www.danby.com\/fr\/","name":"Danby - Canada - French","description":"Leader dans le domaine de la r\u00e9frig\u00e9ration et des appareils sp\u00e9cialis\u00e9s","publisher":[],"potentialAction":[{"@type":"SearchAction","target":{"@type":"EntryPoint","urlTemplate":"https:\/\/www.danby.com\/fr\/?s={search_term_string}"},"query-input":{"@type":"PropertyValueSpecification","valueRequired":true,"valueName":"search_term_string"}}],"inLanguage":"fr-CA"},{"@type":"Organization","name":"Danby Appliances","url":"https:\/\/www.danby.com\/fr\/","logo":{"@type":"ImageObject","inLanguage":"fr-CA","url":"https:\/\/cdnweb.danby.com\/wp-content\/uploads\/sites\/2\/2022\/02\/10141906\/Danby75Ans_Blue.png","contentUrl":"https:\/\/cdnweb.danby.com\/wp-content\/uploads\/sites\/2\/2022\/02\/10141906\/Danby75Ans_Blue.png","width":470,"height":110,"caption":"Danby Appliances"},"image":[],"sameAs":["https:\/\/www.facebook.com\/DanbyAppliances","https:\/\/x.com\/DanbyAppliance","https:\/\/instagram.com\/danbyappliances\/","https:\/\/www.linkedin.com\/company\/danbyappliances","https:\/\/www.pinterest.ca\/danbyappliances\/","https:\/\/www.youtube.com\/user\/DanbyProducts","https:\/\/en.wikipedia.org\/wiki\/Danby_(appliances)"]}]}},"post_mailing_queue_ids":[],"_links":{"self":[{"href":"https:\/\/www.danby.com\/fr\/wp-json\/wp\/v2\/product\/5338","targetHints":{"allow":["GET"]}}],"collection":[{"href":"https:\/\/www.danby.com\/fr\/wp-json\/wp\/v2\/product"}],"about":[{"href":"https:\/\/www.danby.com\/fr\/wp-json\/wp\/v2\/types\/product"}],"replies":[{"embeddable":true,"href":"https:\/\/www.danby.com\/fr\/wp-json\/wp\/v2\/comments?post=5338"}],"wp:featuredmedia":[{"embeddable":true,"href":"https:\/\/www.danby.com\/fr\/wp-json\/wp\/v2\/media\/6864"}],"wp:attachment":[{"href":"https:\/\/www.danby.com\/fr\/wp-json\/wp\/v2\/media?parent=5338"}],"wp:term":[{"taxonomy":"product_brand","embeddable":true,"href":"https:\/\/www.danby.com\/fr\/wp-json\/wp\/v2\/product_brand?post=5338"},{"taxonomy":"product_cat","embeddable":true,"href":"https:\/\/www.danby.com\/fr\/wp-json\/wp\/v2\/product_cat?post=5338"},{"taxonomy":"product_tag","embeddable":true,"href":"https:\/\/www.danby.com\/fr\/wp-json\/wp\/v2\/product_tag?post=5338"}],"curies":[{"name":"wp","href":"https:\/\/api.w.org\/{rel}","templated":true}]}}