{"id":5301,"date":"2022-02-03T19:22:09","date_gmt":"2022-02-03T19:22:09","guid":{"rendered":"https:\/\/www.danby.com\/fr\/product\/dwm17wdb\/"},"modified":"2026-04-05T10:07:01","modified_gmt":"2026-04-05T10:07:01","slug":"dwm17wdb","status":"publish","type":"product","link":"https:\/\/www.danby.com\/fr\/products\/machines-a-laver-le-linge\/dwm17wdb\/","title":{"rendered":"Lave-linge compact \u00e0 chargement par le dessus Danby, capacit\u00e9 de 5 kg, en blanc"},"content":{"rendered":"","protected":false},"excerpt":{"rendered":"<ul>\n<li>Lave-linge d&#8217;une capacit\u00e9 de 11 lb (5 kg)<\/li>\n<li>4 niveaux d&#8217;eau r\u00e9glables<\/li>\n<li>8 programmes de lavage<\/li>\n<li>Cuve et tambour en acier inoxydable<\/li>\n<li>Bo\u00eetier en acier galvanis\u00e9 r\u00e9sistant \u00e0 la rouille<\/li>\n<li>Commandes \u00e9lectroniques<\/li>\n<li>Fonctionnement silencieux<\/li>\n<li>Syst\u00e8me de protection contre les d\u00e9bordements d&#8217;eau<\/li>\n<li>Couvercle de s\u00e9curit\u00e9 \u2013 le tambour s&#8217;arr\u00eate de tourner lorsqu&#8217;il est ouvert<\/li>\n<li>Exigence \u00e9lectrique de 120V<\/li>\n<li>Roulettes pour une portabilit\u00e9 facile<\/li>\n<\/ul>\n","protected":false},"featured_media":35292,"comment_status":"closed","ping_status":"open","template":"","meta":{"_acf_changed":false},"product_brand":[],"product_cat":[39],"product_tag":[],"class_list":{"0":"post-5301","1":"product","2":"type-product","3":"status-publish","4":"has-post-thumbnail","6":"product_cat-machines-a-laver-le-linge","7":"pa_capacite-pi3-1-7","8":"pa_couleur-white","9":"pa_duree-de-la-garantie-en-mois-1173","11":"first","12":"outofstock","13":"taxable","14":"shipping-taxable","15":"product-type-simple"},"acf":[],"yoast_head":"<!-- This site is optimized with the Yoast SEO plugin v26.7 - https:\/\/yoast.com\/wordpress\/plugins\/seo\/ -->\n<title>Lave-linge compact \u00e0 chargement par le dessus Danby, capacit\u00e9 de 5 kg, en blanc - DWM17WDB | Danby Canada<\/title>\n<meta name=\"description\" content=\"Faire la lessive ne semble jamais \u00eatre une corv\u00e9e avec cette machine \u00e0 laver portable \u00e0 chargement par le dessus facile \u00e0 utiliser de Danby. Ce mod\u00e8le pratique et compact s&#039;installe rapidement et facilement en raccordant simplement le tuyau au robinet standard de votre buanderie. La machine polyvalente offre huit programmes de lavage diff\u00e9rents ainsi que quatre niveaux d&#039;eau pour garantir que vos v\u00eatements ressortent impeccablement propres. Tous les programmes sont contr\u00f4l\u00e9s par le syst\u00e8me \u00e9lectronique intelligent de l&#039;appareil et peuvent \u00eatre r\u00e9gl\u00e9s d&#039;une simple pression sur un bouton. Robuste et silencieux, cet appareil peut traiter jusqu&#039;\u00e0 5 kg (11,02 lb) de linge dans son tambour et sa cuve en acier inoxydable, tandis que son bo\u00eetier en acier est fabriqu\u00e9 en t\u00f4le galvanis\u00e9e r\u00e9sistante \u00e0 la rouille. Vous n&#039;aurez jamais \u00e0 vous soucier de trop remplir la cuve gr\u00e2ce au syst\u00e8me astucieux de protection contre les d\u00e9bordements d&#039;eau, et le couvercle de s\u00e9curit\u00e9 garantit que l&#039;appareil arr\u00eate de tourner lorsque le dessus est ouvert. Cette machine \u00e0 laver \u00e9l\u00e9gante est facile \u00e0 transporter gr\u00e2ce \u00e0 ses roulettes pratiques et b\u00e9n\u00e9ficie \u00e9galement d&#039;une garantie de 12 mois sur les pi\u00e8ces et la main-d&#039;\u0153uvre avec un service \u00e0 domicile pratique.\" \/>\n<meta name=\"robots\" content=\"index, follow, max-snippet:-1, max-image-preview:large, max-video-preview:-1\" \/>\n<link rel=\"canonical\" href=\"https:\/\/www.danby.com\/fr\/products\/machines-a-laver-le-linge\/dwm17wdb\/\" \/>\n<meta property=\"og:locale\" content=\"fr_CA\" \/>\n<meta property=\"og:type\" content=\"article\" \/>\n<meta property=\"og:title\" content=\"Lave-linge compact \u00e0 chargement par le dessus Danby, capacit\u00e9 de 5 kg, en blanc - DWM17WDB | Danby Canada\" \/>\n<meta property=\"og:description\" content=\"Faire la lessive ne semble jamais \u00eatre une corv\u00e9e avec cette machine \u00e0 laver portable \u00e0 chargement par le dessus facile \u00e0 utiliser de Danby. Ce mod\u00e8le pratique et compact s&#039;installe rapidement et facilement en raccordant simplement le tuyau au robinet standard de votre buanderie. La machine polyvalente offre huit programmes de lavage diff\u00e9rents ainsi que quatre niveaux d&#039;eau pour garantir que vos v\u00eatements ressortent impeccablement propres. Tous les programmes sont contr\u00f4l\u00e9s par le syst\u00e8me \u00e9lectronique intelligent de l&#039;appareil et peuvent \u00eatre r\u00e9gl\u00e9s d&#039;une simple pression sur un bouton. Robuste et silencieux, cet appareil peut traiter jusqu&#039;\u00e0 5 kg (11,02 lb) de linge dans son tambour et sa cuve en acier inoxydable, tandis que son bo\u00eetier en acier est fabriqu\u00e9 en t\u00f4le galvanis\u00e9e r\u00e9sistante \u00e0 la rouille. Vous n&#039;aurez jamais \u00e0 vous soucier de trop remplir la cuve gr\u00e2ce au syst\u00e8me astucieux de protection contre les d\u00e9bordements d&#039;eau, et le couvercle de s\u00e9curit\u00e9 garantit que l&#039;appareil arr\u00eate de tourner lorsque le dessus est ouvert. Cette machine \u00e0 laver \u00e9l\u00e9gante est facile \u00e0 transporter gr\u00e2ce \u00e0 ses roulettes pratiques et b\u00e9n\u00e9ficie \u00e9galement d&#039;une garantie de 12 mois sur les pi\u00e8ces et la main-d&#039;\u0153uvre avec un service \u00e0 domicile pratique.\" \/>\n<meta property=\"og:url\" content=\"https:\/\/www.danby.com\/fr\/products\/machines-a-laver-le-linge\/dwm17wdb\/\" \/>\n<meta property=\"og:site_name\" content=\"Danby - Canada - French\" \/>\n<meta property=\"article:publisher\" content=\"https:\/\/www.facebook.com\/DanbyAppliances\" \/>\n<meta property=\"article:modified_time\" content=\"2026-04-05T10:07:01+00:00\" \/>\n<meta property=\"og:image\" content=\"https:\/\/cdnweb.danby.com\/wp-content\/uploads\/sites\/2\/2022\/02\/08204411\/proMed-dwm17wdb_right.jpg\" \/>\n\t<meta property=\"og:image:width\" content=\"300\" \/>\n\t<meta property=\"og:image:height\" content=\"272\" \/>\n\t<meta property=\"og:image:type\" content=\"image\/jpeg\" \/>\n<meta name=\"twitter:card\" content=\"summary_large_image\" \/>\n<meta name=\"twitter:site\" content=\"@DanbyAppliance\" \/>\n<script type=\"application\/ld+json\" class=\"yoast-schema-graph\">{\"@context\":\"https:\/\/schema.org\",\"@graph\":[{\"@type\":[\"WebPage\",\"ItemPage\"],\"url\":\"https:\/\/www.danby.com\/fr\/products\/machines-a-laver-le-linge\/dwm17wdb\/\",\"name\":\"Lave-linge compact \u00e0 chargement par le dessus Danby, capacit\u00e9 de 5 kg, en blanc - DWM17WDB | Danby Canada\",\"isPartOf\":[],\"primaryImageOfPage\":[],\"image\":[],\"thumbnailUrl\":\"https:\/\/www.danby.com\/fr\/wp-content\/uploads\/sites\/2\/2025\/10\/dwm17wdb-thumbnail.jpg\",\"datePublished\":\"2022-02-03T19:22:09+00:00\",\"dateModified\":\"2026-04-05T10:07:01+00:00\",\"description\":\"Faire la lessive ne semble jamais \u00eatre une corv\u00e9e avec cette machine \u00e0 laver portable \u00e0 chargement par le dessus facile \u00e0 utiliser de Danby. Ce mod\u00e8le pratique et compact s'installe rapidement et facilement en raccordant simplement le tuyau au robinet standard de votre buanderie. La machine polyvalente offre huit programmes de lavage diff\u00e9rents ainsi que quatre niveaux d'eau pour garantir que vos v\u00eatements ressortent impeccablement propres. Tous les programmes sont contr\u00f4l\u00e9s par le syst\u00e8me \u00e9lectronique intelligent de l'appareil et peuvent \u00eatre r\u00e9gl\u00e9s d'une simple pression sur un bouton. Robuste et silencieux, cet appareil peut traiter jusqu'\u00e0 5 kg (11,02 lb) de linge dans son tambour et sa cuve en acier inoxydable, tandis que son bo\u00eetier en acier est fabriqu\u00e9 en t\u00f4le galvanis\u00e9e r\u00e9sistante \u00e0 la rouille. Vous n'aurez jamais \u00e0 vous soucier de trop remplir la cuve gr\u00e2ce au syst\u00e8me astucieux de protection contre les d\u00e9bordements d'eau, et le couvercle de s\u00e9curit\u00e9 garantit que l'appareil arr\u00eate de tourner lorsque le dessus est ouvert. Cette machine \u00e0 laver \u00e9l\u00e9gante est facile \u00e0 transporter gr\u00e2ce \u00e0 ses roulettes pratiques et b\u00e9n\u00e9ficie \u00e9galement d'une garantie de 12 mois sur les pi\u00e8ces et la main-d'\u0153uvre avec un service \u00e0 domicile pratique.\",\"breadcrumb\":[],\"inLanguage\":\"fr-CA\",\"potentialAction\":[{\"@type\":\"ReadAction\",\"target\":[\"https:\/\/www.danby.com\/fr\/products\/machines-a-laver-le-linge\/dwm17wdb\/\"]}]},{\"@type\":\"ImageObject\",\"inLanguage\":\"fr-CA\",\"url\":\"https:\/\/www.danby.com\/fr\/wp-content\/uploads\/sites\/2\/2025\/10\/dwm17wdb-thumbnail.jpg\",\"contentUrl\":\"https:\/\/www.danby.com\/fr\/wp-content\/uploads\/sites\/2\/2025\/10\/dwm17wdb-thumbnail.jpg\",\"width\":768,\"height\":1024},{\"@type\":\"BreadcrumbList\",\"itemListElement\":[{\"@type\":\"ListItem\",\"position\":1,\"name\":\"Home\",\"item\":\"https:\/\/www.danby.com\/fr\/\"},{\"@type\":\"ListItem\",\"position\":2,\"name\":\"Boutique\",\"item\":\"https:\/\/www.danby.com\/fr\/boutique\/\"},{\"@type\":\"ListItem\",\"position\":3,\"name\":\"Danby 11.02 poid Machines \u00e0 laver le linge\"}]},{\"@type\":\"WebSite\",\"url\":\"https:\/\/www.danby.com\/fr\/\",\"name\":\"Danby - Canada - French\",\"description\":\"Leader dans le domaine de la r\u00e9frig\u00e9ration et des appareils sp\u00e9cialis\u00e9s\",\"publisher\":[],\"potentialAction\":[{\"@type\":\"SearchAction\",\"target\":{\"@type\":\"EntryPoint\",\"urlTemplate\":\"https:\/\/www.danby.com\/fr\/?s={search_term_string}\"},\"query-input\":{\"@type\":\"PropertyValueSpecification\",\"valueRequired\":true,\"valueName\":\"search_term_string\"}}],\"inLanguage\":\"fr-CA\"},{\"@type\":\"Organization\",\"name\":\"Danby Appliances\",\"url\":\"https:\/\/www.danby.com\/fr\/\",\"logo\":{\"@type\":\"ImageObject\",\"inLanguage\":\"fr-CA\",\"url\":\"https:\/\/cdnweb.danby.com\/wp-content\/uploads\/sites\/2\/2022\/02\/10141906\/Danby75Ans_Blue.png\",\"contentUrl\":\"https:\/\/cdnweb.danby.com\/wp-content\/uploads\/sites\/2\/2022\/02\/10141906\/Danby75Ans_Blue.png\",\"width\":470,\"height\":110,\"caption\":\"Danby Appliances\"},\"image\":[],\"sameAs\":[\"https:\/\/www.facebook.com\/DanbyAppliances\",\"https:\/\/x.com\/DanbyAppliance\",\"https:\/\/instagram.com\/danbyappliances\/\",\"https:\/\/www.linkedin.com\/company\/danbyappliances\",\"https:\/\/www.pinterest.ca\/danbyappliances\/\",\"https:\/\/www.youtube.com\/user\/DanbyProducts\",\"https:\/\/en.wikipedia.org\/wiki\/Danby_(appliances)\"]}]}<\/script>\n<!-- \/ Yoast SEO plugin. -->","yoast_head_json":{"title":"Lave-linge compact \u00e0 chargement par le dessus Danby, capacit\u00e9 de 5 kg, en blanc - DWM17WDB | Danby Canada","description":"Faire la lessive ne semble jamais \u00eatre une corv\u00e9e avec cette machine \u00e0 laver portable \u00e0 chargement par le dessus facile \u00e0 utiliser de Danby. Ce mod\u00e8le pratique et compact s'installe rapidement et facilement en raccordant simplement le tuyau au robinet standard de votre buanderie. La machine polyvalente offre huit programmes de lavage diff\u00e9rents ainsi que quatre niveaux d'eau pour garantir que vos v\u00eatements ressortent impeccablement propres. Tous les programmes sont contr\u00f4l\u00e9s par le syst\u00e8me \u00e9lectronique intelligent de l'appareil et peuvent \u00eatre r\u00e9gl\u00e9s d'une simple pression sur un bouton. Robuste et silencieux, cet appareil peut traiter jusqu'\u00e0 5 kg (11,02 lb) de linge dans son tambour et sa cuve en acier inoxydable, tandis que son bo\u00eetier en acier est fabriqu\u00e9 en t\u00f4le galvanis\u00e9e r\u00e9sistante \u00e0 la rouille. Vous n'aurez jamais \u00e0 vous soucier de trop remplir la cuve gr\u00e2ce au syst\u00e8me astucieux de protection contre les d\u00e9bordements d'eau, et le couvercle de s\u00e9curit\u00e9 garantit que l'appareil arr\u00eate de tourner lorsque le dessus est ouvert. Cette machine \u00e0 laver \u00e9l\u00e9gante est facile \u00e0 transporter gr\u00e2ce \u00e0 ses roulettes pratiques et b\u00e9n\u00e9ficie \u00e9galement d'une garantie de 12 mois sur les pi\u00e8ces et la main-d'\u0153uvre avec un service \u00e0 domicile pratique.","robots":{"index":"index","follow":"follow","max-snippet":"max-snippet:-1","max-image-preview":"max-image-preview:large","max-video-preview":"max-video-preview:-1"},"canonical":"https:\/\/www.danby.com\/fr\/products\/machines-a-laver-le-linge\/dwm17wdb\/","og_locale":"fr_CA","og_type":"article","og_title":"Lave-linge compact \u00e0 chargement par le dessus Danby, capacit\u00e9 de 5 kg, en blanc - DWM17WDB | Danby Canada","og_description":"Faire la lessive ne semble jamais \u00eatre une corv\u00e9e avec cette machine \u00e0 laver portable \u00e0 chargement par le dessus facile \u00e0 utiliser de Danby. Ce mod\u00e8le pratique et compact s'installe rapidement et facilement en raccordant simplement le tuyau au robinet standard de votre buanderie. La machine polyvalente offre huit programmes de lavage diff\u00e9rents ainsi que quatre niveaux d'eau pour garantir que vos v\u00eatements ressortent impeccablement propres. Tous les programmes sont contr\u00f4l\u00e9s par le syst\u00e8me \u00e9lectronique intelligent de l'appareil et peuvent \u00eatre r\u00e9gl\u00e9s d'une simple pression sur un bouton. Robuste et silencieux, cet appareil peut traiter jusqu'\u00e0 5 kg (11,02 lb) de linge dans son tambour et sa cuve en acier inoxydable, tandis que son bo\u00eetier en acier est fabriqu\u00e9 en t\u00f4le galvanis\u00e9e r\u00e9sistante \u00e0 la rouille. Vous n'aurez jamais \u00e0 vous soucier de trop remplir la cuve gr\u00e2ce au syst\u00e8me astucieux de protection contre les d\u00e9bordements d'eau, et le couvercle de s\u00e9curit\u00e9 garantit que l'appareil arr\u00eate de tourner lorsque le dessus est ouvert. Cette machine \u00e0 laver \u00e9l\u00e9gante est facile \u00e0 transporter gr\u00e2ce \u00e0 ses roulettes pratiques et b\u00e9n\u00e9ficie \u00e9galement d'une garantie de 12 mois sur les pi\u00e8ces et la main-d'\u0153uvre avec un service \u00e0 domicile pratique.","og_url":"https:\/\/www.danby.com\/fr\/products\/machines-a-laver-le-linge\/dwm17wdb\/","og_site_name":"Danby - Canada - French","article_publisher":"https:\/\/www.facebook.com\/DanbyAppliances","article_modified_time":"2026-04-05T10:07:01+00:00","og_image":[{"width":300,"height":272,"url":"https:\/\/cdnweb.danby.com\/wp-content\/uploads\/sites\/2\/2022\/02\/08204411\/proMed-dwm17wdb_right.jpg","type":"image\/jpeg"}],"twitter_card":"summary_large_image","twitter_site":"@DanbyAppliance","schema":{"@context":"https:\/\/schema.org","@graph":[{"@type":["WebPage","ItemPage"],"url":"https:\/\/www.danby.com\/fr\/products\/machines-a-laver-le-linge\/dwm17wdb\/","name":"Lave-linge compact \u00e0 chargement par le dessus Danby, capacit\u00e9 de 5 kg, en blanc - DWM17WDB | Danby Canada","isPartOf":[],"primaryImageOfPage":[],"image":[],"thumbnailUrl":"https:\/\/www.danby.com\/fr\/wp-content\/uploads\/sites\/2\/2025\/10\/dwm17wdb-thumbnail.jpg","datePublished":"2022-02-03T19:22:09+00:00","dateModified":"2026-04-05T10:07:01+00:00","description":"Faire la lessive ne semble jamais \u00eatre une corv\u00e9e avec cette machine \u00e0 laver portable \u00e0 chargement par le dessus facile \u00e0 utiliser de Danby. Ce mod\u00e8le pratique et compact s'installe rapidement et facilement en raccordant simplement le tuyau au robinet standard de votre buanderie. La machine polyvalente offre huit programmes de lavage diff\u00e9rents ainsi que quatre niveaux d'eau pour garantir que vos v\u00eatements ressortent impeccablement propres. Tous les programmes sont contr\u00f4l\u00e9s par le syst\u00e8me \u00e9lectronique intelligent de l'appareil et peuvent \u00eatre r\u00e9gl\u00e9s d'une simple pression sur un bouton. Robuste et silencieux, cet appareil peut traiter jusqu'\u00e0 5 kg (11,02 lb) de linge dans son tambour et sa cuve en acier inoxydable, tandis que son bo\u00eetier en acier est fabriqu\u00e9 en t\u00f4le galvanis\u00e9e r\u00e9sistante \u00e0 la rouille. Vous n'aurez jamais \u00e0 vous soucier de trop remplir la cuve gr\u00e2ce au syst\u00e8me astucieux de protection contre les d\u00e9bordements d'eau, et le couvercle de s\u00e9curit\u00e9 garantit que l'appareil arr\u00eate de tourner lorsque le dessus est ouvert. Cette machine \u00e0 laver \u00e9l\u00e9gante est facile \u00e0 transporter gr\u00e2ce \u00e0 ses roulettes pratiques et b\u00e9n\u00e9ficie \u00e9galement d'une garantie de 12 mois sur les pi\u00e8ces et la main-d'\u0153uvre avec un service \u00e0 domicile pratique.","breadcrumb":[],"inLanguage":"fr-CA","potentialAction":[{"@type":"ReadAction","target":["https:\/\/www.danby.com\/fr\/products\/machines-a-laver-le-linge\/dwm17wdb\/"]}]},{"@type":"ImageObject","inLanguage":"fr-CA","url":"https:\/\/www.danby.com\/fr\/wp-content\/uploads\/sites\/2\/2025\/10\/dwm17wdb-thumbnail.jpg","contentUrl":"https:\/\/www.danby.com\/fr\/wp-content\/uploads\/sites\/2\/2025\/10\/dwm17wdb-thumbnail.jpg","width":768,"height":1024},{"@type":"BreadcrumbList","itemListElement":[{"@type":"ListItem","position":1,"name":"Home","item":"https:\/\/www.danby.com\/fr\/"},{"@type":"ListItem","position":2,"name":"Boutique","item":"https:\/\/www.danby.com\/fr\/boutique\/"},{"@type":"ListItem","position":3,"name":"Danby 11.02 poid Machines \u00e0 laver le linge"}]},{"@type":"WebSite","url":"https:\/\/www.danby.com\/fr\/","name":"Danby - Canada - French","description":"Leader dans le domaine de la r\u00e9frig\u00e9ration et des appareils sp\u00e9cialis\u00e9s","publisher":[],"potentialAction":[{"@type":"SearchAction","target":{"@type":"EntryPoint","urlTemplate":"https:\/\/www.danby.com\/fr\/?s={search_term_string}"},"query-input":{"@type":"PropertyValueSpecification","valueRequired":true,"valueName":"search_term_string"}}],"inLanguage":"fr-CA"},{"@type":"Organization","name":"Danby Appliances","url":"https:\/\/www.danby.com\/fr\/","logo":{"@type":"ImageObject","inLanguage":"fr-CA","url":"https:\/\/cdnweb.danby.com\/wp-content\/uploads\/sites\/2\/2022\/02\/10141906\/Danby75Ans_Blue.png","contentUrl":"https:\/\/cdnweb.danby.com\/wp-content\/uploads\/sites\/2\/2022\/02\/10141906\/Danby75Ans_Blue.png","width":470,"height":110,"caption":"Danby Appliances"},"image":[],"sameAs":["https:\/\/www.facebook.com\/DanbyAppliances","https:\/\/x.com\/DanbyAppliance","https:\/\/instagram.com\/danbyappliances\/","https:\/\/www.linkedin.com\/company\/danbyappliances","https:\/\/www.pinterest.ca\/danbyappliances\/","https:\/\/www.youtube.com\/user\/DanbyProducts","https:\/\/en.wikipedia.org\/wiki\/Danby_(appliances)"]}]}},"post_mailing_queue_ids":[],"_links":{"self":[{"href":"https:\/\/www.danby.com\/fr\/wp-json\/wp\/v2\/product\/5301","targetHints":{"allow":["GET"]}}],"collection":[{"href":"https:\/\/www.danby.com\/fr\/wp-json\/wp\/v2\/product"}],"about":[{"href":"https:\/\/www.danby.com\/fr\/wp-json\/wp\/v2\/types\/product"}],"replies":[{"embeddable":true,"href":"https:\/\/www.danby.com\/fr\/wp-json\/wp\/v2\/comments?post=5301"}],"wp:featuredmedia":[{"embeddable":true,"href":"https:\/\/www.danby.com\/fr\/wp-json\/wp\/v2\/media\/35292"}],"wp:attachment":[{"href":"https:\/\/www.danby.com\/fr\/wp-json\/wp\/v2\/media?parent=5301"}],"wp:term":[{"taxonomy":"product_brand","embeddable":true,"href":"https:\/\/www.danby.com\/fr\/wp-json\/wp\/v2\/product_brand?post=5301"},{"taxonomy":"product_cat","embeddable":true,"href":"https:\/\/www.danby.com\/fr\/wp-json\/wp\/v2\/product_cat?post=5301"},{"taxonomy":"product_tag","embeddable":true,"href":"https:\/\/www.danby.com\/fr\/wp-json\/wp\/v2\/product_tag?post=5301"}],"curies":[{"name":"wp","href":"https:\/\/api.w.org\/{rel}","templated":true}]}}