{"id":5298,"date":"2022-02-03T19:22:09","date_gmt":"2022-02-03T19:22:09","guid":{"rendered":"https:\/\/www.danby.com\/fr\/product\/dwm065wdb\/"},"modified":"2026-04-09T10:08:11","modified_gmt":"2026-04-09T10:08:11","slug":"dwm065wdb","status":"publish","type":"product","link":"https:\/\/www.danby.com\/fr\/products\/machines-a-laver-le-linge\/dwm065wdb\/","title":{"rendered":"Danby Lave-linge compact \u00e0 chargement par le haut de 1,8 pi3 en blanc"},"content":{"rendered":"","protected":false},"excerpt":{"rendered":"<ul>\n<li>Taille compacte : lave-linge portable de 1,8 pi3 \u00e0 chargement par le haut, parfait pour les appartements, les maisons et les petits espaces.<\/li>\n<li>Pulsateur : Permet \u00e0 l&#8217;eau et au d\u00e9tergent de traverser les tissus efficacement tout en offrant \u00e0 la fois une action puissante de l&#8217;eau pour nettoyer les v\u00eatements plus grands et plus lourds et une action douce de l&#8217;eau pour nettoyer tous les tissus d\u00e9licats, ce qui garantit une usure moindre des v\u00eatements.<\/li>\n<li>Panneau de commande num\u00e9rique facile \u00e0 utiliser avec affichage LED et d\u00e9marrage diff\u00e9r\u00e9.<\/li>\n<li>4 cycles de lavage et 10 niveaux d&#8217;eau offrent une grande souplesse pour le lavage de charges de types et de tailles diff\u00e9rents<\/li>\n<li>La s\u00e9curit\u00e9 enfants emp\u00eache les petits d&#8217;ouvrir le couvercle.<\/li>\n<li>Tambour en acier inoxydable : L&#8217;acier inoxydable est utilis\u00e9 pour sa durabilit\u00e9 et ne rouille pas avec le temps.<\/li>\n<li>L&#8217;\u00e9quilibrage automatique de l&#8217;essorage corrige les charges de lavage d\u00e9s\u00e9quilibr\u00e9es.<\/li>\n<li>La technologie de protection contre les d\u00e9bordements emp\u00eache les fuites d&#8217;eau<\/li>\n<\/ul>\n","protected":false},"featured_media":0,"comment_status":"closed","ping_status":"open","template":"","meta":{"_acf_changed":false},"product_brand":[],"product_cat":[39],"product_tag":[],"class_list":{"0":"post-5298","1":"product","2":"type-product","3":"status-publish","5":"product_cat-machines-a-laver-le-linge","7":"first","8":"outofstock","9":"taxable","10":"shipping-taxable","11":"purchasable","12":"product-type-simple"},"acf":[],"yoast_head":"<!-- This site is optimized with the Yoast SEO plugin v26.7 - https:\/\/yoast.com\/wordpress\/plugins\/seo\/ -->\n<title>Danby Lave-linge compact \u00e0 chargement par le haut de 1,8 pi3 en blanc - DWM065WDB | Danby Canada<\/title>\n<meta name=\"description\" content=\"Profitez de la commodit\u00e9 de la lessive \u00e0 domicile, m\u00eame dans les petits espaces, avec cette machine \u00e0 laver \u00e0 chargement par le dessus de 1,8 pi3 de Danby. La taille compacte et les rouleaux arri\u00e8re rendent cette machine facile \u00e0 utiliser et \u00e0 ranger au besoin. Pour l&#039;installer, il suffit de raccorder le tuyau \u00e0 votre robinet standard \u00e0 l&#039;aide du kit de raccordement inclus. Dot\u00e9 d&#039;un panneau de commande num\u00e9rique convivial avec affichage LED, choisissez parmi 4 cycles de lavage et 10 niveaux d&#039;eau diff\u00e9rents pour s&#039;adapter aux diff\u00e9rentes tailles de charge. Le pulsateur de lavage efficace permet \u00e0 l&#039;eau et au d\u00e9tergent de p\u00e9n\u00e9trer plus efficacement dans les tissus, garantissant ainsi que m\u00eame les charges les plus lourdes restent propres. Les autres caract\u00e9ristiques comprennent un tambour en acier inoxydable, une s\u00e9curit\u00e9 enfants, une fonction d&#039;\u00e9quilibrage automatique int\u00e9gr\u00e9e et une technologie de protection contre les d\u00e9bordements.\" \/>\n<meta name=\"robots\" content=\"index, follow, max-snippet:-1, max-image-preview:large, max-video-preview:-1\" \/>\n<link rel=\"canonical\" href=\"https:\/\/www.danby.com\/fr\/products\/machines-a-laver-le-linge\/dwm065wdb\/\" \/>\n<meta property=\"og:locale\" content=\"fr_CA\" \/>\n<meta property=\"og:type\" content=\"article\" \/>\n<meta property=\"og:title\" content=\"Danby Lave-linge compact \u00e0 chargement par le haut de 1,8 pi3 en blanc - DWM065WDB | Danby Canada\" \/>\n<meta property=\"og:description\" content=\"Profitez de la commodit\u00e9 de la lessive \u00e0 domicile, m\u00eame dans les petits espaces, avec cette machine \u00e0 laver \u00e0 chargement par le dessus de 1,8 pi3 de Danby. La taille compacte et les rouleaux arri\u00e8re rendent cette machine facile \u00e0 utiliser et \u00e0 ranger au besoin. Pour l&#039;installer, il suffit de raccorder le tuyau \u00e0 votre robinet standard \u00e0 l&#039;aide du kit de raccordement inclus. Dot\u00e9 d&#039;un panneau de commande num\u00e9rique convivial avec affichage LED, choisissez parmi 4 cycles de lavage et 10 niveaux d&#039;eau diff\u00e9rents pour s&#039;adapter aux diff\u00e9rentes tailles de charge. Le pulsateur de lavage efficace permet \u00e0 l&#039;eau et au d\u00e9tergent de p\u00e9n\u00e9trer plus efficacement dans les tissus, garantissant ainsi que m\u00eame les charges les plus lourdes restent propres. Les autres caract\u00e9ristiques comprennent un tambour en acier inoxydable, une s\u00e9curit\u00e9 enfants, une fonction d&#039;\u00e9quilibrage automatique int\u00e9gr\u00e9e et une technologie de protection contre les d\u00e9bordements.\" \/>\n<meta property=\"og:url\" content=\"https:\/\/www.danby.com\/fr\/products\/machines-a-laver-le-linge\/dwm065wdb\/\" \/>\n<meta property=\"og:site_name\" content=\"Danby - Canada - French\" \/>\n<meta property=\"article:publisher\" content=\"https:\/\/www.facebook.com\/DanbyAppliances\" \/>\n<meta property=\"article:modified_time\" content=\"2026-04-09T10:08:11+00:00\" \/>\n<meta property=\"og:image\" content=\"https:\/\/cdnweb.danby.com\/wp-content\/uploads\/sites\/2\/2023\/11\/22205845\/Laundry__0004_DWM065WDB.jpg\" \/>\n\t<meta property=\"og:image:width\" content=\"1125\" \/>\n\t<meta property=\"og:image:height\" content=\"1500\" \/>\n\t<meta property=\"og:image:type\" content=\"image\/jpeg\" \/>\n<meta name=\"twitter:card\" content=\"summary_large_image\" \/>\n<meta name=\"twitter:site\" content=\"@DanbyAppliance\" \/>\n<script type=\"application\/ld+json\" class=\"yoast-schema-graph\">{\"@context\":\"https:\/\/schema.org\",\"@graph\":[{\"@type\":[\"WebPage\",\"ItemPage\"],\"url\":\"https:\/\/www.danby.com\/fr\/products\/machines-a-laver-le-linge\/dwm065wdb\/\",\"name\":\"Danby Lave-linge compact \u00e0 chargement par le haut de 1,8 pi3 en blanc - DWM065WDB | Danby Canada\",\"isPartOf\":[],\"datePublished\":\"2022-02-03T19:22:09+00:00\",\"dateModified\":\"2026-04-09T10:08:11+00:00\",\"description\":\"Profitez de la commodit\u00e9 de la lessive \u00e0 domicile, m\u00eame dans les petits espaces, avec cette machine \u00e0 laver \u00e0 chargement par le dessus de 1,8 pi3 de Danby. La taille compacte et les rouleaux arri\u00e8re rendent cette machine facile \u00e0 utiliser et \u00e0 ranger au besoin. Pour l'installer, il suffit de raccorder le tuyau \u00e0 votre robinet standard \u00e0 l'aide du kit de raccordement inclus. Dot\u00e9 d'un panneau de commande num\u00e9rique convivial avec affichage LED, choisissez parmi 4 cycles de lavage et 10 niveaux d'eau diff\u00e9rents pour s'adapter aux diff\u00e9rentes tailles de charge. Le pulsateur de lavage efficace permet \u00e0 l'eau et au d\u00e9tergent de p\u00e9n\u00e9trer plus efficacement dans les tissus, garantissant ainsi que m\u00eame les charges les plus lourdes restent propres. Les autres caract\u00e9ristiques comprennent un tambour en acier inoxydable, une s\u00e9curit\u00e9 enfants, une fonction d'\u00e9quilibrage automatique int\u00e9gr\u00e9e et une technologie de protection contre les d\u00e9bordements.\",\"breadcrumb\":[],\"inLanguage\":\"fr-CA\",\"potentialAction\":[{\"@type\":\"ReadAction\",\"target\":[\"https:\/\/www.danby.com\/fr\/products\/machines-a-laver-le-linge\/dwm065wdb\/\"]}]},{\"@type\":\"BreadcrumbList\",\"itemListElement\":[{\"@type\":\"ListItem\",\"position\":1,\"name\":\"Home\",\"item\":\"https:\/\/www.danby.com\/fr\/\"},{\"@type\":\"ListItem\",\"position\":2,\"name\":\"Boutique\",\"item\":\"https:\/\/www.danby.com\/fr\/boutique\/\"},{\"@type\":\"ListItem\",\"position\":3,\"name\":\"Danby Lave-linge compact \u00e0 chargement par le haut de 1,8 pi3 en blanc\"}]},{\"@type\":\"WebSite\",\"url\":\"https:\/\/www.danby.com\/fr\/\",\"name\":\"Danby - Canada - French\",\"description\":\"Leader dans le domaine de la r\u00e9frig\u00e9ration et des appareils sp\u00e9cialis\u00e9s\",\"publisher\":[],\"potentialAction\":[{\"@type\":\"SearchAction\",\"target\":{\"@type\":\"EntryPoint\",\"urlTemplate\":\"https:\/\/www.danby.com\/fr\/?s={search_term_string}\"},\"query-input\":{\"@type\":\"PropertyValueSpecification\",\"valueRequired\":true,\"valueName\":\"search_term_string\"}}],\"inLanguage\":\"fr-CA\"},{\"@type\":\"Organization\",\"name\":\"Danby Appliances\",\"url\":\"https:\/\/www.danby.com\/fr\/\",\"logo\":{\"@type\":\"ImageObject\",\"inLanguage\":\"fr-CA\",\"url\":\"https:\/\/cdnweb.danby.com\/wp-content\/uploads\/sites\/2\/2022\/02\/10141906\/Danby75Ans_Blue.png\",\"contentUrl\":\"https:\/\/cdnweb.danby.com\/wp-content\/uploads\/sites\/2\/2022\/02\/10141906\/Danby75Ans_Blue.png\",\"width\":470,\"height\":110,\"caption\":\"Danby Appliances\"},\"image\":[],\"sameAs\":[\"https:\/\/www.facebook.com\/DanbyAppliances\",\"https:\/\/x.com\/DanbyAppliance\",\"https:\/\/instagram.com\/danbyappliances\/\",\"https:\/\/www.linkedin.com\/company\/danbyappliances\",\"https:\/\/www.pinterest.ca\/danbyappliances\/\",\"https:\/\/www.youtube.com\/user\/DanbyProducts\",\"https:\/\/en.wikipedia.org\/wiki\/Danby_(appliances)\"]}]}<\/script>\n<!-- \/ Yoast SEO plugin. -->","yoast_head_json":{"title":"Danby Lave-linge compact \u00e0 chargement par le haut de 1,8 pi3 en blanc - DWM065WDB | Danby Canada","description":"Profitez de la commodit\u00e9 de la lessive \u00e0 domicile, m\u00eame dans les petits espaces, avec cette machine \u00e0 laver \u00e0 chargement par le dessus de 1,8 pi3 de Danby. La taille compacte et les rouleaux arri\u00e8re rendent cette machine facile \u00e0 utiliser et \u00e0 ranger au besoin. Pour l'installer, il suffit de raccorder le tuyau \u00e0 votre robinet standard \u00e0 l'aide du kit de raccordement inclus. Dot\u00e9 d'un panneau de commande num\u00e9rique convivial avec affichage LED, choisissez parmi 4 cycles de lavage et 10 niveaux d'eau diff\u00e9rents pour s'adapter aux diff\u00e9rentes tailles de charge. Le pulsateur de lavage efficace permet \u00e0 l'eau et au d\u00e9tergent de p\u00e9n\u00e9trer plus efficacement dans les tissus, garantissant ainsi que m\u00eame les charges les plus lourdes restent propres. Les autres caract\u00e9ristiques comprennent un tambour en acier inoxydable, une s\u00e9curit\u00e9 enfants, une fonction d'\u00e9quilibrage automatique int\u00e9gr\u00e9e et une technologie de protection contre les d\u00e9bordements.","robots":{"index":"index","follow":"follow","max-snippet":"max-snippet:-1","max-image-preview":"max-image-preview:large","max-video-preview":"max-video-preview:-1"},"canonical":"https:\/\/www.danby.com\/fr\/products\/machines-a-laver-le-linge\/dwm065wdb\/","og_locale":"fr_CA","og_type":"article","og_title":"Danby Lave-linge compact \u00e0 chargement par le haut de 1,8 pi3 en blanc - DWM065WDB | Danby Canada","og_description":"Profitez de la commodit\u00e9 de la lessive \u00e0 domicile, m\u00eame dans les petits espaces, avec cette machine \u00e0 laver \u00e0 chargement par le dessus de 1,8 pi3 de Danby. La taille compacte et les rouleaux arri\u00e8re rendent cette machine facile \u00e0 utiliser et \u00e0 ranger au besoin. Pour l'installer, il suffit de raccorder le tuyau \u00e0 votre robinet standard \u00e0 l'aide du kit de raccordement inclus. Dot\u00e9 d'un panneau de commande num\u00e9rique convivial avec affichage LED, choisissez parmi 4 cycles de lavage et 10 niveaux d'eau diff\u00e9rents pour s'adapter aux diff\u00e9rentes tailles de charge. Le pulsateur de lavage efficace permet \u00e0 l'eau et au d\u00e9tergent de p\u00e9n\u00e9trer plus efficacement dans les tissus, garantissant ainsi que m\u00eame les charges les plus lourdes restent propres. Les autres caract\u00e9ristiques comprennent un tambour en acier inoxydable, une s\u00e9curit\u00e9 enfants, une fonction d'\u00e9quilibrage automatique int\u00e9gr\u00e9e et une technologie de protection contre les d\u00e9bordements.","og_url":"https:\/\/www.danby.com\/fr\/products\/machines-a-laver-le-linge\/dwm065wdb\/","og_site_name":"Danby - Canada - French","article_publisher":"https:\/\/www.facebook.com\/DanbyAppliances","article_modified_time":"2026-04-09T10:08:11+00:00","og_image":[{"width":1125,"height":1500,"url":"https:\/\/cdnweb.danby.com\/wp-content\/uploads\/sites\/2\/2023\/11\/22205845\/Laundry__0004_DWM065WDB.jpg","type":"image\/jpeg"}],"twitter_card":"summary_large_image","twitter_site":"@DanbyAppliance","schema":{"@context":"https:\/\/schema.org","@graph":[{"@type":["WebPage","ItemPage"],"url":"https:\/\/www.danby.com\/fr\/products\/machines-a-laver-le-linge\/dwm065wdb\/","name":"Danby Lave-linge compact \u00e0 chargement par le haut de 1,8 pi3 en blanc - DWM065WDB | Danby Canada","isPartOf":[],"datePublished":"2022-02-03T19:22:09+00:00","dateModified":"2026-04-09T10:08:11+00:00","description":"Profitez de la commodit\u00e9 de la lessive \u00e0 domicile, m\u00eame dans les petits espaces, avec cette machine \u00e0 laver \u00e0 chargement par le dessus de 1,8 pi3 de Danby. La taille compacte et les rouleaux arri\u00e8re rendent cette machine facile \u00e0 utiliser et \u00e0 ranger au besoin. Pour l'installer, il suffit de raccorder le tuyau \u00e0 votre robinet standard \u00e0 l'aide du kit de raccordement inclus. Dot\u00e9 d'un panneau de commande num\u00e9rique convivial avec affichage LED, choisissez parmi 4 cycles de lavage et 10 niveaux d'eau diff\u00e9rents pour s'adapter aux diff\u00e9rentes tailles de charge. Le pulsateur de lavage efficace permet \u00e0 l'eau et au d\u00e9tergent de p\u00e9n\u00e9trer plus efficacement dans les tissus, garantissant ainsi que m\u00eame les charges les plus lourdes restent propres. Les autres caract\u00e9ristiques comprennent un tambour en acier inoxydable, une s\u00e9curit\u00e9 enfants, une fonction d'\u00e9quilibrage automatique int\u00e9gr\u00e9e et une technologie de protection contre les d\u00e9bordements.","breadcrumb":[],"inLanguage":"fr-CA","potentialAction":[{"@type":"ReadAction","target":["https:\/\/www.danby.com\/fr\/products\/machines-a-laver-le-linge\/dwm065wdb\/"]}]},{"@type":"BreadcrumbList","itemListElement":[{"@type":"ListItem","position":1,"name":"Home","item":"https:\/\/www.danby.com\/fr\/"},{"@type":"ListItem","position":2,"name":"Boutique","item":"https:\/\/www.danby.com\/fr\/boutique\/"},{"@type":"ListItem","position":3,"name":"Danby Lave-linge compact \u00e0 chargement par le haut de 1,8 pi3 en blanc"}]},{"@type":"WebSite","url":"https:\/\/www.danby.com\/fr\/","name":"Danby - Canada - French","description":"Leader dans le domaine de la r\u00e9frig\u00e9ration et des appareils sp\u00e9cialis\u00e9s","publisher":[],"potentialAction":[{"@type":"SearchAction","target":{"@type":"EntryPoint","urlTemplate":"https:\/\/www.danby.com\/fr\/?s={search_term_string}"},"query-input":{"@type":"PropertyValueSpecification","valueRequired":true,"valueName":"search_term_string"}}],"inLanguage":"fr-CA"},{"@type":"Organization","name":"Danby Appliances","url":"https:\/\/www.danby.com\/fr\/","logo":{"@type":"ImageObject","inLanguage":"fr-CA","url":"https:\/\/cdnweb.danby.com\/wp-content\/uploads\/sites\/2\/2022\/02\/10141906\/Danby75Ans_Blue.png","contentUrl":"https:\/\/cdnweb.danby.com\/wp-content\/uploads\/sites\/2\/2022\/02\/10141906\/Danby75Ans_Blue.png","width":470,"height":110,"caption":"Danby Appliances"},"image":[],"sameAs":["https:\/\/www.facebook.com\/DanbyAppliances","https:\/\/x.com\/DanbyAppliance","https:\/\/instagram.com\/danbyappliances\/","https:\/\/www.linkedin.com\/company\/danbyappliances","https:\/\/www.pinterest.ca\/danbyappliances\/","https:\/\/www.youtube.com\/user\/DanbyProducts","https:\/\/en.wikipedia.org\/wiki\/Danby_(appliances)"]}]}},"post_mailing_queue_ids":[],"_links":{"self":[{"href":"https:\/\/www.danby.com\/fr\/wp-json\/wp\/v2\/product\/5298","targetHints":{"allow":["GET"]}}],"collection":[{"href":"https:\/\/www.danby.com\/fr\/wp-json\/wp\/v2\/product"}],"about":[{"href":"https:\/\/www.danby.com\/fr\/wp-json\/wp\/v2\/types\/product"}],"replies":[{"embeddable":true,"href":"https:\/\/www.danby.com\/fr\/wp-json\/wp\/v2\/comments?post=5298"}],"wp:attachment":[{"href":"https:\/\/www.danby.com\/fr\/wp-json\/wp\/v2\/media?parent=5298"}],"wp:term":[{"taxonomy":"product_brand","embeddable":true,"href":"https:\/\/www.danby.com\/fr\/wp-json\/wp\/v2\/product_brand?post=5298"},{"taxonomy":"product_cat","embeddable":true,"href":"https:\/\/www.danby.com\/fr\/wp-json\/wp\/v2\/product_cat?post=5298"},{"taxonomy":"product_tag","embeddable":true,"href":"https:\/\/www.danby.com\/fr\/wp-json\/wp\/v2\/product_tag?post=5298"}],"curies":[{"name":"wp","href":"https:\/\/api.w.org\/{rel}","templated":true}]}}