{"id":5297,"date":"2022-02-03T19:22:09","date_gmt":"2022-02-03T19:22:09","guid":{"rendered":"https:\/\/www.danby.com\/fr\/product\/dwm065a1wdb-6\/"},"modified":"2026-04-19T10:09:18","modified_gmt":"2026-04-19T10:09:18","slug":"dwm065a1wdb-6","status":"publish","type":"product","link":"https:\/\/www.danby.com\/fr\/products\/machines-a-laver-le-linge\/dwm065a1wdb-6\/","title":{"rendered":"Danby Lave-linge compact \u00e0 chargement par le haut de 1,8 pi3 en Blanc"},"content":{"rendered":"","protected":false},"excerpt":{"rendered":"<ul>\n<li>4 cycles de lavage et 10 niveaux d&#8217;eau offrent une grande souplesse pour le lavage de charges de diff\u00e9rents types et tailles<\/li>\n<li>Lave-linge portable \u00e0 chargement par le haut de 1,8 pi3<\/li>\n<li>Panneau de commande num\u00e9rique facile \u00e0 utiliser avec affichage LED et d\u00e9marrage diff\u00e9r\u00e9<\/li>\n<li>Pulsateur : Permet \u00e0 l&#8217;eau et au d\u00e9tergent de passer efficacement \u00e0 travers les tissus tout en fournissant \u00e0 la fois une action puissante de l&#8217;eau pour nettoyer les v\u00eatements plus grands et plus lourds et une action douce de l&#8217;eau pour nettoyer tous les tissus d\u00e9licats, ce qui garantit une moindre usure des v\u00eatements.<\/li>\n<li>La fermeture \u00e0 l&#8217;\u00e9preuve des enfants emp\u00eache les petits d&#8217;ouvrir le couvercle<\/li>\n<li>F\u00fbt en acier inoxydable<\/li>\n<li>L&#8217;\u00e9quilibrage automatique de l&#8217;essorage corrige les charges de lavage d\u00e9s\u00e9quilibr\u00e9es<\/li>\n<li>La technologie de protection contre les d\u00e9bordements emp\u00eache les fuites d&#8217;eau<\/li>\n<\/ul>\n","protected":false},"featured_media":35708,"comment_status":"closed","ping_status":"closed","template":"","meta":{"_acf_changed":false},"product_brand":[],"product_cat":[39],"product_tag":[],"class_list":{"0":"post-5297","1":"product","2":"type-product","3":"status-publish","4":"has-post-thumbnail","6":"product_cat-machines-a-laver-le-linge","8":"first","9":"instock","10":"taxable","11":"shipping-taxable","12":"purchasable","13":"product-type-simple"},"acf":[],"yoast_head":"<!-- This site is optimized with the Yoast SEO plugin v26.7 - https:\/\/yoast.com\/wordpress\/plugins\/seo\/ -->\n<title>Danby Lave-linge compact \u00e0 chargement par le haut de 1,8 pi3 en Blanc - DWM065A1WDB-6 | Danby Canada<\/title>\n<meta name=\"description\" content=\"Ce lave-linge portable \u00e0 chargement par le haut de 1,8 pi3 de Danby est parfait pour quiconque vit dans un appartement ou un petit espace de vie sans acc\u00e8s \u00e0 une buanderie. Choisissez entre 4 cycles de lavage et 10 niveaux d&#039;eau diff\u00e9rents pour s&#039;adapter \u00e0 des charges de tailles diverses. Le pulsateur permet \u00e0 l&#039;eau et au d\u00e9tergent de p\u00e9n\u00e9trer plus efficacement dans les tissus, ce qui garantit que m\u00eame les charges les plus lourdes ressortent propres. Pour installer cet appareil portable, il suffit de raccorder le tuyau \u00e0 votre robinet standard \u00e0 l&#039;aide du kit de raccordement fourni. Les roulettes arri\u00e8re permettent de ranger facilement l&#039;appareil lorsqu&#039;il n&#039;est pas utilis\u00e9. Les autres caract\u00e9ristiques comprennent un tambour en acier inoxydable, une s\u00e9curit\u00e9 enfants, un \u00e9quilibrage automatique, une protection contre le d\u00e9bordement et une garantie de 12 mois sur les pi\u00e8ces et la main-d&#039;\u0153uvre avec service \u00e0 domicile.\" \/>\n<meta name=\"robots\" content=\"index, follow, max-snippet:-1, max-image-preview:large, max-video-preview:-1\" \/>\n<link rel=\"canonical\" href=\"https:\/\/www.danby.com\/fr\/products\/machines-a-laver-le-linge\/dwm065a1wdb-6\/\" \/>\n<meta property=\"og:locale\" content=\"fr_CA\" \/>\n<meta property=\"og:type\" content=\"article\" \/>\n<meta property=\"og:title\" content=\"Danby Lave-linge compact \u00e0 chargement par le haut de 1,8 pi3 en Blanc - DWM065A1WDB-6 | Danby Canada\" \/>\n<meta property=\"og:description\" content=\"Ce lave-linge portable \u00e0 chargement par le haut de 1,8 pi3 de Danby est parfait pour quiconque vit dans un appartement ou un petit espace de vie sans acc\u00e8s \u00e0 une buanderie. Choisissez entre 4 cycles de lavage et 10 niveaux d&#039;eau diff\u00e9rents pour s&#039;adapter \u00e0 des charges de tailles diverses. Le pulsateur permet \u00e0 l&#039;eau et au d\u00e9tergent de p\u00e9n\u00e9trer plus efficacement dans les tissus, ce qui garantit que m\u00eame les charges les plus lourdes ressortent propres. Pour installer cet appareil portable, il suffit de raccorder le tuyau \u00e0 votre robinet standard \u00e0 l&#039;aide du kit de raccordement fourni. Les roulettes arri\u00e8re permettent de ranger facilement l&#039;appareil lorsqu&#039;il n&#039;est pas utilis\u00e9. Les autres caract\u00e9ristiques comprennent un tambour en acier inoxydable, une s\u00e9curit\u00e9 enfants, un \u00e9quilibrage automatique, une protection contre le d\u00e9bordement et une garantie de 12 mois sur les pi\u00e8ces et la main-d&#039;\u0153uvre avec service \u00e0 domicile.\" \/>\n<meta property=\"og:url\" content=\"https:\/\/www.danby.com\/fr\/products\/machines-a-laver-le-linge\/dwm065a1wdb-6\/\" \/>\n<meta property=\"og:site_name\" content=\"Danby - Canada - French\" \/>\n<meta property=\"article:publisher\" content=\"https:\/\/www.facebook.com\/DanbyAppliances\" \/>\n<meta property=\"article:modified_time\" content=\"2026-04-19T10:09:18+00:00\" \/>\n<meta property=\"og:image\" content=\"https:\/\/www.danby.com\/fr\/wp-content\/uploads\/sites\/2\/2025\/11\/dwm065a1wdb-6-thumbnail.jpg\" \/>\n\t<meta property=\"og:image:width\" content=\"768\" \/>\n\t<meta property=\"og:image:height\" content=\"1024\" \/>\n\t<meta property=\"og:image:type\" content=\"image\/jpeg\" \/>\n<meta name=\"twitter:card\" content=\"summary_large_image\" \/>\n<meta name=\"twitter:site\" content=\"@DanbyAppliance\" \/>\n<meta name=\"twitter:label1\" content=\"Estimation du temps de lecture\" \/>\n\t<meta name=\"twitter:data1\" content=\"1 minute\" \/>\n<script type=\"application\/ld+json\" class=\"yoast-schema-graph\">{\"@context\":\"https:\/\/schema.org\",\"@graph\":[{\"@type\":[\"WebPage\",\"ItemPage\"],\"url\":\"https:\/\/www.danby.com\/fr\/products\/machines-a-laver-le-linge\/dwm065a1wdb-6\/\",\"name\":\"Danby Lave-linge compact \u00e0 chargement par le haut de 1,8 pi3 en Blanc - DWM065A1WDB-6 | Danby Canada\",\"isPartOf\":[],\"primaryImageOfPage\":[],\"image\":[],\"thumbnailUrl\":\"https:\/\/www.danby.com\/fr\/wp-content\/uploads\/sites\/2\/2025\/11\/dwm065a1wdb-6-thumbnail.jpg\",\"datePublished\":\"2022-02-03T19:22:09+00:00\",\"dateModified\":\"2026-04-19T10:09:18+00:00\",\"description\":\"Ce lave-linge portable \u00e0 chargement par le haut de 1,8 pi3 de Danby est parfait pour quiconque vit dans un appartement ou un petit espace de vie sans acc\u00e8s \u00e0 une buanderie. Choisissez entre 4 cycles de lavage et 10 niveaux d'eau diff\u00e9rents pour s'adapter \u00e0 des charges de tailles diverses. Le pulsateur permet \u00e0 l'eau et au d\u00e9tergent de p\u00e9n\u00e9trer plus efficacement dans les tissus, ce qui garantit que m\u00eame les charges les plus lourdes ressortent propres. Pour installer cet appareil portable, il suffit de raccorder le tuyau \u00e0 votre robinet standard \u00e0 l'aide du kit de raccordement fourni. Les roulettes arri\u00e8re permettent de ranger facilement l'appareil lorsqu'il n'est pas utilis\u00e9. Les autres caract\u00e9ristiques comprennent un tambour en acier inoxydable, une s\u00e9curit\u00e9 enfants, un \u00e9quilibrage automatique, une protection contre le d\u00e9bordement et une garantie de 12 mois sur les pi\u00e8ces et la main-d'\u0153uvre avec service \u00e0 domicile.\",\"breadcrumb\":[],\"inLanguage\":\"fr-CA\",\"potentialAction\":[{\"@type\":\"ReadAction\",\"target\":[\"https:\/\/www.danby.com\/fr\/products\/machines-a-laver-le-linge\/dwm065a1wdb-6\/\"]}]},{\"@type\":\"ImageObject\",\"inLanguage\":\"fr-CA\",\"url\":\"https:\/\/www.danby.com\/fr\/wp-content\/uploads\/sites\/2\/2025\/11\/dwm065a1wdb-6-thumbnail.jpg\",\"contentUrl\":\"https:\/\/www.danby.com\/fr\/wp-content\/uploads\/sites\/2\/2025\/11\/dwm065a1wdb-6-thumbnail.jpg\",\"width\":768,\"height\":1024},{\"@type\":\"BreadcrumbList\",\"itemListElement\":[{\"@type\":\"ListItem\",\"position\":1,\"name\":\"Home\",\"item\":\"https:\/\/www.danby.com\/fr\/\"},{\"@type\":\"ListItem\",\"position\":2,\"name\":\"Boutique\",\"item\":\"https:\/\/www.danby.com\/fr\/boutique\/\"},{\"@type\":\"ListItem\",\"position\":3,\"name\":\"Danby Lave-linge compact \u00e0 chargement par le haut de 1,8 pi3 en Blanc\"}]},{\"@type\":\"WebSite\",\"url\":\"https:\/\/www.danby.com\/fr\/\",\"name\":\"Danby - Canada - French\",\"description\":\"Leader dans le domaine de la r\u00e9frig\u00e9ration et des appareils sp\u00e9cialis\u00e9s\",\"publisher\":[],\"potentialAction\":[{\"@type\":\"SearchAction\",\"target\":{\"@type\":\"EntryPoint\",\"urlTemplate\":\"https:\/\/www.danby.com\/fr\/?s={search_term_string}\"},\"query-input\":{\"@type\":\"PropertyValueSpecification\",\"valueRequired\":true,\"valueName\":\"search_term_string\"}}],\"inLanguage\":\"fr-CA\"},{\"@type\":\"Organization\",\"name\":\"Danby Appliances\",\"url\":\"https:\/\/www.danby.com\/fr\/\",\"logo\":{\"@type\":\"ImageObject\",\"inLanguage\":\"fr-CA\",\"url\":\"https:\/\/cdnweb.danby.com\/wp-content\/uploads\/sites\/2\/2022\/02\/10141906\/Danby75Ans_Blue.png\",\"contentUrl\":\"https:\/\/cdnweb.danby.com\/wp-content\/uploads\/sites\/2\/2022\/02\/10141906\/Danby75Ans_Blue.png\",\"width\":470,\"height\":110,\"caption\":\"Danby Appliances\"},\"image\":[],\"sameAs\":[\"https:\/\/www.facebook.com\/DanbyAppliances\",\"https:\/\/x.com\/DanbyAppliance\",\"https:\/\/instagram.com\/danbyappliances\/\",\"https:\/\/www.linkedin.com\/company\/danbyappliances\",\"https:\/\/www.pinterest.ca\/danbyappliances\/\",\"https:\/\/www.youtube.com\/user\/DanbyProducts\",\"https:\/\/en.wikipedia.org\/wiki\/Danby_(appliances)\"]}]}<\/script>\n<!-- \/ Yoast SEO plugin. -->","yoast_head_json":{"title":"Danby Lave-linge compact \u00e0 chargement par le haut de 1,8 pi3 en Blanc - DWM065A1WDB-6 | Danby Canada","description":"Ce lave-linge portable \u00e0 chargement par le haut de 1,8 pi3 de Danby est parfait pour quiconque vit dans un appartement ou un petit espace de vie sans acc\u00e8s \u00e0 une buanderie. Choisissez entre 4 cycles de lavage et 10 niveaux d'eau diff\u00e9rents pour s'adapter \u00e0 des charges de tailles diverses. Le pulsateur permet \u00e0 l'eau et au d\u00e9tergent de p\u00e9n\u00e9trer plus efficacement dans les tissus, ce qui garantit que m\u00eame les charges les plus lourdes ressortent propres. Pour installer cet appareil portable, il suffit de raccorder le tuyau \u00e0 votre robinet standard \u00e0 l'aide du kit de raccordement fourni. Les roulettes arri\u00e8re permettent de ranger facilement l'appareil lorsqu'il n'est pas utilis\u00e9. Les autres caract\u00e9ristiques comprennent un tambour en acier inoxydable, une s\u00e9curit\u00e9 enfants, un \u00e9quilibrage automatique, une protection contre le d\u00e9bordement et une garantie de 12 mois sur les pi\u00e8ces et la main-d'\u0153uvre avec service \u00e0 domicile.","robots":{"index":"index","follow":"follow","max-snippet":"max-snippet:-1","max-image-preview":"max-image-preview:large","max-video-preview":"max-video-preview:-1"},"canonical":"https:\/\/www.danby.com\/fr\/products\/machines-a-laver-le-linge\/dwm065a1wdb-6\/","og_locale":"fr_CA","og_type":"article","og_title":"Danby Lave-linge compact \u00e0 chargement par le haut de 1,8 pi3 en Blanc - DWM065A1WDB-6 | Danby Canada","og_description":"Ce lave-linge portable \u00e0 chargement par le haut de 1,8 pi3 de Danby est parfait pour quiconque vit dans un appartement ou un petit espace de vie sans acc\u00e8s \u00e0 une buanderie. Choisissez entre 4 cycles de lavage et 10 niveaux d'eau diff\u00e9rents pour s'adapter \u00e0 des charges de tailles diverses. Le pulsateur permet \u00e0 l'eau et au d\u00e9tergent de p\u00e9n\u00e9trer plus efficacement dans les tissus, ce qui garantit que m\u00eame les charges les plus lourdes ressortent propres. Pour installer cet appareil portable, il suffit de raccorder le tuyau \u00e0 votre robinet standard \u00e0 l'aide du kit de raccordement fourni. Les roulettes arri\u00e8re permettent de ranger facilement l'appareil lorsqu'il n'est pas utilis\u00e9. Les autres caract\u00e9ristiques comprennent un tambour en acier inoxydable, une s\u00e9curit\u00e9 enfants, un \u00e9quilibrage automatique, une protection contre le d\u00e9bordement et une garantie de 12 mois sur les pi\u00e8ces et la main-d'\u0153uvre avec service \u00e0 domicile.","og_url":"https:\/\/www.danby.com\/fr\/products\/machines-a-laver-le-linge\/dwm065a1wdb-6\/","og_site_name":"Danby - Canada - French","article_publisher":"https:\/\/www.facebook.com\/DanbyAppliances","article_modified_time":"2026-04-19T10:09:18+00:00","og_image":[{"width":768,"height":1024,"url":"https:\/\/www.danby.com\/fr\/wp-content\/uploads\/sites\/2\/2025\/11\/dwm065a1wdb-6-thumbnail.jpg","type":"image\/jpeg"}],"twitter_card":"summary_large_image","twitter_site":"@DanbyAppliance","twitter_misc":{"Estimation du temps de lecture":"1 minute"},"schema":{"@context":"https:\/\/schema.org","@graph":[{"@type":["WebPage","ItemPage"],"url":"https:\/\/www.danby.com\/fr\/products\/machines-a-laver-le-linge\/dwm065a1wdb-6\/","name":"Danby Lave-linge compact \u00e0 chargement par le haut de 1,8 pi3 en Blanc - DWM065A1WDB-6 | Danby Canada","isPartOf":[],"primaryImageOfPage":[],"image":[],"thumbnailUrl":"https:\/\/www.danby.com\/fr\/wp-content\/uploads\/sites\/2\/2025\/11\/dwm065a1wdb-6-thumbnail.jpg","datePublished":"2022-02-03T19:22:09+00:00","dateModified":"2026-04-19T10:09:18+00:00","description":"Ce lave-linge portable \u00e0 chargement par le haut de 1,8 pi3 de Danby est parfait pour quiconque vit dans un appartement ou un petit espace de vie sans acc\u00e8s \u00e0 une buanderie. Choisissez entre 4 cycles de lavage et 10 niveaux d'eau diff\u00e9rents pour s'adapter \u00e0 des charges de tailles diverses. Le pulsateur permet \u00e0 l'eau et au d\u00e9tergent de p\u00e9n\u00e9trer plus efficacement dans les tissus, ce qui garantit que m\u00eame les charges les plus lourdes ressortent propres. Pour installer cet appareil portable, il suffit de raccorder le tuyau \u00e0 votre robinet standard \u00e0 l'aide du kit de raccordement fourni. Les roulettes arri\u00e8re permettent de ranger facilement l'appareil lorsqu'il n'est pas utilis\u00e9. Les autres caract\u00e9ristiques comprennent un tambour en acier inoxydable, une s\u00e9curit\u00e9 enfants, un \u00e9quilibrage automatique, une protection contre le d\u00e9bordement et une garantie de 12 mois sur les pi\u00e8ces et la main-d'\u0153uvre avec service \u00e0 domicile.","breadcrumb":[],"inLanguage":"fr-CA","potentialAction":[{"@type":"ReadAction","target":["https:\/\/www.danby.com\/fr\/products\/machines-a-laver-le-linge\/dwm065a1wdb-6\/"]}]},{"@type":"ImageObject","inLanguage":"fr-CA","url":"https:\/\/www.danby.com\/fr\/wp-content\/uploads\/sites\/2\/2025\/11\/dwm065a1wdb-6-thumbnail.jpg","contentUrl":"https:\/\/www.danby.com\/fr\/wp-content\/uploads\/sites\/2\/2025\/11\/dwm065a1wdb-6-thumbnail.jpg","width":768,"height":1024},{"@type":"BreadcrumbList","itemListElement":[{"@type":"ListItem","position":1,"name":"Home","item":"https:\/\/www.danby.com\/fr\/"},{"@type":"ListItem","position":2,"name":"Boutique","item":"https:\/\/www.danby.com\/fr\/boutique\/"},{"@type":"ListItem","position":3,"name":"Danby Lave-linge compact \u00e0 chargement par le haut de 1,8 pi3 en Blanc"}]},{"@type":"WebSite","url":"https:\/\/www.danby.com\/fr\/","name":"Danby - Canada - French","description":"Leader dans le domaine de la r\u00e9frig\u00e9ration et des appareils sp\u00e9cialis\u00e9s","publisher":[],"potentialAction":[{"@type":"SearchAction","target":{"@type":"EntryPoint","urlTemplate":"https:\/\/www.danby.com\/fr\/?s={search_term_string}"},"query-input":{"@type":"PropertyValueSpecification","valueRequired":true,"valueName":"search_term_string"}}],"inLanguage":"fr-CA"},{"@type":"Organization","name":"Danby Appliances","url":"https:\/\/www.danby.com\/fr\/","logo":{"@type":"ImageObject","inLanguage":"fr-CA","url":"https:\/\/cdnweb.danby.com\/wp-content\/uploads\/sites\/2\/2022\/02\/10141906\/Danby75Ans_Blue.png","contentUrl":"https:\/\/cdnweb.danby.com\/wp-content\/uploads\/sites\/2\/2022\/02\/10141906\/Danby75Ans_Blue.png","width":470,"height":110,"caption":"Danby Appliances"},"image":[],"sameAs":["https:\/\/www.facebook.com\/DanbyAppliances","https:\/\/x.com\/DanbyAppliance","https:\/\/instagram.com\/danbyappliances\/","https:\/\/www.linkedin.com\/company\/danbyappliances","https:\/\/www.pinterest.ca\/danbyappliances\/","https:\/\/www.youtube.com\/user\/DanbyProducts","https:\/\/en.wikipedia.org\/wiki\/Danby_(appliances)"]}]}},"post_mailing_queue_ids":[],"_links":{"self":[{"href":"https:\/\/www.danby.com\/fr\/wp-json\/wp\/v2\/product\/5297","targetHints":{"allow":["GET"]}}],"collection":[{"href":"https:\/\/www.danby.com\/fr\/wp-json\/wp\/v2\/product"}],"about":[{"href":"https:\/\/www.danby.com\/fr\/wp-json\/wp\/v2\/types\/product"}],"replies":[{"embeddable":true,"href":"https:\/\/www.danby.com\/fr\/wp-json\/wp\/v2\/comments?post=5297"}],"wp:featuredmedia":[{"embeddable":true,"href":"https:\/\/www.danby.com\/fr\/wp-json\/wp\/v2\/media\/35708"}],"wp:attachment":[{"href":"https:\/\/www.danby.com\/fr\/wp-json\/wp\/v2\/media?parent=5297"}],"wp:term":[{"taxonomy":"product_brand","embeddable":true,"href":"https:\/\/www.danby.com\/fr\/wp-json\/wp\/v2\/product_brand?post=5297"},{"taxonomy":"product_cat","embeddable":true,"href":"https:\/\/www.danby.com\/fr\/wp-json\/wp\/v2\/product_cat?post=5297"},{"taxonomy":"product_tag","embeddable":true,"href":"https:\/\/www.danby.com\/fr\/wp-json\/wp\/v2\/product_tag?post=5297"}],"curies":[{"name":"wp","href":"https:\/\/api.w.org\/{rel}","templated":true}]}}