{"id":5296,"date":"2022-02-03T19:22:09","date_gmt":"2022-02-03T19:22:09","guid":{"rendered":"https:\/\/www.danby.com\/fr\/product\/dwm060wdb\/"},"modified":"2026-04-09T10:08:11","modified_gmt":"2026-04-09T10:08:11","slug":"dwm060wdb","status":"publish","type":"product","link":"https:\/\/www.danby.com\/fr\/products\/machines-a-laver-le-linge\/dwm060wdb\/","title":{"rendered":"Danby 13.2 lbs. Machines \u00e0 laver le linge"},"content":{"rendered":"","protected":false},"excerpt":{"rendered":"<ul>\n<li>Machine \u00e0 laver portative d\u2019une capacit\u00e9 de 6,0 kg (13,2 lb)<\/li>\n<li>5 r\u00e9glages de niveau d&#8217;eau<\/li>\n<li>   11 programmes de lavage<\/li>\n<li>   R\u00e9ducteur de vibrations<\/li>\n<li>   Cuve et tambour en acier inoxydable<\/li>\n<li>   Caisson en acier galvanis\u00e9 r\u00e9sistant \u00e0 la rouille<\/li>\n<li>   Commandes \u00e9lectroniques<\/li>\n<li>   Fonctionnement silencieux<\/li>\n<li>   Dispositif antid\u00e9bordement<\/li>\n<li>   Couvercle de s\u00e9curit\u00e9 \u2013 l\u2019essorage s&#8217;arr\u00eate lorsqu&#8217;il est ouvert<\/li>\n<li>   Alimentation\u00a0: 120V<\/li>\n<li>   Roulettes am\u00e9liorant la portabilit\u00e9<\/li>\n<\/ul>\n","protected":false},"featured_media":8689,"comment_status":"closed","ping_status":"open","template":"","meta":{"_acf_changed":false},"product_brand":[],"product_cat":[39],"product_tag":[],"class_list":{"0":"post-5296","1":"product","2":"type-product","3":"status-publish","4":"has-post-thumbnail","6":"product_cat-machines-a-laver-le-linge","8":"first","9":"outofstock","10":"taxable","11":"shipping-taxable","12":"product-type-simple"},"acf":[],"yoast_head":"<!-- This site is optimized with the Yoast SEO plugin v26.7 - https:\/\/yoast.com\/wordpress\/plugins\/seo\/ -->\n<title>Danby 13.2 lbs. Machines \u00e0 laver le linge - DWM060WDB | Danby Canada<\/title>\n<meta name=\"description\" content=\"Faire la lessive ne sera plus jamais une corv\u00e9e, gr\u00e2ce \u00e0 cette machine \u00e0 laver Danby portative, \u00e0 chargement par le dessus et facile \u00e0 utiliser. Ce mod\u00e8le pratique et compact peut \u00eatre install\u00e9 facilement et rapidement en branchant simplement le tuyau au robinet de votre salle de buanderie. Cette machine \u00e0 laver polyvalente propose 11 programmes de lavage et 5 r\u00e9glages de niveau d&#039;eau, pour faire en sorte que vos v\u00eatements soient aussi propres que possible. Ces diff\u00e9rentes options sont enti\u00e8rement programm\u00e9es par le syst\u00e8me de commande \u00e9lectronique intelligent de l\u2019appareil et peuvent \u00eatre r\u00e9gl\u00e9es en appuyant sur un bouton. Cet appareil robuste et silencieux peut prendre en charge jusqu&#039;\u00e0 6,0 kg (13,2 lb) de lavage dans sa cuve et son tambour en acier inoxydable, et son caisson fait d&#039;acier galvanis\u00e9 est r\u00e9sistant \u00e0 la rouille. Vous n\u2019aurez jamais \u00e0 vous soucier de trop remplir la cuve, gr\u00e2ce au dispositif antid\u00e9bordement intelligent et le couvercle de s\u00e9curit\u00e9 fait en sorte que la machine \u00e0 laver cesse de fonctionner lorsqu\u2019il est ouvert. Cette machine \u00e0 laver moderne est facile \u00e0 d\u00e9placer, gr\u00e2ce \u00e0 ses pratiques roulettes et elle offre \u00e9galement une garantie de 12 mois sur les pi\u00e8ces et la main-d\u2019\u0153uvre, incluant le pratique service \u00e0 domicile.\" \/>\n<meta name=\"robots\" content=\"index, follow, max-snippet:-1, max-image-preview:large, max-video-preview:-1\" \/>\n<link rel=\"canonical\" href=\"https:\/\/www.danby.com\/fr\/products\/machines-a-laver-le-linge\/dwm060wdb\/\" \/>\n<meta property=\"og:locale\" content=\"fr_CA\" \/>\n<meta property=\"og:type\" content=\"article\" \/>\n<meta property=\"og:title\" content=\"Danby 13.2 lbs. Machines \u00e0 laver le linge - DWM060WDB | Danby Canada\" \/>\n<meta property=\"og:description\" content=\"Faire la lessive ne sera plus jamais une corv\u00e9e, gr\u00e2ce \u00e0 cette machine \u00e0 laver Danby portative, \u00e0 chargement par le dessus et facile \u00e0 utiliser. Ce mod\u00e8le pratique et compact peut \u00eatre install\u00e9 facilement et rapidement en branchant simplement le tuyau au robinet de votre salle de buanderie. Cette machine \u00e0 laver polyvalente propose 11 programmes de lavage et 5 r\u00e9glages de niveau d&#039;eau, pour faire en sorte que vos v\u00eatements soient aussi propres que possible. Ces diff\u00e9rentes options sont enti\u00e8rement programm\u00e9es par le syst\u00e8me de commande \u00e9lectronique intelligent de l\u2019appareil et peuvent \u00eatre r\u00e9gl\u00e9es en appuyant sur un bouton. Cet appareil robuste et silencieux peut prendre en charge jusqu&#039;\u00e0 6,0 kg (13,2 lb) de lavage dans sa cuve et son tambour en acier inoxydable, et son caisson fait d&#039;acier galvanis\u00e9 est r\u00e9sistant \u00e0 la rouille. Vous n\u2019aurez jamais \u00e0 vous soucier de trop remplir la cuve, gr\u00e2ce au dispositif antid\u00e9bordement intelligent et le couvercle de s\u00e9curit\u00e9 fait en sorte que la machine \u00e0 laver cesse de fonctionner lorsqu\u2019il est ouvert. Cette machine \u00e0 laver moderne est facile \u00e0 d\u00e9placer, gr\u00e2ce \u00e0 ses pratiques roulettes et elle offre \u00e9galement une garantie de 12 mois sur les pi\u00e8ces et la main-d\u2019\u0153uvre, incluant le pratique service \u00e0 domicile.\" \/>\n<meta property=\"og:url\" content=\"https:\/\/www.danby.com\/fr\/products\/machines-a-laver-le-linge\/dwm060wdb\/\" \/>\n<meta property=\"og:site_name\" content=\"Danby - Canada - French\" \/>\n<meta property=\"article:publisher\" content=\"https:\/\/www.facebook.com\/DanbyAppliances\" \/>\n<meta property=\"article:modified_time\" content=\"2026-04-09T10:08:11+00:00\" \/>\n<meta property=\"og:image\" content=\"https:\/\/cdnweb.danby.com\/wp-content\/uploads\/sites\/2\/2022\/02\/08210348\/DWM060WDB_Right1-1.jpg\" \/>\n\t<meta property=\"og:image:width\" content=\"1500\" \/>\n\t<meta property=\"og:image:height\" content=\"1928\" \/>\n\t<meta property=\"og:image:type\" content=\"image\/jpeg\" \/>\n<meta name=\"twitter:card\" content=\"summary_large_image\" \/>\n<meta name=\"twitter:site\" content=\"@DanbyAppliance\" \/>\n<script type=\"application\/ld+json\" class=\"yoast-schema-graph\">{\"@context\":\"https:\/\/schema.org\",\"@graph\":[{\"@type\":[\"WebPage\",\"ItemPage\"],\"url\":\"https:\/\/www.danby.com\/fr\/products\/machines-a-laver-le-linge\/dwm060wdb\/\",\"name\":\"Danby 13.2 lbs. Machines \u00e0 laver le linge - DWM060WDB | Danby Canada\",\"isPartOf\":[],\"primaryImageOfPage\":[],\"image\":[],\"thumbnailUrl\":\"https:\/\/cdnweb.danby.com\/wp-content\/uploads\/sites\/2\/2022\/02\/08210348\/DWM060WDB_Right1-1.jpg\",\"datePublished\":\"2022-02-03T19:22:09+00:00\",\"dateModified\":\"2026-04-09T10:08:11+00:00\",\"description\":\"Faire la lessive ne sera plus jamais une corv\u00e9e, gr\u00e2ce \u00e0 cette machine \u00e0 laver Danby portative, \u00e0 chargement par le dessus et facile \u00e0 utiliser. Ce mod\u00e8le pratique et compact peut \u00eatre install\u00e9 facilement et rapidement en branchant simplement le tuyau au robinet de votre salle de buanderie. Cette machine \u00e0 laver polyvalente propose 11 programmes de lavage et 5 r\u00e9glages de niveau d'eau, pour faire en sorte que vos v\u00eatements soient aussi propres que possible. Ces diff\u00e9rentes options sont enti\u00e8rement programm\u00e9es par le syst\u00e8me de commande \u00e9lectronique intelligent de l\u2019appareil et peuvent \u00eatre r\u00e9gl\u00e9es en appuyant sur un bouton. Cet appareil robuste et silencieux peut prendre en charge jusqu'\u00e0 6,0 kg (13,2 lb) de lavage dans sa cuve et son tambour en acier inoxydable, et son caisson fait d'acier galvanis\u00e9 est r\u00e9sistant \u00e0 la rouille. Vous n\u2019aurez jamais \u00e0 vous soucier de trop remplir la cuve, gr\u00e2ce au dispositif antid\u00e9bordement intelligent et le couvercle de s\u00e9curit\u00e9 fait en sorte que la machine \u00e0 laver cesse de fonctionner lorsqu\u2019il est ouvert. Cette machine \u00e0 laver moderne est facile \u00e0 d\u00e9placer, gr\u00e2ce \u00e0 ses pratiques roulettes et elle offre \u00e9galement une garantie de 12 mois sur les pi\u00e8ces et la main-d\u2019\u0153uvre, incluant le pratique service \u00e0 domicile.\",\"breadcrumb\":[],\"inLanguage\":\"fr-CA\",\"potentialAction\":[{\"@type\":\"ReadAction\",\"target\":[\"https:\/\/www.danby.com\/fr\/products\/machines-a-laver-le-linge\/dwm060wdb\/\"]}]},{\"@type\":\"ImageObject\",\"inLanguage\":\"fr-CA\",\"url\":\"https:\/\/cdnweb.danby.com\/wp-content\/uploads\/sites\/2\/2022\/02\/08210348\/DWM060WDB_Right1-1.jpg\",\"contentUrl\":\"https:\/\/cdnweb.danby.com\/wp-content\/uploads\/sites\/2\/2022\/02\/08210348\/DWM060WDB_Right1-1.jpg\",\"width\":1500,\"height\":1928},{\"@type\":\"BreadcrumbList\",\"itemListElement\":[{\"@type\":\"ListItem\",\"position\":1,\"name\":\"Home\",\"item\":\"https:\/\/www.danby.com\/fr\/\"},{\"@type\":\"ListItem\",\"position\":2,\"name\":\"Boutique\",\"item\":\"https:\/\/www.danby.com\/fr\/boutique\/\"},{\"@type\":\"ListItem\",\"position\":3,\"name\":\"Danby 13.2 lbs. Machines \u00e0 laver le linge\"}]},{\"@type\":\"WebSite\",\"url\":\"https:\/\/www.danby.com\/fr\/\",\"name\":\"Danby - Canada - French\",\"description\":\"Leader dans le domaine de la r\u00e9frig\u00e9ration et des appareils sp\u00e9cialis\u00e9s\",\"publisher\":[],\"potentialAction\":[{\"@type\":\"SearchAction\",\"target\":{\"@type\":\"EntryPoint\",\"urlTemplate\":\"https:\/\/www.danby.com\/fr\/?s={search_term_string}\"},\"query-input\":{\"@type\":\"PropertyValueSpecification\",\"valueRequired\":true,\"valueName\":\"search_term_string\"}}],\"inLanguage\":\"fr-CA\"},{\"@type\":\"Organization\",\"name\":\"Danby Appliances\",\"url\":\"https:\/\/www.danby.com\/fr\/\",\"logo\":{\"@type\":\"ImageObject\",\"inLanguage\":\"fr-CA\",\"url\":\"https:\/\/cdnweb.danby.com\/wp-content\/uploads\/sites\/2\/2022\/02\/10141906\/Danby75Ans_Blue.png\",\"contentUrl\":\"https:\/\/cdnweb.danby.com\/wp-content\/uploads\/sites\/2\/2022\/02\/10141906\/Danby75Ans_Blue.png\",\"width\":470,\"height\":110,\"caption\":\"Danby Appliances\"},\"image\":[],\"sameAs\":[\"https:\/\/www.facebook.com\/DanbyAppliances\",\"https:\/\/x.com\/DanbyAppliance\",\"https:\/\/instagram.com\/danbyappliances\/\",\"https:\/\/www.linkedin.com\/company\/danbyappliances\",\"https:\/\/www.pinterest.ca\/danbyappliances\/\",\"https:\/\/www.youtube.com\/user\/DanbyProducts\",\"https:\/\/en.wikipedia.org\/wiki\/Danby_(appliances)\"]}]}<\/script>\n<!-- \/ Yoast SEO plugin. -->","yoast_head_json":{"title":"Danby 13.2 lbs. Machines \u00e0 laver le linge - DWM060WDB | Danby Canada","description":"Faire la lessive ne sera plus jamais une corv\u00e9e, gr\u00e2ce \u00e0 cette machine \u00e0 laver Danby portative, \u00e0 chargement par le dessus et facile \u00e0 utiliser. Ce mod\u00e8le pratique et compact peut \u00eatre install\u00e9 facilement et rapidement en branchant simplement le tuyau au robinet de votre salle de buanderie. Cette machine \u00e0 laver polyvalente propose 11 programmes de lavage et 5 r\u00e9glages de niveau d'eau, pour faire en sorte que vos v\u00eatements soient aussi propres que possible. Ces diff\u00e9rentes options sont enti\u00e8rement programm\u00e9es par le syst\u00e8me de commande \u00e9lectronique intelligent de l\u2019appareil et peuvent \u00eatre r\u00e9gl\u00e9es en appuyant sur un bouton. Cet appareil robuste et silencieux peut prendre en charge jusqu'\u00e0 6,0 kg (13,2 lb) de lavage dans sa cuve et son tambour en acier inoxydable, et son caisson fait d'acier galvanis\u00e9 est r\u00e9sistant \u00e0 la rouille. Vous n\u2019aurez jamais \u00e0 vous soucier de trop remplir la cuve, gr\u00e2ce au dispositif antid\u00e9bordement intelligent et le couvercle de s\u00e9curit\u00e9 fait en sorte que la machine \u00e0 laver cesse de fonctionner lorsqu\u2019il est ouvert. Cette machine \u00e0 laver moderne est facile \u00e0 d\u00e9placer, gr\u00e2ce \u00e0 ses pratiques roulettes et elle offre \u00e9galement une garantie de 12 mois sur les pi\u00e8ces et la main-d\u2019\u0153uvre, incluant le pratique service \u00e0 domicile.","robots":{"index":"index","follow":"follow","max-snippet":"max-snippet:-1","max-image-preview":"max-image-preview:large","max-video-preview":"max-video-preview:-1"},"canonical":"https:\/\/www.danby.com\/fr\/products\/machines-a-laver-le-linge\/dwm060wdb\/","og_locale":"fr_CA","og_type":"article","og_title":"Danby 13.2 lbs. Machines \u00e0 laver le linge - DWM060WDB | Danby Canada","og_description":"Faire la lessive ne sera plus jamais une corv\u00e9e, gr\u00e2ce \u00e0 cette machine \u00e0 laver Danby portative, \u00e0 chargement par le dessus et facile \u00e0 utiliser. Ce mod\u00e8le pratique et compact peut \u00eatre install\u00e9 facilement et rapidement en branchant simplement le tuyau au robinet de votre salle de buanderie. Cette machine \u00e0 laver polyvalente propose 11 programmes de lavage et 5 r\u00e9glages de niveau d'eau, pour faire en sorte que vos v\u00eatements soient aussi propres que possible. Ces diff\u00e9rentes options sont enti\u00e8rement programm\u00e9es par le syst\u00e8me de commande \u00e9lectronique intelligent de l\u2019appareil et peuvent \u00eatre r\u00e9gl\u00e9es en appuyant sur un bouton. Cet appareil robuste et silencieux peut prendre en charge jusqu'\u00e0 6,0 kg (13,2 lb) de lavage dans sa cuve et son tambour en acier inoxydable, et son caisson fait d'acier galvanis\u00e9 est r\u00e9sistant \u00e0 la rouille. Vous n\u2019aurez jamais \u00e0 vous soucier de trop remplir la cuve, gr\u00e2ce au dispositif antid\u00e9bordement intelligent et le couvercle de s\u00e9curit\u00e9 fait en sorte que la machine \u00e0 laver cesse de fonctionner lorsqu\u2019il est ouvert. Cette machine \u00e0 laver moderne est facile \u00e0 d\u00e9placer, gr\u00e2ce \u00e0 ses pratiques roulettes et elle offre \u00e9galement une garantie de 12 mois sur les pi\u00e8ces et la main-d\u2019\u0153uvre, incluant le pratique service \u00e0 domicile.","og_url":"https:\/\/www.danby.com\/fr\/products\/machines-a-laver-le-linge\/dwm060wdb\/","og_site_name":"Danby - Canada - French","article_publisher":"https:\/\/www.facebook.com\/DanbyAppliances","article_modified_time":"2026-04-09T10:08:11+00:00","og_image":[{"width":1500,"height":1928,"url":"https:\/\/cdnweb.danby.com\/wp-content\/uploads\/sites\/2\/2022\/02\/08210348\/DWM060WDB_Right1-1.jpg","type":"image\/jpeg"}],"twitter_card":"summary_large_image","twitter_site":"@DanbyAppliance","schema":{"@context":"https:\/\/schema.org","@graph":[{"@type":["WebPage","ItemPage"],"url":"https:\/\/www.danby.com\/fr\/products\/machines-a-laver-le-linge\/dwm060wdb\/","name":"Danby 13.2 lbs. Machines \u00e0 laver le linge - DWM060WDB | Danby Canada","isPartOf":[],"primaryImageOfPage":[],"image":[],"thumbnailUrl":"https:\/\/cdnweb.danby.com\/wp-content\/uploads\/sites\/2\/2022\/02\/08210348\/DWM060WDB_Right1-1.jpg","datePublished":"2022-02-03T19:22:09+00:00","dateModified":"2026-04-09T10:08:11+00:00","description":"Faire la lessive ne sera plus jamais une corv\u00e9e, gr\u00e2ce \u00e0 cette machine \u00e0 laver Danby portative, \u00e0 chargement par le dessus et facile \u00e0 utiliser. Ce mod\u00e8le pratique et compact peut \u00eatre install\u00e9 facilement et rapidement en branchant simplement le tuyau au robinet de votre salle de buanderie. Cette machine \u00e0 laver polyvalente propose 11 programmes de lavage et 5 r\u00e9glages de niveau d'eau, pour faire en sorte que vos v\u00eatements soient aussi propres que possible. Ces diff\u00e9rentes options sont enti\u00e8rement programm\u00e9es par le syst\u00e8me de commande \u00e9lectronique intelligent de l\u2019appareil et peuvent \u00eatre r\u00e9gl\u00e9es en appuyant sur un bouton. Cet appareil robuste et silencieux peut prendre en charge jusqu'\u00e0 6,0 kg (13,2 lb) de lavage dans sa cuve et son tambour en acier inoxydable, et son caisson fait d'acier galvanis\u00e9 est r\u00e9sistant \u00e0 la rouille. Vous n\u2019aurez jamais \u00e0 vous soucier de trop remplir la cuve, gr\u00e2ce au dispositif antid\u00e9bordement intelligent et le couvercle de s\u00e9curit\u00e9 fait en sorte que la machine \u00e0 laver cesse de fonctionner lorsqu\u2019il est ouvert. Cette machine \u00e0 laver moderne est facile \u00e0 d\u00e9placer, gr\u00e2ce \u00e0 ses pratiques roulettes et elle offre \u00e9galement une garantie de 12 mois sur les pi\u00e8ces et la main-d\u2019\u0153uvre, incluant le pratique service \u00e0 domicile.","breadcrumb":[],"inLanguage":"fr-CA","potentialAction":[{"@type":"ReadAction","target":["https:\/\/www.danby.com\/fr\/products\/machines-a-laver-le-linge\/dwm060wdb\/"]}]},{"@type":"ImageObject","inLanguage":"fr-CA","url":"https:\/\/cdnweb.danby.com\/wp-content\/uploads\/sites\/2\/2022\/02\/08210348\/DWM060WDB_Right1-1.jpg","contentUrl":"https:\/\/cdnweb.danby.com\/wp-content\/uploads\/sites\/2\/2022\/02\/08210348\/DWM060WDB_Right1-1.jpg","width":1500,"height":1928},{"@type":"BreadcrumbList","itemListElement":[{"@type":"ListItem","position":1,"name":"Home","item":"https:\/\/www.danby.com\/fr\/"},{"@type":"ListItem","position":2,"name":"Boutique","item":"https:\/\/www.danby.com\/fr\/boutique\/"},{"@type":"ListItem","position":3,"name":"Danby 13.2 lbs. Machines \u00e0 laver le linge"}]},{"@type":"WebSite","url":"https:\/\/www.danby.com\/fr\/","name":"Danby - Canada - French","description":"Leader dans le domaine de la r\u00e9frig\u00e9ration et des appareils sp\u00e9cialis\u00e9s","publisher":[],"potentialAction":[{"@type":"SearchAction","target":{"@type":"EntryPoint","urlTemplate":"https:\/\/www.danby.com\/fr\/?s={search_term_string}"},"query-input":{"@type":"PropertyValueSpecification","valueRequired":true,"valueName":"search_term_string"}}],"inLanguage":"fr-CA"},{"@type":"Organization","name":"Danby Appliances","url":"https:\/\/www.danby.com\/fr\/","logo":{"@type":"ImageObject","inLanguage":"fr-CA","url":"https:\/\/cdnweb.danby.com\/wp-content\/uploads\/sites\/2\/2022\/02\/10141906\/Danby75Ans_Blue.png","contentUrl":"https:\/\/cdnweb.danby.com\/wp-content\/uploads\/sites\/2\/2022\/02\/10141906\/Danby75Ans_Blue.png","width":470,"height":110,"caption":"Danby Appliances"},"image":[],"sameAs":["https:\/\/www.facebook.com\/DanbyAppliances","https:\/\/x.com\/DanbyAppliance","https:\/\/instagram.com\/danbyappliances\/","https:\/\/www.linkedin.com\/company\/danbyappliances","https:\/\/www.pinterest.ca\/danbyappliances\/","https:\/\/www.youtube.com\/user\/DanbyProducts","https:\/\/en.wikipedia.org\/wiki\/Danby_(appliances)"]}]}},"post_mailing_queue_ids":[],"_links":{"self":[{"href":"https:\/\/www.danby.com\/fr\/wp-json\/wp\/v2\/product\/5296","targetHints":{"allow":["GET"]}}],"collection":[{"href":"https:\/\/www.danby.com\/fr\/wp-json\/wp\/v2\/product"}],"about":[{"href":"https:\/\/www.danby.com\/fr\/wp-json\/wp\/v2\/types\/product"}],"replies":[{"embeddable":true,"href":"https:\/\/www.danby.com\/fr\/wp-json\/wp\/v2\/comments?post=5296"}],"wp:featuredmedia":[{"embeddable":true,"href":"https:\/\/www.danby.com\/fr\/wp-json\/wp\/v2\/media\/8689"}],"wp:attachment":[{"href":"https:\/\/www.danby.com\/fr\/wp-json\/wp\/v2\/media?parent=5296"}],"wp:term":[{"taxonomy":"product_brand","embeddable":true,"href":"https:\/\/www.danby.com\/fr\/wp-json\/wp\/v2\/product_brand?post=5296"},{"taxonomy":"product_cat","embeddable":true,"href":"https:\/\/www.danby.com\/fr\/wp-json\/wp\/v2\/product_cat?post=5296"},{"taxonomy":"product_tag","embeddable":true,"href":"https:\/\/www.danby.com\/fr\/wp-json\/wp\/v2\/product_tag?post=5296"}],"curies":[{"name":"wp","href":"https:\/\/api.w.org\/{rel}","templated":true}]}}