{"id":5292,"date":"2022-02-03T19:22:09","date_gmt":"2022-02-03T19:22:09","guid":{"rendered":"https:\/\/www.danby.com\/fr\/product\/dwm030wdb-6\/"},"modified":"2026-05-01T10:09:22","modified_gmt":"2026-05-01T10:09:22","slug":"dwm030wdb-6","status":"publish","type":"product","link":"https:\/\/www.danby.com\/fr\/products\/machines-a-laver-le-linge\/dwm030wdb-6\/","title":{"rendered":"Danby Lave-linge compact \u00e0 chargement par le dessus de 0,9 pi3 en Blanc"},"content":{"rendered":"","protected":false},"excerpt":{"rendered":"<ul>\n<li>Taille compacte : lave-linge \u00e0 chargement par le haut de 0,9 pi3, parfait pour les appartements, les maisons et les petits espaces<\/li>\n<li>Capacit\u00e9 de lavage : 6,6 lbs. (3kgs) de capacit\u00e9 de lavage avec un volume de cuve interne de 0.9 Cu.Ft. (25L)<\/li>\n<li>5 cycles de lavage pratiques : Cycles de lavage : lourd, normal, doux, rapide et trempage, avec fonction d&#8217;\u00e9quilibrage automatique int\u00e9gr\u00e9e<\/li>\n<li>Tambour en acier inoxydable : L&#8217;acier inoxydable est utilis\u00e9 pour sa durabilit\u00e9 et ne rouille pas avec le temps<\/li>\n<li>Caract\u00e9ristiques suppl\u00e9mentaires : Cet appareil est \u00e9galement \u00e9quip\u00e9 d&#8217;un buzzer de fin de lavage, d&#8217;un programme de d\u00e9marrage diff\u00e9r\u00e9 et d&#8217;un programme de rin\u00e7age.<\/li>\n<\/ul>\n","protected":false},"featured_media":21577,"comment_status":"closed","ping_status":"closed","template":"","meta":{"_acf_changed":false},"product_brand":[],"product_cat":[39],"product_tag":[],"class_list":{"0":"post-5292","1":"product","2":"type-product","3":"status-publish","4":"has-post-thumbnail","6":"product_cat-machines-a-laver-le-linge","7":"pa_capacite-pi3-0-1-0-9","8":"pa_couleur-blanc","9":"pa_duree-de-la-garantie-en-mois-12-mois","11":"first","12":"outofstock","13":"taxable","14":"shipping-taxable","15":"product-type-simple"},"acf":[],"yoast_head":"<!-- This site is optimized with the Yoast SEO plugin v27.5 - https:\/\/yoast.com\/product\/yoast-seo-wordpress\/ -->\n<title>Danby Lave-linge compact \u00e0 chargement par le dessus de 0,9 pi3 en Blanc - DWM030WDB-6 | Danby Canada<\/title>\n<meta name=\"description\" content=\"Profitez de la commodit\u00e9 de la lessive \u00e0 domicile, m\u00eame dans les petits espaces, avec ce lave-linge de 0,9 pi3 de Danby. Gr\u00e2ce \u00e0 sa taille compacte et \u00e0 son chargement par le haut, ce lave-linge est facile \u00e0 installer, \u00e0 utiliser et \u00e0 ranger au besoin. Il offre tous les cycles de lavage dont vous avez besoin pour r\u00e9pondre \u00e0 tous vos besoins. Les autres caract\u00e9ristiques comprennent un tambour en acier inoxydable durable, un avertisseur sonore de fin de lavage, une fonction d&#039;\u00e9quilibrage automatique int\u00e9gr\u00e9e et une fonction de temporisation. Avec sa puissante vitesse d&#039;essorage de 900 tr\/min et sa vitesse de lavage de 160 tr\/min, cet appareil vous permettra de laver votre linge parfaitement en un rien de temps.\" \/>\n<meta name=\"robots\" content=\"index, follow, max-snippet:-1, max-image-preview:large, max-video-preview:-1\" \/>\n<link rel=\"canonical\" href=\"https:\/\/www.danby.com\/fr\/products\/machines-a-laver-le-linge\/dwm030wdb-6\/\" \/>\n<meta property=\"og:locale\" content=\"fr_CA\" \/>\n<meta property=\"og:type\" content=\"article\" \/>\n<meta property=\"og:title\" content=\"Danby Lave-linge compact \u00e0 chargement par le dessus de 0,9 pi3 en Blanc - DWM030WDB-6 | Danby Canada\" \/>\n<meta property=\"og:description\" content=\"Profitez de la commodit\u00e9 de la lessive \u00e0 domicile, m\u00eame dans les petits espaces, avec ce lave-linge de 0,9 pi3 de Danby. Gr\u00e2ce \u00e0 sa taille compacte et \u00e0 son chargement par le haut, ce lave-linge est facile \u00e0 installer, \u00e0 utiliser et \u00e0 ranger au besoin. Il offre tous les cycles de lavage dont vous avez besoin pour r\u00e9pondre \u00e0 tous vos besoins. Les autres caract\u00e9ristiques comprennent un tambour en acier inoxydable durable, un avertisseur sonore de fin de lavage, une fonction d&#039;\u00e9quilibrage automatique int\u00e9gr\u00e9e et une fonction de temporisation. Avec sa puissante vitesse d&#039;essorage de 900 tr\/min et sa vitesse de lavage de 160 tr\/min, cet appareil vous permettra de laver votre linge parfaitement en un rien de temps.\" \/>\n<meta property=\"og:url\" content=\"https:\/\/www.danby.com\/fr\/products\/machines-a-laver-le-linge\/dwm030wdb-6\/\" \/>\n<meta property=\"og:site_name\" content=\"Danby - Canada - French\" \/>\n<meta property=\"article:publisher\" content=\"https:\/\/www.facebook.com\/DanbyAppliances\" \/>\n<meta property=\"article:modified_time\" content=\"2026-05-01T10:09:22+00:00\" \/>\n<meta property=\"og:image\" content=\"https:\/\/cdnweb.danby.com\/wp-content\/uploads\/sites\/2\/2023\/04\/26162727\/DWM030WDB-6_front_closed-scaled.jpg\" \/>\n\t<meta property=\"og:image:width\" content=\"1707\" \/>\n\t<meta property=\"og:image:height\" content=\"2560\" \/>\n\t<meta property=\"og:image:type\" content=\"image\/jpeg\" \/>\n<meta name=\"twitter:card\" content=\"summary_large_image\" \/>\n<meta name=\"twitter:site\" content=\"@DanbyAppliance\" \/>\n<script type=\"application\/ld+json\" class=\"yoast-schema-graph\">{\"@context\":\"https:\\\/\\\/schema.org\",\"@graph\":[{\"@type\":[\"WebPage\",\"ItemPage\"],\"url\":\"https:\\\/\\\/www.danby.com\\\/fr\\\/products\\\/machines-a-laver-le-linge\\\/dwm030wdb-6\\\/\",\"name\":\"Danby Lave-linge compact \u00e0 chargement par le dessus de 0,9 pi3 en Blanc - DWM030WDB-6 | Danby Canada\",\"isPartOf\":[],\"primaryImageOfPage\":[],\"image\":[],\"thumbnailUrl\":\"https:\\\/\\\/cdnweb.danby.com\\\/wp-content\\\/uploads\\\/sites\\\/2\\\/2023\\\/04\\\/26162727\\\/DWM030WDB-6_front_closed-scaled.jpg\",\"datePublished\":\"2022-02-03T19:22:09+00:00\",\"dateModified\":\"2026-05-01T10:09:22+00:00\",\"description\":\"Profitez de la commodit\u00e9 de la lessive \u00e0 domicile, m\u00eame dans les petits espaces, avec ce lave-linge de 0,9 pi3 de Danby. Gr\u00e2ce \u00e0 sa taille compacte et \u00e0 son chargement par le haut, ce lave-linge est facile \u00e0 installer, \u00e0 utiliser et \u00e0 ranger au besoin. Il offre tous les cycles de lavage dont vous avez besoin pour r\u00e9pondre \u00e0 tous vos besoins. Les autres caract\u00e9ristiques comprennent un tambour en acier inoxydable durable, un avertisseur sonore de fin de lavage, une fonction d'\u00e9quilibrage automatique int\u00e9gr\u00e9e et une fonction de temporisation. Avec sa puissante vitesse d'essorage de 900 tr\\\/min et sa vitesse de lavage de 160 tr\\\/min, cet appareil vous permettra de laver votre linge parfaitement en un rien de temps.\",\"breadcrumb\":[],\"inLanguage\":\"fr-CA\",\"potentialAction\":[{\"@type\":\"ReadAction\",\"target\":[\"https:\\\/\\\/www.danby.com\\\/fr\\\/products\\\/machines-a-laver-le-linge\\\/dwm030wdb-6\\\/\"]}]},{\"@type\":\"ImageObject\",\"inLanguage\":\"fr-CA\",\"url\":\"https:\\\/\\\/cdnweb.danby.com\\\/wp-content\\\/uploads\\\/sites\\\/2\\\/2023\\\/04\\\/26162727\\\/DWM030WDB-6_front_closed-scaled.jpg\",\"contentUrl\":\"https:\\\/\\\/cdnweb.danby.com\\\/wp-content\\\/uploads\\\/sites\\\/2\\\/2023\\\/04\\\/26162727\\\/DWM030WDB-6_front_closed-scaled.jpg\",\"width\":1707,\"height\":2560},{\"@type\":\"BreadcrumbList\",\"itemListElement\":[{\"@type\":\"ListItem\",\"position\":1,\"name\":\"Home\",\"item\":\"https:\\\/\\\/www.danby.com\\\/fr\\\/\"},{\"@type\":\"ListItem\",\"position\":2,\"name\":\"Boutique\",\"item\":\"https:\\\/\\\/www.danby.com\\\/fr\\\/boutique\\\/\"},{\"@type\":\"ListItem\",\"position\":3,\"name\":\"Danby Lave-linge compact \u00e0 chargement par le dessus de 0,9 pi3 en Blanc\"}]},{\"@type\":\"WebSite\",\"url\":\"https:\\\/\\\/www.danby.com\\\/fr\\\/\",\"name\":\"Danby - Canada - French\",\"description\":\"Leader dans le domaine de la r\u00e9frig\u00e9ration et des appareils sp\u00e9cialis\u00e9s\",\"publisher\":[],\"potentialAction\":[{\"@type\":\"SearchAction\",\"target\":{\"@type\":\"EntryPoint\",\"urlTemplate\":\"https:\\\/\\\/www.danby.com\\\/fr\\\/?s={search_term_string}\"},\"query-input\":{\"@type\":\"PropertyValueSpecification\",\"valueRequired\":true,\"valueName\":\"search_term_string\"}}],\"inLanguage\":\"fr-CA\"},{\"@type\":\"Organization\",\"name\":\"Danby Appliances\",\"url\":\"https:\\\/\\\/www.danby.com\\\/fr\\\/\",\"logo\":{\"@type\":\"ImageObject\",\"inLanguage\":\"fr-CA\",\"url\":\"https:\\\/\\\/cdnweb.danby.com\\\/wp-content\\\/uploads\\\/sites\\\/2\\\/2022\\\/02\\\/10141906\\\/Danby75Ans_Blue.png\",\"contentUrl\":\"https:\\\/\\\/cdnweb.danby.com\\\/wp-content\\\/uploads\\\/sites\\\/2\\\/2022\\\/02\\\/10141906\\\/Danby75Ans_Blue.png\",\"width\":470,\"height\":110,\"caption\":\"Danby Appliances\"},\"image\":[],\"sameAs\":[\"https:\\\/\\\/www.facebook.com\\\/DanbyAppliances\",\"https:\\\/\\\/x.com\\\/DanbyAppliance\",\"https:\\\/\\\/instagram.com\\\/danbyappliances\\\/\",\"https:\\\/\\\/www.linkedin.com\\\/company\\\/danbyappliances\",\"https:\\\/\\\/www.pinterest.ca\\\/danbyappliances\\\/\",\"https:\\\/\\\/www.youtube.com\\\/user\\\/DanbyProducts\",\"https:\\\/\\\/en.wikipedia.org\\\/wiki\\\/Danby_(appliances)\"]}]}<\/script>\n<!-- \/ Yoast SEO plugin. -->","yoast_head_json":{"title":"Danby Lave-linge compact \u00e0 chargement par le dessus de 0,9 pi3 en Blanc - DWM030WDB-6 | Danby Canada","description":"Profitez de la commodit\u00e9 de la lessive \u00e0 domicile, m\u00eame dans les petits espaces, avec ce lave-linge de 0,9 pi3 de Danby. Gr\u00e2ce \u00e0 sa taille compacte et \u00e0 son chargement par le haut, ce lave-linge est facile \u00e0 installer, \u00e0 utiliser et \u00e0 ranger au besoin. Il offre tous les cycles de lavage dont vous avez besoin pour r\u00e9pondre \u00e0 tous vos besoins. Les autres caract\u00e9ristiques comprennent un tambour en acier inoxydable durable, un avertisseur sonore de fin de lavage, une fonction d'\u00e9quilibrage automatique int\u00e9gr\u00e9e et une fonction de temporisation. Avec sa puissante vitesse d'essorage de 900 tr\/min et sa vitesse de lavage de 160 tr\/min, cet appareil vous permettra de laver votre linge parfaitement en un rien de temps.","robots":{"index":"index","follow":"follow","max-snippet":"max-snippet:-1","max-image-preview":"max-image-preview:large","max-video-preview":"max-video-preview:-1"},"canonical":"https:\/\/www.danby.com\/fr\/products\/machines-a-laver-le-linge\/dwm030wdb-6\/","og_locale":"fr_CA","og_type":"article","og_title":"Danby Lave-linge compact \u00e0 chargement par le dessus de 0,9 pi3 en Blanc - DWM030WDB-6 | Danby Canada","og_description":"Profitez de la commodit\u00e9 de la lessive \u00e0 domicile, m\u00eame dans les petits espaces, avec ce lave-linge de 0,9 pi3 de Danby. Gr\u00e2ce \u00e0 sa taille compacte et \u00e0 son chargement par le haut, ce lave-linge est facile \u00e0 installer, \u00e0 utiliser et \u00e0 ranger au besoin. Il offre tous les cycles de lavage dont vous avez besoin pour r\u00e9pondre \u00e0 tous vos besoins. Les autres caract\u00e9ristiques comprennent un tambour en acier inoxydable durable, un avertisseur sonore de fin de lavage, une fonction d'\u00e9quilibrage automatique int\u00e9gr\u00e9e et une fonction de temporisation. Avec sa puissante vitesse d'essorage de 900 tr\/min et sa vitesse de lavage de 160 tr\/min, cet appareil vous permettra de laver votre linge parfaitement en un rien de temps.","og_url":"https:\/\/www.danby.com\/fr\/products\/machines-a-laver-le-linge\/dwm030wdb-6\/","og_site_name":"Danby - Canada - French","article_publisher":"https:\/\/www.facebook.com\/DanbyAppliances","article_modified_time":"2026-05-01T10:09:22+00:00","og_image":[{"width":1707,"height":2560,"url":"https:\/\/cdnweb.danby.com\/wp-content\/uploads\/sites\/2\/2023\/04\/26162727\/DWM030WDB-6_front_closed-scaled.jpg","type":"image\/jpeg"}],"twitter_card":"summary_large_image","twitter_site":"@DanbyAppliance","schema":{"@context":"https:\/\/schema.org","@graph":[{"@type":["WebPage","ItemPage"],"url":"https:\/\/www.danby.com\/fr\/products\/machines-a-laver-le-linge\/dwm030wdb-6\/","name":"Danby Lave-linge compact \u00e0 chargement par le dessus de 0,9 pi3 en Blanc - DWM030WDB-6 | Danby Canada","isPartOf":[],"primaryImageOfPage":[],"image":[],"thumbnailUrl":"https:\/\/cdnweb.danby.com\/wp-content\/uploads\/sites\/2\/2023\/04\/26162727\/DWM030WDB-6_front_closed-scaled.jpg","datePublished":"2022-02-03T19:22:09+00:00","dateModified":"2026-05-01T10:09:22+00:00","description":"Profitez de la commodit\u00e9 de la lessive \u00e0 domicile, m\u00eame dans les petits espaces, avec ce lave-linge de 0,9 pi3 de Danby. Gr\u00e2ce \u00e0 sa taille compacte et \u00e0 son chargement par le haut, ce lave-linge est facile \u00e0 installer, \u00e0 utiliser et \u00e0 ranger au besoin. Il offre tous les cycles de lavage dont vous avez besoin pour r\u00e9pondre \u00e0 tous vos besoins. Les autres caract\u00e9ristiques comprennent un tambour en acier inoxydable durable, un avertisseur sonore de fin de lavage, une fonction d'\u00e9quilibrage automatique int\u00e9gr\u00e9e et une fonction de temporisation. Avec sa puissante vitesse d'essorage de 900 tr\/min et sa vitesse de lavage de 160 tr\/min, cet appareil vous permettra de laver votre linge parfaitement en un rien de temps.","breadcrumb":[],"inLanguage":"fr-CA","potentialAction":[{"@type":"ReadAction","target":["https:\/\/www.danby.com\/fr\/products\/machines-a-laver-le-linge\/dwm030wdb-6\/"]}]},{"@type":"ImageObject","inLanguage":"fr-CA","url":"https:\/\/cdnweb.danby.com\/wp-content\/uploads\/sites\/2\/2023\/04\/26162727\/DWM030WDB-6_front_closed-scaled.jpg","contentUrl":"https:\/\/cdnweb.danby.com\/wp-content\/uploads\/sites\/2\/2023\/04\/26162727\/DWM030WDB-6_front_closed-scaled.jpg","width":1707,"height":2560},{"@type":"BreadcrumbList","itemListElement":[{"@type":"ListItem","position":1,"name":"Home","item":"https:\/\/www.danby.com\/fr\/"},{"@type":"ListItem","position":2,"name":"Boutique","item":"https:\/\/www.danby.com\/fr\/boutique\/"},{"@type":"ListItem","position":3,"name":"Danby Lave-linge compact \u00e0 chargement par le dessus de 0,9 pi3 en Blanc"}]},{"@type":"WebSite","url":"https:\/\/www.danby.com\/fr\/","name":"Danby - Canada - French","description":"Leader dans le domaine de la r\u00e9frig\u00e9ration et des appareils sp\u00e9cialis\u00e9s","publisher":[],"potentialAction":[{"@type":"SearchAction","target":{"@type":"EntryPoint","urlTemplate":"https:\/\/www.danby.com\/fr\/?s={search_term_string}"},"query-input":{"@type":"PropertyValueSpecification","valueRequired":true,"valueName":"search_term_string"}}],"inLanguage":"fr-CA"},{"@type":"Organization","name":"Danby Appliances","url":"https:\/\/www.danby.com\/fr\/","logo":{"@type":"ImageObject","inLanguage":"fr-CA","url":"https:\/\/cdnweb.danby.com\/wp-content\/uploads\/sites\/2\/2022\/02\/10141906\/Danby75Ans_Blue.png","contentUrl":"https:\/\/cdnweb.danby.com\/wp-content\/uploads\/sites\/2\/2022\/02\/10141906\/Danby75Ans_Blue.png","width":470,"height":110,"caption":"Danby Appliances"},"image":[],"sameAs":["https:\/\/www.facebook.com\/DanbyAppliances","https:\/\/x.com\/DanbyAppliance","https:\/\/instagram.com\/danbyappliances\/","https:\/\/www.linkedin.com\/company\/danbyappliances","https:\/\/www.pinterest.ca\/danbyappliances\/","https:\/\/www.youtube.com\/user\/DanbyProducts","https:\/\/en.wikipedia.org\/wiki\/Danby_(appliances)"]}]}},"post_mailing_queue_ids":[],"_links":{"self":[{"href":"https:\/\/www.danby.com\/fr\/wp-json\/wp\/v2\/product\/5292","targetHints":{"allow":["GET"]}}],"collection":[{"href":"https:\/\/www.danby.com\/fr\/wp-json\/wp\/v2\/product"}],"about":[{"href":"https:\/\/www.danby.com\/fr\/wp-json\/wp\/v2\/types\/product"}],"replies":[{"embeddable":true,"href":"https:\/\/www.danby.com\/fr\/wp-json\/wp\/v2\/comments?post=5292"}],"wp:featuredmedia":[{"embeddable":true,"href":"https:\/\/www.danby.com\/fr\/wp-json\/wp\/v2\/media\/21577"}],"wp:attachment":[{"href":"https:\/\/www.danby.com\/fr\/wp-json\/wp\/v2\/media?parent=5292"}],"wp:term":[{"taxonomy":"product_brand","embeddable":true,"href":"https:\/\/www.danby.com\/fr\/wp-json\/wp\/v2\/product_brand?post=5292"},{"taxonomy":"product_cat","embeddable":true,"href":"https:\/\/www.danby.com\/fr\/wp-json\/wp\/v2\/product_cat?post=5292"},{"taxonomy":"product_tag","embeddable":true,"href":"https:\/\/www.danby.com\/fr\/wp-json\/wp\/v2\/product_tag?post=5292"}],"curies":[{"name":"wp","href":"https:\/\/api.w.org\/{rel}","templated":true}]}}