{"id":5291,"date":"2022-02-03T19:22:09","date_gmt":"2022-02-03T19:22:09","guid":{"rendered":"https:\/\/www.danby.com\/fr\/product\/dwc94l1b\/"},"modified":"2026-04-11T10:05:10","modified_gmt":"2026-04-11T10:05:10","slug":"dwc94l1b","status":"publish","type":"product","link":"https:\/\/www.danby.com\/fr\/products\/refroidisseurs-a-vin\/dwc94l1b\/","title":{"rendered":"Danby Refroidisseur \u00e0 vin autoportant de 94 bouteilles en Noir"},"content":{"rendered":"","protected":false},"excerpt":{"rendered":"<ul>\n<li>Peut contenir jusqu&#8217;\u00e0 94 bouteilles standard de 750 ml<\/li>\n<li>La fa\u00e7ade contemporaine enti\u00e8rement noire et les \u00e9tag\u00e8res en bois de h\u00eatre naturel s&#8217;adaptent \u00e0 la plupart des d\u00e9cors.<\/li>\n<li>Le design autoportant est id\u00e9al pour une cuisine<\/li>\n<li>Thermostat num\u00e9rique avec affichage LED, visualisez et contr\u00f4lez la temp\u00e9rature \u00e0 travers la porte.<\/li>\n<li>La temp\u00e9rature peut \u00eatre r\u00e9gl\u00e9e entre 41F et 64F.<\/li>\n<li>La conception de la porte r\u00e9versible permet une ouverture \u00e0 gauche ou \u00e0 droite.<\/li>\n<li>Verrouillage de la porte pour s\u00e9curiser le contenu<\/li>\n<li>Fonctionnement silencieux 41db<\/li>\n<\/ul>\n","protected":false},"featured_media":35690,"comment_status":"closed","ping_status":"closed","template":"","meta":{"_acf_changed":false},"product_brand":[],"product_cat":[41,1449],"product_tag":[],"class_list":{"0":"post-5291","1":"product","2":"type-product","3":"status-publish","4":"has-post-thumbnail","6":"product_cat-refroidisseurs-a-vin","7":"product_cat-sales","9":"first","10":"instock","11":"sale","12":"taxable","13":"shipping-taxable","14":"purchasable","15":"product-type-simple"},"acf":[],"yoast_head":"<!-- This site is optimized with the Yoast SEO plugin v26.7 - https:\/\/yoast.com\/wordpress\/plugins\/seo\/ -->\n<title>Danby Refroidisseur \u00e0 vin autoportant de 94 bouteilles en Noir - DWC94L1B | Danby Canada<\/title>\n<meta name=\"description\" content=\"Con\u00e7ue pour les amateurs de vin, cette glaci\u00e8re de 8,4 pi3 stocke et conserve jusqu&#039;\u00e0 94 bouteilles de vos mill\u00e9simes pr\u00e9f\u00e9r\u00e9s. Ce refroidisseur de vin autonome \u00e0 zone unique peut \u00eatre r\u00e9gl\u00e9 entre 41F et 64F, ce qui peut \u00eatre vu et surveill\u00e9 de l&#039;ext\u00e9rieur par sa porte vitr\u00e9e. Gardez votre collection de vin parfaitement refroidie et joliment pr\u00e9sent\u00e9e dans ce refroidisseur enti\u00e8rement noir avec ses \u00e9tag\u00e8res en bois de h\u00eatre naturel. Cette unit\u00e9 dispose \u00e9galement d&#039;une porte r\u00e9versible qui peut \u00eatre ajust\u00e9e pour une ouverture \u00e0 gauche ou \u00e0 droite, et d&#039;une serrure pour s\u00e9curiser son contenu ! Soyez tranquille gr\u00e2ce au fonctionnement silencieux de cette glaci\u00e8re et \u00e0 la couverture de 12 mois pour les pi\u00e8ces et la main-d&#039;\u0153uvre.\" \/>\n<meta name=\"robots\" content=\"index, follow, max-snippet:-1, max-image-preview:large, max-video-preview:-1\" \/>\n<link rel=\"canonical\" href=\"https:\/\/www.danby.com\/fr\/products\/refroidisseurs-a-vin\/dwc94l1b\/\" \/>\n<meta property=\"og:locale\" content=\"fr_CA\" \/>\n<meta property=\"og:type\" content=\"article\" \/>\n<meta property=\"og:title\" content=\"Danby Refroidisseur \u00e0 vin autoportant de 94 bouteilles en Noir - DWC94L1B | Danby Canada\" \/>\n<meta property=\"og:description\" content=\"Con\u00e7ue pour les amateurs de vin, cette glaci\u00e8re de 8,4 pi3 stocke et conserve jusqu&#039;\u00e0 94 bouteilles de vos mill\u00e9simes pr\u00e9f\u00e9r\u00e9s. Ce refroidisseur de vin autonome \u00e0 zone unique peut \u00eatre r\u00e9gl\u00e9 entre 41F et 64F, ce qui peut \u00eatre vu et surveill\u00e9 de l&#039;ext\u00e9rieur par sa porte vitr\u00e9e. Gardez votre collection de vin parfaitement refroidie et joliment pr\u00e9sent\u00e9e dans ce refroidisseur enti\u00e8rement noir avec ses \u00e9tag\u00e8res en bois de h\u00eatre naturel. Cette unit\u00e9 dispose \u00e9galement d&#039;une porte r\u00e9versible qui peut \u00eatre ajust\u00e9e pour une ouverture \u00e0 gauche ou \u00e0 droite, et d&#039;une serrure pour s\u00e9curiser son contenu ! Soyez tranquille gr\u00e2ce au fonctionnement silencieux de cette glaci\u00e8re et \u00e0 la couverture de 12 mois pour les pi\u00e8ces et la main-d&#039;\u0153uvre.\" \/>\n<meta property=\"og:url\" content=\"https:\/\/www.danby.com\/fr\/products\/refroidisseurs-a-vin\/dwc94l1b\/\" \/>\n<meta property=\"og:site_name\" content=\"Danby - Canada - French\" \/>\n<meta property=\"article:publisher\" content=\"https:\/\/www.facebook.com\/DanbyAppliances\" \/>\n<meta property=\"article:modified_time\" content=\"2026-04-11T10:05:10+00:00\" \/>\n<meta property=\"og:image\" content=\"https:\/\/www.danby.com\/fr\/wp-content\/uploads\/sites\/2\/2025\/11\/WC__0003_DWC94L1B.jpg\" \/>\n\t<meta property=\"og:image:width\" content=\"1125\" \/>\n\t<meta property=\"og:image:height\" content=\"1500\" \/>\n\t<meta property=\"og:image:type\" content=\"image\/jpeg\" \/>\n<meta name=\"twitter:card\" content=\"summary_large_image\" \/>\n<meta name=\"twitter:site\" content=\"@DanbyAppliance\" \/>\n<meta name=\"twitter:label1\" content=\"Estimation du temps de lecture\" \/>\n\t<meta name=\"twitter:data1\" content=\"1 minute\" \/>\n<script type=\"application\/ld+json\" class=\"yoast-schema-graph\">{\"@context\":\"https:\/\/schema.org\",\"@graph\":[{\"@type\":[\"WebPage\",\"ItemPage\"],\"url\":\"https:\/\/www.danby.com\/fr\/products\/refroidisseurs-a-vin\/dwc94l1b\/\",\"name\":\"Danby Refroidisseur \u00e0 vin autoportant de 94 bouteilles en Noir - DWC94L1B | Danby Canada\",\"isPartOf\":[],\"primaryImageOfPage\":[],\"image\":[],\"thumbnailUrl\":\"https:\/\/www.danby.com\/fr\/wp-content\/uploads\/sites\/2\/2025\/11\/WC__0003_DWC94L1B.jpg\",\"datePublished\":\"2022-02-03T19:22:09+00:00\",\"dateModified\":\"2026-04-11T10:05:10+00:00\",\"description\":\"Con\u00e7ue pour les amateurs de vin, cette glaci\u00e8re de 8,4 pi3 stocke et conserve jusqu'\u00e0 94 bouteilles de vos mill\u00e9simes pr\u00e9f\u00e9r\u00e9s. Ce refroidisseur de vin autonome \u00e0 zone unique peut \u00eatre r\u00e9gl\u00e9 entre 41F et 64F, ce qui peut \u00eatre vu et surveill\u00e9 de l'ext\u00e9rieur par sa porte vitr\u00e9e. Gardez votre collection de vin parfaitement refroidie et joliment pr\u00e9sent\u00e9e dans ce refroidisseur enti\u00e8rement noir avec ses \u00e9tag\u00e8res en bois de h\u00eatre naturel. Cette unit\u00e9 dispose \u00e9galement d'une porte r\u00e9versible qui peut \u00eatre ajust\u00e9e pour une ouverture \u00e0 gauche ou \u00e0 droite, et d'une serrure pour s\u00e9curiser son contenu ! Soyez tranquille gr\u00e2ce au fonctionnement silencieux de cette glaci\u00e8re et \u00e0 la couverture de 12 mois pour les pi\u00e8ces et la main-d'\u0153uvre.\",\"breadcrumb\":[],\"inLanguage\":\"fr-CA\",\"potentialAction\":[{\"@type\":\"ReadAction\",\"target\":[\"https:\/\/www.danby.com\/fr\/products\/refroidisseurs-a-vin\/dwc94l1b\/\"]}]},{\"@type\":\"ImageObject\",\"inLanguage\":\"fr-CA\",\"url\":\"https:\/\/www.danby.com\/fr\/wp-content\/uploads\/sites\/2\/2025\/11\/WC__0003_DWC94L1B.jpg\",\"contentUrl\":\"https:\/\/www.danby.com\/fr\/wp-content\/uploads\/sites\/2\/2025\/11\/WC__0003_DWC94L1B.jpg\",\"width\":1125,\"height\":1500},{\"@type\":\"BreadcrumbList\",\"itemListElement\":[{\"@type\":\"ListItem\",\"position\":1,\"name\":\"Home\",\"item\":\"https:\/\/www.danby.com\/fr\/\"},{\"@type\":\"ListItem\",\"position\":2,\"name\":\"Boutique\",\"item\":\"https:\/\/www.danby.com\/fr\/boutique\/\"},{\"@type\":\"ListItem\",\"position\":3,\"name\":\"Danby Refroidisseur \u00e0 vin autoportant de 94 bouteilles en Noir\"}]},{\"@type\":\"WebSite\",\"url\":\"https:\/\/www.danby.com\/fr\/\",\"name\":\"Danby - Canada - French\",\"description\":\"Leader dans le domaine de la r\u00e9frig\u00e9ration et des appareils sp\u00e9cialis\u00e9s\",\"publisher\":[],\"potentialAction\":[{\"@type\":\"SearchAction\",\"target\":{\"@type\":\"EntryPoint\",\"urlTemplate\":\"https:\/\/www.danby.com\/fr\/?s={search_term_string}\"},\"query-input\":{\"@type\":\"PropertyValueSpecification\",\"valueRequired\":true,\"valueName\":\"search_term_string\"}}],\"inLanguage\":\"fr-CA\"},{\"@type\":\"Organization\",\"name\":\"Danby Appliances\",\"url\":\"https:\/\/www.danby.com\/fr\/\",\"logo\":{\"@type\":\"ImageObject\",\"inLanguage\":\"fr-CA\",\"url\":\"https:\/\/cdnweb.danby.com\/wp-content\/uploads\/sites\/2\/2022\/02\/10141906\/Danby75Ans_Blue.png\",\"contentUrl\":\"https:\/\/cdnweb.danby.com\/wp-content\/uploads\/sites\/2\/2022\/02\/10141906\/Danby75Ans_Blue.png\",\"width\":470,\"height\":110,\"caption\":\"Danby Appliances\"},\"image\":[],\"sameAs\":[\"https:\/\/www.facebook.com\/DanbyAppliances\",\"https:\/\/x.com\/DanbyAppliance\",\"https:\/\/instagram.com\/danbyappliances\/\",\"https:\/\/www.linkedin.com\/company\/danbyappliances\",\"https:\/\/www.pinterest.ca\/danbyappliances\/\",\"https:\/\/www.youtube.com\/user\/DanbyProducts\",\"https:\/\/en.wikipedia.org\/wiki\/Danby_(appliances)\"]}]}<\/script>\n<!-- \/ Yoast SEO plugin. -->","yoast_head_json":{"title":"Danby Refroidisseur \u00e0 vin autoportant de 94 bouteilles en Noir - DWC94L1B | Danby Canada","description":"Con\u00e7ue pour les amateurs de vin, cette glaci\u00e8re de 8,4 pi3 stocke et conserve jusqu'\u00e0 94 bouteilles de vos mill\u00e9simes pr\u00e9f\u00e9r\u00e9s. Ce refroidisseur de vin autonome \u00e0 zone unique peut \u00eatre r\u00e9gl\u00e9 entre 41F et 64F, ce qui peut \u00eatre vu et surveill\u00e9 de l'ext\u00e9rieur par sa porte vitr\u00e9e. Gardez votre collection de vin parfaitement refroidie et joliment pr\u00e9sent\u00e9e dans ce refroidisseur enti\u00e8rement noir avec ses \u00e9tag\u00e8res en bois de h\u00eatre naturel. Cette unit\u00e9 dispose \u00e9galement d'une porte r\u00e9versible qui peut \u00eatre ajust\u00e9e pour une ouverture \u00e0 gauche ou \u00e0 droite, et d'une serrure pour s\u00e9curiser son contenu ! Soyez tranquille gr\u00e2ce au fonctionnement silencieux de cette glaci\u00e8re et \u00e0 la couverture de 12 mois pour les pi\u00e8ces et la main-d'\u0153uvre.","robots":{"index":"index","follow":"follow","max-snippet":"max-snippet:-1","max-image-preview":"max-image-preview:large","max-video-preview":"max-video-preview:-1"},"canonical":"https:\/\/www.danby.com\/fr\/products\/refroidisseurs-a-vin\/dwc94l1b\/","og_locale":"fr_CA","og_type":"article","og_title":"Danby Refroidisseur \u00e0 vin autoportant de 94 bouteilles en Noir - DWC94L1B | Danby Canada","og_description":"Con\u00e7ue pour les amateurs de vin, cette glaci\u00e8re de 8,4 pi3 stocke et conserve jusqu'\u00e0 94 bouteilles de vos mill\u00e9simes pr\u00e9f\u00e9r\u00e9s. Ce refroidisseur de vin autonome \u00e0 zone unique peut \u00eatre r\u00e9gl\u00e9 entre 41F et 64F, ce qui peut \u00eatre vu et surveill\u00e9 de l'ext\u00e9rieur par sa porte vitr\u00e9e. Gardez votre collection de vin parfaitement refroidie et joliment pr\u00e9sent\u00e9e dans ce refroidisseur enti\u00e8rement noir avec ses \u00e9tag\u00e8res en bois de h\u00eatre naturel. Cette unit\u00e9 dispose \u00e9galement d'une porte r\u00e9versible qui peut \u00eatre ajust\u00e9e pour une ouverture \u00e0 gauche ou \u00e0 droite, et d'une serrure pour s\u00e9curiser son contenu ! Soyez tranquille gr\u00e2ce au fonctionnement silencieux de cette glaci\u00e8re et \u00e0 la couverture de 12 mois pour les pi\u00e8ces et la main-d'\u0153uvre.","og_url":"https:\/\/www.danby.com\/fr\/products\/refroidisseurs-a-vin\/dwc94l1b\/","og_site_name":"Danby - Canada - French","article_publisher":"https:\/\/www.facebook.com\/DanbyAppliances","article_modified_time":"2026-04-11T10:05:10+00:00","og_image":[{"width":1125,"height":1500,"url":"https:\/\/www.danby.com\/fr\/wp-content\/uploads\/sites\/2\/2025\/11\/WC__0003_DWC94L1B.jpg","type":"image\/jpeg"}],"twitter_card":"summary_large_image","twitter_site":"@DanbyAppliance","twitter_misc":{"Estimation du temps de lecture":"1 minute"},"schema":{"@context":"https:\/\/schema.org","@graph":[{"@type":["WebPage","ItemPage"],"url":"https:\/\/www.danby.com\/fr\/products\/refroidisseurs-a-vin\/dwc94l1b\/","name":"Danby Refroidisseur \u00e0 vin autoportant de 94 bouteilles en Noir - DWC94L1B | Danby Canada","isPartOf":[],"primaryImageOfPage":[],"image":[],"thumbnailUrl":"https:\/\/www.danby.com\/fr\/wp-content\/uploads\/sites\/2\/2025\/11\/WC__0003_DWC94L1B.jpg","datePublished":"2022-02-03T19:22:09+00:00","dateModified":"2026-04-11T10:05:10+00:00","description":"Con\u00e7ue pour les amateurs de vin, cette glaci\u00e8re de 8,4 pi3 stocke et conserve jusqu'\u00e0 94 bouteilles de vos mill\u00e9simes pr\u00e9f\u00e9r\u00e9s. Ce refroidisseur de vin autonome \u00e0 zone unique peut \u00eatre r\u00e9gl\u00e9 entre 41F et 64F, ce qui peut \u00eatre vu et surveill\u00e9 de l'ext\u00e9rieur par sa porte vitr\u00e9e. Gardez votre collection de vin parfaitement refroidie et joliment pr\u00e9sent\u00e9e dans ce refroidisseur enti\u00e8rement noir avec ses \u00e9tag\u00e8res en bois de h\u00eatre naturel. Cette unit\u00e9 dispose \u00e9galement d'une porte r\u00e9versible qui peut \u00eatre ajust\u00e9e pour une ouverture \u00e0 gauche ou \u00e0 droite, et d'une serrure pour s\u00e9curiser son contenu ! Soyez tranquille gr\u00e2ce au fonctionnement silencieux de cette glaci\u00e8re et \u00e0 la couverture de 12 mois pour les pi\u00e8ces et la main-d'\u0153uvre.","breadcrumb":[],"inLanguage":"fr-CA","potentialAction":[{"@type":"ReadAction","target":["https:\/\/www.danby.com\/fr\/products\/refroidisseurs-a-vin\/dwc94l1b\/"]}]},{"@type":"ImageObject","inLanguage":"fr-CA","url":"https:\/\/www.danby.com\/fr\/wp-content\/uploads\/sites\/2\/2025\/11\/WC__0003_DWC94L1B.jpg","contentUrl":"https:\/\/www.danby.com\/fr\/wp-content\/uploads\/sites\/2\/2025\/11\/WC__0003_DWC94L1B.jpg","width":1125,"height":1500},{"@type":"BreadcrumbList","itemListElement":[{"@type":"ListItem","position":1,"name":"Home","item":"https:\/\/www.danby.com\/fr\/"},{"@type":"ListItem","position":2,"name":"Boutique","item":"https:\/\/www.danby.com\/fr\/boutique\/"},{"@type":"ListItem","position":3,"name":"Danby Refroidisseur \u00e0 vin autoportant de 94 bouteilles en Noir"}]},{"@type":"WebSite","url":"https:\/\/www.danby.com\/fr\/","name":"Danby - Canada - French","description":"Leader dans le domaine de la r\u00e9frig\u00e9ration et des appareils sp\u00e9cialis\u00e9s","publisher":[],"potentialAction":[{"@type":"SearchAction","target":{"@type":"EntryPoint","urlTemplate":"https:\/\/www.danby.com\/fr\/?s={search_term_string}"},"query-input":{"@type":"PropertyValueSpecification","valueRequired":true,"valueName":"search_term_string"}}],"inLanguage":"fr-CA"},{"@type":"Organization","name":"Danby Appliances","url":"https:\/\/www.danby.com\/fr\/","logo":{"@type":"ImageObject","inLanguage":"fr-CA","url":"https:\/\/cdnweb.danby.com\/wp-content\/uploads\/sites\/2\/2022\/02\/10141906\/Danby75Ans_Blue.png","contentUrl":"https:\/\/cdnweb.danby.com\/wp-content\/uploads\/sites\/2\/2022\/02\/10141906\/Danby75Ans_Blue.png","width":470,"height":110,"caption":"Danby Appliances"},"image":[],"sameAs":["https:\/\/www.facebook.com\/DanbyAppliances","https:\/\/x.com\/DanbyAppliance","https:\/\/instagram.com\/danbyappliances\/","https:\/\/www.linkedin.com\/company\/danbyappliances","https:\/\/www.pinterest.ca\/danbyappliances\/","https:\/\/www.youtube.com\/user\/DanbyProducts","https:\/\/en.wikipedia.org\/wiki\/Danby_(appliances)"]}]}},"post_mailing_queue_ids":[],"_links":{"self":[{"href":"https:\/\/www.danby.com\/fr\/wp-json\/wp\/v2\/product\/5291","targetHints":{"allow":["GET"]}}],"collection":[{"href":"https:\/\/www.danby.com\/fr\/wp-json\/wp\/v2\/product"}],"about":[{"href":"https:\/\/www.danby.com\/fr\/wp-json\/wp\/v2\/types\/product"}],"replies":[{"embeddable":true,"href":"https:\/\/www.danby.com\/fr\/wp-json\/wp\/v2\/comments?post=5291"}],"wp:featuredmedia":[{"embeddable":true,"href":"https:\/\/www.danby.com\/fr\/wp-json\/wp\/v2\/media\/35690"}],"wp:attachment":[{"href":"https:\/\/www.danby.com\/fr\/wp-json\/wp\/v2\/media?parent=5291"}],"wp:term":[{"taxonomy":"product_brand","embeddable":true,"href":"https:\/\/www.danby.com\/fr\/wp-json\/wp\/v2\/product_brand?post=5291"},{"taxonomy":"product_cat","embeddable":true,"href":"https:\/\/www.danby.com\/fr\/wp-json\/wp\/v2\/product_cat?post=5291"},{"taxonomy":"product_tag","embeddable":true,"href":"https:\/\/www.danby.com\/fr\/wp-json\/wp\/v2\/product_tag?post=5291"}],"curies":[{"name":"wp","href":"https:\/\/api.w.org\/{rel}","templated":true}]}}