{"id":5289,"date":"2022-02-03T19:22:09","date_gmt":"2022-02-03T19:22:09","guid":{"rendered":"https:\/\/www.danby.com\/fr\/product\/dwc93blsdb\/"},"modified":"2026-04-16T10:08:59","modified_gmt":"2026-04-16T10:08:59","slug":"dwc93blsdb","status":"publish","type":"product","link":"https:\/\/www.danby.com\/fr\/products\/refroidisseurs-a-vin\/dwc93blsdb\/","title":{"rendered":"Danby 36 Bouteille Refroidisseurs \u00e0 vin"},"content":{"rendered":"","protected":false},"excerpt":{"rendered":"<ul>\n<li>Refroidisseur de vin autonome de 36 bouteilles<\/li>\n<li>Gamme de temp\u00e9ratures de 6\u00b0 C \u00e0 14\u00b0 C (43\u00b0 F \u00e0 57\u00b0 F)<\/li>\n<li>\u00c9clairage int\u00e9rieur DEL bleue illumine sans la chaleur d&#8217;une ampoule \u00e0 incandescence<\/li>\n<li>Tablettes en treillis noir<\/li>\n<li>Porte en verre tremp\u00e9, aide \u00e0 prot\u00e9ger le vin des rayons ultraviolets<\/li>\n<li>Arri\u00e8re de conception \u00e9gale<\/li>\n<li>Charni\u00e8res de porte r\u00e9versibles pour ouverture \u00e0 gauche ou \u00e0 droite<\/li>\n<\/ul>\n","protected":false},"featured_media":7049,"comment_status":"closed","ping_status":"open","template":"","meta":{"_acf_changed":false},"product_brand":[],"product_cat":[41],"product_tag":[],"class_list":{"0":"post-5289","1":"product","2":"type-product","3":"status-publish","4":"has-post-thumbnail","6":"product_cat-refroidisseurs-a-vin","7":"pa_couleur-stainless-steel","8":"pa_duree-de-la-garantie-en-mois-1173","10":"first","11":"outofstock","12":"taxable","13":"shipping-taxable","14":"purchasable","15":"product-type-simple"},"acf":[],"yoast_head":"<!-- This site is optimized with the Yoast SEO plugin v26.7 - https:\/\/yoast.com\/wordpress\/plugins\/seo\/ -->\n<title>Danby 36 Bouteille Refroidisseurs \u00e0 vin - DWC93BLSDB | Danby Canada<\/title>\n<meta name=\"description\" content=\"Si vous poss\u00e9dez quelques bouteilles de vin qui auraient besoin d\u2019\u00eatre rafraichies, cet \u00e9l\u00e9gant refroidisseur \u00e0 vin Danby autostable, repr\u00e9sente sans conteste le moyen le plus pratique et le plus \u00e9conomique de les entreposer. Cet appareil spacieux offre 3,3 pieds cubes d\u2019espace de rafraichissement permettant d\u2019entreposer jusqu\u2019\u00e0 36 bouteilles de vos vins pr\u00e9f\u00e9r\u00e9s sur d\u2019attrayantes clayettes noires. Votre collection prendra un aspect impressionnant gr\u00e2ce \u00e0 l\u2019\u00e9clairage int\u00e9rieur bleu \u00e0 DEL qui met les bouteilles magistralement en valeur, \u00e0 travers l\u2019\u00e9l\u00e9gante porte en verre tremp\u00e9. Vos bouteilles seront toujours \u00e0 la temp\u00e9rature que vous avez programm\u00e9e, dans une plage comprise entre 6\u00b0C et 14\u00b0C (43\u00b0F et 57\u00b0F). Il n\u2019y a aucun \u00e9clairage incandescent qui risquerait d\u2019entraver le processus de rafraichissement et la porte vitr\u00e9e est con\u00e7ue de mani\u00e8re \u00e0 prot\u00e9ger votre collection des rayons ultraviolets potentiellement dommageables. La porte r\u00e9versible pratique vous permet une ouverture vers la gauche ou vers la droite. Ce refroidisseur \u00e0 vin robuste est aussi offert avec une garantie de 12 mois sur les pi\u00e8ces et la main-d\u2019\u0153uvre, incluant le service \u00e0 domicile.\" \/>\n<meta name=\"robots\" content=\"index, follow, max-snippet:-1, max-image-preview:large, max-video-preview:-1\" \/>\n<link rel=\"canonical\" href=\"https:\/\/www.danby.com\/fr\/products\/refroidisseurs-a-vin\/dwc93blsdb\/\" \/>\n<meta property=\"og:locale\" content=\"fr_CA\" \/>\n<meta property=\"og:type\" content=\"article\" \/>\n<meta property=\"og:title\" content=\"Danby 36 Bouteille Refroidisseurs \u00e0 vin - DWC93BLSDB | Danby Canada\" \/>\n<meta property=\"og:description\" content=\"Si vous poss\u00e9dez quelques bouteilles de vin qui auraient besoin d\u2019\u00eatre rafraichies, cet \u00e9l\u00e9gant refroidisseur \u00e0 vin Danby autostable, repr\u00e9sente sans conteste le moyen le plus pratique et le plus \u00e9conomique de les entreposer. Cet appareil spacieux offre 3,3 pieds cubes d\u2019espace de rafraichissement permettant d\u2019entreposer jusqu\u2019\u00e0 36 bouteilles de vos vins pr\u00e9f\u00e9r\u00e9s sur d\u2019attrayantes clayettes noires. Votre collection prendra un aspect impressionnant gr\u00e2ce \u00e0 l\u2019\u00e9clairage int\u00e9rieur bleu \u00e0 DEL qui met les bouteilles magistralement en valeur, \u00e0 travers l\u2019\u00e9l\u00e9gante porte en verre tremp\u00e9. Vos bouteilles seront toujours \u00e0 la temp\u00e9rature que vous avez programm\u00e9e, dans une plage comprise entre 6\u00b0C et 14\u00b0C (43\u00b0F et 57\u00b0F). Il n\u2019y a aucun \u00e9clairage incandescent qui risquerait d\u2019entraver le processus de rafraichissement et la porte vitr\u00e9e est con\u00e7ue de mani\u00e8re \u00e0 prot\u00e9ger votre collection des rayons ultraviolets potentiellement dommageables. La porte r\u00e9versible pratique vous permet une ouverture vers la gauche ou vers la droite. Ce refroidisseur \u00e0 vin robuste est aussi offert avec une garantie de 12 mois sur les pi\u00e8ces et la main-d\u2019\u0153uvre, incluant le service \u00e0 domicile.\" \/>\n<meta property=\"og:url\" content=\"https:\/\/www.danby.com\/fr\/products\/refroidisseurs-a-vin\/dwc93blsdb\/\" \/>\n<meta property=\"og:site_name\" content=\"Danby - Canada - French\" \/>\n<meta property=\"article:publisher\" content=\"https:\/\/www.facebook.com\/DanbyAppliances\" \/>\n<meta property=\"article:modified_time\" content=\"2026-04-16T10:08:59+00:00\" \/>\n<meta property=\"og:image\" content=\"https:\/\/cdnweb.danby.com\/wp-content\/uploads\/sites\/2\/2022\/02\/08191416\/proMed-dwc93blsdb_right.jpg\" \/>\n\t<meta property=\"og:image:width\" content=\"300\" \/>\n\t<meta property=\"og:image:height\" content=\"272\" \/>\n\t<meta property=\"og:image:type\" content=\"image\/jpeg\" \/>\n<meta name=\"twitter:card\" content=\"summary_large_image\" \/>\n<meta name=\"twitter:site\" content=\"@DanbyAppliance\" \/>\n<script type=\"application\/ld+json\" class=\"yoast-schema-graph\">{\"@context\":\"https:\/\/schema.org\",\"@graph\":[{\"@type\":[\"WebPage\",\"ItemPage\"],\"url\":\"https:\/\/www.danby.com\/fr\/products\/refroidisseurs-a-vin\/dwc93blsdb\/\",\"name\":\"Danby 36 Bouteille Refroidisseurs \u00e0 vin - DWC93BLSDB | Danby Canada\",\"isPartOf\":[],\"primaryImageOfPage\":[],\"image\":[],\"thumbnailUrl\":\"https:\/\/cdnweb.danby.com\/wp-content\/uploads\/sites\/2\/2022\/02\/08191416\/proMed-dwc93blsdb_right.jpg\",\"datePublished\":\"2022-02-03T19:22:09+00:00\",\"dateModified\":\"2026-04-16T10:08:59+00:00\",\"description\":\"Si vous poss\u00e9dez quelques bouteilles de vin qui auraient besoin d\u2019\u00eatre rafraichies, cet \u00e9l\u00e9gant refroidisseur \u00e0 vin Danby autostable, repr\u00e9sente sans conteste le moyen le plus pratique et le plus \u00e9conomique de les entreposer. Cet appareil spacieux offre 3,3 pieds cubes d\u2019espace de rafraichissement permettant d\u2019entreposer jusqu\u2019\u00e0 36 bouteilles de vos vins pr\u00e9f\u00e9r\u00e9s sur d\u2019attrayantes clayettes noires. Votre collection prendra un aspect impressionnant gr\u00e2ce \u00e0 l\u2019\u00e9clairage int\u00e9rieur bleu \u00e0 DEL qui met les bouteilles magistralement en valeur, \u00e0 travers l\u2019\u00e9l\u00e9gante porte en verre tremp\u00e9. Vos bouteilles seront toujours \u00e0 la temp\u00e9rature que vous avez programm\u00e9e, dans une plage comprise entre 6\u00b0C et 14\u00b0C (43\u00b0F et 57\u00b0F). Il n\u2019y a aucun \u00e9clairage incandescent qui risquerait d\u2019entraver le processus de rafraichissement et la porte vitr\u00e9e est con\u00e7ue de mani\u00e8re \u00e0 prot\u00e9ger votre collection des rayons ultraviolets potentiellement dommageables. La porte r\u00e9versible pratique vous permet une ouverture vers la gauche ou vers la droite. Ce refroidisseur \u00e0 vin robuste est aussi offert avec une garantie de 12 mois sur les pi\u00e8ces et la main-d\u2019\u0153uvre, incluant le service \u00e0 domicile.\",\"breadcrumb\":[],\"inLanguage\":\"fr-CA\",\"potentialAction\":[{\"@type\":\"ReadAction\",\"target\":[\"https:\/\/www.danby.com\/fr\/products\/refroidisseurs-a-vin\/dwc93blsdb\/\"]}]},{\"@type\":\"ImageObject\",\"inLanguage\":\"fr-CA\",\"url\":\"https:\/\/cdnweb.danby.com\/wp-content\/uploads\/sites\/2\/2022\/02\/08191416\/proMed-dwc93blsdb_right.jpg\",\"contentUrl\":\"https:\/\/cdnweb.danby.com\/wp-content\/uploads\/sites\/2\/2022\/02\/08191416\/proMed-dwc93blsdb_right.jpg\",\"width\":300,\"height\":272},{\"@type\":\"BreadcrumbList\",\"itemListElement\":[{\"@type\":\"ListItem\",\"position\":1,\"name\":\"Home\",\"item\":\"https:\/\/www.danby.com\/fr\/\"},{\"@type\":\"ListItem\",\"position\":2,\"name\":\"Boutique\",\"item\":\"https:\/\/www.danby.com\/fr\/boutique\/\"},{\"@type\":\"ListItem\",\"position\":3,\"name\":\"Danby 36 Bouteille Refroidisseurs \u00e0 vin\"}]},{\"@type\":\"WebSite\",\"url\":\"https:\/\/www.danby.com\/fr\/\",\"name\":\"Danby - Canada - French\",\"description\":\"Leader dans le domaine de la r\u00e9frig\u00e9ration et des appareils sp\u00e9cialis\u00e9s\",\"publisher\":[],\"potentialAction\":[{\"@type\":\"SearchAction\",\"target\":{\"@type\":\"EntryPoint\",\"urlTemplate\":\"https:\/\/www.danby.com\/fr\/?s={search_term_string}\"},\"query-input\":{\"@type\":\"PropertyValueSpecification\",\"valueRequired\":true,\"valueName\":\"search_term_string\"}}],\"inLanguage\":\"fr-CA\"},{\"@type\":\"Organization\",\"name\":\"Danby Appliances\",\"url\":\"https:\/\/www.danby.com\/fr\/\",\"logo\":{\"@type\":\"ImageObject\",\"inLanguage\":\"fr-CA\",\"url\":\"https:\/\/cdnweb.danby.com\/wp-content\/uploads\/sites\/2\/2022\/02\/10141906\/Danby75Ans_Blue.png\",\"contentUrl\":\"https:\/\/cdnweb.danby.com\/wp-content\/uploads\/sites\/2\/2022\/02\/10141906\/Danby75Ans_Blue.png\",\"width\":470,\"height\":110,\"caption\":\"Danby Appliances\"},\"image\":[],\"sameAs\":[\"https:\/\/www.facebook.com\/DanbyAppliances\",\"https:\/\/x.com\/DanbyAppliance\",\"https:\/\/instagram.com\/danbyappliances\/\",\"https:\/\/www.linkedin.com\/company\/danbyappliances\",\"https:\/\/www.pinterest.ca\/danbyappliances\/\",\"https:\/\/www.youtube.com\/user\/DanbyProducts\",\"https:\/\/en.wikipedia.org\/wiki\/Danby_(appliances)\"]}]}<\/script>\n<!-- \/ Yoast SEO plugin. -->","yoast_head_json":{"title":"Danby 36 Bouteille Refroidisseurs \u00e0 vin - DWC93BLSDB | Danby Canada","description":"Si vous poss\u00e9dez quelques bouteilles de vin qui auraient besoin d\u2019\u00eatre rafraichies, cet \u00e9l\u00e9gant refroidisseur \u00e0 vin Danby autostable, repr\u00e9sente sans conteste le moyen le plus pratique et le plus \u00e9conomique de les entreposer. Cet appareil spacieux offre 3,3 pieds cubes d\u2019espace de rafraichissement permettant d\u2019entreposer jusqu\u2019\u00e0 36 bouteilles de vos vins pr\u00e9f\u00e9r\u00e9s sur d\u2019attrayantes clayettes noires. Votre collection prendra un aspect impressionnant gr\u00e2ce \u00e0 l\u2019\u00e9clairage int\u00e9rieur bleu \u00e0 DEL qui met les bouteilles magistralement en valeur, \u00e0 travers l\u2019\u00e9l\u00e9gante porte en verre tremp\u00e9. Vos bouteilles seront toujours \u00e0 la temp\u00e9rature que vous avez programm\u00e9e, dans une plage comprise entre 6\u00b0C et 14\u00b0C (43\u00b0F et 57\u00b0F). Il n\u2019y a aucun \u00e9clairage incandescent qui risquerait d\u2019entraver le processus de rafraichissement et la porte vitr\u00e9e est con\u00e7ue de mani\u00e8re \u00e0 prot\u00e9ger votre collection des rayons ultraviolets potentiellement dommageables. La porte r\u00e9versible pratique vous permet une ouverture vers la gauche ou vers la droite. Ce refroidisseur \u00e0 vin robuste est aussi offert avec une garantie de 12 mois sur les pi\u00e8ces et la main-d\u2019\u0153uvre, incluant le service \u00e0 domicile.","robots":{"index":"index","follow":"follow","max-snippet":"max-snippet:-1","max-image-preview":"max-image-preview:large","max-video-preview":"max-video-preview:-1"},"canonical":"https:\/\/www.danby.com\/fr\/products\/refroidisseurs-a-vin\/dwc93blsdb\/","og_locale":"fr_CA","og_type":"article","og_title":"Danby 36 Bouteille Refroidisseurs \u00e0 vin - DWC93BLSDB | Danby Canada","og_description":"Si vous poss\u00e9dez quelques bouteilles de vin qui auraient besoin d\u2019\u00eatre rafraichies, cet \u00e9l\u00e9gant refroidisseur \u00e0 vin Danby autostable, repr\u00e9sente sans conteste le moyen le plus pratique et le plus \u00e9conomique de les entreposer. Cet appareil spacieux offre 3,3 pieds cubes d\u2019espace de rafraichissement permettant d\u2019entreposer jusqu\u2019\u00e0 36 bouteilles de vos vins pr\u00e9f\u00e9r\u00e9s sur d\u2019attrayantes clayettes noires. Votre collection prendra un aspect impressionnant gr\u00e2ce \u00e0 l\u2019\u00e9clairage int\u00e9rieur bleu \u00e0 DEL qui met les bouteilles magistralement en valeur, \u00e0 travers l\u2019\u00e9l\u00e9gante porte en verre tremp\u00e9. Vos bouteilles seront toujours \u00e0 la temp\u00e9rature que vous avez programm\u00e9e, dans une plage comprise entre 6\u00b0C et 14\u00b0C (43\u00b0F et 57\u00b0F). Il n\u2019y a aucun \u00e9clairage incandescent qui risquerait d\u2019entraver le processus de rafraichissement et la porte vitr\u00e9e est con\u00e7ue de mani\u00e8re \u00e0 prot\u00e9ger votre collection des rayons ultraviolets potentiellement dommageables. La porte r\u00e9versible pratique vous permet une ouverture vers la gauche ou vers la droite. Ce refroidisseur \u00e0 vin robuste est aussi offert avec une garantie de 12 mois sur les pi\u00e8ces et la main-d\u2019\u0153uvre, incluant le service \u00e0 domicile.","og_url":"https:\/\/www.danby.com\/fr\/products\/refroidisseurs-a-vin\/dwc93blsdb\/","og_site_name":"Danby - Canada - French","article_publisher":"https:\/\/www.facebook.com\/DanbyAppliances","article_modified_time":"2026-04-16T10:08:59+00:00","og_image":[{"width":300,"height":272,"url":"https:\/\/cdnweb.danby.com\/wp-content\/uploads\/sites\/2\/2022\/02\/08191416\/proMed-dwc93blsdb_right.jpg","type":"image\/jpeg"}],"twitter_card":"summary_large_image","twitter_site":"@DanbyAppliance","schema":{"@context":"https:\/\/schema.org","@graph":[{"@type":["WebPage","ItemPage"],"url":"https:\/\/www.danby.com\/fr\/products\/refroidisseurs-a-vin\/dwc93blsdb\/","name":"Danby 36 Bouteille Refroidisseurs \u00e0 vin - DWC93BLSDB | Danby Canada","isPartOf":[],"primaryImageOfPage":[],"image":[],"thumbnailUrl":"https:\/\/cdnweb.danby.com\/wp-content\/uploads\/sites\/2\/2022\/02\/08191416\/proMed-dwc93blsdb_right.jpg","datePublished":"2022-02-03T19:22:09+00:00","dateModified":"2026-04-16T10:08:59+00:00","description":"Si vous poss\u00e9dez quelques bouteilles de vin qui auraient besoin d\u2019\u00eatre rafraichies, cet \u00e9l\u00e9gant refroidisseur \u00e0 vin Danby autostable, repr\u00e9sente sans conteste le moyen le plus pratique et le plus \u00e9conomique de les entreposer. Cet appareil spacieux offre 3,3 pieds cubes d\u2019espace de rafraichissement permettant d\u2019entreposer jusqu\u2019\u00e0 36 bouteilles de vos vins pr\u00e9f\u00e9r\u00e9s sur d\u2019attrayantes clayettes noires. Votre collection prendra un aspect impressionnant gr\u00e2ce \u00e0 l\u2019\u00e9clairage int\u00e9rieur bleu \u00e0 DEL qui met les bouteilles magistralement en valeur, \u00e0 travers l\u2019\u00e9l\u00e9gante porte en verre tremp\u00e9. Vos bouteilles seront toujours \u00e0 la temp\u00e9rature que vous avez programm\u00e9e, dans une plage comprise entre 6\u00b0C et 14\u00b0C (43\u00b0F et 57\u00b0F). Il n\u2019y a aucun \u00e9clairage incandescent qui risquerait d\u2019entraver le processus de rafraichissement et la porte vitr\u00e9e est con\u00e7ue de mani\u00e8re \u00e0 prot\u00e9ger votre collection des rayons ultraviolets potentiellement dommageables. La porte r\u00e9versible pratique vous permet une ouverture vers la gauche ou vers la droite. Ce refroidisseur \u00e0 vin robuste est aussi offert avec une garantie de 12 mois sur les pi\u00e8ces et la main-d\u2019\u0153uvre, incluant le service \u00e0 domicile.","breadcrumb":[],"inLanguage":"fr-CA","potentialAction":[{"@type":"ReadAction","target":["https:\/\/www.danby.com\/fr\/products\/refroidisseurs-a-vin\/dwc93blsdb\/"]}]},{"@type":"ImageObject","inLanguage":"fr-CA","url":"https:\/\/cdnweb.danby.com\/wp-content\/uploads\/sites\/2\/2022\/02\/08191416\/proMed-dwc93blsdb_right.jpg","contentUrl":"https:\/\/cdnweb.danby.com\/wp-content\/uploads\/sites\/2\/2022\/02\/08191416\/proMed-dwc93blsdb_right.jpg","width":300,"height":272},{"@type":"BreadcrumbList","itemListElement":[{"@type":"ListItem","position":1,"name":"Home","item":"https:\/\/www.danby.com\/fr\/"},{"@type":"ListItem","position":2,"name":"Boutique","item":"https:\/\/www.danby.com\/fr\/boutique\/"},{"@type":"ListItem","position":3,"name":"Danby 36 Bouteille Refroidisseurs \u00e0 vin"}]},{"@type":"WebSite","url":"https:\/\/www.danby.com\/fr\/","name":"Danby - Canada - French","description":"Leader dans le domaine de la r\u00e9frig\u00e9ration et des appareils sp\u00e9cialis\u00e9s","publisher":[],"potentialAction":[{"@type":"SearchAction","target":{"@type":"EntryPoint","urlTemplate":"https:\/\/www.danby.com\/fr\/?s={search_term_string}"},"query-input":{"@type":"PropertyValueSpecification","valueRequired":true,"valueName":"search_term_string"}}],"inLanguage":"fr-CA"},{"@type":"Organization","name":"Danby Appliances","url":"https:\/\/www.danby.com\/fr\/","logo":{"@type":"ImageObject","inLanguage":"fr-CA","url":"https:\/\/cdnweb.danby.com\/wp-content\/uploads\/sites\/2\/2022\/02\/10141906\/Danby75Ans_Blue.png","contentUrl":"https:\/\/cdnweb.danby.com\/wp-content\/uploads\/sites\/2\/2022\/02\/10141906\/Danby75Ans_Blue.png","width":470,"height":110,"caption":"Danby Appliances"},"image":[],"sameAs":["https:\/\/www.facebook.com\/DanbyAppliances","https:\/\/x.com\/DanbyAppliance","https:\/\/instagram.com\/danbyappliances\/","https:\/\/www.linkedin.com\/company\/danbyappliances","https:\/\/www.pinterest.ca\/danbyappliances\/","https:\/\/www.youtube.com\/user\/DanbyProducts","https:\/\/en.wikipedia.org\/wiki\/Danby_(appliances)"]}]}},"post_mailing_queue_ids":[],"_links":{"self":[{"href":"https:\/\/www.danby.com\/fr\/wp-json\/wp\/v2\/product\/5289","targetHints":{"allow":["GET"]}}],"collection":[{"href":"https:\/\/www.danby.com\/fr\/wp-json\/wp\/v2\/product"}],"about":[{"href":"https:\/\/www.danby.com\/fr\/wp-json\/wp\/v2\/types\/product"}],"replies":[{"embeddable":true,"href":"https:\/\/www.danby.com\/fr\/wp-json\/wp\/v2\/comments?post=5289"}],"wp:featuredmedia":[{"embeddable":true,"href":"https:\/\/www.danby.com\/fr\/wp-json\/wp\/v2\/media\/7049"}],"wp:attachment":[{"href":"https:\/\/www.danby.com\/fr\/wp-json\/wp\/v2\/media?parent=5289"}],"wp:term":[{"taxonomy":"product_brand","embeddable":true,"href":"https:\/\/www.danby.com\/fr\/wp-json\/wp\/v2\/product_brand?post=5289"},{"taxonomy":"product_cat","embeddable":true,"href":"https:\/\/www.danby.com\/fr\/wp-json\/wp\/v2\/product_cat?post=5289"},{"taxonomy":"product_tag","embeddable":true,"href":"https:\/\/www.danby.com\/fr\/wp-json\/wp\/v2\/product_tag?post=5289"}],"curies":[{"name":"wp","href":"https:\/\/api.w.org\/{rel}","templated":true}]}}