{"id":5288,"date":"2022-02-03T19:22:09","date_gmt":"2022-02-03T19:22:09","guid":{"rendered":"https:\/\/www.danby.com\/fr\/product\/dwc508bls\/"},"modified":"2026-04-08T10:08:12","modified_gmt":"2026-04-08T10:08:12","slug":"dwc508bls","status":"publish","type":"product","link":"https:\/\/www.danby.com\/fr\/products\/refroidisseurs-a-vin\/dwc508bls\/","title":{"rendered":"Danby Designer 50 Bouteille Refroidisseurs \u00e0 vin"},"content":{"rendered":"","protected":false},"excerpt":{"rendered":"<ul>\n<li>Capacit\u00e9 pour 50 bouteilles (5.3 pi3)<\/li>\n<li>Application encastr\u00e9e ou ind\u00e9pendante<\/li>\n<li>Gamme de temp\u00e9ratures de 4\u00b0C \u00e0 18\u00b0C (39.2\u00b0F \u00e0 64.4\u00b0F)<\/li>\n<li>Thermostat num\u00e9rique pr\u00e9cis avec affichage \u00e0 DEL qui permet de r\u00e9gler pr\u00e9cis\u00e9ment la temp\u00e9rature et de la surveiller par la porte<\/li>\n<li>\u00c9clairage int\u00e9rieur DEL illumine sans la chaleur d&#8217;une ampoule \u00e0 incandescence<\/li>\n<li>6.5 grilles m\u00e9talliques coulissantes noires avec face en bois de h\u00eatre<\/li>\n<li>Porte en verre tremp\u00e9 avec cadre et poign\u00e9e en acier inoxydable<\/li>\n<li>La charni\u00e8re r\u00e9versible permet une ouverture gauche ou droite<\/li>\n<\/ul>\n","protected":false},"featured_media":7249,"comment_status":"closed","ping_status":"open","template":"","meta":{"_acf_changed":false},"product_brand":[],"product_cat":[41],"product_tag":[],"class_list":{"0":"post-5288","1":"product","2":"type-product","3":"status-publish","4":"has-post-thumbnail","6":"product_cat-refroidisseurs-a-vin","7":"pa_couleur-stainless-steel","8":"pa_duree-de-la-garantie-en-mois-1170","10":"first","11":"outofstock","12":"taxable","13":"shipping-taxable","14":"product-type-simple"},"acf":[],"yoast_head":"<!-- This site is optimized with the Yoast SEO plugin v26.7 - https:\/\/yoast.com\/wordpress\/plugins\/seo\/ -->\n<title>Danby Designer 50 Bouteille Refroidisseurs \u00e0 vin - DWC508BLS | Danby Canada<\/title>\n<meta name=\"description\" content=\"L\u2019amateur de vin passionn\u00e9 appr\u00e9ciera cet \u00e9l\u00e9gant refroidisseur \u00e0 vin de 5,3 pieds cubes, d\u2019une capacit\u00e9 de 50 bouteilles. Il peut \u00eatre utilis\u00e9 comme appareil autonome ou encastr\u00e9 et comporte une plage de temp\u00e9ratures comprise entre 4\u00b0C et 18\u00b0C (39,20\u00b0F \u00e0 64,40\u00b0F). Son thermostat num\u00e9rique, dot\u00e9 d\u2019un affichage \u00e0 DEL \u00e9lectronique, est pr\u00e9cis et d\u2019une lecture facile. Cela vous permet de r\u00e9gler pr\u00e9cis\u00e9ment la temp\u00e9rature du refroidisseur qui peut \u00eatre v\u00e9rifi\u00e9e \u00e0 tout moment, car le thermostat peut ais\u00e9ment \u00eatre vu \u00e0 travers l\u2019\u00e9l\u00e9gante porte en verre tremp\u00e9. Le syst\u00e8me d\u2019\u00e9clairage int\u00e9rieur \u00e0 DEL permet de conserver le vin plus froid, en \u00e9liminant la chaleur d\u2019une ampoule \u00e9lectrique et il y a amplement d\u2019espace pour l\u2019entreposage de vos marques pr\u00e9f\u00e9r\u00e9es, gr\u00e2ce aux sept clayettes noires coulissantes. Le ch\u00e2ssis et la poign\u00e9e de la porte sont faits d\u2019acier inoxydable et la charni\u00e8re r\u00e9versible pratique vous permet de choisir une ouverture \u00e0 gauche ou \u00e0 droite. Le refroidisseur de vin est \u00e9galement livr\u00e9 avec une garantie de 18 mois sur les pi\u00e8ces et la main-d\u2019\u0153uvre, incluant le service \u00e0 domicile.\" \/>\n<meta name=\"robots\" content=\"index, follow, max-snippet:-1, max-image-preview:large, max-video-preview:-1\" \/>\n<link rel=\"canonical\" href=\"https:\/\/www.danby.com\/fr\/products\/refroidisseurs-a-vin\/dwc508bls\/\" \/>\n<meta property=\"og:locale\" content=\"fr_CA\" \/>\n<meta property=\"og:type\" content=\"article\" \/>\n<meta property=\"og:title\" content=\"Danby Designer 50 Bouteille Refroidisseurs \u00e0 vin - DWC508BLS | Danby Canada\" \/>\n<meta property=\"og:description\" content=\"L\u2019amateur de vin passionn\u00e9 appr\u00e9ciera cet \u00e9l\u00e9gant refroidisseur \u00e0 vin de 5,3 pieds cubes, d\u2019une capacit\u00e9 de 50 bouteilles. Il peut \u00eatre utilis\u00e9 comme appareil autonome ou encastr\u00e9 et comporte une plage de temp\u00e9ratures comprise entre 4\u00b0C et 18\u00b0C (39,20\u00b0F \u00e0 64,40\u00b0F). Son thermostat num\u00e9rique, dot\u00e9 d\u2019un affichage \u00e0 DEL \u00e9lectronique, est pr\u00e9cis et d\u2019une lecture facile. Cela vous permet de r\u00e9gler pr\u00e9cis\u00e9ment la temp\u00e9rature du refroidisseur qui peut \u00eatre v\u00e9rifi\u00e9e \u00e0 tout moment, car le thermostat peut ais\u00e9ment \u00eatre vu \u00e0 travers l\u2019\u00e9l\u00e9gante porte en verre tremp\u00e9. Le syst\u00e8me d\u2019\u00e9clairage int\u00e9rieur \u00e0 DEL permet de conserver le vin plus froid, en \u00e9liminant la chaleur d\u2019une ampoule \u00e9lectrique et il y a amplement d\u2019espace pour l\u2019entreposage de vos marques pr\u00e9f\u00e9r\u00e9es, gr\u00e2ce aux sept clayettes noires coulissantes. Le ch\u00e2ssis et la poign\u00e9e de la porte sont faits d\u2019acier inoxydable et la charni\u00e8re r\u00e9versible pratique vous permet de choisir une ouverture \u00e0 gauche ou \u00e0 droite. Le refroidisseur de vin est \u00e9galement livr\u00e9 avec une garantie de 18 mois sur les pi\u00e8ces et la main-d\u2019\u0153uvre, incluant le service \u00e0 domicile.\" \/>\n<meta property=\"og:url\" content=\"https:\/\/www.danby.com\/fr\/products\/refroidisseurs-a-vin\/dwc508bls\/\" \/>\n<meta property=\"og:site_name\" content=\"Danby - Canada - French\" \/>\n<meta property=\"article:publisher\" content=\"https:\/\/www.facebook.com\/DanbyAppliances\" \/>\n<meta property=\"article:modified_time\" content=\"2026-04-08T10:08:12+00:00\" \/>\n<meta property=\"og:image\" content=\"https:\/\/cdnweb.danby.com\/wp-content\/uploads\/sites\/2\/2022\/02\/08192308\/proMed-dwc508bls.jpg\" \/>\n\t<meta property=\"og:image:width\" content=\"300\" \/>\n\t<meta property=\"og:image:height\" content=\"272\" \/>\n\t<meta property=\"og:image:type\" content=\"image\/jpeg\" \/>\n<meta name=\"twitter:card\" content=\"summary_large_image\" \/>\n<meta name=\"twitter:site\" content=\"@DanbyAppliance\" \/>\n<script type=\"application\/ld+json\" class=\"yoast-schema-graph\">{\"@context\":\"https:\/\/schema.org\",\"@graph\":[{\"@type\":[\"WebPage\",\"ItemPage\"],\"url\":\"https:\/\/www.danby.com\/fr\/products\/refroidisseurs-a-vin\/dwc508bls\/\",\"name\":\"Danby Designer 50 Bouteille Refroidisseurs \u00e0 vin - DWC508BLS | Danby Canada\",\"isPartOf\":[],\"primaryImageOfPage\":[],\"image\":[],\"thumbnailUrl\":\"https:\/\/cdnweb.danby.com\/wp-content\/uploads\/sites\/2\/2022\/02\/08192308\/proMed-dwc508bls.jpg\",\"datePublished\":\"2022-02-03T19:22:09+00:00\",\"dateModified\":\"2026-04-08T10:08:12+00:00\",\"description\":\"L\u2019amateur de vin passionn\u00e9 appr\u00e9ciera cet \u00e9l\u00e9gant refroidisseur \u00e0 vin de 5,3 pieds cubes, d\u2019une capacit\u00e9 de 50 bouteilles. Il peut \u00eatre utilis\u00e9 comme appareil autonome ou encastr\u00e9 et comporte une plage de temp\u00e9ratures comprise entre 4\u00b0C et 18\u00b0C (39,20\u00b0F \u00e0 64,40\u00b0F). Son thermostat num\u00e9rique, dot\u00e9 d\u2019un affichage \u00e0 DEL \u00e9lectronique, est pr\u00e9cis et d\u2019une lecture facile. Cela vous permet de r\u00e9gler pr\u00e9cis\u00e9ment la temp\u00e9rature du refroidisseur qui peut \u00eatre v\u00e9rifi\u00e9e \u00e0 tout moment, car le thermostat peut ais\u00e9ment \u00eatre vu \u00e0 travers l\u2019\u00e9l\u00e9gante porte en verre tremp\u00e9. Le syst\u00e8me d\u2019\u00e9clairage int\u00e9rieur \u00e0 DEL permet de conserver le vin plus froid, en \u00e9liminant la chaleur d\u2019une ampoule \u00e9lectrique et il y a amplement d\u2019espace pour l\u2019entreposage de vos marques pr\u00e9f\u00e9r\u00e9es, gr\u00e2ce aux sept clayettes noires coulissantes. Le ch\u00e2ssis et la poign\u00e9e de la porte sont faits d\u2019acier inoxydable et la charni\u00e8re r\u00e9versible pratique vous permet de choisir une ouverture \u00e0 gauche ou \u00e0 droite. Le refroidisseur de vin est \u00e9galement livr\u00e9 avec une garantie de 18 mois sur les pi\u00e8ces et la main-d\u2019\u0153uvre, incluant le service \u00e0 domicile.\",\"breadcrumb\":[],\"inLanguage\":\"fr-CA\",\"potentialAction\":[{\"@type\":\"ReadAction\",\"target\":[\"https:\/\/www.danby.com\/fr\/products\/refroidisseurs-a-vin\/dwc508bls\/\"]}]},{\"@type\":\"ImageObject\",\"inLanguage\":\"fr-CA\",\"url\":\"https:\/\/cdnweb.danby.com\/wp-content\/uploads\/sites\/2\/2022\/02\/08192308\/proMed-dwc508bls.jpg\",\"contentUrl\":\"https:\/\/cdnweb.danby.com\/wp-content\/uploads\/sites\/2\/2022\/02\/08192308\/proMed-dwc508bls.jpg\",\"width\":300,\"height\":272},{\"@type\":\"BreadcrumbList\",\"itemListElement\":[{\"@type\":\"ListItem\",\"position\":1,\"name\":\"Home\",\"item\":\"https:\/\/www.danby.com\/fr\/\"},{\"@type\":\"ListItem\",\"position\":2,\"name\":\"Boutique\",\"item\":\"https:\/\/www.danby.com\/fr\/boutique\/\"},{\"@type\":\"ListItem\",\"position\":3,\"name\":\"Danby Designer 50 Bouteille Refroidisseurs \u00e0 vin\"}]},{\"@type\":\"WebSite\",\"url\":\"https:\/\/www.danby.com\/fr\/\",\"name\":\"Danby - Canada - French\",\"description\":\"Leader dans le domaine de la r\u00e9frig\u00e9ration et des appareils sp\u00e9cialis\u00e9s\",\"publisher\":[],\"potentialAction\":[{\"@type\":\"SearchAction\",\"target\":{\"@type\":\"EntryPoint\",\"urlTemplate\":\"https:\/\/www.danby.com\/fr\/?s={search_term_string}\"},\"query-input\":{\"@type\":\"PropertyValueSpecification\",\"valueRequired\":true,\"valueName\":\"search_term_string\"}}],\"inLanguage\":\"fr-CA\"},{\"@type\":\"Organization\",\"name\":\"Danby Appliances\",\"url\":\"https:\/\/www.danby.com\/fr\/\",\"logo\":{\"@type\":\"ImageObject\",\"inLanguage\":\"fr-CA\",\"url\":\"https:\/\/cdnweb.danby.com\/wp-content\/uploads\/sites\/2\/2022\/02\/10141906\/Danby75Ans_Blue.png\",\"contentUrl\":\"https:\/\/cdnweb.danby.com\/wp-content\/uploads\/sites\/2\/2022\/02\/10141906\/Danby75Ans_Blue.png\",\"width\":470,\"height\":110,\"caption\":\"Danby Appliances\"},\"image\":[],\"sameAs\":[\"https:\/\/www.facebook.com\/DanbyAppliances\",\"https:\/\/x.com\/DanbyAppliance\",\"https:\/\/instagram.com\/danbyappliances\/\",\"https:\/\/www.linkedin.com\/company\/danbyappliances\",\"https:\/\/www.pinterest.ca\/danbyappliances\/\",\"https:\/\/www.youtube.com\/user\/DanbyProducts\",\"https:\/\/en.wikipedia.org\/wiki\/Danby_(appliances)\"]}]}<\/script>\n<!-- \/ Yoast SEO plugin. -->","yoast_head_json":{"title":"Danby Designer 50 Bouteille Refroidisseurs \u00e0 vin - DWC508BLS | Danby Canada","description":"L\u2019amateur de vin passionn\u00e9 appr\u00e9ciera cet \u00e9l\u00e9gant refroidisseur \u00e0 vin de 5,3 pieds cubes, d\u2019une capacit\u00e9 de 50 bouteilles. Il peut \u00eatre utilis\u00e9 comme appareil autonome ou encastr\u00e9 et comporte une plage de temp\u00e9ratures comprise entre 4\u00b0C et 18\u00b0C (39,20\u00b0F \u00e0 64,40\u00b0F). Son thermostat num\u00e9rique, dot\u00e9 d\u2019un affichage \u00e0 DEL \u00e9lectronique, est pr\u00e9cis et d\u2019une lecture facile. Cela vous permet de r\u00e9gler pr\u00e9cis\u00e9ment la temp\u00e9rature du refroidisseur qui peut \u00eatre v\u00e9rifi\u00e9e \u00e0 tout moment, car le thermostat peut ais\u00e9ment \u00eatre vu \u00e0 travers l\u2019\u00e9l\u00e9gante porte en verre tremp\u00e9. Le syst\u00e8me d\u2019\u00e9clairage int\u00e9rieur \u00e0 DEL permet de conserver le vin plus froid, en \u00e9liminant la chaleur d\u2019une ampoule \u00e9lectrique et il y a amplement d\u2019espace pour l\u2019entreposage de vos marques pr\u00e9f\u00e9r\u00e9es, gr\u00e2ce aux sept clayettes noires coulissantes. Le ch\u00e2ssis et la poign\u00e9e de la porte sont faits d\u2019acier inoxydable et la charni\u00e8re r\u00e9versible pratique vous permet de choisir une ouverture \u00e0 gauche ou \u00e0 droite. Le refroidisseur de vin est \u00e9galement livr\u00e9 avec une garantie de 18 mois sur les pi\u00e8ces et la main-d\u2019\u0153uvre, incluant le service \u00e0 domicile.","robots":{"index":"index","follow":"follow","max-snippet":"max-snippet:-1","max-image-preview":"max-image-preview:large","max-video-preview":"max-video-preview:-1"},"canonical":"https:\/\/www.danby.com\/fr\/products\/refroidisseurs-a-vin\/dwc508bls\/","og_locale":"fr_CA","og_type":"article","og_title":"Danby Designer 50 Bouteille Refroidisseurs \u00e0 vin - DWC508BLS | Danby Canada","og_description":"L\u2019amateur de vin passionn\u00e9 appr\u00e9ciera cet \u00e9l\u00e9gant refroidisseur \u00e0 vin de 5,3 pieds cubes, d\u2019une capacit\u00e9 de 50 bouteilles. Il peut \u00eatre utilis\u00e9 comme appareil autonome ou encastr\u00e9 et comporte une plage de temp\u00e9ratures comprise entre 4\u00b0C et 18\u00b0C (39,20\u00b0F \u00e0 64,40\u00b0F). Son thermostat num\u00e9rique, dot\u00e9 d\u2019un affichage \u00e0 DEL \u00e9lectronique, est pr\u00e9cis et d\u2019une lecture facile. Cela vous permet de r\u00e9gler pr\u00e9cis\u00e9ment la temp\u00e9rature du refroidisseur qui peut \u00eatre v\u00e9rifi\u00e9e \u00e0 tout moment, car le thermostat peut ais\u00e9ment \u00eatre vu \u00e0 travers l\u2019\u00e9l\u00e9gante porte en verre tremp\u00e9. Le syst\u00e8me d\u2019\u00e9clairage int\u00e9rieur \u00e0 DEL permet de conserver le vin plus froid, en \u00e9liminant la chaleur d\u2019une ampoule \u00e9lectrique et il y a amplement d\u2019espace pour l\u2019entreposage de vos marques pr\u00e9f\u00e9r\u00e9es, gr\u00e2ce aux sept clayettes noires coulissantes. Le ch\u00e2ssis et la poign\u00e9e de la porte sont faits d\u2019acier inoxydable et la charni\u00e8re r\u00e9versible pratique vous permet de choisir une ouverture \u00e0 gauche ou \u00e0 droite. Le refroidisseur de vin est \u00e9galement livr\u00e9 avec une garantie de 18 mois sur les pi\u00e8ces et la main-d\u2019\u0153uvre, incluant le service \u00e0 domicile.","og_url":"https:\/\/www.danby.com\/fr\/products\/refroidisseurs-a-vin\/dwc508bls\/","og_site_name":"Danby - Canada - French","article_publisher":"https:\/\/www.facebook.com\/DanbyAppliances","article_modified_time":"2026-04-08T10:08:12+00:00","og_image":[{"width":300,"height":272,"url":"https:\/\/cdnweb.danby.com\/wp-content\/uploads\/sites\/2\/2022\/02\/08192308\/proMed-dwc508bls.jpg","type":"image\/jpeg"}],"twitter_card":"summary_large_image","twitter_site":"@DanbyAppliance","schema":{"@context":"https:\/\/schema.org","@graph":[{"@type":["WebPage","ItemPage"],"url":"https:\/\/www.danby.com\/fr\/products\/refroidisseurs-a-vin\/dwc508bls\/","name":"Danby Designer 50 Bouteille Refroidisseurs \u00e0 vin - DWC508BLS | Danby Canada","isPartOf":[],"primaryImageOfPage":[],"image":[],"thumbnailUrl":"https:\/\/cdnweb.danby.com\/wp-content\/uploads\/sites\/2\/2022\/02\/08192308\/proMed-dwc508bls.jpg","datePublished":"2022-02-03T19:22:09+00:00","dateModified":"2026-04-08T10:08:12+00:00","description":"L\u2019amateur de vin passionn\u00e9 appr\u00e9ciera cet \u00e9l\u00e9gant refroidisseur \u00e0 vin de 5,3 pieds cubes, d\u2019une capacit\u00e9 de 50 bouteilles. Il peut \u00eatre utilis\u00e9 comme appareil autonome ou encastr\u00e9 et comporte une plage de temp\u00e9ratures comprise entre 4\u00b0C et 18\u00b0C (39,20\u00b0F \u00e0 64,40\u00b0F). Son thermostat num\u00e9rique, dot\u00e9 d\u2019un affichage \u00e0 DEL \u00e9lectronique, est pr\u00e9cis et d\u2019une lecture facile. Cela vous permet de r\u00e9gler pr\u00e9cis\u00e9ment la temp\u00e9rature du refroidisseur qui peut \u00eatre v\u00e9rifi\u00e9e \u00e0 tout moment, car le thermostat peut ais\u00e9ment \u00eatre vu \u00e0 travers l\u2019\u00e9l\u00e9gante porte en verre tremp\u00e9. Le syst\u00e8me d\u2019\u00e9clairage int\u00e9rieur \u00e0 DEL permet de conserver le vin plus froid, en \u00e9liminant la chaleur d\u2019une ampoule \u00e9lectrique et il y a amplement d\u2019espace pour l\u2019entreposage de vos marques pr\u00e9f\u00e9r\u00e9es, gr\u00e2ce aux sept clayettes noires coulissantes. Le ch\u00e2ssis et la poign\u00e9e de la porte sont faits d\u2019acier inoxydable et la charni\u00e8re r\u00e9versible pratique vous permet de choisir une ouverture \u00e0 gauche ou \u00e0 droite. Le refroidisseur de vin est \u00e9galement livr\u00e9 avec une garantie de 18 mois sur les pi\u00e8ces et la main-d\u2019\u0153uvre, incluant le service \u00e0 domicile.","breadcrumb":[],"inLanguage":"fr-CA","potentialAction":[{"@type":"ReadAction","target":["https:\/\/www.danby.com\/fr\/products\/refroidisseurs-a-vin\/dwc508bls\/"]}]},{"@type":"ImageObject","inLanguage":"fr-CA","url":"https:\/\/cdnweb.danby.com\/wp-content\/uploads\/sites\/2\/2022\/02\/08192308\/proMed-dwc508bls.jpg","contentUrl":"https:\/\/cdnweb.danby.com\/wp-content\/uploads\/sites\/2\/2022\/02\/08192308\/proMed-dwc508bls.jpg","width":300,"height":272},{"@type":"BreadcrumbList","itemListElement":[{"@type":"ListItem","position":1,"name":"Home","item":"https:\/\/www.danby.com\/fr\/"},{"@type":"ListItem","position":2,"name":"Boutique","item":"https:\/\/www.danby.com\/fr\/boutique\/"},{"@type":"ListItem","position":3,"name":"Danby Designer 50 Bouteille Refroidisseurs \u00e0 vin"}]},{"@type":"WebSite","url":"https:\/\/www.danby.com\/fr\/","name":"Danby - Canada - French","description":"Leader dans le domaine de la r\u00e9frig\u00e9ration et des appareils sp\u00e9cialis\u00e9s","publisher":[],"potentialAction":[{"@type":"SearchAction","target":{"@type":"EntryPoint","urlTemplate":"https:\/\/www.danby.com\/fr\/?s={search_term_string}"},"query-input":{"@type":"PropertyValueSpecification","valueRequired":true,"valueName":"search_term_string"}}],"inLanguage":"fr-CA"},{"@type":"Organization","name":"Danby Appliances","url":"https:\/\/www.danby.com\/fr\/","logo":{"@type":"ImageObject","inLanguage":"fr-CA","url":"https:\/\/cdnweb.danby.com\/wp-content\/uploads\/sites\/2\/2022\/02\/10141906\/Danby75Ans_Blue.png","contentUrl":"https:\/\/cdnweb.danby.com\/wp-content\/uploads\/sites\/2\/2022\/02\/10141906\/Danby75Ans_Blue.png","width":470,"height":110,"caption":"Danby Appliances"},"image":[],"sameAs":["https:\/\/www.facebook.com\/DanbyAppliances","https:\/\/x.com\/DanbyAppliance","https:\/\/instagram.com\/danbyappliances\/","https:\/\/www.linkedin.com\/company\/danbyappliances","https:\/\/www.pinterest.ca\/danbyappliances\/","https:\/\/www.youtube.com\/user\/DanbyProducts","https:\/\/en.wikipedia.org\/wiki\/Danby_(appliances)"]}]}},"post_mailing_queue_ids":[],"_links":{"self":[{"href":"https:\/\/www.danby.com\/fr\/wp-json\/wp\/v2\/product\/5288","targetHints":{"allow":["GET"]}}],"collection":[{"href":"https:\/\/www.danby.com\/fr\/wp-json\/wp\/v2\/product"}],"about":[{"href":"https:\/\/www.danby.com\/fr\/wp-json\/wp\/v2\/types\/product"}],"replies":[{"embeddable":true,"href":"https:\/\/www.danby.com\/fr\/wp-json\/wp\/v2\/comments?post=5288"}],"wp:featuredmedia":[{"embeddable":true,"href":"https:\/\/www.danby.com\/fr\/wp-json\/wp\/v2\/media\/7249"}],"wp:attachment":[{"href":"https:\/\/www.danby.com\/fr\/wp-json\/wp\/v2\/media?parent=5288"}],"wp:term":[{"taxonomy":"product_brand","embeddable":true,"href":"https:\/\/www.danby.com\/fr\/wp-json\/wp\/v2\/product_brand?post=5288"},{"taxonomy":"product_cat","embeddable":true,"href":"https:\/\/www.danby.com\/fr\/wp-json\/wp\/v2\/product_cat?post=5288"},{"taxonomy":"product_tag","embeddable":true,"href":"https:\/\/www.danby.com\/fr\/wp-json\/wp\/v2\/product_tag?post=5288"}],"curies":[{"name":"wp","href":"https:\/\/api.w.org\/{rel}","templated":true}]}}