{"id":5287,"date":"2022-02-03T19:21:53","date_gmt":"2022-02-03T19:21:53","guid":{"rendered":"https:\/\/www.danby.com\/fr\/product\/dwc458bls\/"},"modified":"2026-04-17T10:05:37","modified_gmt":"2026-04-17T10:05:37","slug":"dwc458bls","status":"publish","type":"product","link":"https:\/\/www.danby.com\/fr\/products\/refroidisseurs-a-vin\/dwc458bls\/","title":{"rendered":"Refroidisseur de vin Danby Designer 45 bouteilles en acier inoxydable"},"content":{"rendered":"","protected":false},"excerpt":{"rendered":"<ul>\n<li>Gardez jusqu&#8217;\u00e0 45 bouteilles de vin r\u00e9frig\u00e9r\u00e9es \u00e0 port\u00e9e de main.<\/li>\n<li>Convient aux vins rouges ou blancs ; temp\u00e9rature de consigne entre 5\u00b0C et 18\u00b0C (41\u00b0F et 64\u00b0F).<\/li>\n<li>Notre syst\u00e8me de refroidissement sans givre et par ventilateur fournit une temp\u00e9rature interne plus constante qu&#8217;un syst\u00e8me de d\u00e9givrage automatique.<\/li>\n<li>Le thermostat num\u00e9rique pr\u00e9cis avec affichage LED permet de r\u00e9gler et de contr\u00f4ler la temp\u00e9rature avec pr\u00e9cision \u00e0 travers la porte.<\/li>\n<li>Le thermostat revient au dernier r\u00e9glage de temp\u00e9rature apr\u00e8s une coupure de courant et comprend des alarmes de temp\u00e9rature et d&#8217;entreb\u00e2illement de porte.<\/li>\n<li>Un \u00e9clairage de vitrine illumine l&#8217;armoire gr\u00e2ce \u00e0 des LED bleues \u00e0 faible consommation d&#8217;\u00e9nergie.<\/li>\n<li>Les \u00e9tag\u00e8res en bois noir garnies d&#8217;acier inoxydable offrent un look contemporain.<\/li>\n<li>Personnalisez votre espace avec la charni\u00e8re de porte r\u00e9versible pour une ouverture \u00e0 gauche ou \u00e0 droite.<\/li>\n<li>La porte en verre tremp\u00e9 permet de prot\u00e9ger le vin des rayons UV nocifs.<\/li>\n<li>Garantie de 18 mois sur les pi\u00e8ces et la main d&#8217;\u0153uvre avec un service \u00e0 domicile.<\/li>\n<\/ul>\n","protected":false},"featured_media":25790,"comment_status":"closed","ping_status":"closed","template":"","meta":{"_acf_changed":false},"product_brand":[],"product_cat":[41,1449],"product_tag":[],"class_list":{"0":"post-5287","1":"product","2":"type-product","3":"status-publish","4":"has-post-thumbnail","6":"product_cat-refroidisseurs-a-vin","7":"product_cat-sales","9":"first","10":"instock","11":"sale","12":"taxable","13":"shipping-taxable","14":"purchasable","15":"product-type-simple"},"acf":[],"yoast_head":"<!-- This site is optimized with the Yoast SEO plugin v26.7 - https:\/\/yoast.com\/wordpress\/plugins\/seo\/ -->\n<title>Refroidisseur de vin Danby Designer 45 bouteilles en acier inoxydable - DWC458BLS | Danby Canada<\/title>\n<meta name=\"description\" content=\"Garder vos vins pr\u00e9f\u00e9r\u00e9s \u00e0 la bonne temp\u00e9rature est une t\u00e2che facile avec cet \u00e9l\u00e9gant refroidisseur \u00e0 vin autoportant de Danby. Cet appareil, d&#039;une capacit\u00e9 de 4,0 pieds cubes, peut stocker et refroidir confortablement jusqu&#039;\u00e0 45 bouteilles sur ses \u00e9tag\u00e8res durables en bois noir avec garniture en acier inoxydable. Le design \u00e9l\u00e9gant en verre teint\u00e9 et en acier en fait un ajout de classe \u00e0 n&#039;importe quelle pi\u00e8ce et le syst\u00e8me intelligent de charni\u00e8re r\u00e9versible vous permet d&#039;ajuster la porte pour une ouverture \u00e0 gauche ou \u00e0 droite. La temp\u00e9rature est facilement contr\u00f4l\u00e9e et surveill\u00e9e par un thermostat num\u00e9rique pr\u00e9cis avec affichage LED, tandis que l&#039;\u00e9clairage LED bleu froid met magnifiquement en valeur votre collection de vins. Ce mod\u00e8le peut \u00eatre programm\u00e9 entre 5\u00b0C et 18\u00b0C (41 \u00b0F - 64 \u00b0F), la temp\u00e9rature restant constante gr\u00e2ce au syst\u00e8me de refroidissement sans givre et \u00e0 ventilation forc\u00e9e. Ce superbe refroidisseur de vin est \u00e9galement assorti d&#039;une garantie de 18 mois sur les pi\u00e8ces et la main-d&#039;\u0153uvre et d&#039;un service \u00e0 domicile pratique.\" \/>\n<meta name=\"robots\" content=\"index, follow, max-snippet:-1, max-image-preview:large, max-video-preview:-1\" \/>\n<link rel=\"canonical\" href=\"https:\/\/www.danby.com\/fr\/products\/refroidisseurs-a-vin\/dwc458bls\/\" \/>\n<meta property=\"og:locale\" content=\"fr_CA\" \/>\n<meta property=\"og:type\" content=\"article\" \/>\n<meta property=\"og:title\" content=\"Refroidisseur de vin Danby Designer 45 bouteilles en acier inoxydable - DWC458BLS | Danby Canada\" \/>\n<meta property=\"og:description\" content=\"Garder vos vins pr\u00e9f\u00e9r\u00e9s \u00e0 la bonne temp\u00e9rature est une t\u00e2che facile avec cet \u00e9l\u00e9gant refroidisseur \u00e0 vin autoportant de Danby. Cet appareil, d&#039;une capacit\u00e9 de 4,0 pieds cubes, peut stocker et refroidir confortablement jusqu&#039;\u00e0 45 bouteilles sur ses \u00e9tag\u00e8res durables en bois noir avec garniture en acier inoxydable. Le design \u00e9l\u00e9gant en verre teint\u00e9 et en acier en fait un ajout de classe \u00e0 n&#039;importe quelle pi\u00e8ce et le syst\u00e8me intelligent de charni\u00e8re r\u00e9versible vous permet d&#039;ajuster la porte pour une ouverture \u00e0 gauche ou \u00e0 droite. La temp\u00e9rature est facilement contr\u00f4l\u00e9e et surveill\u00e9e par un thermostat num\u00e9rique pr\u00e9cis avec affichage LED, tandis que l&#039;\u00e9clairage LED bleu froid met magnifiquement en valeur votre collection de vins. Ce mod\u00e8le peut \u00eatre programm\u00e9 entre 5\u00b0C et 18\u00b0C (41 \u00b0F - 64 \u00b0F), la temp\u00e9rature restant constante gr\u00e2ce au syst\u00e8me de refroidissement sans givre et \u00e0 ventilation forc\u00e9e. Ce superbe refroidisseur de vin est \u00e9galement assorti d&#039;une garantie de 18 mois sur les pi\u00e8ces et la main-d&#039;\u0153uvre et d&#039;un service \u00e0 domicile pratique.\" \/>\n<meta property=\"og:url\" content=\"https:\/\/www.danby.com\/fr\/products\/refroidisseurs-a-vin\/dwc458bls\/\" \/>\n<meta property=\"og:site_name\" content=\"Danby - Canada - French\" \/>\n<meta property=\"article:publisher\" content=\"https:\/\/www.facebook.com\/DanbyAppliances\" \/>\n<meta property=\"article:modified_time\" content=\"2026-04-17T10:05:37+00:00\" \/>\n<meta property=\"og:image\" content=\"https:\/\/cdnweb.danby.com\/wp-content\/uploads\/sites\/2\/2023\/11\/22195814\/WC__0000_DWC458BLS.jpg\" \/>\n\t<meta property=\"og:image:width\" content=\"1125\" \/>\n\t<meta property=\"og:image:height\" content=\"1500\" \/>\n\t<meta property=\"og:image:type\" content=\"image\/jpeg\" \/>\n<meta name=\"twitter:card\" content=\"summary_large_image\" \/>\n<meta name=\"twitter:site\" content=\"@DanbyAppliance\" \/>\n<script type=\"application\/ld+json\" class=\"yoast-schema-graph\">{\"@context\":\"https:\/\/schema.org\",\"@graph\":[{\"@type\":[\"WebPage\",\"ItemPage\"],\"url\":\"https:\/\/www.danby.com\/fr\/products\/refroidisseurs-a-vin\/dwc458bls\/\",\"name\":\"Refroidisseur de vin Danby Designer 45 bouteilles en acier inoxydable - DWC458BLS | Danby Canada\",\"isPartOf\":[],\"primaryImageOfPage\":[],\"image\":[],\"thumbnailUrl\":\"https:\/\/cdnweb.danby.com\/wp-content\/uploads\/sites\/2\/2023\/11\/22195814\/WC__0000_DWC458BLS.jpg\",\"datePublished\":\"2022-02-03T19:21:53+00:00\",\"dateModified\":\"2026-04-17T10:05:37+00:00\",\"description\":\"Garder vos vins pr\u00e9f\u00e9r\u00e9s \u00e0 la bonne temp\u00e9rature est une t\u00e2che facile avec cet \u00e9l\u00e9gant refroidisseur \u00e0 vin autoportant de Danby. Cet appareil, d'une capacit\u00e9 de 4,0 pieds cubes, peut stocker et refroidir confortablement jusqu'\u00e0 45 bouteilles sur ses \u00e9tag\u00e8res durables en bois noir avec garniture en acier inoxydable. Le design \u00e9l\u00e9gant en verre teint\u00e9 et en acier en fait un ajout de classe \u00e0 n'importe quelle pi\u00e8ce et le syst\u00e8me intelligent de charni\u00e8re r\u00e9versible vous permet d'ajuster la porte pour une ouverture \u00e0 gauche ou \u00e0 droite. La temp\u00e9rature est facilement contr\u00f4l\u00e9e et surveill\u00e9e par un thermostat num\u00e9rique pr\u00e9cis avec affichage LED, tandis que l'\u00e9clairage LED bleu froid met magnifiquement en valeur votre collection de vins. Ce mod\u00e8le peut \u00eatre programm\u00e9 entre 5\u00b0C et 18\u00b0C (41 \u00b0F - 64 \u00b0F), la temp\u00e9rature restant constante gr\u00e2ce au syst\u00e8me de refroidissement sans givre et \u00e0 ventilation forc\u00e9e. Ce superbe refroidisseur de vin est \u00e9galement assorti d'une garantie de 18 mois sur les pi\u00e8ces et la main-d'\u0153uvre et d'un service \u00e0 domicile pratique.\",\"breadcrumb\":[],\"inLanguage\":\"fr-CA\",\"potentialAction\":[{\"@type\":\"ReadAction\",\"target\":[\"https:\/\/www.danby.com\/fr\/products\/refroidisseurs-a-vin\/dwc458bls\/\"]}]},{\"@type\":\"ImageObject\",\"inLanguage\":\"fr-CA\",\"url\":\"https:\/\/cdnweb.danby.com\/wp-content\/uploads\/sites\/2\/2023\/11\/22195814\/WC__0000_DWC458BLS.jpg\",\"contentUrl\":\"https:\/\/cdnweb.danby.com\/wp-content\/uploads\/sites\/2\/2023\/11\/22195814\/WC__0000_DWC458BLS.jpg\",\"width\":1125,\"height\":1500},{\"@type\":\"BreadcrumbList\",\"itemListElement\":[{\"@type\":\"ListItem\",\"position\":1,\"name\":\"Home\",\"item\":\"https:\/\/www.danby.com\/fr\/\"},{\"@type\":\"ListItem\",\"position\":2,\"name\":\"Boutique\",\"item\":\"https:\/\/www.danby.com\/fr\/boutique\/\"},{\"@type\":\"ListItem\",\"position\":3,\"name\":\"Danby Designer Refroidisseur \u00e0 vin de 45 bouteilles\"}]},{\"@type\":\"WebSite\",\"url\":\"https:\/\/www.danby.com\/fr\/\",\"name\":\"Danby - Canada - French\",\"description\":\"Leader dans le domaine de la r\u00e9frig\u00e9ration et des appareils sp\u00e9cialis\u00e9s\",\"publisher\":[],\"potentialAction\":[{\"@type\":\"SearchAction\",\"target\":{\"@type\":\"EntryPoint\",\"urlTemplate\":\"https:\/\/www.danby.com\/fr\/?s={search_term_string}\"},\"query-input\":{\"@type\":\"PropertyValueSpecification\",\"valueRequired\":true,\"valueName\":\"search_term_string\"}}],\"inLanguage\":\"fr-CA\"},{\"@type\":\"Organization\",\"name\":\"Danby Appliances\",\"url\":\"https:\/\/www.danby.com\/fr\/\",\"logo\":{\"@type\":\"ImageObject\",\"inLanguage\":\"fr-CA\",\"url\":\"https:\/\/cdnweb.danby.com\/wp-content\/uploads\/sites\/2\/2022\/02\/10141906\/Danby75Ans_Blue.png\",\"contentUrl\":\"https:\/\/cdnweb.danby.com\/wp-content\/uploads\/sites\/2\/2022\/02\/10141906\/Danby75Ans_Blue.png\",\"width\":470,\"height\":110,\"caption\":\"Danby Appliances\"},\"image\":[],\"sameAs\":[\"https:\/\/www.facebook.com\/DanbyAppliances\",\"https:\/\/x.com\/DanbyAppliance\",\"https:\/\/instagram.com\/danbyappliances\/\",\"https:\/\/www.linkedin.com\/company\/danbyappliances\",\"https:\/\/www.pinterest.ca\/danbyappliances\/\",\"https:\/\/www.youtube.com\/user\/DanbyProducts\",\"https:\/\/en.wikipedia.org\/wiki\/Danby_(appliances)\"]}]}<\/script>\n<!-- \/ Yoast SEO plugin. -->","yoast_head_json":{"title":"Refroidisseur de vin Danby Designer 45 bouteilles en acier inoxydable - DWC458BLS | Danby Canada","description":"Garder vos vins pr\u00e9f\u00e9r\u00e9s \u00e0 la bonne temp\u00e9rature est une t\u00e2che facile avec cet \u00e9l\u00e9gant refroidisseur \u00e0 vin autoportant de Danby. Cet appareil, d'une capacit\u00e9 de 4,0 pieds cubes, peut stocker et refroidir confortablement jusqu'\u00e0 45 bouteilles sur ses \u00e9tag\u00e8res durables en bois noir avec garniture en acier inoxydable. Le design \u00e9l\u00e9gant en verre teint\u00e9 et en acier en fait un ajout de classe \u00e0 n'importe quelle pi\u00e8ce et le syst\u00e8me intelligent de charni\u00e8re r\u00e9versible vous permet d'ajuster la porte pour une ouverture \u00e0 gauche ou \u00e0 droite. La temp\u00e9rature est facilement contr\u00f4l\u00e9e et surveill\u00e9e par un thermostat num\u00e9rique pr\u00e9cis avec affichage LED, tandis que l'\u00e9clairage LED bleu froid met magnifiquement en valeur votre collection de vins. Ce mod\u00e8le peut \u00eatre programm\u00e9 entre 5\u00b0C et 18\u00b0C (41 \u00b0F - 64 \u00b0F), la temp\u00e9rature restant constante gr\u00e2ce au syst\u00e8me de refroidissement sans givre et \u00e0 ventilation forc\u00e9e. Ce superbe refroidisseur de vin est \u00e9galement assorti d'une garantie de 18 mois sur les pi\u00e8ces et la main-d'\u0153uvre et d'un service \u00e0 domicile pratique.","robots":{"index":"index","follow":"follow","max-snippet":"max-snippet:-1","max-image-preview":"max-image-preview:large","max-video-preview":"max-video-preview:-1"},"canonical":"https:\/\/www.danby.com\/fr\/products\/refroidisseurs-a-vin\/dwc458bls\/","og_locale":"fr_CA","og_type":"article","og_title":"Refroidisseur de vin Danby Designer 45 bouteilles en acier inoxydable - DWC458BLS | Danby Canada","og_description":"Garder vos vins pr\u00e9f\u00e9r\u00e9s \u00e0 la bonne temp\u00e9rature est une t\u00e2che facile avec cet \u00e9l\u00e9gant refroidisseur \u00e0 vin autoportant de Danby. Cet appareil, d'une capacit\u00e9 de 4,0 pieds cubes, peut stocker et refroidir confortablement jusqu'\u00e0 45 bouteilles sur ses \u00e9tag\u00e8res durables en bois noir avec garniture en acier inoxydable. Le design \u00e9l\u00e9gant en verre teint\u00e9 et en acier en fait un ajout de classe \u00e0 n'importe quelle pi\u00e8ce et le syst\u00e8me intelligent de charni\u00e8re r\u00e9versible vous permet d'ajuster la porte pour une ouverture \u00e0 gauche ou \u00e0 droite. La temp\u00e9rature est facilement contr\u00f4l\u00e9e et surveill\u00e9e par un thermostat num\u00e9rique pr\u00e9cis avec affichage LED, tandis que l'\u00e9clairage LED bleu froid met magnifiquement en valeur votre collection de vins. Ce mod\u00e8le peut \u00eatre programm\u00e9 entre 5\u00b0C et 18\u00b0C (41 \u00b0F - 64 \u00b0F), la temp\u00e9rature restant constante gr\u00e2ce au syst\u00e8me de refroidissement sans givre et \u00e0 ventilation forc\u00e9e. Ce superbe refroidisseur de vin est \u00e9galement assorti d'une garantie de 18 mois sur les pi\u00e8ces et la main-d'\u0153uvre et d'un service \u00e0 domicile pratique.","og_url":"https:\/\/www.danby.com\/fr\/products\/refroidisseurs-a-vin\/dwc458bls\/","og_site_name":"Danby - Canada - French","article_publisher":"https:\/\/www.facebook.com\/DanbyAppliances","article_modified_time":"2026-04-17T10:05:37+00:00","og_image":[{"width":1125,"height":1500,"url":"https:\/\/cdnweb.danby.com\/wp-content\/uploads\/sites\/2\/2023\/11\/22195814\/WC__0000_DWC458BLS.jpg","type":"image\/jpeg"}],"twitter_card":"summary_large_image","twitter_site":"@DanbyAppliance","schema":{"@context":"https:\/\/schema.org","@graph":[{"@type":["WebPage","ItemPage"],"url":"https:\/\/www.danby.com\/fr\/products\/refroidisseurs-a-vin\/dwc458bls\/","name":"Refroidisseur de vin Danby Designer 45 bouteilles en acier inoxydable - DWC458BLS | Danby Canada","isPartOf":[],"primaryImageOfPage":[],"image":[],"thumbnailUrl":"https:\/\/cdnweb.danby.com\/wp-content\/uploads\/sites\/2\/2023\/11\/22195814\/WC__0000_DWC458BLS.jpg","datePublished":"2022-02-03T19:21:53+00:00","dateModified":"2026-04-17T10:05:37+00:00","description":"Garder vos vins pr\u00e9f\u00e9r\u00e9s \u00e0 la bonne temp\u00e9rature est une t\u00e2che facile avec cet \u00e9l\u00e9gant refroidisseur \u00e0 vin autoportant de Danby. Cet appareil, d'une capacit\u00e9 de 4,0 pieds cubes, peut stocker et refroidir confortablement jusqu'\u00e0 45 bouteilles sur ses \u00e9tag\u00e8res durables en bois noir avec garniture en acier inoxydable. Le design \u00e9l\u00e9gant en verre teint\u00e9 et en acier en fait un ajout de classe \u00e0 n'importe quelle pi\u00e8ce et le syst\u00e8me intelligent de charni\u00e8re r\u00e9versible vous permet d'ajuster la porte pour une ouverture \u00e0 gauche ou \u00e0 droite. La temp\u00e9rature est facilement contr\u00f4l\u00e9e et surveill\u00e9e par un thermostat num\u00e9rique pr\u00e9cis avec affichage LED, tandis que l'\u00e9clairage LED bleu froid met magnifiquement en valeur votre collection de vins. Ce mod\u00e8le peut \u00eatre programm\u00e9 entre 5\u00b0C et 18\u00b0C (41 \u00b0F - 64 \u00b0F), la temp\u00e9rature restant constante gr\u00e2ce au syst\u00e8me de refroidissement sans givre et \u00e0 ventilation forc\u00e9e. Ce superbe refroidisseur de vin est \u00e9galement assorti d'une garantie de 18 mois sur les pi\u00e8ces et la main-d'\u0153uvre et d'un service \u00e0 domicile pratique.","breadcrumb":[],"inLanguage":"fr-CA","potentialAction":[{"@type":"ReadAction","target":["https:\/\/www.danby.com\/fr\/products\/refroidisseurs-a-vin\/dwc458bls\/"]}]},{"@type":"ImageObject","inLanguage":"fr-CA","url":"https:\/\/cdnweb.danby.com\/wp-content\/uploads\/sites\/2\/2023\/11\/22195814\/WC__0000_DWC458BLS.jpg","contentUrl":"https:\/\/cdnweb.danby.com\/wp-content\/uploads\/sites\/2\/2023\/11\/22195814\/WC__0000_DWC458BLS.jpg","width":1125,"height":1500},{"@type":"BreadcrumbList","itemListElement":[{"@type":"ListItem","position":1,"name":"Home","item":"https:\/\/www.danby.com\/fr\/"},{"@type":"ListItem","position":2,"name":"Boutique","item":"https:\/\/www.danby.com\/fr\/boutique\/"},{"@type":"ListItem","position":3,"name":"Danby Designer Refroidisseur \u00e0 vin de 45 bouteilles"}]},{"@type":"WebSite","url":"https:\/\/www.danby.com\/fr\/","name":"Danby - Canada - French","description":"Leader dans le domaine de la r\u00e9frig\u00e9ration et des appareils sp\u00e9cialis\u00e9s","publisher":[],"potentialAction":[{"@type":"SearchAction","target":{"@type":"EntryPoint","urlTemplate":"https:\/\/www.danby.com\/fr\/?s={search_term_string}"},"query-input":{"@type":"PropertyValueSpecification","valueRequired":true,"valueName":"search_term_string"}}],"inLanguage":"fr-CA"},{"@type":"Organization","name":"Danby Appliances","url":"https:\/\/www.danby.com\/fr\/","logo":{"@type":"ImageObject","inLanguage":"fr-CA","url":"https:\/\/cdnweb.danby.com\/wp-content\/uploads\/sites\/2\/2022\/02\/10141906\/Danby75Ans_Blue.png","contentUrl":"https:\/\/cdnweb.danby.com\/wp-content\/uploads\/sites\/2\/2022\/02\/10141906\/Danby75Ans_Blue.png","width":470,"height":110,"caption":"Danby Appliances"},"image":[],"sameAs":["https:\/\/www.facebook.com\/DanbyAppliances","https:\/\/x.com\/DanbyAppliance","https:\/\/instagram.com\/danbyappliances\/","https:\/\/www.linkedin.com\/company\/danbyappliances","https:\/\/www.pinterest.ca\/danbyappliances\/","https:\/\/www.youtube.com\/user\/DanbyProducts","https:\/\/en.wikipedia.org\/wiki\/Danby_(appliances)"]}]}},"post_mailing_queue_ids":[],"_links":{"self":[{"href":"https:\/\/www.danby.com\/fr\/wp-json\/wp\/v2\/product\/5287","targetHints":{"allow":["GET"]}}],"collection":[{"href":"https:\/\/www.danby.com\/fr\/wp-json\/wp\/v2\/product"}],"about":[{"href":"https:\/\/www.danby.com\/fr\/wp-json\/wp\/v2\/types\/product"}],"replies":[{"embeddable":true,"href":"https:\/\/www.danby.com\/fr\/wp-json\/wp\/v2\/comments?post=5287"}],"wp:featuredmedia":[{"embeddable":true,"href":"https:\/\/www.danby.com\/fr\/wp-json\/wp\/v2\/media\/25790"}],"wp:attachment":[{"href":"https:\/\/www.danby.com\/fr\/wp-json\/wp\/v2\/media?parent=5287"}],"wp:term":[{"taxonomy":"product_brand","embeddable":true,"href":"https:\/\/www.danby.com\/fr\/wp-json\/wp\/v2\/product_brand?post=5287"},{"taxonomy":"product_cat","embeddable":true,"href":"https:\/\/www.danby.com\/fr\/wp-json\/wp\/v2\/product_cat?post=5287"},{"taxonomy":"product_tag","embeddable":true,"href":"https:\/\/www.danby.com\/fr\/wp-json\/wp\/v2\/product_tag?post=5287"}],"curies":[{"name":"wp","href":"https:\/\/api.w.org\/{rel}","templated":true}]}}