{"id":5284,"date":"2022-02-03T19:21:53","date_gmt":"2022-02-03T19:21:53","guid":{"rendered":"https:\/\/www.danby.com\/fr\/product\/dwc350blp\/"},"modified":"2026-04-08T10:08:09","modified_gmt":"2026-04-08T10:08:09","slug":"dwc350blp","status":"publish","type":"product","link":"https:\/\/www.danby.com\/fr\/products\/refroidisseurs-a-vin\/dwc350blp\/","title":{"rendered":"Danby Refroidisseur \u00e0 vin autoportant de 35 bouteilles en Platine"},"content":{"rendered":"","protected":false},"excerpt":{"rendered":"<ul>\n<li>Gardez jusqu&#8217;\u00e0 36 bouteilles de vin frais \u00e0 port\u00e9e de main.<\/li>\n<li>Convient aux vins rouges ou blancs ; temp\u00e9rature de consigne entre 6\u00b0C et 14\u00b0C (43\u00b0F et 57\u00b0F).<\/li>\n<li>Un \u00e9clairage de vitrine illumine l&#8217;armoire gr\u00e2ce \u00e0 des LED bleues \u00e0 faible consommation d&#8217;\u00e9nergie.<\/li>\n<li>Garniture de porte platine avec poign\u00e9es encastr\u00e9es.<\/li>\n<li>\u00c9tag\u00e8res durables en fil m\u00e9tallique noir.<\/li>\n<li>La porte en verre tremp\u00e9 prot\u00e8ge le vin des rayons UV nocifs.<\/li>\n<li>Porte r\u00e9versible pratique pour une ouverture \u00e0 gauche ou \u00e0 droite.<\/li>\n<\/ul>\n","protected":false},"featured_media":35670,"comment_status":"closed","ping_status":"closed","template":"","meta":{"_acf_changed":false},"product_brand":[],"product_cat":[41],"product_tag":[],"class_list":{"0":"post-5284","1":"product","2":"type-product","3":"status-publish","4":"has-post-thumbnail","6":"product_cat-refroidisseurs-a-vin","8":"first","9":"instock","10":"taxable","11":"shipping-taxable","12":"purchasable","13":"product-type-simple"},"acf":[],"yoast_head":"<!-- This site is optimized with the Yoast SEO plugin v26.7 - https:\/\/yoast.com\/wordpress\/plugins\/seo\/ -->\n<title>Danby Refroidisseur \u00e0 vin autoportant de 35 bouteilles en Platine - DWC350BLP | Danby Canada<\/title>\n<meta name=\"description\" content=\"Vos vins rouges ou blancs pr\u00e9f\u00e9r\u00e9s trouveront une place de choix dans ce superbe refroidisseur de vin autoportant, con\u00e7u pour conserver jusqu\u2019\u00e0 36 bouteilles. Le refroidisseur \u00e0 vin de 3,2 pi\u00b3 de Danby est un ajout \u00e9l\u00e9gant et sophistiqu\u00e9 \u00e0 votre cuisine. L\u2019\u00e9clairage int\u00e9rieur \u00e0 DEL vif est id\u00e9al pour mettre en valeur votre collection et vous permet de rep\u00e9rer facilement la prochaine bouteille \u00e0 d\u00e9guster. Votre collection est bien prot\u00e9g\u00e9e gr\u00e2ce \u00e0 la porte en verre tremp\u00e9 r\u00e9sistant aux bris, orn\u00e9e d\u2019un \u00e9l\u00e9gant contour platine. Parmi ses caract\u00e9ristiques, on retrouve un syst\u00e8me de d\u00e9givrage automatique pratique et cinq clayettes de rangement robustes et amovibles en noir. De plus, le thermostat vous permet de programmer et de maintenir facilement une temp\u00e9rature int\u00e9rieure entre 6 \u00b0C et 14 \u00b0C (42,8 \u00b0F \u00e0 57,2 \u00b0F). Il est \u00e9galement muni d\u2019une porte r\u00e9versible, vous permettant de l\u2019ouvrir du c\u00f4t\u00e9 gauche ou droit, selon votre pr\u00e9f\u00e9rence.\" \/>\n<meta name=\"robots\" content=\"index, follow, max-snippet:-1, max-image-preview:large, max-video-preview:-1\" \/>\n<link rel=\"canonical\" href=\"https:\/\/www.danby.com\/fr\/products\/refroidisseurs-a-vin\/dwc350blp\/\" \/>\n<meta property=\"og:locale\" content=\"fr_CA\" \/>\n<meta property=\"og:type\" content=\"article\" \/>\n<meta property=\"og:title\" content=\"Danby Refroidisseur \u00e0 vin autoportant de 35 bouteilles en Platine - DWC350BLP | Danby Canada\" \/>\n<meta property=\"og:description\" content=\"Vos vins rouges ou blancs pr\u00e9f\u00e9r\u00e9s trouveront une place de choix dans ce superbe refroidisseur de vin autoportant, con\u00e7u pour conserver jusqu\u2019\u00e0 36 bouteilles. Le refroidisseur \u00e0 vin de 3,2 pi\u00b3 de Danby est un ajout \u00e9l\u00e9gant et sophistiqu\u00e9 \u00e0 votre cuisine. L\u2019\u00e9clairage int\u00e9rieur \u00e0 DEL vif est id\u00e9al pour mettre en valeur votre collection et vous permet de rep\u00e9rer facilement la prochaine bouteille \u00e0 d\u00e9guster. Votre collection est bien prot\u00e9g\u00e9e gr\u00e2ce \u00e0 la porte en verre tremp\u00e9 r\u00e9sistant aux bris, orn\u00e9e d\u2019un \u00e9l\u00e9gant contour platine. Parmi ses caract\u00e9ristiques, on retrouve un syst\u00e8me de d\u00e9givrage automatique pratique et cinq clayettes de rangement robustes et amovibles en noir. De plus, le thermostat vous permet de programmer et de maintenir facilement une temp\u00e9rature int\u00e9rieure entre 6 \u00b0C et 14 \u00b0C (42,8 \u00b0F \u00e0 57,2 \u00b0F). Il est \u00e9galement muni d\u2019une porte r\u00e9versible, vous permettant de l\u2019ouvrir du c\u00f4t\u00e9 gauche ou droit, selon votre pr\u00e9f\u00e9rence.\" \/>\n<meta property=\"og:url\" content=\"https:\/\/www.danby.com\/fr\/products\/refroidisseurs-a-vin\/dwc350blp\/\" \/>\n<meta property=\"og:site_name\" content=\"Danby - Canada - French\" \/>\n<meta property=\"article:publisher\" content=\"https:\/\/www.facebook.com\/DanbyAppliances\" \/>\n<meta property=\"article:modified_time\" content=\"2026-04-08T10:08:09+00:00\" \/>\n<meta property=\"og:image\" content=\"https:\/\/www.danby.com\/fr\/wp-content\/uploads\/sites\/2\/2025\/11\/WC__0009_DWC350BLP.jpg\" \/>\n\t<meta property=\"og:image:width\" content=\"1125\" \/>\n\t<meta property=\"og:image:height\" content=\"1500\" \/>\n\t<meta property=\"og:image:type\" content=\"image\/jpeg\" \/>\n<meta name=\"twitter:card\" content=\"summary_large_image\" \/>\n<meta name=\"twitter:site\" content=\"@DanbyAppliance\" \/>\n<meta name=\"twitter:label1\" content=\"Estimation du temps de lecture\" \/>\n\t<meta name=\"twitter:data1\" content=\"1 minute\" \/>\n<script type=\"application\/ld+json\" class=\"yoast-schema-graph\">{\"@context\":\"https:\/\/schema.org\",\"@graph\":[{\"@type\":[\"WebPage\",\"ItemPage\"],\"url\":\"https:\/\/www.danby.com\/fr\/products\/refroidisseurs-a-vin\/dwc350blp\/\",\"name\":\"Danby Refroidisseur \u00e0 vin autoportant de 35 bouteilles en Platine - DWC350BLP | Danby Canada\",\"isPartOf\":[],\"primaryImageOfPage\":[],\"image\":[],\"thumbnailUrl\":\"https:\/\/www.danby.com\/fr\/wp-content\/uploads\/sites\/2\/2025\/11\/WC__0009_DWC350BLP.jpg\",\"datePublished\":\"2022-02-03T19:21:53+00:00\",\"dateModified\":\"2026-04-08T10:08:09+00:00\",\"description\":\"Vos vins rouges ou blancs pr\u00e9f\u00e9r\u00e9s trouveront une place de choix dans ce superbe refroidisseur de vin autoportant, con\u00e7u pour conserver jusqu\u2019\u00e0 36 bouteilles. Le refroidisseur \u00e0 vin de 3,2 pi\u00b3 de Danby est un ajout \u00e9l\u00e9gant et sophistiqu\u00e9 \u00e0 votre cuisine. L\u2019\u00e9clairage int\u00e9rieur \u00e0 DEL vif est id\u00e9al pour mettre en valeur votre collection et vous permet de rep\u00e9rer facilement la prochaine bouteille \u00e0 d\u00e9guster. Votre collection est bien prot\u00e9g\u00e9e gr\u00e2ce \u00e0 la porte en verre tremp\u00e9 r\u00e9sistant aux bris, orn\u00e9e d\u2019un \u00e9l\u00e9gant contour platine. Parmi ses caract\u00e9ristiques, on retrouve un syst\u00e8me de d\u00e9givrage automatique pratique et cinq clayettes de rangement robustes et amovibles en noir. De plus, le thermostat vous permet de programmer et de maintenir facilement une temp\u00e9rature int\u00e9rieure entre 6 \u00b0C et 14 \u00b0C (42,8 \u00b0F \u00e0 57,2 \u00b0F). Il est \u00e9galement muni d\u2019une porte r\u00e9versible, vous permettant de l\u2019ouvrir du c\u00f4t\u00e9 gauche ou droit, selon votre pr\u00e9f\u00e9rence.\",\"breadcrumb\":[],\"inLanguage\":\"fr-CA\",\"potentialAction\":[{\"@type\":\"ReadAction\",\"target\":[\"https:\/\/www.danby.com\/fr\/products\/refroidisseurs-a-vin\/dwc350blp\/\"]}]},{\"@type\":\"ImageObject\",\"inLanguage\":\"fr-CA\",\"url\":\"https:\/\/www.danby.com\/fr\/wp-content\/uploads\/sites\/2\/2025\/11\/WC__0009_DWC350BLP.jpg\",\"contentUrl\":\"https:\/\/www.danby.com\/fr\/wp-content\/uploads\/sites\/2\/2025\/11\/WC__0009_DWC350BLP.jpg\",\"width\":1125,\"height\":1500},{\"@type\":\"BreadcrumbList\",\"itemListElement\":[{\"@type\":\"ListItem\",\"position\":1,\"name\":\"Home\",\"item\":\"https:\/\/www.danby.com\/fr\/\"},{\"@type\":\"ListItem\",\"position\":2,\"name\":\"Boutique\",\"item\":\"https:\/\/www.danby.com\/fr\/boutique\/\"},{\"@type\":\"ListItem\",\"position\":3,\"name\":\"Danby Refroidisseur \u00e0 vin autoportant de 35 bouteilles en Platine\"}]},{\"@type\":\"WebSite\",\"url\":\"https:\/\/www.danby.com\/fr\/\",\"name\":\"Danby - Canada - French\",\"description\":\"Leader dans le domaine de la r\u00e9frig\u00e9ration et des appareils sp\u00e9cialis\u00e9s\",\"publisher\":[],\"potentialAction\":[{\"@type\":\"SearchAction\",\"target\":{\"@type\":\"EntryPoint\",\"urlTemplate\":\"https:\/\/www.danby.com\/fr\/?s={search_term_string}\"},\"query-input\":{\"@type\":\"PropertyValueSpecification\",\"valueRequired\":true,\"valueName\":\"search_term_string\"}}],\"inLanguage\":\"fr-CA\"},{\"@type\":\"Organization\",\"name\":\"Danby Appliances\",\"url\":\"https:\/\/www.danby.com\/fr\/\",\"logo\":{\"@type\":\"ImageObject\",\"inLanguage\":\"fr-CA\",\"url\":\"https:\/\/cdnweb.danby.com\/wp-content\/uploads\/sites\/2\/2022\/02\/10141906\/Danby75Ans_Blue.png\",\"contentUrl\":\"https:\/\/cdnweb.danby.com\/wp-content\/uploads\/sites\/2\/2022\/02\/10141906\/Danby75Ans_Blue.png\",\"width\":470,\"height\":110,\"caption\":\"Danby Appliances\"},\"image\":[],\"sameAs\":[\"https:\/\/www.facebook.com\/DanbyAppliances\",\"https:\/\/x.com\/DanbyAppliance\",\"https:\/\/instagram.com\/danbyappliances\/\",\"https:\/\/www.linkedin.com\/company\/danbyappliances\",\"https:\/\/www.pinterest.ca\/danbyappliances\/\",\"https:\/\/www.youtube.com\/user\/DanbyProducts\",\"https:\/\/en.wikipedia.org\/wiki\/Danby_(appliances)\"]}]}<\/script>\n<!-- \/ Yoast SEO plugin. -->","yoast_head_json":{"title":"Danby Refroidisseur \u00e0 vin autoportant de 35 bouteilles en Platine - DWC350BLP | Danby Canada","description":"Vos vins rouges ou blancs pr\u00e9f\u00e9r\u00e9s trouveront une place de choix dans ce superbe refroidisseur de vin autoportant, con\u00e7u pour conserver jusqu\u2019\u00e0 36 bouteilles. Le refroidisseur \u00e0 vin de 3,2 pi\u00b3 de Danby est un ajout \u00e9l\u00e9gant et sophistiqu\u00e9 \u00e0 votre cuisine. L\u2019\u00e9clairage int\u00e9rieur \u00e0 DEL vif est id\u00e9al pour mettre en valeur votre collection et vous permet de rep\u00e9rer facilement la prochaine bouteille \u00e0 d\u00e9guster. Votre collection est bien prot\u00e9g\u00e9e gr\u00e2ce \u00e0 la porte en verre tremp\u00e9 r\u00e9sistant aux bris, orn\u00e9e d\u2019un \u00e9l\u00e9gant contour platine. Parmi ses caract\u00e9ristiques, on retrouve un syst\u00e8me de d\u00e9givrage automatique pratique et cinq clayettes de rangement robustes et amovibles en noir. De plus, le thermostat vous permet de programmer et de maintenir facilement une temp\u00e9rature int\u00e9rieure entre 6 \u00b0C et 14 \u00b0C (42,8 \u00b0F \u00e0 57,2 \u00b0F). Il est \u00e9galement muni d\u2019une porte r\u00e9versible, vous permettant de l\u2019ouvrir du c\u00f4t\u00e9 gauche ou droit, selon votre pr\u00e9f\u00e9rence.","robots":{"index":"index","follow":"follow","max-snippet":"max-snippet:-1","max-image-preview":"max-image-preview:large","max-video-preview":"max-video-preview:-1"},"canonical":"https:\/\/www.danby.com\/fr\/products\/refroidisseurs-a-vin\/dwc350blp\/","og_locale":"fr_CA","og_type":"article","og_title":"Danby Refroidisseur \u00e0 vin autoportant de 35 bouteilles en Platine - DWC350BLP | Danby Canada","og_description":"Vos vins rouges ou blancs pr\u00e9f\u00e9r\u00e9s trouveront une place de choix dans ce superbe refroidisseur de vin autoportant, con\u00e7u pour conserver jusqu\u2019\u00e0 36 bouteilles. Le refroidisseur \u00e0 vin de 3,2 pi\u00b3 de Danby est un ajout \u00e9l\u00e9gant et sophistiqu\u00e9 \u00e0 votre cuisine. L\u2019\u00e9clairage int\u00e9rieur \u00e0 DEL vif est id\u00e9al pour mettre en valeur votre collection et vous permet de rep\u00e9rer facilement la prochaine bouteille \u00e0 d\u00e9guster. Votre collection est bien prot\u00e9g\u00e9e gr\u00e2ce \u00e0 la porte en verre tremp\u00e9 r\u00e9sistant aux bris, orn\u00e9e d\u2019un \u00e9l\u00e9gant contour platine. Parmi ses caract\u00e9ristiques, on retrouve un syst\u00e8me de d\u00e9givrage automatique pratique et cinq clayettes de rangement robustes et amovibles en noir. De plus, le thermostat vous permet de programmer et de maintenir facilement une temp\u00e9rature int\u00e9rieure entre 6 \u00b0C et 14 \u00b0C (42,8 \u00b0F \u00e0 57,2 \u00b0F). Il est \u00e9galement muni d\u2019une porte r\u00e9versible, vous permettant de l\u2019ouvrir du c\u00f4t\u00e9 gauche ou droit, selon votre pr\u00e9f\u00e9rence.","og_url":"https:\/\/www.danby.com\/fr\/products\/refroidisseurs-a-vin\/dwc350blp\/","og_site_name":"Danby - Canada - French","article_publisher":"https:\/\/www.facebook.com\/DanbyAppliances","article_modified_time":"2026-04-08T10:08:09+00:00","og_image":[{"width":1125,"height":1500,"url":"https:\/\/www.danby.com\/fr\/wp-content\/uploads\/sites\/2\/2025\/11\/WC__0009_DWC350BLP.jpg","type":"image\/jpeg"}],"twitter_card":"summary_large_image","twitter_site":"@DanbyAppliance","twitter_misc":{"Estimation du temps de lecture":"1 minute"},"schema":{"@context":"https:\/\/schema.org","@graph":[{"@type":["WebPage","ItemPage"],"url":"https:\/\/www.danby.com\/fr\/products\/refroidisseurs-a-vin\/dwc350blp\/","name":"Danby Refroidisseur \u00e0 vin autoportant de 35 bouteilles en Platine - DWC350BLP | Danby Canada","isPartOf":[],"primaryImageOfPage":[],"image":[],"thumbnailUrl":"https:\/\/www.danby.com\/fr\/wp-content\/uploads\/sites\/2\/2025\/11\/WC__0009_DWC350BLP.jpg","datePublished":"2022-02-03T19:21:53+00:00","dateModified":"2026-04-08T10:08:09+00:00","description":"Vos vins rouges ou blancs pr\u00e9f\u00e9r\u00e9s trouveront une place de choix dans ce superbe refroidisseur de vin autoportant, con\u00e7u pour conserver jusqu\u2019\u00e0 36 bouteilles. Le refroidisseur \u00e0 vin de 3,2 pi\u00b3 de Danby est un ajout \u00e9l\u00e9gant et sophistiqu\u00e9 \u00e0 votre cuisine. L\u2019\u00e9clairage int\u00e9rieur \u00e0 DEL vif est id\u00e9al pour mettre en valeur votre collection et vous permet de rep\u00e9rer facilement la prochaine bouteille \u00e0 d\u00e9guster. Votre collection est bien prot\u00e9g\u00e9e gr\u00e2ce \u00e0 la porte en verre tremp\u00e9 r\u00e9sistant aux bris, orn\u00e9e d\u2019un \u00e9l\u00e9gant contour platine. Parmi ses caract\u00e9ristiques, on retrouve un syst\u00e8me de d\u00e9givrage automatique pratique et cinq clayettes de rangement robustes et amovibles en noir. De plus, le thermostat vous permet de programmer et de maintenir facilement une temp\u00e9rature int\u00e9rieure entre 6 \u00b0C et 14 \u00b0C (42,8 \u00b0F \u00e0 57,2 \u00b0F). Il est \u00e9galement muni d\u2019une porte r\u00e9versible, vous permettant de l\u2019ouvrir du c\u00f4t\u00e9 gauche ou droit, selon votre pr\u00e9f\u00e9rence.","breadcrumb":[],"inLanguage":"fr-CA","potentialAction":[{"@type":"ReadAction","target":["https:\/\/www.danby.com\/fr\/products\/refroidisseurs-a-vin\/dwc350blp\/"]}]},{"@type":"ImageObject","inLanguage":"fr-CA","url":"https:\/\/www.danby.com\/fr\/wp-content\/uploads\/sites\/2\/2025\/11\/WC__0009_DWC350BLP.jpg","contentUrl":"https:\/\/www.danby.com\/fr\/wp-content\/uploads\/sites\/2\/2025\/11\/WC__0009_DWC350BLP.jpg","width":1125,"height":1500},{"@type":"BreadcrumbList","itemListElement":[{"@type":"ListItem","position":1,"name":"Home","item":"https:\/\/www.danby.com\/fr\/"},{"@type":"ListItem","position":2,"name":"Boutique","item":"https:\/\/www.danby.com\/fr\/boutique\/"},{"@type":"ListItem","position":3,"name":"Danby Refroidisseur \u00e0 vin autoportant de 35 bouteilles en Platine"}]},{"@type":"WebSite","url":"https:\/\/www.danby.com\/fr\/","name":"Danby - Canada - French","description":"Leader dans le domaine de la r\u00e9frig\u00e9ration et des appareils sp\u00e9cialis\u00e9s","publisher":[],"potentialAction":[{"@type":"SearchAction","target":{"@type":"EntryPoint","urlTemplate":"https:\/\/www.danby.com\/fr\/?s={search_term_string}"},"query-input":{"@type":"PropertyValueSpecification","valueRequired":true,"valueName":"search_term_string"}}],"inLanguage":"fr-CA"},{"@type":"Organization","name":"Danby Appliances","url":"https:\/\/www.danby.com\/fr\/","logo":{"@type":"ImageObject","inLanguage":"fr-CA","url":"https:\/\/cdnweb.danby.com\/wp-content\/uploads\/sites\/2\/2022\/02\/10141906\/Danby75Ans_Blue.png","contentUrl":"https:\/\/cdnweb.danby.com\/wp-content\/uploads\/sites\/2\/2022\/02\/10141906\/Danby75Ans_Blue.png","width":470,"height":110,"caption":"Danby Appliances"},"image":[],"sameAs":["https:\/\/www.facebook.com\/DanbyAppliances","https:\/\/x.com\/DanbyAppliance","https:\/\/instagram.com\/danbyappliances\/","https:\/\/www.linkedin.com\/company\/danbyappliances","https:\/\/www.pinterest.ca\/danbyappliances\/","https:\/\/www.youtube.com\/user\/DanbyProducts","https:\/\/en.wikipedia.org\/wiki\/Danby_(appliances)"]}]}},"post_mailing_queue_ids":[],"_links":{"self":[{"href":"https:\/\/www.danby.com\/fr\/wp-json\/wp\/v2\/product\/5284","targetHints":{"allow":["GET"]}}],"collection":[{"href":"https:\/\/www.danby.com\/fr\/wp-json\/wp\/v2\/product"}],"about":[{"href":"https:\/\/www.danby.com\/fr\/wp-json\/wp\/v2\/types\/product"}],"replies":[{"embeddable":true,"href":"https:\/\/www.danby.com\/fr\/wp-json\/wp\/v2\/comments?post=5284"}],"wp:featuredmedia":[{"embeddable":true,"href":"https:\/\/www.danby.com\/fr\/wp-json\/wp\/v2\/media\/35670"}],"wp:attachment":[{"href":"https:\/\/www.danby.com\/fr\/wp-json\/wp\/v2\/media?parent=5284"}],"wp:term":[{"taxonomy":"product_brand","embeddable":true,"href":"https:\/\/www.danby.com\/fr\/wp-json\/wp\/v2\/product_brand?post=5284"},{"taxonomy":"product_cat","embeddable":true,"href":"https:\/\/www.danby.com\/fr\/wp-json\/wp\/v2\/product_cat?post=5284"},{"taxonomy":"product_tag","embeddable":true,"href":"https:\/\/www.danby.com\/fr\/wp-json\/wp\/v2\/product_tag?post=5284"}],"curies":[{"name":"wp","href":"https:\/\/api.w.org\/{rel}","templated":true}]}}