{"id":5280,"date":"2022-02-03T19:21:53","date_gmt":"2022-02-03T19:21:53","guid":{"rendered":"https:\/\/www.danby.com\/fr\/product\/dwc286bls\/"},"modified":"2026-04-14T10:08:28","modified_gmt":"2026-04-14T10:08:28","slug":"dwc286bls","status":"publish","type":"product","link":"https:\/\/www.danby.com\/fr\/products\/refroidisseurs-a-vin\/dwc286bls\/","title":{"rendered":"Danby Designer 38  Refroidisseurs \u00e0 vin"},"content":{"rendered":"","protected":false},"excerpt":{"rendered":"<ul>\n<li>Range jusqu&#8217;\u00e0 38 bouteilles de vin dans deux zones de temp\u00e9rature distinctes et r\u00e9gul\u00e9es s\u00e9par\u00e9ment pour le stockage du vin rouge et du vin blanc<\/li>\n<li>Selon vos pr\u00e9f\u00e9rences, les zones de temp\u00e9rature sup\u00e9rieure et inf\u00e9rieure peuvent \u00eatre r\u00e9gl\u00e9es pour les temp\u00e9ratures du vin blanc ou du vin rouge.<\/li>\n<li>Un v\u00e9ritable syst\u00e8me d&#8217;\u00e9clairage LED sur rail met magnifiquement en valeur le vin sans la chaleur d&#8217;une ampoule \u00e0 incandescence<\/li>\n<li>Le thermostat LED bleu est facilement visible \u00e0 travers la porte<\/li>\n<li>Les \u00e9tag\u00e8res en bois noir garnies d&#8217;acier inoxydable s&#8217;accordent avec l&#8217;ext\u00e9rieur en acier inoxydable<\/li>\n<li>Porte r\u00e9versible pratique pour une ouverture \u00e0 gauche ou \u00e0 droite<\/li>\n<li>La serrure de porte int\u00e9gr\u00e9e aide \u00e0 s\u00e9curiser le contenu<\/li>\n<li>La porte en verre tremp\u00e9 teint\u00e9 aide \u00e0 prot\u00e9ger le vin des rayons UV nocifs<\/li>\n<\/ul>\n","protected":false},"featured_media":5965,"comment_status":"closed","ping_status":"open","template":"","meta":{"_acf_changed":false},"product_brand":[],"product_cat":[41],"product_tag":[],"class_list":{"0":"post-5280","1":"product","2":"type-product","3":"status-publish","4":"has-post-thumbnail","6":"product_cat-refroidisseurs-a-vin","8":"first","9":"outofstock","10":"taxable","11":"shipping-taxable","12":"product-type-simple"},"acf":[],"yoast_head":"<!-- This site is optimized with the Yoast SEO plugin v26.7 - https:\/\/yoast.com\/wordpress\/plugins\/seo\/ -->\n<title>Danby Designer 38 Refroidisseurs \u00e0 vin - DWC286BLS | Danby Canada<\/title>\n<meta name=\"description\" content=\"Notre refroidisseur de vin ind\u00e9pendant Danby Designer\u00ae est un ajout tr\u00e8s \u00e9l\u00e9gant et sophistiqu\u00e9 \u00e0 n\u2019importe quelle pi\u00e8ce. La devanture des tablettes en acier inoxydable retient les bouteilles derri\u00e8re le verre teint\u00e9. Le thermostat num\u00e9rique, poss\u00e9dant une lumi\u00e8re DEL, est visible \u00e0 travers la porte et commande deux zones de temp\u00e9rature distinctes pour l\u2019entreposage du vin blanc et du vin rouge. Notre \u00e9clairage sur rail, d\u00e9gageant une lumi\u00e8re blanche provenant d\u2019une DEL, qui met en valeur le vin.\" \/>\n<meta name=\"robots\" content=\"index, follow, max-snippet:-1, max-image-preview:large, max-video-preview:-1\" \/>\n<link rel=\"canonical\" href=\"https:\/\/www.danby.com\/fr\/products\/refroidisseurs-a-vin\/dwc286bls\/\" \/>\n<meta property=\"og:locale\" content=\"fr_CA\" \/>\n<meta property=\"og:type\" content=\"article\" \/>\n<meta property=\"og:title\" content=\"Danby Designer 38 Refroidisseurs \u00e0 vin - DWC286BLS | Danby Canada\" \/>\n<meta property=\"og:description\" content=\"Notre refroidisseur de vin ind\u00e9pendant Danby Designer\u00ae est un ajout tr\u00e8s \u00e9l\u00e9gant et sophistiqu\u00e9 \u00e0 n\u2019importe quelle pi\u00e8ce. La devanture des tablettes en acier inoxydable retient les bouteilles derri\u00e8re le verre teint\u00e9. Le thermostat num\u00e9rique, poss\u00e9dant une lumi\u00e8re DEL, est visible \u00e0 travers la porte et commande deux zones de temp\u00e9rature distinctes pour l\u2019entreposage du vin blanc et du vin rouge. Notre \u00e9clairage sur rail, d\u00e9gageant une lumi\u00e8re blanche provenant d\u2019une DEL, qui met en valeur le vin.\" \/>\n<meta property=\"og:url\" content=\"https:\/\/www.danby.com\/fr\/products\/refroidisseurs-a-vin\/dwc286bls\/\" \/>\n<meta property=\"og:site_name\" content=\"Danby - Canada - French\" \/>\n<meta property=\"article:publisher\" content=\"https:\/\/www.facebook.com\/DanbyAppliances\" \/>\n<meta property=\"article:modified_time\" content=\"2026-04-14T10:08:28+00:00\" \/>\n<meta property=\"og:image\" content=\"https:\/\/cdnweb.danby.com\/wp-content\/uploads\/sites\/2\/2022\/02\/08182530\/proMed-dwc286bls.jpg\" \/>\n\t<meta property=\"og:image:width\" content=\"300\" \/>\n\t<meta property=\"og:image:height\" content=\"272\" \/>\n\t<meta property=\"og:image:type\" content=\"image\/jpeg\" \/>\n<meta name=\"twitter:card\" content=\"summary_large_image\" \/>\n<meta name=\"twitter:site\" content=\"@DanbyAppliance\" \/>\n<script type=\"application\/ld+json\" class=\"yoast-schema-graph\">{\"@context\":\"https:\/\/schema.org\",\"@graph\":[{\"@type\":[\"WebPage\",\"ItemPage\"],\"url\":\"https:\/\/www.danby.com\/fr\/products\/refroidisseurs-a-vin\/dwc286bls\/\",\"name\":\"Danby Designer 38 Refroidisseurs \u00e0 vin - DWC286BLS | Danby Canada\",\"isPartOf\":[],\"primaryImageOfPage\":[],\"image\":[],\"thumbnailUrl\":\"https:\/\/cdnweb.danby.com\/wp-content\/uploads\/sites\/2\/2022\/02\/08182530\/proMed-dwc286bls.jpg\",\"datePublished\":\"2022-02-03T19:21:53+00:00\",\"dateModified\":\"2026-04-14T10:08:28+00:00\",\"description\":\"Notre refroidisseur de vin ind\u00e9pendant Danby Designer\u00ae est un ajout tr\u00e8s \u00e9l\u00e9gant et sophistiqu\u00e9 \u00e0 n\u2019importe quelle pi\u00e8ce. La devanture des tablettes en acier inoxydable retient les bouteilles derri\u00e8re le verre teint\u00e9. Le thermostat num\u00e9rique, poss\u00e9dant une lumi\u00e8re DEL, est visible \u00e0 travers la porte et commande deux zones de temp\u00e9rature distinctes pour l\u2019entreposage du vin blanc et du vin rouge. Notre \u00e9clairage sur rail, d\u00e9gageant une lumi\u00e8re blanche provenant d\u2019une DEL, qui met en valeur le vin.\",\"breadcrumb\":[],\"inLanguage\":\"fr-CA\",\"potentialAction\":[{\"@type\":\"ReadAction\",\"target\":[\"https:\/\/www.danby.com\/fr\/products\/refroidisseurs-a-vin\/dwc286bls\/\"]}]},{\"@type\":\"ImageObject\",\"inLanguage\":\"fr-CA\",\"url\":\"https:\/\/cdnweb.danby.com\/wp-content\/uploads\/sites\/2\/2022\/02\/08182530\/proMed-dwc286bls.jpg\",\"contentUrl\":\"https:\/\/cdnweb.danby.com\/wp-content\/uploads\/sites\/2\/2022\/02\/08182530\/proMed-dwc286bls.jpg\",\"width\":300,\"height\":272},{\"@type\":\"BreadcrumbList\",\"itemListElement\":[{\"@type\":\"ListItem\",\"position\":1,\"name\":\"Home\",\"item\":\"https:\/\/www.danby.com\/fr\/\"},{\"@type\":\"ListItem\",\"position\":2,\"name\":\"Boutique\",\"item\":\"https:\/\/www.danby.com\/fr\/boutique\/\"},{\"@type\":\"ListItem\",\"position\":3,\"name\":\"Danby Designer 38 Refroidisseurs \u00e0 vin\"}]},{\"@type\":\"WebSite\",\"url\":\"https:\/\/www.danby.com\/fr\/\",\"name\":\"Danby - Canada - French\",\"description\":\"Leader dans le domaine de la r\u00e9frig\u00e9ration et des appareils sp\u00e9cialis\u00e9s\",\"publisher\":[],\"potentialAction\":[{\"@type\":\"SearchAction\",\"target\":{\"@type\":\"EntryPoint\",\"urlTemplate\":\"https:\/\/www.danby.com\/fr\/?s={search_term_string}\"},\"query-input\":{\"@type\":\"PropertyValueSpecification\",\"valueRequired\":true,\"valueName\":\"search_term_string\"}}],\"inLanguage\":\"fr-CA\"},{\"@type\":\"Organization\",\"name\":\"Danby Appliances\",\"url\":\"https:\/\/www.danby.com\/fr\/\",\"logo\":{\"@type\":\"ImageObject\",\"inLanguage\":\"fr-CA\",\"url\":\"https:\/\/cdnweb.danby.com\/wp-content\/uploads\/sites\/2\/2022\/02\/10141906\/Danby75Ans_Blue.png\",\"contentUrl\":\"https:\/\/cdnweb.danby.com\/wp-content\/uploads\/sites\/2\/2022\/02\/10141906\/Danby75Ans_Blue.png\",\"width\":470,\"height\":110,\"caption\":\"Danby Appliances\"},\"image\":[],\"sameAs\":[\"https:\/\/www.facebook.com\/DanbyAppliances\",\"https:\/\/x.com\/DanbyAppliance\",\"https:\/\/instagram.com\/danbyappliances\/\",\"https:\/\/www.linkedin.com\/company\/danbyappliances\",\"https:\/\/www.pinterest.ca\/danbyappliances\/\",\"https:\/\/www.youtube.com\/user\/DanbyProducts\",\"https:\/\/en.wikipedia.org\/wiki\/Danby_(appliances)\"]}]}<\/script>\n<!-- \/ Yoast SEO plugin. -->","yoast_head_json":{"title":"Danby Designer 38 Refroidisseurs \u00e0 vin - DWC286BLS | Danby Canada","description":"Notre refroidisseur de vin ind\u00e9pendant Danby Designer\u00ae est un ajout tr\u00e8s \u00e9l\u00e9gant et sophistiqu\u00e9 \u00e0 n\u2019importe quelle pi\u00e8ce. La devanture des tablettes en acier inoxydable retient les bouteilles derri\u00e8re le verre teint\u00e9. Le thermostat num\u00e9rique, poss\u00e9dant une lumi\u00e8re DEL, est visible \u00e0 travers la porte et commande deux zones de temp\u00e9rature distinctes pour l\u2019entreposage du vin blanc et du vin rouge. Notre \u00e9clairage sur rail, d\u00e9gageant une lumi\u00e8re blanche provenant d\u2019une DEL, qui met en valeur le vin.","robots":{"index":"index","follow":"follow","max-snippet":"max-snippet:-1","max-image-preview":"max-image-preview:large","max-video-preview":"max-video-preview:-1"},"canonical":"https:\/\/www.danby.com\/fr\/products\/refroidisseurs-a-vin\/dwc286bls\/","og_locale":"fr_CA","og_type":"article","og_title":"Danby Designer 38 Refroidisseurs \u00e0 vin - DWC286BLS | Danby Canada","og_description":"Notre refroidisseur de vin ind\u00e9pendant Danby Designer\u00ae est un ajout tr\u00e8s \u00e9l\u00e9gant et sophistiqu\u00e9 \u00e0 n\u2019importe quelle pi\u00e8ce. La devanture des tablettes en acier inoxydable retient les bouteilles derri\u00e8re le verre teint\u00e9. Le thermostat num\u00e9rique, poss\u00e9dant une lumi\u00e8re DEL, est visible \u00e0 travers la porte et commande deux zones de temp\u00e9rature distinctes pour l\u2019entreposage du vin blanc et du vin rouge. Notre \u00e9clairage sur rail, d\u00e9gageant une lumi\u00e8re blanche provenant d\u2019une DEL, qui met en valeur le vin.","og_url":"https:\/\/www.danby.com\/fr\/products\/refroidisseurs-a-vin\/dwc286bls\/","og_site_name":"Danby - Canada - French","article_publisher":"https:\/\/www.facebook.com\/DanbyAppliances","article_modified_time":"2026-04-14T10:08:28+00:00","og_image":[{"width":300,"height":272,"url":"https:\/\/cdnweb.danby.com\/wp-content\/uploads\/sites\/2\/2022\/02\/08182530\/proMed-dwc286bls.jpg","type":"image\/jpeg"}],"twitter_card":"summary_large_image","twitter_site":"@DanbyAppliance","schema":{"@context":"https:\/\/schema.org","@graph":[{"@type":["WebPage","ItemPage"],"url":"https:\/\/www.danby.com\/fr\/products\/refroidisseurs-a-vin\/dwc286bls\/","name":"Danby Designer 38 Refroidisseurs \u00e0 vin - DWC286BLS | Danby Canada","isPartOf":[],"primaryImageOfPage":[],"image":[],"thumbnailUrl":"https:\/\/cdnweb.danby.com\/wp-content\/uploads\/sites\/2\/2022\/02\/08182530\/proMed-dwc286bls.jpg","datePublished":"2022-02-03T19:21:53+00:00","dateModified":"2026-04-14T10:08:28+00:00","description":"Notre refroidisseur de vin ind\u00e9pendant Danby Designer\u00ae est un ajout tr\u00e8s \u00e9l\u00e9gant et sophistiqu\u00e9 \u00e0 n\u2019importe quelle pi\u00e8ce. La devanture des tablettes en acier inoxydable retient les bouteilles derri\u00e8re le verre teint\u00e9. Le thermostat num\u00e9rique, poss\u00e9dant une lumi\u00e8re DEL, est visible \u00e0 travers la porte et commande deux zones de temp\u00e9rature distinctes pour l\u2019entreposage du vin blanc et du vin rouge. Notre \u00e9clairage sur rail, d\u00e9gageant une lumi\u00e8re blanche provenant d\u2019une DEL, qui met en valeur le vin.","breadcrumb":[],"inLanguage":"fr-CA","potentialAction":[{"@type":"ReadAction","target":["https:\/\/www.danby.com\/fr\/products\/refroidisseurs-a-vin\/dwc286bls\/"]}]},{"@type":"ImageObject","inLanguage":"fr-CA","url":"https:\/\/cdnweb.danby.com\/wp-content\/uploads\/sites\/2\/2022\/02\/08182530\/proMed-dwc286bls.jpg","contentUrl":"https:\/\/cdnweb.danby.com\/wp-content\/uploads\/sites\/2\/2022\/02\/08182530\/proMed-dwc286bls.jpg","width":300,"height":272},{"@type":"BreadcrumbList","itemListElement":[{"@type":"ListItem","position":1,"name":"Home","item":"https:\/\/www.danby.com\/fr\/"},{"@type":"ListItem","position":2,"name":"Boutique","item":"https:\/\/www.danby.com\/fr\/boutique\/"},{"@type":"ListItem","position":3,"name":"Danby Designer 38 Refroidisseurs \u00e0 vin"}]},{"@type":"WebSite","url":"https:\/\/www.danby.com\/fr\/","name":"Danby - Canada - French","description":"Leader dans le domaine de la r\u00e9frig\u00e9ration et des appareils sp\u00e9cialis\u00e9s","publisher":[],"potentialAction":[{"@type":"SearchAction","target":{"@type":"EntryPoint","urlTemplate":"https:\/\/www.danby.com\/fr\/?s={search_term_string}"},"query-input":{"@type":"PropertyValueSpecification","valueRequired":true,"valueName":"search_term_string"}}],"inLanguage":"fr-CA"},{"@type":"Organization","name":"Danby Appliances","url":"https:\/\/www.danby.com\/fr\/","logo":{"@type":"ImageObject","inLanguage":"fr-CA","url":"https:\/\/cdnweb.danby.com\/wp-content\/uploads\/sites\/2\/2022\/02\/10141906\/Danby75Ans_Blue.png","contentUrl":"https:\/\/cdnweb.danby.com\/wp-content\/uploads\/sites\/2\/2022\/02\/10141906\/Danby75Ans_Blue.png","width":470,"height":110,"caption":"Danby Appliances"},"image":[],"sameAs":["https:\/\/www.facebook.com\/DanbyAppliances","https:\/\/x.com\/DanbyAppliance","https:\/\/instagram.com\/danbyappliances\/","https:\/\/www.linkedin.com\/company\/danbyappliances","https:\/\/www.pinterest.ca\/danbyappliances\/","https:\/\/www.youtube.com\/user\/DanbyProducts","https:\/\/en.wikipedia.org\/wiki\/Danby_(appliances)"]}]}},"post_mailing_queue_ids":[],"_links":{"self":[{"href":"https:\/\/www.danby.com\/fr\/wp-json\/wp\/v2\/product\/5280","targetHints":{"allow":["GET"]}}],"collection":[{"href":"https:\/\/www.danby.com\/fr\/wp-json\/wp\/v2\/product"}],"about":[{"href":"https:\/\/www.danby.com\/fr\/wp-json\/wp\/v2\/types\/product"}],"replies":[{"embeddable":true,"href":"https:\/\/www.danby.com\/fr\/wp-json\/wp\/v2\/comments?post=5280"}],"wp:featuredmedia":[{"embeddable":true,"href":"https:\/\/www.danby.com\/fr\/wp-json\/wp\/v2\/media\/5965"}],"wp:attachment":[{"href":"https:\/\/www.danby.com\/fr\/wp-json\/wp\/v2\/media?parent=5280"}],"wp:term":[{"taxonomy":"product_brand","embeddable":true,"href":"https:\/\/www.danby.com\/fr\/wp-json\/wp\/v2\/product_brand?post=5280"},{"taxonomy":"product_cat","embeddable":true,"href":"https:\/\/www.danby.com\/fr\/wp-json\/wp\/v2\/product_cat?post=5280"},{"taxonomy":"product_tag","embeddable":true,"href":"https:\/\/www.danby.com\/fr\/wp-json\/wp\/v2\/product_tag?post=5280"}],"curies":[{"name":"wp","href":"https:\/\/api.w.org\/{rel}","templated":true}]}}