{"id":5279,"date":"2022-02-03T19:21:53","date_gmt":"2022-02-03T19:21:53","guid":{"rendered":"https:\/\/www.danby.com\/fr\/product\/dwc283bls\/"},"modified":"2026-04-09T10:08:08","modified_gmt":"2026-04-09T10:08:08","slug":"dwc283bls","status":"publish","type":"product","link":"https:\/\/www.danby.com\/fr\/products\/refroidisseurs-a-vin\/dwc283bls\/","title":{"rendered":"Danby Designer 30  Refroidisseurs \u00e0 vin"},"content":{"rendered":"","protected":false},"excerpt":{"rendered":"<ul>\n<li>Range jusqu&#8217;\u00e0 30 bouteilles de vin dans deux zones distinctes, distinctes et r\u00e9gul\u00e9es s\u00e9par\u00e9ment pour le stockage du vin rouge et du vin blanc<\/li>\n<li>R\u00e9gler la temp\u00e9rature entre 5\u00b0C et 10\u00b0C pour le vin blanc dans la section inf\u00e9rieure de 20 bouteilles<\/li>\n<li>R\u00e9gler la temp\u00e9rature entre 10\u00b0C et 18\u00b0C pour le vin rouge dans la section sup\u00e9rieure de 10 bouteilles<\/li>\n<li>Les lumi\u00e8res d&#8217;affichage int\u00e9rieures peuvent \u00eatre allum\u00e9es pour mettre en valeur la collection de vin<\/li>\n<li>Le thermostat \u00e0 LED bleu peut \u00eatre facilement contr\u00f4l\u00e9 \u00e0 travers la porte<\/li>\n<li>Porte r\u00e9versible pratique pour une ouverture \u00e0 gauche ou \u00e0 droite<\/li>\n<li>La porte en verre tremp\u00e9 teint\u00e9 aide \u00e0 prot\u00e9ger le vin des rayons UV nocifs<\/li>\n<\/ul>\n","protected":false},"featured_media":5958,"comment_status":"closed","ping_status":"open","template":"","meta":{"_acf_changed":false},"product_brand":[],"product_cat":[41],"product_tag":[],"class_list":{"0":"post-5279","1":"product","2":"type-product","3":"status-publish","4":"has-post-thumbnail","6":"product_cat-refroidisseurs-a-vin","8":"first","9":"outofstock","10":"taxable","11":"shipping-taxable","12":"product-type-simple"},"acf":[],"yoast_head":"<!-- This site is optimized with the Yoast SEO plugin v26.7 - https:\/\/yoast.com\/wordpress\/plugins\/seo\/ -->\n<title>Danby Designer 30 Refroidisseurs \u00e0 vin - DWC283BLS | Danby Canada<\/title>\n<meta name=\"description\" content=\"Le refroidisseur de vin ind\u00e9pendant Danby Designer\u00ae est un ajout tr\u00e8s simple et \u00e9l\u00e9gant \u00e0 n\u2019importe quelle pi\u00e8ce. Le cabinet enti\u00e8rement noir et la bordure en acier inoxydable sont \u00e9quilibr\u00e9s par une devanture de tablette en riche bois de h\u00eatre. Le thermostat num\u00e9rique, poss\u00e9dant une lumi\u00e8re DEL, est visible \u00e0 travers la porte et commande deux zones de temp\u00e9rature distinctes pour l\u2019entreposage du vin blanc et du vin rouge. La lumi\u00e8re situ\u00e9e \u00e0 l\u2019int\u00e9rieur cr\u00e9\u00e9 un ambiance subtile, mais saisissante.\" \/>\n<meta name=\"robots\" content=\"index, follow, max-snippet:-1, max-image-preview:large, max-video-preview:-1\" \/>\n<link rel=\"canonical\" href=\"https:\/\/www.danby.com\/fr\/products\/refroidisseurs-a-vin\/dwc283bls\/\" \/>\n<meta property=\"og:locale\" content=\"fr_CA\" \/>\n<meta property=\"og:type\" content=\"article\" \/>\n<meta property=\"og:title\" content=\"Danby Designer 30 Refroidisseurs \u00e0 vin - DWC283BLS | Danby Canada\" \/>\n<meta property=\"og:description\" content=\"Le refroidisseur de vin ind\u00e9pendant Danby Designer\u00ae est un ajout tr\u00e8s simple et \u00e9l\u00e9gant \u00e0 n\u2019importe quelle pi\u00e8ce. Le cabinet enti\u00e8rement noir et la bordure en acier inoxydable sont \u00e9quilibr\u00e9s par une devanture de tablette en riche bois de h\u00eatre. Le thermostat num\u00e9rique, poss\u00e9dant une lumi\u00e8re DEL, est visible \u00e0 travers la porte et commande deux zones de temp\u00e9rature distinctes pour l\u2019entreposage du vin blanc et du vin rouge. La lumi\u00e8re situ\u00e9e \u00e0 l\u2019int\u00e9rieur cr\u00e9\u00e9 un ambiance subtile, mais saisissante.\" \/>\n<meta property=\"og:url\" content=\"https:\/\/www.danby.com\/fr\/products\/refroidisseurs-a-vin\/dwc283bls\/\" \/>\n<meta property=\"og:site_name\" content=\"Danby - Canada - French\" \/>\n<meta property=\"article:publisher\" content=\"https:\/\/www.facebook.com\/DanbyAppliances\" \/>\n<meta property=\"article:modified_time\" content=\"2026-04-09T10:08:08+00:00\" \/>\n<meta property=\"og:image\" content=\"https:\/\/cdnweb.danby.com\/wp-content\/uploads\/sites\/2\/2022\/02\/08182519\/proMed-dwc283bls_right.jpg\" \/>\n\t<meta property=\"og:image:width\" content=\"303\" \/>\n\t<meta property=\"og:image:height\" content=\"275\" \/>\n\t<meta property=\"og:image:type\" content=\"image\/jpeg\" \/>\n<meta name=\"twitter:card\" content=\"summary_large_image\" \/>\n<meta name=\"twitter:site\" content=\"@DanbyAppliance\" \/>\n<script type=\"application\/ld+json\" class=\"yoast-schema-graph\">{\"@context\":\"https:\/\/schema.org\",\"@graph\":[{\"@type\":[\"WebPage\",\"ItemPage\"],\"url\":\"https:\/\/www.danby.com\/fr\/products\/refroidisseurs-a-vin\/dwc283bls\/\",\"name\":\"Danby Designer 30 Refroidisseurs \u00e0 vin - DWC283BLS | Danby Canada\",\"isPartOf\":[],\"primaryImageOfPage\":[],\"image\":[],\"thumbnailUrl\":\"https:\/\/cdnweb.danby.com\/wp-content\/uploads\/sites\/2\/2022\/02\/08182519\/proMed-dwc283bls_right.jpg\",\"datePublished\":\"2022-02-03T19:21:53+00:00\",\"dateModified\":\"2026-04-09T10:08:08+00:00\",\"description\":\"Le refroidisseur de vin ind\u00e9pendant Danby Designer\u00ae est un ajout tr\u00e8s simple et \u00e9l\u00e9gant \u00e0 n\u2019importe quelle pi\u00e8ce. Le cabinet enti\u00e8rement noir et la bordure en acier inoxydable sont \u00e9quilibr\u00e9s par une devanture de tablette en riche bois de h\u00eatre. Le thermostat num\u00e9rique, poss\u00e9dant une lumi\u00e8re DEL, est visible \u00e0 travers la porte et commande deux zones de temp\u00e9rature distinctes pour l\u2019entreposage du vin blanc et du vin rouge. La lumi\u00e8re situ\u00e9e \u00e0 l\u2019int\u00e9rieur cr\u00e9\u00e9 un ambiance subtile, mais saisissante.\",\"breadcrumb\":[],\"inLanguage\":\"fr-CA\",\"potentialAction\":[{\"@type\":\"ReadAction\",\"target\":[\"https:\/\/www.danby.com\/fr\/products\/refroidisseurs-a-vin\/dwc283bls\/\"]}]},{\"@type\":\"ImageObject\",\"inLanguage\":\"fr-CA\",\"url\":\"https:\/\/cdnweb.danby.com\/wp-content\/uploads\/sites\/2\/2022\/02\/08182519\/proMed-dwc283bls_right.jpg\",\"contentUrl\":\"https:\/\/cdnweb.danby.com\/wp-content\/uploads\/sites\/2\/2022\/02\/08182519\/proMed-dwc283bls_right.jpg\",\"width\":303,\"height\":275},{\"@type\":\"BreadcrumbList\",\"itemListElement\":[{\"@type\":\"ListItem\",\"position\":1,\"name\":\"Home\",\"item\":\"https:\/\/www.danby.com\/fr\/\"},{\"@type\":\"ListItem\",\"position\":2,\"name\":\"Boutique\",\"item\":\"https:\/\/www.danby.com\/fr\/boutique\/\"},{\"@type\":\"ListItem\",\"position\":3,\"name\":\"Danby Designer 30 Refroidisseurs \u00e0 vin\"}]},{\"@type\":\"WebSite\",\"url\":\"https:\/\/www.danby.com\/fr\/\",\"name\":\"Danby - Canada - French\",\"description\":\"Leader dans le domaine de la r\u00e9frig\u00e9ration et des appareils sp\u00e9cialis\u00e9s\",\"publisher\":[],\"potentialAction\":[{\"@type\":\"SearchAction\",\"target\":{\"@type\":\"EntryPoint\",\"urlTemplate\":\"https:\/\/www.danby.com\/fr\/?s={search_term_string}\"},\"query-input\":{\"@type\":\"PropertyValueSpecification\",\"valueRequired\":true,\"valueName\":\"search_term_string\"}}],\"inLanguage\":\"fr-CA\"},{\"@type\":\"Organization\",\"name\":\"Danby Appliances\",\"url\":\"https:\/\/www.danby.com\/fr\/\",\"logo\":{\"@type\":\"ImageObject\",\"inLanguage\":\"fr-CA\",\"url\":\"https:\/\/cdnweb.danby.com\/wp-content\/uploads\/sites\/2\/2022\/02\/10141906\/Danby75Ans_Blue.png\",\"contentUrl\":\"https:\/\/cdnweb.danby.com\/wp-content\/uploads\/sites\/2\/2022\/02\/10141906\/Danby75Ans_Blue.png\",\"width\":470,\"height\":110,\"caption\":\"Danby Appliances\"},\"image\":[],\"sameAs\":[\"https:\/\/www.facebook.com\/DanbyAppliances\",\"https:\/\/x.com\/DanbyAppliance\",\"https:\/\/instagram.com\/danbyappliances\/\",\"https:\/\/www.linkedin.com\/company\/danbyappliances\",\"https:\/\/www.pinterest.ca\/danbyappliances\/\",\"https:\/\/www.youtube.com\/user\/DanbyProducts\",\"https:\/\/en.wikipedia.org\/wiki\/Danby_(appliances)\"]}]}<\/script>\n<!-- \/ Yoast SEO plugin. -->","yoast_head_json":{"title":"Danby Designer 30 Refroidisseurs \u00e0 vin - DWC283BLS | Danby Canada","description":"Le refroidisseur de vin ind\u00e9pendant Danby Designer\u00ae est un ajout tr\u00e8s simple et \u00e9l\u00e9gant \u00e0 n\u2019importe quelle pi\u00e8ce. Le cabinet enti\u00e8rement noir et la bordure en acier inoxydable sont \u00e9quilibr\u00e9s par une devanture de tablette en riche bois de h\u00eatre. Le thermostat num\u00e9rique, poss\u00e9dant une lumi\u00e8re DEL, est visible \u00e0 travers la porte et commande deux zones de temp\u00e9rature distinctes pour l\u2019entreposage du vin blanc et du vin rouge. La lumi\u00e8re situ\u00e9e \u00e0 l\u2019int\u00e9rieur cr\u00e9\u00e9 un ambiance subtile, mais saisissante.","robots":{"index":"index","follow":"follow","max-snippet":"max-snippet:-1","max-image-preview":"max-image-preview:large","max-video-preview":"max-video-preview:-1"},"canonical":"https:\/\/www.danby.com\/fr\/products\/refroidisseurs-a-vin\/dwc283bls\/","og_locale":"fr_CA","og_type":"article","og_title":"Danby Designer 30 Refroidisseurs \u00e0 vin - DWC283BLS | Danby Canada","og_description":"Le refroidisseur de vin ind\u00e9pendant Danby Designer\u00ae est un ajout tr\u00e8s simple et \u00e9l\u00e9gant \u00e0 n\u2019importe quelle pi\u00e8ce. Le cabinet enti\u00e8rement noir et la bordure en acier inoxydable sont \u00e9quilibr\u00e9s par une devanture de tablette en riche bois de h\u00eatre. Le thermostat num\u00e9rique, poss\u00e9dant une lumi\u00e8re DEL, est visible \u00e0 travers la porte et commande deux zones de temp\u00e9rature distinctes pour l\u2019entreposage du vin blanc et du vin rouge. La lumi\u00e8re situ\u00e9e \u00e0 l\u2019int\u00e9rieur cr\u00e9\u00e9 un ambiance subtile, mais saisissante.","og_url":"https:\/\/www.danby.com\/fr\/products\/refroidisseurs-a-vin\/dwc283bls\/","og_site_name":"Danby - Canada - French","article_publisher":"https:\/\/www.facebook.com\/DanbyAppliances","article_modified_time":"2026-04-09T10:08:08+00:00","og_image":[{"width":303,"height":275,"url":"https:\/\/cdnweb.danby.com\/wp-content\/uploads\/sites\/2\/2022\/02\/08182519\/proMed-dwc283bls_right.jpg","type":"image\/jpeg"}],"twitter_card":"summary_large_image","twitter_site":"@DanbyAppliance","schema":{"@context":"https:\/\/schema.org","@graph":[{"@type":["WebPage","ItemPage"],"url":"https:\/\/www.danby.com\/fr\/products\/refroidisseurs-a-vin\/dwc283bls\/","name":"Danby Designer 30 Refroidisseurs \u00e0 vin - DWC283BLS | Danby Canada","isPartOf":[],"primaryImageOfPage":[],"image":[],"thumbnailUrl":"https:\/\/cdnweb.danby.com\/wp-content\/uploads\/sites\/2\/2022\/02\/08182519\/proMed-dwc283bls_right.jpg","datePublished":"2022-02-03T19:21:53+00:00","dateModified":"2026-04-09T10:08:08+00:00","description":"Le refroidisseur de vin ind\u00e9pendant Danby Designer\u00ae est un ajout tr\u00e8s simple et \u00e9l\u00e9gant \u00e0 n\u2019importe quelle pi\u00e8ce. Le cabinet enti\u00e8rement noir et la bordure en acier inoxydable sont \u00e9quilibr\u00e9s par une devanture de tablette en riche bois de h\u00eatre. Le thermostat num\u00e9rique, poss\u00e9dant une lumi\u00e8re DEL, est visible \u00e0 travers la porte et commande deux zones de temp\u00e9rature distinctes pour l\u2019entreposage du vin blanc et du vin rouge. La lumi\u00e8re situ\u00e9e \u00e0 l\u2019int\u00e9rieur cr\u00e9\u00e9 un ambiance subtile, mais saisissante.","breadcrumb":[],"inLanguage":"fr-CA","potentialAction":[{"@type":"ReadAction","target":["https:\/\/www.danby.com\/fr\/products\/refroidisseurs-a-vin\/dwc283bls\/"]}]},{"@type":"ImageObject","inLanguage":"fr-CA","url":"https:\/\/cdnweb.danby.com\/wp-content\/uploads\/sites\/2\/2022\/02\/08182519\/proMed-dwc283bls_right.jpg","contentUrl":"https:\/\/cdnweb.danby.com\/wp-content\/uploads\/sites\/2\/2022\/02\/08182519\/proMed-dwc283bls_right.jpg","width":303,"height":275},{"@type":"BreadcrumbList","itemListElement":[{"@type":"ListItem","position":1,"name":"Home","item":"https:\/\/www.danby.com\/fr\/"},{"@type":"ListItem","position":2,"name":"Boutique","item":"https:\/\/www.danby.com\/fr\/boutique\/"},{"@type":"ListItem","position":3,"name":"Danby Designer 30 Refroidisseurs \u00e0 vin"}]},{"@type":"WebSite","url":"https:\/\/www.danby.com\/fr\/","name":"Danby - Canada - French","description":"Leader dans le domaine de la r\u00e9frig\u00e9ration et des appareils sp\u00e9cialis\u00e9s","publisher":[],"potentialAction":[{"@type":"SearchAction","target":{"@type":"EntryPoint","urlTemplate":"https:\/\/www.danby.com\/fr\/?s={search_term_string}"},"query-input":{"@type":"PropertyValueSpecification","valueRequired":true,"valueName":"search_term_string"}}],"inLanguage":"fr-CA"},{"@type":"Organization","name":"Danby Appliances","url":"https:\/\/www.danby.com\/fr\/","logo":{"@type":"ImageObject","inLanguage":"fr-CA","url":"https:\/\/cdnweb.danby.com\/wp-content\/uploads\/sites\/2\/2022\/02\/10141906\/Danby75Ans_Blue.png","contentUrl":"https:\/\/cdnweb.danby.com\/wp-content\/uploads\/sites\/2\/2022\/02\/10141906\/Danby75Ans_Blue.png","width":470,"height":110,"caption":"Danby Appliances"},"image":[],"sameAs":["https:\/\/www.facebook.com\/DanbyAppliances","https:\/\/x.com\/DanbyAppliance","https:\/\/instagram.com\/danbyappliances\/","https:\/\/www.linkedin.com\/company\/danbyappliances","https:\/\/www.pinterest.ca\/danbyappliances\/","https:\/\/www.youtube.com\/user\/DanbyProducts","https:\/\/en.wikipedia.org\/wiki\/Danby_(appliances)"]}]}},"post_mailing_queue_ids":[],"_links":{"self":[{"href":"https:\/\/www.danby.com\/fr\/wp-json\/wp\/v2\/product\/5279","targetHints":{"allow":["GET"]}}],"collection":[{"href":"https:\/\/www.danby.com\/fr\/wp-json\/wp\/v2\/product"}],"about":[{"href":"https:\/\/www.danby.com\/fr\/wp-json\/wp\/v2\/types\/product"}],"replies":[{"embeddable":true,"href":"https:\/\/www.danby.com\/fr\/wp-json\/wp\/v2\/comments?post=5279"}],"wp:featuredmedia":[{"embeddable":true,"href":"https:\/\/www.danby.com\/fr\/wp-json\/wp\/v2\/media\/5958"}],"wp:attachment":[{"href":"https:\/\/www.danby.com\/fr\/wp-json\/wp\/v2\/media?parent=5279"}],"wp:term":[{"taxonomy":"product_brand","embeddable":true,"href":"https:\/\/www.danby.com\/fr\/wp-json\/wp\/v2\/product_brand?post=5279"},{"taxonomy":"product_cat","embeddable":true,"href":"https:\/\/www.danby.com\/fr\/wp-json\/wp\/v2\/product_cat?post=5279"},{"taxonomy":"product_tag","embeddable":true,"href":"https:\/\/www.danby.com\/fr\/wp-json\/wp\/v2\/product_tag?post=5279"}],"curies":[{"name":"wp","href":"https:\/\/api.w.org\/{rel}","templated":true}]}}