{"id":5277,"date":"2022-02-03T19:21:53","date_gmt":"2022-02-03T19:21:53","guid":{"rendered":"https:\/\/www.danby.com\/fr\/product\/dwc172blpdb\/"},"modified":"2026-04-06T10:06:28","modified_gmt":"2026-04-06T10:06:28","slug":"dwc172blpdb","status":"publish","type":"product","link":"https:\/\/www.danby.com\/fr\/products\/refroidisseurs-a-vin\/dwc172blpdb\/","title":{"rendered":"Danby Refroidisseur \u00e0 vin autoportant de 17 bouteilles en platine"},"content":{"rendered":"","protected":false},"excerpt":{"rendered":"<ul>\n<li>La conception pratique du comptoir permet de conserver jusqu&#8217;\u00e0 17 bouteilles de vin r\u00e9frig\u00e9r\u00e9 \u00e0 port\u00e9e de main.<\/li>\n<li>Convient aux vins rouges ou blancs, temp\u00e9rature r\u00e9gl\u00e9e entre 6\u00b0C et 14\u00b0C (43\u00b0F et 57\u00b0F).<\/li>\n<li>La porte platine s&#8217;harmonise avec les appareils en acier inoxydable.<\/li>\n<li>Porte r\u00e9versible pratique pour une ouverture \u00e0 gauche ou \u00e0 droite.<\/li>\n<li>Deux \u00e9tag\u00e8res en fil m\u00e9tallique recouvert de vinyle et une \u00e9tag\u00e8re d\u00e9cal\u00e9e.<\/li>\n<li>Garantie de 12 mois sur les pi\u00e8ces et la main-d&#8217;\u0153uvre avec un service \u00e0 domicile.<\/li>\n<\/ul>\n","protected":false},"featured_media":25763,"comment_status":"closed","ping_status":"closed","template":"","meta":{"_acf_changed":false},"product_brand":[],"product_cat":[41],"product_tag":[],"class_list":{"0":"post-5277","1":"product","2":"type-product","3":"status-publish","4":"has-post-thumbnail","6":"product_cat-refroidisseurs-a-vin","8":"first","9":"instock","10":"taxable","11":"shipping-taxable","12":"purchasable","13":"product-type-simple"},"acf":[],"yoast_head":"<!-- This site is optimized with the Yoast SEO plugin v26.7 - https:\/\/yoast.com\/wordpress\/plugins\/seo\/ -->\n<title>Danby Refroidisseur \u00e0 vin autoportant de 17 bouteilles en platine - DWC172BLPDB | Danby Canada<\/title>\n<meta name=\"description\" content=\"Vos vins blancs ou rouges pr\u00e9f\u00e9r\u00e9s trouveront une place de choix dans ce refroidisseur \u00e0 vin de comptoir compact et sup\u00e9rieur con\u00e7u pour refroidir jusqu&#039;\u00e0 17 bouteilles de vin. Le refroidisseur de vin de 1,8 pi3 de Danby prend tr\u00e8s peu d&#039;espace et est id\u00e9al pour les petits espaces comme un condo, un appartement ou un chalet. Vos bouteilles auront beaucoup d&#039;espace pour se rafra\u00eechir gr\u00e2ce aux deux \u00e9tag\u00e8res de rangement en quinconce, ce qui constitue une alternative parfaite au stockage de vos marques pr\u00e9f\u00e9r\u00e9es dans le r\u00e9frig\u00e9rateur. En outre, ce refroidisseur de vin de Danby peut maintenir efficacement la temp\u00e9rature interne entre 6\u00b0C et 14\u00b0C (43\u00b0F et 57\u00b0F). De plus, il est dot\u00e9 d&#039;une porte r\u00e9versible qui vous permet de l&#039;ouvrir du c\u00f4t\u00e9 gauche ou du c\u00f4t\u00e9 droit, selon vos pr\u00e9f\u00e9rences.\" \/>\n<meta name=\"robots\" content=\"index, follow, max-snippet:-1, max-image-preview:large, max-video-preview:-1\" \/>\n<link rel=\"canonical\" href=\"https:\/\/www.danby.com\/fr\/products\/refroidisseurs-a-vin\/dwc172blpdb\/\" \/>\n<meta property=\"og:locale\" content=\"fr_CA\" \/>\n<meta property=\"og:type\" content=\"article\" \/>\n<meta property=\"og:title\" content=\"Danby Refroidisseur \u00e0 vin autoportant de 17 bouteilles en platine - DWC172BLPDB | Danby Canada\" \/>\n<meta property=\"og:description\" content=\"Vos vins blancs ou rouges pr\u00e9f\u00e9r\u00e9s trouveront une place de choix dans ce refroidisseur \u00e0 vin de comptoir compact et sup\u00e9rieur con\u00e7u pour refroidir jusqu&#039;\u00e0 17 bouteilles de vin. Le refroidisseur de vin de 1,8 pi3 de Danby prend tr\u00e8s peu d&#039;espace et est id\u00e9al pour les petits espaces comme un condo, un appartement ou un chalet. Vos bouteilles auront beaucoup d&#039;espace pour se rafra\u00eechir gr\u00e2ce aux deux \u00e9tag\u00e8res de rangement en quinconce, ce qui constitue une alternative parfaite au stockage de vos marques pr\u00e9f\u00e9r\u00e9es dans le r\u00e9frig\u00e9rateur. En outre, ce refroidisseur de vin de Danby peut maintenir efficacement la temp\u00e9rature interne entre 6\u00b0C et 14\u00b0C (43\u00b0F et 57\u00b0F). De plus, il est dot\u00e9 d&#039;une porte r\u00e9versible qui vous permet de l&#039;ouvrir du c\u00f4t\u00e9 gauche ou du c\u00f4t\u00e9 droit, selon vos pr\u00e9f\u00e9rences.\" \/>\n<meta property=\"og:url\" content=\"https:\/\/www.danby.com\/fr\/products\/refroidisseurs-a-vin\/dwc172blpdb\/\" \/>\n<meta property=\"og:site_name\" content=\"Danby - Canada - French\" \/>\n<meta property=\"article:publisher\" content=\"https:\/\/www.facebook.com\/DanbyAppliances\" \/>\n<meta property=\"article:modified_time\" content=\"2026-04-06T10:06:28+00:00\" \/>\n<meta property=\"og:image\" content=\"https:\/\/cdnweb.danby.com\/wp-content\/uploads\/sites\/2\/2023\/11\/22193934\/WC__0011_DWC172BLPDB.jpg\" \/>\n\t<meta property=\"og:image:width\" content=\"1125\" \/>\n\t<meta property=\"og:image:height\" content=\"1500\" \/>\n\t<meta property=\"og:image:type\" content=\"image\/jpeg\" \/>\n<meta name=\"twitter:card\" content=\"summary_large_image\" \/>\n<meta name=\"twitter:site\" content=\"@DanbyAppliance\" \/>\n<script type=\"application\/ld+json\" class=\"yoast-schema-graph\">{\"@context\":\"https:\/\/schema.org\",\"@graph\":[{\"@type\":[\"WebPage\",\"ItemPage\"],\"url\":\"https:\/\/www.danby.com\/fr\/products\/refroidisseurs-a-vin\/dwc172blpdb\/\",\"name\":\"Danby Refroidisseur \u00e0 vin autoportant de 17 bouteilles en platine - DWC172BLPDB | Danby Canada\",\"isPartOf\":[],\"primaryImageOfPage\":[],\"image\":[],\"thumbnailUrl\":\"https:\/\/cdnweb.danby.com\/wp-content\/uploads\/sites\/2\/2023\/11\/22193934\/WC__0011_DWC172BLPDB.jpg\",\"datePublished\":\"2022-02-03T19:21:53+00:00\",\"dateModified\":\"2026-04-06T10:06:28+00:00\",\"description\":\"Vos vins blancs ou rouges pr\u00e9f\u00e9r\u00e9s trouveront une place de choix dans ce refroidisseur \u00e0 vin de comptoir compact et sup\u00e9rieur con\u00e7u pour refroidir jusqu'\u00e0 17 bouteilles de vin. Le refroidisseur de vin de 1,8 pi3 de Danby prend tr\u00e8s peu d'espace et est id\u00e9al pour les petits espaces comme un condo, un appartement ou un chalet. Vos bouteilles auront beaucoup d'espace pour se rafra\u00eechir gr\u00e2ce aux deux \u00e9tag\u00e8res de rangement en quinconce, ce qui constitue une alternative parfaite au stockage de vos marques pr\u00e9f\u00e9r\u00e9es dans le r\u00e9frig\u00e9rateur. En outre, ce refroidisseur de vin de Danby peut maintenir efficacement la temp\u00e9rature interne entre 6\u00b0C et 14\u00b0C (43\u00b0F et 57\u00b0F). De plus, il est dot\u00e9 d'une porte r\u00e9versible qui vous permet de l'ouvrir du c\u00f4t\u00e9 gauche ou du c\u00f4t\u00e9 droit, selon vos pr\u00e9f\u00e9rences.\",\"breadcrumb\":[],\"inLanguage\":\"fr-CA\",\"potentialAction\":[{\"@type\":\"ReadAction\",\"target\":[\"https:\/\/www.danby.com\/fr\/products\/refroidisseurs-a-vin\/dwc172blpdb\/\"]}]},{\"@type\":\"ImageObject\",\"inLanguage\":\"fr-CA\",\"url\":\"https:\/\/cdnweb.danby.com\/wp-content\/uploads\/sites\/2\/2023\/11\/22193934\/WC__0011_DWC172BLPDB.jpg\",\"contentUrl\":\"https:\/\/cdnweb.danby.com\/wp-content\/uploads\/sites\/2\/2023\/11\/22193934\/WC__0011_DWC172BLPDB.jpg\",\"width\":1125,\"height\":1500},{\"@type\":\"BreadcrumbList\",\"itemListElement\":[{\"@type\":\"ListItem\",\"position\":1,\"name\":\"Home\",\"item\":\"https:\/\/www.danby.com\/fr\/\"},{\"@type\":\"ListItem\",\"position\":2,\"name\":\"Boutique\",\"item\":\"https:\/\/www.danby.com\/fr\/boutique\/\"},{\"@type\":\"ListItem\",\"position\":3,\"name\":\"Danby Refroidisseur \u00e0 vin autoportant de 17 bouteilles en acier inoxydable platine\"}]},{\"@type\":\"WebSite\",\"url\":\"https:\/\/www.danby.com\/fr\/\",\"name\":\"Danby - Canada - French\",\"description\":\"Leader dans le domaine de la r\u00e9frig\u00e9ration et des appareils sp\u00e9cialis\u00e9s\",\"publisher\":[],\"potentialAction\":[{\"@type\":\"SearchAction\",\"target\":{\"@type\":\"EntryPoint\",\"urlTemplate\":\"https:\/\/www.danby.com\/fr\/?s={search_term_string}\"},\"query-input\":{\"@type\":\"PropertyValueSpecification\",\"valueRequired\":true,\"valueName\":\"search_term_string\"}}],\"inLanguage\":\"fr-CA\"},{\"@type\":\"Organization\",\"name\":\"Danby Appliances\",\"url\":\"https:\/\/www.danby.com\/fr\/\",\"logo\":{\"@type\":\"ImageObject\",\"inLanguage\":\"fr-CA\",\"url\":\"https:\/\/cdnweb.danby.com\/wp-content\/uploads\/sites\/2\/2022\/02\/10141906\/Danby75Ans_Blue.png\",\"contentUrl\":\"https:\/\/cdnweb.danby.com\/wp-content\/uploads\/sites\/2\/2022\/02\/10141906\/Danby75Ans_Blue.png\",\"width\":470,\"height\":110,\"caption\":\"Danby Appliances\"},\"image\":[],\"sameAs\":[\"https:\/\/www.facebook.com\/DanbyAppliances\",\"https:\/\/x.com\/DanbyAppliance\",\"https:\/\/instagram.com\/danbyappliances\/\",\"https:\/\/www.linkedin.com\/company\/danbyappliances\",\"https:\/\/www.pinterest.ca\/danbyappliances\/\",\"https:\/\/www.youtube.com\/user\/DanbyProducts\",\"https:\/\/en.wikipedia.org\/wiki\/Danby_(appliances)\"]}]}<\/script>\n<!-- \/ Yoast SEO plugin. -->","yoast_head_json":{"title":"Danby Refroidisseur \u00e0 vin autoportant de 17 bouteilles en platine - DWC172BLPDB | Danby Canada","description":"Vos vins blancs ou rouges pr\u00e9f\u00e9r\u00e9s trouveront une place de choix dans ce refroidisseur \u00e0 vin de comptoir compact et sup\u00e9rieur con\u00e7u pour refroidir jusqu'\u00e0 17 bouteilles de vin. Le refroidisseur de vin de 1,8 pi3 de Danby prend tr\u00e8s peu d'espace et est id\u00e9al pour les petits espaces comme un condo, un appartement ou un chalet. Vos bouteilles auront beaucoup d'espace pour se rafra\u00eechir gr\u00e2ce aux deux \u00e9tag\u00e8res de rangement en quinconce, ce qui constitue une alternative parfaite au stockage de vos marques pr\u00e9f\u00e9r\u00e9es dans le r\u00e9frig\u00e9rateur. En outre, ce refroidisseur de vin de Danby peut maintenir efficacement la temp\u00e9rature interne entre 6\u00b0C et 14\u00b0C (43\u00b0F et 57\u00b0F). De plus, il est dot\u00e9 d'une porte r\u00e9versible qui vous permet de l'ouvrir du c\u00f4t\u00e9 gauche ou du c\u00f4t\u00e9 droit, selon vos pr\u00e9f\u00e9rences.","robots":{"index":"index","follow":"follow","max-snippet":"max-snippet:-1","max-image-preview":"max-image-preview:large","max-video-preview":"max-video-preview:-1"},"canonical":"https:\/\/www.danby.com\/fr\/products\/refroidisseurs-a-vin\/dwc172blpdb\/","og_locale":"fr_CA","og_type":"article","og_title":"Danby Refroidisseur \u00e0 vin autoportant de 17 bouteilles en platine - DWC172BLPDB | Danby Canada","og_description":"Vos vins blancs ou rouges pr\u00e9f\u00e9r\u00e9s trouveront une place de choix dans ce refroidisseur \u00e0 vin de comptoir compact et sup\u00e9rieur con\u00e7u pour refroidir jusqu'\u00e0 17 bouteilles de vin. Le refroidisseur de vin de 1,8 pi3 de Danby prend tr\u00e8s peu d'espace et est id\u00e9al pour les petits espaces comme un condo, un appartement ou un chalet. Vos bouteilles auront beaucoup d'espace pour se rafra\u00eechir gr\u00e2ce aux deux \u00e9tag\u00e8res de rangement en quinconce, ce qui constitue une alternative parfaite au stockage de vos marques pr\u00e9f\u00e9r\u00e9es dans le r\u00e9frig\u00e9rateur. En outre, ce refroidisseur de vin de Danby peut maintenir efficacement la temp\u00e9rature interne entre 6\u00b0C et 14\u00b0C (43\u00b0F et 57\u00b0F). De plus, il est dot\u00e9 d'une porte r\u00e9versible qui vous permet de l'ouvrir du c\u00f4t\u00e9 gauche ou du c\u00f4t\u00e9 droit, selon vos pr\u00e9f\u00e9rences.","og_url":"https:\/\/www.danby.com\/fr\/products\/refroidisseurs-a-vin\/dwc172blpdb\/","og_site_name":"Danby - Canada - French","article_publisher":"https:\/\/www.facebook.com\/DanbyAppliances","article_modified_time":"2026-04-06T10:06:28+00:00","og_image":[{"width":1125,"height":1500,"url":"https:\/\/cdnweb.danby.com\/wp-content\/uploads\/sites\/2\/2023\/11\/22193934\/WC__0011_DWC172BLPDB.jpg","type":"image\/jpeg"}],"twitter_card":"summary_large_image","twitter_site":"@DanbyAppliance","schema":{"@context":"https:\/\/schema.org","@graph":[{"@type":["WebPage","ItemPage"],"url":"https:\/\/www.danby.com\/fr\/products\/refroidisseurs-a-vin\/dwc172blpdb\/","name":"Danby Refroidisseur \u00e0 vin autoportant de 17 bouteilles en platine - DWC172BLPDB | Danby Canada","isPartOf":[],"primaryImageOfPage":[],"image":[],"thumbnailUrl":"https:\/\/cdnweb.danby.com\/wp-content\/uploads\/sites\/2\/2023\/11\/22193934\/WC__0011_DWC172BLPDB.jpg","datePublished":"2022-02-03T19:21:53+00:00","dateModified":"2026-04-06T10:06:28+00:00","description":"Vos vins blancs ou rouges pr\u00e9f\u00e9r\u00e9s trouveront une place de choix dans ce refroidisseur \u00e0 vin de comptoir compact et sup\u00e9rieur con\u00e7u pour refroidir jusqu'\u00e0 17 bouteilles de vin. Le refroidisseur de vin de 1,8 pi3 de Danby prend tr\u00e8s peu d'espace et est id\u00e9al pour les petits espaces comme un condo, un appartement ou un chalet. Vos bouteilles auront beaucoup d'espace pour se rafra\u00eechir gr\u00e2ce aux deux \u00e9tag\u00e8res de rangement en quinconce, ce qui constitue une alternative parfaite au stockage de vos marques pr\u00e9f\u00e9r\u00e9es dans le r\u00e9frig\u00e9rateur. En outre, ce refroidisseur de vin de Danby peut maintenir efficacement la temp\u00e9rature interne entre 6\u00b0C et 14\u00b0C (43\u00b0F et 57\u00b0F). De plus, il est dot\u00e9 d'une porte r\u00e9versible qui vous permet de l'ouvrir du c\u00f4t\u00e9 gauche ou du c\u00f4t\u00e9 droit, selon vos pr\u00e9f\u00e9rences.","breadcrumb":[],"inLanguage":"fr-CA","potentialAction":[{"@type":"ReadAction","target":["https:\/\/www.danby.com\/fr\/products\/refroidisseurs-a-vin\/dwc172blpdb\/"]}]},{"@type":"ImageObject","inLanguage":"fr-CA","url":"https:\/\/cdnweb.danby.com\/wp-content\/uploads\/sites\/2\/2023\/11\/22193934\/WC__0011_DWC172BLPDB.jpg","contentUrl":"https:\/\/cdnweb.danby.com\/wp-content\/uploads\/sites\/2\/2023\/11\/22193934\/WC__0011_DWC172BLPDB.jpg","width":1125,"height":1500},{"@type":"BreadcrumbList","itemListElement":[{"@type":"ListItem","position":1,"name":"Home","item":"https:\/\/www.danby.com\/fr\/"},{"@type":"ListItem","position":2,"name":"Boutique","item":"https:\/\/www.danby.com\/fr\/boutique\/"},{"@type":"ListItem","position":3,"name":"Danby Refroidisseur \u00e0 vin autoportant de 17 bouteilles en acier inoxydable platine"}]},{"@type":"WebSite","url":"https:\/\/www.danby.com\/fr\/","name":"Danby - Canada - French","description":"Leader dans le domaine de la r\u00e9frig\u00e9ration et des appareils sp\u00e9cialis\u00e9s","publisher":[],"potentialAction":[{"@type":"SearchAction","target":{"@type":"EntryPoint","urlTemplate":"https:\/\/www.danby.com\/fr\/?s={search_term_string}"},"query-input":{"@type":"PropertyValueSpecification","valueRequired":true,"valueName":"search_term_string"}}],"inLanguage":"fr-CA"},{"@type":"Organization","name":"Danby Appliances","url":"https:\/\/www.danby.com\/fr\/","logo":{"@type":"ImageObject","inLanguage":"fr-CA","url":"https:\/\/cdnweb.danby.com\/wp-content\/uploads\/sites\/2\/2022\/02\/10141906\/Danby75Ans_Blue.png","contentUrl":"https:\/\/cdnweb.danby.com\/wp-content\/uploads\/sites\/2\/2022\/02\/10141906\/Danby75Ans_Blue.png","width":470,"height":110,"caption":"Danby Appliances"},"image":[],"sameAs":["https:\/\/www.facebook.com\/DanbyAppliances","https:\/\/x.com\/DanbyAppliance","https:\/\/instagram.com\/danbyappliances\/","https:\/\/www.linkedin.com\/company\/danbyappliances","https:\/\/www.pinterest.ca\/danbyappliances\/","https:\/\/www.youtube.com\/user\/DanbyProducts","https:\/\/en.wikipedia.org\/wiki\/Danby_(appliances)"]}]}},"post_mailing_queue_ids":[],"_links":{"self":[{"href":"https:\/\/www.danby.com\/fr\/wp-json\/wp\/v2\/product\/5277","targetHints":{"allow":["GET"]}}],"collection":[{"href":"https:\/\/www.danby.com\/fr\/wp-json\/wp\/v2\/product"}],"about":[{"href":"https:\/\/www.danby.com\/fr\/wp-json\/wp\/v2\/types\/product"}],"replies":[{"embeddable":true,"href":"https:\/\/www.danby.com\/fr\/wp-json\/wp\/v2\/comments?post=5277"}],"wp:featuredmedia":[{"embeddable":true,"href":"https:\/\/www.danby.com\/fr\/wp-json\/wp\/v2\/media\/25763"}],"wp:attachment":[{"href":"https:\/\/www.danby.com\/fr\/wp-json\/wp\/v2\/media?parent=5277"}],"wp:term":[{"taxonomy":"product_brand","embeddable":true,"href":"https:\/\/www.danby.com\/fr\/wp-json\/wp\/v2\/product_brand?post=5277"},{"taxonomy":"product_cat","embeddable":true,"href":"https:\/\/www.danby.com\/fr\/wp-json\/wp\/v2\/product_cat?post=5277"},{"taxonomy":"product_tag","embeddable":true,"href":"https:\/\/www.danby.com\/fr\/wp-json\/wp\/v2\/product_tag?post=5277"}],"curies":[{"name":"wp","href":"https:\/\/api.w.org\/{rel}","templated":true}]}}