{"id":5275,"date":"2022-02-03T19:21:53","date_gmt":"2022-02-03T19:21:53","guid":{"rendered":"https:\/\/www.danby.com\/fr\/product\/dwc114blsdd\/"},"modified":"2026-04-09T10:08:08","modified_gmt":"2026-04-09T10:08:08","slug":"dwc114blsdd","status":"publish","type":"product","link":"https:\/\/www.danby.com\/fr\/products\/refroidisseurs-a-vin\/dwc114blsdd\/","title":{"rendered":"Danby Designer Refroidisseur \u00e0 vin autoportant de 38 bouteilles en acier inoxydable noir"},"content":{"rendered":"","protected":false},"excerpt":{"rendered":"<ul>\n<li>Gardez jusqu&#8217;\u00e0 38 bouteilles de vin frais \u00e0 port\u00e9e de main.<\/li>\n<li>Deux zones de temp\u00e9rature distinctes, contr\u00f4l\u00e9es ind\u00e9pendamment, pour le stockage du rouge et du blanc.<\/li>\n<li>Convient aux vins rouges ou blancs, temp\u00e9rature r\u00e9gl\u00e9e entre 5\u00b0C et 18\u00b0C (41\u00b0F et 64\u00b0F).<\/li>\n<li>Notre syst\u00e8me de refroidissement sans givre et \u00e0 ventilateur forc\u00e9 fournit une temp\u00e9rature interne plus constante qu&#8217;un syst\u00e8me de d\u00e9givrage automatique.<\/li>\n<li>Un thermostat num\u00e9rique pr\u00e9cis avec un affichage LED permet de r\u00e9gler et de contr\u00f4ler la temp\u00e9rature avec pr\u00e9cision \u00e0 travers la porte.<\/li>\n<li>Le thermostat revient au dernier r\u00e9glage de temp\u00e9rature apr\u00e8s une panne de courant et comprend des alarmes de temp\u00e9rature et d&#8217;ouverture de porte.<\/li>\n<li>Un \u00e9clairage de vitrine illumine l&#8217;armoire avec des LED blanches \u00e0 faible consommation d&#8217;\u00e9nergie.<\/li>\n<li>Les \u00e9tag\u00e8res en bois noir garnies d&#8217;acier inoxydable offrent un look contemporain.<\/li>\n<li>Charni\u00e8re de porte r\u00e9versible qui vous permet de la r\u00e9gler pour une ouverture \u00e0 gauche ou \u00e0 droite<\/li>\n<\/ul>\n","protected":false},"featured_media":37578,"comment_status":"closed","ping_status":"closed","template":"","meta":{"_acf_changed":false},"product_brand":[],"product_cat":[41,1449],"product_tag":[],"class_list":{"0":"post-5275","1":"product","2":"type-product","3":"status-publish","4":"has-post-thumbnail","6":"product_cat-refroidisseurs-a-vin","7":"product_cat-sales","9":"first","10":"outofstock","11":"sale","12":"taxable","13":"shipping-taxable","14":"purchasable","15":"product-type-simple"},"acf":[],"yoast_head":"<!-- This site is optimized with the Yoast SEO plugin v26.7 - https:\/\/yoast.com\/wordpress\/plugins\/seo\/ -->\n<title>Danby Designer Refroidisseur \u00e0 vin autoportant de 38 bouteilles en acier inoxydable noir - DWC114BLSDD | Danby Canada<\/title>\n<meta name=\"description\" content=\"La meilleure fa\u00e7on de refroidir et de pr\u00e9senter votre pr\u00e9cieuse collection de vins blancs et rouges est d&#039;utiliser le refroidisseur \u00e0 vin de 4,0 pi3 de Danby Designer, pratique et \u00e0 la mode. Ce r\u00e9frig\u00e9rateur \u00e0 vin spacieux est id\u00e9al pour l&#039;organisation de la cuisine et l&#039;accueil dans les petits espaces comme un appartement, un condo ou un chalet ! Refroidissez jusqu&#039;\u00e0 38 bouteilles de vos vins pr\u00e9f\u00e9r\u00e9s, ce qui constitue l&#039;alternative parfaite au stockage de vos marques pr\u00e9f\u00e9r\u00e9es dans un r\u00e9frig\u00e9rateur d\u00e9bordant. Ce r\u00e9frig\u00e9rateur \u00e0 vin est con\u00e7u avec deux zones \u00e0 temp\u00e9rature contr\u00f4l\u00e9e qui offrent une gamme de refroidissement entre 41\u00b0F - 64\u00b0F (5\u00b0C - 18\u00b0C). Ainsi, appr\u00e9ciez de conserver votre vin blanc \u00e0 une temp\u00e9rature sp\u00e9cifique et vos rouges et ros\u00e9s \u00e0 une autre. Le cadre \u00e9l\u00e9gant en acier inoxydable et les \u00e9tag\u00e8res de rangement en fil m\u00e9tallique ajoutent de l&#039;\u00e9l\u00e9gance \u00e0 cette unit\u00e9. De plus, votre ch\u00e8re collection de vin est \u00e9clair\u00e9e par un chic syst\u00e8me d&#039;\u00e9clairage LED blanc, qui vous permet de voir pr\u00e9cis\u00e9ment quelle bouteille de vin vous allez d\u00e9guster ensuite. Cet appareil estim\u00e9 dispose \u00e9galement d&#039;une poign\u00e9e de porte verticale sur toute la longueur et est dot\u00e9 d&#039;une porte r\u00e9versible vous permettant de l&#039;ouvrir du c\u00f4t\u00e9 gauche ou droit selon votre pr\u00e9f\u00e9rence.\" \/>\n<meta name=\"robots\" content=\"index, follow, max-snippet:-1, max-image-preview:large, max-video-preview:-1\" \/>\n<link rel=\"canonical\" href=\"https:\/\/www.danby.com\/fr\/products\/refroidisseurs-a-vin\/dwc114blsdd\/\" \/>\n<meta property=\"og:locale\" content=\"fr_CA\" \/>\n<meta property=\"og:type\" content=\"article\" \/>\n<meta property=\"og:title\" content=\"Danby Designer Refroidisseur \u00e0 vin autoportant de 38 bouteilles en acier inoxydable noir - DWC114BLSDD | Danby Canada\" \/>\n<meta property=\"og:description\" content=\"La meilleure fa\u00e7on de refroidir et de pr\u00e9senter votre pr\u00e9cieuse collection de vins blancs et rouges est d&#039;utiliser le refroidisseur \u00e0 vin de 4,0 pi3 de Danby Designer, pratique et \u00e0 la mode. Ce r\u00e9frig\u00e9rateur \u00e0 vin spacieux est id\u00e9al pour l&#039;organisation de la cuisine et l&#039;accueil dans les petits espaces comme un appartement, un condo ou un chalet ! Refroidissez jusqu&#039;\u00e0 38 bouteilles de vos vins pr\u00e9f\u00e9r\u00e9s, ce qui constitue l&#039;alternative parfaite au stockage de vos marques pr\u00e9f\u00e9r\u00e9es dans un r\u00e9frig\u00e9rateur d\u00e9bordant. Ce r\u00e9frig\u00e9rateur \u00e0 vin est con\u00e7u avec deux zones \u00e0 temp\u00e9rature contr\u00f4l\u00e9e qui offrent une gamme de refroidissement entre 41\u00b0F - 64\u00b0F (5\u00b0C - 18\u00b0C). Ainsi, appr\u00e9ciez de conserver votre vin blanc \u00e0 une temp\u00e9rature sp\u00e9cifique et vos rouges et ros\u00e9s \u00e0 une autre. Le cadre \u00e9l\u00e9gant en acier inoxydable et les \u00e9tag\u00e8res de rangement en fil m\u00e9tallique ajoutent de l&#039;\u00e9l\u00e9gance \u00e0 cette unit\u00e9. De plus, votre ch\u00e8re collection de vin est \u00e9clair\u00e9e par un chic syst\u00e8me d&#039;\u00e9clairage LED blanc, qui vous permet de voir pr\u00e9cis\u00e9ment quelle bouteille de vin vous allez d\u00e9guster ensuite. Cet appareil estim\u00e9 dispose \u00e9galement d&#039;une poign\u00e9e de porte verticale sur toute la longueur et est dot\u00e9 d&#039;une porte r\u00e9versible vous permettant de l&#039;ouvrir du c\u00f4t\u00e9 gauche ou droit selon votre pr\u00e9f\u00e9rence.\" \/>\n<meta property=\"og:url\" content=\"https:\/\/www.danby.com\/fr\/products\/refroidisseurs-a-vin\/dwc114blsdd\/\" \/>\n<meta property=\"og:site_name\" content=\"Danby - Canada - French\" \/>\n<meta property=\"article:publisher\" content=\"https:\/\/www.facebook.com\/DanbyAppliances\" \/>\n<meta property=\"article:modified_time\" content=\"2026-04-09T10:08:08+00:00\" \/>\n<meta property=\"og:image\" content=\"https:\/\/cdnweb.danby.com\/wp-content\/uploads\/sites\/2\/2023\/11\/22195734\/WC__0001_DWC114BLSDD.jpg\" \/>\n\t<meta property=\"og:image:width\" content=\"1125\" \/>\n\t<meta property=\"og:image:height\" content=\"1500\" \/>\n\t<meta property=\"og:image:type\" content=\"image\/jpeg\" \/>\n<meta name=\"twitter:card\" content=\"summary_large_image\" \/>\n<meta name=\"twitter:site\" content=\"@DanbyAppliance\" \/>\n<script type=\"application\/ld+json\" class=\"yoast-schema-graph\">{\"@context\":\"https:\/\/schema.org\",\"@graph\":[{\"@type\":[\"WebPage\",\"ItemPage\"],\"url\":\"https:\/\/www.danby.com\/fr\/products\/refroidisseurs-a-vin\/dwc114blsdd\/\",\"name\":\"Danby Designer Refroidisseur \u00e0 vin autoportant de 38 bouteilles en acier inoxydable noir - DWC114BLSDD | Danby Canada\",\"isPartOf\":[],\"primaryImageOfPage\":[],\"image\":[],\"thumbnailUrl\":\"https:\/\/www.danby.com\/fr\/wp-content\/uploads\/sites\/2\/2025\/12\/dwc114blsdd-front-on.jpg\",\"datePublished\":\"2022-02-03T19:21:53+00:00\",\"dateModified\":\"2026-04-09T10:08:08+00:00\",\"description\":\"La meilleure fa\u00e7on de refroidir et de pr\u00e9senter votre pr\u00e9cieuse collection de vins blancs et rouges est d'utiliser le refroidisseur \u00e0 vin de 4,0 pi3 de Danby Designer, pratique et \u00e0 la mode. Ce r\u00e9frig\u00e9rateur \u00e0 vin spacieux est id\u00e9al pour l'organisation de la cuisine et l'accueil dans les petits espaces comme un appartement, un condo ou un chalet ! Refroidissez jusqu'\u00e0 38 bouteilles de vos vins pr\u00e9f\u00e9r\u00e9s, ce qui constitue l'alternative parfaite au stockage de vos marques pr\u00e9f\u00e9r\u00e9es dans un r\u00e9frig\u00e9rateur d\u00e9bordant. Ce r\u00e9frig\u00e9rateur \u00e0 vin est con\u00e7u avec deux zones \u00e0 temp\u00e9rature contr\u00f4l\u00e9e qui offrent une gamme de refroidissement entre 41\u00b0F - 64\u00b0F (5\u00b0C - 18\u00b0C). Ainsi, appr\u00e9ciez de conserver votre vin blanc \u00e0 une temp\u00e9rature sp\u00e9cifique et vos rouges et ros\u00e9s \u00e0 une autre. Le cadre \u00e9l\u00e9gant en acier inoxydable et les \u00e9tag\u00e8res de rangement en fil m\u00e9tallique ajoutent de l'\u00e9l\u00e9gance \u00e0 cette unit\u00e9. De plus, votre ch\u00e8re collection de vin est \u00e9clair\u00e9e par un chic syst\u00e8me d'\u00e9clairage LED blanc, qui vous permet de voir pr\u00e9cis\u00e9ment quelle bouteille de vin vous allez d\u00e9guster ensuite. Cet appareil estim\u00e9 dispose \u00e9galement d'une poign\u00e9e de porte verticale sur toute la longueur et est dot\u00e9 d'une porte r\u00e9versible vous permettant de l'ouvrir du c\u00f4t\u00e9 gauche ou droit selon votre pr\u00e9f\u00e9rence.\",\"breadcrumb\":[],\"inLanguage\":\"fr-CA\",\"potentialAction\":[{\"@type\":\"ReadAction\",\"target\":[\"https:\/\/www.danby.com\/fr\/products\/refroidisseurs-a-vin\/dwc114blsdd\/\"]}]},{\"@type\":\"ImageObject\",\"inLanguage\":\"fr-CA\",\"url\":\"https:\/\/www.danby.com\/fr\/wp-content\/uploads\/sites\/2\/2025\/12\/dwc114blsdd-front-on.jpg\",\"contentUrl\":\"https:\/\/www.danby.com\/fr\/wp-content\/uploads\/sites\/2\/2025\/12\/dwc114blsdd-front-on.jpg\",\"width\":768,\"height\":1024},{\"@type\":\"BreadcrumbList\",\"itemListElement\":[{\"@type\":\"ListItem\",\"position\":1,\"name\":\"Home\",\"item\":\"https:\/\/www.danby.com\/fr\/\"},{\"@type\":\"ListItem\",\"position\":2,\"name\":\"Boutique\",\"item\":\"https:\/\/www.danby.com\/fr\/boutique\/\"},{\"@type\":\"ListItem\",\"position\":3,\"name\":\"Danby Designer Refroidisseur \u00e0 vin autoportant de 38 bouteilles en acier inoxydable noir\"}]},{\"@type\":\"WebSite\",\"url\":\"https:\/\/www.danby.com\/fr\/\",\"name\":\"Danby - Canada - French\",\"description\":\"Leader dans le domaine de la r\u00e9frig\u00e9ration et des appareils sp\u00e9cialis\u00e9s\",\"publisher\":[],\"potentialAction\":[{\"@type\":\"SearchAction\",\"target\":{\"@type\":\"EntryPoint\",\"urlTemplate\":\"https:\/\/www.danby.com\/fr\/?s={search_term_string}\"},\"query-input\":{\"@type\":\"PropertyValueSpecification\",\"valueRequired\":true,\"valueName\":\"search_term_string\"}}],\"inLanguage\":\"fr-CA\"},{\"@type\":\"Organization\",\"name\":\"Danby Appliances\",\"url\":\"https:\/\/www.danby.com\/fr\/\",\"logo\":{\"@type\":\"ImageObject\",\"inLanguage\":\"fr-CA\",\"url\":\"https:\/\/cdnweb.danby.com\/wp-content\/uploads\/sites\/2\/2022\/02\/10141906\/Danby75Ans_Blue.png\",\"contentUrl\":\"https:\/\/cdnweb.danby.com\/wp-content\/uploads\/sites\/2\/2022\/02\/10141906\/Danby75Ans_Blue.png\",\"width\":470,\"height\":110,\"caption\":\"Danby Appliances\"},\"image\":[],\"sameAs\":[\"https:\/\/www.facebook.com\/DanbyAppliances\",\"https:\/\/x.com\/DanbyAppliance\",\"https:\/\/instagram.com\/danbyappliances\/\",\"https:\/\/www.linkedin.com\/company\/danbyappliances\",\"https:\/\/www.pinterest.ca\/danbyappliances\/\",\"https:\/\/www.youtube.com\/user\/DanbyProducts\",\"https:\/\/en.wikipedia.org\/wiki\/Danby_(appliances)\"]}]}<\/script>\n<!-- \/ Yoast SEO plugin. -->","yoast_head_json":{"title":"Danby Designer Refroidisseur \u00e0 vin autoportant de 38 bouteilles en acier inoxydable noir - DWC114BLSDD | Danby Canada","description":"La meilleure fa\u00e7on de refroidir et de pr\u00e9senter votre pr\u00e9cieuse collection de vins blancs et rouges est d'utiliser le refroidisseur \u00e0 vin de 4,0 pi3 de Danby Designer, pratique et \u00e0 la mode. Ce r\u00e9frig\u00e9rateur \u00e0 vin spacieux est id\u00e9al pour l'organisation de la cuisine et l'accueil dans les petits espaces comme un appartement, un condo ou un chalet ! Refroidissez jusqu'\u00e0 38 bouteilles de vos vins pr\u00e9f\u00e9r\u00e9s, ce qui constitue l'alternative parfaite au stockage de vos marques pr\u00e9f\u00e9r\u00e9es dans un r\u00e9frig\u00e9rateur d\u00e9bordant. Ce r\u00e9frig\u00e9rateur \u00e0 vin est con\u00e7u avec deux zones \u00e0 temp\u00e9rature contr\u00f4l\u00e9e qui offrent une gamme de refroidissement entre 41\u00b0F - 64\u00b0F (5\u00b0C - 18\u00b0C). Ainsi, appr\u00e9ciez de conserver votre vin blanc \u00e0 une temp\u00e9rature sp\u00e9cifique et vos rouges et ros\u00e9s \u00e0 une autre. Le cadre \u00e9l\u00e9gant en acier inoxydable et les \u00e9tag\u00e8res de rangement en fil m\u00e9tallique ajoutent de l'\u00e9l\u00e9gance \u00e0 cette unit\u00e9. De plus, votre ch\u00e8re collection de vin est \u00e9clair\u00e9e par un chic syst\u00e8me d'\u00e9clairage LED blanc, qui vous permet de voir pr\u00e9cis\u00e9ment quelle bouteille de vin vous allez d\u00e9guster ensuite. Cet appareil estim\u00e9 dispose \u00e9galement d'une poign\u00e9e de porte verticale sur toute la longueur et est dot\u00e9 d'une porte r\u00e9versible vous permettant de l'ouvrir du c\u00f4t\u00e9 gauche ou droit selon votre pr\u00e9f\u00e9rence.","robots":{"index":"index","follow":"follow","max-snippet":"max-snippet:-1","max-image-preview":"max-image-preview:large","max-video-preview":"max-video-preview:-1"},"canonical":"https:\/\/www.danby.com\/fr\/products\/refroidisseurs-a-vin\/dwc114blsdd\/","og_locale":"fr_CA","og_type":"article","og_title":"Danby Designer Refroidisseur \u00e0 vin autoportant de 38 bouteilles en acier inoxydable noir - DWC114BLSDD | Danby Canada","og_description":"La meilleure fa\u00e7on de refroidir et de pr\u00e9senter votre pr\u00e9cieuse collection de vins blancs et rouges est d'utiliser le refroidisseur \u00e0 vin de 4,0 pi3 de Danby Designer, pratique et \u00e0 la mode. Ce r\u00e9frig\u00e9rateur \u00e0 vin spacieux est id\u00e9al pour l'organisation de la cuisine et l'accueil dans les petits espaces comme un appartement, un condo ou un chalet ! Refroidissez jusqu'\u00e0 38 bouteilles de vos vins pr\u00e9f\u00e9r\u00e9s, ce qui constitue l'alternative parfaite au stockage de vos marques pr\u00e9f\u00e9r\u00e9es dans un r\u00e9frig\u00e9rateur d\u00e9bordant. Ce r\u00e9frig\u00e9rateur \u00e0 vin est con\u00e7u avec deux zones \u00e0 temp\u00e9rature contr\u00f4l\u00e9e qui offrent une gamme de refroidissement entre 41\u00b0F - 64\u00b0F (5\u00b0C - 18\u00b0C). Ainsi, appr\u00e9ciez de conserver votre vin blanc \u00e0 une temp\u00e9rature sp\u00e9cifique et vos rouges et ros\u00e9s \u00e0 une autre. Le cadre \u00e9l\u00e9gant en acier inoxydable et les \u00e9tag\u00e8res de rangement en fil m\u00e9tallique ajoutent de l'\u00e9l\u00e9gance \u00e0 cette unit\u00e9. De plus, votre ch\u00e8re collection de vin est \u00e9clair\u00e9e par un chic syst\u00e8me d'\u00e9clairage LED blanc, qui vous permet de voir pr\u00e9cis\u00e9ment quelle bouteille de vin vous allez d\u00e9guster ensuite. Cet appareil estim\u00e9 dispose \u00e9galement d'une poign\u00e9e de porte verticale sur toute la longueur et est dot\u00e9 d'une porte r\u00e9versible vous permettant de l'ouvrir du c\u00f4t\u00e9 gauche ou droit selon votre pr\u00e9f\u00e9rence.","og_url":"https:\/\/www.danby.com\/fr\/products\/refroidisseurs-a-vin\/dwc114blsdd\/","og_site_name":"Danby - Canada - French","article_publisher":"https:\/\/www.facebook.com\/DanbyAppliances","article_modified_time":"2026-04-09T10:08:08+00:00","og_image":[{"width":1125,"height":1500,"url":"https:\/\/cdnweb.danby.com\/wp-content\/uploads\/sites\/2\/2023\/11\/22195734\/WC__0001_DWC114BLSDD.jpg","type":"image\/jpeg"}],"twitter_card":"summary_large_image","twitter_site":"@DanbyAppliance","schema":{"@context":"https:\/\/schema.org","@graph":[{"@type":["WebPage","ItemPage"],"url":"https:\/\/www.danby.com\/fr\/products\/refroidisseurs-a-vin\/dwc114blsdd\/","name":"Danby Designer Refroidisseur \u00e0 vin autoportant de 38 bouteilles en acier inoxydable noir - DWC114BLSDD | Danby Canada","isPartOf":[],"primaryImageOfPage":[],"image":[],"thumbnailUrl":"https:\/\/www.danby.com\/fr\/wp-content\/uploads\/sites\/2\/2025\/12\/dwc114blsdd-front-on.jpg","datePublished":"2022-02-03T19:21:53+00:00","dateModified":"2026-04-09T10:08:08+00:00","description":"La meilleure fa\u00e7on de refroidir et de pr\u00e9senter votre pr\u00e9cieuse collection de vins blancs et rouges est d'utiliser le refroidisseur \u00e0 vin de 4,0 pi3 de Danby Designer, pratique et \u00e0 la mode. Ce r\u00e9frig\u00e9rateur \u00e0 vin spacieux est id\u00e9al pour l'organisation de la cuisine et l'accueil dans les petits espaces comme un appartement, un condo ou un chalet ! Refroidissez jusqu'\u00e0 38 bouteilles de vos vins pr\u00e9f\u00e9r\u00e9s, ce qui constitue l'alternative parfaite au stockage de vos marques pr\u00e9f\u00e9r\u00e9es dans un r\u00e9frig\u00e9rateur d\u00e9bordant. Ce r\u00e9frig\u00e9rateur \u00e0 vin est con\u00e7u avec deux zones \u00e0 temp\u00e9rature contr\u00f4l\u00e9e qui offrent une gamme de refroidissement entre 41\u00b0F - 64\u00b0F (5\u00b0C - 18\u00b0C). Ainsi, appr\u00e9ciez de conserver votre vin blanc \u00e0 une temp\u00e9rature sp\u00e9cifique et vos rouges et ros\u00e9s \u00e0 une autre. Le cadre \u00e9l\u00e9gant en acier inoxydable et les \u00e9tag\u00e8res de rangement en fil m\u00e9tallique ajoutent de l'\u00e9l\u00e9gance \u00e0 cette unit\u00e9. De plus, votre ch\u00e8re collection de vin est \u00e9clair\u00e9e par un chic syst\u00e8me d'\u00e9clairage LED blanc, qui vous permet de voir pr\u00e9cis\u00e9ment quelle bouteille de vin vous allez d\u00e9guster ensuite. Cet appareil estim\u00e9 dispose \u00e9galement d'une poign\u00e9e de porte verticale sur toute la longueur et est dot\u00e9 d'une porte r\u00e9versible vous permettant de l'ouvrir du c\u00f4t\u00e9 gauche ou droit selon votre pr\u00e9f\u00e9rence.","breadcrumb":[],"inLanguage":"fr-CA","potentialAction":[{"@type":"ReadAction","target":["https:\/\/www.danby.com\/fr\/products\/refroidisseurs-a-vin\/dwc114blsdd\/"]}]},{"@type":"ImageObject","inLanguage":"fr-CA","url":"https:\/\/www.danby.com\/fr\/wp-content\/uploads\/sites\/2\/2025\/12\/dwc114blsdd-front-on.jpg","contentUrl":"https:\/\/www.danby.com\/fr\/wp-content\/uploads\/sites\/2\/2025\/12\/dwc114blsdd-front-on.jpg","width":768,"height":1024},{"@type":"BreadcrumbList","itemListElement":[{"@type":"ListItem","position":1,"name":"Home","item":"https:\/\/www.danby.com\/fr\/"},{"@type":"ListItem","position":2,"name":"Boutique","item":"https:\/\/www.danby.com\/fr\/boutique\/"},{"@type":"ListItem","position":3,"name":"Danby Designer Refroidisseur \u00e0 vin autoportant de 38 bouteilles en acier inoxydable noir"}]},{"@type":"WebSite","url":"https:\/\/www.danby.com\/fr\/","name":"Danby - Canada - French","description":"Leader dans le domaine de la r\u00e9frig\u00e9ration et des appareils sp\u00e9cialis\u00e9s","publisher":[],"potentialAction":[{"@type":"SearchAction","target":{"@type":"EntryPoint","urlTemplate":"https:\/\/www.danby.com\/fr\/?s={search_term_string}"},"query-input":{"@type":"PropertyValueSpecification","valueRequired":true,"valueName":"search_term_string"}}],"inLanguage":"fr-CA"},{"@type":"Organization","name":"Danby Appliances","url":"https:\/\/www.danby.com\/fr\/","logo":{"@type":"ImageObject","inLanguage":"fr-CA","url":"https:\/\/cdnweb.danby.com\/wp-content\/uploads\/sites\/2\/2022\/02\/10141906\/Danby75Ans_Blue.png","contentUrl":"https:\/\/cdnweb.danby.com\/wp-content\/uploads\/sites\/2\/2022\/02\/10141906\/Danby75Ans_Blue.png","width":470,"height":110,"caption":"Danby Appliances"},"image":[],"sameAs":["https:\/\/www.facebook.com\/DanbyAppliances","https:\/\/x.com\/DanbyAppliance","https:\/\/instagram.com\/danbyappliances\/","https:\/\/www.linkedin.com\/company\/danbyappliances","https:\/\/www.pinterest.ca\/danbyappliances\/","https:\/\/www.youtube.com\/user\/DanbyProducts","https:\/\/en.wikipedia.org\/wiki\/Danby_(appliances)"]}]}},"post_mailing_queue_ids":[],"_links":{"self":[{"href":"https:\/\/www.danby.com\/fr\/wp-json\/wp\/v2\/product\/5275","targetHints":{"allow":["GET"]}}],"collection":[{"href":"https:\/\/www.danby.com\/fr\/wp-json\/wp\/v2\/product"}],"about":[{"href":"https:\/\/www.danby.com\/fr\/wp-json\/wp\/v2\/types\/product"}],"replies":[{"embeddable":true,"href":"https:\/\/www.danby.com\/fr\/wp-json\/wp\/v2\/comments?post=5275"}],"wp:featuredmedia":[{"embeddable":true,"href":"https:\/\/www.danby.com\/fr\/wp-json\/wp\/v2\/media\/37578"}],"wp:attachment":[{"href":"https:\/\/www.danby.com\/fr\/wp-json\/wp\/v2\/media?parent=5275"}],"wp:term":[{"taxonomy":"product_brand","embeddable":true,"href":"https:\/\/www.danby.com\/fr\/wp-json\/wp\/v2\/product_brand?post=5275"},{"taxonomy":"product_cat","embeddable":true,"href":"https:\/\/www.danby.com\/fr\/wp-json\/wp\/v2\/product_cat?post=5275"},{"taxonomy":"product_tag","embeddable":true,"href":"https:\/\/www.danby.com\/fr\/wp-json\/wp\/v2\/product_tag?post=5275"}],"curies":[{"name":"wp","href":"https:\/\/api.w.org\/{rel}","templated":true}]}}