{"id":5272,"date":"2022-02-03T19:21:53","date_gmt":"2022-02-03T19:21:53","guid":{"rendered":"https:\/\/www.danby.com\/fr\/product\/dwc106a1bpdd\/"},"modified":"2026-04-21T10:12:44","modified_gmt":"2026-04-21T10:12:44","slug":"dwc106a1bpdd","status":"publish","type":"product","link":"https:\/\/www.danby.com\/fr\/products\/refroidisseurs-a-vin\/dwc106a1bpdd\/","title":{"rendered":"Danby Designer 75  Refroidisseurs \u00e0 vin"},"content":{"rendered":"","protected":false},"excerpt":{"rendered":"<ul>\n<li>Conservez jusqu&#8217;\u00e0 75 bouteilles de vin r\u00e9frig\u00e9r\u00e9 \u00e0 port\u00e9e de main<\/li>\n<li>Plage de temp\u00e9rature programmable de 6\u00b0C &#8211; 14\u00b0C (43\u00b0F &#8211; 57\u00b0F)<\/li>\n<li>Les \u00e9tag\u00e8res en h\u00eatre naturel offrent un aspect classique<\/li>\n<li>L&#8217;\u00e9clairage de la vitrine illumine le cabinet avec des LED bleues \u00e0 haut rendement \u00e9nerg\u00e9tique<\/li>\n<li>Porte garnie de platine<\/li>\n<\/ul>\n","protected":false},"featured_media":8226,"comment_status":"closed","ping_status":"open","template":"","meta":{"_acf_changed":false},"product_brand":[],"product_cat":[41],"product_tag":[],"class_list":{"0":"post-5272","1":"product","2":"type-product","3":"status-publish","4":"has-post-thumbnail","6":"product_cat-refroidisseurs-a-vin","7":"pa_couleur-black","8":"pa_duree-de-la-garantie-en-mois-1170","10":"first","11":"outofstock","12":"taxable","13":"shipping-taxable","14":"product-type-simple"},"acf":[],"yoast_head":"<!-- This site is optimized with the Yoast SEO plugin v26.7 - https:\/\/yoast.com\/wordpress\/plugins\/seo\/ -->\n<title>Danby Designer 75 Refroidisseurs \u00e0 vin - DWC106A1BPDD | Danby Canada<\/title>\n<meta name=\"description\" content=\"Cette cave \u00e0 vin Danby Designer de la classe ex\u00e9cutive est la un moyen id\u00e9al de mettre en valeur votre pr\u00e9cieuse collection de vins, car elle peut \u00eatre stock\u00e9e et r\u00e9frig\u00e9r\u00e9e jusqu&#039;\u00e0 75 bouteilles de vos pr\u00e9f\u00e9r\u00e9s avec son impressionnante capacit\u00e9 de 10,6 pieds cubes. Le superbe coffret enti\u00e8rement noir et la porte garnie de platine ajoutent de l&#039;\u00e9l\u00e9gance \u00e0 tout tandis que la lumi\u00e8re bleue int\u00e9rieure \u00e9claire votre collection sans la chaleur d&#039;une ampoule \u00e0 incandescence. La LED bleue, facile d&#039;acc\u00e8s le thermostat num\u00e9rique vous permet de programmer rapidement et facilement l&#039;int\u00e9rieur la temp\u00e9rature se situe pr\u00e9cis\u00e9ment entre 43\u00b0F et 57\u00b0F (6\u00b0C et 14\u00b0C). Les bouteilles de vin sont stock\u00e9s en douceur et accessibles sur des \u00e9tag\u00e8res \u00e0 roulettes de 8,5 pouces, recouvertes de bois de h\u00eatre des unit\u00e9s pour limiter l&#039;agitation. Il y a aussi un syst\u00e8me \u00e0 deux niveaux, amovible et d\u00e9cal\u00e9 une \u00e9tag\u00e8re en bois de h\u00eatre et une belle porte en verre tremp\u00e9 teint\u00e9 pour garder les les rayons ultraviolets \u00e0 l&#039;\u00e9cart. Cette unit\u00e9 intelligente est \u00e9galement dot\u00e9e d&#039;une porte r\u00e9versible tr\u00e8s pratique Le balancier peut \u00eatre r\u00e9gl\u00e9 pour une ouverture \u00e0 gauche ou \u00e0 droite. La grimace populaire Le refroidisseur est garanti 18 mois sur les pi\u00e8ces et la main d&#039;\u0153uvre avec des service \u00e0 domicile. Traduit avec www.DeepL.com\/Translator (version gratuite)\" \/>\n<meta name=\"robots\" content=\"index, follow, max-snippet:-1, max-image-preview:large, max-video-preview:-1\" \/>\n<link rel=\"canonical\" href=\"https:\/\/www.danby.com\/fr\/products\/refroidisseurs-a-vin\/dwc106a1bpdd\/\" \/>\n<meta property=\"og:locale\" content=\"fr_CA\" \/>\n<meta property=\"og:type\" content=\"article\" \/>\n<meta property=\"og:title\" content=\"Danby Designer 75 Refroidisseurs \u00e0 vin - DWC106A1BPDD | Danby Canada\" \/>\n<meta property=\"og:description\" content=\"Cette cave \u00e0 vin Danby Designer de la classe ex\u00e9cutive est la un moyen id\u00e9al de mettre en valeur votre pr\u00e9cieuse collection de vins, car elle peut \u00eatre stock\u00e9e et r\u00e9frig\u00e9r\u00e9e jusqu&#039;\u00e0 75 bouteilles de vos pr\u00e9f\u00e9r\u00e9s avec son impressionnante capacit\u00e9 de 10,6 pieds cubes. Le superbe coffret enti\u00e8rement noir et la porte garnie de platine ajoutent de l&#039;\u00e9l\u00e9gance \u00e0 tout tandis que la lumi\u00e8re bleue int\u00e9rieure \u00e9claire votre collection sans la chaleur d&#039;une ampoule \u00e0 incandescence. La LED bleue, facile d&#039;acc\u00e8s le thermostat num\u00e9rique vous permet de programmer rapidement et facilement l&#039;int\u00e9rieur la temp\u00e9rature se situe pr\u00e9cis\u00e9ment entre 43\u00b0F et 57\u00b0F (6\u00b0C et 14\u00b0C). Les bouteilles de vin sont stock\u00e9s en douceur et accessibles sur des \u00e9tag\u00e8res \u00e0 roulettes de 8,5 pouces, recouvertes de bois de h\u00eatre des unit\u00e9s pour limiter l&#039;agitation. Il y a aussi un syst\u00e8me \u00e0 deux niveaux, amovible et d\u00e9cal\u00e9 une \u00e9tag\u00e8re en bois de h\u00eatre et une belle porte en verre tremp\u00e9 teint\u00e9 pour garder les les rayons ultraviolets \u00e0 l&#039;\u00e9cart. Cette unit\u00e9 intelligente est \u00e9galement dot\u00e9e d&#039;une porte r\u00e9versible tr\u00e8s pratique Le balancier peut \u00eatre r\u00e9gl\u00e9 pour une ouverture \u00e0 gauche ou \u00e0 droite. La grimace populaire Le refroidisseur est garanti 18 mois sur les pi\u00e8ces et la main d&#039;\u0153uvre avec des service \u00e0 domicile. Traduit avec www.DeepL.com\/Translator (version gratuite)\" \/>\n<meta property=\"og:url\" content=\"https:\/\/www.danby.com\/fr\/products\/refroidisseurs-a-vin\/dwc106a1bpdd\/\" \/>\n<meta property=\"og:site_name\" content=\"Danby - Canada - French\" \/>\n<meta property=\"article:publisher\" content=\"https:\/\/www.facebook.com\/DanbyAppliances\" \/>\n<meta property=\"article:modified_time\" content=\"2026-04-21T10:12:44+00:00\" \/>\n<meta property=\"og:image\" content=\"https:\/\/cdnweb.danby.com\/wp-content\/uploads\/sites\/2\/2022\/02\/08203013\/Medium-DWC106A1BPDD.jpg\" \/>\n\t<meta property=\"og:image:width\" content=\"300\" \/>\n\t<meta property=\"og:image:height\" content=\"272\" \/>\n\t<meta property=\"og:image:type\" content=\"image\/jpeg\" \/>\n<meta name=\"twitter:card\" content=\"summary_large_image\" \/>\n<meta name=\"twitter:site\" content=\"@DanbyAppliance\" \/>\n<script type=\"application\/ld+json\" class=\"yoast-schema-graph\">{\"@context\":\"https:\/\/schema.org\",\"@graph\":[{\"@type\":[\"WebPage\",\"ItemPage\"],\"url\":\"https:\/\/www.danby.com\/fr\/products\/refroidisseurs-a-vin\/dwc106a1bpdd\/\",\"name\":\"Danby Designer 75 Refroidisseurs \u00e0 vin - DWC106A1BPDD | Danby Canada\",\"isPartOf\":[],\"primaryImageOfPage\":[],\"image\":[],\"thumbnailUrl\":\"https:\/\/cdnweb.danby.com\/wp-content\/uploads\/sites\/2\/2022\/02\/08203013\/Medium-DWC106A1BPDD.jpg\",\"datePublished\":\"2022-02-03T19:21:53+00:00\",\"dateModified\":\"2026-04-21T10:12:44+00:00\",\"description\":\"Cette cave \u00e0 vin Danby Designer de la classe ex\u00e9cutive est la un moyen id\u00e9al de mettre en valeur votre pr\u00e9cieuse collection de vins, car elle peut \u00eatre stock\u00e9e et r\u00e9frig\u00e9r\u00e9e jusqu'\u00e0 75 bouteilles de vos pr\u00e9f\u00e9r\u00e9s avec son impressionnante capacit\u00e9 de 10,6 pieds cubes. Le superbe coffret enti\u00e8rement noir et la porte garnie de platine ajoutent de l'\u00e9l\u00e9gance \u00e0 tout tandis que la lumi\u00e8re bleue int\u00e9rieure \u00e9claire votre collection sans la chaleur d'une ampoule \u00e0 incandescence. La LED bleue, facile d'acc\u00e8s le thermostat num\u00e9rique vous permet de programmer rapidement et facilement l'int\u00e9rieur la temp\u00e9rature se situe pr\u00e9cis\u00e9ment entre 43\u00b0F et 57\u00b0F (6\u00b0C et 14\u00b0C). Les bouteilles de vin sont stock\u00e9s en douceur et accessibles sur des \u00e9tag\u00e8res \u00e0 roulettes de 8,5 pouces, recouvertes de bois de h\u00eatre des unit\u00e9s pour limiter l'agitation. Il y a aussi un syst\u00e8me \u00e0 deux niveaux, amovible et d\u00e9cal\u00e9 une \u00e9tag\u00e8re en bois de h\u00eatre et une belle porte en verre tremp\u00e9 teint\u00e9 pour garder les les rayons ultraviolets \u00e0 l'\u00e9cart. Cette unit\u00e9 intelligente est \u00e9galement dot\u00e9e d'une porte r\u00e9versible tr\u00e8s pratique Le balancier peut \u00eatre r\u00e9gl\u00e9 pour une ouverture \u00e0 gauche ou \u00e0 droite. La grimace populaire Le refroidisseur est garanti 18 mois sur les pi\u00e8ces et la main d'\u0153uvre avec des service \u00e0 domicile. Traduit avec www.DeepL.com\/Translator (version gratuite)\",\"breadcrumb\":[],\"inLanguage\":\"fr-CA\",\"potentialAction\":[{\"@type\":\"ReadAction\",\"target\":[\"https:\/\/www.danby.com\/fr\/products\/refroidisseurs-a-vin\/dwc106a1bpdd\/\"]}]},{\"@type\":\"ImageObject\",\"inLanguage\":\"fr-CA\",\"url\":\"https:\/\/cdnweb.danby.com\/wp-content\/uploads\/sites\/2\/2022\/02\/08203013\/Medium-DWC106A1BPDD.jpg\",\"contentUrl\":\"https:\/\/cdnweb.danby.com\/wp-content\/uploads\/sites\/2\/2022\/02\/08203013\/Medium-DWC106A1BPDD.jpg\",\"width\":300,\"height\":272},{\"@type\":\"BreadcrumbList\",\"itemListElement\":[{\"@type\":\"ListItem\",\"position\":1,\"name\":\"Home\",\"item\":\"https:\/\/www.danby.com\/fr\/\"},{\"@type\":\"ListItem\",\"position\":2,\"name\":\"Boutique\",\"item\":\"https:\/\/www.danby.com\/fr\/boutique\/\"},{\"@type\":\"ListItem\",\"position\":3,\"name\":\"Danby Designer 75 Refroidisseurs \u00e0 vin\"}]},{\"@type\":\"WebSite\",\"url\":\"https:\/\/www.danby.com\/fr\/\",\"name\":\"Danby - Canada - French\",\"description\":\"Leader dans le domaine de la r\u00e9frig\u00e9ration et des appareils sp\u00e9cialis\u00e9s\",\"publisher\":[],\"potentialAction\":[{\"@type\":\"SearchAction\",\"target\":{\"@type\":\"EntryPoint\",\"urlTemplate\":\"https:\/\/www.danby.com\/fr\/?s={search_term_string}\"},\"query-input\":{\"@type\":\"PropertyValueSpecification\",\"valueRequired\":true,\"valueName\":\"search_term_string\"}}],\"inLanguage\":\"fr-CA\"},{\"@type\":\"Organization\",\"name\":\"Danby Appliances\",\"url\":\"https:\/\/www.danby.com\/fr\/\",\"logo\":{\"@type\":\"ImageObject\",\"inLanguage\":\"fr-CA\",\"url\":\"https:\/\/cdnweb.danby.com\/wp-content\/uploads\/sites\/2\/2022\/02\/10141906\/Danby75Ans_Blue.png\",\"contentUrl\":\"https:\/\/cdnweb.danby.com\/wp-content\/uploads\/sites\/2\/2022\/02\/10141906\/Danby75Ans_Blue.png\",\"width\":470,\"height\":110,\"caption\":\"Danby Appliances\"},\"image\":[],\"sameAs\":[\"https:\/\/www.facebook.com\/DanbyAppliances\",\"https:\/\/x.com\/DanbyAppliance\",\"https:\/\/instagram.com\/danbyappliances\/\",\"https:\/\/www.linkedin.com\/company\/danbyappliances\",\"https:\/\/www.pinterest.ca\/danbyappliances\/\",\"https:\/\/www.youtube.com\/user\/DanbyProducts\",\"https:\/\/en.wikipedia.org\/wiki\/Danby_(appliances)\"]}]}<\/script>\n<!-- \/ Yoast SEO plugin. -->","yoast_head_json":{"title":"Danby Designer 75 Refroidisseurs \u00e0 vin - DWC106A1BPDD | Danby Canada","description":"Cette cave \u00e0 vin Danby Designer de la classe ex\u00e9cutive est la un moyen id\u00e9al de mettre en valeur votre pr\u00e9cieuse collection de vins, car elle peut \u00eatre stock\u00e9e et r\u00e9frig\u00e9r\u00e9e jusqu'\u00e0 75 bouteilles de vos pr\u00e9f\u00e9r\u00e9s avec son impressionnante capacit\u00e9 de 10,6 pieds cubes. Le superbe coffret enti\u00e8rement noir et la porte garnie de platine ajoutent de l'\u00e9l\u00e9gance \u00e0 tout tandis que la lumi\u00e8re bleue int\u00e9rieure \u00e9claire votre collection sans la chaleur d'une ampoule \u00e0 incandescence. La LED bleue, facile d'acc\u00e8s le thermostat num\u00e9rique vous permet de programmer rapidement et facilement l'int\u00e9rieur la temp\u00e9rature se situe pr\u00e9cis\u00e9ment entre 43\u00b0F et 57\u00b0F (6\u00b0C et 14\u00b0C). Les bouteilles de vin sont stock\u00e9s en douceur et accessibles sur des \u00e9tag\u00e8res \u00e0 roulettes de 8,5 pouces, recouvertes de bois de h\u00eatre des unit\u00e9s pour limiter l'agitation. Il y a aussi un syst\u00e8me \u00e0 deux niveaux, amovible et d\u00e9cal\u00e9 une \u00e9tag\u00e8re en bois de h\u00eatre et une belle porte en verre tremp\u00e9 teint\u00e9 pour garder les les rayons ultraviolets \u00e0 l'\u00e9cart. Cette unit\u00e9 intelligente est \u00e9galement dot\u00e9e d'une porte r\u00e9versible tr\u00e8s pratique Le balancier peut \u00eatre r\u00e9gl\u00e9 pour une ouverture \u00e0 gauche ou \u00e0 droite. La grimace populaire Le refroidisseur est garanti 18 mois sur les pi\u00e8ces et la main d'\u0153uvre avec des service \u00e0 domicile. Traduit avec www.DeepL.com\/Translator (version gratuite)","robots":{"index":"index","follow":"follow","max-snippet":"max-snippet:-1","max-image-preview":"max-image-preview:large","max-video-preview":"max-video-preview:-1"},"canonical":"https:\/\/www.danby.com\/fr\/products\/refroidisseurs-a-vin\/dwc106a1bpdd\/","og_locale":"fr_CA","og_type":"article","og_title":"Danby Designer 75 Refroidisseurs \u00e0 vin - DWC106A1BPDD | Danby Canada","og_description":"Cette cave \u00e0 vin Danby Designer de la classe ex\u00e9cutive est la un moyen id\u00e9al de mettre en valeur votre pr\u00e9cieuse collection de vins, car elle peut \u00eatre stock\u00e9e et r\u00e9frig\u00e9r\u00e9e jusqu'\u00e0 75 bouteilles de vos pr\u00e9f\u00e9r\u00e9s avec son impressionnante capacit\u00e9 de 10,6 pieds cubes. Le superbe coffret enti\u00e8rement noir et la porte garnie de platine ajoutent de l'\u00e9l\u00e9gance \u00e0 tout tandis que la lumi\u00e8re bleue int\u00e9rieure \u00e9claire votre collection sans la chaleur d'une ampoule \u00e0 incandescence. La LED bleue, facile d'acc\u00e8s le thermostat num\u00e9rique vous permet de programmer rapidement et facilement l'int\u00e9rieur la temp\u00e9rature se situe pr\u00e9cis\u00e9ment entre 43\u00b0F et 57\u00b0F (6\u00b0C et 14\u00b0C). Les bouteilles de vin sont stock\u00e9s en douceur et accessibles sur des \u00e9tag\u00e8res \u00e0 roulettes de 8,5 pouces, recouvertes de bois de h\u00eatre des unit\u00e9s pour limiter l'agitation. Il y a aussi un syst\u00e8me \u00e0 deux niveaux, amovible et d\u00e9cal\u00e9 une \u00e9tag\u00e8re en bois de h\u00eatre et une belle porte en verre tremp\u00e9 teint\u00e9 pour garder les les rayons ultraviolets \u00e0 l'\u00e9cart. Cette unit\u00e9 intelligente est \u00e9galement dot\u00e9e d'une porte r\u00e9versible tr\u00e8s pratique Le balancier peut \u00eatre r\u00e9gl\u00e9 pour une ouverture \u00e0 gauche ou \u00e0 droite. La grimace populaire Le refroidisseur est garanti 18 mois sur les pi\u00e8ces et la main d'\u0153uvre avec des service \u00e0 domicile. Traduit avec www.DeepL.com\/Translator (version gratuite)","og_url":"https:\/\/www.danby.com\/fr\/products\/refroidisseurs-a-vin\/dwc106a1bpdd\/","og_site_name":"Danby - Canada - French","article_publisher":"https:\/\/www.facebook.com\/DanbyAppliances","article_modified_time":"2026-04-21T10:12:44+00:00","og_image":[{"width":300,"height":272,"url":"https:\/\/cdnweb.danby.com\/wp-content\/uploads\/sites\/2\/2022\/02\/08203013\/Medium-DWC106A1BPDD.jpg","type":"image\/jpeg"}],"twitter_card":"summary_large_image","twitter_site":"@DanbyAppliance","schema":{"@context":"https:\/\/schema.org","@graph":[{"@type":["WebPage","ItemPage"],"url":"https:\/\/www.danby.com\/fr\/products\/refroidisseurs-a-vin\/dwc106a1bpdd\/","name":"Danby Designer 75 Refroidisseurs \u00e0 vin - DWC106A1BPDD | Danby Canada","isPartOf":[],"primaryImageOfPage":[],"image":[],"thumbnailUrl":"https:\/\/cdnweb.danby.com\/wp-content\/uploads\/sites\/2\/2022\/02\/08203013\/Medium-DWC106A1BPDD.jpg","datePublished":"2022-02-03T19:21:53+00:00","dateModified":"2026-04-21T10:12:44+00:00","description":"Cette cave \u00e0 vin Danby Designer de la classe ex\u00e9cutive est la un moyen id\u00e9al de mettre en valeur votre pr\u00e9cieuse collection de vins, car elle peut \u00eatre stock\u00e9e et r\u00e9frig\u00e9r\u00e9e jusqu'\u00e0 75 bouteilles de vos pr\u00e9f\u00e9r\u00e9s avec son impressionnante capacit\u00e9 de 10,6 pieds cubes. Le superbe coffret enti\u00e8rement noir et la porte garnie de platine ajoutent de l'\u00e9l\u00e9gance \u00e0 tout tandis que la lumi\u00e8re bleue int\u00e9rieure \u00e9claire votre collection sans la chaleur d'une ampoule \u00e0 incandescence. La LED bleue, facile d'acc\u00e8s le thermostat num\u00e9rique vous permet de programmer rapidement et facilement l'int\u00e9rieur la temp\u00e9rature se situe pr\u00e9cis\u00e9ment entre 43\u00b0F et 57\u00b0F (6\u00b0C et 14\u00b0C). Les bouteilles de vin sont stock\u00e9s en douceur et accessibles sur des \u00e9tag\u00e8res \u00e0 roulettes de 8,5 pouces, recouvertes de bois de h\u00eatre des unit\u00e9s pour limiter l'agitation. Il y a aussi un syst\u00e8me \u00e0 deux niveaux, amovible et d\u00e9cal\u00e9 une \u00e9tag\u00e8re en bois de h\u00eatre et une belle porte en verre tremp\u00e9 teint\u00e9 pour garder les les rayons ultraviolets \u00e0 l'\u00e9cart. Cette unit\u00e9 intelligente est \u00e9galement dot\u00e9e d'une porte r\u00e9versible tr\u00e8s pratique Le balancier peut \u00eatre r\u00e9gl\u00e9 pour une ouverture \u00e0 gauche ou \u00e0 droite. La grimace populaire Le refroidisseur est garanti 18 mois sur les pi\u00e8ces et la main d'\u0153uvre avec des service \u00e0 domicile. Traduit avec www.DeepL.com\/Translator (version gratuite)","breadcrumb":[],"inLanguage":"fr-CA","potentialAction":[{"@type":"ReadAction","target":["https:\/\/www.danby.com\/fr\/products\/refroidisseurs-a-vin\/dwc106a1bpdd\/"]}]},{"@type":"ImageObject","inLanguage":"fr-CA","url":"https:\/\/cdnweb.danby.com\/wp-content\/uploads\/sites\/2\/2022\/02\/08203013\/Medium-DWC106A1BPDD.jpg","contentUrl":"https:\/\/cdnweb.danby.com\/wp-content\/uploads\/sites\/2\/2022\/02\/08203013\/Medium-DWC106A1BPDD.jpg","width":300,"height":272},{"@type":"BreadcrumbList","itemListElement":[{"@type":"ListItem","position":1,"name":"Home","item":"https:\/\/www.danby.com\/fr\/"},{"@type":"ListItem","position":2,"name":"Boutique","item":"https:\/\/www.danby.com\/fr\/boutique\/"},{"@type":"ListItem","position":3,"name":"Danby Designer 75 Refroidisseurs \u00e0 vin"}]},{"@type":"WebSite","url":"https:\/\/www.danby.com\/fr\/","name":"Danby - Canada - French","description":"Leader dans le domaine de la r\u00e9frig\u00e9ration et des appareils sp\u00e9cialis\u00e9s","publisher":[],"potentialAction":[{"@type":"SearchAction","target":{"@type":"EntryPoint","urlTemplate":"https:\/\/www.danby.com\/fr\/?s={search_term_string}"},"query-input":{"@type":"PropertyValueSpecification","valueRequired":true,"valueName":"search_term_string"}}],"inLanguage":"fr-CA"},{"@type":"Organization","name":"Danby Appliances","url":"https:\/\/www.danby.com\/fr\/","logo":{"@type":"ImageObject","inLanguage":"fr-CA","url":"https:\/\/cdnweb.danby.com\/wp-content\/uploads\/sites\/2\/2022\/02\/10141906\/Danby75Ans_Blue.png","contentUrl":"https:\/\/cdnweb.danby.com\/wp-content\/uploads\/sites\/2\/2022\/02\/10141906\/Danby75Ans_Blue.png","width":470,"height":110,"caption":"Danby Appliances"},"image":[],"sameAs":["https:\/\/www.facebook.com\/DanbyAppliances","https:\/\/x.com\/DanbyAppliance","https:\/\/instagram.com\/danbyappliances\/","https:\/\/www.linkedin.com\/company\/danbyappliances","https:\/\/www.pinterest.ca\/danbyappliances\/","https:\/\/www.youtube.com\/user\/DanbyProducts","https:\/\/en.wikipedia.org\/wiki\/Danby_(appliances)"]}]}},"post_mailing_queue_ids":[],"_links":{"self":[{"href":"https:\/\/www.danby.com\/fr\/wp-json\/wp\/v2\/product\/5272","targetHints":{"allow":["GET"]}}],"collection":[{"href":"https:\/\/www.danby.com\/fr\/wp-json\/wp\/v2\/product"}],"about":[{"href":"https:\/\/www.danby.com\/fr\/wp-json\/wp\/v2\/types\/product"}],"replies":[{"embeddable":true,"href":"https:\/\/www.danby.com\/fr\/wp-json\/wp\/v2\/comments?post=5272"}],"wp:featuredmedia":[{"embeddable":true,"href":"https:\/\/www.danby.com\/fr\/wp-json\/wp\/v2\/media\/8226"}],"wp:attachment":[{"href":"https:\/\/www.danby.com\/fr\/wp-json\/wp\/v2\/media?parent=5272"}],"wp:term":[{"taxonomy":"product_brand","embeddable":true,"href":"https:\/\/www.danby.com\/fr\/wp-json\/wp\/v2\/product_brand?post=5272"},{"taxonomy":"product_cat","embeddable":true,"href":"https:\/\/www.danby.com\/fr\/wp-json\/wp\/v2\/product_cat?post=5272"},{"taxonomy":"product_tag","embeddable":true,"href":"https:\/\/www.danby.com\/fr\/wp-json\/wp\/v2\/product_tag?post=5272"}],"curies":[{"name":"wp","href":"https:\/\/api.w.org\/{rel}","templated":true}]}}