{"id":5267,"date":"2022-02-03T19:21:40","date_gmt":"2022-02-03T19:21:40","guid":{"rendered":"https:\/\/www.danby.com\/fr\/product\/dwc036a2bdb-6\/"},"modified":"2026-04-08T10:08:06","modified_gmt":"2026-04-08T10:08:06","slug":"dwc036a2bdb-6","status":"publish","type":"product","link":"https:\/\/www.danby.com\/fr\/products\/refroidisseurs-a-vin\/dwc036a2bdb-6\/","title":{"rendered":"Danby Refroidisseur \u00e0 vin autoportant de 36 bouteilles en Noir"},"content":{"rendered":"","protected":false},"excerpt":{"rendered":"<ul>\n<li>Gardez jusqu&#8217;\u00e0 36 bouteilles de vin frais \u00e0 port\u00e9e de main.<\/li>\n<li>Convient aux vins rouges ou blancs ; temp\u00e9rature de consigne entre 6\u00b0C et 14\u00b0C (43\u00b0F et 57\u00b0F).<\/li>\n<li>\u00c9l\u00e9gant refroidisseur \u00e0 vin enti\u00e8rement noir avec cadre de porte brillant et verre fum\u00e9.<\/li>\n<li>Plan de travail int\u00e9gr\u00e9 avec charni\u00e8re cach\u00e9e.<\/li>\n<li>Un \u00e9clairage de vitrine illumine l&#8217;armoire gr\u00e2ce \u00e0 des LED bleues \u00e0 faible consommation d&#8217;\u00e9nergie.<\/li>\n<li>Les \u00e9tag\u00e8res m\u00e9talliques r\u00e9glables peuvent \u00eatre repositionn\u00e9es pour s&#8217;adapter \u00e0 des bouteilles de diff\u00e9rents diam\u00e8tres.<\/li>\n<li>Poign\u00e9e de porte sans soudure sur toute la longueur et charni\u00e8re de porte r\u00e9versible permettant d&#8217;ouvrir la porte \u00e0 gauche ou \u00e0 droite.<\/li>\n<li>Le thermostat revient au dernier r\u00e9glage de temp\u00e9rature apr\u00e8s une coupure de courant et comprend des alarmes de temp\u00e9rature et d&#8217;entreb\u00e2illement de porte.<\/li>\n<\/ul>\n","protected":false},"featured_media":25764,"comment_status":"closed","ping_status":"closed","template":"","meta":{"_acf_changed":false},"product_brand":[],"product_cat":[41],"product_tag":[],"class_list":{"0":"post-5267","1":"product","2":"type-product","3":"status-publish","4":"has-post-thumbnail","6":"product_cat-refroidisseurs-a-vin","8":"first","9":"instock","10":"taxable","11":"shipping-taxable","12":"purchasable","13":"product-type-simple"},"acf":[],"yoast_head":"<!-- This site is optimized with the Yoast SEO plugin v26.7 - https:\/\/yoast.com\/wordpress\/plugins\/seo\/ -->\n<title>Danby Refroidisseur \u00e0 vin autoportant de 36 bouteilles en Noir - DWC036A2BDB-6 | Danby Canada<\/title>\n<meta name=\"description\" content=\"La meilleure fa\u00e7on de conserver et de refroidir votre pr\u00e9cieuse collection de vins est d&#039;opter pour le refroidisseur \u00e0 vin autonome, pratique et \u00e0 la mode de Danby. Cette unit\u00e9 spacieuse est con\u00e7ue pour stocker jusqu&#039;\u00e0 36 bouteilles de vos vins pr\u00e9f\u00e9r\u00e9s sur des \u00e9tag\u00e8res m\u00e9talliques noires attrayantes. L&#039;\u00e9clairage int\u00e9rieur \u00e0 LED bleues met magnifiquement en valeur les bouteilles \u00e0 travers une \u00e9l\u00e9gante porte en verre tremp\u00e9 con\u00e7ue pour prot\u00e9ger votre collection des rayons ultraviolets potentiellement nocifs et l&#039;expose avec une sophistication pure. La temp\u00e9rature du refroidisseur de vin se maintient entre 6\u00b0C et 14\u00b0C (43\u00b0F et 57\u00b0F), ce qui garantit que les bouteilles seront toujours \u00e0 la temp\u00e9rature pr\u00e9f\u00e9r\u00e9e. Cet appareil est dot\u00e9 d&#039;une poign\u00e9e de style poche discr\u00e8te et d&#039;un design arri\u00e8re lisse pour permettre l&#039;installation au ras d&#039;un mur. La porte r\u00e9versible tr\u00e8s pratique vous permet de l&#039;ouvrir du c\u00f4t\u00e9 gauche ou du c\u00f4t\u00e9 droit. Il b\u00e9n\u00e9ficie d&#039;une garantie de 12 mois sur les pi\u00e8ces et la main-d&#039;\u0153uvre avec un service \u00e0 domicile.\" \/>\n<meta name=\"robots\" content=\"index, follow, max-snippet:-1, max-image-preview:large, max-video-preview:-1\" \/>\n<link rel=\"canonical\" href=\"https:\/\/www.danby.com\/fr\/products\/refroidisseurs-a-vin\/dwc036a2bdb-6\/\" \/>\n<meta property=\"og:locale\" content=\"fr_CA\" \/>\n<meta property=\"og:type\" content=\"article\" \/>\n<meta property=\"og:title\" content=\"Danby Refroidisseur \u00e0 vin autoportant de 36 bouteilles en Noir - DWC036A2BDB-6 | Danby Canada\" \/>\n<meta property=\"og:description\" content=\"La meilleure fa\u00e7on de conserver et de refroidir votre pr\u00e9cieuse collection de vins est d&#039;opter pour le refroidisseur \u00e0 vin autonome, pratique et \u00e0 la mode de Danby. Cette unit\u00e9 spacieuse est con\u00e7ue pour stocker jusqu&#039;\u00e0 36 bouteilles de vos vins pr\u00e9f\u00e9r\u00e9s sur des \u00e9tag\u00e8res m\u00e9talliques noires attrayantes. L&#039;\u00e9clairage int\u00e9rieur \u00e0 LED bleues met magnifiquement en valeur les bouteilles \u00e0 travers une \u00e9l\u00e9gante porte en verre tremp\u00e9 con\u00e7ue pour prot\u00e9ger votre collection des rayons ultraviolets potentiellement nocifs et l&#039;expose avec une sophistication pure. La temp\u00e9rature du refroidisseur de vin se maintient entre 6\u00b0C et 14\u00b0C (43\u00b0F et 57\u00b0F), ce qui garantit que les bouteilles seront toujours \u00e0 la temp\u00e9rature pr\u00e9f\u00e9r\u00e9e. Cet appareil est dot\u00e9 d&#039;une poign\u00e9e de style poche discr\u00e8te et d&#039;un design arri\u00e8re lisse pour permettre l&#039;installation au ras d&#039;un mur. La porte r\u00e9versible tr\u00e8s pratique vous permet de l&#039;ouvrir du c\u00f4t\u00e9 gauche ou du c\u00f4t\u00e9 droit. Il b\u00e9n\u00e9ficie d&#039;une garantie de 12 mois sur les pi\u00e8ces et la main-d&#039;\u0153uvre avec un service \u00e0 domicile.\" \/>\n<meta property=\"og:url\" content=\"https:\/\/www.danby.com\/fr\/products\/refroidisseurs-a-vin\/dwc036a2bdb-6\/\" \/>\n<meta property=\"og:site_name\" content=\"Danby - Canada - French\" \/>\n<meta property=\"article:publisher\" content=\"https:\/\/www.facebook.com\/DanbyAppliances\" \/>\n<meta property=\"article:modified_time\" content=\"2026-04-08T10:08:06+00:00\" \/>\n<meta property=\"og:image\" content=\"https:\/\/cdnweb.danby.com\/wp-content\/uploads\/sites\/2\/2023\/11\/22194131\/WC__0010_DWC036A2BDB-6.jpg\" \/>\n\t<meta property=\"og:image:width\" content=\"1125\" \/>\n\t<meta property=\"og:image:height\" content=\"1500\" \/>\n\t<meta property=\"og:image:type\" content=\"image\/jpeg\" \/>\n<meta name=\"twitter:card\" content=\"summary_large_image\" \/>\n<meta name=\"twitter:site\" content=\"@DanbyAppliance\" \/>\n<script type=\"application\/ld+json\" class=\"yoast-schema-graph\">{\"@context\":\"https:\/\/schema.org\",\"@graph\":[{\"@type\":[\"WebPage\",\"ItemPage\"],\"url\":\"https:\/\/www.danby.com\/fr\/products\/refroidisseurs-a-vin\/dwc036a2bdb-6\/\",\"name\":\"Danby Refroidisseur \u00e0 vin autoportant de 36 bouteilles en Noir - DWC036A2BDB-6 | Danby Canada\",\"isPartOf\":[],\"primaryImageOfPage\":[],\"image\":[],\"thumbnailUrl\":\"https:\/\/cdnweb.danby.com\/wp-content\/uploads\/sites\/2\/2023\/11\/22194131\/WC__0010_DWC036A2BDB-6.jpg\",\"datePublished\":\"2022-02-03T19:21:40+00:00\",\"dateModified\":\"2026-04-08T10:08:06+00:00\",\"description\":\"La meilleure fa\u00e7on de conserver et de refroidir votre pr\u00e9cieuse collection de vins est d'opter pour le refroidisseur \u00e0 vin autonome, pratique et \u00e0 la mode de Danby. Cette unit\u00e9 spacieuse est con\u00e7ue pour stocker jusqu'\u00e0 36 bouteilles de vos vins pr\u00e9f\u00e9r\u00e9s sur des \u00e9tag\u00e8res m\u00e9talliques noires attrayantes. L'\u00e9clairage int\u00e9rieur \u00e0 LED bleues met magnifiquement en valeur les bouteilles \u00e0 travers une \u00e9l\u00e9gante porte en verre tremp\u00e9 con\u00e7ue pour prot\u00e9ger votre collection des rayons ultraviolets potentiellement nocifs et l'expose avec une sophistication pure. La temp\u00e9rature du refroidisseur de vin se maintient entre 6\u00b0C et 14\u00b0C (43\u00b0F et 57\u00b0F), ce qui garantit que les bouteilles seront toujours \u00e0 la temp\u00e9rature pr\u00e9f\u00e9r\u00e9e. Cet appareil est dot\u00e9 d'une poign\u00e9e de style poche discr\u00e8te et d'un design arri\u00e8re lisse pour permettre l'installation au ras d'un mur. La porte r\u00e9versible tr\u00e8s pratique vous permet de l'ouvrir du c\u00f4t\u00e9 gauche ou du c\u00f4t\u00e9 droit. Il b\u00e9n\u00e9ficie d'une garantie de 12 mois sur les pi\u00e8ces et la main-d'\u0153uvre avec un service \u00e0 domicile.\",\"breadcrumb\":[],\"inLanguage\":\"fr-CA\",\"potentialAction\":[{\"@type\":\"ReadAction\",\"target\":[\"https:\/\/www.danby.com\/fr\/products\/refroidisseurs-a-vin\/dwc036a2bdb-6\/\"]}]},{\"@type\":\"ImageObject\",\"inLanguage\":\"fr-CA\",\"url\":\"https:\/\/cdnweb.danby.com\/wp-content\/uploads\/sites\/2\/2023\/11\/22194131\/WC__0010_DWC036A2BDB-6.jpg\",\"contentUrl\":\"https:\/\/cdnweb.danby.com\/wp-content\/uploads\/sites\/2\/2023\/11\/22194131\/WC__0010_DWC036A2BDB-6.jpg\",\"width\":1125,\"height\":1500},{\"@type\":\"BreadcrumbList\",\"itemListElement\":[{\"@type\":\"ListItem\",\"position\":1,\"name\":\"Home\",\"item\":\"https:\/\/www.danby.com\/fr\/\"},{\"@type\":\"ListItem\",\"position\":2,\"name\":\"Boutique\",\"item\":\"https:\/\/www.danby.com\/fr\/boutique\/\"},{\"@type\":\"ListItem\",\"position\":3,\"name\":\"Danby Refroidisseur \u00e0 vin autoportant de 36 bouteilles en noir\"}]},{\"@type\":\"WebSite\",\"url\":\"https:\/\/www.danby.com\/fr\/\",\"name\":\"Danby - Canada - French\",\"description\":\"Leader dans le domaine de la r\u00e9frig\u00e9ration et des appareils sp\u00e9cialis\u00e9s\",\"publisher\":[],\"potentialAction\":[{\"@type\":\"SearchAction\",\"target\":{\"@type\":\"EntryPoint\",\"urlTemplate\":\"https:\/\/www.danby.com\/fr\/?s={search_term_string}\"},\"query-input\":{\"@type\":\"PropertyValueSpecification\",\"valueRequired\":true,\"valueName\":\"search_term_string\"}}],\"inLanguage\":\"fr-CA\"},{\"@type\":\"Organization\",\"name\":\"Danby Appliances\",\"url\":\"https:\/\/www.danby.com\/fr\/\",\"logo\":{\"@type\":\"ImageObject\",\"inLanguage\":\"fr-CA\",\"url\":\"https:\/\/cdnweb.danby.com\/wp-content\/uploads\/sites\/2\/2022\/02\/10141906\/Danby75Ans_Blue.png\",\"contentUrl\":\"https:\/\/cdnweb.danby.com\/wp-content\/uploads\/sites\/2\/2022\/02\/10141906\/Danby75Ans_Blue.png\",\"width\":470,\"height\":110,\"caption\":\"Danby Appliances\"},\"image\":[],\"sameAs\":[\"https:\/\/www.facebook.com\/DanbyAppliances\",\"https:\/\/x.com\/DanbyAppliance\",\"https:\/\/instagram.com\/danbyappliances\/\",\"https:\/\/www.linkedin.com\/company\/danbyappliances\",\"https:\/\/www.pinterest.ca\/danbyappliances\/\",\"https:\/\/www.youtube.com\/user\/DanbyProducts\",\"https:\/\/en.wikipedia.org\/wiki\/Danby_(appliances)\"]}]}<\/script>\n<!-- \/ Yoast SEO plugin. -->","yoast_head_json":{"title":"Danby Refroidisseur \u00e0 vin autoportant de 36 bouteilles en Noir - DWC036A2BDB-6 | Danby Canada","description":"La meilleure fa\u00e7on de conserver et de refroidir votre pr\u00e9cieuse collection de vins est d'opter pour le refroidisseur \u00e0 vin autonome, pratique et \u00e0 la mode de Danby. Cette unit\u00e9 spacieuse est con\u00e7ue pour stocker jusqu'\u00e0 36 bouteilles de vos vins pr\u00e9f\u00e9r\u00e9s sur des \u00e9tag\u00e8res m\u00e9talliques noires attrayantes. L'\u00e9clairage int\u00e9rieur \u00e0 LED bleues met magnifiquement en valeur les bouteilles \u00e0 travers une \u00e9l\u00e9gante porte en verre tremp\u00e9 con\u00e7ue pour prot\u00e9ger votre collection des rayons ultraviolets potentiellement nocifs et l'expose avec une sophistication pure. La temp\u00e9rature du refroidisseur de vin se maintient entre 6\u00b0C et 14\u00b0C (43\u00b0F et 57\u00b0F), ce qui garantit que les bouteilles seront toujours \u00e0 la temp\u00e9rature pr\u00e9f\u00e9r\u00e9e. Cet appareil est dot\u00e9 d'une poign\u00e9e de style poche discr\u00e8te et d'un design arri\u00e8re lisse pour permettre l'installation au ras d'un mur. La porte r\u00e9versible tr\u00e8s pratique vous permet de l'ouvrir du c\u00f4t\u00e9 gauche ou du c\u00f4t\u00e9 droit. Il b\u00e9n\u00e9ficie d'une garantie de 12 mois sur les pi\u00e8ces et la main-d'\u0153uvre avec un service \u00e0 domicile.","robots":{"index":"index","follow":"follow","max-snippet":"max-snippet:-1","max-image-preview":"max-image-preview:large","max-video-preview":"max-video-preview:-1"},"canonical":"https:\/\/www.danby.com\/fr\/products\/refroidisseurs-a-vin\/dwc036a2bdb-6\/","og_locale":"fr_CA","og_type":"article","og_title":"Danby Refroidisseur \u00e0 vin autoportant de 36 bouteilles en Noir - DWC036A2BDB-6 | Danby Canada","og_description":"La meilleure fa\u00e7on de conserver et de refroidir votre pr\u00e9cieuse collection de vins est d'opter pour le refroidisseur \u00e0 vin autonome, pratique et \u00e0 la mode de Danby. Cette unit\u00e9 spacieuse est con\u00e7ue pour stocker jusqu'\u00e0 36 bouteilles de vos vins pr\u00e9f\u00e9r\u00e9s sur des \u00e9tag\u00e8res m\u00e9talliques noires attrayantes. L'\u00e9clairage int\u00e9rieur \u00e0 LED bleues met magnifiquement en valeur les bouteilles \u00e0 travers une \u00e9l\u00e9gante porte en verre tremp\u00e9 con\u00e7ue pour prot\u00e9ger votre collection des rayons ultraviolets potentiellement nocifs et l'expose avec une sophistication pure. La temp\u00e9rature du refroidisseur de vin se maintient entre 6\u00b0C et 14\u00b0C (43\u00b0F et 57\u00b0F), ce qui garantit que les bouteilles seront toujours \u00e0 la temp\u00e9rature pr\u00e9f\u00e9r\u00e9e. Cet appareil est dot\u00e9 d'une poign\u00e9e de style poche discr\u00e8te et d'un design arri\u00e8re lisse pour permettre l'installation au ras d'un mur. La porte r\u00e9versible tr\u00e8s pratique vous permet de l'ouvrir du c\u00f4t\u00e9 gauche ou du c\u00f4t\u00e9 droit. Il b\u00e9n\u00e9ficie d'une garantie de 12 mois sur les pi\u00e8ces et la main-d'\u0153uvre avec un service \u00e0 domicile.","og_url":"https:\/\/www.danby.com\/fr\/products\/refroidisseurs-a-vin\/dwc036a2bdb-6\/","og_site_name":"Danby - Canada - French","article_publisher":"https:\/\/www.facebook.com\/DanbyAppliances","article_modified_time":"2026-04-08T10:08:06+00:00","og_image":[{"width":1125,"height":1500,"url":"https:\/\/cdnweb.danby.com\/wp-content\/uploads\/sites\/2\/2023\/11\/22194131\/WC__0010_DWC036A2BDB-6.jpg","type":"image\/jpeg"}],"twitter_card":"summary_large_image","twitter_site":"@DanbyAppliance","schema":{"@context":"https:\/\/schema.org","@graph":[{"@type":["WebPage","ItemPage"],"url":"https:\/\/www.danby.com\/fr\/products\/refroidisseurs-a-vin\/dwc036a2bdb-6\/","name":"Danby Refroidisseur \u00e0 vin autoportant de 36 bouteilles en Noir - DWC036A2BDB-6 | Danby Canada","isPartOf":[],"primaryImageOfPage":[],"image":[],"thumbnailUrl":"https:\/\/cdnweb.danby.com\/wp-content\/uploads\/sites\/2\/2023\/11\/22194131\/WC__0010_DWC036A2BDB-6.jpg","datePublished":"2022-02-03T19:21:40+00:00","dateModified":"2026-04-08T10:08:06+00:00","description":"La meilleure fa\u00e7on de conserver et de refroidir votre pr\u00e9cieuse collection de vins est d'opter pour le refroidisseur \u00e0 vin autonome, pratique et \u00e0 la mode de Danby. Cette unit\u00e9 spacieuse est con\u00e7ue pour stocker jusqu'\u00e0 36 bouteilles de vos vins pr\u00e9f\u00e9r\u00e9s sur des \u00e9tag\u00e8res m\u00e9talliques noires attrayantes. L'\u00e9clairage int\u00e9rieur \u00e0 LED bleues met magnifiquement en valeur les bouteilles \u00e0 travers une \u00e9l\u00e9gante porte en verre tremp\u00e9 con\u00e7ue pour prot\u00e9ger votre collection des rayons ultraviolets potentiellement nocifs et l'expose avec une sophistication pure. La temp\u00e9rature du refroidisseur de vin se maintient entre 6\u00b0C et 14\u00b0C (43\u00b0F et 57\u00b0F), ce qui garantit que les bouteilles seront toujours \u00e0 la temp\u00e9rature pr\u00e9f\u00e9r\u00e9e. Cet appareil est dot\u00e9 d'une poign\u00e9e de style poche discr\u00e8te et d'un design arri\u00e8re lisse pour permettre l'installation au ras d'un mur. La porte r\u00e9versible tr\u00e8s pratique vous permet de l'ouvrir du c\u00f4t\u00e9 gauche ou du c\u00f4t\u00e9 droit. Il b\u00e9n\u00e9ficie d'une garantie de 12 mois sur les pi\u00e8ces et la main-d'\u0153uvre avec un service \u00e0 domicile.","breadcrumb":[],"inLanguage":"fr-CA","potentialAction":[{"@type":"ReadAction","target":["https:\/\/www.danby.com\/fr\/products\/refroidisseurs-a-vin\/dwc036a2bdb-6\/"]}]},{"@type":"ImageObject","inLanguage":"fr-CA","url":"https:\/\/cdnweb.danby.com\/wp-content\/uploads\/sites\/2\/2023\/11\/22194131\/WC__0010_DWC036A2BDB-6.jpg","contentUrl":"https:\/\/cdnweb.danby.com\/wp-content\/uploads\/sites\/2\/2023\/11\/22194131\/WC__0010_DWC036A2BDB-6.jpg","width":1125,"height":1500},{"@type":"BreadcrumbList","itemListElement":[{"@type":"ListItem","position":1,"name":"Home","item":"https:\/\/www.danby.com\/fr\/"},{"@type":"ListItem","position":2,"name":"Boutique","item":"https:\/\/www.danby.com\/fr\/boutique\/"},{"@type":"ListItem","position":3,"name":"Danby Refroidisseur \u00e0 vin autoportant de 36 bouteilles en noir"}]},{"@type":"WebSite","url":"https:\/\/www.danby.com\/fr\/","name":"Danby - Canada - French","description":"Leader dans le domaine de la r\u00e9frig\u00e9ration et des appareils sp\u00e9cialis\u00e9s","publisher":[],"potentialAction":[{"@type":"SearchAction","target":{"@type":"EntryPoint","urlTemplate":"https:\/\/www.danby.com\/fr\/?s={search_term_string}"},"query-input":{"@type":"PropertyValueSpecification","valueRequired":true,"valueName":"search_term_string"}}],"inLanguage":"fr-CA"},{"@type":"Organization","name":"Danby Appliances","url":"https:\/\/www.danby.com\/fr\/","logo":{"@type":"ImageObject","inLanguage":"fr-CA","url":"https:\/\/cdnweb.danby.com\/wp-content\/uploads\/sites\/2\/2022\/02\/10141906\/Danby75Ans_Blue.png","contentUrl":"https:\/\/cdnweb.danby.com\/wp-content\/uploads\/sites\/2\/2022\/02\/10141906\/Danby75Ans_Blue.png","width":470,"height":110,"caption":"Danby Appliances"},"image":[],"sameAs":["https:\/\/www.facebook.com\/DanbyAppliances","https:\/\/x.com\/DanbyAppliance","https:\/\/instagram.com\/danbyappliances\/","https:\/\/www.linkedin.com\/company\/danbyappliances","https:\/\/www.pinterest.ca\/danbyappliances\/","https:\/\/www.youtube.com\/user\/DanbyProducts","https:\/\/en.wikipedia.org\/wiki\/Danby_(appliances)"]}]}},"post_mailing_queue_ids":[],"_links":{"self":[{"href":"https:\/\/www.danby.com\/fr\/wp-json\/wp\/v2\/product\/5267","targetHints":{"allow":["GET"]}}],"collection":[{"href":"https:\/\/www.danby.com\/fr\/wp-json\/wp\/v2\/product"}],"about":[{"href":"https:\/\/www.danby.com\/fr\/wp-json\/wp\/v2\/types\/product"}],"replies":[{"embeddable":true,"href":"https:\/\/www.danby.com\/fr\/wp-json\/wp\/v2\/comments?post=5267"}],"wp:featuredmedia":[{"embeddable":true,"href":"https:\/\/www.danby.com\/fr\/wp-json\/wp\/v2\/media\/25764"}],"wp:attachment":[{"href":"https:\/\/www.danby.com\/fr\/wp-json\/wp\/v2\/media?parent=5267"}],"wp:term":[{"taxonomy":"product_brand","embeddable":true,"href":"https:\/\/www.danby.com\/fr\/wp-json\/wp\/v2\/product_brand?post=5267"},{"taxonomy":"product_cat","embeddable":true,"href":"https:\/\/www.danby.com\/fr\/wp-json\/wp\/v2\/product_cat?post=5267"},{"taxonomy":"product_tag","embeddable":true,"href":"https:\/\/www.danby.com\/fr\/wp-json\/wp\/v2\/product_tag?post=5267"}],"curies":[{"name":"wp","href":"https:\/\/api.w.org\/{rel}","templated":true}]}}