{"id":5265,"date":"2022-02-03T19:21:40","date_gmt":"2022-02-03T19:21:40","guid":{"rendered":"https:\/\/www.danby.com\/fr\/product\/dwc032a2bdb\/"},"modified":"2026-04-27T10:10:09","modified_gmt":"2026-04-27T10:10:09","slug":"dwc032a2bdb","status":"publish","type":"product","link":"https:\/\/www.danby.com\/fr\/products\/refroidisseurs-a-vin\/dwc032a2bdb\/","title":{"rendered":"Refroidisseur \u00e0 vin autonome Danby 36 bouteilles en noir"},"content":{"rendered":"","protected":false},"excerpt":{"rendered":"<ul>\n<li>Gardez jusqu&#8217;\u00e0 36 bouteilles de vin bien fra\u00eeches \u00e0 port\u00e9e de main<\/li>\n<li>Convient aux vins rouges ou blancs, avec une temp\u00e9rature r\u00e9glable entre 43\u00b0F et 57\u00b0F (6\u00b0C &#8211; 14\u00b0C)<\/li>\n<li>Refroidisseur \u00e0 vin \u00e9l\u00e9gant tout noir avec cadre de porte \u00e0 finition brillante et verre fum\u00e9<\/li>\n<li>Surface de travail int\u00e9gr\u00e9e avec charni\u00e8re dissimul\u00e9e<\/li>\n<li>L&#8217;\u00e9clairage de vitrine illumine l&#8217;armoire avec des LED bleues \u00e9co\u00e9nerg\u00e9tiques<\/li>\n<li>Les \u00e9tag\u00e8res en fil m\u00e9talliques r\u00e9glables peuvent \u00eatre repositionn\u00e9es pour accueillir des bouteilles de diam\u00e8tres diff\u00e9rents<\/li>\n<li>Poign\u00e9e de porte pleine longueur sans joint et charni\u00e8re de porte r\u00e9versible permettant une ouverture \u00e0 gauche ou \u00e0 droite<\/li>\n<li>Le thermostat revient \u00e0 la derni\u00e8re temp\u00e9rature r\u00e9gl\u00e9e apr\u00e8s une coupure de courant et inclut des alarmes de temp\u00e9rature et de porte entrouverte<\/li>\n<li>Poign\u00e9e encastr\u00e9e de type poche<\/li>\n<li>La porte en verre tremp\u00e9 aide \u00e0 prot\u00e9ger le vin des rayons UV nocifs<\/li>\n<\/ul>\n","protected":false},"featured_media":30179,"comment_status":"closed","ping_status":"closed","template":"","meta":{"_acf_changed":false},"product_brand":[],"product_cat":[41],"product_tag":[],"class_list":{"0":"post-5265","1":"product","2":"type-product","3":"status-publish","4":"has-post-thumbnail","6":"product_cat-refroidisseurs-a-vin","7":"pa_capacite-pi3-3-2","8":"pa_couleur-black","9":"pa_duree-de-la-garantie-en-mois-1173","11":"first","12":"outofstock","13":"taxable","14":"shipping-taxable","15":"product-type-simple"},"acf":[],"yoast_head":"<!-- This site is optimized with the Yoast SEO plugin v27.4 - https:\/\/yoast.com\/product\/yoast-seo-wordpress\/ -->\n<title>Refroidisseur \u00e0 vin autonome Danby 36 bouteilles en noir - DWC032A2BDB | Danby Canada<\/title>\n<meta name=\"description\" content=\"La meilleure fa\u00e7on de refroidir et d&#039;exposer votre pr\u00e9cieuse collection de vins est avec le refroidisseur \u00e0 vin autonome et \u00e9l\u00e9gant de Danby. Ce r\u00e9frig\u00e9rateur \u00e0 vin de 3,3 pi\u00b3 (93,3 L) est id\u00e9al pour l&#039;organisation de votre cuisine et pour recevoir dans des espaces restreints tels qu&#039;un appartement, un condo ou un chalet ! Vous pouvez y refroidir jusqu&#039;\u00e0 36 bouteilles de vin sur des \u00e9tag\u00e8res de rangement noires attrayantes, offrant une alternative parfaite au stockage de vos marques pr\u00e9f\u00e9r\u00e9es dans un r\u00e9frig\u00e9rateur surcharg\u00e9. L&#039;\u00e9clairage int\u00e9rieur LED bleu met magnifiquement en valeur les bouteilles \u00e0 travers une porte en verre tremp\u00e9 \u00e9l\u00e9gante con\u00e7ue pour prot\u00e9ger votre collection des rayons ultraviolets potentiellement nuisibles. Cet appareil dispose d&#039;une poign\u00e9e discr\u00e8te de type poche et d&#039;un design arri\u00e8re lisse permettant une installation contre un mur. De plus, le thermostat vous permet de programmer et de maintenir facilement la temp\u00e9rature interne entre 6\u00b0C et 14\u00b0C (43\u00b0F \u2013 57\u00b0F). En prime, une astucieuse charni\u00e8re de porte r\u00e9versible permet de l&#039;ajuster pour une ouverture \u00e0 gauche ou \u00e0 droite, selon vos pr\u00e9f\u00e9rences.\" \/>\n<meta name=\"robots\" content=\"index, follow, max-snippet:-1, max-image-preview:large, max-video-preview:-1\" \/>\n<link rel=\"canonical\" href=\"https:\/\/www.danby.com\/fr\/products\/refroidisseurs-a-vin\/dwc032a2bdb\/\" \/>\n<meta property=\"og:locale\" content=\"fr_CA\" \/>\n<meta property=\"og:type\" content=\"article\" \/>\n<meta property=\"og:title\" content=\"Refroidisseur \u00e0 vin autonome Danby 36 bouteilles en noir - DWC032A2BDB | Danby Canada\" \/>\n<meta property=\"og:description\" content=\"La meilleure fa\u00e7on de refroidir et d&#039;exposer votre pr\u00e9cieuse collection de vins est avec le refroidisseur \u00e0 vin autonome et \u00e9l\u00e9gant de Danby. Ce r\u00e9frig\u00e9rateur \u00e0 vin de 3,3 pi\u00b3 (93,3 L) est id\u00e9al pour l&#039;organisation de votre cuisine et pour recevoir dans des espaces restreints tels qu&#039;un appartement, un condo ou un chalet ! Vous pouvez y refroidir jusqu&#039;\u00e0 36 bouteilles de vin sur des \u00e9tag\u00e8res de rangement noires attrayantes, offrant une alternative parfaite au stockage de vos marques pr\u00e9f\u00e9r\u00e9es dans un r\u00e9frig\u00e9rateur surcharg\u00e9. L&#039;\u00e9clairage int\u00e9rieur LED bleu met magnifiquement en valeur les bouteilles \u00e0 travers une porte en verre tremp\u00e9 \u00e9l\u00e9gante con\u00e7ue pour prot\u00e9ger votre collection des rayons ultraviolets potentiellement nuisibles. Cet appareil dispose d&#039;une poign\u00e9e discr\u00e8te de type poche et d&#039;un design arri\u00e8re lisse permettant une installation contre un mur. De plus, le thermostat vous permet de programmer et de maintenir facilement la temp\u00e9rature interne entre 6\u00b0C et 14\u00b0C (43\u00b0F \u2013 57\u00b0F). En prime, une astucieuse charni\u00e8re de porte r\u00e9versible permet de l&#039;ajuster pour une ouverture \u00e0 gauche ou \u00e0 droite, selon vos pr\u00e9f\u00e9rences.\" \/>\n<meta property=\"og:url\" content=\"https:\/\/www.danby.com\/fr\/products\/refroidisseurs-a-vin\/dwc032a2bdb\/\" \/>\n<meta property=\"og:site_name\" content=\"Danby - Canada - French\" \/>\n<meta property=\"article:publisher\" content=\"https:\/\/www.facebook.com\/DanbyAppliances\" \/>\n<meta property=\"article:modified_time\" content=\"2026-04-27T10:10:09+00:00\" \/>\n<meta property=\"og:image\" content=\"https:\/\/cdnweb.danby.com\/wp-content\/uploads\/sites\/2\/2022\/02\/08203915\/DWC032A2BDB-Featured.jpg\" \/>\n\t<meta property=\"og:image:width\" content=\"1440\" \/>\n\t<meta property=\"og:image:height\" content=\"1920\" \/>\n\t<meta property=\"og:image:type\" content=\"image\/jpeg\" \/>\n<meta name=\"twitter:card\" content=\"summary_large_image\" \/>\n<meta name=\"twitter:site\" content=\"@DanbyAppliance\" \/>\n<script type=\"application\/ld+json\" class=\"yoast-schema-graph\">{\"@context\":\"https:\\\/\\\/schema.org\",\"@graph\":[{\"@type\":[\"WebPage\",\"ItemPage\"],\"url\":\"https:\\\/\\\/www.danby.com\\\/fr\\\/products\\\/refroidisseurs-a-vin\\\/dwc032a2bdb\\\/\",\"name\":\"Refroidisseur \u00e0 vin autonome Danby 36 bouteilles en noir - DWC032A2BDB | Danby Canada\",\"isPartOf\":[],\"primaryImageOfPage\":[],\"image\":[],\"thumbnailUrl\":\"https:\\\/\\\/www.danby.com\\\/fr\\\/wp-content\\\/uploads\\\/sites\\\/2\\\/2025\\\/01\\\/Thumbnail_DWC032A2BDB.jpg\",\"datePublished\":\"2022-02-03T19:21:40+00:00\",\"dateModified\":\"2026-04-27T10:10:09+00:00\",\"description\":\"La meilleure fa\u00e7on de refroidir et d'exposer votre pr\u00e9cieuse collection de vins est avec le refroidisseur \u00e0 vin autonome et \u00e9l\u00e9gant de Danby. Ce r\u00e9frig\u00e9rateur \u00e0 vin de 3,3 pi\u00b3 (93,3 L) est id\u00e9al pour l'organisation de votre cuisine et pour recevoir dans des espaces restreints tels qu'un appartement, un condo ou un chalet ! Vous pouvez y refroidir jusqu'\u00e0 36 bouteilles de vin sur des \u00e9tag\u00e8res de rangement noires attrayantes, offrant une alternative parfaite au stockage de vos marques pr\u00e9f\u00e9r\u00e9es dans un r\u00e9frig\u00e9rateur surcharg\u00e9. L'\u00e9clairage int\u00e9rieur LED bleu met magnifiquement en valeur les bouteilles \u00e0 travers une porte en verre tremp\u00e9 \u00e9l\u00e9gante con\u00e7ue pour prot\u00e9ger votre collection des rayons ultraviolets potentiellement nuisibles. Cet appareil dispose d'une poign\u00e9e discr\u00e8te de type poche et d'un design arri\u00e8re lisse permettant une installation contre un mur. De plus, le thermostat vous permet de programmer et de maintenir facilement la temp\u00e9rature interne entre 6\u00b0C et 14\u00b0C (43\u00b0F \u2013 57\u00b0F). En prime, une astucieuse charni\u00e8re de porte r\u00e9versible permet de l'ajuster pour une ouverture \u00e0 gauche ou \u00e0 droite, selon vos pr\u00e9f\u00e9rences.\",\"breadcrumb\":[],\"inLanguage\":\"fr-CA\",\"potentialAction\":[{\"@type\":\"ReadAction\",\"target\":[\"https:\\\/\\\/www.danby.com\\\/fr\\\/products\\\/refroidisseurs-a-vin\\\/dwc032a2bdb\\\/\"]}]},{\"@type\":\"ImageObject\",\"inLanguage\":\"fr-CA\",\"url\":\"https:\\\/\\\/www.danby.com\\\/fr\\\/wp-content\\\/uploads\\\/sites\\\/2\\\/2025\\\/01\\\/Thumbnail_DWC032A2BDB.jpg\",\"contentUrl\":\"https:\\\/\\\/www.danby.com\\\/fr\\\/wp-content\\\/uploads\\\/sites\\\/2\\\/2025\\\/01\\\/Thumbnail_DWC032A2BDB.jpg\",\"width\":1125,\"height\":1500},{\"@type\":\"BreadcrumbList\",\"itemListElement\":[{\"@type\":\"ListItem\",\"position\":1,\"name\":\"Home\",\"item\":\"https:\\\/\\\/www.danby.com\\\/fr\\\/\"},{\"@type\":\"ListItem\",\"position\":2,\"name\":\"Boutique\",\"item\":\"https:\\\/\\\/www.danby.com\\\/fr\\\/boutique\\\/\"},{\"@type\":\"ListItem\",\"position\":3,\"name\":\"Danby 36 bouteilles de vin Refroidisseurs \u00e0 vin\"}]},{\"@type\":\"WebSite\",\"url\":\"https:\\\/\\\/www.danby.com\\\/fr\\\/\",\"name\":\"Danby - Canada - French\",\"description\":\"Leader dans le domaine de la r\u00e9frig\u00e9ration et des appareils sp\u00e9cialis\u00e9s\",\"publisher\":[],\"potentialAction\":[{\"@type\":\"SearchAction\",\"target\":{\"@type\":\"EntryPoint\",\"urlTemplate\":\"https:\\\/\\\/www.danby.com\\\/fr\\\/?s={search_term_string}\"},\"query-input\":{\"@type\":\"PropertyValueSpecification\",\"valueRequired\":true,\"valueName\":\"search_term_string\"}}],\"inLanguage\":\"fr-CA\"},{\"@type\":\"Organization\",\"name\":\"Danby Appliances\",\"url\":\"https:\\\/\\\/www.danby.com\\\/fr\\\/\",\"logo\":{\"@type\":\"ImageObject\",\"inLanguage\":\"fr-CA\",\"url\":\"https:\\\/\\\/cdnweb.danby.com\\\/wp-content\\\/uploads\\\/sites\\\/2\\\/2022\\\/02\\\/10141906\\\/Danby75Ans_Blue.png\",\"contentUrl\":\"https:\\\/\\\/cdnweb.danby.com\\\/wp-content\\\/uploads\\\/sites\\\/2\\\/2022\\\/02\\\/10141906\\\/Danby75Ans_Blue.png\",\"width\":470,\"height\":110,\"caption\":\"Danby Appliances\"},\"image\":[],\"sameAs\":[\"https:\\\/\\\/www.facebook.com\\\/DanbyAppliances\",\"https:\\\/\\\/x.com\\\/DanbyAppliance\",\"https:\\\/\\\/instagram.com\\\/danbyappliances\\\/\",\"https:\\\/\\\/www.linkedin.com\\\/company\\\/danbyappliances\",\"https:\\\/\\\/www.pinterest.ca\\\/danbyappliances\\\/\",\"https:\\\/\\\/www.youtube.com\\\/user\\\/DanbyProducts\",\"https:\\\/\\\/en.wikipedia.org\\\/wiki\\\/Danby_(appliances)\"]}]}<\/script>\n<!-- \/ Yoast SEO plugin. -->","yoast_head_json":{"title":"Refroidisseur \u00e0 vin autonome Danby 36 bouteilles en noir - DWC032A2BDB | Danby Canada","description":"La meilleure fa\u00e7on de refroidir et d'exposer votre pr\u00e9cieuse collection de vins est avec le refroidisseur \u00e0 vin autonome et \u00e9l\u00e9gant de Danby. Ce r\u00e9frig\u00e9rateur \u00e0 vin de 3,3 pi\u00b3 (93,3 L) est id\u00e9al pour l'organisation de votre cuisine et pour recevoir dans des espaces restreints tels qu'un appartement, un condo ou un chalet ! Vous pouvez y refroidir jusqu'\u00e0 36 bouteilles de vin sur des \u00e9tag\u00e8res de rangement noires attrayantes, offrant une alternative parfaite au stockage de vos marques pr\u00e9f\u00e9r\u00e9es dans un r\u00e9frig\u00e9rateur surcharg\u00e9. L'\u00e9clairage int\u00e9rieur LED bleu met magnifiquement en valeur les bouteilles \u00e0 travers une porte en verre tremp\u00e9 \u00e9l\u00e9gante con\u00e7ue pour prot\u00e9ger votre collection des rayons ultraviolets potentiellement nuisibles. Cet appareil dispose d'une poign\u00e9e discr\u00e8te de type poche et d'un design arri\u00e8re lisse permettant une installation contre un mur. De plus, le thermostat vous permet de programmer et de maintenir facilement la temp\u00e9rature interne entre 6\u00b0C et 14\u00b0C (43\u00b0F \u2013 57\u00b0F). En prime, une astucieuse charni\u00e8re de porte r\u00e9versible permet de l'ajuster pour une ouverture \u00e0 gauche ou \u00e0 droite, selon vos pr\u00e9f\u00e9rences.","robots":{"index":"index","follow":"follow","max-snippet":"max-snippet:-1","max-image-preview":"max-image-preview:large","max-video-preview":"max-video-preview:-1"},"canonical":"https:\/\/www.danby.com\/fr\/products\/refroidisseurs-a-vin\/dwc032a2bdb\/","og_locale":"fr_CA","og_type":"article","og_title":"Refroidisseur \u00e0 vin autonome Danby 36 bouteilles en noir - DWC032A2BDB | Danby Canada","og_description":"La meilleure fa\u00e7on de refroidir et d'exposer votre pr\u00e9cieuse collection de vins est avec le refroidisseur \u00e0 vin autonome et \u00e9l\u00e9gant de Danby. Ce r\u00e9frig\u00e9rateur \u00e0 vin de 3,3 pi\u00b3 (93,3 L) est id\u00e9al pour l'organisation de votre cuisine et pour recevoir dans des espaces restreints tels qu'un appartement, un condo ou un chalet ! Vous pouvez y refroidir jusqu'\u00e0 36 bouteilles de vin sur des \u00e9tag\u00e8res de rangement noires attrayantes, offrant une alternative parfaite au stockage de vos marques pr\u00e9f\u00e9r\u00e9es dans un r\u00e9frig\u00e9rateur surcharg\u00e9. L'\u00e9clairage int\u00e9rieur LED bleu met magnifiquement en valeur les bouteilles \u00e0 travers une porte en verre tremp\u00e9 \u00e9l\u00e9gante con\u00e7ue pour prot\u00e9ger votre collection des rayons ultraviolets potentiellement nuisibles. Cet appareil dispose d'une poign\u00e9e discr\u00e8te de type poche et d'un design arri\u00e8re lisse permettant une installation contre un mur. De plus, le thermostat vous permet de programmer et de maintenir facilement la temp\u00e9rature interne entre 6\u00b0C et 14\u00b0C (43\u00b0F \u2013 57\u00b0F). En prime, une astucieuse charni\u00e8re de porte r\u00e9versible permet de l'ajuster pour une ouverture \u00e0 gauche ou \u00e0 droite, selon vos pr\u00e9f\u00e9rences.","og_url":"https:\/\/www.danby.com\/fr\/products\/refroidisseurs-a-vin\/dwc032a2bdb\/","og_site_name":"Danby - Canada - French","article_publisher":"https:\/\/www.facebook.com\/DanbyAppliances","article_modified_time":"2026-04-27T10:10:09+00:00","og_image":[{"width":1440,"height":1920,"url":"https:\/\/cdnweb.danby.com\/wp-content\/uploads\/sites\/2\/2022\/02\/08203915\/DWC032A2BDB-Featured.jpg","type":"image\/jpeg"}],"twitter_card":"summary_large_image","twitter_site":"@DanbyAppliance","schema":{"@context":"https:\/\/schema.org","@graph":[{"@type":["WebPage","ItemPage"],"url":"https:\/\/www.danby.com\/fr\/products\/refroidisseurs-a-vin\/dwc032a2bdb\/","name":"Refroidisseur \u00e0 vin autonome Danby 36 bouteilles en noir - DWC032A2BDB | Danby Canada","isPartOf":[],"primaryImageOfPage":[],"image":[],"thumbnailUrl":"https:\/\/www.danby.com\/fr\/wp-content\/uploads\/sites\/2\/2025\/01\/Thumbnail_DWC032A2BDB.jpg","datePublished":"2022-02-03T19:21:40+00:00","dateModified":"2026-04-27T10:10:09+00:00","description":"La meilleure fa\u00e7on de refroidir et d'exposer votre pr\u00e9cieuse collection de vins est avec le refroidisseur \u00e0 vin autonome et \u00e9l\u00e9gant de Danby. Ce r\u00e9frig\u00e9rateur \u00e0 vin de 3,3 pi\u00b3 (93,3 L) est id\u00e9al pour l'organisation de votre cuisine et pour recevoir dans des espaces restreints tels qu'un appartement, un condo ou un chalet ! Vous pouvez y refroidir jusqu'\u00e0 36 bouteilles de vin sur des \u00e9tag\u00e8res de rangement noires attrayantes, offrant une alternative parfaite au stockage de vos marques pr\u00e9f\u00e9r\u00e9es dans un r\u00e9frig\u00e9rateur surcharg\u00e9. L'\u00e9clairage int\u00e9rieur LED bleu met magnifiquement en valeur les bouteilles \u00e0 travers une porte en verre tremp\u00e9 \u00e9l\u00e9gante con\u00e7ue pour prot\u00e9ger votre collection des rayons ultraviolets potentiellement nuisibles. Cet appareil dispose d'une poign\u00e9e discr\u00e8te de type poche et d'un design arri\u00e8re lisse permettant une installation contre un mur. De plus, le thermostat vous permet de programmer et de maintenir facilement la temp\u00e9rature interne entre 6\u00b0C et 14\u00b0C (43\u00b0F \u2013 57\u00b0F). En prime, une astucieuse charni\u00e8re de porte r\u00e9versible permet de l'ajuster pour une ouverture \u00e0 gauche ou \u00e0 droite, selon vos pr\u00e9f\u00e9rences.","breadcrumb":[],"inLanguage":"fr-CA","potentialAction":[{"@type":"ReadAction","target":["https:\/\/www.danby.com\/fr\/products\/refroidisseurs-a-vin\/dwc032a2bdb\/"]}]},{"@type":"ImageObject","inLanguage":"fr-CA","url":"https:\/\/www.danby.com\/fr\/wp-content\/uploads\/sites\/2\/2025\/01\/Thumbnail_DWC032A2BDB.jpg","contentUrl":"https:\/\/www.danby.com\/fr\/wp-content\/uploads\/sites\/2\/2025\/01\/Thumbnail_DWC032A2BDB.jpg","width":1125,"height":1500},{"@type":"BreadcrumbList","itemListElement":[{"@type":"ListItem","position":1,"name":"Home","item":"https:\/\/www.danby.com\/fr\/"},{"@type":"ListItem","position":2,"name":"Boutique","item":"https:\/\/www.danby.com\/fr\/boutique\/"},{"@type":"ListItem","position":3,"name":"Danby 36 bouteilles de vin Refroidisseurs \u00e0 vin"}]},{"@type":"WebSite","url":"https:\/\/www.danby.com\/fr\/","name":"Danby - Canada - French","description":"Leader dans le domaine de la r\u00e9frig\u00e9ration et des appareils sp\u00e9cialis\u00e9s","publisher":[],"potentialAction":[{"@type":"SearchAction","target":{"@type":"EntryPoint","urlTemplate":"https:\/\/www.danby.com\/fr\/?s={search_term_string}"},"query-input":{"@type":"PropertyValueSpecification","valueRequired":true,"valueName":"search_term_string"}}],"inLanguage":"fr-CA"},{"@type":"Organization","name":"Danby Appliances","url":"https:\/\/www.danby.com\/fr\/","logo":{"@type":"ImageObject","inLanguage":"fr-CA","url":"https:\/\/cdnweb.danby.com\/wp-content\/uploads\/sites\/2\/2022\/02\/10141906\/Danby75Ans_Blue.png","contentUrl":"https:\/\/cdnweb.danby.com\/wp-content\/uploads\/sites\/2\/2022\/02\/10141906\/Danby75Ans_Blue.png","width":470,"height":110,"caption":"Danby Appliances"},"image":[],"sameAs":["https:\/\/www.facebook.com\/DanbyAppliances","https:\/\/x.com\/DanbyAppliance","https:\/\/instagram.com\/danbyappliances\/","https:\/\/www.linkedin.com\/company\/danbyappliances","https:\/\/www.pinterest.ca\/danbyappliances\/","https:\/\/www.youtube.com\/user\/DanbyProducts","https:\/\/en.wikipedia.org\/wiki\/Danby_(appliances)"]}]}},"post_mailing_queue_ids":[],"_links":{"self":[{"href":"https:\/\/www.danby.com\/fr\/wp-json\/wp\/v2\/product\/5265","targetHints":{"allow":["GET"]}}],"collection":[{"href":"https:\/\/www.danby.com\/fr\/wp-json\/wp\/v2\/product"}],"about":[{"href":"https:\/\/www.danby.com\/fr\/wp-json\/wp\/v2\/types\/product"}],"replies":[{"embeddable":true,"href":"https:\/\/www.danby.com\/fr\/wp-json\/wp\/v2\/comments?post=5265"}],"wp:featuredmedia":[{"embeddable":true,"href":"https:\/\/www.danby.com\/fr\/wp-json\/wp\/v2\/media\/30179"}],"wp:attachment":[{"href":"https:\/\/www.danby.com\/fr\/wp-json\/wp\/v2\/media?parent=5265"}],"wp:term":[{"taxonomy":"product_brand","embeddable":true,"href":"https:\/\/www.danby.com\/fr\/wp-json\/wp\/v2\/product_brand?post=5265"},{"taxonomy":"product_cat","embeddable":true,"href":"https:\/\/www.danby.com\/fr\/wp-json\/wp\/v2\/product_cat?post=5265"},{"taxonomy":"product_tag","embeddable":true,"href":"https:\/\/www.danby.com\/fr\/wp-json\/wp\/v2\/product_tag?post=5265"}],"curies":[{"name":"wp","href":"https:\/\/api.w.org\/{rel}","templated":true}]}}