{"id":5264,"date":"2022-02-03T19:21:40","date_gmt":"2022-02-03T19:21:40","guid":{"rendered":"https:\/\/www.danby.com\/fr\/product\/dwc018a1bdb\/"},"modified":"2026-04-25T10:11:18","modified_gmt":"2026-04-25T10:11:18","slug":"dwc018a1bdb","status":"publish","type":"product","link":"https:\/\/www.danby.com\/fr\/products\/refroidisseurs-a-vin\/dwc018a1bdb\/","title":{"rendered":"Danby Refroidisseur \u00e0 vin autoportant de 16 bouteilles en noir"},"content":{"rendered":"","protected":false},"excerpt":{"rendered":"<ul>\n<li>La conception pratique du comptoir permet de conserver jusqu&#8217;\u00e0 16 bouteilles de vin r\u00e9frig\u00e9r\u00e9 \u00e0 port\u00e9e de main.<\/li>\n<li>Convient aux vins rouges ou blancs ; temp\u00e9rature de consigne entre 6C et 14C (43F et 57F).<\/li>\n<li>\u00c9l\u00e9gant refroidisseur \u00e0 vin enti\u00e8rement noir avec cadre de porte brillant et verre fum\u00e9.<\/li>\n<li>Un \u00e9clairage de vitrine illumine l&#8217;armoire gr\u00e2ce \u00e0 des LED bleues \u00e0 faible consommation d&#8217;\u00e9nergie.<\/li>\n<li>Poign\u00e9e de porte sans soudure sur toute la longueur et charni\u00e8re de porte r\u00e9versible qui permet d&#8217;ouvrir la porte \u00e0 gauche ou \u00e0 droite.<\/li>\n<\/ul>\n","protected":false},"featured_media":29663,"comment_status":"closed","ping_status":"closed","template":"","meta":{"_acf_changed":false},"product_brand":[],"product_cat":[41,1449],"product_tag":[],"class_list":{"0":"post-5264","1":"product","2":"type-product","3":"status-publish","4":"has-post-thumbnail","6":"product_cat-refroidisseurs-a-vin","7":"product_cat-sales","9":"first","10":"outofstock","11":"sale","12":"taxable","13":"shipping-taxable","14":"purchasable","15":"product-type-simple"},"acf":[],"yoast_head":"<!-- This site is optimized with the Yoast SEO plugin v27.4 - https:\/\/yoast.com\/product\/yoast-seo-wordpress\/ -->\n<title>Danby Refroidisseur \u00e0 vin autoportant de 16 bouteilles en noir - DWC018A1BDB | Danby Canada<\/title>\n<meta name=\"description\" content=\"Vos vins pr\u00e9f\u00e9r\u00e9s trouveront tous leur place dans ce refroidisseur \u00e0 vin de comptoir compact de Danby. Ce mod\u00e8le prend peu de place, mais offre beaucoup d&#039;espace de rangement. Vous pourrez refroidir jusqu&#039;\u00e0 16 bouteilles de vin dans ce refroidisseur d&#039;une capacit\u00e9 de 1,8 pied cube, ce qui constitue la solution de rechange parfaite au rangement de vos marques pr\u00e9f\u00e9r\u00e9es dans le r\u00e9frig\u00e9rateur. Cette unit\u00e9 \u00e9l\u00e9gante est id\u00e9ale pour tout bar, bureau ou cuisine, et le design noir de l&#039;armoire s&#039;int\u00e8gre facilement \u00e0 tout d\u00e9cor existant. Le plan de travail moul\u00e9 offre un espace de rangement suppl\u00e9mentaire pour les accessoires et la porte r\u00e9versible pratique peut \u00eatre r\u00e9gl\u00e9e rapidement et facilement pour s&#039;ouvrir du c\u00f4t\u00e9 gauche ou du c\u00f4t\u00e9 droit. Cet appareil haut de gamme comporte une \u00e9tag\u00e8re en quinconce ainsi que deux \u00e9tag\u00e8res de rangement en fil m\u00e9tallique recouvertes de vinyle. Vos vins seront toujours \u00e0 la temp\u00e9rature id\u00e9ale car la glaci\u00e8re peut \u00eatre programm\u00e9e entre 6\u00b0C et 14\u00b0C (43\u00b0F et 57\u00b0F). Ce mod\u00e8le est \u00e9galement assorti d&#039;une garantie de 12 mois sur les pi\u00e8ces et la main-d&#039;\u0153uvre.\" \/>\n<meta name=\"robots\" content=\"index, follow, max-snippet:-1, max-image-preview:large, max-video-preview:-1\" \/>\n<link rel=\"canonical\" href=\"https:\/\/www.danby.com\/fr\/products\/refroidisseurs-a-vin\/dwc018a1bdb\/\" \/>\n<meta property=\"og:locale\" content=\"fr_CA\" \/>\n<meta property=\"og:type\" content=\"article\" \/>\n<meta property=\"og:title\" content=\"Danby Refroidisseur \u00e0 vin autoportant de 16 bouteilles en noir - DWC018A1BDB | Danby Canada\" \/>\n<meta property=\"og:description\" content=\"Vos vins pr\u00e9f\u00e9r\u00e9s trouveront tous leur place dans ce refroidisseur \u00e0 vin de comptoir compact de Danby. Ce mod\u00e8le prend peu de place, mais offre beaucoup d&#039;espace de rangement. Vous pourrez refroidir jusqu&#039;\u00e0 16 bouteilles de vin dans ce refroidisseur d&#039;une capacit\u00e9 de 1,8 pied cube, ce qui constitue la solution de rechange parfaite au rangement de vos marques pr\u00e9f\u00e9r\u00e9es dans le r\u00e9frig\u00e9rateur. Cette unit\u00e9 \u00e9l\u00e9gante est id\u00e9ale pour tout bar, bureau ou cuisine, et le design noir de l&#039;armoire s&#039;int\u00e8gre facilement \u00e0 tout d\u00e9cor existant. Le plan de travail moul\u00e9 offre un espace de rangement suppl\u00e9mentaire pour les accessoires et la porte r\u00e9versible pratique peut \u00eatre r\u00e9gl\u00e9e rapidement et facilement pour s&#039;ouvrir du c\u00f4t\u00e9 gauche ou du c\u00f4t\u00e9 droit. Cet appareil haut de gamme comporte une \u00e9tag\u00e8re en quinconce ainsi que deux \u00e9tag\u00e8res de rangement en fil m\u00e9tallique recouvertes de vinyle. Vos vins seront toujours \u00e0 la temp\u00e9rature id\u00e9ale car la glaci\u00e8re peut \u00eatre programm\u00e9e entre 6\u00b0C et 14\u00b0C (43\u00b0F et 57\u00b0F). Ce mod\u00e8le est \u00e9galement assorti d&#039;une garantie de 12 mois sur les pi\u00e8ces et la main-d&#039;\u0153uvre.\" \/>\n<meta property=\"og:url\" content=\"https:\/\/www.danby.com\/fr\/products\/refroidisseurs-a-vin\/dwc018a1bdb\/\" \/>\n<meta property=\"og:site_name\" content=\"Danby - Canada - French\" \/>\n<meta property=\"article:publisher\" content=\"https:\/\/www.facebook.com\/DanbyAppliances\" \/>\n<meta property=\"article:modified_time\" content=\"2026-04-25T10:11:18+00:00\" \/>\n<meta property=\"og:image\" content=\"https:\/\/cdnweb.danby.com\/wp-content\/uploads\/sites\/2\/2023\/11\/22193859\/WC__0012_DWC018A1BDB.jpg\" \/>\n\t<meta property=\"og:image:width\" content=\"1125\" \/>\n\t<meta property=\"og:image:height\" content=\"1500\" \/>\n\t<meta property=\"og:image:type\" content=\"image\/jpeg\" \/>\n<meta name=\"twitter:card\" content=\"summary_large_image\" \/>\n<meta name=\"twitter:site\" content=\"@DanbyAppliance\" \/>\n<script type=\"application\/ld+json\" class=\"yoast-schema-graph\">{\"@context\":\"https:\\\/\\\/schema.org\",\"@graph\":[{\"@type\":[\"WebPage\",\"ItemPage\"],\"url\":\"https:\\\/\\\/www.danby.com\\\/fr\\\/products\\\/refroidisseurs-a-vin\\\/dwc018a1bdb\\\/\",\"name\":\"Danby Refroidisseur \u00e0 vin autoportant de 16 bouteilles en noir - DWC018A1BDB | Danby Canada\",\"isPartOf\":[],\"primaryImageOfPage\":[],\"image\":[],\"thumbnailUrl\":\"https:\\\/\\\/www.danby.com\\\/fr\\\/wp-content\\\/uploads\\\/sites\\\/2\\\/2024\\\/09\\\/DWC018A1BDB_Front_Wine_Light.jpg\",\"datePublished\":\"2022-02-03T19:21:40+00:00\",\"dateModified\":\"2026-04-25T10:11:18+00:00\",\"description\":\"Vos vins pr\u00e9f\u00e9r\u00e9s trouveront tous leur place dans ce refroidisseur \u00e0 vin de comptoir compact de Danby. Ce mod\u00e8le prend peu de place, mais offre beaucoup d'espace de rangement. Vous pourrez refroidir jusqu'\u00e0 16 bouteilles de vin dans ce refroidisseur d'une capacit\u00e9 de 1,8 pied cube, ce qui constitue la solution de rechange parfaite au rangement de vos marques pr\u00e9f\u00e9r\u00e9es dans le r\u00e9frig\u00e9rateur. Cette unit\u00e9 \u00e9l\u00e9gante est id\u00e9ale pour tout bar, bureau ou cuisine, et le design noir de l'armoire s'int\u00e8gre facilement \u00e0 tout d\u00e9cor existant. Le plan de travail moul\u00e9 offre un espace de rangement suppl\u00e9mentaire pour les accessoires et la porte r\u00e9versible pratique peut \u00eatre r\u00e9gl\u00e9e rapidement et facilement pour s'ouvrir du c\u00f4t\u00e9 gauche ou du c\u00f4t\u00e9 droit. Cet appareil haut de gamme comporte une \u00e9tag\u00e8re en quinconce ainsi que deux \u00e9tag\u00e8res de rangement en fil m\u00e9tallique recouvertes de vinyle. Vos vins seront toujours \u00e0 la temp\u00e9rature id\u00e9ale car la glaci\u00e8re peut \u00eatre programm\u00e9e entre 6\u00b0C et 14\u00b0C (43\u00b0F et 57\u00b0F). Ce mod\u00e8le est \u00e9galement assorti d'une garantie de 12 mois sur les pi\u00e8ces et la main-d'\u0153uvre.\",\"breadcrumb\":[],\"inLanguage\":\"fr-CA\",\"potentialAction\":[{\"@type\":\"ReadAction\",\"target\":[\"https:\\\/\\\/www.danby.com\\\/fr\\\/products\\\/refroidisseurs-a-vin\\\/dwc018a1bdb\\\/\"]}]},{\"@type\":\"ImageObject\",\"inLanguage\":\"fr-CA\",\"url\":\"https:\\\/\\\/www.danby.com\\\/fr\\\/wp-content\\\/uploads\\\/sites\\\/2\\\/2024\\\/09\\\/DWC018A1BDB_Front_Wine_Light.jpg\",\"contentUrl\":\"https:\\\/\\\/www.danby.com\\\/fr\\\/wp-content\\\/uploads\\\/sites\\\/2\\\/2024\\\/09\\\/DWC018A1BDB_Front_Wine_Light.jpg\",\"width\":1500,\"height\":2000},{\"@type\":\"BreadcrumbList\",\"itemListElement\":[{\"@type\":\"ListItem\",\"position\":1,\"name\":\"Home\",\"item\":\"https:\\\/\\\/www.danby.com\\\/fr\\\/\"},{\"@type\":\"ListItem\",\"position\":2,\"name\":\"Boutique\",\"item\":\"https:\\\/\\\/www.danby.com\\\/fr\\\/boutique\\\/\"},{\"@type\":\"ListItem\",\"position\":3,\"name\":\"Danby Refroidisseur \u00e0 vin autoportant de 16 bouteilles en noir\"}]},{\"@type\":\"WebSite\",\"url\":\"https:\\\/\\\/www.danby.com\\\/fr\\\/\",\"name\":\"Danby - Canada - French\",\"description\":\"Leader dans le domaine de la r\u00e9frig\u00e9ration et des appareils sp\u00e9cialis\u00e9s\",\"publisher\":[],\"potentialAction\":[{\"@type\":\"SearchAction\",\"target\":{\"@type\":\"EntryPoint\",\"urlTemplate\":\"https:\\\/\\\/www.danby.com\\\/fr\\\/?s={search_term_string}\"},\"query-input\":{\"@type\":\"PropertyValueSpecification\",\"valueRequired\":true,\"valueName\":\"search_term_string\"}}],\"inLanguage\":\"fr-CA\"},{\"@type\":\"Organization\",\"name\":\"Danby Appliances\",\"url\":\"https:\\\/\\\/www.danby.com\\\/fr\\\/\",\"logo\":{\"@type\":\"ImageObject\",\"inLanguage\":\"fr-CA\",\"url\":\"https:\\\/\\\/cdnweb.danby.com\\\/wp-content\\\/uploads\\\/sites\\\/2\\\/2022\\\/02\\\/10141906\\\/Danby75Ans_Blue.png\",\"contentUrl\":\"https:\\\/\\\/cdnweb.danby.com\\\/wp-content\\\/uploads\\\/sites\\\/2\\\/2022\\\/02\\\/10141906\\\/Danby75Ans_Blue.png\",\"width\":470,\"height\":110,\"caption\":\"Danby Appliances\"},\"image\":[],\"sameAs\":[\"https:\\\/\\\/www.facebook.com\\\/DanbyAppliances\",\"https:\\\/\\\/x.com\\\/DanbyAppliance\",\"https:\\\/\\\/instagram.com\\\/danbyappliances\\\/\",\"https:\\\/\\\/www.linkedin.com\\\/company\\\/danbyappliances\",\"https:\\\/\\\/www.pinterest.ca\\\/danbyappliances\\\/\",\"https:\\\/\\\/www.youtube.com\\\/user\\\/DanbyProducts\",\"https:\\\/\\\/en.wikipedia.org\\\/wiki\\\/Danby_(appliances)\"]}]}<\/script>\n<!-- \/ Yoast SEO plugin. -->","yoast_head_json":{"title":"Danby Refroidisseur \u00e0 vin autoportant de 16 bouteilles en noir - DWC018A1BDB | Danby Canada","description":"Vos vins pr\u00e9f\u00e9r\u00e9s trouveront tous leur place dans ce refroidisseur \u00e0 vin de comptoir compact de Danby. Ce mod\u00e8le prend peu de place, mais offre beaucoup d'espace de rangement. Vous pourrez refroidir jusqu'\u00e0 16 bouteilles de vin dans ce refroidisseur d'une capacit\u00e9 de 1,8 pied cube, ce qui constitue la solution de rechange parfaite au rangement de vos marques pr\u00e9f\u00e9r\u00e9es dans le r\u00e9frig\u00e9rateur. Cette unit\u00e9 \u00e9l\u00e9gante est id\u00e9ale pour tout bar, bureau ou cuisine, et le design noir de l'armoire s'int\u00e8gre facilement \u00e0 tout d\u00e9cor existant. Le plan de travail moul\u00e9 offre un espace de rangement suppl\u00e9mentaire pour les accessoires et la porte r\u00e9versible pratique peut \u00eatre r\u00e9gl\u00e9e rapidement et facilement pour s'ouvrir du c\u00f4t\u00e9 gauche ou du c\u00f4t\u00e9 droit. Cet appareil haut de gamme comporte une \u00e9tag\u00e8re en quinconce ainsi que deux \u00e9tag\u00e8res de rangement en fil m\u00e9tallique recouvertes de vinyle. Vos vins seront toujours \u00e0 la temp\u00e9rature id\u00e9ale car la glaci\u00e8re peut \u00eatre programm\u00e9e entre 6\u00b0C et 14\u00b0C (43\u00b0F et 57\u00b0F). Ce mod\u00e8le est \u00e9galement assorti d'une garantie de 12 mois sur les pi\u00e8ces et la main-d'\u0153uvre.","robots":{"index":"index","follow":"follow","max-snippet":"max-snippet:-1","max-image-preview":"max-image-preview:large","max-video-preview":"max-video-preview:-1"},"canonical":"https:\/\/www.danby.com\/fr\/products\/refroidisseurs-a-vin\/dwc018a1bdb\/","og_locale":"fr_CA","og_type":"article","og_title":"Danby Refroidisseur \u00e0 vin autoportant de 16 bouteilles en noir - DWC018A1BDB | Danby Canada","og_description":"Vos vins pr\u00e9f\u00e9r\u00e9s trouveront tous leur place dans ce refroidisseur \u00e0 vin de comptoir compact de Danby. Ce mod\u00e8le prend peu de place, mais offre beaucoup d'espace de rangement. Vous pourrez refroidir jusqu'\u00e0 16 bouteilles de vin dans ce refroidisseur d'une capacit\u00e9 de 1,8 pied cube, ce qui constitue la solution de rechange parfaite au rangement de vos marques pr\u00e9f\u00e9r\u00e9es dans le r\u00e9frig\u00e9rateur. Cette unit\u00e9 \u00e9l\u00e9gante est id\u00e9ale pour tout bar, bureau ou cuisine, et le design noir de l'armoire s'int\u00e8gre facilement \u00e0 tout d\u00e9cor existant. Le plan de travail moul\u00e9 offre un espace de rangement suppl\u00e9mentaire pour les accessoires et la porte r\u00e9versible pratique peut \u00eatre r\u00e9gl\u00e9e rapidement et facilement pour s'ouvrir du c\u00f4t\u00e9 gauche ou du c\u00f4t\u00e9 droit. Cet appareil haut de gamme comporte une \u00e9tag\u00e8re en quinconce ainsi que deux \u00e9tag\u00e8res de rangement en fil m\u00e9tallique recouvertes de vinyle. Vos vins seront toujours \u00e0 la temp\u00e9rature id\u00e9ale car la glaci\u00e8re peut \u00eatre programm\u00e9e entre 6\u00b0C et 14\u00b0C (43\u00b0F et 57\u00b0F). Ce mod\u00e8le est \u00e9galement assorti d'une garantie de 12 mois sur les pi\u00e8ces et la main-d'\u0153uvre.","og_url":"https:\/\/www.danby.com\/fr\/products\/refroidisseurs-a-vin\/dwc018a1bdb\/","og_site_name":"Danby - Canada - French","article_publisher":"https:\/\/www.facebook.com\/DanbyAppliances","article_modified_time":"2026-04-25T10:11:18+00:00","og_image":[{"width":1125,"height":1500,"url":"https:\/\/cdnweb.danby.com\/wp-content\/uploads\/sites\/2\/2023\/11\/22193859\/WC__0012_DWC018A1BDB.jpg","type":"image\/jpeg"}],"twitter_card":"summary_large_image","twitter_site":"@DanbyAppliance","schema":{"@context":"https:\/\/schema.org","@graph":[{"@type":["WebPage","ItemPage"],"url":"https:\/\/www.danby.com\/fr\/products\/refroidisseurs-a-vin\/dwc018a1bdb\/","name":"Danby Refroidisseur \u00e0 vin autoportant de 16 bouteilles en noir - DWC018A1BDB | Danby Canada","isPartOf":[],"primaryImageOfPage":[],"image":[],"thumbnailUrl":"https:\/\/www.danby.com\/fr\/wp-content\/uploads\/sites\/2\/2024\/09\/DWC018A1BDB_Front_Wine_Light.jpg","datePublished":"2022-02-03T19:21:40+00:00","dateModified":"2026-04-25T10:11:18+00:00","description":"Vos vins pr\u00e9f\u00e9r\u00e9s trouveront tous leur place dans ce refroidisseur \u00e0 vin de comptoir compact de Danby. Ce mod\u00e8le prend peu de place, mais offre beaucoup d'espace de rangement. Vous pourrez refroidir jusqu'\u00e0 16 bouteilles de vin dans ce refroidisseur d'une capacit\u00e9 de 1,8 pied cube, ce qui constitue la solution de rechange parfaite au rangement de vos marques pr\u00e9f\u00e9r\u00e9es dans le r\u00e9frig\u00e9rateur. Cette unit\u00e9 \u00e9l\u00e9gante est id\u00e9ale pour tout bar, bureau ou cuisine, et le design noir de l'armoire s'int\u00e8gre facilement \u00e0 tout d\u00e9cor existant. Le plan de travail moul\u00e9 offre un espace de rangement suppl\u00e9mentaire pour les accessoires et la porte r\u00e9versible pratique peut \u00eatre r\u00e9gl\u00e9e rapidement et facilement pour s'ouvrir du c\u00f4t\u00e9 gauche ou du c\u00f4t\u00e9 droit. Cet appareil haut de gamme comporte une \u00e9tag\u00e8re en quinconce ainsi que deux \u00e9tag\u00e8res de rangement en fil m\u00e9tallique recouvertes de vinyle. Vos vins seront toujours \u00e0 la temp\u00e9rature id\u00e9ale car la glaci\u00e8re peut \u00eatre programm\u00e9e entre 6\u00b0C et 14\u00b0C (43\u00b0F et 57\u00b0F). Ce mod\u00e8le est \u00e9galement assorti d'une garantie de 12 mois sur les pi\u00e8ces et la main-d'\u0153uvre.","breadcrumb":[],"inLanguage":"fr-CA","potentialAction":[{"@type":"ReadAction","target":["https:\/\/www.danby.com\/fr\/products\/refroidisseurs-a-vin\/dwc018a1bdb\/"]}]},{"@type":"ImageObject","inLanguage":"fr-CA","url":"https:\/\/www.danby.com\/fr\/wp-content\/uploads\/sites\/2\/2024\/09\/DWC018A1BDB_Front_Wine_Light.jpg","contentUrl":"https:\/\/www.danby.com\/fr\/wp-content\/uploads\/sites\/2\/2024\/09\/DWC018A1BDB_Front_Wine_Light.jpg","width":1500,"height":2000},{"@type":"BreadcrumbList","itemListElement":[{"@type":"ListItem","position":1,"name":"Home","item":"https:\/\/www.danby.com\/fr\/"},{"@type":"ListItem","position":2,"name":"Boutique","item":"https:\/\/www.danby.com\/fr\/boutique\/"},{"@type":"ListItem","position":3,"name":"Danby Refroidisseur \u00e0 vin autoportant de 16 bouteilles en noir"}]},{"@type":"WebSite","url":"https:\/\/www.danby.com\/fr\/","name":"Danby - Canada - French","description":"Leader dans le domaine de la r\u00e9frig\u00e9ration et des appareils sp\u00e9cialis\u00e9s","publisher":[],"potentialAction":[{"@type":"SearchAction","target":{"@type":"EntryPoint","urlTemplate":"https:\/\/www.danby.com\/fr\/?s={search_term_string}"},"query-input":{"@type":"PropertyValueSpecification","valueRequired":true,"valueName":"search_term_string"}}],"inLanguage":"fr-CA"},{"@type":"Organization","name":"Danby Appliances","url":"https:\/\/www.danby.com\/fr\/","logo":{"@type":"ImageObject","inLanguage":"fr-CA","url":"https:\/\/cdnweb.danby.com\/wp-content\/uploads\/sites\/2\/2022\/02\/10141906\/Danby75Ans_Blue.png","contentUrl":"https:\/\/cdnweb.danby.com\/wp-content\/uploads\/sites\/2\/2022\/02\/10141906\/Danby75Ans_Blue.png","width":470,"height":110,"caption":"Danby Appliances"},"image":[],"sameAs":["https:\/\/www.facebook.com\/DanbyAppliances","https:\/\/x.com\/DanbyAppliance","https:\/\/instagram.com\/danbyappliances\/","https:\/\/www.linkedin.com\/company\/danbyappliances","https:\/\/www.pinterest.ca\/danbyappliances\/","https:\/\/www.youtube.com\/user\/DanbyProducts","https:\/\/en.wikipedia.org\/wiki\/Danby_(appliances)"]}]}},"post_mailing_queue_ids":[],"_links":{"self":[{"href":"https:\/\/www.danby.com\/fr\/wp-json\/wp\/v2\/product\/5264","targetHints":{"allow":["GET"]}}],"collection":[{"href":"https:\/\/www.danby.com\/fr\/wp-json\/wp\/v2\/product"}],"about":[{"href":"https:\/\/www.danby.com\/fr\/wp-json\/wp\/v2\/types\/product"}],"replies":[{"embeddable":true,"href":"https:\/\/www.danby.com\/fr\/wp-json\/wp\/v2\/comments?post=5264"}],"wp:featuredmedia":[{"embeddable":true,"href":"https:\/\/www.danby.com\/fr\/wp-json\/wp\/v2\/media\/29663"}],"wp:attachment":[{"href":"https:\/\/www.danby.com\/fr\/wp-json\/wp\/v2\/media?parent=5264"}],"wp:term":[{"taxonomy":"product_brand","embeddable":true,"href":"https:\/\/www.danby.com\/fr\/wp-json\/wp\/v2\/product_brand?post=5264"},{"taxonomy":"product_cat","embeddable":true,"href":"https:\/\/www.danby.com\/fr\/wp-json\/wp\/v2\/product_cat?post=5264"},{"taxonomy":"product_tag","embeddable":true,"href":"https:\/\/www.danby.com\/fr\/wp-json\/wp\/v2\/product_tag?post=5264"}],"curies":[{"name":"wp","href":"https:\/\/api.w.org\/{rel}","templated":true}]}}