{"id":5260,"date":"2022-02-03T19:21:40","date_gmt":"2022-02-03T19:21:40","guid":{"rendered":"https:\/\/www.danby.com\/fr\/product\/dvac100b1wdb\/"},"modified":"2026-04-05T10:06:55","modified_gmt":"2026-04-05T10:06:55","slug":"dvac100b1wdb","status":"publish","type":"product","link":"https:\/\/www.danby.com\/fr\/products\/climatiseurs-de-fenetre\/dvac100b1wdb\/","title":{"rendered":"Danby 10000 BTU Vertical AC en blanc"},"content":{"rendered":"","protected":false},"excerpt":{"rendered":"<ul>\n<li>Le climatiseur 10 000 BTU refroidit une pi\u00e8ce de 450 pi2 ou moins<\/li>\n<li>Fluide frigorig\u00e8ne R410<\/li>\n<li>Conforme \u00e0 Energy Star\u00ae<\/li>\n<li>Commandes \u00e9lectroniques avec affichage \u00e0 DEL et t\u00e9l\u00e9commande<\/li>\n<li>Puissant ventilateur \u00e0 3 vitesses faisant circuler l\u2019air<\/li>\n<li>Circulation d\u2019air dans 4 directions<\/li>\n<li>Fonction Air frais : d\u00e9barrassez-vous de l\u2019air recycl\u00e9 vici\u00e9<\/li>\n<li>Minuterie programmable pratique de 24 heures<\/li>\n<li>Red\u00e9marrage automatique : L\u2019appareil red\u00e9marre automatiquement apr\u00e8s une panne de courant<\/li>\n<li>Mise en veille : Permet \u00e0 la pi\u00e8ce de ne pas trop refroidir pendant que vous dormez<\/li>\n<li>Interrupteur d\u2019\u00e9conomie d\u2019\u00e9nergie : met le ventilateur en marche et l\u2019\u00e9teint pour r\u00e9duire la consommation d\u2019\u00e9nergie<\/li>\n<li>Filtre \u00e0 air r\u00e9utilisable et lavable<\/li>\n<\/ul>\n","protected":false},"featured_media":21704,"comment_status":"closed","ping_status":"open","template":"","meta":{"_acf_changed":false},"product_brand":[],"product_cat":[40],"product_tag":[],"class_list":{"0":"post-5260","1":"product","2":"type-product","3":"status-publish","4":"has-post-thumbnail","6":"product_cat-climatiseurs-de-fenetre","7":"pa_btu-75","8":"pa_couleur-white","9":"pa_duree-de-la-garantie-en-mois-1169","11":"first","12":"outofstock","13":"taxable","14":"shipping-taxable","15":"purchasable","16":"product-type-simple"},"acf":[],"yoast_head":"<!-- This site is optimized with the Yoast SEO plugin v26.7 - https:\/\/yoast.com\/wordpress\/plugins\/seo\/ -->\n<title>Danby 10000 BTU Vertical AC en blanc - DVAC100B1WDB | Danby Canada<\/title>\n<meta name=\"description\" content=\"Il est toujours plus facile de g\u00e9rer la chaleur et l\u2019humidit\u00e9 estivales si votre maison est fra\u00eeche et confortable. Vous serez assur\u00e9 de maintenir la chaleur \u00e0 l\u2019ext\u00e9rieur avec ce climatiseur de 10 000 BTU conforme \u00e0 la norme Energy Star. L\u2019appareil peut facilement refroidir une zone de jusqu\u2019\u00e0 450 pi2 pendant qu\u2019il fait chaud \u00e0 l\u2019ext\u00e9rieur. Il est dot\u00e9 d\u2019un syst\u00e8me de circulation d\u2019air \u00e0 quatre directions et d\u2019une commande de temp\u00e9rature \u00e9lectronique \u00e0 DEL facile \u00e0 programmer qui peut \u00eatre programm\u00e9e \u00e0 distance. Le climatiseur fonctionne avec du fluide frigorig\u00e8ne R410A \u00e9cologique. Vous pouvez aussi \u00e9conomiser de l\u2019\u00e9nergie gr\u00e2ce au commutateur d\u2019\u00e9conomie d\u2019\u00e9nergie qui met en marche et \u00e9teint le ventilateur de l\u2019appareil pour r\u00e9duire la consommation d\u2019\u00e9nergie.\" \/>\n<meta name=\"robots\" content=\"index, follow, max-snippet:-1, max-image-preview:large, max-video-preview:-1\" \/>\n<link rel=\"canonical\" href=\"https:\/\/www.danby.com\/fr\/products\/climatiseurs-de-fenetre\/dvac100b1wdb\/\" \/>\n<meta property=\"og:locale\" content=\"fr_CA\" \/>\n<meta property=\"og:type\" content=\"article\" \/>\n<meta property=\"og:title\" content=\"Danby 10000 BTU Vertical AC en blanc - DVAC100B1WDB | Danby Canada\" \/>\n<meta property=\"og:description\" content=\"Il est toujours plus facile de g\u00e9rer la chaleur et l\u2019humidit\u00e9 estivales si votre maison est fra\u00eeche et confortable. Vous serez assur\u00e9 de maintenir la chaleur \u00e0 l\u2019ext\u00e9rieur avec ce climatiseur de 10 000 BTU conforme \u00e0 la norme Energy Star. L\u2019appareil peut facilement refroidir une zone de jusqu\u2019\u00e0 450 pi2 pendant qu\u2019il fait chaud \u00e0 l\u2019ext\u00e9rieur. Il est dot\u00e9 d\u2019un syst\u00e8me de circulation d\u2019air \u00e0 quatre directions et d\u2019une commande de temp\u00e9rature \u00e9lectronique \u00e0 DEL facile \u00e0 programmer qui peut \u00eatre programm\u00e9e \u00e0 distance. Le climatiseur fonctionne avec du fluide frigorig\u00e8ne R410A \u00e9cologique. Vous pouvez aussi \u00e9conomiser de l\u2019\u00e9nergie gr\u00e2ce au commutateur d\u2019\u00e9conomie d\u2019\u00e9nergie qui met en marche et \u00e9teint le ventilateur de l\u2019appareil pour r\u00e9duire la consommation d\u2019\u00e9nergie.\" \/>\n<meta property=\"og:url\" content=\"https:\/\/www.danby.com\/fr\/products\/climatiseurs-de-fenetre\/dvac100b1wdb\/\" \/>\n<meta property=\"og:site_name\" content=\"Danby - Canada - French\" \/>\n<meta property=\"article:publisher\" content=\"https:\/\/www.facebook.com\/DanbyAppliances\" \/>\n<meta property=\"article:modified_time\" content=\"2026-04-05T10:06:55+00:00\" \/>\n<meta property=\"og:image\" content=\"https:\/\/cdnweb.danby.com\/wp-content\/uploads\/sites\/2\/2023\/04\/27194148\/DVAC100B1WDB_Front.jpg\" \/>\n\t<meta property=\"og:image:width\" content=\"2000\" \/>\n\t<meta property=\"og:image:height\" content=\"2000\" \/>\n\t<meta property=\"og:image:type\" content=\"image\/jpeg\" \/>\n<meta name=\"twitter:card\" content=\"summary_large_image\" \/>\n<meta name=\"twitter:site\" content=\"@DanbyAppliance\" \/>\n<script type=\"application\/ld+json\" class=\"yoast-schema-graph\">{\"@context\":\"https:\/\/schema.org\",\"@graph\":[{\"@type\":[\"WebPage\",\"ItemPage\"],\"url\":\"https:\/\/www.danby.com\/fr\/products\/climatiseurs-de-fenetre\/dvac100b1wdb\/\",\"name\":\"Danby 10000 BTU Vertical AC en blanc - DVAC100B1WDB | Danby Canada\",\"isPartOf\":[],\"primaryImageOfPage\":[],\"image\":[],\"thumbnailUrl\":\"https:\/\/cdnweb.danby.com\/wp-content\/uploads\/sites\/2\/2023\/04\/27194148\/DVAC100B1WDB_Front.jpg\",\"datePublished\":\"2022-02-03T19:21:40+00:00\",\"dateModified\":\"2026-04-05T10:06:55+00:00\",\"description\":\"Il est toujours plus facile de g\u00e9rer la chaleur et l\u2019humidit\u00e9 estivales si votre maison est fra\u00eeche et confortable. Vous serez assur\u00e9 de maintenir la chaleur \u00e0 l\u2019ext\u00e9rieur avec ce climatiseur de 10 000 BTU conforme \u00e0 la norme Energy Star. L\u2019appareil peut facilement refroidir une zone de jusqu\u2019\u00e0 450 pi2 pendant qu\u2019il fait chaud \u00e0 l\u2019ext\u00e9rieur. Il est dot\u00e9 d\u2019un syst\u00e8me de circulation d\u2019air \u00e0 quatre directions et d\u2019une commande de temp\u00e9rature \u00e9lectronique \u00e0 DEL facile \u00e0 programmer qui peut \u00eatre programm\u00e9e \u00e0 distance. Le climatiseur fonctionne avec du fluide frigorig\u00e8ne R410A \u00e9cologique. Vous pouvez aussi \u00e9conomiser de l\u2019\u00e9nergie gr\u00e2ce au commutateur d\u2019\u00e9conomie d\u2019\u00e9nergie qui met en marche et \u00e9teint le ventilateur de l\u2019appareil pour r\u00e9duire la consommation d\u2019\u00e9nergie.\",\"breadcrumb\":[],\"inLanguage\":\"fr-CA\",\"potentialAction\":[{\"@type\":\"ReadAction\",\"target\":[\"https:\/\/www.danby.com\/fr\/products\/climatiseurs-de-fenetre\/dvac100b1wdb\/\"]}]},{\"@type\":\"ImageObject\",\"inLanguage\":\"fr-CA\",\"url\":\"https:\/\/cdnweb.danby.com\/wp-content\/uploads\/sites\/2\/2023\/04\/27194148\/DVAC100B1WDB_Front.jpg\",\"contentUrl\":\"https:\/\/cdnweb.danby.com\/wp-content\/uploads\/sites\/2\/2023\/04\/27194148\/DVAC100B1WDB_Front.jpg\",\"width\":2000,\"height\":2000},{\"@type\":\"BreadcrumbList\",\"itemListElement\":[{\"@type\":\"ListItem\",\"position\":1,\"name\":\"Home\",\"item\":\"https:\/\/www.danby.com\/fr\/\"},{\"@type\":\"ListItem\",\"position\":2,\"name\":\"Boutique\",\"item\":\"https:\/\/www.danby.com\/fr\/boutique\/\"},{\"@type\":\"ListItem\",\"position\":3,\"name\":\"Danby 10000 BTU Vertical AC en blanc\"}]},{\"@type\":\"WebSite\",\"url\":\"https:\/\/www.danby.com\/fr\/\",\"name\":\"Danby - Canada - French\",\"description\":\"Leader dans le domaine de la r\u00e9frig\u00e9ration et des appareils sp\u00e9cialis\u00e9s\",\"publisher\":[],\"potentialAction\":[{\"@type\":\"SearchAction\",\"target\":{\"@type\":\"EntryPoint\",\"urlTemplate\":\"https:\/\/www.danby.com\/fr\/?s={search_term_string}\"},\"query-input\":{\"@type\":\"PropertyValueSpecification\",\"valueRequired\":true,\"valueName\":\"search_term_string\"}}],\"inLanguage\":\"fr-CA\"},{\"@type\":\"Organization\",\"name\":\"Danby Appliances\",\"url\":\"https:\/\/www.danby.com\/fr\/\",\"logo\":{\"@type\":\"ImageObject\",\"inLanguage\":\"fr-CA\",\"url\":\"https:\/\/cdnweb.danby.com\/wp-content\/uploads\/sites\/2\/2022\/02\/10141906\/Danby75Ans_Blue.png\",\"contentUrl\":\"https:\/\/cdnweb.danby.com\/wp-content\/uploads\/sites\/2\/2022\/02\/10141906\/Danby75Ans_Blue.png\",\"width\":470,\"height\":110,\"caption\":\"Danby Appliances\"},\"image\":[],\"sameAs\":[\"https:\/\/www.facebook.com\/DanbyAppliances\",\"https:\/\/x.com\/DanbyAppliance\",\"https:\/\/instagram.com\/danbyappliances\/\",\"https:\/\/www.linkedin.com\/company\/danbyappliances\",\"https:\/\/www.pinterest.ca\/danbyappliances\/\",\"https:\/\/www.youtube.com\/user\/DanbyProducts\",\"https:\/\/en.wikipedia.org\/wiki\/Danby_(appliances)\"]}]}<\/script>\n<!-- \/ Yoast SEO plugin. -->","yoast_head_json":{"title":"Danby 10000 BTU Vertical AC en blanc - DVAC100B1WDB | Danby Canada","description":"Il est toujours plus facile de g\u00e9rer la chaleur et l\u2019humidit\u00e9 estivales si votre maison est fra\u00eeche et confortable. Vous serez assur\u00e9 de maintenir la chaleur \u00e0 l\u2019ext\u00e9rieur avec ce climatiseur de 10 000 BTU conforme \u00e0 la norme Energy Star. L\u2019appareil peut facilement refroidir une zone de jusqu\u2019\u00e0 450 pi2 pendant qu\u2019il fait chaud \u00e0 l\u2019ext\u00e9rieur. Il est dot\u00e9 d\u2019un syst\u00e8me de circulation d\u2019air \u00e0 quatre directions et d\u2019une commande de temp\u00e9rature \u00e9lectronique \u00e0 DEL facile \u00e0 programmer qui peut \u00eatre programm\u00e9e \u00e0 distance. Le climatiseur fonctionne avec du fluide frigorig\u00e8ne R410A \u00e9cologique. Vous pouvez aussi \u00e9conomiser de l\u2019\u00e9nergie gr\u00e2ce au commutateur d\u2019\u00e9conomie d\u2019\u00e9nergie qui met en marche et \u00e9teint le ventilateur de l\u2019appareil pour r\u00e9duire la consommation d\u2019\u00e9nergie.","robots":{"index":"index","follow":"follow","max-snippet":"max-snippet:-1","max-image-preview":"max-image-preview:large","max-video-preview":"max-video-preview:-1"},"canonical":"https:\/\/www.danby.com\/fr\/products\/climatiseurs-de-fenetre\/dvac100b1wdb\/","og_locale":"fr_CA","og_type":"article","og_title":"Danby 10000 BTU Vertical AC en blanc - DVAC100B1WDB | Danby Canada","og_description":"Il est toujours plus facile de g\u00e9rer la chaleur et l\u2019humidit\u00e9 estivales si votre maison est fra\u00eeche et confortable. Vous serez assur\u00e9 de maintenir la chaleur \u00e0 l\u2019ext\u00e9rieur avec ce climatiseur de 10 000 BTU conforme \u00e0 la norme Energy Star. L\u2019appareil peut facilement refroidir une zone de jusqu\u2019\u00e0 450 pi2 pendant qu\u2019il fait chaud \u00e0 l\u2019ext\u00e9rieur. Il est dot\u00e9 d\u2019un syst\u00e8me de circulation d\u2019air \u00e0 quatre directions et d\u2019une commande de temp\u00e9rature \u00e9lectronique \u00e0 DEL facile \u00e0 programmer qui peut \u00eatre programm\u00e9e \u00e0 distance. Le climatiseur fonctionne avec du fluide frigorig\u00e8ne R410A \u00e9cologique. Vous pouvez aussi \u00e9conomiser de l\u2019\u00e9nergie gr\u00e2ce au commutateur d\u2019\u00e9conomie d\u2019\u00e9nergie qui met en marche et \u00e9teint le ventilateur de l\u2019appareil pour r\u00e9duire la consommation d\u2019\u00e9nergie.","og_url":"https:\/\/www.danby.com\/fr\/products\/climatiseurs-de-fenetre\/dvac100b1wdb\/","og_site_name":"Danby - Canada - French","article_publisher":"https:\/\/www.facebook.com\/DanbyAppliances","article_modified_time":"2026-04-05T10:06:55+00:00","og_image":[{"width":2000,"height":2000,"url":"https:\/\/cdnweb.danby.com\/wp-content\/uploads\/sites\/2\/2023\/04\/27194148\/DVAC100B1WDB_Front.jpg","type":"image\/jpeg"}],"twitter_card":"summary_large_image","twitter_site":"@DanbyAppliance","schema":{"@context":"https:\/\/schema.org","@graph":[{"@type":["WebPage","ItemPage"],"url":"https:\/\/www.danby.com\/fr\/products\/climatiseurs-de-fenetre\/dvac100b1wdb\/","name":"Danby 10000 BTU Vertical AC en blanc - DVAC100B1WDB | Danby Canada","isPartOf":[],"primaryImageOfPage":[],"image":[],"thumbnailUrl":"https:\/\/cdnweb.danby.com\/wp-content\/uploads\/sites\/2\/2023\/04\/27194148\/DVAC100B1WDB_Front.jpg","datePublished":"2022-02-03T19:21:40+00:00","dateModified":"2026-04-05T10:06:55+00:00","description":"Il est toujours plus facile de g\u00e9rer la chaleur et l\u2019humidit\u00e9 estivales si votre maison est fra\u00eeche et confortable. Vous serez assur\u00e9 de maintenir la chaleur \u00e0 l\u2019ext\u00e9rieur avec ce climatiseur de 10 000 BTU conforme \u00e0 la norme Energy Star. L\u2019appareil peut facilement refroidir une zone de jusqu\u2019\u00e0 450 pi2 pendant qu\u2019il fait chaud \u00e0 l\u2019ext\u00e9rieur. Il est dot\u00e9 d\u2019un syst\u00e8me de circulation d\u2019air \u00e0 quatre directions et d\u2019une commande de temp\u00e9rature \u00e9lectronique \u00e0 DEL facile \u00e0 programmer qui peut \u00eatre programm\u00e9e \u00e0 distance. Le climatiseur fonctionne avec du fluide frigorig\u00e8ne R410A \u00e9cologique. Vous pouvez aussi \u00e9conomiser de l\u2019\u00e9nergie gr\u00e2ce au commutateur d\u2019\u00e9conomie d\u2019\u00e9nergie qui met en marche et \u00e9teint le ventilateur de l\u2019appareil pour r\u00e9duire la consommation d\u2019\u00e9nergie.","breadcrumb":[],"inLanguage":"fr-CA","potentialAction":[{"@type":"ReadAction","target":["https:\/\/www.danby.com\/fr\/products\/climatiseurs-de-fenetre\/dvac100b1wdb\/"]}]},{"@type":"ImageObject","inLanguage":"fr-CA","url":"https:\/\/cdnweb.danby.com\/wp-content\/uploads\/sites\/2\/2023\/04\/27194148\/DVAC100B1WDB_Front.jpg","contentUrl":"https:\/\/cdnweb.danby.com\/wp-content\/uploads\/sites\/2\/2023\/04\/27194148\/DVAC100B1WDB_Front.jpg","width":2000,"height":2000},{"@type":"BreadcrumbList","itemListElement":[{"@type":"ListItem","position":1,"name":"Home","item":"https:\/\/www.danby.com\/fr\/"},{"@type":"ListItem","position":2,"name":"Boutique","item":"https:\/\/www.danby.com\/fr\/boutique\/"},{"@type":"ListItem","position":3,"name":"Danby 10000 BTU Vertical AC en blanc"}]},{"@type":"WebSite","url":"https:\/\/www.danby.com\/fr\/","name":"Danby - Canada - French","description":"Leader dans le domaine de la r\u00e9frig\u00e9ration et des appareils sp\u00e9cialis\u00e9s","publisher":[],"potentialAction":[{"@type":"SearchAction","target":{"@type":"EntryPoint","urlTemplate":"https:\/\/www.danby.com\/fr\/?s={search_term_string}"},"query-input":{"@type":"PropertyValueSpecification","valueRequired":true,"valueName":"search_term_string"}}],"inLanguage":"fr-CA"},{"@type":"Organization","name":"Danby Appliances","url":"https:\/\/www.danby.com\/fr\/","logo":{"@type":"ImageObject","inLanguage":"fr-CA","url":"https:\/\/cdnweb.danby.com\/wp-content\/uploads\/sites\/2\/2022\/02\/10141906\/Danby75Ans_Blue.png","contentUrl":"https:\/\/cdnweb.danby.com\/wp-content\/uploads\/sites\/2\/2022\/02\/10141906\/Danby75Ans_Blue.png","width":470,"height":110,"caption":"Danby Appliances"},"image":[],"sameAs":["https:\/\/www.facebook.com\/DanbyAppliances","https:\/\/x.com\/DanbyAppliance","https:\/\/instagram.com\/danbyappliances\/","https:\/\/www.linkedin.com\/company\/danbyappliances","https:\/\/www.pinterest.ca\/danbyappliances\/","https:\/\/www.youtube.com\/user\/DanbyProducts","https:\/\/en.wikipedia.org\/wiki\/Danby_(appliances)"]}]}},"post_mailing_queue_ids":[],"_links":{"self":[{"href":"https:\/\/www.danby.com\/fr\/wp-json\/wp\/v2\/product\/5260","targetHints":{"allow":["GET"]}}],"collection":[{"href":"https:\/\/www.danby.com\/fr\/wp-json\/wp\/v2\/product"}],"about":[{"href":"https:\/\/www.danby.com\/fr\/wp-json\/wp\/v2\/types\/product"}],"replies":[{"embeddable":true,"href":"https:\/\/www.danby.com\/fr\/wp-json\/wp\/v2\/comments?post=5260"}],"wp:featuredmedia":[{"embeddable":true,"href":"https:\/\/www.danby.com\/fr\/wp-json\/wp\/v2\/media\/21704"}],"wp:attachment":[{"href":"https:\/\/www.danby.com\/fr\/wp-json\/wp\/v2\/media?parent=5260"}],"wp:term":[{"taxonomy":"product_brand","embeddable":true,"href":"https:\/\/www.danby.com\/fr\/wp-json\/wp\/v2\/product_brand?post=5260"},{"taxonomy":"product_cat","embeddable":true,"href":"https:\/\/www.danby.com\/fr\/wp-json\/wp\/v2\/product_cat?post=5260"},{"taxonomy":"product_tag","embeddable":true,"href":"https:\/\/www.danby.com\/fr\/wp-json\/wp\/v2\/product_tag?post=5260"}],"curies":[{"name":"wp","href":"https:\/\/api.w.org\/{rel}","templated":true}]}}