{"id":5254,"date":"2022-02-03T19:21:40","date_gmt":"2022-02-03T19:21:40","guid":{"rendered":"https:\/\/www.danby.com\/fr\/product\/dufm454wdb\/"},"modified":"2026-04-21T10:12:41","modified_gmt":"2026-04-21T10:12:41","slug":"dufm454wdb","status":"publish","type":"product","link":"https:\/\/www.danby.com\/fr\/products\/congelateurs\/dufm454wdb\/","title":{"rendered":"Danby 16 pi3 Cong\u00e9lateur"},"content":{"rendered":"","protected":false},"excerpt":{"rendered":"<ul>\n<li>Cat\u00e9gorie Energy Star\u00ae<\/li>\n<li>Cong\u00e9lateur vertical d&#8217;une capacit\u00e9 de 450 litres (16 pi3)<\/li>\n<li>Ext\u00e9rieur et int\u00e9rieur blancs<\/li>\n<li>Thermostat m\u00e9canique<\/li>\n<li>Lumi\u00e8re int\u00e9rieure<\/li>\n<li>3 tablettes, 5 tablettes de porte<\/li>\n<li>Panier de rangement pour les petits articles fr\u00e9quemment utilis\u00e9s<\/li>\n<li>Charni\u00e8re de porte r\u00e9versible pour une ouverture \u00e0 gauche ou \u00e0 droite<\/li>\n<\/ul>\n","protected":false},"featured_media":7494,"comment_status":"closed","ping_status":"open","template":"","meta":{"_acf_changed":false},"product_brand":[],"product_cat":[27],"product_tag":[],"class_list":{"0":"post-5254","1":"product","2":"type-product","3":"status-publish","4":"has-post-thumbnail","6":"product_cat-congelateurs","8":"first","9":"outofstock","10":"taxable","11":"shipping-taxable","12":"product-type-simple"},"acf":[],"yoast_head":"<!-- This site is optimized with the Yoast SEO plugin v26.7 - https:\/\/yoast.com\/wordpress\/plugins\/seo\/ -->\n<title>Danby 16 pi3 Cong\u00e9lateur - DUFM454WDB | Danby Canada<\/title>\n<meta name=\"description\" content=\"Une grande capacit\u00e9, une efficacit\u00e9 et une fiabilit\u00e9 exceptionnelles, voil\u00e0 ce qui permet \u00e0 ce classique cong\u00e9lateur armoire Danby de dominer la comp\u00e9tition. La conception \u00e0 la verticale de cet appareil \u00e9l\u00e9gant en r\u00e9duit l\u2019encombrement et l\u2019homologation Energy Star aura une influence \u00e0 la baisse sur vos factures mensuelles d\u2019\u00e9lectricit\u00e9. Ce cong\u00e9lateur grande capacit\u00e9, dispose d\u2019une surface d\u2019entreposage super g\u00e9n\u00e9reuse de 450 litres (16 pieds cubes) et son rev\u00eatement int\u00e9rieur et ext\u00e9rieur blanc, sera toujours en vogue. Il est assorti d\u2019un thermostat m\u00e9canique de pr\u00e9cision, facile \u00e0 programmer et l\u2019\u00e9clairage int\u00e9rieur brillant, facilite la recherche et l\u2019identification de vos aliments congel\u00e9s favoris. Ce populaire mod\u00e8le comprend plusieurs options d\u2019entreposage incluant les trois clayettes int\u00e9rieures et les cinq balconnets pratiques. De plus, vos aliments les plus populaires et les emballages de plus petit format peuvent \u00eatre rapidement localis\u00e9s, lorsqu\u2019ils sont plac\u00e9s dans le robuste panier d\u2019entreposage. Ce cong\u00e9lateur tendance dispose aussi d\u2019une astucieuse charni\u00e8re de porte r\u00e9versible, vous permettant d\u2019ajuster l\u2019ouverture de la porte vers la gauche ou vers la droite. Il est offert avec une garantie sans tracas de 12 mois sur les pi\u00e8ces et la main-d\u2019\u0153uvre, incluant le service \u00e0 domicile.\" \/>\n<meta name=\"robots\" content=\"index, follow, max-snippet:-1, max-image-preview:large, max-video-preview:-1\" \/>\n<link rel=\"canonical\" href=\"https:\/\/www.danby.com\/fr\/products\/congelateurs\/dufm454wdb\/\" \/>\n<meta property=\"og:locale\" content=\"fr_CA\" \/>\n<meta property=\"og:type\" content=\"article\" \/>\n<meta property=\"og:title\" content=\"Danby 16 pi3 Cong\u00e9lateur - DUFM454WDB | Danby Canada\" \/>\n<meta property=\"og:description\" content=\"Une grande capacit\u00e9, une efficacit\u00e9 et une fiabilit\u00e9 exceptionnelles, voil\u00e0 ce qui permet \u00e0 ce classique cong\u00e9lateur armoire Danby de dominer la comp\u00e9tition. La conception \u00e0 la verticale de cet appareil \u00e9l\u00e9gant en r\u00e9duit l\u2019encombrement et l\u2019homologation Energy Star aura une influence \u00e0 la baisse sur vos factures mensuelles d\u2019\u00e9lectricit\u00e9. Ce cong\u00e9lateur grande capacit\u00e9, dispose d\u2019une surface d\u2019entreposage super g\u00e9n\u00e9reuse de 450 litres (16 pieds cubes) et son rev\u00eatement int\u00e9rieur et ext\u00e9rieur blanc, sera toujours en vogue. Il est assorti d\u2019un thermostat m\u00e9canique de pr\u00e9cision, facile \u00e0 programmer et l\u2019\u00e9clairage int\u00e9rieur brillant, facilite la recherche et l\u2019identification de vos aliments congel\u00e9s favoris. Ce populaire mod\u00e8le comprend plusieurs options d\u2019entreposage incluant les trois clayettes int\u00e9rieures et les cinq balconnets pratiques. De plus, vos aliments les plus populaires et les emballages de plus petit format peuvent \u00eatre rapidement localis\u00e9s, lorsqu\u2019ils sont plac\u00e9s dans le robuste panier d\u2019entreposage. Ce cong\u00e9lateur tendance dispose aussi d\u2019une astucieuse charni\u00e8re de porte r\u00e9versible, vous permettant d\u2019ajuster l\u2019ouverture de la porte vers la gauche ou vers la droite. Il est offert avec une garantie sans tracas de 12 mois sur les pi\u00e8ces et la main-d\u2019\u0153uvre, incluant le service \u00e0 domicile.\" \/>\n<meta property=\"og:url\" content=\"https:\/\/www.danby.com\/fr\/products\/congelateurs\/dufm454wdb\/\" \/>\n<meta property=\"og:site_name\" content=\"Danby - Canada - French\" \/>\n<meta property=\"article:publisher\" content=\"https:\/\/www.facebook.com\/DanbyAppliances\" \/>\n<meta property=\"article:modified_time\" content=\"2026-04-21T10:12:41+00:00\" \/>\n<meta property=\"og:image\" content=\"https:\/\/cdnweb.danby.com\/wp-content\/uploads\/sites\/2\/2022\/02\/08193516\/proMed-dufm454_cl2.jpg\" \/>\n\t<meta property=\"og:image:width\" content=\"300\" \/>\n\t<meta property=\"og:image:height\" content=\"272\" \/>\n\t<meta property=\"og:image:type\" content=\"image\/jpeg\" \/>\n<meta name=\"twitter:card\" content=\"summary_large_image\" \/>\n<meta name=\"twitter:site\" content=\"@DanbyAppliance\" \/>\n<script type=\"application\/ld+json\" class=\"yoast-schema-graph\">{\"@context\":\"https:\/\/schema.org\",\"@graph\":[{\"@type\":[\"WebPage\",\"ItemPage\"],\"url\":\"https:\/\/www.danby.com\/fr\/products\/congelateurs\/dufm454wdb\/\",\"name\":\"Danby 16 pi3 Cong\u00e9lateur - DUFM454WDB | Danby Canada\",\"isPartOf\":[],\"primaryImageOfPage\":[],\"image\":[],\"thumbnailUrl\":\"https:\/\/cdnweb.danby.com\/wp-content\/uploads\/sites\/2\/2022\/02\/08193516\/proMed-dufm454_cl2.jpg\",\"datePublished\":\"2022-02-03T19:21:40+00:00\",\"dateModified\":\"2026-04-21T10:12:41+00:00\",\"description\":\"Une grande capacit\u00e9, une efficacit\u00e9 et une fiabilit\u00e9 exceptionnelles, voil\u00e0 ce qui permet \u00e0 ce classique cong\u00e9lateur armoire Danby de dominer la comp\u00e9tition. La conception \u00e0 la verticale de cet appareil \u00e9l\u00e9gant en r\u00e9duit l\u2019encombrement et l\u2019homologation Energy Star aura une influence \u00e0 la baisse sur vos factures mensuelles d\u2019\u00e9lectricit\u00e9. Ce cong\u00e9lateur grande capacit\u00e9, dispose d\u2019une surface d\u2019entreposage super g\u00e9n\u00e9reuse de 450 litres (16 pieds cubes) et son rev\u00eatement int\u00e9rieur et ext\u00e9rieur blanc, sera toujours en vogue. Il est assorti d\u2019un thermostat m\u00e9canique de pr\u00e9cision, facile \u00e0 programmer et l\u2019\u00e9clairage int\u00e9rieur brillant, facilite la recherche et l\u2019identification de vos aliments congel\u00e9s favoris. Ce populaire mod\u00e8le comprend plusieurs options d\u2019entreposage incluant les trois clayettes int\u00e9rieures et les cinq balconnets pratiques. De plus, vos aliments les plus populaires et les emballages de plus petit format peuvent \u00eatre rapidement localis\u00e9s, lorsqu\u2019ils sont plac\u00e9s dans le robuste panier d\u2019entreposage. Ce cong\u00e9lateur tendance dispose aussi d\u2019une astucieuse charni\u00e8re de porte r\u00e9versible, vous permettant d\u2019ajuster l\u2019ouverture de la porte vers la gauche ou vers la droite. Il est offert avec une garantie sans tracas de 12 mois sur les pi\u00e8ces et la main-d\u2019\u0153uvre, incluant le service \u00e0 domicile.\",\"breadcrumb\":[],\"inLanguage\":\"fr-CA\",\"potentialAction\":[{\"@type\":\"ReadAction\",\"target\":[\"https:\/\/www.danby.com\/fr\/products\/congelateurs\/dufm454wdb\/\"]}]},{\"@type\":\"ImageObject\",\"inLanguage\":\"fr-CA\",\"url\":\"https:\/\/cdnweb.danby.com\/wp-content\/uploads\/sites\/2\/2022\/02\/08193516\/proMed-dufm454_cl2.jpg\",\"contentUrl\":\"https:\/\/cdnweb.danby.com\/wp-content\/uploads\/sites\/2\/2022\/02\/08193516\/proMed-dufm454_cl2.jpg\",\"width\":300,\"height\":272},{\"@type\":\"BreadcrumbList\",\"itemListElement\":[{\"@type\":\"ListItem\",\"position\":1,\"name\":\"Home\",\"item\":\"https:\/\/www.danby.com\/fr\/\"},{\"@type\":\"ListItem\",\"position\":2,\"name\":\"Boutique\",\"item\":\"https:\/\/www.danby.com\/fr\/boutique\/\"},{\"@type\":\"ListItem\",\"position\":3,\"name\":\"Danby 16 pi3 Cong\u00e9lateur\"}]},{\"@type\":\"WebSite\",\"url\":\"https:\/\/www.danby.com\/fr\/\",\"name\":\"Danby - Canada - French\",\"description\":\"Leader dans le domaine de la r\u00e9frig\u00e9ration et des appareils sp\u00e9cialis\u00e9s\",\"publisher\":[],\"potentialAction\":[{\"@type\":\"SearchAction\",\"target\":{\"@type\":\"EntryPoint\",\"urlTemplate\":\"https:\/\/www.danby.com\/fr\/?s={search_term_string}\"},\"query-input\":{\"@type\":\"PropertyValueSpecification\",\"valueRequired\":true,\"valueName\":\"search_term_string\"}}],\"inLanguage\":\"fr-CA\"},{\"@type\":\"Organization\",\"name\":\"Danby Appliances\",\"url\":\"https:\/\/www.danby.com\/fr\/\",\"logo\":{\"@type\":\"ImageObject\",\"inLanguage\":\"fr-CA\",\"url\":\"https:\/\/cdnweb.danby.com\/wp-content\/uploads\/sites\/2\/2022\/02\/10141906\/Danby75Ans_Blue.png\",\"contentUrl\":\"https:\/\/cdnweb.danby.com\/wp-content\/uploads\/sites\/2\/2022\/02\/10141906\/Danby75Ans_Blue.png\",\"width\":470,\"height\":110,\"caption\":\"Danby Appliances\"},\"image\":[],\"sameAs\":[\"https:\/\/www.facebook.com\/DanbyAppliances\",\"https:\/\/x.com\/DanbyAppliance\",\"https:\/\/instagram.com\/danbyappliances\/\",\"https:\/\/www.linkedin.com\/company\/danbyappliances\",\"https:\/\/www.pinterest.ca\/danbyappliances\/\",\"https:\/\/www.youtube.com\/user\/DanbyProducts\",\"https:\/\/en.wikipedia.org\/wiki\/Danby_(appliances)\"]}]}<\/script>\n<!-- \/ Yoast SEO plugin. -->","yoast_head_json":{"title":"Danby 16 pi3 Cong\u00e9lateur - DUFM454WDB | Danby Canada","description":"Une grande capacit\u00e9, une efficacit\u00e9 et une fiabilit\u00e9 exceptionnelles, voil\u00e0 ce qui permet \u00e0 ce classique cong\u00e9lateur armoire Danby de dominer la comp\u00e9tition. La conception \u00e0 la verticale de cet appareil \u00e9l\u00e9gant en r\u00e9duit l\u2019encombrement et l\u2019homologation Energy Star aura une influence \u00e0 la baisse sur vos factures mensuelles d\u2019\u00e9lectricit\u00e9. Ce cong\u00e9lateur grande capacit\u00e9, dispose d\u2019une surface d\u2019entreposage super g\u00e9n\u00e9reuse de 450 litres (16 pieds cubes) et son rev\u00eatement int\u00e9rieur et ext\u00e9rieur blanc, sera toujours en vogue. Il est assorti d\u2019un thermostat m\u00e9canique de pr\u00e9cision, facile \u00e0 programmer et l\u2019\u00e9clairage int\u00e9rieur brillant, facilite la recherche et l\u2019identification de vos aliments congel\u00e9s favoris. Ce populaire mod\u00e8le comprend plusieurs options d\u2019entreposage incluant les trois clayettes int\u00e9rieures et les cinq balconnets pratiques. De plus, vos aliments les plus populaires et les emballages de plus petit format peuvent \u00eatre rapidement localis\u00e9s, lorsqu\u2019ils sont plac\u00e9s dans le robuste panier d\u2019entreposage. Ce cong\u00e9lateur tendance dispose aussi d\u2019une astucieuse charni\u00e8re de porte r\u00e9versible, vous permettant d\u2019ajuster l\u2019ouverture de la porte vers la gauche ou vers la droite. Il est offert avec une garantie sans tracas de 12 mois sur les pi\u00e8ces et la main-d\u2019\u0153uvre, incluant le service \u00e0 domicile.","robots":{"index":"index","follow":"follow","max-snippet":"max-snippet:-1","max-image-preview":"max-image-preview:large","max-video-preview":"max-video-preview:-1"},"canonical":"https:\/\/www.danby.com\/fr\/products\/congelateurs\/dufm454wdb\/","og_locale":"fr_CA","og_type":"article","og_title":"Danby 16 pi3 Cong\u00e9lateur - DUFM454WDB | Danby Canada","og_description":"Une grande capacit\u00e9, une efficacit\u00e9 et une fiabilit\u00e9 exceptionnelles, voil\u00e0 ce qui permet \u00e0 ce classique cong\u00e9lateur armoire Danby de dominer la comp\u00e9tition. La conception \u00e0 la verticale de cet appareil \u00e9l\u00e9gant en r\u00e9duit l\u2019encombrement et l\u2019homologation Energy Star aura une influence \u00e0 la baisse sur vos factures mensuelles d\u2019\u00e9lectricit\u00e9. Ce cong\u00e9lateur grande capacit\u00e9, dispose d\u2019une surface d\u2019entreposage super g\u00e9n\u00e9reuse de 450 litres (16 pieds cubes) et son rev\u00eatement int\u00e9rieur et ext\u00e9rieur blanc, sera toujours en vogue. Il est assorti d\u2019un thermostat m\u00e9canique de pr\u00e9cision, facile \u00e0 programmer et l\u2019\u00e9clairage int\u00e9rieur brillant, facilite la recherche et l\u2019identification de vos aliments congel\u00e9s favoris. Ce populaire mod\u00e8le comprend plusieurs options d\u2019entreposage incluant les trois clayettes int\u00e9rieures et les cinq balconnets pratiques. De plus, vos aliments les plus populaires et les emballages de plus petit format peuvent \u00eatre rapidement localis\u00e9s, lorsqu\u2019ils sont plac\u00e9s dans le robuste panier d\u2019entreposage. Ce cong\u00e9lateur tendance dispose aussi d\u2019une astucieuse charni\u00e8re de porte r\u00e9versible, vous permettant d\u2019ajuster l\u2019ouverture de la porte vers la gauche ou vers la droite. Il est offert avec une garantie sans tracas de 12 mois sur les pi\u00e8ces et la main-d\u2019\u0153uvre, incluant le service \u00e0 domicile.","og_url":"https:\/\/www.danby.com\/fr\/products\/congelateurs\/dufm454wdb\/","og_site_name":"Danby - Canada - French","article_publisher":"https:\/\/www.facebook.com\/DanbyAppliances","article_modified_time":"2026-04-21T10:12:41+00:00","og_image":[{"width":300,"height":272,"url":"https:\/\/cdnweb.danby.com\/wp-content\/uploads\/sites\/2\/2022\/02\/08193516\/proMed-dufm454_cl2.jpg","type":"image\/jpeg"}],"twitter_card":"summary_large_image","twitter_site":"@DanbyAppliance","schema":{"@context":"https:\/\/schema.org","@graph":[{"@type":["WebPage","ItemPage"],"url":"https:\/\/www.danby.com\/fr\/products\/congelateurs\/dufm454wdb\/","name":"Danby 16 pi3 Cong\u00e9lateur - DUFM454WDB | Danby Canada","isPartOf":[],"primaryImageOfPage":[],"image":[],"thumbnailUrl":"https:\/\/cdnweb.danby.com\/wp-content\/uploads\/sites\/2\/2022\/02\/08193516\/proMed-dufm454_cl2.jpg","datePublished":"2022-02-03T19:21:40+00:00","dateModified":"2026-04-21T10:12:41+00:00","description":"Une grande capacit\u00e9, une efficacit\u00e9 et une fiabilit\u00e9 exceptionnelles, voil\u00e0 ce qui permet \u00e0 ce classique cong\u00e9lateur armoire Danby de dominer la comp\u00e9tition. La conception \u00e0 la verticale de cet appareil \u00e9l\u00e9gant en r\u00e9duit l\u2019encombrement et l\u2019homologation Energy Star aura une influence \u00e0 la baisse sur vos factures mensuelles d\u2019\u00e9lectricit\u00e9. Ce cong\u00e9lateur grande capacit\u00e9, dispose d\u2019une surface d\u2019entreposage super g\u00e9n\u00e9reuse de 450 litres (16 pieds cubes) et son rev\u00eatement int\u00e9rieur et ext\u00e9rieur blanc, sera toujours en vogue. Il est assorti d\u2019un thermostat m\u00e9canique de pr\u00e9cision, facile \u00e0 programmer et l\u2019\u00e9clairage int\u00e9rieur brillant, facilite la recherche et l\u2019identification de vos aliments congel\u00e9s favoris. Ce populaire mod\u00e8le comprend plusieurs options d\u2019entreposage incluant les trois clayettes int\u00e9rieures et les cinq balconnets pratiques. De plus, vos aliments les plus populaires et les emballages de plus petit format peuvent \u00eatre rapidement localis\u00e9s, lorsqu\u2019ils sont plac\u00e9s dans le robuste panier d\u2019entreposage. Ce cong\u00e9lateur tendance dispose aussi d\u2019une astucieuse charni\u00e8re de porte r\u00e9versible, vous permettant d\u2019ajuster l\u2019ouverture de la porte vers la gauche ou vers la droite. Il est offert avec une garantie sans tracas de 12 mois sur les pi\u00e8ces et la main-d\u2019\u0153uvre, incluant le service \u00e0 domicile.","breadcrumb":[],"inLanguage":"fr-CA","potentialAction":[{"@type":"ReadAction","target":["https:\/\/www.danby.com\/fr\/products\/congelateurs\/dufm454wdb\/"]}]},{"@type":"ImageObject","inLanguage":"fr-CA","url":"https:\/\/cdnweb.danby.com\/wp-content\/uploads\/sites\/2\/2022\/02\/08193516\/proMed-dufm454_cl2.jpg","contentUrl":"https:\/\/cdnweb.danby.com\/wp-content\/uploads\/sites\/2\/2022\/02\/08193516\/proMed-dufm454_cl2.jpg","width":300,"height":272},{"@type":"BreadcrumbList","itemListElement":[{"@type":"ListItem","position":1,"name":"Home","item":"https:\/\/www.danby.com\/fr\/"},{"@type":"ListItem","position":2,"name":"Boutique","item":"https:\/\/www.danby.com\/fr\/boutique\/"},{"@type":"ListItem","position":3,"name":"Danby 16 pi3 Cong\u00e9lateur"}]},{"@type":"WebSite","url":"https:\/\/www.danby.com\/fr\/","name":"Danby - Canada - French","description":"Leader dans le domaine de la r\u00e9frig\u00e9ration et des appareils sp\u00e9cialis\u00e9s","publisher":[],"potentialAction":[{"@type":"SearchAction","target":{"@type":"EntryPoint","urlTemplate":"https:\/\/www.danby.com\/fr\/?s={search_term_string}"},"query-input":{"@type":"PropertyValueSpecification","valueRequired":true,"valueName":"search_term_string"}}],"inLanguage":"fr-CA"},{"@type":"Organization","name":"Danby Appliances","url":"https:\/\/www.danby.com\/fr\/","logo":{"@type":"ImageObject","inLanguage":"fr-CA","url":"https:\/\/cdnweb.danby.com\/wp-content\/uploads\/sites\/2\/2022\/02\/10141906\/Danby75Ans_Blue.png","contentUrl":"https:\/\/cdnweb.danby.com\/wp-content\/uploads\/sites\/2\/2022\/02\/10141906\/Danby75Ans_Blue.png","width":470,"height":110,"caption":"Danby Appliances"},"image":[],"sameAs":["https:\/\/www.facebook.com\/DanbyAppliances","https:\/\/x.com\/DanbyAppliance","https:\/\/instagram.com\/danbyappliances\/","https:\/\/www.linkedin.com\/company\/danbyappliances","https:\/\/www.pinterest.ca\/danbyappliances\/","https:\/\/www.youtube.com\/user\/DanbyProducts","https:\/\/en.wikipedia.org\/wiki\/Danby_(appliances)"]}]}},"post_mailing_queue_ids":[],"_links":{"self":[{"href":"https:\/\/www.danby.com\/fr\/wp-json\/wp\/v2\/product\/5254","targetHints":{"allow":["GET"]}}],"collection":[{"href":"https:\/\/www.danby.com\/fr\/wp-json\/wp\/v2\/product"}],"about":[{"href":"https:\/\/www.danby.com\/fr\/wp-json\/wp\/v2\/types\/product"}],"replies":[{"embeddable":true,"href":"https:\/\/www.danby.com\/fr\/wp-json\/wp\/v2\/comments?post=5254"}],"wp:featuredmedia":[{"embeddable":true,"href":"https:\/\/www.danby.com\/fr\/wp-json\/wp\/v2\/media\/7494"}],"wp:attachment":[{"href":"https:\/\/www.danby.com\/fr\/wp-json\/wp\/v2\/media?parent=5254"}],"wp:term":[{"taxonomy":"product_brand","embeddable":true,"href":"https:\/\/www.danby.com\/fr\/wp-json\/wp\/v2\/product_brand?post=5254"},{"taxonomy":"product_cat","embeddable":true,"href":"https:\/\/www.danby.com\/fr\/wp-json\/wp\/v2\/product_cat?post=5254"},{"taxonomy":"product_tag","embeddable":true,"href":"https:\/\/www.danby.com\/fr\/wp-json\/wp\/v2\/product_tag?post=5254"}],"curies":[{"name":"wp","href":"https:\/\/api.w.org\/{rel}","templated":true}]}}