{"id":5252,"date":"2022-02-03T19:21:40","date_gmt":"2022-02-03T19:21:40","guid":{"rendered":"https:\/\/www.danby.com\/fr\/product\/dufm30wdd\/"},"modified":"2026-04-11T10:05:02","modified_gmt":"2026-04-11T10:05:02","slug":"dufm30wdd","status":"publish","type":"product","link":"https:\/\/www.danby.com\/fr\/products\/congelateurs\/dufm30wdd\/","title":{"rendered":"Danby Designer 2.6 pi3 Cong\u00e9lateur"},"content":{"rendered":"","protected":false},"excerpt":{"rendered":"<p>(74 litres)<\/li>\n<li>D\u00e9givrage manuel<\/li>\n<li>Thermostat m\u00e9canique facile \u00e0 utiliser<\/li>\n<li>2 tablettes de cong\u00e9lation rapide<\/li>\n<li>Tiroir de rangement inf\u00e9rieur<\/li>\n<li>Dessin \u00e0 dos lisse<\/li>\n<li>Charni\u00e8re de porte r\u00e9versible pour ouverture \u00e0 gauche ou \u00e0 droite<\/li>\n<li>Comportant un fini blanc frais avec poign\u00e9e de porte encastr\u00e9e<\/li>\n<\/ul>\n","protected":false},"featured_media":7482,"comment_status":"closed","ping_status":"open","template":"","meta":{"_acf_changed":false},"product_brand":[],"product_cat":[27],"product_tag":[],"class_list":{"0":"post-5252","1":"product","2":"type-product","3":"status-publish","4":"has-post-thumbnail","6":"product_cat-congelateurs","8":"first","9":"outofstock","10":"taxable","11":"shipping-taxable","12":"product-type-simple"},"acf":[],"yoast_head":"<!-- This site is optimized with the Yoast SEO plugin v26.7 - https:\/\/yoast.com\/wordpress\/plugins\/seo\/ -->\n<title>Danby Designer 2.6 pi3 Cong\u00e9lateur - DUFM30WDD | Danby Canada<\/title>\n<meta name=\"description\" content=\"Lorsqu\u2019il vous avez besoin d\u2019un plus grand espace de cong\u00e9lation, mais que vos disponibilit\u00e9s en mati\u00e8re d\u2019espace sont limit\u00e9es, ce mod\u00e8le Danby fiable et compact s\u2019av\u00e8re \u00eatre la parfaite solution. Cet attrayant cong\u00e9lateur vertical offre 74 litres (2,6 pieds cubes) d\u2019espace d\u2019entreposage additionnel, ce qui en fait l\u2019appareil id\u00e9al pour les bureaux, appartements et chalets. Ce cong\u00e9lateur peut facilement \u00eatre rempli gr\u00e2ce \u00e0 ses deux clayettes de surg\u00e9lation et gr\u00e2ce \u00e0 son tiroir de rangement robuste log\u00e9 dans la partie inf\u00e9rieure qui est id\u00e9al pour les emballages plus petits de vos denr\u00e9es favorites. Le beau fini blanc et la poign\u00e9e de porte encastr\u00e9e lui donnent une apparence classique et la charni\u00e8re r\u00e9versible innovatrice vous permet d\u2019ajuster la porte de fa\u00e7on \u00e0 convenir tout aussi bien aux utilisateurs gauchers que droitiers. Il est assorti d\u2019une garantie sans tracas de 18 mois sur les pi\u00e8ces et la main-d\u2019\u0153uvre, incluant l\u2019avantageux service \u00e0 domicile.\" \/>\n<meta name=\"robots\" content=\"index, follow, max-snippet:-1, max-image-preview:large, max-video-preview:-1\" \/>\n<link rel=\"canonical\" href=\"https:\/\/www.danby.com\/fr\/products\/congelateurs\/dufm30wdd\/\" \/>\n<meta property=\"og:locale\" content=\"fr_CA\" \/>\n<meta property=\"og:type\" content=\"article\" \/>\n<meta property=\"og:title\" content=\"Danby Designer 2.6 pi3 Cong\u00e9lateur - DUFM30WDD | Danby Canada\" \/>\n<meta property=\"og:description\" content=\"Lorsqu\u2019il vous avez besoin d\u2019un plus grand espace de cong\u00e9lation, mais que vos disponibilit\u00e9s en mati\u00e8re d\u2019espace sont limit\u00e9es, ce mod\u00e8le Danby fiable et compact s\u2019av\u00e8re \u00eatre la parfaite solution. Cet attrayant cong\u00e9lateur vertical offre 74 litres (2,6 pieds cubes) d\u2019espace d\u2019entreposage additionnel, ce qui en fait l\u2019appareil id\u00e9al pour les bureaux, appartements et chalets. Ce cong\u00e9lateur peut facilement \u00eatre rempli gr\u00e2ce \u00e0 ses deux clayettes de surg\u00e9lation et gr\u00e2ce \u00e0 son tiroir de rangement robuste log\u00e9 dans la partie inf\u00e9rieure qui est id\u00e9al pour les emballages plus petits de vos denr\u00e9es favorites. Le beau fini blanc et la poign\u00e9e de porte encastr\u00e9e lui donnent une apparence classique et la charni\u00e8re r\u00e9versible innovatrice vous permet d\u2019ajuster la porte de fa\u00e7on \u00e0 convenir tout aussi bien aux utilisateurs gauchers que droitiers. Il est assorti d\u2019une garantie sans tracas de 18 mois sur les pi\u00e8ces et la main-d\u2019\u0153uvre, incluant l\u2019avantageux service \u00e0 domicile.\" \/>\n<meta property=\"og:url\" content=\"https:\/\/www.danby.com\/fr\/products\/congelateurs\/dufm30wdd\/\" \/>\n<meta property=\"og:site_name\" content=\"Danby - Canada - French\" \/>\n<meta property=\"article:publisher\" content=\"https:\/\/www.facebook.com\/DanbyAppliances\" \/>\n<meta property=\"article:modified_time\" content=\"2026-04-11T10:05:02+00:00\" \/>\n<meta property=\"og:image\" content=\"https:\/\/cdnweb.danby.com\/wp-content\/uploads\/sites\/2\/2022\/02\/08193424\/proMed-dufm30wdd_clsd2.jpg\" \/>\n\t<meta property=\"og:image:width\" content=\"300\" \/>\n\t<meta property=\"og:image:height\" content=\"272\" \/>\n\t<meta property=\"og:image:type\" content=\"image\/jpeg\" \/>\n<meta name=\"twitter:card\" content=\"summary_large_image\" \/>\n<meta name=\"twitter:site\" content=\"@DanbyAppliance\" \/>\n<script type=\"application\/ld+json\" class=\"yoast-schema-graph\">{\"@context\":\"https:\/\/schema.org\",\"@graph\":[{\"@type\":[\"WebPage\",\"ItemPage\"],\"url\":\"https:\/\/www.danby.com\/fr\/products\/congelateurs\/dufm30wdd\/\",\"name\":\"Danby Designer 2.6 pi3 Cong\u00e9lateur - DUFM30WDD | Danby Canada\",\"isPartOf\":[],\"primaryImageOfPage\":[],\"image\":[],\"thumbnailUrl\":\"https:\/\/cdnweb.danby.com\/wp-content\/uploads\/sites\/2\/2022\/02\/08193424\/proMed-dufm30wdd_clsd2.jpg\",\"datePublished\":\"2022-02-03T19:21:40+00:00\",\"dateModified\":\"2026-04-11T10:05:02+00:00\",\"description\":\"Lorsqu\u2019il vous avez besoin d\u2019un plus grand espace de cong\u00e9lation, mais que vos disponibilit\u00e9s en mati\u00e8re d\u2019espace sont limit\u00e9es, ce mod\u00e8le Danby fiable et compact s\u2019av\u00e8re \u00eatre la parfaite solution. Cet attrayant cong\u00e9lateur vertical offre 74 litres (2,6 pieds cubes) d\u2019espace d\u2019entreposage additionnel, ce qui en fait l\u2019appareil id\u00e9al pour les bureaux, appartements et chalets. Ce cong\u00e9lateur peut facilement \u00eatre rempli gr\u00e2ce \u00e0 ses deux clayettes de surg\u00e9lation et gr\u00e2ce \u00e0 son tiroir de rangement robuste log\u00e9 dans la partie inf\u00e9rieure qui est id\u00e9al pour les emballages plus petits de vos denr\u00e9es favorites. Le beau fini blanc et la poign\u00e9e de porte encastr\u00e9e lui donnent une apparence classique et la charni\u00e8re r\u00e9versible innovatrice vous permet d\u2019ajuster la porte de fa\u00e7on \u00e0 convenir tout aussi bien aux utilisateurs gauchers que droitiers. Il est assorti d\u2019une garantie sans tracas de 18 mois sur les pi\u00e8ces et la main-d\u2019\u0153uvre, incluant l\u2019avantageux service \u00e0 domicile.\",\"breadcrumb\":[],\"inLanguage\":\"fr-CA\",\"potentialAction\":[{\"@type\":\"ReadAction\",\"target\":[\"https:\/\/www.danby.com\/fr\/products\/congelateurs\/dufm30wdd\/\"]}]},{\"@type\":\"ImageObject\",\"inLanguage\":\"fr-CA\",\"url\":\"https:\/\/cdnweb.danby.com\/wp-content\/uploads\/sites\/2\/2022\/02\/08193424\/proMed-dufm30wdd_clsd2.jpg\",\"contentUrl\":\"https:\/\/cdnweb.danby.com\/wp-content\/uploads\/sites\/2\/2022\/02\/08193424\/proMed-dufm30wdd_clsd2.jpg\",\"width\":300,\"height\":272},{\"@type\":\"BreadcrumbList\",\"itemListElement\":[{\"@type\":\"ListItem\",\"position\":1,\"name\":\"Home\",\"item\":\"https:\/\/www.danby.com\/fr\/\"},{\"@type\":\"ListItem\",\"position\":2,\"name\":\"Boutique\",\"item\":\"https:\/\/www.danby.com\/fr\/boutique\/\"},{\"@type\":\"ListItem\",\"position\":3,\"name\":\"Danby Designer 2.6 pi3 Cong\u00e9lateur\"}]},{\"@type\":\"WebSite\",\"url\":\"https:\/\/www.danby.com\/fr\/\",\"name\":\"Danby - Canada - French\",\"description\":\"Leader dans le domaine de la r\u00e9frig\u00e9ration et des appareils sp\u00e9cialis\u00e9s\",\"publisher\":[],\"potentialAction\":[{\"@type\":\"SearchAction\",\"target\":{\"@type\":\"EntryPoint\",\"urlTemplate\":\"https:\/\/www.danby.com\/fr\/?s={search_term_string}\"},\"query-input\":{\"@type\":\"PropertyValueSpecification\",\"valueRequired\":true,\"valueName\":\"search_term_string\"}}],\"inLanguage\":\"fr-CA\"},{\"@type\":\"Organization\",\"name\":\"Danby Appliances\",\"url\":\"https:\/\/www.danby.com\/fr\/\",\"logo\":{\"@type\":\"ImageObject\",\"inLanguage\":\"fr-CA\",\"url\":\"https:\/\/cdnweb.danby.com\/wp-content\/uploads\/sites\/2\/2022\/02\/10141906\/Danby75Ans_Blue.png\",\"contentUrl\":\"https:\/\/cdnweb.danby.com\/wp-content\/uploads\/sites\/2\/2022\/02\/10141906\/Danby75Ans_Blue.png\",\"width\":470,\"height\":110,\"caption\":\"Danby Appliances\"},\"image\":[],\"sameAs\":[\"https:\/\/www.facebook.com\/DanbyAppliances\",\"https:\/\/x.com\/DanbyAppliance\",\"https:\/\/instagram.com\/danbyappliances\/\",\"https:\/\/www.linkedin.com\/company\/danbyappliances\",\"https:\/\/www.pinterest.ca\/danbyappliances\/\",\"https:\/\/www.youtube.com\/user\/DanbyProducts\",\"https:\/\/en.wikipedia.org\/wiki\/Danby_(appliances)\"]}]}<\/script>\n<!-- \/ Yoast SEO plugin. -->","yoast_head_json":{"title":"Danby Designer 2.6 pi3 Cong\u00e9lateur - DUFM30WDD | Danby Canada","description":"Lorsqu\u2019il vous avez besoin d\u2019un plus grand espace de cong\u00e9lation, mais que vos disponibilit\u00e9s en mati\u00e8re d\u2019espace sont limit\u00e9es, ce mod\u00e8le Danby fiable et compact s\u2019av\u00e8re \u00eatre la parfaite solution. Cet attrayant cong\u00e9lateur vertical offre 74 litres (2,6 pieds cubes) d\u2019espace d\u2019entreposage additionnel, ce qui en fait l\u2019appareil id\u00e9al pour les bureaux, appartements et chalets. Ce cong\u00e9lateur peut facilement \u00eatre rempli gr\u00e2ce \u00e0 ses deux clayettes de surg\u00e9lation et gr\u00e2ce \u00e0 son tiroir de rangement robuste log\u00e9 dans la partie inf\u00e9rieure qui est id\u00e9al pour les emballages plus petits de vos denr\u00e9es favorites. Le beau fini blanc et la poign\u00e9e de porte encastr\u00e9e lui donnent une apparence classique et la charni\u00e8re r\u00e9versible innovatrice vous permet d\u2019ajuster la porte de fa\u00e7on \u00e0 convenir tout aussi bien aux utilisateurs gauchers que droitiers. Il est assorti d\u2019une garantie sans tracas de 18 mois sur les pi\u00e8ces et la main-d\u2019\u0153uvre, incluant l\u2019avantageux service \u00e0 domicile.","robots":{"index":"index","follow":"follow","max-snippet":"max-snippet:-1","max-image-preview":"max-image-preview:large","max-video-preview":"max-video-preview:-1"},"canonical":"https:\/\/www.danby.com\/fr\/products\/congelateurs\/dufm30wdd\/","og_locale":"fr_CA","og_type":"article","og_title":"Danby Designer 2.6 pi3 Cong\u00e9lateur - DUFM30WDD | Danby Canada","og_description":"Lorsqu\u2019il vous avez besoin d\u2019un plus grand espace de cong\u00e9lation, mais que vos disponibilit\u00e9s en mati\u00e8re d\u2019espace sont limit\u00e9es, ce mod\u00e8le Danby fiable et compact s\u2019av\u00e8re \u00eatre la parfaite solution. Cet attrayant cong\u00e9lateur vertical offre 74 litres (2,6 pieds cubes) d\u2019espace d\u2019entreposage additionnel, ce qui en fait l\u2019appareil id\u00e9al pour les bureaux, appartements et chalets. Ce cong\u00e9lateur peut facilement \u00eatre rempli gr\u00e2ce \u00e0 ses deux clayettes de surg\u00e9lation et gr\u00e2ce \u00e0 son tiroir de rangement robuste log\u00e9 dans la partie inf\u00e9rieure qui est id\u00e9al pour les emballages plus petits de vos denr\u00e9es favorites. Le beau fini blanc et la poign\u00e9e de porte encastr\u00e9e lui donnent une apparence classique et la charni\u00e8re r\u00e9versible innovatrice vous permet d\u2019ajuster la porte de fa\u00e7on \u00e0 convenir tout aussi bien aux utilisateurs gauchers que droitiers. Il est assorti d\u2019une garantie sans tracas de 18 mois sur les pi\u00e8ces et la main-d\u2019\u0153uvre, incluant l\u2019avantageux service \u00e0 domicile.","og_url":"https:\/\/www.danby.com\/fr\/products\/congelateurs\/dufm30wdd\/","og_site_name":"Danby - Canada - French","article_publisher":"https:\/\/www.facebook.com\/DanbyAppliances","article_modified_time":"2026-04-11T10:05:02+00:00","og_image":[{"width":300,"height":272,"url":"https:\/\/cdnweb.danby.com\/wp-content\/uploads\/sites\/2\/2022\/02\/08193424\/proMed-dufm30wdd_clsd2.jpg","type":"image\/jpeg"}],"twitter_card":"summary_large_image","twitter_site":"@DanbyAppliance","schema":{"@context":"https:\/\/schema.org","@graph":[{"@type":["WebPage","ItemPage"],"url":"https:\/\/www.danby.com\/fr\/products\/congelateurs\/dufm30wdd\/","name":"Danby Designer 2.6 pi3 Cong\u00e9lateur - DUFM30WDD | Danby Canada","isPartOf":[],"primaryImageOfPage":[],"image":[],"thumbnailUrl":"https:\/\/cdnweb.danby.com\/wp-content\/uploads\/sites\/2\/2022\/02\/08193424\/proMed-dufm30wdd_clsd2.jpg","datePublished":"2022-02-03T19:21:40+00:00","dateModified":"2026-04-11T10:05:02+00:00","description":"Lorsqu\u2019il vous avez besoin d\u2019un plus grand espace de cong\u00e9lation, mais que vos disponibilit\u00e9s en mati\u00e8re d\u2019espace sont limit\u00e9es, ce mod\u00e8le Danby fiable et compact s\u2019av\u00e8re \u00eatre la parfaite solution. Cet attrayant cong\u00e9lateur vertical offre 74 litres (2,6 pieds cubes) d\u2019espace d\u2019entreposage additionnel, ce qui en fait l\u2019appareil id\u00e9al pour les bureaux, appartements et chalets. Ce cong\u00e9lateur peut facilement \u00eatre rempli gr\u00e2ce \u00e0 ses deux clayettes de surg\u00e9lation et gr\u00e2ce \u00e0 son tiroir de rangement robuste log\u00e9 dans la partie inf\u00e9rieure qui est id\u00e9al pour les emballages plus petits de vos denr\u00e9es favorites. Le beau fini blanc et la poign\u00e9e de porte encastr\u00e9e lui donnent une apparence classique et la charni\u00e8re r\u00e9versible innovatrice vous permet d\u2019ajuster la porte de fa\u00e7on \u00e0 convenir tout aussi bien aux utilisateurs gauchers que droitiers. Il est assorti d\u2019une garantie sans tracas de 18 mois sur les pi\u00e8ces et la main-d\u2019\u0153uvre, incluant l\u2019avantageux service \u00e0 domicile.","breadcrumb":[],"inLanguage":"fr-CA","potentialAction":[{"@type":"ReadAction","target":["https:\/\/www.danby.com\/fr\/products\/congelateurs\/dufm30wdd\/"]}]},{"@type":"ImageObject","inLanguage":"fr-CA","url":"https:\/\/cdnweb.danby.com\/wp-content\/uploads\/sites\/2\/2022\/02\/08193424\/proMed-dufm30wdd_clsd2.jpg","contentUrl":"https:\/\/cdnweb.danby.com\/wp-content\/uploads\/sites\/2\/2022\/02\/08193424\/proMed-dufm30wdd_clsd2.jpg","width":300,"height":272},{"@type":"BreadcrumbList","itemListElement":[{"@type":"ListItem","position":1,"name":"Home","item":"https:\/\/www.danby.com\/fr\/"},{"@type":"ListItem","position":2,"name":"Boutique","item":"https:\/\/www.danby.com\/fr\/boutique\/"},{"@type":"ListItem","position":3,"name":"Danby Designer 2.6 pi3 Cong\u00e9lateur"}]},{"@type":"WebSite","url":"https:\/\/www.danby.com\/fr\/","name":"Danby - Canada - French","description":"Leader dans le domaine de la r\u00e9frig\u00e9ration et des appareils sp\u00e9cialis\u00e9s","publisher":[],"potentialAction":[{"@type":"SearchAction","target":{"@type":"EntryPoint","urlTemplate":"https:\/\/www.danby.com\/fr\/?s={search_term_string}"},"query-input":{"@type":"PropertyValueSpecification","valueRequired":true,"valueName":"search_term_string"}}],"inLanguage":"fr-CA"},{"@type":"Organization","name":"Danby Appliances","url":"https:\/\/www.danby.com\/fr\/","logo":{"@type":"ImageObject","inLanguage":"fr-CA","url":"https:\/\/cdnweb.danby.com\/wp-content\/uploads\/sites\/2\/2022\/02\/10141906\/Danby75Ans_Blue.png","contentUrl":"https:\/\/cdnweb.danby.com\/wp-content\/uploads\/sites\/2\/2022\/02\/10141906\/Danby75Ans_Blue.png","width":470,"height":110,"caption":"Danby Appliances"},"image":[],"sameAs":["https:\/\/www.facebook.com\/DanbyAppliances","https:\/\/x.com\/DanbyAppliance","https:\/\/instagram.com\/danbyappliances\/","https:\/\/www.linkedin.com\/company\/danbyappliances","https:\/\/www.pinterest.ca\/danbyappliances\/","https:\/\/www.youtube.com\/user\/DanbyProducts","https:\/\/en.wikipedia.org\/wiki\/Danby_(appliances)"]}]}},"post_mailing_queue_ids":[],"_links":{"self":[{"href":"https:\/\/www.danby.com\/fr\/wp-json\/wp\/v2\/product\/5252","targetHints":{"allow":["GET"]}}],"collection":[{"href":"https:\/\/www.danby.com\/fr\/wp-json\/wp\/v2\/product"}],"about":[{"href":"https:\/\/www.danby.com\/fr\/wp-json\/wp\/v2\/types\/product"}],"replies":[{"embeddable":true,"href":"https:\/\/www.danby.com\/fr\/wp-json\/wp\/v2\/comments?post=5252"}],"wp:featuredmedia":[{"embeddable":true,"href":"https:\/\/www.danby.com\/fr\/wp-json\/wp\/v2\/media\/7482"}],"wp:attachment":[{"href":"https:\/\/www.danby.com\/fr\/wp-json\/wp\/v2\/media?parent=5252"}],"wp:term":[{"taxonomy":"product_brand","embeddable":true,"href":"https:\/\/www.danby.com\/fr\/wp-json\/wp\/v2\/product_brand?post=5252"},{"taxonomy":"product_cat","embeddable":true,"href":"https:\/\/www.danby.com\/fr\/wp-json\/wp\/v2\/product_cat?post=5252"},{"taxonomy":"product_tag","embeddable":true,"href":"https:\/\/www.danby.com\/fr\/wp-json\/wp\/v2\/product_tag?post=5252"}],"curies":[{"name":"wp","href":"https:\/\/api.w.org\/{rel}","templated":true}]}}