{"id":5246,"date":"2022-02-03T19:21:25","date_gmt":"2022-02-03T19:21:25","guid":{"rendered":"https:\/\/www.danby.com\/fr\/product\/dufm101a2wdd-d\/"},"modified":"2023-11-03T15:31:31","modified_gmt":"2023-11-03T15:31:31","slug":"dufm101a2wdd-d","status":"publish","type":"product","link":"https:\/\/www.danby.com\/fr\/products\/medical-fridges\/dufm101a2wdd-d\/","title":{"rendered":"Cong\u00e9lateur vertical Danby Health de 10,1 pi3"},"content":{"rendered":"","protected":false},"excerpt":{"rendered":"<ul>\n<li>Cong\u00e9lateur vertical d\u2019une capacit\u00e9 de 287 L (10,1 pi3) <\/li>\n<li>R\u00e9frig\u00e9rant \u00e9cologique R600a <\/li>\n<li>Homologu\u00e9 Energy Star \u00ae <\/li>\n<li>D\u00e9givrage manuel avec plateau d\u2019\u00e9gouttage <\/li>\n<li>Thermostat m\u00e9canique d\u2019usage facile <\/li>\n<li>3 tablettes de cong\u00e9lation rapide  <\/li>\n<li>4 balconnets <\/li>\n<li>Porte bomb\u00e9e avec poign\u00e9e int\u00e9gr\u00e9e  <\/li>\n<li>Charni\u00e8res de porte r\u00e9versibles <\/li>\n<li>Plan de travail r\u00e9sistant aux \u00e9gratignures  <\/li>\n<li>Conserve une temp\u00e9rature de cong\u00e9lation optimale entre -12\u00b0C et -24\u00b0C (10,4\u00b0F et -11,2\u00b0F) <\/li>\n<\/ul>\n","protected":false},"featured_media":7595,"comment_status":"closed","ping_status":"open","template":"","meta":{"_acf_changed":false},"product_brand":[],"product_cat":[66],"product_tag":[],"class_list":{"0":"post-5246","1":"product","2":"type-product","3":"status-publish","4":"has-post-thumbnail","6":"product_cat-medical-fridges","8":"first","9":"instock","10":"taxable","11":"shipping-taxable","12":"product-type-simple"},"acf":[],"yoast_head":"<!-- This site is optimized with the Yoast SEO plugin v26.7 - https:\/\/yoast.com\/wordpress\/plugins\/seo\/ -->\n<title>Cong\u00e9lateur vertical Danby Health de 10,1 pi3 - DUFM101A2WDD-D | Danby Canada<\/title>\n<meta name=\"description\" content=\"Ce mod\u00e8le grandeur nature est assez spacieux puisqu&#039;il offre une surface de refroidissement int\u00e9rieure de 287 litres (10,1 pieds cubes) et un syst\u00e8me de d\u00e9givrage manuel pratique et facile \u00e0 entretenir. Cet appareil class\u00e9 Energy Star est con\u00e7u pour r\u00e9duire vos factures d&#039;\u00e9lectricit\u00e9 en diminuant la quantit\u00e9 d&#039;\u00e9lectricit\u00e9 utilis\u00e9e. Cet appareil chic est actionn\u00e9 par un thermostat m\u00e9canique de pointe et est livr\u00e9 avec trois solides et robustes \u00e9tag\u00e8res en fil m\u00e9tallique ainsi que quatre grandes \u00e9tag\u00e8res de porte. L&#039;astucieuse charni\u00e8re de porte r\u00e9versible vous permet de r\u00e9gler le cong\u00e9lateur pour une ouverture \u00e0 gauche ou \u00e0 droite. Les nouvelles offres group\u00e9es du NIST Danby Health comprennent un dispositif d&#039;enregistrement des donn\u00e9es num\u00e9riques qui enregistrera la temp\u00e9rature du liquide \u00e0 l&#039;int\u00e9rieur du r\u00e9frig\u00e9rateur. Les thermom\u00e8tres du NIST ont \u00e9t\u00e9 calibr\u00e9s selon la norme ISO 17025:2017 et pr\u00e9sentent une variance de +\/- 0,25 C pour une pr\u00e9cision de la temp\u00e9rature.  Traduit avec www.DeepL.com\/Translator (version gratuite)\" \/>\n<meta name=\"robots\" content=\"index, follow, max-snippet:-1, max-image-preview:large, max-video-preview:-1\" \/>\n<link rel=\"canonical\" href=\"https:\/\/www.danby.com\/fr\/products\/medical-fridges\/dufm101a2wdd-d\/\" \/>\n<meta property=\"og:locale\" content=\"fr_CA\" \/>\n<meta property=\"og:type\" content=\"article\" \/>\n<meta property=\"og:title\" content=\"Cong\u00e9lateur vertical Danby Health de 10,1 pi3 - DUFM101A2WDD-D | Danby Canada\" \/>\n<meta property=\"og:description\" content=\"Ce mod\u00e8le grandeur nature est assez spacieux puisqu&#039;il offre une surface de refroidissement int\u00e9rieure de 287 litres (10,1 pieds cubes) et un syst\u00e8me de d\u00e9givrage manuel pratique et facile \u00e0 entretenir. Cet appareil class\u00e9 Energy Star est con\u00e7u pour r\u00e9duire vos factures d&#039;\u00e9lectricit\u00e9 en diminuant la quantit\u00e9 d&#039;\u00e9lectricit\u00e9 utilis\u00e9e. Cet appareil chic est actionn\u00e9 par un thermostat m\u00e9canique de pointe et est livr\u00e9 avec trois solides et robustes \u00e9tag\u00e8res en fil m\u00e9tallique ainsi que quatre grandes \u00e9tag\u00e8res de porte. L&#039;astucieuse charni\u00e8re de porte r\u00e9versible vous permet de r\u00e9gler le cong\u00e9lateur pour une ouverture \u00e0 gauche ou \u00e0 droite. Les nouvelles offres group\u00e9es du NIST Danby Health comprennent un dispositif d&#039;enregistrement des donn\u00e9es num\u00e9riques qui enregistrera la temp\u00e9rature du liquide \u00e0 l&#039;int\u00e9rieur du r\u00e9frig\u00e9rateur. Les thermom\u00e8tres du NIST ont \u00e9t\u00e9 calibr\u00e9s selon la norme ISO 17025:2017 et pr\u00e9sentent une variance de +\/- 0,25 C pour une pr\u00e9cision de la temp\u00e9rature.  Traduit avec www.DeepL.com\/Translator (version gratuite)\" \/>\n<meta property=\"og:url\" content=\"https:\/\/www.danby.com\/fr\/products\/medical-fridges\/dufm101a2wdd-d\/\" \/>\n<meta property=\"og:site_name\" content=\"Danby - Canada - French\" \/>\n<meta property=\"article:publisher\" content=\"https:\/\/www.facebook.com\/DanbyAppliances\" \/>\n<meta property=\"article:modified_time\" content=\"2023-11-03T15:31:31+00:00\" \/>\n<meta property=\"og:image\" content=\"https:\/\/cdnweb.danby.com\/wp-content\/uploads\/sites\/2\/2022\/02\/08194157\/DUFM101A1WDD1_Right3.jpg\" \/>\n\t<meta property=\"og:image:width\" content=\"640\" \/>\n\t<meta property=\"og:image:height\" content=\"800\" \/>\n\t<meta property=\"og:image:type\" content=\"image\/jpeg\" \/>\n<meta name=\"twitter:card\" content=\"summary_large_image\" \/>\n<meta name=\"twitter:site\" content=\"@DanbyAppliance\" \/>\n<script type=\"application\/ld+json\" class=\"yoast-schema-graph\">{\"@context\":\"https:\/\/schema.org\",\"@graph\":[{\"@type\":[\"WebPage\",\"ItemPage\"],\"url\":\"https:\/\/www.danby.com\/fr\/products\/medical-fridges\/dufm101a2wdd-d\/\",\"name\":\"Cong\u00e9lateur vertical Danby Health de 10,1 pi3 - DUFM101A2WDD-D | Danby Canada\",\"isPartOf\":[],\"primaryImageOfPage\":[],\"image\":[],\"thumbnailUrl\":\"https:\/\/cdnweb.danby.com\/wp-content\/uploads\/sites\/2\/2022\/02\/08194157\/DUFM101A1WDD1_Right3.jpg\",\"datePublished\":\"2022-02-03T19:21:25+00:00\",\"dateModified\":\"2023-11-03T15:31:31+00:00\",\"description\":\"Ce mod\u00e8le grandeur nature est assez spacieux puisqu'il offre une surface de refroidissement int\u00e9rieure de 287 litres (10,1 pieds cubes) et un syst\u00e8me de d\u00e9givrage manuel pratique et facile \u00e0 entretenir. Cet appareil class\u00e9 Energy Star est con\u00e7u pour r\u00e9duire vos factures d'\u00e9lectricit\u00e9 en diminuant la quantit\u00e9 d'\u00e9lectricit\u00e9 utilis\u00e9e. Cet appareil chic est actionn\u00e9 par un thermostat m\u00e9canique de pointe et est livr\u00e9 avec trois solides et robustes \u00e9tag\u00e8res en fil m\u00e9tallique ainsi que quatre grandes \u00e9tag\u00e8res de porte. L'astucieuse charni\u00e8re de porte r\u00e9versible vous permet de r\u00e9gler le cong\u00e9lateur pour une ouverture \u00e0 gauche ou \u00e0 droite. Les nouvelles offres group\u00e9es du NIST Danby Health comprennent un dispositif d'enregistrement des donn\u00e9es num\u00e9riques qui enregistrera la temp\u00e9rature du liquide \u00e0 l'int\u00e9rieur du r\u00e9frig\u00e9rateur. Les thermom\u00e8tres du NIST ont \u00e9t\u00e9 calibr\u00e9s selon la norme ISO 17025:2017 et pr\u00e9sentent une variance de +\/- 0,25 C pour une pr\u00e9cision de la temp\u00e9rature. Traduit avec www.DeepL.com\/Translator (version gratuite)\",\"breadcrumb\":[],\"inLanguage\":\"fr-CA\",\"potentialAction\":[{\"@type\":\"ReadAction\",\"target\":[\"https:\/\/www.danby.com\/fr\/products\/medical-fridges\/dufm101a2wdd-d\/\"]}]},{\"@type\":\"ImageObject\",\"inLanguage\":\"fr-CA\",\"url\":\"https:\/\/cdnweb.danby.com\/wp-content\/uploads\/sites\/2\/2022\/02\/08194157\/DUFM101A1WDD1_Right3.jpg\",\"contentUrl\":\"https:\/\/cdnweb.danby.com\/wp-content\/uploads\/sites\/2\/2022\/02\/08194157\/DUFM101A1WDD1_Right3.jpg\",\"width\":640,\"height\":800},{\"@type\":\"BreadcrumbList\",\"itemListElement\":[{\"@type\":\"ListItem\",\"position\":1,\"name\":\"Home\",\"item\":\"https:\/\/www.danby.com\/fr\/\"},{\"@type\":\"ListItem\",\"position\":2,\"name\":\"Boutique\",\"item\":\"https:\/\/www.danby.com\/fr\/boutique\/\"},{\"@type\":\"ListItem\",\"position\":3,\"name\":\"Cong\u00e9lateur vertical Danby Health de 10,1 pi3\"}]},{\"@type\":\"WebSite\",\"url\":\"https:\/\/www.danby.com\/fr\/\",\"name\":\"Danby - Canada - French\",\"description\":\"Leader dans le domaine de la r\u00e9frig\u00e9ration et des appareils sp\u00e9cialis\u00e9s\",\"publisher\":[],\"potentialAction\":[{\"@type\":\"SearchAction\",\"target\":{\"@type\":\"EntryPoint\",\"urlTemplate\":\"https:\/\/www.danby.com\/fr\/?s={search_term_string}\"},\"query-input\":{\"@type\":\"PropertyValueSpecification\",\"valueRequired\":true,\"valueName\":\"search_term_string\"}}],\"inLanguage\":\"fr-CA\"},{\"@type\":\"Organization\",\"name\":\"Danby Appliances\",\"url\":\"https:\/\/www.danby.com\/fr\/\",\"logo\":{\"@type\":\"ImageObject\",\"inLanguage\":\"fr-CA\",\"url\":\"https:\/\/cdnweb.danby.com\/wp-content\/uploads\/sites\/2\/2022\/02\/10141906\/Danby75Ans_Blue.png\",\"contentUrl\":\"https:\/\/cdnweb.danby.com\/wp-content\/uploads\/sites\/2\/2022\/02\/10141906\/Danby75Ans_Blue.png\",\"width\":470,\"height\":110,\"caption\":\"Danby Appliances\"},\"image\":[],\"sameAs\":[\"https:\/\/www.facebook.com\/DanbyAppliances\",\"https:\/\/x.com\/DanbyAppliance\",\"https:\/\/instagram.com\/danbyappliances\/\",\"https:\/\/www.linkedin.com\/company\/danbyappliances\",\"https:\/\/www.pinterest.ca\/danbyappliances\/\",\"https:\/\/www.youtube.com\/user\/DanbyProducts\",\"https:\/\/en.wikipedia.org\/wiki\/Danby_(appliances)\"]}]}<\/script>\n<!-- \/ Yoast SEO plugin. -->","yoast_head_json":{"title":"Cong\u00e9lateur vertical Danby Health de 10,1 pi3 - DUFM101A2WDD-D | Danby Canada","description":"Ce mod\u00e8le grandeur nature est assez spacieux puisqu'il offre une surface de refroidissement int\u00e9rieure de 287 litres (10,1 pieds cubes) et un syst\u00e8me de d\u00e9givrage manuel pratique et facile \u00e0 entretenir. Cet appareil class\u00e9 Energy Star est con\u00e7u pour r\u00e9duire vos factures d'\u00e9lectricit\u00e9 en diminuant la quantit\u00e9 d'\u00e9lectricit\u00e9 utilis\u00e9e. Cet appareil chic est actionn\u00e9 par un thermostat m\u00e9canique de pointe et est livr\u00e9 avec trois solides et robustes \u00e9tag\u00e8res en fil m\u00e9tallique ainsi que quatre grandes \u00e9tag\u00e8res de porte. L'astucieuse charni\u00e8re de porte r\u00e9versible vous permet de r\u00e9gler le cong\u00e9lateur pour une ouverture \u00e0 gauche ou \u00e0 droite. Les nouvelles offres group\u00e9es du NIST Danby Health comprennent un dispositif d'enregistrement des donn\u00e9es num\u00e9riques qui enregistrera la temp\u00e9rature du liquide \u00e0 l'int\u00e9rieur du r\u00e9frig\u00e9rateur. Les thermom\u00e8tres du NIST ont \u00e9t\u00e9 calibr\u00e9s selon la norme ISO 17025:2017 et pr\u00e9sentent une variance de +\/- 0,25 C pour une pr\u00e9cision de la temp\u00e9rature.  Traduit avec www.DeepL.com\/Translator (version gratuite)","robots":{"index":"index","follow":"follow","max-snippet":"max-snippet:-1","max-image-preview":"max-image-preview:large","max-video-preview":"max-video-preview:-1"},"canonical":"https:\/\/www.danby.com\/fr\/products\/medical-fridges\/dufm101a2wdd-d\/","og_locale":"fr_CA","og_type":"article","og_title":"Cong\u00e9lateur vertical Danby Health de 10,1 pi3 - DUFM101A2WDD-D | Danby Canada","og_description":"Ce mod\u00e8le grandeur nature est assez spacieux puisqu'il offre une surface de refroidissement int\u00e9rieure de 287 litres (10,1 pieds cubes) et un syst\u00e8me de d\u00e9givrage manuel pratique et facile \u00e0 entretenir. Cet appareil class\u00e9 Energy Star est con\u00e7u pour r\u00e9duire vos factures d'\u00e9lectricit\u00e9 en diminuant la quantit\u00e9 d'\u00e9lectricit\u00e9 utilis\u00e9e. Cet appareil chic est actionn\u00e9 par un thermostat m\u00e9canique de pointe et est livr\u00e9 avec trois solides et robustes \u00e9tag\u00e8res en fil m\u00e9tallique ainsi que quatre grandes \u00e9tag\u00e8res de porte. L'astucieuse charni\u00e8re de porte r\u00e9versible vous permet de r\u00e9gler le cong\u00e9lateur pour une ouverture \u00e0 gauche ou \u00e0 droite. Les nouvelles offres group\u00e9es du NIST Danby Health comprennent un dispositif d'enregistrement des donn\u00e9es num\u00e9riques qui enregistrera la temp\u00e9rature du liquide \u00e0 l'int\u00e9rieur du r\u00e9frig\u00e9rateur. Les thermom\u00e8tres du NIST ont \u00e9t\u00e9 calibr\u00e9s selon la norme ISO 17025:2017 et pr\u00e9sentent une variance de +\/- 0,25 C pour une pr\u00e9cision de la temp\u00e9rature.  Traduit avec www.DeepL.com\/Translator (version gratuite)","og_url":"https:\/\/www.danby.com\/fr\/products\/medical-fridges\/dufm101a2wdd-d\/","og_site_name":"Danby - Canada - French","article_publisher":"https:\/\/www.facebook.com\/DanbyAppliances","article_modified_time":"2023-11-03T15:31:31+00:00","og_image":[{"width":640,"height":800,"url":"https:\/\/cdnweb.danby.com\/wp-content\/uploads\/sites\/2\/2022\/02\/08194157\/DUFM101A1WDD1_Right3.jpg","type":"image\/jpeg"}],"twitter_card":"summary_large_image","twitter_site":"@DanbyAppliance","schema":{"@context":"https:\/\/schema.org","@graph":[{"@type":["WebPage","ItemPage"],"url":"https:\/\/www.danby.com\/fr\/products\/medical-fridges\/dufm101a2wdd-d\/","name":"Cong\u00e9lateur vertical Danby Health de 10,1 pi3 - DUFM101A2WDD-D | Danby Canada","isPartOf":[],"primaryImageOfPage":[],"image":[],"thumbnailUrl":"https:\/\/cdnweb.danby.com\/wp-content\/uploads\/sites\/2\/2022\/02\/08194157\/DUFM101A1WDD1_Right3.jpg","datePublished":"2022-02-03T19:21:25+00:00","dateModified":"2023-11-03T15:31:31+00:00","description":"Ce mod\u00e8le grandeur nature est assez spacieux puisqu'il offre une surface de refroidissement int\u00e9rieure de 287 litres (10,1 pieds cubes) et un syst\u00e8me de d\u00e9givrage manuel pratique et facile \u00e0 entretenir. Cet appareil class\u00e9 Energy Star est con\u00e7u pour r\u00e9duire vos factures d'\u00e9lectricit\u00e9 en diminuant la quantit\u00e9 d'\u00e9lectricit\u00e9 utilis\u00e9e. Cet appareil chic est actionn\u00e9 par un thermostat m\u00e9canique de pointe et est livr\u00e9 avec trois solides et robustes \u00e9tag\u00e8res en fil m\u00e9tallique ainsi que quatre grandes \u00e9tag\u00e8res de porte. L'astucieuse charni\u00e8re de porte r\u00e9versible vous permet de r\u00e9gler le cong\u00e9lateur pour une ouverture \u00e0 gauche ou \u00e0 droite. Les nouvelles offres group\u00e9es du NIST Danby Health comprennent un dispositif d'enregistrement des donn\u00e9es num\u00e9riques qui enregistrera la temp\u00e9rature du liquide \u00e0 l'int\u00e9rieur du r\u00e9frig\u00e9rateur. Les thermom\u00e8tres du NIST ont \u00e9t\u00e9 calibr\u00e9s selon la norme ISO 17025:2017 et pr\u00e9sentent une variance de +\/- 0,25 C pour une pr\u00e9cision de la temp\u00e9rature. Traduit avec www.DeepL.com\/Translator (version gratuite)","breadcrumb":[],"inLanguage":"fr-CA","potentialAction":[{"@type":"ReadAction","target":["https:\/\/www.danby.com\/fr\/products\/medical-fridges\/dufm101a2wdd-d\/"]}]},{"@type":"ImageObject","inLanguage":"fr-CA","url":"https:\/\/cdnweb.danby.com\/wp-content\/uploads\/sites\/2\/2022\/02\/08194157\/DUFM101A1WDD1_Right3.jpg","contentUrl":"https:\/\/cdnweb.danby.com\/wp-content\/uploads\/sites\/2\/2022\/02\/08194157\/DUFM101A1WDD1_Right3.jpg","width":640,"height":800},{"@type":"BreadcrumbList","itemListElement":[{"@type":"ListItem","position":1,"name":"Home","item":"https:\/\/www.danby.com\/fr\/"},{"@type":"ListItem","position":2,"name":"Boutique","item":"https:\/\/www.danby.com\/fr\/boutique\/"},{"@type":"ListItem","position":3,"name":"Cong\u00e9lateur vertical Danby Health de 10,1 pi3"}]},{"@type":"WebSite","url":"https:\/\/www.danby.com\/fr\/","name":"Danby - Canada - French","description":"Leader dans le domaine de la r\u00e9frig\u00e9ration et des appareils sp\u00e9cialis\u00e9s","publisher":[],"potentialAction":[{"@type":"SearchAction","target":{"@type":"EntryPoint","urlTemplate":"https:\/\/www.danby.com\/fr\/?s={search_term_string}"},"query-input":{"@type":"PropertyValueSpecification","valueRequired":true,"valueName":"search_term_string"}}],"inLanguage":"fr-CA"},{"@type":"Organization","name":"Danby Appliances","url":"https:\/\/www.danby.com\/fr\/","logo":{"@type":"ImageObject","inLanguage":"fr-CA","url":"https:\/\/cdnweb.danby.com\/wp-content\/uploads\/sites\/2\/2022\/02\/10141906\/Danby75Ans_Blue.png","contentUrl":"https:\/\/cdnweb.danby.com\/wp-content\/uploads\/sites\/2\/2022\/02\/10141906\/Danby75Ans_Blue.png","width":470,"height":110,"caption":"Danby Appliances"},"image":[],"sameAs":["https:\/\/www.facebook.com\/DanbyAppliances","https:\/\/x.com\/DanbyAppliance","https:\/\/instagram.com\/danbyappliances\/","https:\/\/www.linkedin.com\/company\/danbyappliances","https:\/\/www.pinterest.ca\/danbyappliances\/","https:\/\/www.youtube.com\/user\/DanbyProducts","https:\/\/en.wikipedia.org\/wiki\/Danby_(appliances)"]}]}},"post_mailing_queue_ids":[],"_links":{"self":[{"href":"https:\/\/www.danby.com\/fr\/wp-json\/wp\/v2\/product\/5246","targetHints":{"allow":["GET"]}}],"collection":[{"href":"https:\/\/www.danby.com\/fr\/wp-json\/wp\/v2\/product"}],"about":[{"href":"https:\/\/www.danby.com\/fr\/wp-json\/wp\/v2\/types\/product"}],"replies":[{"embeddable":true,"href":"https:\/\/www.danby.com\/fr\/wp-json\/wp\/v2\/comments?post=5246"}],"wp:featuredmedia":[{"embeddable":true,"href":"https:\/\/www.danby.com\/fr\/wp-json\/wp\/v2\/media\/7595"}],"wp:attachment":[{"href":"https:\/\/www.danby.com\/fr\/wp-json\/wp\/v2\/media?parent=5246"}],"wp:term":[{"taxonomy":"product_brand","embeddable":true,"href":"https:\/\/www.danby.com\/fr\/wp-json\/wp\/v2\/product_brand?post=5246"},{"taxonomy":"product_cat","embeddable":true,"href":"https:\/\/www.danby.com\/fr\/wp-json\/wp\/v2\/product_cat?post=5246"},{"taxonomy":"product_tag","embeddable":true,"href":"https:\/\/www.danby.com\/fr\/wp-json\/wp\/v2\/product_tag?post=5246"}],"curies":[{"name":"wp","href":"https:\/\/api.w.org\/{rel}","templated":true}]}}