{"id":5240,"date":"2022-02-03T19:21:25","date_gmt":"2022-02-03T19:21:25","guid":{"rendered":"https:\/\/www.danby.com\/fr\/product\/dufm085a4wdd-3\/"},"modified":"2026-04-19T10:09:08","modified_gmt":"2026-04-19T10:09:08","slug":"dufm085a4wdd-3","status":"publish","type":"product","link":"https:\/\/www.danby.com\/fr\/products\/congelateurs\/dufm085a4wdd-3\/","title":{"rendered":"Danby Designer 8.5 cu. ft. Upright Freezer"},"content":{"rendered":"","protected":false},"excerpt":{"rendered":"<ul>\n<li>Cong\u00e9lateur vertical d&#8217;une capacit\u00e9 de 8,5 pi3 (241 L) <\/li>\n<li>Homologu\u00e9 Energy StarMD <\/li>\n<li>Le garage est pr\u00eat : Le cong\u00e9lateur peut fonctionner \u00e0 des temp\u00e9ratures allant de 0F \u00e0 110F (-17C \u00e0 43C)<\/li>\n<li>R\u00e9frig\u00e9rant R600a respectueux de l&#8217;environnement <\/li>\n<li>D\u00e9givrage manuel <\/li>\n<li>3 \u00e9tag\u00e8res de cong\u00e9lation rapide <\/li>\n<li>\u00c9tag\u00e8res de porte <\/li>\n<li>Thermostat m\u00e9canique <\/li>\n<li>Z\u00e9ro plan de travail resistant <\/li>\n<li>Reversible door hinge<\/li>\n<li>Robust carton for online shipping<\/li>\n<li>Robust carton for online shipping<\/li>\n<\/ul>\n","protected":false},"featured_media":10113,"comment_status":"closed","ping_status":"open","template":"","meta":{"_acf_changed":false},"product_brand":[],"product_cat":[27],"product_tag":[],"class_list":{"0":"post-5240","1":"product","2":"type-product","3":"status-publish","4":"has-post-thumbnail","6":"product_cat-congelateurs","8":"first","9":"outofstock","10":"taxable","11":"shipping-taxable","12":"product-type-simple"},"acf":[],"yoast_head":"<!-- This site is optimized with the Yoast SEO plugin v26.7 - https:\/\/yoast.com\/wordpress\/plugins\/seo\/ -->\n<title>Danby Designer 8.5 cu. ft. Upright Freezer - DUFM085A4WDD-3 | Danby Canada<\/title>\n<meta name=\"description\" content=\"Ce cong\u00e9lateur vertical moderne de Danby est id\u00e9al pour tous les types de m\u00e9nage et de d\u00e9cor. Gr\u00e2ce \u00e0 sa conception classique, il s\u2019int\u00e8gre facilement dans tout cadre, pendant que l\u2019espace de rangement g\u00e9n\u00e9reux de 8,2 pieds cubes (232 litres) est parfaite pour des familles plus petites et des couples. Il y a beaucoup d\u2019espace de refroidissement \u00e0 cause des quatre \u00e9tag\u00e8res de porte pratiques et des trois \u00e9tag\u00e8res suppl\u00e9mentaires \u00e0 cong\u00e9lation rapide. La fonction commode de d\u00e9givrage manuel fait en sorte que l\u2019appareil est simple \u00e0 entretenir et \u00e0 garder libre de glace, et il y a aussi un bac r\u00e9cepteur interne. Programmer et contr\u00f4ler le thermostat m\u00e9canique ultra-moderne est un jeu d\u2019enfant, pendant que le plan de travail r\u00e9sistant aux rayures est id\u00e9al pour l\u2019entreposage des accessoires suppl\u00e9mentaires. Ce cong\u00e9lateur ultime comporte \u00e9galement une charni\u00e8re de porte r\u00e9versible intelligente, qui vous permet de r\u00e9gler la porte \u00e0 une ouverture \u00e0 droite ou \u00e0 gauche, et il offre une garantie de 60 mois sur les pi\u00e8ces et la main d\u2019\u0153uvre, avec service \u00e0 domicile par-dessus le march\u00e9.\" \/>\n<meta name=\"robots\" content=\"index, follow, max-snippet:-1, max-image-preview:large, max-video-preview:-1\" \/>\n<link rel=\"canonical\" href=\"https:\/\/www.danby.com\/fr\/products\/congelateurs\/dufm085a4wdd-3\/\" \/>\n<meta property=\"og:locale\" content=\"fr_CA\" \/>\n<meta property=\"og:type\" content=\"article\" \/>\n<meta property=\"og:title\" content=\"Danby Designer 8.5 cu. ft. Upright Freezer - DUFM085A4WDD-3 | Danby Canada\" \/>\n<meta property=\"og:description\" content=\"Ce cong\u00e9lateur vertical moderne de Danby est id\u00e9al pour tous les types de m\u00e9nage et de d\u00e9cor. Gr\u00e2ce \u00e0 sa conception classique, il s\u2019int\u00e8gre facilement dans tout cadre, pendant que l\u2019espace de rangement g\u00e9n\u00e9reux de 8,2 pieds cubes (232 litres) est parfaite pour des familles plus petites et des couples. Il y a beaucoup d\u2019espace de refroidissement \u00e0 cause des quatre \u00e9tag\u00e8res de porte pratiques et des trois \u00e9tag\u00e8res suppl\u00e9mentaires \u00e0 cong\u00e9lation rapide. La fonction commode de d\u00e9givrage manuel fait en sorte que l\u2019appareil est simple \u00e0 entretenir et \u00e0 garder libre de glace, et il y a aussi un bac r\u00e9cepteur interne. Programmer et contr\u00f4ler le thermostat m\u00e9canique ultra-moderne est un jeu d\u2019enfant, pendant que le plan de travail r\u00e9sistant aux rayures est id\u00e9al pour l\u2019entreposage des accessoires suppl\u00e9mentaires. Ce cong\u00e9lateur ultime comporte \u00e9galement une charni\u00e8re de porte r\u00e9versible intelligente, qui vous permet de r\u00e9gler la porte \u00e0 une ouverture \u00e0 droite ou \u00e0 gauche, et il offre une garantie de 60 mois sur les pi\u00e8ces et la main d\u2019\u0153uvre, avec service \u00e0 domicile par-dessus le march\u00e9.\" \/>\n<meta property=\"og:url\" content=\"https:\/\/www.danby.com\/fr\/products\/congelateurs\/dufm085a4wdd-3\/\" \/>\n<meta property=\"og:site_name\" content=\"Danby - Canada - French\" \/>\n<meta property=\"article:publisher\" content=\"https:\/\/www.facebook.com\/DanbyAppliances\" \/>\n<meta property=\"article:modified_time\" content=\"2026-04-19T10:09:08+00:00\" \/>\n<meta property=\"og:image\" content=\"https:\/\/cdnweb.danby.com\/wp-content\/uploads\/sites\/2\/2022\/02\/08225148\/DUFM085A4WDD_Badge.jpg\" \/>\n\t<meta property=\"og:image:width\" content=\"2000\" \/>\n\t<meta property=\"og:image:height\" content=\"2000\" \/>\n\t<meta property=\"og:image:type\" content=\"image\/jpeg\" \/>\n<meta name=\"twitter:card\" content=\"summary_large_image\" \/>\n<meta name=\"twitter:site\" content=\"@DanbyAppliance\" \/>\n<script type=\"application\/ld+json\" class=\"yoast-schema-graph\">{\"@context\":\"https:\/\/schema.org\",\"@graph\":[{\"@type\":[\"WebPage\",\"ItemPage\"],\"url\":\"https:\/\/www.danby.com\/fr\/products\/congelateurs\/dufm085a4wdd-3\/\",\"name\":\"Danby Designer 8.5 cu. ft. Upright Freezer - DUFM085A4WDD-3 | Danby Canada\",\"isPartOf\":[],\"primaryImageOfPage\":[],\"image\":[],\"thumbnailUrl\":\"https:\/\/cdnweb.danby.com\/wp-content\/uploads\/sites\/2\/2022\/02\/08225148\/DUFM085A4WDD_Badge.jpg\",\"datePublished\":\"2022-02-03T19:21:25+00:00\",\"dateModified\":\"2026-04-19T10:09:08+00:00\",\"description\":\"Ce cong\u00e9lateur vertical moderne de Danby est id\u00e9al pour tous les types de m\u00e9nage et de d\u00e9cor. Gr\u00e2ce \u00e0 sa conception classique, il s\u2019int\u00e8gre facilement dans tout cadre, pendant que l\u2019espace de rangement g\u00e9n\u00e9reux de 8,2 pieds cubes (232 litres) est parfaite pour des familles plus petites et des couples. Il y a beaucoup d\u2019espace de refroidissement \u00e0 cause des quatre \u00e9tag\u00e8res de porte pratiques et des trois \u00e9tag\u00e8res suppl\u00e9mentaires \u00e0 cong\u00e9lation rapide. La fonction commode de d\u00e9givrage manuel fait en sorte que l\u2019appareil est simple \u00e0 entretenir et \u00e0 garder libre de glace, et il y a aussi un bac r\u00e9cepteur interne. Programmer et contr\u00f4ler le thermostat m\u00e9canique ultra-moderne est un jeu d\u2019enfant, pendant que le plan de travail r\u00e9sistant aux rayures est id\u00e9al pour l\u2019entreposage des accessoires suppl\u00e9mentaires. Ce cong\u00e9lateur ultime comporte \u00e9galement une charni\u00e8re de porte r\u00e9versible intelligente, qui vous permet de r\u00e9gler la porte \u00e0 une ouverture \u00e0 droite ou \u00e0 gauche, et il offre une garantie de 60 mois sur les pi\u00e8ces et la main d\u2019\u0153uvre, avec service \u00e0 domicile par-dessus le march\u00e9.\",\"breadcrumb\":[],\"inLanguage\":\"fr-CA\",\"potentialAction\":[{\"@type\":\"ReadAction\",\"target\":[\"https:\/\/www.danby.com\/fr\/products\/congelateurs\/dufm085a4wdd-3\/\"]}]},{\"@type\":\"ImageObject\",\"inLanguage\":\"fr-CA\",\"url\":\"https:\/\/cdnweb.danby.com\/wp-content\/uploads\/sites\/2\/2022\/02\/08225148\/DUFM085A4WDD_Badge.jpg\",\"contentUrl\":\"https:\/\/cdnweb.danby.com\/wp-content\/uploads\/sites\/2\/2022\/02\/08225148\/DUFM085A4WDD_Badge.jpg\",\"width\":2000,\"height\":2000},{\"@type\":\"BreadcrumbList\",\"itemListElement\":[{\"@type\":\"ListItem\",\"position\":1,\"name\":\"Home\",\"item\":\"https:\/\/www.danby.com\/fr\/\"},{\"@type\":\"ListItem\",\"position\":2,\"name\":\"Boutique\",\"item\":\"https:\/\/www.danby.com\/fr\/boutique\/\"},{\"@type\":\"ListItem\",\"position\":3,\"name\":\"Danby Designer 8.5 cu. ft. Upright Freezer\"}]},{\"@type\":\"WebSite\",\"url\":\"https:\/\/www.danby.com\/fr\/\",\"name\":\"Danby - Canada - French\",\"description\":\"Leader dans le domaine de la r\u00e9frig\u00e9ration et des appareils sp\u00e9cialis\u00e9s\",\"publisher\":[],\"potentialAction\":[{\"@type\":\"SearchAction\",\"target\":{\"@type\":\"EntryPoint\",\"urlTemplate\":\"https:\/\/www.danby.com\/fr\/?s={search_term_string}\"},\"query-input\":{\"@type\":\"PropertyValueSpecification\",\"valueRequired\":true,\"valueName\":\"search_term_string\"}}],\"inLanguage\":\"fr-CA\"},{\"@type\":\"Organization\",\"name\":\"Danby Appliances\",\"url\":\"https:\/\/www.danby.com\/fr\/\",\"logo\":{\"@type\":\"ImageObject\",\"inLanguage\":\"fr-CA\",\"url\":\"https:\/\/cdnweb.danby.com\/wp-content\/uploads\/sites\/2\/2022\/02\/10141906\/Danby75Ans_Blue.png\",\"contentUrl\":\"https:\/\/cdnweb.danby.com\/wp-content\/uploads\/sites\/2\/2022\/02\/10141906\/Danby75Ans_Blue.png\",\"width\":470,\"height\":110,\"caption\":\"Danby Appliances\"},\"image\":[],\"sameAs\":[\"https:\/\/www.facebook.com\/DanbyAppliances\",\"https:\/\/x.com\/DanbyAppliance\",\"https:\/\/instagram.com\/danbyappliances\/\",\"https:\/\/www.linkedin.com\/company\/danbyappliances\",\"https:\/\/www.pinterest.ca\/danbyappliances\/\",\"https:\/\/www.youtube.com\/user\/DanbyProducts\",\"https:\/\/en.wikipedia.org\/wiki\/Danby_(appliances)\"]}]}<\/script>\n<!-- \/ Yoast SEO plugin. -->","yoast_head_json":{"title":"Danby Designer 8.5 cu. ft. Upright Freezer - DUFM085A4WDD-3 | Danby Canada","description":"Ce cong\u00e9lateur vertical moderne de Danby est id\u00e9al pour tous les types de m\u00e9nage et de d\u00e9cor. Gr\u00e2ce \u00e0 sa conception classique, il s\u2019int\u00e8gre facilement dans tout cadre, pendant que l\u2019espace de rangement g\u00e9n\u00e9reux de 8,2 pieds cubes (232 litres) est parfaite pour des familles plus petites et des couples. Il y a beaucoup d\u2019espace de refroidissement \u00e0 cause des quatre \u00e9tag\u00e8res de porte pratiques et des trois \u00e9tag\u00e8res suppl\u00e9mentaires \u00e0 cong\u00e9lation rapide. La fonction commode de d\u00e9givrage manuel fait en sorte que l\u2019appareil est simple \u00e0 entretenir et \u00e0 garder libre de glace, et il y a aussi un bac r\u00e9cepteur interne. Programmer et contr\u00f4ler le thermostat m\u00e9canique ultra-moderne est un jeu d\u2019enfant, pendant que le plan de travail r\u00e9sistant aux rayures est id\u00e9al pour l\u2019entreposage des accessoires suppl\u00e9mentaires. Ce cong\u00e9lateur ultime comporte \u00e9galement une charni\u00e8re de porte r\u00e9versible intelligente, qui vous permet de r\u00e9gler la porte \u00e0 une ouverture \u00e0 droite ou \u00e0 gauche, et il offre une garantie de 60 mois sur les pi\u00e8ces et la main d\u2019\u0153uvre, avec service \u00e0 domicile par-dessus le march\u00e9.","robots":{"index":"index","follow":"follow","max-snippet":"max-snippet:-1","max-image-preview":"max-image-preview:large","max-video-preview":"max-video-preview:-1"},"canonical":"https:\/\/www.danby.com\/fr\/products\/congelateurs\/dufm085a4wdd-3\/","og_locale":"fr_CA","og_type":"article","og_title":"Danby Designer 8.5 cu. ft. Upright Freezer - DUFM085A4WDD-3 | Danby Canada","og_description":"Ce cong\u00e9lateur vertical moderne de Danby est id\u00e9al pour tous les types de m\u00e9nage et de d\u00e9cor. Gr\u00e2ce \u00e0 sa conception classique, il s\u2019int\u00e8gre facilement dans tout cadre, pendant que l\u2019espace de rangement g\u00e9n\u00e9reux de 8,2 pieds cubes (232 litres) est parfaite pour des familles plus petites et des couples. Il y a beaucoup d\u2019espace de refroidissement \u00e0 cause des quatre \u00e9tag\u00e8res de porte pratiques et des trois \u00e9tag\u00e8res suppl\u00e9mentaires \u00e0 cong\u00e9lation rapide. La fonction commode de d\u00e9givrage manuel fait en sorte que l\u2019appareil est simple \u00e0 entretenir et \u00e0 garder libre de glace, et il y a aussi un bac r\u00e9cepteur interne. Programmer et contr\u00f4ler le thermostat m\u00e9canique ultra-moderne est un jeu d\u2019enfant, pendant que le plan de travail r\u00e9sistant aux rayures est id\u00e9al pour l\u2019entreposage des accessoires suppl\u00e9mentaires. Ce cong\u00e9lateur ultime comporte \u00e9galement une charni\u00e8re de porte r\u00e9versible intelligente, qui vous permet de r\u00e9gler la porte \u00e0 une ouverture \u00e0 droite ou \u00e0 gauche, et il offre une garantie de 60 mois sur les pi\u00e8ces et la main d\u2019\u0153uvre, avec service \u00e0 domicile par-dessus le march\u00e9.","og_url":"https:\/\/www.danby.com\/fr\/products\/congelateurs\/dufm085a4wdd-3\/","og_site_name":"Danby - Canada - French","article_publisher":"https:\/\/www.facebook.com\/DanbyAppliances","article_modified_time":"2026-04-19T10:09:08+00:00","og_image":[{"width":2000,"height":2000,"url":"https:\/\/cdnweb.danby.com\/wp-content\/uploads\/sites\/2\/2022\/02\/08225148\/DUFM085A4WDD_Badge.jpg","type":"image\/jpeg"}],"twitter_card":"summary_large_image","twitter_site":"@DanbyAppliance","schema":{"@context":"https:\/\/schema.org","@graph":[{"@type":["WebPage","ItemPage"],"url":"https:\/\/www.danby.com\/fr\/products\/congelateurs\/dufm085a4wdd-3\/","name":"Danby Designer 8.5 cu. ft. Upright Freezer - DUFM085A4WDD-3 | Danby Canada","isPartOf":[],"primaryImageOfPage":[],"image":[],"thumbnailUrl":"https:\/\/cdnweb.danby.com\/wp-content\/uploads\/sites\/2\/2022\/02\/08225148\/DUFM085A4WDD_Badge.jpg","datePublished":"2022-02-03T19:21:25+00:00","dateModified":"2026-04-19T10:09:08+00:00","description":"Ce cong\u00e9lateur vertical moderne de Danby est id\u00e9al pour tous les types de m\u00e9nage et de d\u00e9cor. Gr\u00e2ce \u00e0 sa conception classique, il s\u2019int\u00e8gre facilement dans tout cadre, pendant que l\u2019espace de rangement g\u00e9n\u00e9reux de 8,2 pieds cubes (232 litres) est parfaite pour des familles plus petites et des couples. Il y a beaucoup d\u2019espace de refroidissement \u00e0 cause des quatre \u00e9tag\u00e8res de porte pratiques et des trois \u00e9tag\u00e8res suppl\u00e9mentaires \u00e0 cong\u00e9lation rapide. La fonction commode de d\u00e9givrage manuel fait en sorte que l\u2019appareil est simple \u00e0 entretenir et \u00e0 garder libre de glace, et il y a aussi un bac r\u00e9cepteur interne. Programmer et contr\u00f4ler le thermostat m\u00e9canique ultra-moderne est un jeu d\u2019enfant, pendant que le plan de travail r\u00e9sistant aux rayures est id\u00e9al pour l\u2019entreposage des accessoires suppl\u00e9mentaires. Ce cong\u00e9lateur ultime comporte \u00e9galement une charni\u00e8re de porte r\u00e9versible intelligente, qui vous permet de r\u00e9gler la porte \u00e0 une ouverture \u00e0 droite ou \u00e0 gauche, et il offre une garantie de 60 mois sur les pi\u00e8ces et la main d\u2019\u0153uvre, avec service \u00e0 domicile par-dessus le march\u00e9.","breadcrumb":[],"inLanguage":"fr-CA","potentialAction":[{"@type":"ReadAction","target":["https:\/\/www.danby.com\/fr\/products\/congelateurs\/dufm085a4wdd-3\/"]}]},{"@type":"ImageObject","inLanguage":"fr-CA","url":"https:\/\/cdnweb.danby.com\/wp-content\/uploads\/sites\/2\/2022\/02\/08225148\/DUFM085A4WDD_Badge.jpg","contentUrl":"https:\/\/cdnweb.danby.com\/wp-content\/uploads\/sites\/2\/2022\/02\/08225148\/DUFM085A4WDD_Badge.jpg","width":2000,"height":2000},{"@type":"BreadcrumbList","itemListElement":[{"@type":"ListItem","position":1,"name":"Home","item":"https:\/\/www.danby.com\/fr\/"},{"@type":"ListItem","position":2,"name":"Boutique","item":"https:\/\/www.danby.com\/fr\/boutique\/"},{"@type":"ListItem","position":3,"name":"Danby Designer 8.5 cu. ft. Upright Freezer"}]},{"@type":"WebSite","url":"https:\/\/www.danby.com\/fr\/","name":"Danby - Canada - French","description":"Leader dans le domaine de la r\u00e9frig\u00e9ration et des appareils sp\u00e9cialis\u00e9s","publisher":[],"potentialAction":[{"@type":"SearchAction","target":{"@type":"EntryPoint","urlTemplate":"https:\/\/www.danby.com\/fr\/?s={search_term_string}"},"query-input":{"@type":"PropertyValueSpecification","valueRequired":true,"valueName":"search_term_string"}}],"inLanguage":"fr-CA"},{"@type":"Organization","name":"Danby Appliances","url":"https:\/\/www.danby.com\/fr\/","logo":{"@type":"ImageObject","inLanguage":"fr-CA","url":"https:\/\/cdnweb.danby.com\/wp-content\/uploads\/sites\/2\/2022\/02\/10141906\/Danby75Ans_Blue.png","contentUrl":"https:\/\/cdnweb.danby.com\/wp-content\/uploads\/sites\/2\/2022\/02\/10141906\/Danby75Ans_Blue.png","width":470,"height":110,"caption":"Danby Appliances"},"image":[],"sameAs":["https:\/\/www.facebook.com\/DanbyAppliances","https:\/\/x.com\/DanbyAppliance","https:\/\/instagram.com\/danbyappliances\/","https:\/\/www.linkedin.com\/company\/danbyappliances","https:\/\/www.pinterest.ca\/danbyappliances\/","https:\/\/www.youtube.com\/user\/DanbyProducts","https:\/\/en.wikipedia.org\/wiki\/Danby_(appliances)"]}]}},"post_mailing_queue_ids":[],"_links":{"self":[{"href":"https:\/\/www.danby.com\/fr\/wp-json\/wp\/v2\/product\/5240","targetHints":{"allow":["GET"]}}],"collection":[{"href":"https:\/\/www.danby.com\/fr\/wp-json\/wp\/v2\/product"}],"about":[{"href":"https:\/\/www.danby.com\/fr\/wp-json\/wp\/v2\/types\/product"}],"replies":[{"embeddable":true,"href":"https:\/\/www.danby.com\/fr\/wp-json\/wp\/v2\/comments?post=5240"}],"wp:featuredmedia":[{"embeddable":true,"href":"https:\/\/www.danby.com\/fr\/wp-json\/wp\/v2\/media\/10113"}],"wp:attachment":[{"href":"https:\/\/www.danby.com\/fr\/wp-json\/wp\/v2\/media?parent=5240"}],"wp:term":[{"taxonomy":"product_brand","embeddable":true,"href":"https:\/\/www.danby.com\/fr\/wp-json\/wp\/v2\/product_brand?post=5240"},{"taxonomy":"product_cat","embeddable":true,"href":"https:\/\/www.danby.com\/fr\/wp-json\/wp\/v2\/product_cat?post=5240"},{"taxonomy":"product_tag","embeddable":true,"href":"https:\/\/www.danby.com\/fr\/wp-json\/wp\/v2\/product_tag?post=5240"}],"curies":[{"name":"wp","href":"https:\/\/api.w.org\/{rel}","templated":true}]}}