{"id":5239,"date":"2022-02-03T19:21:25","date_gmt":"2022-02-03T19:21:25","guid":{"rendered":"https:\/\/www.danby.com\/fr\/product\/dufm085a4wdd\/"},"modified":"2026-04-19T10:09:08","modified_gmt":"2026-04-19T10:09:08","slug":"dufm085a4wdd","status":"publish","type":"product","link":"https:\/\/www.danby.com\/fr\/products\/congelateurs\/dufm085a4wdd\/","title":{"rendered":"Cong\u00e9lateur vertical Danby Designer de 8,5 pi3 en Blanc"},"content":{"rendered":"","protected":false},"excerpt":{"rendered":"<ul>\n<li>Cong\u00e9lateur vertical d&#8217;une capacit\u00e9 de 241 L (8,5 pi3)<\/li>\n<li>Certifi\u00e9 ENERGY STAR\u00ae<\/li>\n<li>Pr\u00eat pour le garage : Le cong\u00e9lateur peut fonctionner \u00e0 des temp\u00e9ratures allant de 0\u00b0F \u00e0 110\u00b0F (-17\u00b0C \u00e0 43\u00b0C)<\/li>\n<li>R\u00e9frig\u00e9rant R600a<\/li>\n<li>D\u00e9givrage manuel<\/li>\n<li>3 \u00e9tag\u00e8res de cong\u00e9lation rapide<\/li>\n<li>\u00c9tag\u00e8res de porte int\u00e9gr\u00e9es<\/li>\n<li>Thermostat m\u00e9canique<\/li>\n<li>Plan de travail r\u00e9sistant aux rayures<\/li>\n<li>Poign\u00e9e de porte int\u00e9gr\u00e9e<\/li>\n<li>Charni\u00e8re de porte r\u00e9versible<\/li>\n<\/ul>\n","protected":false},"featured_media":35158,"comment_status":"closed","ping_status":"closed","template":"","meta":{"_acf_changed":false},"product_brand":[],"product_cat":[27],"product_tag":[],"class_list":{"0":"post-5239","1":"product","2":"type-product","3":"status-publish","4":"has-post-thumbnail","6":"product_cat-congelateurs","8":"first","9":"instock","10":"taxable","11":"shipping-taxable","12":"purchasable","13":"product-type-simple"},"acf":[],"yoast_head":"<!-- This site is optimized with the Yoast SEO plugin v26.7 - https:\/\/yoast.com\/wordpress\/plugins\/seo\/ -->\n<title>Cong\u00e9lateur vertical Danby Designer de 8,5 pi3 en Blanc - DUFM085A4WDD | Danby Canada<\/title>\n<meta name=\"description\" content=\"Ce cong\u00e9lateur vertical moderne de Danby est id\u00e9al pour tous les types de m\u00e9nages et de d\u00e9cors. Son design classique lui permet de s&#039;int\u00e9grer facilement dans n&#039;importe quel environnement et son espace de rangement g\u00e9n\u00e9reux de 232 litres (8,2 pieds cubes) est id\u00e9al pour les petites familles et les couples. Les quatre \u00e9tag\u00e8res de porte pratiques et les trois \u00e9tag\u00e8res suppl\u00e9mentaires \u00e0 cong\u00e9lation rapide offrent une grande surface de refroidissement. La fonction pratique de d\u00e9givrage manuel facilite l&#039;entretien et l&#039;\u00e9limination de la glace, et l&#039;appareil est dot\u00e9 d&#039;un bac de r\u00e9cup\u00e9ration interne. Le thermostat m\u00e9canique ultramoderne est facile \u00e0 programmer et \u00e0 contr\u00f4ler, tandis que le plan de travail r\u00e9sistant aux rayures est id\u00e9al pour ranger des accessoires suppl\u00e9mentaires. Ce cong\u00e9lateur ultime est \u00e9galement dot\u00e9 d&#039;une charni\u00e8re de porte r\u00e9versible intelligente qui vous permet de l&#039;ajuster pour une ouverture \u00e0 gauche ou \u00e0 droite et offre une garantie de 18 mois sur les pi\u00e8ces et la main d&#039;\u0153uvre avec un service \u00e0 domicile en prime.\" \/>\n<meta name=\"robots\" content=\"index, follow, max-snippet:-1, max-image-preview:large, max-video-preview:-1\" \/>\n<link rel=\"canonical\" href=\"https:\/\/www.danby.com\/fr\/products\/congelateurs\/dufm085a4wdd\/\" \/>\n<meta property=\"og:locale\" content=\"fr_CA\" \/>\n<meta property=\"og:type\" content=\"article\" \/>\n<meta property=\"og:title\" content=\"Cong\u00e9lateur vertical Danby Designer de 8,5 pi3 en Blanc - DUFM085A4WDD | Danby Canada\" \/>\n<meta property=\"og:description\" content=\"Ce cong\u00e9lateur vertical moderne de Danby est id\u00e9al pour tous les types de m\u00e9nages et de d\u00e9cors. Son design classique lui permet de s&#039;int\u00e9grer facilement dans n&#039;importe quel environnement et son espace de rangement g\u00e9n\u00e9reux de 232 litres (8,2 pieds cubes) est id\u00e9al pour les petites familles et les couples. Les quatre \u00e9tag\u00e8res de porte pratiques et les trois \u00e9tag\u00e8res suppl\u00e9mentaires \u00e0 cong\u00e9lation rapide offrent une grande surface de refroidissement. La fonction pratique de d\u00e9givrage manuel facilite l&#039;entretien et l&#039;\u00e9limination de la glace, et l&#039;appareil est dot\u00e9 d&#039;un bac de r\u00e9cup\u00e9ration interne. Le thermostat m\u00e9canique ultramoderne est facile \u00e0 programmer et \u00e0 contr\u00f4ler, tandis que le plan de travail r\u00e9sistant aux rayures est id\u00e9al pour ranger des accessoires suppl\u00e9mentaires. Ce cong\u00e9lateur ultime est \u00e9galement dot\u00e9 d&#039;une charni\u00e8re de porte r\u00e9versible intelligente qui vous permet de l&#039;ajuster pour une ouverture \u00e0 gauche ou \u00e0 droite et offre une garantie de 18 mois sur les pi\u00e8ces et la main d&#039;\u0153uvre avec un service \u00e0 domicile en prime.\" \/>\n<meta property=\"og:url\" content=\"https:\/\/www.danby.com\/fr\/products\/congelateurs\/dufm085a4wdd\/\" \/>\n<meta property=\"og:site_name\" content=\"Danby - Canada - French\" \/>\n<meta property=\"article:publisher\" content=\"https:\/\/www.facebook.com\/DanbyAppliances\" \/>\n<meta property=\"article:modified_time\" content=\"2026-04-19T10:09:08+00:00\" \/>\n<meta property=\"og:image\" content=\"https:\/\/cdnweb.danby.com\/wp-content\/uploads\/sites\/2\/2023\/11\/22151417\/Thumbnail__0001_DUFM085A4WDD.jpg\" \/>\n\t<meta property=\"og:image:width\" content=\"1125\" \/>\n\t<meta property=\"og:image:height\" content=\"1500\" \/>\n\t<meta property=\"og:image:type\" content=\"image\/jpeg\" \/>\n<meta name=\"twitter:card\" content=\"summary_large_image\" \/>\n<meta name=\"twitter:site\" content=\"@DanbyAppliance\" \/>\n<script type=\"application\/ld+json\" class=\"yoast-schema-graph\">{\"@context\":\"https:\/\/schema.org\",\"@graph\":[{\"@type\":[\"WebPage\",\"ItemPage\"],\"url\":\"https:\/\/www.danby.com\/fr\/products\/congelateurs\/dufm085a4wdd\/\",\"name\":\"Cong\u00e9lateur vertical Danby Designer de 8,5 pi3 en Blanc - DUFM085A4WDD | Danby Canada\",\"isPartOf\":[],\"primaryImageOfPage\":[],\"image\":[],\"thumbnailUrl\":\"https:\/\/www.danby.com\/fr\/wp-content\/uploads\/sites\/2\/2025\/09\/dufm085a4wdd-front.jpg\",\"datePublished\":\"2022-02-03T19:21:25+00:00\",\"dateModified\":\"2026-04-19T10:09:08+00:00\",\"description\":\"Ce cong\u00e9lateur vertical moderne de Danby est id\u00e9al pour tous les types de m\u00e9nages et de d\u00e9cors. Son design classique lui permet de s'int\u00e9grer facilement dans n'importe quel environnement et son espace de rangement g\u00e9n\u00e9reux de 232 litres (8,2 pieds cubes) est id\u00e9al pour les petites familles et les couples. Les quatre \u00e9tag\u00e8res de porte pratiques et les trois \u00e9tag\u00e8res suppl\u00e9mentaires \u00e0 cong\u00e9lation rapide offrent une grande surface de refroidissement. La fonction pratique de d\u00e9givrage manuel facilite l'entretien et l'\u00e9limination de la glace, et l'appareil est dot\u00e9 d'un bac de r\u00e9cup\u00e9ration interne. Le thermostat m\u00e9canique ultramoderne est facile \u00e0 programmer et \u00e0 contr\u00f4ler, tandis que le plan de travail r\u00e9sistant aux rayures est id\u00e9al pour ranger des accessoires suppl\u00e9mentaires. Ce cong\u00e9lateur ultime est \u00e9galement dot\u00e9 d'une charni\u00e8re de porte r\u00e9versible intelligente qui vous permet de l'ajuster pour une ouverture \u00e0 gauche ou \u00e0 droite et offre une garantie de 18 mois sur les pi\u00e8ces et la main d'\u0153uvre avec un service \u00e0 domicile en prime.\",\"breadcrumb\":[],\"inLanguage\":\"fr-CA\",\"potentialAction\":[{\"@type\":\"ReadAction\",\"target\":[\"https:\/\/www.danby.com\/fr\/products\/congelateurs\/dufm085a4wdd\/\"]}]},{\"@type\":\"ImageObject\",\"inLanguage\":\"fr-CA\",\"url\":\"https:\/\/www.danby.com\/fr\/wp-content\/uploads\/sites\/2\/2025\/09\/dufm085a4wdd-front.jpg\",\"contentUrl\":\"https:\/\/www.danby.com\/fr\/wp-content\/uploads\/sites\/2\/2025\/09\/dufm085a4wdd-front.jpg\",\"width\":768,\"height\":1024},{\"@type\":\"BreadcrumbList\",\"itemListElement\":[{\"@type\":\"ListItem\",\"position\":1,\"name\":\"Home\",\"item\":\"https:\/\/www.danby.com\/fr\/\"},{\"@type\":\"ListItem\",\"position\":2,\"name\":\"Boutique\",\"item\":\"https:\/\/www.danby.com\/fr\/boutique\/\"},{\"@type\":\"ListItem\",\"position\":3,\"name\":\"Cong\u00e9lateur vertical Danby Designer de 8,5 pi3 en Blanc\"}]},{\"@type\":\"WebSite\",\"url\":\"https:\/\/www.danby.com\/fr\/\",\"name\":\"Danby - Canada - French\",\"description\":\"Leader dans le domaine de la r\u00e9frig\u00e9ration et des appareils sp\u00e9cialis\u00e9s\",\"publisher\":[],\"potentialAction\":[{\"@type\":\"SearchAction\",\"target\":{\"@type\":\"EntryPoint\",\"urlTemplate\":\"https:\/\/www.danby.com\/fr\/?s={search_term_string}\"},\"query-input\":{\"@type\":\"PropertyValueSpecification\",\"valueRequired\":true,\"valueName\":\"search_term_string\"}}],\"inLanguage\":\"fr-CA\"},{\"@type\":\"Organization\",\"name\":\"Danby Appliances\",\"url\":\"https:\/\/www.danby.com\/fr\/\",\"logo\":{\"@type\":\"ImageObject\",\"inLanguage\":\"fr-CA\",\"url\":\"https:\/\/cdnweb.danby.com\/wp-content\/uploads\/sites\/2\/2022\/02\/10141906\/Danby75Ans_Blue.png\",\"contentUrl\":\"https:\/\/cdnweb.danby.com\/wp-content\/uploads\/sites\/2\/2022\/02\/10141906\/Danby75Ans_Blue.png\",\"width\":470,\"height\":110,\"caption\":\"Danby Appliances\"},\"image\":[],\"sameAs\":[\"https:\/\/www.facebook.com\/DanbyAppliances\",\"https:\/\/x.com\/DanbyAppliance\",\"https:\/\/instagram.com\/danbyappliances\/\",\"https:\/\/www.linkedin.com\/company\/danbyappliances\",\"https:\/\/www.pinterest.ca\/danbyappliances\/\",\"https:\/\/www.youtube.com\/user\/DanbyProducts\",\"https:\/\/en.wikipedia.org\/wiki\/Danby_(appliances)\"]}]}<\/script>\n<!-- \/ Yoast SEO plugin. -->","yoast_head_json":{"title":"Cong\u00e9lateur vertical Danby Designer de 8,5 pi3 en Blanc - DUFM085A4WDD | Danby Canada","description":"Ce cong\u00e9lateur vertical moderne de Danby est id\u00e9al pour tous les types de m\u00e9nages et de d\u00e9cors. Son design classique lui permet de s'int\u00e9grer facilement dans n'importe quel environnement et son espace de rangement g\u00e9n\u00e9reux de 232 litres (8,2 pieds cubes) est id\u00e9al pour les petites familles et les couples. Les quatre \u00e9tag\u00e8res de porte pratiques et les trois \u00e9tag\u00e8res suppl\u00e9mentaires \u00e0 cong\u00e9lation rapide offrent une grande surface de refroidissement. La fonction pratique de d\u00e9givrage manuel facilite l'entretien et l'\u00e9limination de la glace, et l'appareil est dot\u00e9 d'un bac de r\u00e9cup\u00e9ration interne. Le thermostat m\u00e9canique ultramoderne est facile \u00e0 programmer et \u00e0 contr\u00f4ler, tandis que le plan de travail r\u00e9sistant aux rayures est id\u00e9al pour ranger des accessoires suppl\u00e9mentaires. Ce cong\u00e9lateur ultime est \u00e9galement dot\u00e9 d'une charni\u00e8re de porte r\u00e9versible intelligente qui vous permet de l'ajuster pour une ouverture \u00e0 gauche ou \u00e0 droite et offre une garantie de 18 mois sur les pi\u00e8ces et la main d'\u0153uvre avec un service \u00e0 domicile en prime.","robots":{"index":"index","follow":"follow","max-snippet":"max-snippet:-1","max-image-preview":"max-image-preview:large","max-video-preview":"max-video-preview:-1"},"canonical":"https:\/\/www.danby.com\/fr\/products\/congelateurs\/dufm085a4wdd\/","og_locale":"fr_CA","og_type":"article","og_title":"Cong\u00e9lateur vertical Danby Designer de 8,5 pi3 en Blanc - DUFM085A4WDD | Danby Canada","og_description":"Ce cong\u00e9lateur vertical moderne de Danby est id\u00e9al pour tous les types de m\u00e9nages et de d\u00e9cors. Son design classique lui permet de s'int\u00e9grer facilement dans n'importe quel environnement et son espace de rangement g\u00e9n\u00e9reux de 232 litres (8,2 pieds cubes) est id\u00e9al pour les petites familles et les couples. Les quatre \u00e9tag\u00e8res de porte pratiques et les trois \u00e9tag\u00e8res suppl\u00e9mentaires \u00e0 cong\u00e9lation rapide offrent une grande surface de refroidissement. La fonction pratique de d\u00e9givrage manuel facilite l'entretien et l'\u00e9limination de la glace, et l'appareil est dot\u00e9 d'un bac de r\u00e9cup\u00e9ration interne. Le thermostat m\u00e9canique ultramoderne est facile \u00e0 programmer et \u00e0 contr\u00f4ler, tandis que le plan de travail r\u00e9sistant aux rayures est id\u00e9al pour ranger des accessoires suppl\u00e9mentaires. Ce cong\u00e9lateur ultime est \u00e9galement dot\u00e9 d'une charni\u00e8re de porte r\u00e9versible intelligente qui vous permet de l'ajuster pour une ouverture \u00e0 gauche ou \u00e0 droite et offre une garantie de 18 mois sur les pi\u00e8ces et la main d'\u0153uvre avec un service \u00e0 domicile en prime.","og_url":"https:\/\/www.danby.com\/fr\/products\/congelateurs\/dufm085a4wdd\/","og_site_name":"Danby - Canada - French","article_publisher":"https:\/\/www.facebook.com\/DanbyAppliances","article_modified_time":"2026-04-19T10:09:08+00:00","og_image":[{"width":1125,"height":1500,"url":"https:\/\/cdnweb.danby.com\/wp-content\/uploads\/sites\/2\/2023\/11\/22151417\/Thumbnail__0001_DUFM085A4WDD.jpg","type":"image\/jpeg"}],"twitter_card":"summary_large_image","twitter_site":"@DanbyAppliance","schema":{"@context":"https:\/\/schema.org","@graph":[{"@type":["WebPage","ItemPage"],"url":"https:\/\/www.danby.com\/fr\/products\/congelateurs\/dufm085a4wdd\/","name":"Cong\u00e9lateur vertical Danby Designer de 8,5 pi3 en Blanc - DUFM085A4WDD | Danby Canada","isPartOf":[],"primaryImageOfPage":[],"image":[],"thumbnailUrl":"https:\/\/www.danby.com\/fr\/wp-content\/uploads\/sites\/2\/2025\/09\/dufm085a4wdd-front.jpg","datePublished":"2022-02-03T19:21:25+00:00","dateModified":"2026-04-19T10:09:08+00:00","description":"Ce cong\u00e9lateur vertical moderne de Danby est id\u00e9al pour tous les types de m\u00e9nages et de d\u00e9cors. Son design classique lui permet de s'int\u00e9grer facilement dans n'importe quel environnement et son espace de rangement g\u00e9n\u00e9reux de 232 litres (8,2 pieds cubes) est id\u00e9al pour les petites familles et les couples. Les quatre \u00e9tag\u00e8res de porte pratiques et les trois \u00e9tag\u00e8res suppl\u00e9mentaires \u00e0 cong\u00e9lation rapide offrent une grande surface de refroidissement. La fonction pratique de d\u00e9givrage manuel facilite l'entretien et l'\u00e9limination de la glace, et l'appareil est dot\u00e9 d'un bac de r\u00e9cup\u00e9ration interne. Le thermostat m\u00e9canique ultramoderne est facile \u00e0 programmer et \u00e0 contr\u00f4ler, tandis que le plan de travail r\u00e9sistant aux rayures est id\u00e9al pour ranger des accessoires suppl\u00e9mentaires. Ce cong\u00e9lateur ultime est \u00e9galement dot\u00e9 d'une charni\u00e8re de porte r\u00e9versible intelligente qui vous permet de l'ajuster pour une ouverture \u00e0 gauche ou \u00e0 droite et offre une garantie de 18 mois sur les pi\u00e8ces et la main d'\u0153uvre avec un service \u00e0 domicile en prime.","breadcrumb":[],"inLanguage":"fr-CA","potentialAction":[{"@type":"ReadAction","target":["https:\/\/www.danby.com\/fr\/products\/congelateurs\/dufm085a4wdd\/"]}]},{"@type":"ImageObject","inLanguage":"fr-CA","url":"https:\/\/www.danby.com\/fr\/wp-content\/uploads\/sites\/2\/2025\/09\/dufm085a4wdd-front.jpg","contentUrl":"https:\/\/www.danby.com\/fr\/wp-content\/uploads\/sites\/2\/2025\/09\/dufm085a4wdd-front.jpg","width":768,"height":1024},{"@type":"BreadcrumbList","itemListElement":[{"@type":"ListItem","position":1,"name":"Home","item":"https:\/\/www.danby.com\/fr\/"},{"@type":"ListItem","position":2,"name":"Boutique","item":"https:\/\/www.danby.com\/fr\/boutique\/"},{"@type":"ListItem","position":3,"name":"Cong\u00e9lateur vertical Danby Designer de 8,5 pi3 en Blanc"}]},{"@type":"WebSite","url":"https:\/\/www.danby.com\/fr\/","name":"Danby - Canada - French","description":"Leader dans le domaine de la r\u00e9frig\u00e9ration et des appareils sp\u00e9cialis\u00e9s","publisher":[],"potentialAction":[{"@type":"SearchAction","target":{"@type":"EntryPoint","urlTemplate":"https:\/\/www.danby.com\/fr\/?s={search_term_string}"},"query-input":{"@type":"PropertyValueSpecification","valueRequired":true,"valueName":"search_term_string"}}],"inLanguage":"fr-CA"},{"@type":"Organization","name":"Danby Appliances","url":"https:\/\/www.danby.com\/fr\/","logo":{"@type":"ImageObject","inLanguage":"fr-CA","url":"https:\/\/cdnweb.danby.com\/wp-content\/uploads\/sites\/2\/2022\/02\/10141906\/Danby75Ans_Blue.png","contentUrl":"https:\/\/cdnweb.danby.com\/wp-content\/uploads\/sites\/2\/2022\/02\/10141906\/Danby75Ans_Blue.png","width":470,"height":110,"caption":"Danby Appliances"},"image":[],"sameAs":["https:\/\/www.facebook.com\/DanbyAppliances","https:\/\/x.com\/DanbyAppliance","https:\/\/instagram.com\/danbyappliances\/","https:\/\/www.linkedin.com\/company\/danbyappliances","https:\/\/www.pinterest.ca\/danbyappliances\/","https:\/\/www.youtube.com\/user\/DanbyProducts","https:\/\/en.wikipedia.org\/wiki\/Danby_(appliances)"]}]}},"post_mailing_queue_ids":[],"_links":{"self":[{"href":"https:\/\/www.danby.com\/fr\/wp-json\/wp\/v2\/product\/5239","targetHints":{"allow":["GET"]}}],"collection":[{"href":"https:\/\/www.danby.com\/fr\/wp-json\/wp\/v2\/product"}],"about":[{"href":"https:\/\/www.danby.com\/fr\/wp-json\/wp\/v2\/types\/product"}],"replies":[{"embeddable":true,"href":"https:\/\/www.danby.com\/fr\/wp-json\/wp\/v2\/comments?post=5239"}],"wp:featuredmedia":[{"embeddable":true,"href":"https:\/\/www.danby.com\/fr\/wp-json\/wp\/v2\/media\/35158"}],"wp:attachment":[{"href":"https:\/\/www.danby.com\/fr\/wp-json\/wp\/v2\/media?parent=5239"}],"wp:term":[{"taxonomy":"product_brand","embeddable":true,"href":"https:\/\/www.danby.com\/fr\/wp-json\/wp\/v2\/product_brand?post=5239"},{"taxonomy":"product_cat","embeddable":true,"href":"https:\/\/www.danby.com\/fr\/wp-json\/wp\/v2\/product_cat?post=5239"},{"taxonomy":"product_tag","embeddable":true,"href":"https:\/\/www.danby.com\/fr\/wp-json\/wp\/v2\/product_tag?post=5239"}],"curies":[{"name":"wp","href":"https:\/\/api.w.org\/{rel}","templated":true}]}}