{"id":5238,"date":"2022-02-03T19:21:25","date_gmt":"2022-02-03T19:21:25","guid":{"rendered":"https:\/\/www.danby.com\/fr\/product\/dufm085a4tdd\/"},"modified":"2026-04-08T10:08:01","modified_gmt":"2026-04-08T10:08:01","slug":"dufm085a4tdd","status":"publish","type":"product","link":"https:\/\/www.danby.com\/fr\/products\/congelateurs\/dufm085a4tdd\/","title":{"rendered":"Cong\u00e9lateur vertical Danby Designer de 8,5 pi3 en noir"},"content":{"rendered":"","protected":false},"excerpt":{"rendered":"<ul>\n<li>Cong\u00e9lateur vertical d&#8217;une capacit\u00e9 de 241 litres (8,5 pi3)<\/li>\n<li>Certifi\u00e9 ENERGY STAR\u00ae, efficacit\u00e9 \u00e9nerg\u00e9tique pour vous aider \u00e0 \u00e9conomiser de l&#8217;argent sans sacrifier les performances<\/li>\n<li>Pr\u00eat pour le garage : le cong\u00e9lateur peut fonctionner \u00e0 des temp\u00e9ratures allant de 0\u00b0F \u00e0 110\u00b0F (-17\u00b0C \u00e0 43\u00b0C)<\/li>\n<li>Le thermostat m\u00e9canique est id\u00e9alement situ\u00e9 pour un contr\u00f4le facile de la temp\u00e9rature.<\/li>\n<li>D\u00e9givrage manuel avec bac de r\u00e9cup\u00e9ration<\/li>\n<li>3 \u00e9tag\u00e8res de cong\u00e9lation rapide<\/li>\n<li>\u00c9tag\u00e8res de porte int\u00e9gr\u00e9es pleine largeur : 4 \u00e9tag\u00e8res de porte pleine largeur permettent d&#8217;organiser vos aliments congel\u00e9s et d&#8217;avoir \u00e0 port\u00e9e de main les aliments souvent utilis\u00e9s.<\/li>\n<li>Garantie de 5 ans sur les pi\u00e8ces et la main d&#8217;\u0153uvre avec service \u00e0 domicile, la meilleure du secteur.<\/li>\n<\/ul>\n","protected":false},"featured_media":35816,"comment_status":"closed","ping_status":"closed","template":"","meta":{"_acf_changed":false},"product_brand":[],"product_cat":[27,1449],"product_tag":[],"class_list":{"0":"post-5238","1":"product","2":"type-product","3":"status-publish","4":"has-post-thumbnail","6":"product_cat-congelateurs","7":"product_cat-sales","9":"first","10":"outofstock","11":"sale","12":"taxable","13":"shipping-taxable","14":"purchasable","15":"product-type-simple"},"acf":[],"yoast_head":"<!-- This site is optimized with the Yoast SEO plugin v26.7 - https:\/\/yoast.com\/wordpress\/plugins\/seo\/ -->\n<title>Cong\u00e9lateur vertical Danby Designer de 8,5 pi3 en noir - DUFM085A4TDD | Danby Canada<\/title>\n<meta name=\"description\" content=\"Faites le plein de produits congel\u00e9s pr\u00e9f\u00e9r\u00e9s de votre famille avec ce cong\u00e9lateur vertical Danby Designer en noir, id\u00e9al pour le sous-sol, la cuisine ou le garage. \u00c9conomisez de l&#039;argent et de l&#039;\u00e9nergie gr\u00e2ce \u00e0 ce produit homologu\u00e9 ENERGY STAR\u00ae qui permet d&#039;\u00e9conomiser de l&#039;espace au sol gr\u00e2ce \u00e0 sa conception verticale. De plus, cet appareil offre une abondance d&#039;espace pour l&#039;organisation des aliments avec quatre tablettes de rangement et quatre tablettes de porte pour les articles plus petits. Ce mod\u00e8le est pr\u00eat pour le garage et peut fonctionner \u00e0 des temp\u00e9ratures de 0\u00b0F \u00e0 110\u00b0F (-17\u00b0C \u00e0 43\u00b0C). Avec son espace de cong\u00e9lation de 241 litres (8,5 pi3) pour les repas congel\u00e9s, les viandes, les l\u00e9gumes et plus encore, il est parfait pour les couples et les petites familles. La fonction pratique de d\u00e9givrage manuel permet de maintenir facilement le cong\u00e9lateur exempt de glace, et il est \u00e9galement dot\u00e9 d&#039;un plateau d&#039;\u00e9gouttement interne. Le thermostat m\u00e9canique ultramoderne est facile \u00e0 programmer et \u00e0 contr\u00f4ler, tandis que le plan de travail r\u00e9sistant aux rayures est id\u00e9al pour ranger les accessoires suppl\u00e9mentaires. Cet appareil moderne est \u00e9galement dot\u00e9 d&#039;une ing\u00e9nieuse charni\u00e8re de porte r\u00e9versible qui vous permet de l&#039;ajuster pour une ouverture \u00e0 gauche ou \u00e0 droite. Il est assorti d&#039;une garantie de 5 ans sur les pi\u00e8ces et la main d&#039;\u0153uvre, la meilleure du secteur, avec un service \u00e0 domicile.\" \/>\n<meta name=\"robots\" content=\"index, follow, max-snippet:-1, max-image-preview:large, max-video-preview:-1\" \/>\n<link rel=\"canonical\" href=\"https:\/\/www.danby.com\/fr\/products\/congelateurs\/dufm085a4tdd\/\" \/>\n<meta property=\"og:locale\" content=\"fr_CA\" \/>\n<meta property=\"og:type\" content=\"article\" \/>\n<meta property=\"og:title\" content=\"Cong\u00e9lateur vertical Danby Designer de 8,5 pi3 en noir - DUFM085A4TDD | Danby Canada\" \/>\n<meta property=\"og:description\" content=\"Faites le plein de produits congel\u00e9s pr\u00e9f\u00e9r\u00e9s de votre famille avec ce cong\u00e9lateur vertical Danby Designer en noir, id\u00e9al pour le sous-sol, la cuisine ou le garage. \u00c9conomisez de l&#039;argent et de l&#039;\u00e9nergie gr\u00e2ce \u00e0 ce produit homologu\u00e9 ENERGY STAR\u00ae qui permet d&#039;\u00e9conomiser de l&#039;espace au sol gr\u00e2ce \u00e0 sa conception verticale. De plus, cet appareil offre une abondance d&#039;espace pour l&#039;organisation des aliments avec quatre tablettes de rangement et quatre tablettes de porte pour les articles plus petits. Ce mod\u00e8le est pr\u00eat pour le garage et peut fonctionner \u00e0 des temp\u00e9ratures de 0\u00b0F \u00e0 110\u00b0F (-17\u00b0C \u00e0 43\u00b0C). Avec son espace de cong\u00e9lation de 241 litres (8,5 pi3) pour les repas congel\u00e9s, les viandes, les l\u00e9gumes et plus encore, il est parfait pour les couples et les petites familles. La fonction pratique de d\u00e9givrage manuel permet de maintenir facilement le cong\u00e9lateur exempt de glace, et il est \u00e9galement dot\u00e9 d&#039;un plateau d&#039;\u00e9gouttement interne. Le thermostat m\u00e9canique ultramoderne est facile \u00e0 programmer et \u00e0 contr\u00f4ler, tandis que le plan de travail r\u00e9sistant aux rayures est id\u00e9al pour ranger les accessoires suppl\u00e9mentaires. Cet appareil moderne est \u00e9galement dot\u00e9 d&#039;une ing\u00e9nieuse charni\u00e8re de porte r\u00e9versible qui vous permet de l&#039;ajuster pour une ouverture \u00e0 gauche ou \u00e0 droite. Il est assorti d&#039;une garantie de 5 ans sur les pi\u00e8ces et la main d&#039;\u0153uvre, la meilleure du secteur, avec un service \u00e0 domicile.\" \/>\n<meta property=\"og:url\" content=\"https:\/\/www.danby.com\/fr\/products\/congelateurs\/dufm085a4tdd\/\" \/>\n<meta property=\"og:site_name\" content=\"Danby - Canada - French\" \/>\n<meta property=\"article:publisher\" content=\"https:\/\/www.facebook.com\/DanbyAppliances\" \/>\n<meta property=\"article:modified_time\" content=\"2026-04-08T10:08:01+00:00\" \/>\n<meta property=\"og:image\" content=\"https:\/\/www.danby.com\/fr\/wp-content\/uploads\/sites\/2\/2025\/11\/Thumbnail__0005_DUFM085A4TDD.jpg\" \/>\n\t<meta property=\"og:image:width\" content=\"1125\" \/>\n\t<meta property=\"og:image:height\" content=\"1500\" \/>\n\t<meta property=\"og:image:type\" content=\"image\/jpeg\" \/>\n<meta name=\"twitter:card\" content=\"summary_large_image\" \/>\n<meta name=\"twitter:site\" content=\"@DanbyAppliance\" \/>\n<meta name=\"twitter:label1\" content=\"Estimation du temps de lecture\" \/>\n\t<meta name=\"twitter:data1\" content=\"1 minute\" \/>\n<script type=\"application\/ld+json\" class=\"yoast-schema-graph\">{\"@context\":\"https:\/\/schema.org\",\"@graph\":[{\"@type\":[\"WebPage\",\"ItemPage\"],\"url\":\"https:\/\/www.danby.com\/fr\/products\/congelateurs\/dufm085a4tdd\/\",\"name\":\"Cong\u00e9lateur vertical Danby Designer de 8,5 pi3 en noir - DUFM085A4TDD | Danby Canada\",\"isPartOf\":[],\"primaryImageOfPage\":[],\"image\":[],\"thumbnailUrl\":\"https:\/\/www.danby.com\/fr\/wp-content\/uploads\/sites\/2\/2025\/11\/Thumbnail__0005_DUFM085A4TDD.jpg\",\"datePublished\":\"2022-02-03T19:21:25+00:00\",\"dateModified\":\"2026-04-08T10:08:01+00:00\",\"description\":\"Faites le plein de produits congel\u00e9s pr\u00e9f\u00e9r\u00e9s de votre famille avec ce cong\u00e9lateur vertical Danby Designer en noir, id\u00e9al pour le sous-sol, la cuisine ou le garage. \u00c9conomisez de l'argent et de l'\u00e9nergie gr\u00e2ce \u00e0 ce produit homologu\u00e9 ENERGY STAR\u00ae qui permet d'\u00e9conomiser de l'espace au sol gr\u00e2ce \u00e0 sa conception verticale. De plus, cet appareil offre une abondance d'espace pour l'organisation des aliments avec quatre tablettes de rangement et quatre tablettes de porte pour les articles plus petits. Ce mod\u00e8le est pr\u00eat pour le garage et peut fonctionner \u00e0 des temp\u00e9ratures de 0\u00b0F \u00e0 110\u00b0F (-17\u00b0C \u00e0 43\u00b0C). Avec son espace de cong\u00e9lation de 241 litres (8,5 pi3) pour les repas congel\u00e9s, les viandes, les l\u00e9gumes et plus encore, il est parfait pour les couples et les petites familles. La fonction pratique de d\u00e9givrage manuel permet de maintenir facilement le cong\u00e9lateur exempt de glace, et il est \u00e9galement dot\u00e9 d'un plateau d'\u00e9gouttement interne. Le thermostat m\u00e9canique ultramoderne est facile \u00e0 programmer et \u00e0 contr\u00f4ler, tandis que le plan de travail r\u00e9sistant aux rayures est id\u00e9al pour ranger les accessoires suppl\u00e9mentaires. Cet appareil moderne est \u00e9galement dot\u00e9 d'une ing\u00e9nieuse charni\u00e8re de porte r\u00e9versible qui vous permet de l'ajuster pour une ouverture \u00e0 gauche ou \u00e0 droite. Il est assorti d'une garantie de 5 ans sur les pi\u00e8ces et la main d'\u0153uvre, la meilleure du secteur, avec un service \u00e0 domicile.\",\"breadcrumb\":[],\"inLanguage\":\"fr-CA\",\"potentialAction\":[{\"@type\":\"ReadAction\",\"target\":[\"https:\/\/www.danby.com\/fr\/products\/congelateurs\/dufm085a4tdd\/\"]}]},{\"@type\":\"ImageObject\",\"inLanguage\":\"fr-CA\",\"url\":\"https:\/\/www.danby.com\/fr\/wp-content\/uploads\/sites\/2\/2025\/11\/Thumbnail__0005_DUFM085A4TDD.jpg\",\"contentUrl\":\"https:\/\/www.danby.com\/fr\/wp-content\/uploads\/sites\/2\/2025\/11\/Thumbnail__0005_DUFM085A4TDD.jpg\",\"width\":1125,\"height\":1500},{\"@type\":\"BreadcrumbList\",\"itemListElement\":[{\"@type\":\"ListItem\",\"position\":1,\"name\":\"Home\",\"item\":\"https:\/\/www.danby.com\/fr\/\"},{\"@type\":\"ListItem\",\"position\":2,\"name\":\"Boutique\",\"item\":\"https:\/\/www.danby.com\/fr\/boutique\/\"},{\"@type\":\"ListItem\",\"position\":3,\"name\":\"Cong\u00e9lateur vertical Danby Designer de 8,5 pi3 en noir\"}]},{\"@type\":\"WebSite\",\"url\":\"https:\/\/www.danby.com\/fr\/\",\"name\":\"Danby - Canada - French\",\"description\":\"Leader dans le domaine de la r\u00e9frig\u00e9ration et des appareils sp\u00e9cialis\u00e9s\",\"publisher\":[],\"potentialAction\":[{\"@type\":\"SearchAction\",\"target\":{\"@type\":\"EntryPoint\",\"urlTemplate\":\"https:\/\/www.danby.com\/fr\/?s={search_term_string}\"},\"query-input\":{\"@type\":\"PropertyValueSpecification\",\"valueRequired\":true,\"valueName\":\"search_term_string\"}}],\"inLanguage\":\"fr-CA\"},{\"@type\":\"Organization\",\"name\":\"Danby Appliances\",\"url\":\"https:\/\/www.danby.com\/fr\/\",\"logo\":{\"@type\":\"ImageObject\",\"inLanguage\":\"fr-CA\",\"url\":\"https:\/\/cdnweb.danby.com\/wp-content\/uploads\/sites\/2\/2022\/02\/10141906\/Danby75Ans_Blue.png\",\"contentUrl\":\"https:\/\/cdnweb.danby.com\/wp-content\/uploads\/sites\/2\/2022\/02\/10141906\/Danby75Ans_Blue.png\",\"width\":470,\"height\":110,\"caption\":\"Danby Appliances\"},\"image\":[],\"sameAs\":[\"https:\/\/www.facebook.com\/DanbyAppliances\",\"https:\/\/x.com\/DanbyAppliance\",\"https:\/\/instagram.com\/danbyappliances\/\",\"https:\/\/www.linkedin.com\/company\/danbyappliances\",\"https:\/\/www.pinterest.ca\/danbyappliances\/\",\"https:\/\/www.youtube.com\/user\/DanbyProducts\",\"https:\/\/en.wikipedia.org\/wiki\/Danby_(appliances)\"]}]}<\/script>\n<!-- \/ Yoast SEO plugin. -->","yoast_head_json":{"title":"Cong\u00e9lateur vertical Danby Designer de 8,5 pi3 en noir - DUFM085A4TDD | Danby Canada","description":"Faites le plein de produits congel\u00e9s pr\u00e9f\u00e9r\u00e9s de votre famille avec ce cong\u00e9lateur vertical Danby Designer en noir, id\u00e9al pour le sous-sol, la cuisine ou le garage. \u00c9conomisez de l'argent et de l'\u00e9nergie gr\u00e2ce \u00e0 ce produit homologu\u00e9 ENERGY STAR\u00ae qui permet d'\u00e9conomiser de l'espace au sol gr\u00e2ce \u00e0 sa conception verticale. De plus, cet appareil offre une abondance d'espace pour l'organisation des aliments avec quatre tablettes de rangement et quatre tablettes de porte pour les articles plus petits. Ce mod\u00e8le est pr\u00eat pour le garage et peut fonctionner \u00e0 des temp\u00e9ratures de 0\u00b0F \u00e0 110\u00b0F (-17\u00b0C \u00e0 43\u00b0C). Avec son espace de cong\u00e9lation de 241 litres (8,5 pi3) pour les repas congel\u00e9s, les viandes, les l\u00e9gumes et plus encore, il est parfait pour les couples et les petites familles. La fonction pratique de d\u00e9givrage manuel permet de maintenir facilement le cong\u00e9lateur exempt de glace, et il est \u00e9galement dot\u00e9 d'un plateau d'\u00e9gouttement interne. Le thermostat m\u00e9canique ultramoderne est facile \u00e0 programmer et \u00e0 contr\u00f4ler, tandis que le plan de travail r\u00e9sistant aux rayures est id\u00e9al pour ranger les accessoires suppl\u00e9mentaires. Cet appareil moderne est \u00e9galement dot\u00e9 d'une ing\u00e9nieuse charni\u00e8re de porte r\u00e9versible qui vous permet de l'ajuster pour une ouverture \u00e0 gauche ou \u00e0 droite. Il est assorti d'une garantie de 5 ans sur les pi\u00e8ces et la main d'\u0153uvre, la meilleure du secteur, avec un service \u00e0 domicile.","robots":{"index":"index","follow":"follow","max-snippet":"max-snippet:-1","max-image-preview":"max-image-preview:large","max-video-preview":"max-video-preview:-1"},"canonical":"https:\/\/www.danby.com\/fr\/products\/congelateurs\/dufm085a4tdd\/","og_locale":"fr_CA","og_type":"article","og_title":"Cong\u00e9lateur vertical Danby Designer de 8,5 pi3 en noir - DUFM085A4TDD | Danby Canada","og_description":"Faites le plein de produits congel\u00e9s pr\u00e9f\u00e9r\u00e9s de votre famille avec ce cong\u00e9lateur vertical Danby Designer en noir, id\u00e9al pour le sous-sol, la cuisine ou le garage. \u00c9conomisez de l'argent et de l'\u00e9nergie gr\u00e2ce \u00e0 ce produit homologu\u00e9 ENERGY STAR\u00ae qui permet d'\u00e9conomiser de l'espace au sol gr\u00e2ce \u00e0 sa conception verticale. De plus, cet appareil offre une abondance d'espace pour l'organisation des aliments avec quatre tablettes de rangement et quatre tablettes de porte pour les articles plus petits. Ce mod\u00e8le est pr\u00eat pour le garage et peut fonctionner \u00e0 des temp\u00e9ratures de 0\u00b0F \u00e0 110\u00b0F (-17\u00b0C \u00e0 43\u00b0C). Avec son espace de cong\u00e9lation de 241 litres (8,5 pi3) pour les repas congel\u00e9s, les viandes, les l\u00e9gumes et plus encore, il est parfait pour les couples et les petites familles. La fonction pratique de d\u00e9givrage manuel permet de maintenir facilement le cong\u00e9lateur exempt de glace, et il est \u00e9galement dot\u00e9 d'un plateau d'\u00e9gouttement interne. Le thermostat m\u00e9canique ultramoderne est facile \u00e0 programmer et \u00e0 contr\u00f4ler, tandis que le plan de travail r\u00e9sistant aux rayures est id\u00e9al pour ranger les accessoires suppl\u00e9mentaires. Cet appareil moderne est \u00e9galement dot\u00e9 d'une ing\u00e9nieuse charni\u00e8re de porte r\u00e9versible qui vous permet de l'ajuster pour une ouverture \u00e0 gauche ou \u00e0 droite. Il est assorti d'une garantie de 5 ans sur les pi\u00e8ces et la main d'\u0153uvre, la meilleure du secteur, avec un service \u00e0 domicile.","og_url":"https:\/\/www.danby.com\/fr\/products\/congelateurs\/dufm085a4tdd\/","og_site_name":"Danby - Canada - French","article_publisher":"https:\/\/www.facebook.com\/DanbyAppliances","article_modified_time":"2026-04-08T10:08:01+00:00","og_image":[{"width":1125,"height":1500,"url":"https:\/\/www.danby.com\/fr\/wp-content\/uploads\/sites\/2\/2025\/11\/Thumbnail__0005_DUFM085A4TDD.jpg","type":"image\/jpeg"}],"twitter_card":"summary_large_image","twitter_site":"@DanbyAppliance","twitter_misc":{"Estimation du temps de lecture":"1 minute"},"schema":{"@context":"https:\/\/schema.org","@graph":[{"@type":["WebPage","ItemPage"],"url":"https:\/\/www.danby.com\/fr\/products\/congelateurs\/dufm085a4tdd\/","name":"Cong\u00e9lateur vertical Danby Designer de 8,5 pi3 en noir - DUFM085A4TDD | Danby Canada","isPartOf":[],"primaryImageOfPage":[],"image":[],"thumbnailUrl":"https:\/\/www.danby.com\/fr\/wp-content\/uploads\/sites\/2\/2025\/11\/Thumbnail__0005_DUFM085A4TDD.jpg","datePublished":"2022-02-03T19:21:25+00:00","dateModified":"2026-04-08T10:08:01+00:00","description":"Faites le plein de produits congel\u00e9s pr\u00e9f\u00e9r\u00e9s de votre famille avec ce cong\u00e9lateur vertical Danby Designer en noir, id\u00e9al pour le sous-sol, la cuisine ou le garage. \u00c9conomisez de l'argent et de l'\u00e9nergie gr\u00e2ce \u00e0 ce produit homologu\u00e9 ENERGY STAR\u00ae qui permet d'\u00e9conomiser de l'espace au sol gr\u00e2ce \u00e0 sa conception verticale. De plus, cet appareil offre une abondance d'espace pour l'organisation des aliments avec quatre tablettes de rangement et quatre tablettes de porte pour les articles plus petits. Ce mod\u00e8le est pr\u00eat pour le garage et peut fonctionner \u00e0 des temp\u00e9ratures de 0\u00b0F \u00e0 110\u00b0F (-17\u00b0C \u00e0 43\u00b0C). Avec son espace de cong\u00e9lation de 241 litres (8,5 pi3) pour les repas congel\u00e9s, les viandes, les l\u00e9gumes et plus encore, il est parfait pour les couples et les petites familles. La fonction pratique de d\u00e9givrage manuel permet de maintenir facilement le cong\u00e9lateur exempt de glace, et il est \u00e9galement dot\u00e9 d'un plateau d'\u00e9gouttement interne. Le thermostat m\u00e9canique ultramoderne est facile \u00e0 programmer et \u00e0 contr\u00f4ler, tandis que le plan de travail r\u00e9sistant aux rayures est id\u00e9al pour ranger les accessoires suppl\u00e9mentaires. Cet appareil moderne est \u00e9galement dot\u00e9 d'une ing\u00e9nieuse charni\u00e8re de porte r\u00e9versible qui vous permet de l'ajuster pour une ouverture \u00e0 gauche ou \u00e0 droite. Il est assorti d'une garantie de 5 ans sur les pi\u00e8ces et la main d'\u0153uvre, la meilleure du secteur, avec un service \u00e0 domicile.","breadcrumb":[],"inLanguage":"fr-CA","potentialAction":[{"@type":"ReadAction","target":["https:\/\/www.danby.com\/fr\/products\/congelateurs\/dufm085a4tdd\/"]}]},{"@type":"ImageObject","inLanguage":"fr-CA","url":"https:\/\/www.danby.com\/fr\/wp-content\/uploads\/sites\/2\/2025\/11\/Thumbnail__0005_DUFM085A4TDD.jpg","contentUrl":"https:\/\/www.danby.com\/fr\/wp-content\/uploads\/sites\/2\/2025\/11\/Thumbnail__0005_DUFM085A4TDD.jpg","width":1125,"height":1500},{"@type":"BreadcrumbList","itemListElement":[{"@type":"ListItem","position":1,"name":"Home","item":"https:\/\/www.danby.com\/fr\/"},{"@type":"ListItem","position":2,"name":"Boutique","item":"https:\/\/www.danby.com\/fr\/boutique\/"},{"@type":"ListItem","position":3,"name":"Cong\u00e9lateur vertical Danby Designer de 8,5 pi3 en noir"}]},{"@type":"WebSite","url":"https:\/\/www.danby.com\/fr\/","name":"Danby - Canada - French","description":"Leader dans le domaine de la r\u00e9frig\u00e9ration et des appareils sp\u00e9cialis\u00e9s","publisher":[],"potentialAction":[{"@type":"SearchAction","target":{"@type":"EntryPoint","urlTemplate":"https:\/\/www.danby.com\/fr\/?s={search_term_string}"},"query-input":{"@type":"PropertyValueSpecification","valueRequired":true,"valueName":"search_term_string"}}],"inLanguage":"fr-CA"},{"@type":"Organization","name":"Danby Appliances","url":"https:\/\/www.danby.com\/fr\/","logo":{"@type":"ImageObject","inLanguage":"fr-CA","url":"https:\/\/cdnweb.danby.com\/wp-content\/uploads\/sites\/2\/2022\/02\/10141906\/Danby75Ans_Blue.png","contentUrl":"https:\/\/cdnweb.danby.com\/wp-content\/uploads\/sites\/2\/2022\/02\/10141906\/Danby75Ans_Blue.png","width":470,"height":110,"caption":"Danby Appliances"},"image":[],"sameAs":["https:\/\/www.facebook.com\/DanbyAppliances","https:\/\/x.com\/DanbyAppliance","https:\/\/instagram.com\/danbyappliances\/","https:\/\/www.linkedin.com\/company\/danbyappliances","https:\/\/www.pinterest.ca\/danbyappliances\/","https:\/\/www.youtube.com\/user\/DanbyProducts","https:\/\/en.wikipedia.org\/wiki\/Danby_(appliances)"]}]}},"post_mailing_queue_ids":[],"_links":{"self":[{"href":"https:\/\/www.danby.com\/fr\/wp-json\/wp\/v2\/product\/5238","targetHints":{"allow":["GET"]}}],"collection":[{"href":"https:\/\/www.danby.com\/fr\/wp-json\/wp\/v2\/product"}],"about":[{"href":"https:\/\/www.danby.com\/fr\/wp-json\/wp\/v2\/types\/product"}],"replies":[{"embeddable":true,"href":"https:\/\/www.danby.com\/fr\/wp-json\/wp\/v2\/comments?post=5238"}],"wp:featuredmedia":[{"embeddable":true,"href":"https:\/\/www.danby.com\/fr\/wp-json\/wp\/v2\/media\/35816"}],"wp:attachment":[{"href":"https:\/\/www.danby.com\/fr\/wp-json\/wp\/v2\/media?parent=5238"}],"wp:term":[{"taxonomy":"product_brand","embeddable":true,"href":"https:\/\/www.danby.com\/fr\/wp-json\/wp\/v2\/product_brand?post=5238"},{"taxonomy":"product_cat","embeddable":true,"href":"https:\/\/www.danby.com\/fr\/wp-json\/wp\/v2\/product_cat?post=5238"},{"taxonomy":"product_tag","embeddable":true,"href":"https:\/\/www.danby.com\/fr\/wp-json\/wp\/v2\/product_tag?post=5238"}],"curies":[{"name":"wp","href":"https:\/\/api.w.org\/{rel}","templated":true}]}}