{"id":5236,"date":"2022-02-03T19:21:25","date_gmt":"2022-02-03T19:21:25","guid":{"rendered":"https:\/\/www.danby.com\/fr\/product\/dufm085a4bsldd\/"},"modified":"2026-04-11T10:05:00","modified_gmt":"2026-04-11T10:05:00","slug":"dufm085a4bsldd","status":"publish","type":"product","link":"https:\/\/www.danby.com\/fr\/products\/congelateurs\/dufm085a4bsldd\/","title":{"rendered":"Danby Designer Cong\u00e9lateur Vertical de 8,5 pi3 en Acier Inoxydable"},"content":{"rendered":"","protected":false},"excerpt":{"rendered":"<ul>\n<li>3 \u00e9tag\u00e8res de cong\u00e9lation rapide<\/li>\n<li>4 \u00e9tag\u00e8res de porte pour les articles plus petits et fr\u00e9quemment utilis\u00e9s<\/li>\n<li>D\u00e9givrage manuel avec bac de r\u00e9cup\u00e9ration<\/li>\n<li>Certifi\u00e9 ENERGY STAR\u00ae, l&#8217;efficacit\u00e9 \u00e9nerg\u00e9tique vous permet d&#8217;\u00e9conomiser de l&#8217;argent sans&#8230;<\/li>\n<li>Cong\u00e9lateur vertical d&#8217;une capacit\u00e9 de 241 litres (8,5 pi3)<\/li>\n<li>Pr\u00eat pour le garage : le cong\u00e9lateur peut fonctionner \u00e0 des temp\u00e9ratures allant de 0\u00b0F \u00e0 110\u00b0F (-17\u00b0C \u00e0 43\u00b0C)<\/li>\n<li>R\u00e9frig\u00e9rant R600a<\/li>\n<li>Le thermostat m\u00e9canique est id\u00e9alement situ\u00e9 pour un contr\u00f4le facile de la temp\u00e9rature.<\/li>\n<li>La porte arrondie avec poign\u00e9e int\u00e9gr\u00e9e donne un aspect moderne.<\/li>\n<li>Le plan de travail r\u00e9sistant aux rayures offre un espace de rangement suppl\u00e9mentaire.<\/li>\n<li>La charni\u00e8re de porte r\u00e9versible permet d&#8217;ouvrir la porte \u00e0 droite ou \u00e0 gauche.<\/li>\n<li>2 pieds r\u00e9glables pour la mise \u00e0 niveau et la flexibilit\u00e9 de la hauteur<\/li>\n<\/ul>\n","protected":false},"featured_media":35150,"comment_status":"closed","ping_status":"open","template":"","meta":{"_acf_changed":false},"product_brand":[],"product_cat":[27],"product_tag":[],"class_list":{"0":"post-5236","1":"product","2":"type-product","3":"status-publish","4":"has-post-thumbnail","6":"product_cat-congelateurs","8":"first","9":"instock","10":"taxable","11":"shipping-taxable","12":"purchasable","13":"product-type-simple"},"acf":[],"yoast_head":"<!-- This site is optimized with the Yoast SEO plugin v26.7 - https:\/\/yoast.com\/wordpress\/plugins\/seo\/ -->\n<title>Danby Designer Cong\u00e9lateur Vertical de 8,5 pi3 en Acier Inoxydable - DUFM085A4BSLDD | Danby Canada<\/title>\n<meta name=\"description\" content=\"Ce cong\u00e9lateur vertical moderne de Danby est id\u00e9al pour tout type de m\u00e9nage. La conception du cong\u00e9lateur vertical lui permet de s&#039;int\u00e9grer facilement dans n&#039;importe quel environnement et l&#039;espace de stockage g\u00e9n\u00e9reux de 241 litres (8,5 pieds cubes) est id\u00e9al pour les petites familles et les couples. Les quatre \u00e9tag\u00e8res de porte pratiques et les trois \u00e9tag\u00e8res suppl\u00e9mentaires \u00e0 cong\u00e9lation rapide offrent une grande surface de refroidissement. La fonction pratique de d\u00e9givrage manuel facilite l&#039;entretien et le maintien de l&#039;absence de glace, et il dispose \u00e9galement d&#039;un bac de r\u00e9cup\u00e9ration interne. Le thermostat m\u00e9canique ultramoderne est facile \u00e0 programmer et \u00e0 contr\u00f4ler, tandis que le plan de travail r\u00e9sistant aux rayures est id\u00e9al pour ranger des accessoires suppl\u00e9mentaires. Et surtout, il est conforme \u00e0 la norme Energy Star\u00ae. Ce cong\u00e9lateur ultime est \u00e9galement dot\u00e9 d&#039;une charni\u00e8re de porte r\u00e9versible qui vous permet de l&#039;ajuster pour une ouverture \u00e0 gauche ou \u00e0 droite et offre une garantie de 5 ans sur les pi\u00e8ces et la main-d&#039;\u0153uvre avec un service \u00e0 domicile.\" \/>\n<meta name=\"robots\" content=\"index, follow, max-snippet:-1, max-image-preview:large, max-video-preview:-1\" \/>\n<link rel=\"canonical\" href=\"https:\/\/www.danby.com\/fr\/products\/congelateurs\/dufm085a4bsldd\/\" \/>\n<meta property=\"og:locale\" content=\"fr_CA\" \/>\n<meta property=\"og:type\" content=\"article\" \/>\n<meta property=\"og:title\" content=\"Danby Designer Cong\u00e9lateur Vertical de 8,5 pi3 en Acier Inoxydable - DUFM085A4BSLDD | Danby Canada\" \/>\n<meta property=\"og:description\" content=\"Ce cong\u00e9lateur vertical moderne de Danby est id\u00e9al pour tout type de m\u00e9nage. La conception du cong\u00e9lateur vertical lui permet de s&#039;int\u00e9grer facilement dans n&#039;importe quel environnement et l&#039;espace de stockage g\u00e9n\u00e9reux de 241 litres (8,5 pieds cubes) est id\u00e9al pour les petites familles et les couples. Les quatre \u00e9tag\u00e8res de porte pratiques et les trois \u00e9tag\u00e8res suppl\u00e9mentaires \u00e0 cong\u00e9lation rapide offrent une grande surface de refroidissement. La fonction pratique de d\u00e9givrage manuel facilite l&#039;entretien et le maintien de l&#039;absence de glace, et il dispose \u00e9galement d&#039;un bac de r\u00e9cup\u00e9ration interne. Le thermostat m\u00e9canique ultramoderne est facile \u00e0 programmer et \u00e0 contr\u00f4ler, tandis que le plan de travail r\u00e9sistant aux rayures est id\u00e9al pour ranger des accessoires suppl\u00e9mentaires. Et surtout, il est conforme \u00e0 la norme Energy Star\u00ae. Ce cong\u00e9lateur ultime est \u00e9galement dot\u00e9 d&#039;une charni\u00e8re de porte r\u00e9versible qui vous permet de l&#039;ajuster pour une ouverture \u00e0 gauche ou \u00e0 droite et offre une garantie de 5 ans sur les pi\u00e8ces et la main-d&#039;\u0153uvre avec un service \u00e0 domicile.\" \/>\n<meta property=\"og:url\" content=\"https:\/\/www.danby.com\/fr\/products\/congelateurs\/dufm085a4bsldd\/\" \/>\n<meta property=\"og:site_name\" content=\"Danby - Canada - French\" \/>\n<meta property=\"article:publisher\" content=\"https:\/\/www.facebook.com\/DanbyAppliances\" \/>\n<meta property=\"article:modified_time\" content=\"2026-04-11T10:05:00+00:00\" \/>\n<meta property=\"og:image\" content=\"https:\/\/cdnweb.danby.com\/wp-content\/uploads\/sites\/2\/2023\/11\/22151337\/Thumbnail__0002_DUFM085A4BSLDD.jpg\" \/>\n\t<meta property=\"og:image:width\" content=\"1125\" \/>\n\t<meta property=\"og:image:height\" content=\"1500\" \/>\n\t<meta property=\"og:image:type\" content=\"image\/jpeg\" \/>\n<meta name=\"twitter:card\" content=\"summary_large_image\" \/>\n<meta name=\"twitter:site\" content=\"@DanbyAppliance\" \/>\n<script type=\"application\/ld+json\" class=\"yoast-schema-graph\">{\"@context\":\"https:\/\/schema.org\",\"@graph\":[{\"@type\":[\"WebPage\",\"ItemPage\"],\"url\":\"https:\/\/www.danby.com\/fr\/products\/congelateurs\/dufm085a4bsldd\/\",\"name\":\"Danby Designer Cong\u00e9lateur Vertical de 8,5 pi3 en Acier Inoxydable - DUFM085A4BSLDD | Danby Canada\",\"isPartOf\":[],\"primaryImageOfPage\":[],\"image\":[],\"thumbnailUrl\":\"https:\/\/www.danby.com\/fr\/wp-content\/uploads\/sites\/2\/2025\/09\/dufm085a4bsldd-front.jpg\",\"datePublished\":\"2022-02-03T19:21:25+00:00\",\"dateModified\":\"2026-04-11T10:05:00+00:00\",\"description\":\"Ce cong\u00e9lateur vertical moderne de Danby est id\u00e9al pour tout type de m\u00e9nage. La conception du cong\u00e9lateur vertical lui permet de s'int\u00e9grer facilement dans n'importe quel environnement et l'espace de stockage g\u00e9n\u00e9reux de 241 litres (8,5 pieds cubes) est id\u00e9al pour les petites familles et les couples. Les quatre \u00e9tag\u00e8res de porte pratiques et les trois \u00e9tag\u00e8res suppl\u00e9mentaires \u00e0 cong\u00e9lation rapide offrent une grande surface de refroidissement. La fonction pratique de d\u00e9givrage manuel facilite l'entretien et le maintien de l'absence de glace, et il dispose \u00e9galement d'un bac de r\u00e9cup\u00e9ration interne. Le thermostat m\u00e9canique ultramoderne est facile \u00e0 programmer et \u00e0 contr\u00f4ler, tandis que le plan de travail r\u00e9sistant aux rayures est id\u00e9al pour ranger des accessoires suppl\u00e9mentaires. Et surtout, il est conforme \u00e0 la norme Energy Star\u00ae. Ce cong\u00e9lateur ultime est \u00e9galement dot\u00e9 d'une charni\u00e8re de porte r\u00e9versible qui vous permet de l'ajuster pour une ouverture \u00e0 gauche ou \u00e0 droite et offre une garantie de 5 ans sur les pi\u00e8ces et la main-d'\u0153uvre avec un service \u00e0 domicile.\",\"breadcrumb\":[],\"inLanguage\":\"fr-CA\",\"potentialAction\":[{\"@type\":\"ReadAction\",\"target\":[\"https:\/\/www.danby.com\/fr\/products\/congelateurs\/dufm085a4bsldd\/\"]}]},{\"@type\":\"ImageObject\",\"inLanguage\":\"fr-CA\",\"url\":\"https:\/\/www.danby.com\/fr\/wp-content\/uploads\/sites\/2\/2025\/09\/dufm085a4bsldd-front.jpg\",\"contentUrl\":\"https:\/\/www.danby.com\/fr\/wp-content\/uploads\/sites\/2\/2025\/09\/dufm085a4bsldd-front.jpg\",\"width\":810,\"height\":1080},{\"@type\":\"BreadcrumbList\",\"itemListElement\":[{\"@type\":\"ListItem\",\"position\":1,\"name\":\"Home\",\"item\":\"https:\/\/www.danby.com\/fr\/\"},{\"@type\":\"ListItem\",\"position\":2,\"name\":\"Boutique\",\"item\":\"https:\/\/www.danby.com\/fr\/boutique\/\"},{\"@type\":\"ListItem\",\"position\":3,\"name\":\"Cong\u00e9lateur vertical de 8,5 pi3 en acier inoxydable Danby Designer\"}]},{\"@type\":\"WebSite\",\"url\":\"https:\/\/www.danby.com\/fr\/\",\"name\":\"Danby - Canada - French\",\"description\":\"Leader dans le domaine de la r\u00e9frig\u00e9ration et des appareils sp\u00e9cialis\u00e9s\",\"publisher\":[],\"potentialAction\":[{\"@type\":\"SearchAction\",\"target\":{\"@type\":\"EntryPoint\",\"urlTemplate\":\"https:\/\/www.danby.com\/fr\/?s={search_term_string}\"},\"query-input\":{\"@type\":\"PropertyValueSpecification\",\"valueRequired\":true,\"valueName\":\"search_term_string\"}}],\"inLanguage\":\"fr-CA\"},{\"@type\":\"Organization\",\"name\":\"Danby Appliances\",\"url\":\"https:\/\/www.danby.com\/fr\/\",\"logo\":{\"@type\":\"ImageObject\",\"inLanguage\":\"fr-CA\",\"url\":\"https:\/\/cdnweb.danby.com\/wp-content\/uploads\/sites\/2\/2022\/02\/10141906\/Danby75Ans_Blue.png\",\"contentUrl\":\"https:\/\/cdnweb.danby.com\/wp-content\/uploads\/sites\/2\/2022\/02\/10141906\/Danby75Ans_Blue.png\",\"width\":470,\"height\":110,\"caption\":\"Danby Appliances\"},\"image\":[],\"sameAs\":[\"https:\/\/www.facebook.com\/DanbyAppliances\",\"https:\/\/x.com\/DanbyAppliance\",\"https:\/\/instagram.com\/danbyappliances\/\",\"https:\/\/www.linkedin.com\/company\/danbyappliances\",\"https:\/\/www.pinterest.ca\/danbyappliances\/\",\"https:\/\/www.youtube.com\/user\/DanbyProducts\",\"https:\/\/en.wikipedia.org\/wiki\/Danby_(appliances)\"]}]}<\/script>\n<!-- \/ Yoast SEO plugin. -->","yoast_head_json":{"title":"Danby Designer Cong\u00e9lateur Vertical de 8,5 pi3 en Acier Inoxydable - DUFM085A4BSLDD | Danby Canada","description":"Ce cong\u00e9lateur vertical moderne de Danby est id\u00e9al pour tout type de m\u00e9nage. La conception du cong\u00e9lateur vertical lui permet de s'int\u00e9grer facilement dans n'importe quel environnement et l'espace de stockage g\u00e9n\u00e9reux de 241 litres (8,5 pieds cubes) est id\u00e9al pour les petites familles et les couples. Les quatre \u00e9tag\u00e8res de porte pratiques et les trois \u00e9tag\u00e8res suppl\u00e9mentaires \u00e0 cong\u00e9lation rapide offrent une grande surface de refroidissement. La fonction pratique de d\u00e9givrage manuel facilite l'entretien et le maintien de l'absence de glace, et il dispose \u00e9galement d'un bac de r\u00e9cup\u00e9ration interne. Le thermostat m\u00e9canique ultramoderne est facile \u00e0 programmer et \u00e0 contr\u00f4ler, tandis que le plan de travail r\u00e9sistant aux rayures est id\u00e9al pour ranger des accessoires suppl\u00e9mentaires. Et surtout, il est conforme \u00e0 la norme Energy Star\u00ae. Ce cong\u00e9lateur ultime est \u00e9galement dot\u00e9 d'une charni\u00e8re de porte r\u00e9versible qui vous permet de l'ajuster pour une ouverture \u00e0 gauche ou \u00e0 droite et offre une garantie de 5 ans sur les pi\u00e8ces et la main-d'\u0153uvre avec un service \u00e0 domicile.","robots":{"index":"index","follow":"follow","max-snippet":"max-snippet:-1","max-image-preview":"max-image-preview:large","max-video-preview":"max-video-preview:-1"},"canonical":"https:\/\/www.danby.com\/fr\/products\/congelateurs\/dufm085a4bsldd\/","og_locale":"fr_CA","og_type":"article","og_title":"Danby Designer Cong\u00e9lateur Vertical de 8,5 pi3 en Acier Inoxydable - DUFM085A4BSLDD | Danby Canada","og_description":"Ce cong\u00e9lateur vertical moderne de Danby est id\u00e9al pour tout type de m\u00e9nage. La conception du cong\u00e9lateur vertical lui permet de s'int\u00e9grer facilement dans n'importe quel environnement et l'espace de stockage g\u00e9n\u00e9reux de 241 litres (8,5 pieds cubes) est id\u00e9al pour les petites familles et les couples. Les quatre \u00e9tag\u00e8res de porte pratiques et les trois \u00e9tag\u00e8res suppl\u00e9mentaires \u00e0 cong\u00e9lation rapide offrent une grande surface de refroidissement. La fonction pratique de d\u00e9givrage manuel facilite l'entretien et le maintien de l'absence de glace, et il dispose \u00e9galement d'un bac de r\u00e9cup\u00e9ration interne. Le thermostat m\u00e9canique ultramoderne est facile \u00e0 programmer et \u00e0 contr\u00f4ler, tandis que le plan de travail r\u00e9sistant aux rayures est id\u00e9al pour ranger des accessoires suppl\u00e9mentaires. Et surtout, il est conforme \u00e0 la norme Energy Star\u00ae. Ce cong\u00e9lateur ultime est \u00e9galement dot\u00e9 d'une charni\u00e8re de porte r\u00e9versible qui vous permet de l'ajuster pour une ouverture \u00e0 gauche ou \u00e0 droite et offre une garantie de 5 ans sur les pi\u00e8ces et la main-d'\u0153uvre avec un service \u00e0 domicile.","og_url":"https:\/\/www.danby.com\/fr\/products\/congelateurs\/dufm085a4bsldd\/","og_site_name":"Danby - Canada - French","article_publisher":"https:\/\/www.facebook.com\/DanbyAppliances","article_modified_time":"2026-04-11T10:05:00+00:00","og_image":[{"width":1125,"height":1500,"url":"https:\/\/cdnweb.danby.com\/wp-content\/uploads\/sites\/2\/2023\/11\/22151337\/Thumbnail__0002_DUFM085A4BSLDD.jpg","type":"image\/jpeg"}],"twitter_card":"summary_large_image","twitter_site":"@DanbyAppliance","schema":{"@context":"https:\/\/schema.org","@graph":[{"@type":["WebPage","ItemPage"],"url":"https:\/\/www.danby.com\/fr\/products\/congelateurs\/dufm085a4bsldd\/","name":"Danby Designer Cong\u00e9lateur Vertical de 8,5 pi3 en Acier Inoxydable - DUFM085A4BSLDD | Danby Canada","isPartOf":[],"primaryImageOfPage":[],"image":[],"thumbnailUrl":"https:\/\/www.danby.com\/fr\/wp-content\/uploads\/sites\/2\/2025\/09\/dufm085a4bsldd-front.jpg","datePublished":"2022-02-03T19:21:25+00:00","dateModified":"2026-04-11T10:05:00+00:00","description":"Ce cong\u00e9lateur vertical moderne de Danby est id\u00e9al pour tout type de m\u00e9nage. La conception du cong\u00e9lateur vertical lui permet de s'int\u00e9grer facilement dans n'importe quel environnement et l'espace de stockage g\u00e9n\u00e9reux de 241 litres (8,5 pieds cubes) est id\u00e9al pour les petites familles et les couples. Les quatre \u00e9tag\u00e8res de porte pratiques et les trois \u00e9tag\u00e8res suppl\u00e9mentaires \u00e0 cong\u00e9lation rapide offrent une grande surface de refroidissement. La fonction pratique de d\u00e9givrage manuel facilite l'entretien et le maintien de l'absence de glace, et il dispose \u00e9galement d'un bac de r\u00e9cup\u00e9ration interne. Le thermostat m\u00e9canique ultramoderne est facile \u00e0 programmer et \u00e0 contr\u00f4ler, tandis que le plan de travail r\u00e9sistant aux rayures est id\u00e9al pour ranger des accessoires suppl\u00e9mentaires. Et surtout, il est conforme \u00e0 la norme Energy Star\u00ae. Ce cong\u00e9lateur ultime est \u00e9galement dot\u00e9 d'une charni\u00e8re de porte r\u00e9versible qui vous permet de l'ajuster pour une ouverture \u00e0 gauche ou \u00e0 droite et offre une garantie de 5 ans sur les pi\u00e8ces et la main-d'\u0153uvre avec un service \u00e0 domicile.","breadcrumb":[],"inLanguage":"fr-CA","potentialAction":[{"@type":"ReadAction","target":["https:\/\/www.danby.com\/fr\/products\/congelateurs\/dufm085a4bsldd\/"]}]},{"@type":"ImageObject","inLanguage":"fr-CA","url":"https:\/\/www.danby.com\/fr\/wp-content\/uploads\/sites\/2\/2025\/09\/dufm085a4bsldd-front.jpg","contentUrl":"https:\/\/www.danby.com\/fr\/wp-content\/uploads\/sites\/2\/2025\/09\/dufm085a4bsldd-front.jpg","width":810,"height":1080},{"@type":"BreadcrumbList","itemListElement":[{"@type":"ListItem","position":1,"name":"Home","item":"https:\/\/www.danby.com\/fr\/"},{"@type":"ListItem","position":2,"name":"Boutique","item":"https:\/\/www.danby.com\/fr\/boutique\/"},{"@type":"ListItem","position":3,"name":"Cong\u00e9lateur vertical de 8,5 pi3 en acier inoxydable Danby Designer"}]},{"@type":"WebSite","url":"https:\/\/www.danby.com\/fr\/","name":"Danby - Canada - French","description":"Leader dans le domaine de la r\u00e9frig\u00e9ration et des appareils sp\u00e9cialis\u00e9s","publisher":[],"potentialAction":[{"@type":"SearchAction","target":{"@type":"EntryPoint","urlTemplate":"https:\/\/www.danby.com\/fr\/?s={search_term_string}"},"query-input":{"@type":"PropertyValueSpecification","valueRequired":true,"valueName":"search_term_string"}}],"inLanguage":"fr-CA"},{"@type":"Organization","name":"Danby Appliances","url":"https:\/\/www.danby.com\/fr\/","logo":{"@type":"ImageObject","inLanguage":"fr-CA","url":"https:\/\/cdnweb.danby.com\/wp-content\/uploads\/sites\/2\/2022\/02\/10141906\/Danby75Ans_Blue.png","contentUrl":"https:\/\/cdnweb.danby.com\/wp-content\/uploads\/sites\/2\/2022\/02\/10141906\/Danby75Ans_Blue.png","width":470,"height":110,"caption":"Danby Appliances"},"image":[],"sameAs":["https:\/\/www.facebook.com\/DanbyAppliances","https:\/\/x.com\/DanbyAppliance","https:\/\/instagram.com\/danbyappliances\/","https:\/\/www.linkedin.com\/company\/danbyappliances","https:\/\/www.pinterest.ca\/danbyappliances\/","https:\/\/www.youtube.com\/user\/DanbyProducts","https:\/\/en.wikipedia.org\/wiki\/Danby_(appliances)"]}]}},"post_mailing_queue_ids":[],"_links":{"self":[{"href":"https:\/\/www.danby.com\/fr\/wp-json\/wp\/v2\/product\/5236","targetHints":{"allow":["GET"]}}],"collection":[{"href":"https:\/\/www.danby.com\/fr\/wp-json\/wp\/v2\/product"}],"about":[{"href":"https:\/\/www.danby.com\/fr\/wp-json\/wp\/v2\/types\/product"}],"replies":[{"embeddable":true,"href":"https:\/\/www.danby.com\/fr\/wp-json\/wp\/v2\/comments?post=5236"}],"wp:featuredmedia":[{"embeddable":true,"href":"https:\/\/www.danby.com\/fr\/wp-json\/wp\/v2\/media\/35150"}],"wp:attachment":[{"href":"https:\/\/www.danby.com\/fr\/wp-json\/wp\/v2\/media?parent=5236"}],"wp:term":[{"taxonomy":"product_brand","embeddable":true,"href":"https:\/\/www.danby.com\/fr\/wp-json\/wp\/v2\/product_brand?post=5236"},{"taxonomy":"product_cat","embeddable":true,"href":"https:\/\/www.danby.com\/fr\/wp-json\/wp\/v2\/product_cat?post=5236"},{"taxonomy":"product_tag","embeddable":true,"href":"https:\/\/www.danby.com\/fr\/wp-json\/wp\/v2\/product_tag?post=5236"}],"curies":[{"name":"wp","href":"https:\/\/api.w.org\/{rel}","templated":true}]}}