{"id":5234,"date":"2022-02-03T19:21:25","date_gmt":"2022-02-03T19:21:25","guid":{"rendered":"https:\/\/www.danby.com\/fr\/product\/dufm085a2wp1\/"},"modified":"2026-04-28T10:10:25","modified_gmt":"2026-04-28T10:10:25","slug":"dufm085a2wp1","status":"publish","type":"product","link":"https:\/\/www.danby.com\/fr\/products\/congelateurs\/dufm085a2wp1\/","title":{"rendered":"Premiere 8.5 pi3 Cong\u00e9lateur"},"content":{"rendered":"","protected":false},"excerpt":{"rendered":"<ul>\n<li>Cong\u00e9lateur vertical d\u2019une capacit\u00e9 de 241 L (8,5 pi3) <\/li>\n<li>R\u00e9frig\u00e9rant \u00e9cologique R600a <\/li>\n<li>Homologu\u00e9 Energy Star \u00ae <\/li>\n<li>D\u00e9givrage manuel avec plateau d\u2019\u00e9gouttage <\/li>\n<li>Thermostat m\u00e9canique d\u2019usage facile <\/li>\n<li>3 tablettes de cong\u00e9lation rapide  <\/li>\n<li>4 balconnets <\/li>\n<li>Porte bomb\u00e9e avec poign\u00e9e int\u00e9gr\u00e9e  <\/li>\n<li>Charni\u00e8res de porte r\u00e9versibles <\/li>\n<li>Plan de travail r\u00e9sistant aux \u00e9gratignures  <\/li>\n<li>Conserve une temp\u00e9rature de cong\u00e9lation optimale entre -12\u00b0C et -24\u00b0C (10,4\u00b0F et -11,2\u00b0F) <\/li>\n<\/ul>\n","protected":false},"featured_media":7588,"comment_status":"closed","ping_status":"open","template":"","meta":{"_acf_changed":false},"product_brand":[],"product_cat":[27],"product_tag":[],"class_list":{"0":"post-5234","1":"product","2":"type-product","3":"status-publish","4":"has-post-thumbnail","6":"product_cat-congelateurs","8":"first","9":"outofstock","10":"taxable","11":"shipping-taxable","12":"product-type-simple"},"acf":[],"yoast_head":"<!-- This site is optimized with the Yoast SEO plugin v27.5 - https:\/\/yoast.com\/product\/yoast-seo-wordpress\/ -->\n<title>Premiere 8.5 pi3 Cong\u00e9lateur - DUFM085A2WP1 | Danby Canada<\/title>\n<meta name=\"description\" content=\"Si votre cong\u00e9lateur peine \u00e0 satisfaire les besoins de votre famille, vous pouvez ajouter un appareil suppl\u00e9mentaire comme ce tr\u00e8s efficace mod\u00e8le Danby. Cet \u00e9l\u00e9gant cong\u00e9lateur d\u2019une capacit\u00e9 de 241 litres (8,5 pieds cubes) d\u2019entreposage, n\u2019occupe pas beaucoup d\u2019espace en raison de sa populaire conception verticale, ce qui en fait un choix id\u00e9al, tant pour les demeures que pour les chalets. Trois tablettes de cong\u00e9lation rapide et quatre balconnets, simplifient beaucoup le rangement de vos aliments. L\u2019homologation Energy Star signifie une r\u00e9duction de votre consommation d\u2019\u00e9lectricit\u00e9 et la poign\u00e9e de porte int\u00e9gr\u00e9e ainsi que le fini blanc frais, ajoutent une touche attrayante. Ce mod\u00e8le fonctionne en douceur, gr\u00e2ce au thermostat m\u00e9canique pr\u00e9cis et facile \u00e0 programmer ainsi qu\u2019au syst\u00e8me de d\u00e9givrage manuel. Le plan de travail r\u00e9sistant aux \u00e9gratignures, vous offre un espace pour ranger des accessoires et les charni\u00e8res de porte r\u00e9versibles sont con\u00e7ues pour une ouverture \u00e0 gauche ou \u00e0 droite. Ce superbe appareil comprend aussi une garantie de 24 mois sur les pi\u00e8ces et la main-d\u2019\u0153uvre, incluant le pratique service \u00e0 domicile.\" \/>\n<meta name=\"robots\" content=\"index, follow, max-snippet:-1, max-image-preview:large, max-video-preview:-1\" \/>\n<link rel=\"canonical\" href=\"https:\/\/www.danby.com\/fr\/products\/congelateurs\/dufm085a2wp1\/\" \/>\n<meta property=\"og:locale\" content=\"fr_CA\" \/>\n<meta property=\"og:type\" content=\"article\" \/>\n<meta property=\"og:title\" content=\"Premiere 8.5 pi3 Cong\u00e9lateur - DUFM085A2WP1 | Danby Canada\" \/>\n<meta property=\"og:description\" content=\"Si votre cong\u00e9lateur peine \u00e0 satisfaire les besoins de votre famille, vous pouvez ajouter un appareil suppl\u00e9mentaire comme ce tr\u00e8s efficace mod\u00e8le Danby. Cet \u00e9l\u00e9gant cong\u00e9lateur d\u2019une capacit\u00e9 de 241 litres (8,5 pieds cubes) d\u2019entreposage, n\u2019occupe pas beaucoup d\u2019espace en raison de sa populaire conception verticale, ce qui en fait un choix id\u00e9al, tant pour les demeures que pour les chalets. Trois tablettes de cong\u00e9lation rapide et quatre balconnets, simplifient beaucoup le rangement de vos aliments. L\u2019homologation Energy Star signifie une r\u00e9duction de votre consommation d\u2019\u00e9lectricit\u00e9 et la poign\u00e9e de porte int\u00e9gr\u00e9e ainsi que le fini blanc frais, ajoutent une touche attrayante. Ce mod\u00e8le fonctionne en douceur, gr\u00e2ce au thermostat m\u00e9canique pr\u00e9cis et facile \u00e0 programmer ainsi qu\u2019au syst\u00e8me de d\u00e9givrage manuel. Le plan de travail r\u00e9sistant aux \u00e9gratignures, vous offre un espace pour ranger des accessoires et les charni\u00e8res de porte r\u00e9versibles sont con\u00e7ues pour une ouverture \u00e0 gauche ou \u00e0 droite. Ce superbe appareil comprend aussi une garantie de 24 mois sur les pi\u00e8ces et la main-d\u2019\u0153uvre, incluant le pratique service \u00e0 domicile.\" \/>\n<meta property=\"og:url\" content=\"https:\/\/www.danby.com\/fr\/products\/congelateurs\/dufm085a2wp1\/\" \/>\n<meta property=\"og:site_name\" content=\"Danby - Canada - French\" \/>\n<meta property=\"article:publisher\" content=\"https:\/\/www.facebook.com\/DanbyAppliances\" \/>\n<meta property=\"article:modified_time\" content=\"2026-04-28T10:10:25+00:00\" \/>\n<meta property=\"og:image\" content=\"https:\/\/cdnweb.danby.com\/wp-content\/uploads\/sites\/2\/2022\/02\/08194137\/proMed-duf809w.jpg\" \/>\n\t<meta property=\"og:image:width\" content=\"300\" \/>\n\t<meta property=\"og:image:height\" content=\"272\" \/>\n\t<meta property=\"og:image:type\" content=\"image\/jpeg\" \/>\n<meta name=\"twitter:card\" content=\"summary_large_image\" \/>\n<meta name=\"twitter:site\" content=\"@DanbyAppliance\" \/>\n<script type=\"application\/ld+json\" class=\"yoast-schema-graph\">{\"@context\":\"https:\\\/\\\/schema.org\",\"@graph\":[{\"@type\":[\"WebPage\",\"ItemPage\"],\"url\":\"https:\\\/\\\/www.danby.com\\\/fr\\\/products\\\/congelateurs\\\/dufm085a2wp1\\\/\",\"name\":\"Premiere 8.5 pi3 Cong\u00e9lateur - DUFM085A2WP1 | Danby Canada\",\"isPartOf\":[],\"primaryImageOfPage\":[],\"image\":[],\"thumbnailUrl\":\"https:\\\/\\\/cdnweb.danby.com\\\/wp-content\\\/uploads\\\/sites\\\/2\\\/2022\\\/02\\\/08194137\\\/proMed-duf809w.jpg\",\"datePublished\":\"2022-02-03T19:21:25+00:00\",\"dateModified\":\"2026-04-28T10:10:25+00:00\",\"description\":\"Si votre cong\u00e9lateur peine \u00e0 satisfaire les besoins de votre famille, vous pouvez ajouter un appareil suppl\u00e9mentaire comme ce tr\u00e8s efficace mod\u00e8le Danby. Cet \u00e9l\u00e9gant cong\u00e9lateur d\u2019une capacit\u00e9 de 241 litres (8,5 pieds cubes) d\u2019entreposage, n\u2019occupe pas beaucoup d\u2019espace en raison de sa populaire conception verticale, ce qui en fait un choix id\u00e9al, tant pour les demeures que pour les chalets. Trois tablettes de cong\u00e9lation rapide et quatre balconnets, simplifient beaucoup le rangement de vos aliments. L\u2019homologation Energy Star signifie une r\u00e9duction de votre consommation d\u2019\u00e9lectricit\u00e9 et la poign\u00e9e de porte int\u00e9gr\u00e9e ainsi que le fini blanc frais, ajoutent une touche attrayante. Ce mod\u00e8le fonctionne en douceur, gr\u00e2ce au thermostat m\u00e9canique pr\u00e9cis et facile \u00e0 programmer ainsi qu\u2019au syst\u00e8me de d\u00e9givrage manuel. Le plan de travail r\u00e9sistant aux \u00e9gratignures, vous offre un espace pour ranger des accessoires et les charni\u00e8res de porte r\u00e9versibles sont con\u00e7ues pour une ouverture \u00e0 gauche ou \u00e0 droite. Ce superbe appareil comprend aussi une garantie de 24 mois sur les pi\u00e8ces et la main-d\u2019\u0153uvre, incluant le pratique service \u00e0 domicile.\",\"breadcrumb\":[],\"inLanguage\":\"fr-CA\",\"potentialAction\":[{\"@type\":\"ReadAction\",\"target\":[\"https:\\\/\\\/www.danby.com\\\/fr\\\/products\\\/congelateurs\\\/dufm085a2wp1\\\/\"]}]},{\"@type\":\"ImageObject\",\"inLanguage\":\"fr-CA\",\"url\":\"https:\\\/\\\/cdnweb.danby.com\\\/wp-content\\\/uploads\\\/sites\\\/2\\\/2022\\\/02\\\/08194137\\\/proMed-duf809w.jpg\",\"contentUrl\":\"https:\\\/\\\/cdnweb.danby.com\\\/wp-content\\\/uploads\\\/sites\\\/2\\\/2022\\\/02\\\/08194137\\\/proMed-duf809w.jpg\",\"width\":300,\"height\":272},{\"@type\":\"BreadcrumbList\",\"itemListElement\":[{\"@type\":\"ListItem\",\"position\":1,\"name\":\"Home\",\"item\":\"https:\\\/\\\/www.danby.com\\\/fr\\\/\"},{\"@type\":\"ListItem\",\"position\":2,\"name\":\"Boutique\",\"item\":\"https:\\\/\\\/www.danby.com\\\/fr\\\/boutique\\\/\"},{\"@type\":\"ListItem\",\"position\":3,\"name\":\"Premiere 8.5 pi3 Cong\u00e9lateur\"}]},{\"@type\":\"WebSite\",\"url\":\"https:\\\/\\\/www.danby.com\\\/fr\\\/\",\"name\":\"Danby - Canada - French\",\"description\":\"Leader dans le domaine de la r\u00e9frig\u00e9ration et des appareils sp\u00e9cialis\u00e9s\",\"publisher\":[],\"potentialAction\":[{\"@type\":\"SearchAction\",\"target\":{\"@type\":\"EntryPoint\",\"urlTemplate\":\"https:\\\/\\\/www.danby.com\\\/fr\\\/?s={search_term_string}\"},\"query-input\":{\"@type\":\"PropertyValueSpecification\",\"valueRequired\":true,\"valueName\":\"search_term_string\"}}],\"inLanguage\":\"fr-CA\"},{\"@type\":\"Organization\",\"name\":\"Danby Appliances\",\"url\":\"https:\\\/\\\/www.danby.com\\\/fr\\\/\",\"logo\":{\"@type\":\"ImageObject\",\"inLanguage\":\"fr-CA\",\"url\":\"https:\\\/\\\/cdnweb.danby.com\\\/wp-content\\\/uploads\\\/sites\\\/2\\\/2022\\\/02\\\/10141906\\\/Danby75Ans_Blue.png\",\"contentUrl\":\"https:\\\/\\\/cdnweb.danby.com\\\/wp-content\\\/uploads\\\/sites\\\/2\\\/2022\\\/02\\\/10141906\\\/Danby75Ans_Blue.png\",\"width\":470,\"height\":110,\"caption\":\"Danby Appliances\"},\"image\":[],\"sameAs\":[\"https:\\\/\\\/www.facebook.com\\\/DanbyAppliances\",\"https:\\\/\\\/x.com\\\/DanbyAppliance\",\"https:\\\/\\\/instagram.com\\\/danbyappliances\\\/\",\"https:\\\/\\\/www.linkedin.com\\\/company\\\/danbyappliances\",\"https:\\\/\\\/www.pinterest.ca\\\/danbyappliances\\\/\",\"https:\\\/\\\/www.youtube.com\\\/user\\\/DanbyProducts\",\"https:\\\/\\\/en.wikipedia.org\\\/wiki\\\/Danby_(appliances)\"]}]}<\/script>\n<!-- \/ Yoast SEO plugin. -->","yoast_head_json":{"title":"Premiere 8.5 pi3 Cong\u00e9lateur - DUFM085A2WP1 | Danby Canada","description":"Si votre cong\u00e9lateur peine \u00e0 satisfaire les besoins de votre famille, vous pouvez ajouter un appareil suppl\u00e9mentaire comme ce tr\u00e8s efficace mod\u00e8le Danby. Cet \u00e9l\u00e9gant cong\u00e9lateur d\u2019une capacit\u00e9 de 241 litres (8,5 pieds cubes) d\u2019entreposage, n\u2019occupe pas beaucoup d\u2019espace en raison de sa populaire conception verticale, ce qui en fait un choix id\u00e9al, tant pour les demeures que pour les chalets. Trois tablettes de cong\u00e9lation rapide et quatre balconnets, simplifient beaucoup le rangement de vos aliments. L\u2019homologation Energy Star signifie une r\u00e9duction de votre consommation d\u2019\u00e9lectricit\u00e9 et la poign\u00e9e de porte int\u00e9gr\u00e9e ainsi que le fini blanc frais, ajoutent une touche attrayante. Ce mod\u00e8le fonctionne en douceur, gr\u00e2ce au thermostat m\u00e9canique pr\u00e9cis et facile \u00e0 programmer ainsi qu\u2019au syst\u00e8me de d\u00e9givrage manuel. Le plan de travail r\u00e9sistant aux \u00e9gratignures, vous offre un espace pour ranger des accessoires et les charni\u00e8res de porte r\u00e9versibles sont con\u00e7ues pour une ouverture \u00e0 gauche ou \u00e0 droite. Ce superbe appareil comprend aussi une garantie de 24 mois sur les pi\u00e8ces et la main-d\u2019\u0153uvre, incluant le pratique service \u00e0 domicile.","robots":{"index":"index","follow":"follow","max-snippet":"max-snippet:-1","max-image-preview":"max-image-preview:large","max-video-preview":"max-video-preview:-1"},"canonical":"https:\/\/www.danby.com\/fr\/products\/congelateurs\/dufm085a2wp1\/","og_locale":"fr_CA","og_type":"article","og_title":"Premiere 8.5 pi3 Cong\u00e9lateur - DUFM085A2WP1 | Danby Canada","og_description":"Si votre cong\u00e9lateur peine \u00e0 satisfaire les besoins de votre famille, vous pouvez ajouter un appareil suppl\u00e9mentaire comme ce tr\u00e8s efficace mod\u00e8le Danby. Cet \u00e9l\u00e9gant cong\u00e9lateur d\u2019une capacit\u00e9 de 241 litres (8,5 pieds cubes) d\u2019entreposage, n\u2019occupe pas beaucoup d\u2019espace en raison de sa populaire conception verticale, ce qui en fait un choix id\u00e9al, tant pour les demeures que pour les chalets. Trois tablettes de cong\u00e9lation rapide et quatre balconnets, simplifient beaucoup le rangement de vos aliments. L\u2019homologation Energy Star signifie une r\u00e9duction de votre consommation d\u2019\u00e9lectricit\u00e9 et la poign\u00e9e de porte int\u00e9gr\u00e9e ainsi que le fini blanc frais, ajoutent une touche attrayante. Ce mod\u00e8le fonctionne en douceur, gr\u00e2ce au thermostat m\u00e9canique pr\u00e9cis et facile \u00e0 programmer ainsi qu\u2019au syst\u00e8me de d\u00e9givrage manuel. Le plan de travail r\u00e9sistant aux \u00e9gratignures, vous offre un espace pour ranger des accessoires et les charni\u00e8res de porte r\u00e9versibles sont con\u00e7ues pour une ouverture \u00e0 gauche ou \u00e0 droite. Ce superbe appareil comprend aussi une garantie de 24 mois sur les pi\u00e8ces et la main-d\u2019\u0153uvre, incluant le pratique service \u00e0 domicile.","og_url":"https:\/\/www.danby.com\/fr\/products\/congelateurs\/dufm085a2wp1\/","og_site_name":"Danby - Canada - French","article_publisher":"https:\/\/www.facebook.com\/DanbyAppliances","article_modified_time":"2026-04-28T10:10:25+00:00","og_image":[{"width":300,"height":272,"url":"https:\/\/cdnweb.danby.com\/wp-content\/uploads\/sites\/2\/2022\/02\/08194137\/proMed-duf809w.jpg","type":"image\/jpeg"}],"twitter_card":"summary_large_image","twitter_site":"@DanbyAppliance","schema":{"@context":"https:\/\/schema.org","@graph":[{"@type":["WebPage","ItemPage"],"url":"https:\/\/www.danby.com\/fr\/products\/congelateurs\/dufm085a2wp1\/","name":"Premiere 8.5 pi3 Cong\u00e9lateur - DUFM085A2WP1 | Danby Canada","isPartOf":[],"primaryImageOfPage":[],"image":[],"thumbnailUrl":"https:\/\/cdnweb.danby.com\/wp-content\/uploads\/sites\/2\/2022\/02\/08194137\/proMed-duf809w.jpg","datePublished":"2022-02-03T19:21:25+00:00","dateModified":"2026-04-28T10:10:25+00:00","description":"Si votre cong\u00e9lateur peine \u00e0 satisfaire les besoins de votre famille, vous pouvez ajouter un appareil suppl\u00e9mentaire comme ce tr\u00e8s efficace mod\u00e8le Danby. Cet \u00e9l\u00e9gant cong\u00e9lateur d\u2019une capacit\u00e9 de 241 litres (8,5 pieds cubes) d\u2019entreposage, n\u2019occupe pas beaucoup d\u2019espace en raison de sa populaire conception verticale, ce qui en fait un choix id\u00e9al, tant pour les demeures que pour les chalets. Trois tablettes de cong\u00e9lation rapide et quatre balconnets, simplifient beaucoup le rangement de vos aliments. L\u2019homologation Energy Star signifie une r\u00e9duction de votre consommation d\u2019\u00e9lectricit\u00e9 et la poign\u00e9e de porte int\u00e9gr\u00e9e ainsi que le fini blanc frais, ajoutent une touche attrayante. Ce mod\u00e8le fonctionne en douceur, gr\u00e2ce au thermostat m\u00e9canique pr\u00e9cis et facile \u00e0 programmer ainsi qu\u2019au syst\u00e8me de d\u00e9givrage manuel. Le plan de travail r\u00e9sistant aux \u00e9gratignures, vous offre un espace pour ranger des accessoires et les charni\u00e8res de porte r\u00e9versibles sont con\u00e7ues pour une ouverture \u00e0 gauche ou \u00e0 droite. Ce superbe appareil comprend aussi une garantie de 24 mois sur les pi\u00e8ces et la main-d\u2019\u0153uvre, incluant le pratique service \u00e0 domicile.","breadcrumb":[],"inLanguage":"fr-CA","potentialAction":[{"@type":"ReadAction","target":["https:\/\/www.danby.com\/fr\/products\/congelateurs\/dufm085a2wp1\/"]}]},{"@type":"ImageObject","inLanguage":"fr-CA","url":"https:\/\/cdnweb.danby.com\/wp-content\/uploads\/sites\/2\/2022\/02\/08194137\/proMed-duf809w.jpg","contentUrl":"https:\/\/cdnweb.danby.com\/wp-content\/uploads\/sites\/2\/2022\/02\/08194137\/proMed-duf809w.jpg","width":300,"height":272},{"@type":"BreadcrumbList","itemListElement":[{"@type":"ListItem","position":1,"name":"Home","item":"https:\/\/www.danby.com\/fr\/"},{"@type":"ListItem","position":2,"name":"Boutique","item":"https:\/\/www.danby.com\/fr\/boutique\/"},{"@type":"ListItem","position":3,"name":"Premiere 8.5 pi3 Cong\u00e9lateur"}]},{"@type":"WebSite","url":"https:\/\/www.danby.com\/fr\/","name":"Danby - Canada - French","description":"Leader dans le domaine de la r\u00e9frig\u00e9ration et des appareils sp\u00e9cialis\u00e9s","publisher":[],"potentialAction":[{"@type":"SearchAction","target":{"@type":"EntryPoint","urlTemplate":"https:\/\/www.danby.com\/fr\/?s={search_term_string}"},"query-input":{"@type":"PropertyValueSpecification","valueRequired":true,"valueName":"search_term_string"}}],"inLanguage":"fr-CA"},{"@type":"Organization","name":"Danby Appliances","url":"https:\/\/www.danby.com\/fr\/","logo":{"@type":"ImageObject","inLanguage":"fr-CA","url":"https:\/\/cdnweb.danby.com\/wp-content\/uploads\/sites\/2\/2022\/02\/10141906\/Danby75Ans_Blue.png","contentUrl":"https:\/\/cdnweb.danby.com\/wp-content\/uploads\/sites\/2\/2022\/02\/10141906\/Danby75Ans_Blue.png","width":470,"height":110,"caption":"Danby Appliances"},"image":[],"sameAs":["https:\/\/www.facebook.com\/DanbyAppliances","https:\/\/x.com\/DanbyAppliance","https:\/\/instagram.com\/danbyappliances\/","https:\/\/www.linkedin.com\/company\/danbyappliances","https:\/\/www.pinterest.ca\/danbyappliances\/","https:\/\/www.youtube.com\/user\/DanbyProducts","https:\/\/en.wikipedia.org\/wiki\/Danby_(appliances)"]}]}},"post_mailing_queue_ids":[],"_links":{"self":[{"href":"https:\/\/www.danby.com\/fr\/wp-json\/wp\/v2\/product\/5234","targetHints":{"allow":["GET"]}}],"collection":[{"href":"https:\/\/www.danby.com\/fr\/wp-json\/wp\/v2\/product"}],"about":[{"href":"https:\/\/www.danby.com\/fr\/wp-json\/wp\/v2\/types\/product"}],"replies":[{"embeddable":true,"href":"https:\/\/www.danby.com\/fr\/wp-json\/wp\/v2\/comments?post=5234"}],"wp:featuredmedia":[{"embeddable":true,"href":"https:\/\/www.danby.com\/fr\/wp-json\/wp\/v2\/media\/7588"}],"wp:attachment":[{"href":"https:\/\/www.danby.com\/fr\/wp-json\/wp\/v2\/media?parent=5234"}],"wp:term":[{"taxonomy":"product_brand","embeddable":true,"href":"https:\/\/www.danby.com\/fr\/wp-json\/wp\/v2\/product_brand?post=5234"},{"taxonomy":"product_cat","embeddable":true,"href":"https:\/\/www.danby.com\/fr\/wp-json\/wp\/v2\/product_cat?post=5234"},{"taxonomy":"product_tag","embeddable":true,"href":"https:\/\/www.danby.com\/fr\/wp-json\/wp\/v2\/product_tag?post=5234"}],"curies":[{"name":"wp","href":"https:\/\/api.w.org\/{rel}","templated":true}]}}