{"id":5229,"date":"2022-02-03T19:21:11","date_gmt":"2022-02-03T19:21:11","guid":{"rendered":"https:\/\/www.danby.com\/fr\/product\/dufm071a1wdb\/"},"modified":"2026-04-19T09:09:34","modified_gmt":"2026-04-19T09:09:34","slug":"dufm071a1wdb","status":"publish","type":"product","link":"https:\/\/www.danby.com\/fr\/products\/congelateurs\/dufm071a1wdb\/","title":{"rendered":"7.1 cu. ft. Cong\u00e9lateur"},"content":{"rendered":"","protected":false},"excerpt":{"rendered":"<ul>\n<li>Cong\u00e9lateur vertical d\u2019une capacit\u00e9 de 200 L (7,1 pi3) <\/li>\n<li>R\u00e9frig\u00e9rant \u00e9cologique R600a <\/li>\n<li>Homologu\u00e9 Energy Star\u00ae<\/li>\n<li>D\u00e9givrage manuel<\/li>\n<li>Thermostat m\u00e9canique facile \u00e0 utiliser<\/li>\n<li>6 tablettes \u00e0 cong\u00e9lation rapide<\/li>\n<li>1 bac de rangement en plastique pour les objets plus petits<\/li>\n<li>Charni\u00e8res de porte r\u00e9versibles <\/li>\n<li>Conserve la temp\u00e9rature de cong\u00e9lation optimale \u00e0 l\u2019int\u00e9rieur d\u2019une plage de -12\u00b0C \u00e0 -24\u00b0C (10,4\u00b0F \u00e0 -11,2\u00b0F)<\/li>\n<li>Porte bomb\u00e9e munie d\u2019une poign\u00e9e int\u00e9gr\u00e9e <\/li>\n<\/ul>\n","protected":false},"featured_media":9029,"comment_status":"closed","ping_status":"open","template":"","meta":{"_acf_changed":false},"product_brand":[],"product_cat":[27],"product_tag":[],"class_list":{"0":"post-5229","1":"product","2":"type-product","3":"status-publish","4":"has-post-thumbnail","6":"product_cat-congelateurs","8":"first","9":"outofstock","10":"taxable","11":"shipping-taxable","12":"product-type-simple"},"acf":[],"yoast_head":"<!-- This site is optimized with the Yoast SEO plugin v26.7 - https:\/\/yoast.com\/wordpress\/plugins\/seo\/ -->\n<title>7.1 cu. ft. Cong\u00e9lateur - DUFM071A1WDB | Danby Canada<\/title>\n<meta name=\"description\" content=\"Si votre cong\u00e9lateur n&#039;est tout simplement plus assez grand pour satisfaire les besoins de votre famille, vous pouvez toujours ajouter un appareil suppl\u00e9mentaire, comme par exemple, ce mod\u00e8le Danby extr\u00eamement efficace. Cet \u00e9l\u00e9gant cong\u00e9lateur vous offre un espace d\u2019entreposage de 200 litres (7,1 pieds cubes) et il prend peu de place, en raison de sa populaire conception verticale. C&#039;est l&#039;appareil id\u00e9al pour les maisons et les chalets. L&#039;organisation de vos aliments est grandement facilit\u00e9e gr\u00e2ce aux six tablettes \u00e0 cong\u00e9lation rapide et \u00e0 un bac \u00e0 l\u00e9gumes en plastique. Gr\u00e2ce \u00e0 la tr\u00e8s recherch\u00e9e homologation Energy Star\u00ae, la consommation de votre cong\u00e9lateur contribuera \u00e0 r\u00e9duire vos factures d\u2019\u00e9lectricit\u00e9. La poign\u00e9e de porte int\u00e9gr\u00e9e et le fini blanc pur donnent \u00e0 l\u2019appareil un look attrayant. Ce mod\u00e8le fonctionne en douceur gr\u00e2ce au thermostat m\u00e9canique pr\u00e9cis et facile \u00e0 programmer et au syst\u00e8me de d\u00e9givrage manuel. Vous y trouverez \u00e9galement un plan de travail anti-rayures intelligent permettant de loger vos autres accessoires et les charni\u00e8res de porte r\u00e9versibles sont con\u00e7ues pour permettre l&#039;ouverture de la porte \u00e0 gauche ou \u00e0 droite. En outre, cet appareil \u00e9tonnant b\u00e9n\u00e9ficie \u00e9galement d&#039;une garantie de 12 mois sur les pi\u00e8ces et la main-d\u2019\u0153uvre, incluant le\" \/>\n<meta name=\"robots\" content=\"index, follow, max-snippet:-1, max-image-preview:large, max-video-preview:-1\" \/>\n<link rel=\"canonical\" href=\"https:\/\/www.danby.com\/fr\/products\/congelateurs\/dufm071a1wdb\/\" \/>\n<meta property=\"og:locale\" content=\"fr_CA\" \/>\n<meta property=\"og:type\" content=\"article\" \/>\n<meta property=\"og:title\" content=\"7.1 cu. ft. Cong\u00e9lateur - DUFM071A1WDB | Danby Canada\" \/>\n<meta property=\"og:description\" content=\"Si votre cong\u00e9lateur n&#039;est tout simplement plus assez grand pour satisfaire les besoins de votre famille, vous pouvez toujours ajouter un appareil suppl\u00e9mentaire, comme par exemple, ce mod\u00e8le Danby extr\u00eamement efficace. Cet \u00e9l\u00e9gant cong\u00e9lateur vous offre un espace d\u2019entreposage de 200 litres (7,1 pieds cubes) et il prend peu de place, en raison de sa populaire conception verticale. C&#039;est l&#039;appareil id\u00e9al pour les maisons et les chalets. L&#039;organisation de vos aliments est grandement facilit\u00e9e gr\u00e2ce aux six tablettes \u00e0 cong\u00e9lation rapide et \u00e0 un bac \u00e0 l\u00e9gumes en plastique. Gr\u00e2ce \u00e0 la tr\u00e8s recherch\u00e9e homologation Energy Star\u00ae, la consommation de votre cong\u00e9lateur contribuera \u00e0 r\u00e9duire vos factures d\u2019\u00e9lectricit\u00e9. La poign\u00e9e de porte int\u00e9gr\u00e9e et le fini blanc pur donnent \u00e0 l\u2019appareil un look attrayant. Ce mod\u00e8le fonctionne en douceur gr\u00e2ce au thermostat m\u00e9canique pr\u00e9cis et facile \u00e0 programmer et au syst\u00e8me de d\u00e9givrage manuel. Vous y trouverez \u00e9galement un plan de travail anti-rayures intelligent permettant de loger vos autres accessoires et les charni\u00e8res de porte r\u00e9versibles sont con\u00e7ues pour permettre l&#039;ouverture de la porte \u00e0 gauche ou \u00e0 droite. En outre, cet appareil \u00e9tonnant b\u00e9n\u00e9ficie \u00e9galement d&#039;une garantie de 12 mois sur les pi\u00e8ces et la main-d\u2019\u0153uvre, incluant le\" \/>\n<meta property=\"og:url\" content=\"https:\/\/www.danby.com\/fr\/products\/congelateurs\/dufm071a1wdb\/\" \/>\n<meta property=\"og:site_name\" content=\"Danby - Canada - French\" \/>\n<meta property=\"article:publisher\" content=\"https:\/\/www.facebook.com\/DanbyAppliances\" \/>\n<meta property=\"article:modified_time\" content=\"2026-04-19T09:09:34+00:00\" \/>\n<meta property=\"og:image\" content=\"https:\/\/cdnweb.danby.com\/wp-content\/uploads\/sites\/2\/2022\/02\/08212957\/DUFM071A1WDB_Right_Closed-scaled-1.jpg\" \/>\n\t<meta property=\"og:image:width\" content=\"1110\" \/>\n\t<meta property=\"og:image:height\" content=\"2560\" \/>\n\t<meta property=\"og:image:type\" content=\"image\/jpeg\" \/>\n<meta name=\"twitter:card\" content=\"summary_large_image\" \/>\n<meta name=\"twitter:site\" content=\"@DanbyAppliance\" \/>\n<script type=\"application\/ld+json\" class=\"yoast-schema-graph\">{\"@context\":\"https:\/\/schema.org\",\"@graph\":[{\"@type\":[\"WebPage\",\"ItemPage\"],\"url\":\"https:\/\/www.danby.com\/fr\/products\/congelateurs\/dufm071a1wdb\/\",\"name\":\"7.1 cu. ft. Cong\u00e9lateur - DUFM071A1WDB | Danby Canada\",\"isPartOf\":[],\"primaryImageOfPage\":[],\"image\":[],\"thumbnailUrl\":\"https:\/\/cdnweb.danby.com\/wp-content\/uploads\/sites\/2\/2022\/02\/08212957\/DUFM071A1WDB_Right_Closed-scaled-1.jpg\",\"datePublished\":\"2022-02-03T19:21:11+00:00\",\"dateModified\":\"2026-04-19T09:09:34+00:00\",\"description\":\"Si votre cong\u00e9lateur n'est tout simplement plus assez grand pour satisfaire les besoins de votre famille, vous pouvez toujours ajouter un appareil suppl\u00e9mentaire, comme par exemple, ce mod\u00e8le Danby extr\u00eamement efficace. Cet \u00e9l\u00e9gant cong\u00e9lateur vous offre un espace d\u2019entreposage de 200 litres (7,1 pieds cubes) et il prend peu de place, en raison de sa populaire conception verticale. C'est l'appareil id\u00e9al pour les maisons et les chalets. L'organisation de vos aliments est grandement facilit\u00e9e gr\u00e2ce aux six tablettes \u00e0 cong\u00e9lation rapide et \u00e0 un bac \u00e0 l\u00e9gumes en plastique. Gr\u00e2ce \u00e0 la tr\u00e8s recherch\u00e9e homologation Energy Star\u00ae, la consommation de votre cong\u00e9lateur contribuera \u00e0 r\u00e9duire vos factures d\u2019\u00e9lectricit\u00e9. La poign\u00e9e de porte int\u00e9gr\u00e9e et le fini blanc pur donnent \u00e0 l\u2019appareil un look attrayant. Ce mod\u00e8le fonctionne en douceur gr\u00e2ce au thermostat m\u00e9canique pr\u00e9cis et facile \u00e0 programmer et au syst\u00e8me de d\u00e9givrage manuel. Vous y trouverez \u00e9galement un plan de travail anti-rayures intelligent permettant de loger vos autres accessoires et les charni\u00e8res de porte r\u00e9versibles sont con\u00e7ues pour permettre l'ouverture de la porte \u00e0 gauche ou \u00e0 droite. En outre, cet appareil \u00e9tonnant b\u00e9n\u00e9ficie \u00e9galement d'une garantie de 12 mois sur les pi\u00e8ces et la main-d\u2019\u0153uvre, incluant le\",\"breadcrumb\":[],\"inLanguage\":\"fr-CA\",\"potentialAction\":[{\"@type\":\"ReadAction\",\"target\":[\"https:\/\/www.danby.com\/fr\/products\/congelateurs\/dufm071a1wdb\/\"]}]},{\"@type\":\"ImageObject\",\"inLanguage\":\"fr-CA\",\"url\":\"https:\/\/cdnweb.danby.com\/wp-content\/uploads\/sites\/2\/2022\/02\/08212957\/DUFM071A1WDB_Right_Closed-scaled-1.jpg\",\"contentUrl\":\"https:\/\/cdnweb.danby.com\/wp-content\/uploads\/sites\/2\/2022\/02\/08212957\/DUFM071A1WDB_Right_Closed-scaled-1.jpg\",\"width\":1110,\"height\":2560},{\"@type\":\"BreadcrumbList\",\"itemListElement\":[{\"@type\":\"ListItem\",\"position\":1,\"name\":\"Home\",\"item\":\"https:\/\/www.danby.com\/fr\/\"},{\"@type\":\"ListItem\",\"position\":2,\"name\":\"Boutique\",\"item\":\"https:\/\/www.danby.com\/fr\/boutique\/\"},{\"@type\":\"ListItem\",\"position\":3,\"name\":\"7.1 cu. ft. Cong\u00e9lateur\"}]},{\"@type\":\"WebSite\",\"url\":\"https:\/\/www.danby.com\/fr\/\",\"name\":\"Danby - Canada - French\",\"description\":\"Leader dans le domaine de la r\u00e9frig\u00e9ration et des appareils sp\u00e9cialis\u00e9s\",\"publisher\":[],\"potentialAction\":[{\"@type\":\"SearchAction\",\"target\":{\"@type\":\"EntryPoint\",\"urlTemplate\":\"https:\/\/www.danby.com\/fr\/?s={search_term_string}\"},\"query-input\":{\"@type\":\"PropertyValueSpecification\",\"valueRequired\":true,\"valueName\":\"search_term_string\"}}],\"inLanguage\":\"fr-CA\"},{\"@type\":\"Organization\",\"name\":\"Danby Appliances\",\"url\":\"https:\/\/www.danby.com\/fr\/\",\"logo\":{\"@type\":\"ImageObject\",\"inLanguage\":\"fr-CA\",\"url\":\"https:\/\/cdnweb.danby.com\/wp-content\/uploads\/sites\/2\/2022\/02\/10141906\/Danby75Ans_Blue.png\",\"contentUrl\":\"https:\/\/cdnweb.danby.com\/wp-content\/uploads\/sites\/2\/2022\/02\/10141906\/Danby75Ans_Blue.png\",\"width\":470,\"height\":110,\"caption\":\"Danby Appliances\"},\"image\":[],\"sameAs\":[\"https:\/\/www.facebook.com\/DanbyAppliances\",\"https:\/\/x.com\/DanbyAppliance\",\"https:\/\/instagram.com\/danbyappliances\/\",\"https:\/\/www.linkedin.com\/company\/danbyappliances\",\"https:\/\/www.pinterest.ca\/danbyappliances\/\",\"https:\/\/www.youtube.com\/user\/DanbyProducts\",\"https:\/\/en.wikipedia.org\/wiki\/Danby_(appliances)\"]}]}<\/script>\n<!-- \/ Yoast SEO plugin. -->","yoast_head_json":{"title":"7.1 cu. ft. Cong\u00e9lateur - DUFM071A1WDB | Danby Canada","description":"Si votre cong\u00e9lateur n'est tout simplement plus assez grand pour satisfaire les besoins de votre famille, vous pouvez toujours ajouter un appareil suppl\u00e9mentaire, comme par exemple, ce mod\u00e8le Danby extr\u00eamement efficace. Cet \u00e9l\u00e9gant cong\u00e9lateur vous offre un espace d\u2019entreposage de 200 litres (7,1 pieds cubes) et il prend peu de place, en raison de sa populaire conception verticale. C'est l'appareil id\u00e9al pour les maisons et les chalets. L'organisation de vos aliments est grandement facilit\u00e9e gr\u00e2ce aux six tablettes \u00e0 cong\u00e9lation rapide et \u00e0 un bac \u00e0 l\u00e9gumes en plastique. Gr\u00e2ce \u00e0 la tr\u00e8s recherch\u00e9e homologation Energy Star\u00ae, la consommation de votre cong\u00e9lateur contribuera \u00e0 r\u00e9duire vos factures d\u2019\u00e9lectricit\u00e9. La poign\u00e9e de porte int\u00e9gr\u00e9e et le fini blanc pur donnent \u00e0 l\u2019appareil un look attrayant. Ce mod\u00e8le fonctionne en douceur gr\u00e2ce au thermostat m\u00e9canique pr\u00e9cis et facile \u00e0 programmer et au syst\u00e8me de d\u00e9givrage manuel. Vous y trouverez \u00e9galement un plan de travail anti-rayures intelligent permettant de loger vos autres accessoires et les charni\u00e8res de porte r\u00e9versibles sont con\u00e7ues pour permettre l'ouverture de la porte \u00e0 gauche ou \u00e0 droite. En outre, cet appareil \u00e9tonnant b\u00e9n\u00e9ficie \u00e9galement d'une garantie de 12 mois sur les pi\u00e8ces et la main-d\u2019\u0153uvre, incluant le","robots":{"index":"index","follow":"follow","max-snippet":"max-snippet:-1","max-image-preview":"max-image-preview:large","max-video-preview":"max-video-preview:-1"},"canonical":"https:\/\/www.danby.com\/fr\/products\/congelateurs\/dufm071a1wdb\/","og_locale":"fr_CA","og_type":"article","og_title":"7.1 cu. ft. Cong\u00e9lateur - DUFM071A1WDB | Danby Canada","og_description":"Si votre cong\u00e9lateur n'est tout simplement plus assez grand pour satisfaire les besoins de votre famille, vous pouvez toujours ajouter un appareil suppl\u00e9mentaire, comme par exemple, ce mod\u00e8le Danby extr\u00eamement efficace. Cet \u00e9l\u00e9gant cong\u00e9lateur vous offre un espace d\u2019entreposage de 200 litres (7,1 pieds cubes) et il prend peu de place, en raison de sa populaire conception verticale. C'est l'appareil id\u00e9al pour les maisons et les chalets. L'organisation de vos aliments est grandement facilit\u00e9e gr\u00e2ce aux six tablettes \u00e0 cong\u00e9lation rapide et \u00e0 un bac \u00e0 l\u00e9gumes en plastique. Gr\u00e2ce \u00e0 la tr\u00e8s recherch\u00e9e homologation Energy Star\u00ae, la consommation de votre cong\u00e9lateur contribuera \u00e0 r\u00e9duire vos factures d\u2019\u00e9lectricit\u00e9. La poign\u00e9e de porte int\u00e9gr\u00e9e et le fini blanc pur donnent \u00e0 l\u2019appareil un look attrayant. Ce mod\u00e8le fonctionne en douceur gr\u00e2ce au thermostat m\u00e9canique pr\u00e9cis et facile \u00e0 programmer et au syst\u00e8me de d\u00e9givrage manuel. Vous y trouverez \u00e9galement un plan de travail anti-rayures intelligent permettant de loger vos autres accessoires et les charni\u00e8res de porte r\u00e9versibles sont con\u00e7ues pour permettre l'ouverture de la porte \u00e0 gauche ou \u00e0 droite. En outre, cet appareil \u00e9tonnant b\u00e9n\u00e9ficie \u00e9galement d'une garantie de 12 mois sur les pi\u00e8ces et la main-d\u2019\u0153uvre, incluant le","og_url":"https:\/\/www.danby.com\/fr\/products\/congelateurs\/dufm071a1wdb\/","og_site_name":"Danby - Canada - French","article_publisher":"https:\/\/www.facebook.com\/DanbyAppliances","article_modified_time":"2026-04-19T09:09:34+00:00","og_image":[{"width":1110,"height":2560,"url":"https:\/\/cdnweb.danby.com\/wp-content\/uploads\/sites\/2\/2022\/02\/08212957\/DUFM071A1WDB_Right_Closed-scaled-1.jpg","type":"image\/jpeg"}],"twitter_card":"summary_large_image","twitter_site":"@DanbyAppliance","schema":{"@context":"https:\/\/schema.org","@graph":[{"@type":["WebPage","ItemPage"],"url":"https:\/\/www.danby.com\/fr\/products\/congelateurs\/dufm071a1wdb\/","name":"7.1 cu. ft. Cong\u00e9lateur - DUFM071A1WDB | Danby Canada","isPartOf":[],"primaryImageOfPage":[],"image":[],"thumbnailUrl":"https:\/\/cdnweb.danby.com\/wp-content\/uploads\/sites\/2\/2022\/02\/08212957\/DUFM071A1WDB_Right_Closed-scaled-1.jpg","datePublished":"2022-02-03T19:21:11+00:00","dateModified":"2026-04-19T09:09:34+00:00","description":"Si votre cong\u00e9lateur n'est tout simplement plus assez grand pour satisfaire les besoins de votre famille, vous pouvez toujours ajouter un appareil suppl\u00e9mentaire, comme par exemple, ce mod\u00e8le Danby extr\u00eamement efficace. Cet \u00e9l\u00e9gant cong\u00e9lateur vous offre un espace d\u2019entreposage de 200 litres (7,1 pieds cubes) et il prend peu de place, en raison de sa populaire conception verticale. C'est l'appareil id\u00e9al pour les maisons et les chalets. L'organisation de vos aliments est grandement facilit\u00e9e gr\u00e2ce aux six tablettes \u00e0 cong\u00e9lation rapide et \u00e0 un bac \u00e0 l\u00e9gumes en plastique. Gr\u00e2ce \u00e0 la tr\u00e8s recherch\u00e9e homologation Energy Star\u00ae, la consommation de votre cong\u00e9lateur contribuera \u00e0 r\u00e9duire vos factures d\u2019\u00e9lectricit\u00e9. La poign\u00e9e de porte int\u00e9gr\u00e9e et le fini blanc pur donnent \u00e0 l\u2019appareil un look attrayant. Ce mod\u00e8le fonctionne en douceur gr\u00e2ce au thermostat m\u00e9canique pr\u00e9cis et facile \u00e0 programmer et au syst\u00e8me de d\u00e9givrage manuel. Vous y trouverez \u00e9galement un plan de travail anti-rayures intelligent permettant de loger vos autres accessoires et les charni\u00e8res de porte r\u00e9versibles sont con\u00e7ues pour permettre l'ouverture de la porte \u00e0 gauche ou \u00e0 droite. En outre, cet appareil \u00e9tonnant b\u00e9n\u00e9ficie \u00e9galement d'une garantie de 12 mois sur les pi\u00e8ces et la main-d\u2019\u0153uvre, incluant le","breadcrumb":[],"inLanguage":"fr-CA","potentialAction":[{"@type":"ReadAction","target":["https:\/\/www.danby.com\/fr\/products\/congelateurs\/dufm071a1wdb\/"]}]},{"@type":"ImageObject","inLanguage":"fr-CA","url":"https:\/\/cdnweb.danby.com\/wp-content\/uploads\/sites\/2\/2022\/02\/08212957\/DUFM071A1WDB_Right_Closed-scaled-1.jpg","contentUrl":"https:\/\/cdnweb.danby.com\/wp-content\/uploads\/sites\/2\/2022\/02\/08212957\/DUFM071A1WDB_Right_Closed-scaled-1.jpg","width":1110,"height":2560},{"@type":"BreadcrumbList","itemListElement":[{"@type":"ListItem","position":1,"name":"Home","item":"https:\/\/www.danby.com\/fr\/"},{"@type":"ListItem","position":2,"name":"Boutique","item":"https:\/\/www.danby.com\/fr\/boutique\/"},{"@type":"ListItem","position":3,"name":"7.1 cu. ft. Cong\u00e9lateur"}]},{"@type":"WebSite","url":"https:\/\/www.danby.com\/fr\/","name":"Danby - Canada - French","description":"Leader dans le domaine de la r\u00e9frig\u00e9ration et des appareils sp\u00e9cialis\u00e9s","publisher":[],"potentialAction":[{"@type":"SearchAction","target":{"@type":"EntryPoint","urlTemplate":"https:\/\/www.danby.com\/fr\/?s={search_term_string}"},"query-input":{"@type":"PropertyValueSpecification","valueRequired":true,"valueName":"search_term_string"}}],"inLanguage":"fr-CA"},{"@type":"Organization","name":"Danby Appliances","url":"https:\/\/www.danby.com\/fr\/","logo":{"@type":"ImageObject","inLanguage":"fr-CA","url":"https:\/\/cdnweb.danby.com\/wp-content\/uploads\/sites\/2\/2022\/02\/10141906\/Danby75Ans_Blue.png","contentUrl":"https:\/\/cdnweb.danby.com\/wp-content\/uploads\/sites\/2\/2022\/02\/10141906\/Danby75Ans_Blue.png","width":470,"height":110,"caption":"Danby Appliances"},"image":[],"sameAs":["https:\/\/www.facebook.com\/DanbyAppliances","https:\/\/x.com\/DanbyAppliance","https:\/\/instagram.com\/danbyappliances\/","https:\/\/www.linkedin.com\/company\/danbyappliances","https:\/\/www.pinterest.ca\/danbyappliances\/","https:\/\/www.youtube.com\/user\/DanbyProducts","https:\/\/en.wikipedia.org\/wiki\/Danby_(appliances)"]}]}},"post_mailing_queue_ids":[],"_links":{"self":[{"href":"https:\/\/www.danby.com\/fr\/wp-json\/wp\/v2\/product\/5229","targetHints":{"allow":["GET"]}}],"collection":[{"href":"https:\/\/www.danby.com\/fr\/wp-json\/wp\/v2\/product"}],"about":[{"href":"https:\/\/www.danby.com\/fr\/wp-json\/wp\/v2\/types\/product"}],"replies":[{"embeddable":true,"href":"https:\/\/www.danby.com\/fr\/wp-json\/wp\/v2\/comments?post=5229"}],"wp:featuredmedia":[{"embeddable":true,"href":"https:\/\/www.danby.com\/fr\/wp-json\/wp\/v2\/media\/9029"}],"wp:attachment":[{"href":"https:\/\/www.danby.com\/fr\/wp-json\/wp\/v2\/media?parent=5229"}],"wp:term":[{"taxonomy":"product_brand","embeddable":true,"href":"https:\/\/www.danby.com\/fr\/wp-json\/wp\/v2\/product_brand?post=5229"},{"taxonomy":"product_cat","embeddable":true,"href":"https:\/\/www.danby.com\/fr\/wp-json\/wp\/v2\/product_cat?post=5229"},{"taxonomy":"product_tag","embeddable":true,"href":"https:\/\/www.danby.com\/fr\/wp-json\/wp\/v2\/product_tag?post=5229"}],"curies":[{"name":"wp","href":"https:\/\/api.w.org\/{rel}","templated":true}]}}