{"id":5227,"date":"2022-02-03T19:21:11","date_gmt":"2022-02-03T19:21:11","guid":{"rendered":"https:\/\/www.danby.com\/fr\/product\/dufm060b1bsldb\/"},"modified":"2026-04-08T10:07:58","modified_gmt":"2026-04-08T10:07:58","slug":"dufm060b1bsldb","status":"publish","type":"product","link":"https:\/\/www.danby.com\/fr\/products\/congelateurs\/dufm060b1bsldb\/","title":{"rendered":"Cong\u00e9lateur vertical Danby DUFM060B1WDB de 6,0 pi3 en Blanc"},"content":{"rendered":"","protected":false},"excerpt":{"rendered":"<ul>\n<li>Certifi\u00e9 ENERGY STAR\u00ae<\/li>\n<li>Pr\u00eat pour le garage : Le cong\u00e9lateur peut fonctionner \u00e0 des temp\u00e9ratures allant de 0\u00b0F \u00e0 110\u00b0F (-17\u00b0C \u00e0 43\u00b0C)<\/li>\n<li>D\u00e9givrage manuel<\/li>\n<li>Charni\u00e8re de porte r\u00e9versible<\/li>\n<li>Thermostat m\u00e9canique facile \u00e0 utiliser<\/li>\n<li>Organisation flexible des aliments surgel\u00e9s : 3 \u00e9tag\u00e8res en fil m\u00e9tallique sur toute la largeur et 3 tiroirs facilitent le stockage des aliments.<\/li>\n<li>Garantie de 5 ans pi\u00e8ces et main d&#8217;\u0153uvre \u00e0 domicile : La meilleure garantie du secteur pour la tranquillit\u00e9 d&#8217;esprit.<\/li>\n<\/ul>\n","protected":false},"featured_media":25730,"comment_status":"closed","ping_status":"closed","template":"","meta":{"_acf_changed":false},"product_brand":[],"product_cat":[27],"product_tag":[],"class_list":{"0":"post-5227","1":"product","2":"type-product","3":"status-publish","4":"has-post-thumbnail","6":"product_cat-congelateurs","7":"pa_capacite-pi3-5-92","8":"pa_couleur-stainless-steel","9":"pa_duree-de-la-garantie-en-mois-1181","11":"first","12":"outofstock","13":"taxable","14":"shipping-taxable","15":"product-type-simple"},"acf":[],"yoast_head":"<!-- This site is optimized with the Yoast SEO plugin v26.7 - https:\/\/yoast.com\/wordpress\/plugins\/seo\/ -->\n<title>Cong\u00e9lateur vertical Danby DUFM060B1WDB de 6,0 pi3 en Blanc - DUFM060B1BSLDB | Danby Canada<\/title>\n<meta name=\"description\" content=\"Faites le plein de produits congel\u00e9s pr\u00e9f\u00e9r\u00e9s de votre famille avec le cong\u00e9lateur vertical en acier inoxydable Danby Designer, id\u00e9al pour les petits espaces dans un condo, un appartement ou une maison en rang\u00e9e. \u00c9conomisez de l&#039;argent et de l&#039;\u00e9nergie avec ce produit homologu\u00e9 ENERGY STAR\u00ae, dot\u00e9 d&#039;un rev\u00eatement en vinyle, qui permet d&#039;\u00e9conomiser de l&#039;espace au sol gr\u00e2ce \u00e0 sa conception verticale. De plus, cet appareil offre une abondance d&#039;espace pour l&#039;organisation des aliments avec trois \u00e9tag\u00e8res de rangement et trois tiroirs de rangement. Ce mod\u00e8le est pr\u00eat pour le garage et peut fonctionner \u00e0 des temp\u00e9ratures de 0\u00b0F \u00e0 110\u00b0F (-17\u00b0C \u00e0 43\u00b0C). Il offre un espace de cong\u00e9lation de 168 L (5,92 pi3) pour les repas congel\u00e9s, les viandes, les l\u00e9gumes et plus encore, ce qui en fait un appareil parfait pour les couples et les petites familles. Le thermostat m\u00e9canique est con\u00e7u pour une pr\u00e9cision supr\u00eame lors de la programmation et du contr\u00f4le de vos r\u00e9glages de temp\u00e9rature, et la fonction de d\u00e9givrage manuel facilite l&#039;entretien. Cet appareil moderne est \u00e9galement dot\u00e9 d&#039;une ing\u00e9nieuse charni\u00e8re de porte r\u00e9versible qui vous permet de l&#039;ajuster pour une ouverture \u00e0 gauche ou \u00e0 droite. L&#039;appareil est assorti d&#039;une garantie de 5 ans sur les pi\u00e8ces et la main-d&#039;\u0153uvre, la meilleure du secteur, avec service \u00e0 domicile.\" \/>\n<meta name=\"robots\" content=\"index, follow, max-snippet:-1, max-image-preview:large, max-video-preview:-1\" \/>\n<link rel=\"canonical\" href=\"https:\/\/www.danby.com\/fr\/products\/congelateurs\/dufm060b1bsldb\/\" \/>\n<meta property=\"og:locale\" content=\"fr_CA\" \/>\n<meta property=\"og:type\" content=\"article\" \/>\n<meta property=\"og:title\" content=\"Cong\u00e9lateur vertical Danby DUFM060B1WDB de 6,0 pi3 en Blanc - DUFM060B1BSLDB | Danby Canada\" \/>\n<meta property=\"og:description\" content=\"Faites le plein de produits congel\u00e9s pr\u00e9f\u00e9r\u00e9s de votre famille avec le cong\u00e9lateur vertical en acier inoxydable Danby Designer, id\u00e9al pour les petits espaces dans un condo, un appartement ou une maison en rang\u00e9e. \u00c9conomisez de l&#039;argent et de l&#039;\u00e9nergie avec ce produit homologu\u00e9 ENERGY STAR\u00ae, dot\u00e9 d&#039;un rev\u00eatement en vinyle, qui permet d&#039;\u00e9conomiser de l&#039;espace au sol gr\u00e2ce \u00e0 sa conception verticale. De plus, cet appareil offre une abondance d&#039;espace pour l&#039;organisation des aliments avec trois \u00e9tag\u00e8res de rangement et trois tiroirs de rangement. Ce mod\u00e8le est pr\u00eat pour le garage et peut fonctionner \u00e0 des temp\u00e9ratures de 0\u00b0F \u00e0 110\u00b0F (-17\u00b0C \u00e0 43\u00b0C). Il offre un espace de cong\u00e9lation de 168 L (5,92 pi3) pour les repas congel\u00e9s, les viandes, les l\u00e9gumes et plus encore, ce qui en fait un appareil parfait pour les couples et les petites familles. Le thermostat m\u00e9canique est con\u00e7u pour une pr\u00e9cision supr\u00eame lors de la programmation et du contr\u00f4le de vos r\u00e9glages de temp\u00e9rature, et la fonction de d\u00e9givrage manuel facilite l&#039;entretien. Cet appareil moderne est \u00e9galement dot\u00e9 d&#039;une ing\u00e9nieuse charni\u00e8re de porte r\u00e9versible qui vous permet de l&#039;ajuster pour une ouverture \u00e0 gauche ou \u00e0 droite. L&#039;appareil est assorti d&#039;une garantie de 5 ans sur les pi\u00e8ces et la main-d&#039;\u0153uvre, la meilleure du secteur, avec service \u00e0 domicile.\" \/>\n<meta property=\"og:url\" content=\"https:\/\/www.danby.com\/fr\/products\/congelateurs\/dufm060b1bsldb\/\" \/>\n<meta property=\"og:site_name\" content=\"Danby - Canada - French\" \/>\n<meta property=\"article:publisher\" content=\"https:\/\/www.facebook.com\/DanbyAppliances\" \/>\n<meta property=\"article:modified_time\" content=\"2026-04-08T10:07:58+00:00\" \/>\n<meta property=\"og:image\" content=\"https:\/\/cdnweb.danby.com\/wp-content\/uploads\/sites\/2\/2023\/06\/08122657\/DUFM060B1BSLDB%20Front%20Closed-scaled.jpg\" \/>\n\t<meta property=\"og:image:width\" content=\"1920\" \/>\n\t<meta property=\"og:image:height\" content=\"2560\" \/>\n\t<meta property=\"og:image:type\" content=\"image\/jpeg\" \/>\n<meta name=\"twitter:card\" content=\"summary_large_image\" \/>\n<meta name=\"twitter:site\" content=\"@DanbyAppliance\" \/>\n<script type=\"application\/ld+json\" class=\"yoast-schema-graph\">{\"@context\":\"https:\/\/schema.org\",\"@graph\":[{\"@type\":[\"WebPage\",\"ItemPage\"],\"url\":\"https:\/\/www.danby.com\/fr\/products\/congelateurs\/dufm060b1bsldb\/\",\"name\":\"Cong\u00e9lateur vertical Danby DUFM060B1WDB de 6,0 pi3 en Blanc - DUFM060B1BSLDB | Danby Canada\",\"isPartOf\":[],\"primaryImageOfPage\":[],\"image\":[],\"thumbnailUrl\":\"https:\/\/cdnweb.danby.com\/wp-content\/uploads\/sites\/2\/2023\/11\/22144949\/Thumbnail__0019_DUFM060B1BSLDB.jpg\",\"datePublished\":\"2022-02-03T19:21:11+00:00\",\"dateModified\":\"2026-04-08T10:07:58+00:00\",\"description\":\"Faites le plein de produits congel\u00e9s pr\u00e9f\u00e9r\u00e9s de votre famille avec le cong\u00e9lateur vertical en acier inoxydable Danby Designer, id\u00e9al pour les petits espaces dans un condo, un appartement ou une maison en rang\u00e9e. \u00c9conomisez de l'argent et de l'\u00e9nergie avec ce produit homologu\u00e9 ENERGY STAR\u00ae, dot\u00e9 d'un rev\u00eatement en vinyle, qui permet d'\u00e9conomiser de l'espace au sol gr\u00e2ce \u00e0 sa conception verticale. De plus, cet appareil offre une abondance d'espace pour l'organisation des aliments avec trois \u00e9tag\u00e8res de rangement et trois tiroirs de rangement. Ce mod\u00e8le est pr\u00eat pour le garage et peut fonctionner \u00e0 des temp\u00e9ratures de 0\u00b0F \u00e0 110\u00b0F (-17\u00b0C \u00e0 43\u00b0C). Il offre un espace de cong\u00e9lation de 168 L (5,92 pi3) pour les repas congel\u00e9s, les viandes, les l\u00e9gumes et plus encore, ce qui en fait un appareil parfait pour les couples et les petites familles. Le thermostat m\u00e9canique est con\u00e7u pour une pr\u00e9cision supr\u00eame lors de la programmation et du contr\u00f4le de vos r\u00e9glages de temp\u00e9rature, et la fonction de d\u00e9givrage manuel facilite l'entretien. Cet appareil moderne est \u00e9galement dot\u00e9 d'une ing\u00e9nieuse charni\u00e8re de porte r\u00e9versible qui vous permet de l'ajuster pour une ouverture \u00e0 gauche ou \u00e0 droite. L'appareil est assorti d'une garantie de 5 ans sur les pi\u00e8ces et la main-d'\u0153uvre, la meilleure du secteur, avec service \u00e0 domicile.\",\"breadcrumb\":[],\"inLanguage\":\"fr-CA\",\"potentialAction\":[{\"@type\":\"ReadAction\",\"target\":[\"https:\/\/www.danby.com\/fr\/products\/congelateurs\/dufm060b1bsldb\/\"]}]},{\"@type\":\"ImageObject\",\"inLanguage\":\"fr-CA\",\"url\":\"https:\/\/cdnweb.danby.com\/wp-content\/uploads\/sites\/2\/2023\/11\/22144949\/Thumbnail__0019_DUFM060B1BSLDB.jpg\",\"contentUrl\":\"https:\/\/cdnweb.danby.com\/wp-content\/uploads\/sites\/2\/2023\/11\/22144949\/Thumbnail__0019_DUFM060B1BSLDB.jpg\",\"width\":1125,\"height\":1500},{\"@type\":\"BreadcrumbList\",\"itemListElement\":[{\"@type\":\"ListItem\",\"position\":1,\"name\":\"Home\",\"item\":\"https:\/\/www.danby.com\/fr\/\"},{\"@type\":\"ListItem\",\"position\":2,\"name\":\"Boutique\",\"item\":\"https:\/\/www.danby.com\/fr\/boutique\/\"},{\"@type\":\"ListItem\",\"position\":3,\"name\":\"Cong\u00e9lateur vertical Danby DUFM060B1WDB de 6,0 pi3 en Blanc\"}]},{\"@type\":\"WebSite\",\"url\":\"https:\/\/www.danby.com\/fr\/\",\"name\":\"Danby - Canada - French\",\"description\":\"Leader dans le domaine de la r\u00e9frig\u00e9ration et des appareils sp\u00e9cialis\u00e9s\",\"publisher\":[],\"potentialAction\":[{\"@type\":\"SearchAction\",\"target\":{\"@type\":\"EntryPoint\",\"urlTemplate\":\"https:\/\/www.danby.com\/fr\/?s={search_term_string}\"},\"query-input\":{\"@type\":\"PropertyValueSpecification\",\"valueRequired\":true,\"valueName\":\"search_term_string\"}}],\"inLanguage\":\"fr-CA\"},{\"@type\":\"Organization\",\"name\":\"Danby Appliances\",\"url\":\"https:\/\/www.danby.com\/fr\/\",\"logo\":{\"@type\":\"ImageObject\",\"inLanguage\":\"fr-CA\",\"url\":\"https:\/\/cdnweb.danby.com\/wp-content\/uploads\/sites\/2\/2022\/02\/10141906\/Danby75Ans_Blue.png\",\"contentUrl\":\"https:\/\/cdnweb.danby.com\/wp-content\/uploads\/sites\/2\/2022\/02\/10141906\/Danby75Ans_Blue.png\",\"width\":470,\"height\":110,\"caption\":\"Danby Appliances\"},\"image\":[],\"sameAs\":[\"https:\/\/www.facebook.com\/DanbyAppliances\",\"https:\/\/x.com\/DanbyAppliance\",\"https:\/\/instagram.com\/danbyappliances\/\",\"https:\/\/www.linkedin.com\/company\/danbyappliances\",\"https:\/\/www.pinterest.ca\/danbyappliances\/\",\"https:\/\/www.youtube.com\/user\/DanbyProducts\",\"https:\/\/en.wikipedia.org\/wiki\/Danby_(appliances)\"]}]}<\/script>\n<!-- \/ Yoast SEO plugin. -->","yoast_head_json":{"title":"Cong\u00e9lateur vertical Danby DUFM060B1WDB de 6,0 pi3 en Blanc - DUFM060B1BSLDB | Danby Canada","description":"Faites le plein de produits congel\u00e9s pr\u00e9f\u00e9r\u00e9s de votre famille avec le cong\u00e9lateur vertical en acier inoxydable Danby Designer, id\u00e9al pour les petits espaces dans un condo, un appartement ou une maison en rang\u00e9e. \u00c9conomisez de l'argent et de l'\u00e9nergie avec ce produit homologu\u00e9 ENERGY STAR\u00ae, dot\u00e9 d'un rev\u00eatement en vinyle, qui permet d'\u00e9conomiser de l'espace au sol gr\u00e2ce \u00e0 sa conception verticale. De plus, cet appareil offre une abondance d'espace pour l'organisation des aliments avec trois \u00e9tag\u00e8res de rangement et trois tiroirs de rangement. Ce mod\u00e8le est pr\u00eat pour le garage et peut fonctionner \u00e0 des temp\u00e9ratures de 0\u00b0F \u00e0 110\u00b0F (-17\u00b0C \u00e0 43\u00b0C). Il offre un espace de cong\u00e9lation de 168 L (5,92 pi3) pour les repas congel\u00e9s, les viandes, les l\u00e9gumes et plus encore, ce qui en fait un appareil parfait pour les couples et les petites familles. Le thermostat m\u00e9canique est con\u00e7u pour une pr\u00e9cision supr\u00eame lors de la programmation et du contr\u00f4le de vos r\u00e9glages de temp\u00e9rature, et la fonction de d\u00e9givrage manuel facilite l'entretien. Cet appareil moderne est \u00e9galement dot\u00e9 d'une ing\u00e9nieuse charni\u00e8re de porte r\u00e9versible qui vous permet de l'ajuster pour une ouverture \u00e0 gauche ou \u00e0 droite. L'appareil est assorti d'une garantie de 5 ans sur les pi\u00e8ces et la main-d'\u0153uvre, la meilleure du secteur, avec service \u00e0 domicile.","robots":{"index":"index","follow":"follow","max-snippet":"max-snippet:-1","max-image-preview":"max-image-preview:large","max-video-preview":"max-video-preview:-1"},"canonical":"https:\/\/www.danby.com\/fr\/products\/congelateurs\/dufm060b1bsldb\/","og_locale":"fr_CA","og_type":"article","og_title":"Cong\u00e9lateur vertical Danby DUFM060B1WDB de 6,0 pi3 en Blanc - DUFM060B1BSLDB | Danby Canada","og_description":"Faites le plein de produits congel\u00e9s pr\u00e9f\u00e9r\u00e9s de votre famille avec le cong\u00e9lateur vertical en acier inoxydable Danby Designer, id\u00e9al pour les petits espaces dans un condo, un appartement ou une maison en rang\u00e9e. \u00c9conomisez de l'argent et de l'\u00e9nergie avec ce produit homologu\u00e9 ENERGY STAR\u00ae, dot\u00e9 d'un rev\u00eatement en vinyle, qui permet d'\u00e9conomiser de l'espace au sol gr\u00e2ce \u00e0 sa conception verticale. De plus, cet appareil offre une abondance d'espace pour l'organisation des aliments avec trois \u00e9tag\u00e8res de rangement et trois tiroirs de rangement. Ce mod\u00e8le est pr\u00eat pour le garage et peut fonctionner \u00e0 des temp\u00e9ratures de 0\u00b0F \u00e0 110\u00b0F (-17\u00b0C \u00e0 43\u00b0C). Il offre un espace de cong\u00e9lation de 168 L (5,92 pi3) pour les repas congel\u00e9s, les viandes, les l\u00e9gumes et plus encore, ce qui en fait un appareil parfait pour les couples et les petites familles. Le thermostat m\u00e9canique est con\u00e7u pour une pr\u00e9cision supr\u00eame lors de la programmation et du contr\u00f4le de vos r\u00e9glages de temp\u00e9rature, et la fonction de d\u00e9givrage manuel facilite l'entretien. Cet appareil moderne est \u00e9galement dot\u00e9 d'une ing\u00e9nieuse charni\u00e8re de porte r\u00e9versible qui vous permet de l'ajuster pour une ouverture \u00e0 gauche ou \u00e0 droite. L'appareil est assorti d'une garantie de 5 ans sur les pi\u00e8ces et la main-d'\u0153uvre, la meilleure du secteur, avec service \u00e0 domicile.","og_url":"https:\/\/www.danby.com\/fr\/products\/congelateurs\/dufm060b1bsldb\/","og_site_name":"Danby - Canada - French","article_publisher":"https:\/\/www.facebook.com\/DanbyAppliances","article_modified_time":"2026-04-08T10:07:58+00:00","og_image":[{"width":1920,"height":2560,"url":"https:\/\/cdnweb.danby.com\/wp-content\/uploads\/sites\/2\/2023\/06\/08122657\/DUFM060B1BSLDB%20Front%20Closed-scaled.jpg","type":"image\/jpeg"}],"twitter_card":"summary_large_image","twitter_site":"@DanbyAppliance","schema":{"@context":"https:\/\/schema.org","@graph":[{"@type":["WebPage","ItemPage"],"url":"https:\/\/www.danby.com\/fr\/products\/congelateurs\/dufm060b1bsldb\/","name":"Cong\u00e9lateur vertical Danby DUFM060B1WDB de 6,0 pi3 en Blanc - DUFM060B1BSLDB | Danby Canada","isPartOf":[],"primaryImageOfPage":[],"image":[],"thumbnailUrl":"https:\/\/cdnweb.danby.com\/wp-content\/uploads\/sites\/2\/2023\/11\/22144949\/Thumbnail__0019_DUFM060B1BSLDB.jpg","datePublished":"2022-02-03T19:21:11+00:00","dateModified":"2026-04-08T10:07:58+00:00","description":"Faites le plein de produits congel\u00e9s pr\u00e9f\u00e9r\u00e9s de votre famille avec le cong\u00e9lateur vertical en acier inoxydable Danby Designer, id\u00e9al pour les petits espaces dans un condo, un appartement ou une maison en rang\u00e9e. \u00c9conomisez de l'argent et de l'\u00e9nergie avec ce produit homologu\u00e9 ENERGY STAR\u00ae, dot\u00e9 d'un rev\u00eatement en vinyle, qui permet d'\u00e9conomiser de l'espace au sol gr\u00e2ce \u00e0 sa conception verticale. De plus, cet appareil offre une abondance d'espace pour l'organisation des aliments avec trois \u00e9tag\u00e8res de rangement et trois tiroirs de rangement. Ce mod\u00e8le est pr\u00eat pour le garage et peut fonctionner \u00e0 des temp\u00e9ratures de 0\u00b0F \u00e0 110\u00b0F (-17\u00b0C \u00e0 43\u00b0C). Il offre un espace de cong\u00e9lation de 168 L (5,92 pi3) pour les repas congel\u00e9s, les viandes, les l\u00e9gumes et plus encore, ce qui en fait un appareil parfait pour les couples et les petites familles. Le thermostat m\u00e9canique est con\u00e7u pour une pr\u00e9cision supr\u00eame lors de la programmation et du contr\u00f4le de vos r\u00e9glages de temp\u00e9rature, et la fonction de d\u00e9givrage manuel facilite l'entretien. Cet appareil moderne est \u00e9galement dot\u00e9 d'une ing\u00e9nieuse charni\u00e8re de porte r\u00e9versible qui vous permet de l'ajuster pour une ouverture \u00e0 gauche ou \u00e0 droite. L'appareil est assorti d'une garantie de 5 ans sur les pi\u00e8ces et la main-d'\u0153uvre, la meilleure du secteur, avec service \u00e0 domicile.","breadcrumb":[],"inLanguage":"fr-CA","potentialAction":[{"@type":"ReadAction","target":["https:\/\/www.danby.com\/fr\/products\/congelateurs\/dufm060b1bsldb\/"]}]},{"@type":"ImageObject","inLanguage":"fr-CA","url":"https:\/\/cdnweb.danby.com\/wp-content\/uploads\/sites\/2\/2023\/11\/22144949\/Thumbnail__0019_DUFM060B1BSLDB.jpg","contentUrl":"https:\/\/cdnweb.danby.com\/wp-content\/uploads\/sites\/2\/2023\/11\/22144949\/Thumbnail__0019_DUFM060B1BSLDB.jpg","width":1125,"height":1500},{"@type":"BreadcrumbList","itemListElement":[{"@type":"ListItem","position":1,"name":"Home","item":"https:\/\/www.danby.com\/fr\/"},{"@type":"ListItem","position":2,"name":"Boutique","item":"https:\/\/www.danby.com\/fr\/boutique\/"},{"@type":"ListItem","position":3,"name":"Cong\u00e9lateur vertical Danby DUFM060B1WDB de 6,0 pi3 en Blanc"}]},{"@type":"WebSite","url":"https:\/\/www.danby.com\/fr\/","name":"Danby - Canada - French","description":"Leader dans le domaine de la r\u00e9frig\u00e9ration et des appareils sp\u00e9cialis\u00e9s","publisher":[],"potentialAction":[{"@type":"SearchAction","target":{"@type":"EntryPoint","urlTemplate":"https:\/\/www.danby.com\/fr\/?s={search_term_string}"},"query-input":{"@type":"PropertyValueSpecification","valueRequired":true,"valueName":"search_term_string"}}],"inLanguage":"fr-CA"},{"@type":"Organization","name":"Danby Appliances","url":"https:\/\/www.danby.com\/fr\/","logo":{"@type":"ImageObject","inLanguage":"fr-CA","url":"https:\/\/cdnweb.danby.com\/wp-content\/uploads\/sites\/2\/2022\/02\/10141906\/Danby75Ans_Blue.png","contentUrl":"https:\/\/cdnweb.danby.com\/wp-content\/uploads\/sites\/2\/2022\/02\/10141906\/Danby75Ans_Blue.png","width":470,"height":110,"caption":"Danby Appliances"},"image":[],"sameAs":["https:\/\/www.facebook.com\/DanbyAppliances","https:\/\/x.com\/DanbyAppliance","https:\/\/instagram.com\/danbyappliances\/","https:\/\/www.linkedin.com\/company\/danbyappliances","https:\/\/www.pinterest.ca\/danbyappliances\/","https:\/\/www.youtube.com\/user\/DanbyProducts","https:\/\/en.wikipedia.org\/wiki\/Danby_(appliances)"]}]}},"post_mailing_queue_ids":[],"_links":{"self":[{"href":"https:\/\/www.danby.com\/fr\/wp-json\/wp\/v2\/product\/5227","targetHints":{"allow":["GET"]}}],"collection":[{"href":"https:\/\/www.danby.com\/fr\/wp-json\/wp\/v2\/product"}],"about":[{"href":"https:\/\/www.danby.com\/fr\/wp-json\/wp\/v2\/types\/product"}],"replies":[{"embeddable":true,"href":"https:\/\/www.danby.com\/fr\/wp-json\/wp\/v2\/comments?post=5227"}],"wp:featuredmedia":[{"embeddable":true,"href":"https:\/\/www.danby.com\/fr\/wp-json\/wp\/v2\/media\/25730"}],"wp:attachment":[{"href":"https:\/\/www.danby.com\/fr\/wp-json\/wp\/v2\/media?parent=5227"}],"wp:term":[{"taxonomy":"product_brand","embeddable":true,"href":"https:\/\/www.danby.com\/fr\/wp-json\/wp\/v2\/product_brand?post=5227"},{"taxonomy":"product_cat","embeddable":true,"href":"https:\/\/www.danby.com\/fr\/wp-json\/wp\/v2\/product_cat?post=5227"},{"taxonomy":"product_tag","embeddable":true,"href":"https:\/\/www.danby.com\/fr\/wp-json\/wp\/v2\/product_tag?post=5227"}],"curies":[{"name":"wp","href":"https:\/\/api.w.org\/{rel}","templated":true}]}}