{"id":5226,"date":"2022-02-03T19:21:11","date_gmt":"2022-02-03T19:21:11","guid":{"rendered":"https:\/\/www.danby.com\/fr\/product\/dufm059c1wdd\/"},"modified":"2026-04-09T10:08:01","modified_gmt":"2026-04-09T10:08:01","slug":"dufm059c1wdd","status":"publish","type":"product","link":"https:\/\/www.danby.com\/fr\/products\/congelateurs\/dufm059c1wdd\/","title":{"rendered":"Cong\u00e9lateur vertical Danby 5,9 pi3 en blanc"},"content":{"rendered":"","protected":false},"excerpt":{"rendered":"<ul>\n<li>Cong\u00e9lateur vertical d&#8217;une capacit\u00e9 de 167 L (5,9 pi3)<\/li>\n<li>Plainte ENERGY STAR\u00ae, efficacit\u00e9 \u00e9nerg\u00e9tique pour vous aider \u00e0 \u00e9conomiser de l&#8217;argent sans sacrifier les performances<\/li>\n<li>Pr\u00eat pour le garage : le cong\u00e9lateur peut fonctionner \u00e0 des temp\u00e9ratures allant de 0\u00b0F \u00e0 110\u00b0F (-17\u00b0C \u00e0 43\u00b0C)<\/li>\n<li>R\u00e9frig\u00e9rant R600a respectueux de l&#8217;environnement<\/li>\n<li>D\u00e9givrage manuel<\/li>\n<li>Thermostat m\u00e9canique facile \u00e0 utiliser<\/li>\n<li>5 \u00e9tag\u00e8res de cong\u00e9lation rapide<\/li>\n<li>2 bacs de rangement en plastique transparent<\/li>\n<li>Charni\u00e8re de porte r\u00e9versible<\/li>\n<li>Maintient des temp\u00e9ratures de cong\u00e9lation optimales de -12\u00baC (10.4\u00baF) \u00e0 -24\u00baC (-11.2\u00baF)<\/li>\n<li>Porte arrondie avec poign\u00e9e int\u00e9gr\u00e9e<\/li>\n<li>Garantie de 5 ans sur les pi\u00e8ces et la main d&#8217;\u0153uvre avec service \u00e0 domicile, la meilleure du secteur.<\/li>\n<\/ul>\n","protected":false},"featured_media":23951,"comment_status":"closed","ping_status":"open","template":"","meta":{"_acf_changed":false},"product_brand":[],"product_cat":[27],"product_tag":[],"class_list":{"0":"post-5226","1":"product","2":"type-product","3":"status-publish","4":"has-post-thumbnail","6":"product_cat-congelateurs","7":"pa_capacite-pi3-5-5-9","8":"pa_couleur-blanc","9":"pa_duree-de-la-garantie-en-mois-60-months","11":"first","12":"outofstock","13":"taxable","14":"shipping-taxable","15":"product-type-simple"},"acf":[],"yoast_head":"<!-- This site is optimized with the Yoast SEO plugin v26.7 - https:\/\/yoast.com\/wordpress\/plugins\/seo\/ -->\n<title>Cong\u00e9lateur vertical Danby 5,9 pi3 en blanc - DUFM059C1WDD | Danby Canada<\/title>\n<meta name=\"description\" content=\"Faites le plein de produits congel\u00e9s pr\u00e9f\u00e9r\u00e9s de votre famille avec un cong\u00e9lateur vertical Danby Designer, id\u00e9al pour les petits espaces dans un condo, un appartement ou une maison de ville. \u00c9conomisez de l&#039;argent et de l&#039;\u00e9nergie gr\u00e2ce \u00e0 ce produit homologu\u00e9 ENERGY STAR\u00ae qui permet d&#039;\u00e9conomiser de l&#039;espace au sol gr\u00e2ce \u00e0 sa conception verticale. De plus, cet appareil offre une abondance d&#039;espace pour l&#039;organisation des aliments avec cinq tablettes de cong\u00e9lation rapide et deux bacs de rangement en plastique transparent. Ce mod\u00e8le est pr\u00eat pour le garage et peut fonctionner \u00e0 des temp\u00e9ratures allant de 0\u00b0F \u00e0 110\u00b0F (-17\u00b0C \u00e0 43\u00b0C). Il offre un espace de cong\u00e9lation de 167 L (5,9 pi3) pour les repas congel\u00e9s, les viandes, les l\u00e9gumes et plus encore, ce qui en fait un appareil parfait pour les couples et les petites familles. Le thermostat m\u00e9canique est con\u00e7u pour une pr\u00e9cision supr\u00eame lors de la programmation et du contr\u00f4le de vos r\u00e9glages de temp\u00e9rature. Cet appareil moderne est \u00e9galement dot\u00e9 d&#039;une ing\u00e9nieuse charni\u00e8re de porte r\u00e9versible qui vous permet de l&#039;ajuster pour une ouverture \u00e0 gauche ou \u00e0 droite. Il est assorti d&#039;une garantie de 5 ans sur les pi\u00e8ces et la main-d&#039;\u0153uvre, la meilleure du secteur, avec service \u00e0 domicile.\" \/>\n<meta name=\"robots\" content=\"index, follow, max-snippet:-1, max-image-preview:large, max-video-preview:-1\" \/>\n<link rel=\"canonical\" href=\"https:\/\/www.danby.com\/fr\/products\/congelateurs\/dufm059c1wdd\/\" \/>\n<meta property=\"og:locale\" content=\"fr_CA\" \/>\n<meta property=\"og:type\" content=\"article\" \/>\n<meta property=\"og:title\" content=\"Cong\u00e9lateur vertical Danby 5,9 pi3 en blanc - DUFM059C1WDD | Danby Canada\" \/>\n<meta property=\"og:description\" content=\"Faites le plein de produits congel\u00e9s pr\u00e9f\u00e9r\u00e9s de votre famille avec un cong\u00e9lateur vertical Danby Designer, id\u00e9al pour les petits espaces dans un condo, un appartement ou une maison de ville. \u00c9conomisez de l&#039;argent et de l&#039;\u00e9nergie gr\u00e2ce \u00e0 ce produit homologu\u00e9 ENERGY STAR\u00ae qui permet d&#039;\u00e9conomiser de l&#039;espace au sol gr\u00e2ce \u00e0 sa conception verticale. De plus, cet appareil offre une abondance d&#039;espace pour l&#039;organisation des aliments avec cinq tablettes de cong\u00e9lation rapide et deux bacs de rangement en plastique transparent. Ce mod\u00e8le est pr\u00eat pour le garage et peut fonctionner \u00e0 des temp\u00e9ratures allant de 0\u00b0F \u00e0 110\u00b0F (-17\u00b0C \u00e0 43\u00b0C). Il offre un espace de cong\u00e9lation de 167 L (5,9 pi3) pour les repas congel\u00e9s, les viandes, les l\u00e9gumes et plus encore, ce qui en fait un appareil parfait pour les couples et les petites familles. Le thermostat m\u00e9canique est con\u00e7u pour une pr\u00e9cision supr\u00eame lors de la programmation et du contr\u00f4le de vos r\u00e9glages de temp\u00e9rature. Cet appareil moderne est \u00e9galement dot\u00e9 d&#039;une ing\u00e9nieuse charni\u00e8re de porte r\u00e9versible qui vous permet de l&#039;ajuster pour une ouverture \u00e0 gauche ou \u00e0 droite. Il est assorti d&#039;une garantie de 5 ans sur les pi\u00e8ces et la main-d&#039;\u0153uvre, la meilleure du secteur, avec service \u00e0 domicile.\" \/>\n<meta property=\"og:url\" content=\"https:\/\/www.danby.com\/fr\/products\/congelateurs\/dufm059c1wdd\/\" \/>\n<meta property=\"og:site_name\" content=\"Danby - Canada - French\" \/>\n<meta property=\"article:publisher\" content=\"https:\/\/www.facebook.com\/DanbyAppliances\" \/>\n<meta property=\"article:modified_time\" content=\"2026-04-09T10:08:01+00:00\" \/>\n<meta property=\"og:image\" content=\"https:\/\/cdnweb.danby.com\/wp-content\/uploads\/sites\/2\/2023\/06\/27192110\/DUFM059C1WDD_Front-scaled.jpg\" \/>\n\t<meta property=\"og:image:width\" content=\"1919\" \/>\n\t<meta property=\"og:image:height\" content=\"2560\" \/>\n\t<meta property=\"og:image:type\" content=\"image\/jpeg\" \/>\n<meta name=\"twitter:card\" content=\"summary_large_image\" \/>\n<meta name=\"twitter:site\" content=\"@DanbyAppliance\" \/>\n<script type=\"application\/ld+json\" class=\"yoast-schema-graph\">{\"@context\":\"https:\/\/schema.org\",\"@graph\":[{\"@type\":[\"WebPage\",\"ItemPage\"],\"url\":\"https:\/\/www.danby.com\/fr\/products\/congelateurs\/dufm059c1wdd\/\",\"name\":\"Cong\u00e9lateur vertical Danby 5,9 pi3 en blanc - DUFM059C1WDD | Danby Canada\",\"isPartOf\":[],\"primaryImageOfPage\":[],\"image\":[],\"thumbnailUrl\":\"https:\/\/cdnweb.danby.com\/wp-content\/uploads\/sites\/2\/2023\/06\/27192110\/DUFM059C1WDD_Front-scaled.jpg\",\"datePublished\":\"2022-02-03T19:21:11+00:00\",\"dateModified\":\"2026-04-09T10:08:01+00:00\",\"description\":\"Faites le plein de produits congel\u00e9s pr\u00e9f\u00e9r\u00e9s de votre famille avec un cong\u00e9lateur vertical Danby Designer, id\u00e9al pour les petits espaces dans un condo, un appartement ou une maison de ville. \u00c9conomisez de l'argent et de l'\u00e9nergie gr\u00e2ce \u00e0 ce produit homologu\u00e9 ENERGY STAR\u00ae qui permet d'\u00e9conomiser de l'espace au sol gr\u00e2ce \u00e0 sa conception verticale. De plus, cet appareil offre une abondance d'espace pour l'organisation des aliments avec cinq tablettes de cong\u00e9lation rapide et deux bacs de rangement en plastique transparent. Ce mod\u00e8le est pr\u00eat pour le garage et peut fonctionner \u00e0 des temp\u00e9ratures allant de 0\u00b0F \u00e0 110\u00b0F (-17\u00b0C \u00e0 43\u00b0C). Il offre un espace de cong\u00e9lation de 167 L (5,9 pi3) pour les repas congel\u00e9s, les viandes, les l\u00e9gumes et plus encore, ce qui en fait un appareil parfait pour les couples et les petites familles. Le thermostat m\u00e9canique est con\u00e7u pour une pr\u00e9cision supr\u00eame lors de la programmation et du contr\u00f4le de vos r\u00e9glages de temp\u00e9rature. Cet appareil moderne est \u00e9galement dot\u00e9 d'une ing\u00e9nieuse charni\u00e8re de porte r\u00e9versible qui vous permet de l'ajuster pour une ouverture \u00e0 gauche ou \u00e0 droite. Il est assorti d'une garantie de 5 ans sur les pi\u00e8ces et la main-d'\u0153uvre, la meilleure du secteur, avec service \u00e0 domicile.\",\"breadcrumb\":[],\"inLanguage\":\"fr-CA\",\"potentialAction\":[{\"@type\":\"ReadAction\",\"target\":[\"https:\/\/www.danby.com\/fr\/products\/congelateurs\/dufm059c1wdd\/\"]}]},{\"@type\":\"ImageObject\",\"inLanguage\":\"fr-CA\",\"url\":\"https:\/\/cdnweb.danby.com\/wp-content\/uploads\/sites\/2\/2023\/06\/27192110\/DUFM059C1WDD_Front-scaled.jpg\",\"contentUrl\":\"https:\/\/cdnweb.danby.com\/wp-content\/uploads\/sites\/2\/2023\/06\/27192110\/DUFM059C1WDD_Front-scaled.jpg\",\"width\":1919,\"height\":2560},{\"@type\":\"BreadcrumbList\",\"itemListElement\":[{\"@type\":\"ListItem\",\"position\":1,\"name\":\"Home\",\"item\":\"https:\/\/www.danby.com\/fr\/\"},{\"@type\":\"ListItem\",\"position\":2,\"name\":\"Boutique\",\"item\":\"https:\/\/www.danby.com\/fr\/boutique\/\"},{\"@type\":\"ListItem\",\"position\":3,\"name\":\"Cong\u00e9lateur vertical Danby 5,9 pi3 en blanc\"}]},{\"@type\":\"WebSite\",\"url\":\"https:\/\/www.danby.com\/fr\/\",\"name\":\"Danby - Canada - French\",\"description\":\"Leader dans le domaine de la r\u00e9frig\u00e9ration et des appareils sp\u00e9cialis\u00e9s\",\"publisher\":[],\"potentialAction\":[{\"@type\":\"SearchAction\",\"target\":{\"@type\":\"EntryPoint\",\"urlTemplate\":\"https:\/\/www.danby.com\/fr\/?s={search_term_string}\"},\"query-input\":{\"@type\":\"PropertyValueSpecification\",\"valueRequired\":true,\"valueName\":\"search_term_string\"}}],\"inLanguage\":\"fr-CA\"},{\"@type\":\"Organization\",\"name\":\"Danby Appliances\",\"url\":\"https:\/\/www.danby.com\/fr\/\",\"logo\":{\"@type\":\"ImageObject\",\"inLanguage\":\"fr-CA\",\"url\":\"https:\/\/cdnweb.danby.com\/wp-content\/uploads\/sites\/2\/2022\/02\/10141906\/Danby75Ans_Blue.png\",\"contentUrl\":\"https:\/\/cdnweb.danby.com\/wp-content\/uploads\/sites\/2\/2022\/02\/10141906\/Danby75Ans_Blue.png\",\"width\":470,\"height\":110,\"caption\":\"Danby Appliances\"},\"image\":[],\"sameAs\":[\"https:\/\/www.facebook.com\/DanbyAppliances\",\"https:\/\/x.com\/DanbyAppliance\",\"https:\/\/instagram.com\/danbyappliances\/\",\"https:\/\/www.linkedin.com\/company\/danbyappliances\",\"https:\/\/www.pinterest.ca\/danbyappliances\/\",\"https:\/\/www.youtube.com\/user\/DanbyProducts\",\"https:\/\/en.wikipedia.org\/wiki\/Danby_(appliances)\"]}]}<\/script>\n<!-- \/ Yoast SEO plugin. -->","yoast_head_json":{"title":"Cong\u00e9lateur vertical Danby 5,9 pi3 en blanc - DUFM059C1WDD | Danby Canada","description":"Faites le plein de produits congel\u00e9s pr\u00e9f\u00e9r\u00e9s de votre famille avec un cong\u00e9lateur vertical Danby Designer, id\u00e9al pour les petits espaces dans un condo, un appartement ou une maison de ville. \u00c9conomisez de l'argent et de l'\u00e9nergie gr\u00e2ce \u00e0 ce produit homologu\u00e9 ENERGY STAR\u00ae qui permet d'\u00e9conomiser de l'espace au sol gr\u00e2ce \u00e0 sa conception verticale. De plus, cet appareil offre une abondance d'espace pour l'organisation des aliments avec cinq tablettes de cong\u00e9lation rapide et deux bacs de rangement en plastique transparent. Ce mod\u00e8le est pr\u00eat pour le garage et peut fonctionner \u00e0 des temp\u00e9ratures allant de 0\u00b0F \u00e0 110\u00b0F (-17\u00b0C \u00e0 43\u00b0C). Il offre un espace de cong\u00e9lation de 167 L (5,9 pi3) pour les repas congel\u00e9s, les viandes, les l\u00e9gumes et plus encore, ce qui en fait un appareil parfait pour les couples et les petites familles. Le thermostat m\u00e9canique est con\u00e7u pour une pr\u00e9cision supr\u00eame lors de la programmation et du contr\u00f4le de vos r\u00e9glages de temp\u00e9rature. Cet appareil moderne est \u00e9galement dot\u00e9 d'une ing\u00e9nieuse charni\u00e8re de porte r\u00e9versible qui vous permet de l'ajuster pour une ouverture \u00e0 gauche ou \u00e0 droite. Il est assorti d'une garantie de 5 ans sur les pi\u00e8ces et la main-d'\u0153uvre, la meilleure du secteur, avec service \u00e0 domicile.","robots":{"index":"index","follow":"follow","max-snippet":"max-snippet:-1","max-image-preview":"max-image-preview:large","max-video-preview":"max-video-preview:-1"},"canonical":"https:\/\/www.danby.com\/fr\/products\/congelateurs\/dufm059c1wdd\/","og_locale":"fr_CA","og_type":"article","og_title":"Cong\u00e9lateur vertical Danby 5,9 pi3 en blanc - DUFM059C1WDD | Danby Canada","og_description":"Faites le plein de produits congel\u00e9s pr\u00e9f\u00e9r\u00e9s de votre famille avec un cong\u00e9lateur vertical Danby Designer, id\u00e9al pour les petits espaces dans un condo, un appartement ou une maison de ville. \u00c9conomisez de l'argent et de l'\u00e9nergie gr\u00e2ce \u00e0 ce produit homologu\u00e9 ENERGY STAR\u00ae qui permet d'\u00e9conomiser de l'espace au sol gr\u00e2ce \u00e0 sa conception verticale. De plus, cet appareil offre une abondance d'espace pour l'organisation des aliments avec cinq tablettes de cong\u00e9lation rapide et deux bacs de rangement en plastique transparent. Ce mod\u00e8le est pr\u00eat pour le garage et peut fonctionner \u00e0 des temp\u00e9ratures allant de 0\u00b0F \u00e0 110\u00b0F (-17\u00b0C \u00e0 43\u00b0C). Il offre un espace de cong\u00e9lation de 167 L (5,9 pi3) pour les repas congel\u00e9s, les viandes, les l\u00e9gumes et plus encore, ce qui en fait un appareil parfait pour les couples et les petites familles. Le thermostat m\u00e9canique est con\u00e7u pour une pr\u00e9cision supr\u00eame lors de la programmation et du contr\u00f4le de vos r\u00e9glages de temp\u00e9rature. Cet appareil moderne est \u00e9galement dot\u00e9 d'une ing\u00e9nieuse charni\u00e8re de porte r\u00e9versible qui vous permet de l'ajuster pour une ouverture \u00e0 gauche ou \u00e0 droite. Il est assorti d'une garantie de 5 ans sur les pi\u00e8ces et la main-d'\u0153uvre, la meilleure du secteur, avec service \u00e0 domicile.","og_url":"https:\/\/www.danby.com\/fr\/products\/congelateurs\/dufm059c1wdd\/","og_site_name":"Danby - Canada - French","article_publisher":"https:\/\/www.facebook.com\/DanbyAppliances","article_modified_time":"2026-04-09T10:08:01+00:00","og_image":[{"width":1919,"height":2560,"url":"https:\/\/cdnweb.danby.com\/wp-content\/uploads\/sites\/2\/2023\/06\/27192110\/DUFM059C1WDD_Front-scaled.jpg","type":"image\/jpeg"}],"twitter_card":"summary_large_image","twitter_site":"@DanbyAppliance","schema":{"@context":"https:\/\/schema.org","@graph":[{"@type":["WebPage","ItemPage"],"url":"https:\/\/www.danby.com\/fr\/products\/congelateurs\/dufm059c1wdd\/","name":"Cong\u00e9lateur vertical Danby 5,9 pi3 en blanc - DUFM059C1WDD | Danby Canada","isPartOf":[],"primaryImageOfPage":[],"image":[],"thumbnailUrl":"https:\/\/cdnweb.danby.com\/wp-content\/uploads\/sites\/2\/2023\/06\/27192110\/DUFM059C1WDD_Front-scaled.jpg","datePublished":"2022-02-03T19:21:11+00:00","dateModified":"2026-04-09T10:08:01+00:00","description":"Faites le plein de produits congel\u00e9s pr\u00e9f\u00e9r\u00e9s de votre famille avec un cong\u00e9lateur vertical Danby Designer, id\u00e9al pour les petits espaces dans un condo, un appartement ou une maison de ville. \u00c9conomisez de l'argent et de l'\u00e9nergie gr\u00e2ce \u00e0 ce produit homologu\u00e9 ENERGY STAR\u00ae qui permet d'\u00e9conomiser de l'espace au sol gr\u00e2ce \u00e0 sa conception verticale. De plus, cet appareil offre une abondance d'espace pour l'organisation des aliments avec cinq tablettes de cong\u00e9lation rapide et deux bacs de rangement en plastique transparent. Ce mod\u00e8le est pr\u00eat pour le garage et peut fonctionner \u00e0 des temp\u00e9ratures allant de 0\u00b0F \u00e0 110\u00b0F (-17\u00b0C \u00e0 43\u00b0C). Il offre un espace de cong\u00e9lation de 167 L (5,9 pi3) pour les repas congel\u00e9s, les viandes, les l\u00e9gumes et plus encore, ce qui en fait un appareil parfait pour les couples et les petites familles. Le thermostat m\u00e9canique est con\u00e7u pour une pr\u00e9cision supr\u00eame lors de la programmation et du contr\u00f4le de vos r\u00e9glages de temp\u00e9rature. Cet appareil moderne est \u00e9galement dot\u00e9 d'une ing\u00e9nieuse charni\u00e8re de porte r\u00e9versible qui vous permet de l'ajuster pour une ouverture \u00e0 gauche ou \u00e0 droite. Il est assorti d'une garantie de 5 ans sur les pi\u00e8ces et la main-d'\u0153uvre, la meilleure du secteur, avec service \u00e0 domicile.","breadcrumb":[],"inLanguage":"fr-CA","potentialAction":[{"@type":"ReadAction","target":["https:\/\/www.danby.com\/fr\/products\/congelateurs\/dufm059c1wdd\/"]}]},{"@type":"ImageObject","inLanguage":"fr-CA","url":"https:\/\/cdnweb.danby.com\/wp-content\/uploads\/sites\/2\/2023\/06\/27192110\/DUFM059C1WDD_Front-scaled.jpg","contentUrl":"https:\/\/cdnweb.danby.com\/wp-content\/uploads\/sites\/2\/2023\/06\/27192110\/DUFM059C1WDD_Front-scaled.jpg","width":1919,"height":2560},{"@type":"BreadcrumbList","itemListElement":[{"@type":"ListItem","position":1,"name":"Home","item":"https:\/\/www.danby.com\/fr\/"},{"@type":"ListItem","position":2,"name":"Boutique","item":"https:\/\/www.danby.com\/fr\/boutique\/"},{"@type":"ListItem","position":3,"name":"Cong\u00e9lateur vertical Danby 5,9 pi3 en blanc"}]},{"@type":"WebSite","url":"https:\/\/www.danby.com\/fr\/","name":"Danby - Canada - French","description":"Leader dans le domaine de la r\u00e9frig\u00e9ration et des appareils sp\u00e9cialis\u00e9s","publisher":[],"potentialAction":[{"@type":"SearchAction","target":{"@type":"EntryPoint","urlTemplate":"https:\/\/www.danby.com\/fr\/?s={search_term_string}"},"query-input":{"@type":"PropertyValueSpecification","valueRequired":true,"valueName":"search_term_string"}}],"inLanguage":"fr-CA"},{"@type":"Organization","name":"Danby Appliances","url":"https:\/\/www.danby.com\/fr\/","logo":{"@type":"ImageObject","inLanguage":"fr-CA","url":"https:\/\/cdnweb.danby.com\/wp-content\/uploads\/sites\/2\/2022\/02\/10141906\/Danby75Ans_Blue.png","contentUrl":"https:\/\/cdnweb.danby.com\/wp-content\/uploads\/sites\/2\/2022\/02\/10141906\/Danby75Ans_Blue.png","width":470,"height":110,"caption":"Danby Appliances"},"image":[],"sameAs":["https:\/\/www.facebook.com\/DanbyAppliances","https:\/\/x.com\/DanbyAppliance","https:\/\/instagram.com\/danbyappliances\/","https:\/\/www.linkedin.com\/company\/danbyappliances","https:\/\/www.pinterest.ca\/danbyappliances\/","https:\/\/www.youtube.com\/user\/DanbyProducts","https:\/\/en.wikipedia.org\/wiki\/Danby_(appliances)"]}]}},"post_mailing_queue_ids":[],"_links":{"self":[{"href":"https:\/\/www.danby.com\/fr\/wp-json\/wp\/v2\/product\/5226","targetHints":{"allow":["GET"]}}],"collection":[{"href":"https:\/\/www.danby.com\/fr\/wp-json\/wp\/v2\/product"}],"about":[{"href":"https:\/\/www.danby.com\/fr\/wp-json\/wp\/v2\/types\/product"}],"replies":[{"embeddable":true,"href":"https:\/\/www.danby.com\/fr\/wp-json\/wp\/v2\/comments?post=5226"}],"wp:featuredmedia":[{"embeddable":true,"href":"https:\/\/www.danby.com\/fr\/wp-json\/wp\/v2\/media\/23951"}],"wp:attachment":[{"href":"https:\/\/www.danby.com\/fr\/wp-json\/wp\/v2\/media?parent=5226"}],"wp:term":[{"taxonomy":"product_brand","embeddable":true,"href":"https:\/\/www.danby.com\/fr\/wp-json\/wp\/v2\/product_brand?post=5226"},{"taxonomy":"product_cat","embeddable":true,"href":"https:\/\/www.danby.com\/fr\/wp-json\/wp\/v2\/product_cat?post=5226"},{"taxonomy":"product_tag","embeddable":true,"href":"https:\/\/www.danby.com\/fr\/wp-json\/wp\/v2\/product_tag?post=5226"}],"curies":[{"name":"wp","href":"https:\/\/api.w.org\/{rel}","templated":true}]}}