{"id":5223,"date":"2022-02-03T19:21:11","date_gmt":"2022-02-03T19:21:11","guid":{"rendered":"https:\/\/www.danby.com\/fr\/product\/dufm043a1wdd\/"},"modified":"2026-05-02T09:08:27","modified_gmt":"2026-05-02T09:08:27","slug":"dufm043a1wdd","status":"publish","type":"product","link":"https:\/\/www.danby.com\/fr\/products\/congelateurs\/dufm043a1wdd\/","title":{"rendered":"Danby Designer 4.3 pi3 Cong\u00e9lateur"},"content":{"rendered":"","protected":false},"excerpt":{"rendered":"<ul>\n<li>Cong\u00e9lateur vertical d&#8217;une capacit\u00e9 de 4,3 pi3 (122 L)<\/li>\n<li>R\u00e9frig\u00e9rant R600a respectueux de l&#8217;environnement<\/li>\n<li>D\u00e9givrage manuel<\/li>\n<li>3 \u00e9tag\u00e8res de cong\u00e9lation rapide<\/li>\n<li>\u00c9tag\u00e8res de porte<\/li>\n<li>Thermostat m\u00e9canique facile \u00e0 programmer<\/li>\n<li>Z\u00e9ro plan de travail resistant<\/li>\n<li>Poign\u00e9e de porte int\u00e9gr\u00e9e<\/li>\n<li>Charni\u00e8res de porte reversible<\/li>\n<li>Arri\u00e8re de conception \u00e9gale<\/li>\n<\/ul>\n","protected":false},"featured_media":7558,"comment_status":"closed","ping_status":"open","template":"","meta":{"_acf_changed":false},"product_brand":[],"product_cat":[27],"product_tag":[],"class_list":{"0":"post-5223","1":"product","2":"type-product","3":"status-publish","4":"has-post-thumbnail","6":"product_cat-congelateurs","8":"first","9":"outofstock","10":"taxable","11":"shipping-taxable","12":"product-type-simple"},"acf":[],"yoast_head":"<!-- This site is optimized with the Yoast SEO plugin v27.5 - https:\/\/yoast.com\/product\/yoast-seo-wordpress\/ -->\n<title>Danby Designer 4.3 pi3 Cong\u00e9lateur - DUFM043A1WDD | Danby Canada<\/title>\n<meta name=\"description\" content=\"Si vous \u00eates \u00e0 la recherche du cong\u00e9lateur id\u00e9al pour votre copropri\u00e9t\u00e9, appartement, roulotte, chalet, etc, cessez votre recherche imm\u00e9diatement, gr\u00e2ce \u00e0 ce superbe mod\u00e8le vertical Danby. Cet appareil compact \u00e0 encombrement r\u00e9duit dispose de 122 litres (4,3 pieds cubes) de surface d\u2019entreposage et de cong\u00e9lation. Ce mod\u00e8le efficace, pourvu de la prestigieuse homologation Energy Star n\u2019aura pas d\u2019impact sur vos d\u00e9penses d\u2019\u00e9lectricit\u00e9. L\u2019espace int\u00e9rieur est consid\u00e9rable et son organisation est simplifi\u00e9e, gr\u00e2ce \u00e0 trois balconnets et \u00e0 deux clayettes de surg\u00e9lation. Le syst\u00e8me pratique de d\u00e9givrage manuel et le thermostat m\u00e9canique d\u2019utilisation facile garantissent le fonctionnement continu de l\u2019appareil. La porte, munie d\u2019une poign\u00e9e int\u00e9gr\u00e9e, peut facilement et rapidement \u00eatre ajust\u00e9e afin de permettre une ouverture \u00e0 gauche ou \u00e0 droite. Ce cong\u00e9lateur est disponible en un beau fini blanc et classique et il est \u00e9quip\u00e9 d\u2019une surface de travail r\u00e9sistant aux rayures o\u00f9 il est possible d\u2019entreposer divers accessoires. Il est assorti d\u2019une garantie de 18 mois sur les pi\u00e8ces et la main-d\u2019\u0153uvre, incluant un service \u00e0 domicile rapide.\" \/>\n<meta name=\"robots\" content=\"index, follow, max-snippet:-1, max-image-preview:large, max-video-preview:-1\" \/>\n<link rel=\"canonical\" href=\"https:\/\/www.danby.com\/fr\/products\/congelateurs\/dufm043a1wdd\/\" \/>\n<meta property=\"og:locale\" content=\"fr_CA\" \/>\n<meta property=\"og:type\" content=\"article\" \/>\n<meta property=\"og:title\" content=\"Danby Designer 4.3 pi3 Cong\u00e9lateur - DUFM043A1WDD | Danby Canada\" \/>\n<meta property=\"og:description\" content=\"Si vous \u00eates \u00e0 la recherche du cong\u00e9lateur id\u00e9al pour votre copropri\u00e9t\u00e9, appartement, roulotte, chalet, etc, cessez votre recherche imm\u00e9diatement, gr\u00e2ce \u00e0 ce superbe mod\u00e8le vertical Danby. Cet appareil compact \u00e0 encombrement r\u00e9duit dispose de 122 litres (4,3 pieds cubes) de surface d\u2019entreposage et de cong\u00e9lation. Ce mod\u00e8le efficace, pourvu de la prestigieuse homologation Energy Star n\u2019aura pas d\u2019impact sur vos d\u00e9penses d\u2019\u00e9lectricit\u00e9. L\u2019espace int\u00e9rieur est consid\u00e9rable et son organisation est simplifi\u00e9e, gr\u00e2ce \u00e0 trois balconnets et \u00e0 deux clayettes de surg\u00e9lation. Le syst\u00e8me pratique de d\u00e9givrage manuel et le thermostat m\u00e9canique d\u2019utilisation facile garantissent le fonctionnement continu de l\u2019appareil. La porte, munie d\u2019une poign\u00e9e int\u00e9gr\u00e9e, peut facilement et rapidement \u00eatre ajust\u00e9e afin de permettre une ouverture \u00e0 gauche ou \u00e0 droite. Ce cong\u00e9lateur est disponible en un beau fini blanc et classique et il est \u00e9quip\u00e9 d\u2019une surface de travail r\u00e9sistant aux rayures o\u00f9 il est possible d\u2019entreposer divers accessoires. Il est assorti d\u2019une garantie de 18 mois sur les pi\u00e8ces et la main-d\u2019\u0153uvre, incluant un service \u00e0 domicile rapide.\" \/>\n<meta property=\"og:url\" content=\"https:\/\/www.danby.com\/fr\/products\/congelateurs\/dufm043a1wdd\/\" \/>\n<meta property=\"og:site_name\" content=\"Danby - Canada - French\" \/>\n<meta property=\"article:publisher\" content=\"https:\/\/www.facebook.com\/DanbyAppliances\" \/>\n<meta property=\"article:modified_time\" content=\"2026-05-02T09:08:27+00:00\" \/>\n<meta property=\"og:image\" content=\"https:\/\/cdnweb.danby.com\/wp-content\/uploads\/sites\/2\/2022\/02\/08193921\/proMed-duf408w_angle.jpg\" \/>\n\t<meta property=\"og:image:width\" content=\"300\" \/>\n\t<meta property=\"og:image:height\" content=\"272\" \/>\n\t<meta property=\"og:image:type\" content=\"image\/jpeg\" \/>\n<meta name=\"twitter:card\" content=\"summary_large_image\" \/>\n<meta name=\"twitter:site\" content=\"@DanbyAppliance\" \/>\n<script type=\"application\/ld+json\" class=\"yoast-schema-graph\">{\"@context\":\"https:\\\/\\\/schema.org\",\"@graph\":[{\"@type\":[\"WebPage\",\"ItemPage\"],\"url\":\"https:\\\/\\\/www.danby.com\\\/fr\\\/products\\\/congelateurs\\\/dufm043a1wdd\\\/\",\"name\":\"Danby Designer 4.3 pi3 Cong\u00e9lateur - DUFM043A1WDD | Danby Canada\",\"isPartOf\":[],\"primaryImageOfPage\":[],\"image\":[],\"thumbnailUrl\":\"https:\\\/\\\/cdnweb.danby.com\\\/wp-content\\\/uploads\\\/sites\\\/2\\\/2022\\\/02\\\/08193921\\\/proMed-duf408w_angle.jpg\",\"datePublished\":\"2022-02-03T19:21:11+00:00\",\"dateModified\":\"2026-05-02T09:08:27+00:00\",\"description\":\"Si vous \u00eates \u00e0 la recherche du cong\u00e9lateur id\u00e9al pour votre copropri\u00e9t\u00e9, appartement, roulotte, chalet, etc, cessez votre recherche imm\u00e9diatement, gr\u00e2ce \u00e0 ce superbe mod\u00e8le vertical Danby. Cet appareil compact \u00e0 encombrement r\u00e9duit dispose de 122 litres (4,3 pieds cubes) de surface d\u2019entreposage et de cong\u00e9lation. Ce mod\u00e8le efficace, pourvu de la prestigieuse homologation Energy Star n\u2019aura pas d\u2019impact sur vos d\u00e9penses d\u2019\u00e9lectricit\u00e9. L\u2019espace int\u00e9rieur est consid\u00e9rable et son organisation est simplifi\u00e9e, gr\u00e2ce \u00e0 trois balconnets et \u00e0 deux clayettes de surg\u00e9lation. Le syst\u00e8me pratique de d\u00e9givrage manuel et le thermostat m\u00e9canique d\u2019utilisation facile garantissent le fonctionnement continu de l\u2019appareil. La porte, munie d\u2019une poign\u00e9e int\u00e9gr\u00e9e, peut facilement et rapidement \u00eatre ajust\u00e9e afin de permettre une ouverture \u00e0 gauche ou \u00e0 droite. Ce cong\u00e9lateur est disponible en un beau fini blanc et classique et il est \u00e9quip\u00e9 d\u2019une surface de travail r\u00e9sistant aux rayures o\u00f9 il est possible d\u2019entreposer divers accessoires. Il est assorti d\u2019une garantie de 18 mois sur les pi\u00e8ces et la main-d\u2019\u0153uvre, incluant un service \u00e0 domicile rapide.\",\"breadcrumb\":[],\"inLanguage\":\"fr-CA\",\"potentialAction\":[{\"@type\":\"ReadAction\",\"target\":[\"https:\\\/\\\/www.danby.com\\\/fr\\\/products\\\/congelateurs\\\/dufm043a1wdd\\\/\"]}]},{\"@type\":\"ImageObject\",\"inLanguage\":\"fr-CA\",\"url\":\"https:\\\/\\\/cdnweb.danby.com\\\/wp-content\\\/uploads\\\/sites\\\/2\\\/2022\\\/02\\\/08193921\\\/proMed-duf408w_angle.jpg\",\"contentUrl\":\"https:\\\/\\\/cdnweb.danby.com\\\/wp-content\\\/uploads\\\/sites\\\/2\\\/2022\\\/02\\\/08193921\\\/proMed-duf408w_angle.jpg\",\"width\":300,\"height\":272},{\"@type\":\"BreadcrumbList\",\"itemListElement\":[{\"@type\":\"ListItem\",\"position\":1,\"name\":\"Home\",\"item\":\"https:\\\/\\\/www.danby.com\\\/fr\\\/\"},{\"@type\":\"ListItem\",\"position\":2,\"name\":\"Boutique\",\"item\":\"https:\\\/\\\/www.danby.com\\\/fr\\\/boutique\\\/\"},{\"@type\":\"ListItem\",\"position\":3,\"name\":\"Danby Designer 4.3 pi3 Cong\u00e9lateur\"}]},{\"@type\":\"WebSite\",\"url\":\"https:\\\/\\\/www.danby.com\\\/fr\\\/\",\"name\":\"Danby - Canada - French\",\"description\":\"Leader dans le domaine de la r\u00e9frig\u00e9ration et des appareils sp\u00e9cialis\u00e9s\",\"publisher\":[],\"potentialAction\":[{\"@type\":\"SearchAction\",\"target\":{\"@type\":\"EntryPoint\",\"urlTemplate\":\"https:\\\/\\\/www.danby.com\\\/fr\\\/?s={search_term_string}\"},\"query-input\":{\"@type\":\"PropertyValueSpecification\",\"valueRequired\":true,\"valueName\":\"search_term_string\"}}],\"inLanguage\":\"fr-CA\"},{\"@type\":\"Organization\",\"name\":\"Danby Appliances\",\"url\":\"https:\\\/\\\/www.danby.com\\\/fr\\\/\",\"logo\":{\"@type\":\"ImageObject\",\"inLanguage\":\"fr-CA\",\"url\":\"https:\\\/\\\/cdnweb.danby.com\\\/wp-content\\\/uploads\\\/sites\\\/2\\\/2022\\\/02\\\/10141906\\\/Danby75Ans_Blue.png\",\"contentUrl\":\"https:\\\/\\\/cdnweb.danby.com\\\/wp-content\\\/uploads\\\/sites\\\/2\\\/2022\\\/02\\\/10141906\\\/Danby75Ans_Blue.png\",\"width\":470,\"height\":110,\"caption\":\"Danby Appliances\"},\"image\":[],\"sameAs\":[\"https:\\\/\\\/www.facebook.com\\\/DanbyAppliances\",\"https:\\\/\\\/x.com\\\/DanbyAppliance\",\"https:\\\/\\\/instagram.com\\\/danbyappliances\\\/\",\"https:\\\/\\\/www.linkedin.com\\\/company\\\/danbyappliances\",\"https:\\\/\\\/www.pinterest.ca\\\/danbyappliances\\\/\",\"https:\\\/\\\/www.youtube.com\\\/user\\\/DanbyProducts\",\"https:\\\/\\\/en.wikipedia.org\\\/wiki\\\/Danby_(appliances)\"]}]}<\/script>\n<!-- \/ Yoast SEO plugin. -->","yoast_head_json":{"title":"Danby Designer 4.3 pi3 Cong\u00e9lateur - DUFM043A1WDD | Danby Canada","description":"Si vous \u00eates \u00e0 la recherche du cong\u00e9lateur id\u00e9al pour votre copropri\u00e9t\u00e9, appartement, roulotte, chalet, etc, cessez votre recherche imm\u00e9diatement, gr\u00e2ce \u00e0 ce superbe mod\u00e8le vertical Danby. Cet appareil compact \u00e0 encombrement r\u00e9duit dispose de 122 litres (4,3 pieds cubes) de surface d\u2019entreposage et de cong\u00e9lation. Ce mod\u00e8le efficace, pourvu de la prestigieuse homologation Energy Star n\u2019aura pas d\u2019impact sur vos d\u00e9penses d\u2019\u00e9lectricit\u00e9. L\u2019espace int\u00e9rieur est consid\u00e9rable et son organisation est simplifi\u00e9e, gr\u00e2ce \u00e0 trois balconnets et \u00e0 deux clayettes de surg\u00e9lation. Le syst\u00e8me pratique de d\u00e9givrage manuel et le thermostat m\u00e9canique d\u2019utilisation facile garantissent le fonctionnement continu de l\u2019appareil. La porte, munie d\u2019une poign\u00e9e int\u00e9gr\u00e9e, peut facilement et rapidement \u00eatre ajust\u00e9e afin de permettre une ouverture \u00e0 gauche ou \u00e0 droite. Ce cong\u00e9lateur est disponible en un beau fini blanc et classique et il est \u00e9quip\u00e9 d\u2019une surface de travail r\u00e9sistant aux rayures o\u00f9 il est possible d\u2019entreposer divers accessoires. Il est assorti d\u2019une garantie de 18 mois sur les pi\u00e8ces et la main-d\u2019\u0153uvre, incluant un service \u00e0 domicile rapide.","robots":{"index":"index","follow":"follow","max-snippet":"max-snippet:-1","max-image-preview":"max-image-preview:large","max-video-preview":"max-video-preview:-1"},"canonical":"https:\/\/www.danby.com\/fr\/products\/congelateurs\/dufm043a1wdd\/","og_locale":"fr_CA","og_type":"article","og_title":"Danby Designer 4.3 pi3 Cong\u00e9lateur - DUFM043A1WDD | Danby Canada","og_description":"Si vous \u00eates \u00e0 la recherche du cong\u00e9lateur id\u00e9al pour votre copropri\u00e9t\u00e9, appartement, roulotte, chalet, etc, cessez votre recherche imm\u00e9diatement, gr\u00e2ce \u00e0 ce superbe mod\u00e8le vertical Danby. Cet appareil compact \u00e0 encombrement r\u00e9duit dispose de 122 litres (4,3 pieds cubes) de surface d\u2019entreposage et de cong\u00e9lation. Ce mod\u00e8le efficace, pourvu de la prestigieuse homologation Energy Star n\u2019aura pas d\u2019impact sur vos d\u00e9penses d\u2019\u00e9lectricit\u00e9. L\u2019espace int\u00e9rieur est consid\u00e9rable et son organisation est simplifi\u00e9e, gr\u00e2ce \u00e0 trois balconnets et \u00e0 deux clayettes de surg\u00e9lation. Le syst\u00e8me pratique de d\u00e9givrage manuel et le thermostat m\u00e9canique d\u2019utilisation facile garantissent le fonctionnement continu de l\u2019appareil. La porte, munie d\u2019une poign\u00e9e int\u00e9gr\u00e9e, peut facilement et rapidement \u00eatre ajust\u00e9e afin de permettre une ouverture \u00e0 gauche ou \u00e0 droite. Ce cong\u00e9lateur est disponible en un beau fini blanc et classique et il est \u00e9quip\u00e9 d\u2019une surface de travail r\u00e9sistant aux rayures o\u00f9 il est possible d\u2019entreposer divers accessoires. Il est assorti d\u2019une garantie de 18 mois sur les pi\u00e8ces et la main-d\u2019\u0153uvre, incluant un service \u00e0 domicile rapide.","og_url":"https:\/\/www.danby.com\/fr\/products\/congelateurs\/dufm043a1wdd\/","og_site_name":"Danby - Canada - French","article_publisher":"https:\/\/www.facebook.com\/DanbyAppliances","article_modified_time":"2026-05-02T09:08:27+00:00","og_image":[{"width":300,"height":272,"url":"https:\/\/cdnweb.danby.com\/wp-content\/uploads\/sites\/2\/2022\/02\/08193921\/proMed-duf408w_angle.jpg","type":"image\/jpeg"}],"twitter_card":"summary_large_image","twitter_site":"@DanbyAppliance","schema":{"@context":"https:\/\/schema.org","@graph":[{"@type":["WebPage","ItemPage"],"url":"https:\/\/www.danby.com\/fr\/products\/congelateurs\/dufm043a1wdd\/","name":"Danby Designer 4.3 pi3 Cong\u00e9lateur - DUFM043A1WDD | Danby Canada","isPartOf":[],"primaryImageOfPage":[],"image":[],"thumbnailUrl":"https:\/\/cdnweb.danby.com\/wp-content\/uploads\/sites\/2\/2022\/02\/08193921\/proMed-duf408w_angle.jpg","datePublished":"2022-02-03T19:21:11+00:00","dateModified":"2026-05-02T09:08:27+00:00","description":"Si vous \u00eates \u00e0 la recherche du cong\u00e9lateur id\u00e9al pour votre copropri\u00e9t\u00e9, appartement, roulotte, chalet, etc, cessez votre recherche imm\u00e9diatement, gr\u00e2ce \u00e0 ce superbe mod\u00e8le vertical Danby. Cet appareil compact \u00e0 encombrement r\u00e9duit dispose de 122 litres (4,3 pieds cubes) de surface d\u2019entreposage et de cong\u00e9lation. Ce mod\u00e8le efficace, pourvu de la prestigieuse homologation Energy Star n\u2019aura pas d\u2019impact sur vos d\u00e9penses d\u2019\u00e9lectricit\u00e9. L\u2019espace int\u00e9rieur est consid\u00e9rable et son organisation est simplifi\u00e9e, gr\u00e2ce \u00e0 trois balconnets et \u00e0 deux clayettes de surg\u00e9lation. Le syst\u00e8me pratique de d\u00e9givrage manuel et le thermostat m\u00e9canique d\u2019utilisation facile garantissent le fonctionnement continu de l\u2019appareil. La porte, munie d\u2019une poign\u00e9e int\u00e9gr\u00e9e, peut facilement et rapidement \u00eatre ajust\u00e9e afin de permettre une ouverture \u00e0 gauche ou \u00e0 droite. Ce cong\u00e9lateur est disponible en un beau fini blanc et classique et il est \u00e9quip\u00e9 d\u2019une surface de travail r\u00e9sistant aux rayures o\u00f9 il est possible d\u2019entreposer divers accessoires. Il est assorti d\u2019une garantie de 18 mois sur les pi\u00e8ces et la main-d\u2019\u0153uvre, incluant un service \u00e0 domicile rapide.","breadcrumb":[],"inLanguage":"fr-CA","potentialAction":[{"@type":"ReadAction","target":["https:\/\/www.danby.com\/fr\/products\/congelateurs\/dufm043a1wdd\/"]}]},{"@type":"ImageObject","inLanguage":"fr-CA","url":"https:\/\/cdnweb.danby.com\/wp-content\/uploads\/sites\/2\/2022\/02\/08193921\/proMed-duf408w_angle.jpg","contentUrl":"https:\/\/cdnweb.danby.com\/wp-content\/uploads\/sites\/2\/2022\/02\/08193921\/proMed-duf408w_angle.jpg","width":300,"height":272},{"@type":"BreadcrumbList","itemListElement":[{"@type":"ListItem","position":1,"name":"Home","item":"https:\/\/www.danby.com\/fr\/"},{"@type":"ListItem","position":2,"name":"Boutique","item":"https:\/\/www.danby.com\/fr\/boutique\/"},{"@type":"ListItem","position":3,"name":"Danby Designer 4.3 pi3 Cong\u00e9lateur"}]},{"@type":"WebSite","url":"https:\/\/www.danby.com\/fr\/","name":"Danby - Canada - French","description":"Leader dans le domaine de la r\u00e9frig\u00e9ration et des appareils sp\u00e9cialis\u00e9s","publisher":[],"potentialAction":[{"@type":"SearchAction","target":{"@type":"EntryPoint","urlTemplate":"https:\/\/www.danby.com\/fr\/?s={search_term_string}"},"query-input":{"@type":"PropertyValueSpecification","valueRequired":true,"valueName":"search_term_string"}}],"inLanguage":"fr-CA"},{"@type":"Organization","name":"Danby Appliances","url":"https:\/\/www.danby.com\/fr\/","logo":{"@type":"ImageObject","inLanguage":"fr-CA","url":"https:\/\/cdnweb.danby.com\/wp-content\/uploads\/sites\/2\/2022\/02\/10141906\/Danby75Ans_Blue.png","contentUrl":"https:\/\/cdnweb.danby.com\/wp-content\/uploads\/sites\/2\/2022\/02\/10141906\/Danby75Ans_Blue.png","width":470,"height":110,"caption":"Danby Appliances"},"image":[],"sameAs":["https:\/\/www.facebook.com\/DanbyAppliances","https:\/\/x.com\/DanbyAppliance","https:\/\/instagram.com\/danbyappliances\/","https:\/\/www.linkedin.com\/company\/danbyappliances","https:\/\/www.pinterest.ca\/danbyappliances\/","https:\/\/www.youtube.com\/user\/DanbyProducts","https:\/\/en.wikipedia.org\/wiki\/Danby_(appliances)"]}]}},"post_mailing_queue_ids":[],"_links":{"self":[{"href":"https:\/\/www.danby.com\/fr\/wp-json\/wp\/v2\/product\/5223","targetHints":{"allow":["GET"]}}],"collection":[{"href":"https:\/\/www.danby.com\/fr\/wp-json\/wp\/v2\/product"}],"about":[{"href":"https:\/\/www.danby.com\/fr\/wp-json\/wp\/v2\/types\/product"}],"replies":[{"embeddable":true,"href":"https:\/\/www.danby.com\/fr\/wp-json\/wp\/v2\/comments?post=5223"}],"wp:featuredmedia":[{"embeddable":true,"href":"https:\/\/www.danby.com\/fr\/wp-json\/wp\/v2\/media\/7558"}],"wp:attachment":[{"href":"https:\/\/www.danby.com\/fr\/wp-json\/wp\/v2\/media?parent=5223"}],"wp:term":[{"taxonomy":"product_brand","embeddable":true,"href":"https:\/\/www.danby.com\/fr\/wp-json\/wp\/v2\/product_brand?post=5223"},{"taxonomy":"product_cat","embeddable":true,"href":"https:\/\/www.danby.com\/fr\/wp-json\/wp\/v2\/product_cat?post=5223"},{"taxonomy":"product_tag","embeddable":true,"href":"https:\/\/www.danby.com\/fr\/wp-json\/wp\/v2\/product_tag?post=5223"}],"curies":[{"name":"wp","href":"https:\/\/api.w.org\/{rel}","templated":true}]}}