{"id":5221,"date":"2022-02-03T19:21:11","date_gmt":"2022-02-03T19:21:11","guid":{"rendered":"https:\/\/www.danby.com\/fr\/product\/dufm032a3wdb\/"},"modified":"2026-04-11T10:04:54","modified_gmt":"2026-04-11T10:04:54","slug":"dufm032a3wdb","status":"publish","type":"product","link":"https:\/\/www.danby.com\/fr\/products\/congelateurs\/dufm032a3wdb\/","title":{"rendered":"Danby Cong\u00e9lateur Vertical de 3,2 pi3 en Blanc"},"content":{"rendered":"","protected":false},"excerpt":{"rendered":"<ul>\n<li>Pr\u00eat pour le garage : Le cong\u00e9lateur peut fonctionner \u00e0 des temp\u00e9ratures allant de 0\u00b0F \u00e0 110\u00b0F (-17\u00b0C \u00e0 43\u00b0C)<\/li>\n<li>R\u00e9frig\u00e9rant R600a<\/li>\n<li>Cong\u00e9lateur vertical d&#8217;une capacit\u00e9 de 90 L (3,2 pi3)<\/li>\n<li>D\u00e9givrage manuel<\/li>\n<li>2 \u00e9tag\u00e8res de cong\u00e9lation rapide<\/li>\n<li>Thermostat m\u00e9canique facile \u00e0 utiliser<\/li>\n<li>Poign\u00e9e de porte int\u00e9gr\u00e9e<\/li>\n<li>Charni\u00e8re de porte r\u00e9versible<\/li>\n<li>Maintient des temp\u00e9ratures de cong\u00e9lation optimales de -12\u00baC (10.4\u00baF) \u00e0 -24\u00baC (-11.2\u00baF)<\/li>\n<li>Carton robuste pour l&#8217;exp\u00e9dition en ligne<\/li>\n<\/ul>\n","protected":false},"featured_media":35119,"comment_status":"closed","ping_status":"open","template":"","meta":{"_acf_changed":false},"product_brand":[],"product_cat":[27],"product_tag":[],"class_list":{"0":"post-5221","1":"product","2":"type-product","3":"status-publish","4":"has-post-thumbnail","6":"product_cat-congelateurs","8":"first","9":"instock","10":"taxable","11":"shipping-taxable","12":"purchasable","13":"product-type-simple"},"acf":[],"yoast_head":"<!-- This site is optimized with the Yoast SEO plugin v26.7 - https:\/\/yoast.com\/wordpress\/plugins\/seo\/ -->\n<title>Danby Cong\u00e9lateur Vertical de 3,2 pi3 en Blanc - DUFM032A3WDB | Danby Canada<\/title>\n<meta name=\"description\" content=\"Si vous \u00eates \u00e0 la recherche du cong\u00e9lateur id\u00e9al pour votre condo, votre appartement, votre roulotte ou votre chalet, votre recherche peut s&#039;arr\u00eater ici avec ce superbe mod\u00e8le vertical de Danby. Cet appareil compact peut vous offrir 3,2 pieds cubes (91 litres) d&#039;espace de refroidissement et de rangement sans prendre trop de place. L&#039;espace int\u00e9rieur est abondant et l&#039;organisation est facilit\u00e9e par deux tablettes pratiques \u00e0 cong\u00e9lation rapide. Le cong\u00e9lateur fonctionne sans interruption gr\u00e2ce au syst\u00e8me pratique de d\u00e9givrage manuel et au thermostat m\u00e9canique facile \u00e0 utiliser. La porte, qui comporte une poign\u00e9e int\u00e9gr\u00e9e, peut \u00eatre r\u00e9gl\u00e9e rapidement et facilement pour \u00eatre ouverte par un droitier ou un gaucher. Ce mod\u00e8le est propos\u00e9 dans une \u00e9l\u00e9gante finition blanc frais et dispose d&#039;un plan de travail r\u00e9sistant aux rayures pour ranger les accessoires suppl\u00e9mentaires. Vous constaterez \u00e9galement que ce cong\u00e9lateur raffin\u00e9 b\u00e9n\u00e9ficie d&#039;une garantie de 5 ans sur les pi\u00e8ces et la main d&#039;\u0153uvre et d&#039;un service \u00e0 domicile rapide.\" \/>\n<meta name=\"robots\" content=\"index, follow, max-snippet:-1, max-image-preview:large, max-video-preview:-1\" \/>\n<link rel=\"canonical\" href=\"https:\/\/www.danby.com\/fr\/products\/congelateurs\/dufm032a3wdb\/\" \/>\n<meta property=\"og:locale\" content=\"fr_CA\" \/>\n<meta property=\"og:type\" content=\"article\" \/>\n<meta property=\"og:title\" content=\"Danby Cong\u00e9lateur Vertical de 3,2 pi3 en Blanc - DUFM032A3WDB | Danby Canada\" \/>\n<meta property=\"og:description\" content=\"Si vous \u00eates \u00e0 la recherche du cong\u00e9lateur id\u00e9al pour votre condo, votre appartement, votre roulotte ou votre chalet, votre recherche peut s&#039;arr\u00eater ici avec ce superbe mod\u00e8le vertical de Danby. Cet appareil compact peut vous offrir 3,2 pieds cubes (91 litres) d&#039;espace de refroidissement et de rangement sans prendre trop de place. L&#039;espace int\u00e9rieur est abondant et l&#039;organisation est facilit\u00e9e par deux tablettes pratiques \u00e0 cong\u00e9lation rapide. Le cong\u00e9lateur fonctionne sans interruption gr\u00e2ce au syst\u00e8me pratique de d\u00e9givrage manuel et au thermostat m\u00e9canique facile \u00e0 utiliser. La porte, qui comporte une poign\u00e9e int\u00e9gr\u00e9e, peut \u00eatre r\u00e9gl\u00e9e rapidement et facilement pour \u00eatre ouverte par un droitier ou un gaucher. Ce mod\u00e8le est propos\u00e9 dans une \u00e9l\u00e9gante finition blanc frais et dispose d&#039;un plan de travail r\u00e9sistant aux rayures pour ranger les accessoires suppl\u00e9mentaires. Vous constaterez \u00e9galement que ce cong\u00e9lateur raffin\u00e9 b\u00e9n\u00e9ficie d&#039;une garantie de 5 ans sur les pi\u00e8ces et la main d&#039;\u0153uvre et d&#039;un service \u00e0 domicile rapide.\" \/>\n<meta property=\"og:url\" content=\"https:\/\/www.danby.com\/fr\/products\/congelateurs\/dufm032a3wdb\/\" \/>\n<meta property=\"og:site_name\" content=\"Danby - Canada - French\" \/>\n<meta property=\"article:publisher\" content=\"https:\/\/www.facebook.com\/DanbyAppliances\" \/>\n<meta property=\"article:modified_time\" content=\"2026-04-11T10:04:54+00:00\" \/>\n<meta property=\"og:image\" content=\"https:\/\/cdnweb.danby.com\/wp-content\/uploads\/sites\/2\/2023\/11\/22144603\/Thumbnail__0027_DUFM032A3WDB.jpg\" \/>\n\t<meta property=\"og:image:width\" content=\"1125\" \/>\n\t<meta property=\"og:image:height\" content=\"1500\" \/>\n\t<meta property=\"og:image:type\" content=\"image\/jpeg\" \/>\n<meta name=\"twitter:card\" content=\"summary_large_image\" \/>\n<meta name=\"twitter:site\" content=\"@DanbyAppliance\" \/>\n<script type=\"application\/ld+json\" class=\"yoast-schema-graph\">{\"@context\":\"https:\/\/schema.org\",\"@graph\":[{\"@type\":[\"WebPage\",\"ItemPage\"],\"url\":\"https:\/\/www.danby.com\/fr\/products\/congelateurs\/dufm032a3wdb\/\",\"name\":\"Danby Cong\u00e9lateur Vertical de 3,2 pi3 en Blanc - DUFM032A3WDB | Danby Canada\",\"isPartOf\":[],\"primaryImageOfPage\":[],\"image\":[],\"thumbnailUrl\":\"https:\/\/www.danby.com\/fr\/wp-content\/uploads\/sites\/2\/2025\/09\/dufm032a3wdb_closed_front.jpg\",\"datePublished\":\"2022-02-03T19:21:11+00:00\",\"dateModified\":\"2026-04-11T10:04:54+00:00\",\"description\":\"Si vous \u00eates \u00e0 la recherche du cong\u00e9lateur id\u00e9al pour votre condo, votre appartement, votre roulotte ou votre chalet, votre recherche peut s'arr\u00eater ici avec ce superbe mod\u00e8le vertical de Danby. Cet appareil compact peut vous offrir 3,2 pieds cubes (91 litres) d'espace de refroidissement et de rangement sans prendre trop de place. L'espace int\u00e9rieur est abondant et l'organisation est facilit\u00e9e par deux tablettes pratiques \u00e0 cong\u00e9lation rapide. Le cong\u00e9lateur fonctionne sans interruption gr\u00e2ce au syst\u00e8me pratique de d\u00e9givrage manuel et au thermostat m\u00e9canique facile \u00e0 utiliser. La porte, qui comporte une poign\u00e9e int\u00e9gr\u00e9e, peut \u00eatre r\u00e9gl\u00e9e rapidement et facilement pour \u00eatre ouverte par un droitier ou un gaucher. Ce mod\u00e8le est propos\u00e9 dans une \u00e9l\u00e9gante finition blanc frais et dispose d'un plan de travail r\u00e9sistant aux rayures pour ranger les accessoires suppl\u00e9mentaires. Vous constaterez \u00e9galement que ce cong\u00e9lateur raffin\u00e9 b\u00e9n\u00e9ficie d'une garantie de 5 ans sur les pi\u00e8ces et la main d'\u0153uvre et d'un service \u00e0 domicile rapide.\",\"breadcrumb\":[],\"inLanguage\":\"fr-CA\",\"potentialAction\":[{\"@type\":\"ReadAction\",\"target\":[\"https:\/\/www.danby.com\/fr\/products\/congelateurs\/dufm032a3wdb\/\"]}]},{\"@type\":\"ImageObject\",\"inLanguage\":\"fr-CA\",\"url\":\"https:\/\/www.danby.com\/fr\/wp-content\/uploads\/sites\/2\/2025\/09\/dufm032a3wdb_closed_front.jpg\",\"contentUrl\":\"https:\/\/www.danby.com\/fr\/wp-content\/uploads\/sites\/2\/2025\/09\/dufm032a3wdb_closed_front.jpg\",\"width\":768,\"height\":1024},{\"@type\":\"BreadcrumbList\",\"itemListElement\":[{\"@type\":\"ListItem\",\"position\":1,\"name\":\"Home\",\"item\":\"https:\/\/www.danby.com\/fr\/\"},{\"@type\":\"ListItem\",\"position\":2,\"name\":\"Boutique\",\"item\":\"https:\/\/www.danby.com\/fr\/boutique\/\"},{\"@type\":\"ListItem\",\"position\":3,\"name\":\"Cong\u00e9lateur vertical Danby de 3,2 pi3 en Blanc\"}]},{\"@type\":\"WebSite\",\"url\":\"https:\/\/www.danby.com\/fr\/\",\"name\":\"Danby - Canada - French\",\"description\":\"Leader dans le domaine de la r\u00e9frig\u00e9ration et des appareils sp\u00e9cialis\u00e9s\",\"publisher\":[],\"potentialAction\":[{\"@type\":\"SearchAction\",\"target\":{\"@type\":\"EntryPoint\",\"urlTemplate\":\"https:\/\/www.danby.com\/fr\/?s={search_term_string}\"},\"query-input\":{\"@type\":\"PropertyValueSpecification\",\"valueRequired\":true,\"valueName\":\"search_term_string\"}}],\"inLanguage\":\"fr-CA\"},{\"@type\":\"Organization\",\"name\":\"Danby Appliances\",\"url\":\"https:\/\/www.danby.com\/fr\/\",\"logo\":{\"@type\":\"ImageObject\",\"inLanguage\":\"fr-CA\",\"url\":\"https:\/\/cdnweb.danby.com\/wp-content\/uploads\/sites\/2\/2022\/02\/10141906\/Danby75Ans_Blue.png\",\"contentUrl\":\"https:\/\/cdnweb.danby.com\/wp-content\/uploads\/sites\/2\/2022\/02\/10141906\/Danby75Ans_Blue.png\",\"width\":470,\"height\":110,\"caption\":\"Danby Appliances\"},\"image\":[],\"sameAs\":[\"https:\/\/www.facebook.com\/DanbyAppliances\",\"https:\/\/x.com\/DanbyAppliance\",\"https:\/\/instagram.com\/danbyappliances\/\",\"https:\/\/www.linkedin.com\/company\/danbyappliances\",\"https:\/\/www.pinterest.ca\/danbyappliances\/\",\"https:\/\/www.youtube.com\/user\/DanbyProducts\",\"https:\/\/en.wikipedia.org\/wiki\/Danby_(appliances)\"]}]}<\/script>\n<!-- \/ Yoast SEO plugin. -->","yoast_head_json":{"title":"Danby Cong\u00e9lateur Vertical de 3,2 pi3 en Blanc - DUFM032A3WDB | Danby Canada","description":"Si vous \u00eates \u00e0 la recherche du cong\u00e9lateur id\u00e9al pour votre condo, votre appartement, votre roulotte ou votre chalet, votre recherche peut s'arr\u00eater ici avec ce superbe mod\u00e8le vertical de Danby. Cet appareil compact peut vous offrir 3,2 pieds cubes (91 litres) d'espace de refroidissement et de rangement sans prendre trop de place. L'espace int\u00e9rieur est abondant et l'organisation est facilit\u00e9e par deux tablettes pratiques \u00e0 cong\u00e9lation rapide. Le cong\u00e9lateur fonctionne sans interruption gr\u00e2ce au syst\u00e8me pratique de d\u00e9givrage manuel et au thermostat m\u00e9canique facile \u00e0 utiliser. La porte, qui comporte une poign\u00e9e int\u00e9gr\u00e9e, peut \u00eatre r\u00e9gl\u00e9e rapidement et facilement pour \u00eatre ouverte par un droitier ou un gaucher. Ce mod\u00e8le est propos\u00e9 dans une \u00e9l\u00e9gante finition blanc frais et dispose d'un plan de travail r\u00e9sistant aux rayures pour ranger les accessoires suppl\u00e9mentaires. Vous constaterez \u00e9galement que ce cong\u00e9lateur raffin\u00e9 b\u00e9n\u00e9ficie d'une garantie de 5 ans sur les pi\u00e8ces et la main d'\u0153uvre et d'un service \u00e0 domicile rapide.","robots":{"index":"index","follow":"follow","max-snippet":"max-snippet:-1","max-image-preview":"max-image-preview:large","max-video-preview":"max-video-preview:-1"},"canonical":"https:\/\/www.danby.com\/fr\/products\/congelateurs\/dufm032a3wdb\/","og_locale":"fr_CA","og_type":"article","og_title":"Danby Cong\u00e9lateur Vertical de 3,2 pi3 en Blanc - DUFM032A3WDB | Danby Canada","og_description":"Si vous \u00eates \u00e0 la recherche du cong\u00e9lateur id\u00e9al pour votre condo, votre appartement, votre roulotte ou votre chalet, votre recherche peut s'arr\u00eater ici avec ce superbe mod\u00e8le vertical de Danby. Cet appareil compact peut vous offrir 3,2 pieds cubes (91 litres) d'espace de refroidissement et de rangement sans prendre trop de place. L'espace int\u00e9rieur est abondant et l'organisation est facilit\u00e9e par deux tablettes pratiques \u00e0 cong\u00e9lation rapide. Le cong\u00e9lateur fonctionne sans interruption gr\u00e2ce au syst\u00e8me pratique de d\u00e9givrage manuel et au thermostat m\u00e9canique facile \u00e0 utiliser. La porte, qui comporte une poign\u00e9e int\u00e9gr\u00e9e, peut \u00eatre r\u00e9gl\u00e9e rapidement et facilement pour \u00eatre ouverte par un droitier ou un gaucher. Ce mod\u00e8le est propos\u00e9 dans une \u00e9l\u00e9gante finition blanc frais et dispose d'un plan de travail r\u00e9sistant aux rayures pour ranger les accessoires suppl\u00e9mentaires. Vous constaterez \u00e9galement que ce cong\u00e9lateur raffin\u00e9 b\u00e9n\u00e9ficie d'une garantie de 5 ans sur les pi\u00e8ces et la main d'\u0153uvre et d'un service \u00e0 domicile rapide.","og_url":"https:\/\/www.danby.com\/fr\/products\/congelateurs\/dufm032a3wdb\/","og_site_name":"Danby - Canada - French","article_publisher":"https:\/\/www.facebook.com\/DanbyAppliances","article_modified_time":"2026-04-11T10:04:54+00:00","og_image":[{"width":1125,"height":1500,"url":"https:\/\/cdnweb.danby.com\/wp-content\/uploads\/sites\/2\/2023\/11\/22144603\/Thumbnail__0027_DUFM032A3WDB.jpg","type":"image\/jpeg"}],"twitter_card":"summary_large_image","twitter_site":"@DanbyAppliance","schema":{"@context":"https:\/\/schema.org","@graph":[{"@type":["WebPage","ItemPage"],"url":"https:\/\/www.danby.com\/fr\/products\/congelateurs\/dufm032a3wdb\/","name":"Danby Cong\u00e9lateur Vertical de 3,2 pi3 en Blanc - DUFM032A3WDB | Danby Canada","isPartOf":[],"primaryImageOfPage":[],"image":[],"thumbnailUrl":"https:\/\/www.danby.com\/fr\/wp-content\/uploads\/sites\/2\/2025\/09\/dufm032a3wdb_closed_front.jpg","datePublished":"2022-02-03T19:21:11+00:00","dateModified":"2026-04-11T10:04:54+00:00","description":"Si vous \u00eates \u00e0 la recherche du cong\u00e9lateur id\u00e9al pour votre condo, votre appartement, votre roulotte ou votre chalet, votre recherche peut s'arr\u00eater ici avec ce superbe mod\u00e8le vertical de Danby. Cet appareil compact peut vous offrir 3,2 pieds cubes (91 litres) d'espace de refroidissement et de rangement sans prendre trop de place. L'espace int\u00e9rieur est abondant et l'organisation est facilit\u00e9e par deux tablettes pratiques \u00e0 cong\u00e9lation rapide. Le cong\u00e9lateur fonctionne sans interruption gr\u00e2ce au syst\u00e8me pratique de d\u00e9givrage manuel et au thermostat m\u00e9canique facile \u00e0 utiliser. La porte, qui comporte une poign\u00e9e int\u00e9gr\u00e9e, peut \u00eatre r\u00e9gl\u00e9e rapidement et facilement pour \u00eatre ouverte par un droitier ou un gaucher. Ce mod\u00e8le est propos\u00e9 dans une \u00e9l\u00e9gante finition blanc frais et dispose d'un plan de travail r\u00e9sistant aux rayures pour ranger les accessoires suppl\u00e9mentaires. Vous constaterez \u00e9galement que ce cong\u00e9lateur raffin\u00e9 b\u00e9n\u00e9ficie d'une garantie de 5 ans sur les pi\u00e8ces et la main d'\u0153uvre et d'un service \u00e0 domicile rapide.","breadcrumb":[],"inLanguage":"fr-CA","potentialAction":[{"@type":"ReadAction","target":["https:\/\/www.danby.com\/fr\/products\/congelateurs\/dufm032a3wdb\/"]}]},{"@type":"ImageObject","inLanguage":"fr-CA","url":"https:\/\/www.danby.com\/fr\/wp-content\/uploads\/sites\/2\/2025\/09\/dufm032a3wdb_closed_front.jpg","contentUrl":"https:\/\/www.danby.com\/fr\/wp-content\/uploads\/sites\/2\/2025\/09\/dufm032a3wdb_closed_front.jpg","width":768,"height":1024},{"@type":"BreadcrumbList","itemListElement":[{"@type":"ListItem","position":1,"name":"Home","item":"https:\/\/www.danby.com\/fr\/"},{"@type":"ListItem","position":2,"name":"Boutique","item":"https:\/\/www.danby.com\/fr\/boutique\/"},{"@type":"ListItem","position":3,"name":"Cong\u00e9lateur vertical Danby de 3,2 pi3 en Blanc"}]},{"@type":"WebSite","url":"https:\/\/www.danby.com\/fr\/","name":"Danby - Canada - French","description":"Leader dans le domaine de la r\u00e9frig\u00e9ration et des appareils sp\u00e9cialis\u00e9s","publisher":[],"potentialAction":[{"@type":"SearchAction","target":{"@type":"EntryPoint","urlTemplate":"https:\/\/www.danby.com\/fr\/?s={search_term_string}"},"query-input":{"@type":"PropertyValueSpecification","valueRequired":true,"valueName":"search_term_string"}}],"inLanguage":"fr-CA"},{"@type":"Organization","name":"Danby Appliances","url":"https:\/\/www.danby.com\/fr\/","logo":{"@type":"ImageObject","inLanguage":"fr-CA","url":"https:\/\/cdnweb.danby.com\/wp-content\/uploads\/sites\/2\/2022\/02\/10141906\/Danby75Ans_Blue.png","contentUrl":"https:\/\/cdnweb.danby.com\/wp-content\/uploads\/sites\/2\/2022\/02\/10141906\/Danby75Ans_Blue.png","width":470,"height":110,"caption":"Danby Appliances"},"image":[],"sameAs":["https:\/\/www.facebook.com\/DanbyAppliances","https:\/\/x.com\/DanbyAppliance","https:\/\/instagram.com\/danbyappliances\/","https:\/\/www.linkedin.com\/company\/danbyappliances","https:\/\/www.pinterest.ca\/danbyappliances\/","https:\/\/www.youtube.com\/user\/DanbyProducts","https:\/\/en.wikipedia.org\/wiki\/Danby_(appliances)"]}]}},"post_mailing_queue_ids":[],"_links":{"self":[{"href":"https:\/\/www.danby.com\/fr\/wp-json\/wp\/v2\/product\/5221","targetHints":{"allow":["GET"]}}],"collection":[{"href":"https:\/\/www.danby.com\/fr\/wp-json\/wp\/v2\/product"}],"about":[{"href":"https:\/\/www.danby.com\/fr\/wp-json\/wp\/v2\/types\/product"}],"replies":[{"embeddable":true,"href":"https:\/\/www.danby.com\/fr\/wp-json\/wp\/v2\/comments?post=5221"}],"wp:featuredmedia":[{"embeddable":true,"href":"https:\/\/www.danby.com\/fr\/wp-json\/wp\/v2\/media\/35119"}],"wp:attachment":[{"href":"https:\/\/www.danby.com\/fr\/wp-json\/wp\/v2\/media?parent=5221"}],"wp:term":[{"taxonomy":"product_brand","embeddable":true,"href":"https:\/\/www.danby.com\/fr\/wp-json\/wp\/v2\/product_brand?post=5221"},{"taxonomy":"product_cat","embeddable":true,"href":"https:\/\/www.danby.com\/fr\/wp-json\/wp\/v2\/product_cat?post=5221"},{"taxonomy":"product_tag","embeddable":true,"href":"https:\/\/www.danby.com\/fr\/wp-json\/wp\/v2\/product_tag?post=5221"}],"curies":[{"name":"wp","href":"https:\/\/api.w.org\/{rel}","templated":true}]}}