{"id":5216,"date":"2022-02-03T19:21:11","date_gmt":"2022-02-03T19:21:11","guid":{"rendered":"https:\/\/www.danby.com\/fr\/product\/duf570wdd\/"},"modified":"2026-04-23T09:08:59","modified_gmt":"2026-04-23T09:08:59","slug":"duf570wdd","status":"publish","type":"product","link":"https:\/\/www.danby.com\/fr\/products\/congelateurs\/duf570wdd\/","title":{"rendered":"Danby Designer 20.1  Cong\u00e9lateur"},"content":{"rendered":"","protected":false},"excerpt":{"rendered":"<ul>\n<li>Cat\u00e9gorie Energy Star\u00ae<\/li>\n<li>Cong\u00e9lateur vertical d&#8217;une capacit\u00e9 de 569 litres (20 pi3)<\/li>\n<li>Fonctionnement sans givre<\/li>\n<li>Thermostat m\u00e9canique<\/li>\n<li>Lumi\u00e8re int\u00e9rieure<\/li>\n<li>4 tablettes en fil amovibles<\/li>\n<li>6 tablettes de porte<\/li>\n<li>Charni\u00e8re de porte r\u00e9versible pour une ouverture \u00e0 gauche ou \u00e0 droite<\/li>\n<\/ul>\n","protected":false},"featured_media":5800,"comment_status":"closed","ping_status":"open","template":"","meta":{"_acf_changed":false},"product_brand":[],"product_cat":[27],"product_tag":[],"class_list":{"0":"post-5216","1":"product","2":"type-product","3":"status-publish","4":"has-post-thumbnail","6":"product_cat-congelateurs","8":"first","9":"outofstock","10":"taxable","11":"shipping-taxable","12":"product-type-simple"},"acf":[],"yoast_head":"<!-- This site is optimized with the Yoast SEO plugin v27.4 - https:\/\/yoast.com\/product\/yoast-seo-wordpress\/ -->\n<title>Danby Designer 20.1 Cong\u00e9lateur - DUF570WDD | Danby Canada<\/title>\n<meta name=\"description\" content=\"En mati\u00e8re d\u2019espace d\u2019entreposage pour les aliments congel\u00e9s pr\u00e9f\u00e9r\u00e9s de votre famille, le format peut \u00eatre un \u00e9l\u00e9ment incontournable. Voil\u00e0 pourquoi ce cong\u00e9lateur armoire DUF570WDD de Danby convient parfaitement aux familles comptant plusieurs bouches \u00e0 nourrir. Ce mod\u00e8le grande capacit\u00e9 comporte une zone int\u00e9rieure spacieuse de cong\u00e9lation de 569 litres (20 pieds cubes) et un syst\u00e8me d\u2019op\u00e9ration sans givre pratique d\u2019entretien facile. Cet appareil, homologu\u00e9 Energy Star, est con\u00e7u pour limiter sa consommation en \u00e9lectricit\u00e9 et contribuera \u00e0 r\u00e9duire vos factures d\u2019\u00e9nergie. Cet appareil \u00e9l\u00e9gant fonctionne gr\u00e2ce \u00e0 un thermostat m\u00e9canique de pointe et comprend quatre clayettes amovibles robustes et durables, ainsi que six spacieux balconnets. Le syst\u00e8me d\u2019\u00e9clairage int\u00e9rieur brillant vous permet de localiser facilement vos aliments pr\u00e9f\u00e9r\u00e9s et l\u2019ing\u00e9nieuse charni\u00e8re de porte r\u00e9versible, fait en sorte que la porte puisse \u00eatre ajust\u00e9e pour ouvrir \u00e0 gauche ou \u00e0 droite. Ce mod\u00e8le attrayant et fiable comprend aussi une garantie conviviale de 18 mois sur les pi\u00e8ces et la main-d\u2019\u0153uvre, incluant le service \u00e0 domicile.\" \/>\n<meta name=\"robots\" content=\"index, follow, max-snippet:-1, max-image-preview:large, max-video-preview:-1\" \/>\n<link rel=\"canonical\" href=\"https:\/\/www.danby.com\/fr\/products\/congelateurs\/duf570wdd\/\" \/>\n<meta property=\"og:locale\" content=\"fr_CA\" \/>\n<meta property=\"og:type\" content=\"article\" \/>\n<meta property=\"og:title\" content=\"Danby Designer 20.1 Cong\u00e9lateur - DUF570WDD | Danby Canada\" \/>\n<meta property=\"og:description\" content=\"En mati\u00e8re d\u2019espace d\u2019entreposage pour les aliments congel\u00e9s pr\u00e9f\u00e9r\u00e9s de votre famille, le format peut \u00eatre un \u00e9l\u00e9ment incontournable. Voil\u00e0 pourquoi ce cong\u00e9lateur armoire DUF570WDD de Danby convient parfaitement aux familles comptant plusieurs bouches \u00e0 nourrir. Ce mod\u00e8le grande capacit\u00e9 comporte une zone int\u00e9rieure spacieuse de cong\u00e9lation de 569 litres (20 pieds cubes) et un syst\u00e8me d\u2019op\u00e9ration sans givre pratique d\u2019entretien facile. Cet appareil, homologu\u00e9 Energy Star, est con\u00e7u pour limiter sa consommation en \u00e9lectricit\u00e9 et contribuera \u00e0 r\u00e9duire vos factures d\u2019\u00e9nergie. Cet appareil \u00e9l\u00e9gant fonctionne gr\u00e2ce \u00e0 un thermostat m\u00e9canique de pointe et comprend quatre clayettes amovibles robustes et durables, ainsi que six spacieux balconnets. Le syst\u00e8me d\u2019\u00e9clairage int\u00e9rieur brillant vous permet de localiser facilement vos aliments pr\u00e9f\u00e9r\u00e9s et l\u2019ing\u00e9nieuse charni\u00e8re de porte r\u00e9versible, fait en sorte que la porte puisse \u00eatre ajust\u00e9e pour ouvrir \u00e0 gauche ou \u00e0 droite. Ce mod\u00e8le attrayant et fiable comprend aussi une garantie conviviale de 18 mois sur les pi\u00e8ces et la main-d\u2019\u0153uvre, incluant le service \u00e0 domicile.\" \/>\n<meta property=\"og:url\" content=\"https:\/\/www.danby.com\/fr\/products\/congelateurs\/duf570wdd\/\" \/>\n<meta property=\"og:site_name\" content=\"Danby - Canada - French\" \/>\n<meta property=\"article:publisher\" content=\"https:\/\/www.facebook.com\/DanbyAppliances\" \/>\n<meta property=\"article:modified_time\" content=\"2026-04-23T09:08:59+00:00\" \/>\n<meta property=\"og:image\" content=\"https:\/\/cdnweb.danby.com\/wp-content\/uploads\/sites\/2\/2022\/02\/08182048\/proMed-duff448wdd_cl2.jpg\" \/>\n\t<meta property=\"og:image:width\" content=\"300\" \/>\n\t<meta property=\"og:image:height\" content=\"272\" \/>\n\t<meta property=\"og:image:type\" content=\"image\/jpeg\" \/>\n<meta name=\"twitter:card\" content=\"summary_large_image\" \/>\n<meta name=\"twitter:site\" content=\"@DanbyAppliance\" \/>\n<script type=\"application\/ld+json\" class=\"yoast-schema-graph\">{\"@context\":\"https:\\\/\\\/schema.org\",\"@graph\":[{\"@type\":[\"WebPage\",\"ItemPage\"],\"url\":\"https:\\\/\\\/www.danby.com\\\/fr\\\/products\\\/congelateurs\\\/duf570wdd\\\/\",\"name\":\"Danby Designer 20.1 Cong\u00e9lateur - DUF570WDD | Danby Canada\",\"isPartOf\":[],\"primaryImageOfPage\":[],\"image\":[],\"thumbnailUrl\":\"https:\\\/\\\/cdnweb.danby.com\\\/wp-content\\\/uploads\\\/sites\\\/2\\\/2022\\\/02\\\/08182048\\\/proMed-duff448wdd_cl2.jpg\",\"datePublished\":\"2022-02-03T19:21:11+00:00\",\"dateModified\":\"2026-04-23T09:08:59+00:00\",\"description\":\"En mati\u00e8re d\u2019espace d\u2019entreposage pour les aliments congel\u00e9s pr\u00e9f\u00e9r\u00e9s de votre famille, le format peut \u00eatre un \u00e9l\u00e9ment incontournable. Voil\u00e0 pourquoi ce cong\u00e9lateur armoire DUF570WDD de Danby convient parfaitement aux familles comptant plusieurs bouches \u00e0 nourrir. Ce mod\u00e8le grande capacit\u00e9 comporte une zone int\u00e9rieure spacieuse de cong\u00e9lation de 569 litres (20 pieds cubes) et un syst\u00e8me d\u2019op\u00e9ration sans givre pratique d\u2019entretien facile. Cet appareil, homologu\u00e9 Energy Star, est con\u00e7u pour limiter sa consommation en \u00e9lectricit\u00e9 et contribuera \u00e0 r\u00e9duire vos factures d\u2019\u00e9nergie. Cet appareil \u00e9l\u00e9gant fonctionne gr\u00e2ce \u00e0 un thermostat m\u00e9canique de pointe et comprend quatre clayettes amovibles robustes et durables, ainsi que six spacieux balconnets. Le syst\u00e8me d\u2019\u00e9clairage int\u00e9rieur brillant vous permet de localiser facilement vos aliments pr\u00e9f\u00e9r\u00e9s et l\u2019ing\u00e9nieuse charni\u00e8re de porte r\u00e9versible, fait en sorte que la porte puisse \u00eatre ajust\u00e9e pour ouvrir \u00e0 gauche ou \u00e0 droite. Ce mod\u00e8le attrayant et fiable comprend aussi une garantie conviviale de 18 mois sur les pi\u00e8ces et la main-d\u2019\u0153uvre, incluant le service \u00e0 domicile.\",\"breadcrumb\":[],\"inLanguage\":\"fr-CA\",\"potentialAction\":[{\"@type\":\"ReadAction\",\"target\":[\"https:\\\/\\\/www.danby.com\\\/fr\\\/products\\\/congelateurs\\\/duf570wdd\\\/\"]}]},{\"@type\":\"ImageObject\",\"inLanguage\":\"fr-CA\",\"url\":\"https:\\\/\\\/cdnweb.danby.com\\\/wp-content\\\/uploads\\\/sites\\\/2\\\/2022\\\/02\\\/08182048\\\/proMed-duff448wdd_cl2.jpg\",\"contentUrl\":\"https:\\\/\\\/cdnweb.danby.com\\\/wp-content\\\/uploads\\\/sites\\\/2\\\/2022\\\/02\\\/08182048\\\/proMed-duff448wdd_cl2.jpg\",\"width\":300,\"height\":272},{\"@type\":\"BreadcrumbList\",\"itemListElement\":[{\"@type\":\"ListItem\",\"position\":1,\"name\":\"Home\",\"item\":\"https:\\\/\\\/www.danby.com\\\/fr\\\/\"},{\"@type\":\"ListItem\",\"position\":2,\"name\":\"Boutique\",\"item\":\"https:\\\/\\\/www.danby.com\\\/fr\\\/boutique\\\/\"},{\"@type\":\"ListItem\",\"position\":3,\"name\":\"Danby Designer 20.1 Cong\u00e9lateur\"}]},{\"@type\":\"WebSite\",\"url\":\"https:\\\/\\\/www.danby.com\\\/fr\\\/\",\"name\":\"Danby - Canada - French\",\"description\":\"Leader dans le domaine de la r\u00e9frig\u00e9ration et des appareils sp\u00e9cialis\u00e9s\",\"publisher\":[],\"potentialAction\":[{\"@type\":\"SearchAction\",\"target\":{\"@type\":\"EntryPoint\",\"urlTemplate\":\"https:\\\/\\\/www.danby.com\\\/fr\\\/?s={search_term_string}\"},\"query-input\":{\"@type\":\"PropertyValueSpecification\",\"valueRequired\":true,\"valueName\":\"search_term_string\"}}],\"inLanguage\":\"fr-CA\"},{\"@type\":\"Organization\",\"name\":\"Danby Appliances\",\"url\":\"https:\\\/\\\/www.danby.com\\\/fr\\\/\",\"logo\":{\"@type\":\"ImageObject\",\"inLanguage\":\"fr-CA\",\"url\":\"https:\\\/\\\/cdnweb.danby.com\\\/wp-content\\\/uploads\\\/sites\\\/2\\\/2022\\\/02\\\/10141906\\\/Danby75Ans_Blue.png\",\"contentUrl\":\"https:\\\/\\\/cdnweb.danby.com\\\/wp-content\\\/uploads\\\/sites\\\/2\\\/2022\\\/02\\\/10141906\\\/Danby75Ans_Blue.png\",\"width\":470,\"height\":110,\"caption\":\"Danby Appliances\"},\"image\":[],\"sameAs\":[\"https:\\\/\\\/www.facebook.com\\\/DanbyAppliances\",\"https:\\\/\\\/x.com\\\/DanbyAppliance\",\"https:\\\/\\\/instagram.com\\\/danbyappliances\\\/\",\"https:\\\/\\\/www.linkedin.com\\\/company\\\/danbyappliances\",\"https:\\\/\\\/www.pinterest.ca\\\/danbyappliances\\\/\",\"https:\\\/\\\/www.youtube.com\\\/user\\\/DanbyProducts\",\"https:\\\/\\\/en.wikipedia.org\\\/wiki\\\/Danby_(appliances)\"]}]}<\/script>\n<!-- \/ Yoast SEO plugin. -->","yoast_head_json":{"title":"Danby Designer 20.1 Cong\u00e9lateur - DUF570WDD | Danby Canada","description":"En mati\u00e8re d\u2019espace d\u2019entreposage pour les aliments congel\u00e9s pr\u00e9f\u00e9r\u00e9s de votre famille, le format peut \u00eatre un \u00e9l\u00e9ment incontournable. Voil\u00e0 pourquoi ce cong\u00e9lateur armoire DUF570WDD de Danby convient parfaitement aux familles comptant plusieurs bouches \u00e0 nourrir. Ce mod\u00e8le grande capacit\u00e9 comporte une zone int\u00e9rieure spacieuse de cong\u00e9lation de 569 litres (20 pieds cubes) et un syst\u00e8me d\u2019op\u00e9ration sans givre pratique d\u2019entretien facile. Cet appareil, homologu\u00e9 Energy Star, est con\u00e7u pour limiter sa consommation en \u00e9lectricit\u00e9 et contribuera \u00e0 r\u00e9duire vos factures d\u2019\u00e9nergie. Cet appareil \u00e9l\u00e9gant fonctionne gr\u00e2ce \u00e0 un thermostat m\u00e9canique de pointe et comprend quatre clayettes amovibles robustes et durables, ainsi que six spacieux balconnets. Le syst\u00e8me d\u2019\u00e9clairage int\u00e9rieur brillant vous permet de localiser facilement vos aliments pr\u00e9f\u00e9r\u00e9s et l\u2019ing\u00e9nieuse charni\u00e8re de porte r\u00e9versible, fait en sorte que la porte puisse \u00eatre ajust\u00e9e pour ouvrir \u00e0 gauche ou \u00e0 droite. Ce mod\u00e8le attrayant et fiable comprend aussi une garantie conviviale de 18 mois sur les pi\u00e8ces et la main-d\u2019\u0153uvre, incluant le service \u00e0 domicile.","robots":{"index":"index","follow":"follow","max-snippet":"max-snippet:-1","max-image-preview":"max-image-preview:large","max-video-preview":"max-video-preview:-1"},"canonical":"https:\/\/www.danby.com\/fr\/products\/congelateurs\/duf570wdd\/","og_locale":"fr_CA","og_type":"article","og_title":"Danby Designer 20.1 Cong\u00e9lateur - DUF570WDD | Danby Canada","og_description":"En mati\u00e8re d\u2019espace d\u2019entreposage pour les aliments congel\u00e9s pr\u00e9f\u00e9r\u00e9s de votre famille, le format peut \u00eatre un \u00e9l\u00e9ment incontournable. Voil\u00e0 pourquoi ce cong\u00e9lateur armoire DUF570WDD de Danby convient parfaitement aux familles comptant plusieurs bouches \u00e0 nourrir. Ce mod\u00e8le grande capacit\u00e9 comporte une zone int\u00e9rieure spacieuse de cong\u00e9lation de 569 litres (20 pieds cubes) et un syst\u00e8me d\u2019op\u00e9ration sans givre pratique d\u2019entretien facile. Cet appareil, homologu\u00e9 Energy Star, est con\u00e7u pour limiter sa consommation en \u00e9lectricit\u00e9 et contribuera \u00e0 r\u00e9duire vos factures d\u2019\u00e9nergie. Cet appareil \u00e9l\u00e9gant fonctionne gr\u00e2ce \u00e0 un thermostat m\u00e9canique de pointe et comprend quatre clayettes amovibles robustes et durables, ainsi que six spacieux balconnets. Le syst\u00e8me d\u2019\u00e9clairage int\u00e9rieur brillant vous permet de localiser facilement vos aliments pr\u00e9f\u00e9r\u00e9s et l\u2019ing\u00e9nieuse charni\u00e8re de porte r\u00e9versible, fait en sorte que la porte puisse \u00eatre ajust\u00e9e pour ouvrir \u00e0 gauche ou \u00e0 droite. Ce mod\u00e8le attrayant et fiable comprend aussi une garantie conviviale de 18 mois sur les pi\u00e8ces et la main-d\u2019\u0153uvre, incluant le service \u00e0 domicile.","og_url":"https:\/\/www.danby.com\/fr\/products\/congelateurs\/duf570wdd\/","og_site_name":"Danby - Canada - French","article_publisher":"https:\/\/www.facebook.com\/DanbyAppliances","article_modified_time":"2026-04-23T09:08:59+00:00","og_image":[{"width":300,"height":272,"url":"https:\/\/cdnweb.danby.com\/wp-content\/uploads\/sites\/2\/2022\/02\/08182048\/proMed-duff448wdd_cl2.jpg","type":"image\/jpeg"}],"twitter_card":"summary_large_image","twitter_site":"@DanbyAppliance","schema":{"@context":"https:\/\/schema.org","@graph":[{"@type":["WebPage","ItemPage"],"url":"https:\/\/www.danby.com\/fr\/products\/congelateurs\/duf570wdd\/","name":"Danby Designer 20.1 Cong\u00e9lateur - DUF570WDD | Danby Canada","isPartOf":[],"primaryImageOfPage":[],"image":[],"thumbnailUrl":"https:\/\/cdnweb.danby.com\/wp-content\/uploads\/sites\/2\/2022\/02\/08182048\/proMed-duff448wdd_cl2.jpg","datePublished":"2022-02-03T19:21:11+00:00","dateModified":"2026-04-23T09:08:59+00:00","description":"En mati\u00e8re d\u2019espace d\u2019entreposage pour les aliments congel\u00e9s pr\u00e9f\u00e9r\u00e9s de votre famille, le format peut \u00eatre un \u00e9l\u00e9ment incontournable. Voil\u00e0 pourquoi ce cong\u00e9lateur armoire DUF570WDD de Danby convient parfaitement aux familles comptant plusieurs bouches \u00e0 nourrir. Ce mod\u00e8le grande capacit\u00e9 comporte une zone int\u00e9rieure spacieuse de cong\u00e9lation de 569 litres (20 pieds cubes) et un syst\u00e8me d\u2019op\u00e9ration sans givre pratique d\u2019entretien facile. Cet appareil, homologu\u00e9 Energy Star, est con\u00e7u pour limiter sa consommation en \u00e9lectricit\u00e9 et contribuera \u00e0 r\u00e9duire vos factures d\u2019\u00e9nergie. Cet appareil \u00e9l\u00e9gant fonctionne gr\u00e2ce \u00e0 un thermostat m\u00e9canique de pointe et comprend quatre clayettes amovibles robustes et durables, ainsi que six spacieux balconnets. Le syst\u00e8me d\u2019\u00e9clairage int\u00e9rieur brillant vous permet de localiser facilement vos aliments pr\u00e9f\u00e9r\u00e9s et l\u2019ing\u00e9nieuse charni\u00e8re de porte r\u00e9versible, fait en sorte que la porte puisse \u00eatre ajust\u00e9e pour ouvrir \u00e0 gauche ou \u00e0 droite. Ce mod\u00e8le attrayant et fiable comprend aussi une garantie conviviale de 18 mois sur les pi\u00e8ces et la main-d\u2019\u0153uvre, incluant le service \u00e0 domicile.","breadcrumb":[],"inLanguage":"fr-CA","potentialAction":[{"@type":"ReadAction","target":["https:\/\/www.danby.com\/fr\/products\/congelateurs\/duf570wdd\/"]}]},{"@type":"ImageObject","inLanguage":"fr-CA","url":"https:\/\/cdnweb.danby.com\/wp-content\/uploads\/sites\/2\/2022\/02\/08182048\/proMed-duff448wdd_cl2.jpg","contentUrl":"https:\/\/cdnweb.danby.com\/wp-content\/uploads\/sites\/2\/2022\/02\/08182048\/proMed-duff448wdd_cl2.jpg","width":300,"height":272},{"@type":"BreadcrumbList","itemListElement":[{"@type":"ListItem","position":1,"name":"Home","item":"https:\/\/www.danby.com\/fr\/"},{"@type":"ListItem","position":2,"name":"Boutique","item":"https:\/\/www.danby.com\/fr\/boutique\/"},{"@type":"ListItem","position":3,"name":"Danby Designer 20.1 Cong\u00e9lateur"}]},{"@type":"WebSite","url":"https:\/\/www.danby.com\/fr\/","name":"Danby - Canada - French","description":"Leader dans le domaine de la r\u00e9frig\u00e9ration et des appareils sp\u00e9cialis\u00e9s","publisher":[],"potentialAction":[{"@type":"SearchAction","target":{"@type":"EntryPoint","urlTemplate":"https:\/\/www.danby.com\/fr\/?s={search_term_string}"},"query-input":{"@type":"PropertyValueSpecification","valueRequired":true,"valueName":"search_term_string"}}],"inLanguage":"fr-CA"},{"@type":"Organization","name":"Danby Appliances","url":"https:\/\/www.danby.com\/fr\/","logo":{"@type":"ImageObject","inLanguage":"fr-CA","url":"https:\/\/cdnweb.danby.com\/wp-content\/uploads\/sites\/2\/2022\/02\/10141906\/Danby75Ans_Blue.png","contentUrl":"https:\/\/cdnweb.danby.com\/wp-content\/uploads\/sites\/2\/2022\/02\/10141906\/Danby75Ans_Blue.png","width":470,"height":110,"caption":"Danby Appliances"},"image":[],"sameAs":["https:\/\/www.facebook.com\/DanbyAppliances","https:\/\/x.com\/DanbyAppliance","https:\/\/instagram.com\/danbyappliances\/","https:\/\/www.linkedin.com\/company\/danbyappliances","https:\/\/www.pinterest.ca\/danbyappliances\/","https:\/\/www.youtube.com\/user\/DanbyProducts","https:\/\/en.wikipedia.org\/wiki\/Danby_(appliances)"]}]}},"post_mailing_queue_ids":[],"_links":{"self":[{"href":"https:\/\/www.danby.com\/fr\/wp-json\/wp\/v2\/product\/5216","targetHints":{"allow":["GET"]}}],"collection":[{"href":"https:\/\/www.danby.com\/fr\/wp-json\/wp\/v2\/product"}],"about":[{"href":"https:\/\/www.danby.com\/fr\/wp-json\/wp\/v2\/types\/product"}],"replies":[{"embeddable":true,"href":"https:\/\/www.danby.com\/fr\/wp-json\/wp\/v2\/comments?post=5216"}],"wp:featuredmedia":[{"embeddable":true,"href":"https:\/\/www.danby.com\/fr\/wp-json\/wp\/v2\/media\/5800"}],"wp:attachment":[{"href":"https:\/\/www.danby.com\/fr\/wp-json\/wp\/v2\/media?parent=5216"}],"wp:term":[{"taxonomy":"product_brand","embeddable":true,"href":"https:\/\/www.danby.com\/fr\/wp-json\/wp\/v2\/product_brand?post=5216"},{"taxonomy":"product_cat","embeddable":true,"href":"https:\/\/www.danby.com\/fr\/wp-json\/wp\/v2\/product_cat?post=5216"},{"taxonomy":"product_tag","embeddable":true,"href":"https:\/\/www.danby.com\/fr\/wp-json\/wp\/v2\/product_tag?post=5216"}],"curies":[{"name":"wp","href":"https:\/\/api.w.org\/{rel}","templated":true}]}}