{"id":5214,"date":"2022-02-03T19:21:11","date_gmt":"2022-02-03T19:21:11","guid":{"rendered":"https:\/\/www.danby.com\/fr\/product\/duf206e1wdd\/"},"modified":"2026-04-11T10:04:48","modified_gmt":"2026-04-11T10:04:48","slug":"duf206e1wdd","status":"publish","type":"product","link":"https:\/\/www.danby.com\/fr\/products\/congelateurs\/duf206e1wdd\/","title":{"rendered":"Danby 21 cu. ft. Cong\u00e9lateur"},"content":{"rendered":"","protected":false},"excerpt":{"rendered":"<ul>\n<li>Appareil de format familial, convertible en r\u00e9frig\u00e9rateur int\u00e9gral ou en cong\u00e9lateur int\u00e9gral, d\u2019une capacit\u00e9 de 594 litres (21,0 pi3), offrant une vaste surface d\u2019entreposage alimentaire <\/li>\n<li>Homologu\u00e9 Energy Star\u00ae. Vous aide \u00e0 \u00e9conomiser sur les factures d&#8217;\u00e9lectricit\u00e9<\/li>\n<li>Pratique conception sans givre pr\u00e9vient les accumulations de glace \u00e0 l\u2019int\u00e9rieur et en facilite l\u2019entretien<\/li>\n<li>Thermostat num\u00e9rique intuitif install\u00e9 sur la porte facilement accessible et r\u00e9glable<\/li>\n<li>Fonction de gel rapide\/refroidissement rapide &#8211; apr\u00e8s avoir rempli l&#8217;appareil de produits frais, utilisez la fonction de gel rapide\/refroidissement rapide afin de r\u00e9duire rapidement la temp\u00e9rature int\u00e9rieure<\/li>\n<li>\u00c9vitez la d\u00e9t\u00e9rioration des aliments gr\u00e2ce \u00e0 l\u2019avertisseur de porte entrouverte et \u00e0 l\u2019avertisseur de temp\u00e9rature \u00e9lev\u00e9e <\/li>\n<li>Tablettes en verre r\u00e9glables pour articles volumineux<\/li>\n<li>Balconnets pratiques permettant de ranger les articles plus petits et plus fr\u00e9quemment utilis\u00e9s<\/li>\n<li>Syst\u00e8me d\u2019\u00e9clairage int\u00e9rieur \u00e0 DEL <\/li>\n<\/ul>\n","protected":false},"featured_media":9010,"comment_status":"closed","ping_status":"open","template":"","meta":{"_acf_changed":false},"product_brand":[],"product_cat":[27],"product_tag":[],"class_list":{"0":"post-5214","1":"product","2":"type-product","3":"status-publish","4":"has-post-thumbnail","6":"product_cat-congelateurs","8":"first","9":"outofstock","10":"taxable","11":"shipping-taxable","12":"product-type-simple"},"acf":[],"yoast_head":"<!-- This site is optimized with the Yoast SEO plugin v26.7 - https:\/\/yoast.com\/wordpress\/plugins\/seo\/ -->\n<title>Danby 21 cu. ft. Cong\u00e9lateur - DUF206E1WDD | Danby Canada<\/title>\n<meta name=\"description\" content=\"La capacit\u00e9 maximale, l&#039;efficacit\u00e9 et la fiabilit\u00e9 sont les attributs qui permettent \u00e0 ce cong\u00e9lateur vertical Danby classique de se distinguer de la comp\u00e9tition. Cet appareil vertical \u00e9l\u00e9gant \u00e0 encombrement r\u00e9duit couvre peu de surface de plancher et son homologation Energy Star\u00ae signifie qu\u2019il contribuera \u00e0 r\u00e9duire vos factures mensuelles d&#039;\u00e9lectricit\u00e9. Ce cong\u00e9lateur de grande taille offre une plus que g\u00e9n\u00e9reuse capacit\u00e9 d\u2019entreposage de 594 litres (21 pieds cubes) et dispose d&#039;un rev\u00eatement tr\u00e8s tendance blanc, \u00e0 l\u2019int\u00e9rieur et \u00e0 l\u2019ext\u00e9rieur. Il est aussi dot\u00e9 d\u2019un thermostat num\u00e9rique offrant une pr\u00e9cision maximale de m\u00eame que d\u2019un syst\u00e8me d\u2019\u00e9clairage int\u00e9rieur brillant qui vous permet de trouver facilement vos aliments congel\u00e9s pr\u00e9f\u00e9r\u00e9s. Ce mod\u00e8le populaire offre de nombreuses options d\u2019entreposage, gr\u00e2ce \u00e0 quatre tablettes int\u00e9rieures r\u00e9glables ainsi qu\u2019\u00e0 un panier de rangement robuste. De plus, il est offert avec une garantie sans soucis de 18 mois couvrant les pi\u00e8ces et la main-d&#039;\u0153uvre, incluant le service \u00e0 domicile.\" \/>\n<meta name=\"robots\" content=\"index, follow, max-snippet:-1, max-image-preview:large, max-video-preview:-1\" \/>\n<link rel=\"canonical\" href=\"https:\/\/www.danby.com\/fr\/products\/congelateurs\/duf206e1wdd\/\" \/>\n<meta property=\"og:locale\" content=\"fr_CA\" \/>\n<meta property=\"og:type\" content=\"article\" \/>\n<meta property=\"og:title\" content=\"Danby 21 cu. ft. Cong\u00e9lateur - DUF206E1WDD | Danby Canada\" \/>\n<meta property=\"og:description\" content=\"La capacit\u00e9 maximale, l&#039;efficacit\u00e9 et la fiabilit\u00e9 sont les attributs qui permettent \u00e0 ce cong\u00e9lateur vertical Danby classique de se distinguer de la comp\u00e9tition. Cet appareil vertical \u00e9l\u00e9gant \u00e0 encombrement r\u00e9duit couvre peu de surface de plancher et son homologation Energy Star\u00ae signifie qu\u2019il contribuera \u00e0 r\u00e9duire vos factures mensuelles d&#039;\u00e9lectricit\u00e9. Ce cong\u00e9lateur de grande taille offre une plus que g\u00e9n\u00e9reuse capacit\u00e9 d\u2019entreposage de 594 litres (21 pieds cubes) et dispose d&#039;un rev\u00eatement tr\u00e8s tendance blanc, \u00e0 l\u2019int\u00e9rieur et \u00e0 l\u2019ext\u00e9rieur. Il est aussi dot\u00e9 d\u2019un thermostat num\u00e9rique offrant une pr\u00e9cision maximale de m\u00eame que d\u2019un syst\u00e8me d\u2019\u00e9clairage int\u00e9rieur brillant qui vous permet de trouver facilement vos aliments congel\u00e9s pr\u00e9f\u00e9r\u00e9s. Ce mod\u00e8le populaire offre de nombreuses options d\u2019entreposage, gr\u00e2ce \u00e0 quatre tablettes int\u00e9rieures r\u00e9glables ainsi qu\u2019\u00e0 un panier de rangement robuste. De plus, il est offert avec une garantie sans soucis de 18 mois couvrant les pi\u00e8ces et la main-d&#039;\u0153uvre, incluant le service \u00e0 domicile.\" \/>\n<meta property=\"og:url\" content=\"https:\/\/www.danby.com\/fr\/products\/congelateurs\/duf206e1wdd\/\" \/>\n<meta property=\"og:site_name\" content=\"Danby - Canada - French\" \/>\n<meta property=\"article:publisher\" content=\"https:\/\/www.facebook.com\/DanbyAppliances\" \/>\n<meta property=\"article:modified_time\" content=\"2026-04-11T10:04:48+00:00\" \/>\n<meta property=\"og:image\" content=\"https:\/\/cdnweb.danby.com\/wp-content\/uploads\/sites\/2\/2022\/02\/08212828\/DUF206E1WDD_Right_Closed-2-scaled-1.jpg\" \/>\n\t<meta property=\"og:image:width\" content=\"1392\" \/>\n\t<meta property=\"og:image:height\" content=\"2560\" \/>\n\t<meta property=\"og:image:type\" content=\"image\/jpeg\" \/>\n<meta name=\"twitter:card\" content=\"summary_large_image\" \/>\n<meta name=\"twitter:site\" content=\"@DanbyAppliance\" \/>\n<script type=\"application\/ld+json\" class=\"yoast-schema-graph\">{\"@context\":\"https:\/\/schema.org\",\"@graph\":[{\"@type\":[\"WebPage\",\"ItemPage\"],\"url\":\"https:\/\/www.danby.com\/fr\/products\/congelateurs\/duf206e1wdd\/\",\"name\":\"Danby 21 cu. ft. Cong\u00e9lateur - DUF206E1WDD | Danby Canada\",\"isPartOf\":[],\"primaryImageOfPage\":[],\"image\":[],\"thumbnailUrl\":\"https:\/\/cdnweb.danby.com\/wp-content\/uploads\/sites\/2\/2022\/02\/08212828\/DUF206E1WDD_Right_Closed-2-scaled-1.jpg\",\"datePublished\":\"2022-02-03T19:21:11+00:00\",\"dateModified\":\"2026-04-11T10:04:48+00:00\",\"description\":\"La capacit\u00e9 maximale, l'efficacit\u00e9 et la fiabilit\u00e9 sont les attributs qui permettent \u00e0 ce cong\u00e9lateur vertical Danby classique de se distinguer de la comp\u00e9tition. Cet appareil vertical \u00e9l\u00e9gant \u00e0 encombrement r\u00e9duit couvre peu de surface de plancher et son homologation Energy Star\u00ae signifie qu\u2019il contribuera \u00e0 r\u00e9duire vos factures mensuelles d'\u00e9lectricit\u00e9. Ce cong\u00e9lateur de grande taille offre une plus que g\u00e9n\u00e9reuse capacit\u00e9 d\u2019entreposage de 594 litres (21 pieds cubes) et dispose d'un rev\u00eatement tr\u00e8s tendance blanc, \u00e0 l\u2019int\u00e9rieur et \u00e0 l\u2019ext\u00e9rieur. Il est aussi dot\u00e9 d\u2019un thermostat num\u00e9rique offrant une pr\u00e9cision maximale de m\u00eame que d\u2019un syst\u00e8me d\u2019\u00e9clairage int\u00e9rieur brillant qui vous permet de trouver facilement vos aliments congel\u00e9s pr\u00e9f\u00e9r\u00e9s. Ce mod\u00e8le populaire offre de nombreuses options d\u2019entreposage, gr\u00e2ce \u00e0 quatre tablettes int\u00e9rieures r\u00e9glables ainsi qu\u2019\u00e0 un panier de rangement robuste. De plus, il est offert avec une garantie sans soucis de 18 mois couvrant les pi\u00e8ces et la main-d'\u0153uvre, incluant le service \u00e0 domicile.\",\"breadcrumb\":[],\"inLanguage\":\"fr-CA\",\"potentialAction\":[{\"@type\":\"ReadAction\",\"target\":[\"https:\/\/www.danby.com\/fr\/products\/congelateurs\/duf206e1wdd\/\"]}]},{\"@type\":\"ImageObject\",\"inLanguage\":\"fr-CA\",\"url\":\"https:\/\/cdnweb.danby.com\/wp-content\/uploads\/sites\/2\/2022\/02\/08212828\/DUF206E1WDD_Right_Closed-2-scaled-1.jpg\",\"contentUrl\":\"https:\/\/cdnweb.danby.com\/wp-content\/uploads\/sites\/2\/2022\/02\/08212828\/DUF206E1WDD_Right_Closed-2-scaled-1.jpg\",\"width\":1392,\"height\":2560},{\"@type\":\"BreadcrumbList\",\"itemListElement\":[{\"@type\":\"ListItem\",\"position\":1,\"name\":\"Home\",\"item\":\"https:\/\/www.danby.com\/fr\/\"},{\"@type\":\"ListItem\",\"position\":2,\"name\":\"Boutique\",\"item\":\"https:\/\/www.danby.com\/fr\/boutique\/\"},{\"@type\":\"ListItem\",\"position\":3,\"name\":\"Danby 21 cu. ft. Cong\u00e9lateur\"}]},{\"@type\":\"WebSite\",\"url\":\"https:\/\/www.danby.com\/fr\/\",\"name\":\"Danby - Canada - French\",\"description\":\"Leader dans le domaine de la r\u00e9frig\u00e9ration et des appareils sp\u00e9cialis\u00e9s\",\"publisher\":[],\"potentialAction\":[{\"@type\":\"SearchAction\",\"target\":{\"@type\":\"EntryPoint\",\"urlTemplate\":\"https:\/\/www.danby.com\/fr\/?s={search_term_string}\"},\"query-input\":{\"@type\":\"PropertyValueSpecification\",\"valueRequired\":true,\"valueName\":\"search_term_string\"}}],\"inLanguage\":\"fr-CA\"},{\"@type\":\"Organization\",\"name\":\"Danby Appliances\",\"url\":\"https:\/\/www.danby.com\/fr\/\",\"logo\":{\"@type\":\"ImageObject\",\"inLanguage\":\"fr-CA\",\"url\":\"https:\/\/cdnweb.danby.com\/wp-content\/uploads\/sites\/2\/2022\/02\/10141906\/Danby75Ans_Blue.png\",\"contentUrl\":\"https:\/\/cdnweb.danby.com\/wp-content\/uploads\/sites\/2\/2022\/02\/10141906\/Danby75Ans_Blue.png\",\"width\":470,\"height\":110,\"caption\":\"Danby Appliances\"},\"image\":[],\"sameAs\":[\"https:\/\/www.facebook.com\/DanbyAppliances\",\"https:\/\/x.com\/DanbyAppliance\",\"https:\/\/instagram.com\/danbyappliances\/\",\"https:\/\/www.linkedin.com\/company\/danbyappliances\",\"https:\/\/www.pinterest.ca\/danbyappliances\/\",\"https:\/\/www.youtube.com\/user\/DanbyProducts\",\"https:\/\/en.wikipedia.org\/wiki\/Danby_(appliances)\"]}]}<\/script>\n<!-- \/ Yoast SEO plugin. -->","yoast_head_json":{"title":"Danby 21 cu. ft. Cong\u00e9lateur - DUF206E1WDD | Danby Canada","description":"La capacit\u00e9 maximale, l'efficacit\u00e9 et la fiabilit\u00e9 sont les attributs qui permettent \u00e0 ce cong\u00e9lateur vertical Danby classique de se distinguer de la comp\u00e9tition. Cet appareil vertical \u00e9l\u00e9gant \u00e0 encombrement r\u00e9duit couvre peu de surface de plancher et son homologation Energy Star\u00ae signifie qu\u2019il contribuera \u00e0 r\u00e9duire vos factures mensuelles d'\u00e9lectricit\u00e9. Ce cong\u00e9lateur de grande taille offre une plus que g\u00e9n\u00e9reuse capacit\u00e9 d\u2019entreposage de 594 litres (21 pieds cubes) et dispose d'un rev\u00eatement tr\u00e8s tendance blanc, \u00e0 l\u2019int\u00e9rieur et \u00e0 l\u2019ext\u00e9rieur. Il est aussi dot\u00e9 d\u2019un thermostat num\u00e9rique offrant une pr\u00e9cision maximale de m\u00eame que d\u2019un syst\u00e8me d\u2019\u00e9clairage int\u00e9rieur brillant qui vous permet de trouver facilement vos aliments congel\u00e9s pr\u00e9f\u00e9r\u00e9s. Ce mod\u00e8le populaire offre de nombreuses options d\u2019entreposage, gr\u00e2ce \u00e0 quatre tablettes int\u00e9rieures r\u00e9glables ainsi qu\u2019\u00e0 un panier de rangement robuste. De plus, il est offert avec une garantie sans soucis de 18 mois couvrant les pi\u00e8ces et la main-d'\u0153uvre, incluant le service \u00e0 domicile.","robots":{"index":"index","follow":"follow","max-snippet":"max-snippet:-1","max-image-preview":"max-image-preview:large","max-video-preview":"max-video-preview:-1"},"canonical":"https:\/\/www.danby.com\/fr\/products\/congelateurs\/duf206e1wdd\/","og_locale":"fr_CA","og_type":"article","og_title":"Danby 21 cu. ft. Cong\u00e9lateur - DUF206E1WDD | Danby Canada","og_description":"La capacit\u00e9 maximale, l'efficacit\u00e9 et la fiabilit\u00e9 sont les attributs qui permettent \u00e0 ce cong\u00e9lateur vertical Danby classique de se distinguer de la comp\u00e9tition. Cet appareil vertical \u00e9l\u00e9gant \u00e0 encombrement r\u00e9duit couvre peu de surface de plancher et son homologation Energy Star\u00ae signifie qu\u2019il contribuera \u00e0 r\u00e9duire vos factures mensuelles d'\u00e9lectricit\u00e9. Ce cong\u00e9lateur de grande taille offre une plus que g\u00e9n\u00e9reuse capacit\u00e9 d\u2019entreposage de 594 litres (21 pieds cubes) et dispose d'un rev\u00eatement tr\u00e8s tendance blanc, \u00e0 l\u2019int\u00e9rieur et \u00e0 l\u2019ext\u00e9rieur. Il est aussi dot\u00e9 d\u2019un thermostat num\u00e9rique offrant une pr\u00e9cision maximale de m\u00eame que d\u2019un syst\u00e8me d\u2019\u00e9clairage int\u00e9rieur brillant qui vous permet de trouver facilement vos aliments congel\u00e9s pr\u00e9f\u00e9r\u00e9s. Ce mod\u00e8le populaire offre de nombreuses options d\u2019entreposage, gr\u00e2ce \u00e0 quatre tablettes int\u00e9rieures r\u00e9glables ainsi qu\u2019\u00e0 un panier de rangement robuste. De plus, il est offert avec une garantie sans soucis de 18 mois couvrant les pi\u00e8ces et la main-d'\u0153uvre, incluant le service \u00e0 domicile.","og_url":"https:\/\/www.danby.com\/fr\/products\/congelateurs\/duf206e1wdd\/","og_site_name":"Danby - Canada - French","article_publisher":"https:\/\/www.facebook.com\/DanbyAppliances","article_modified_time":"2026-04-11T10:04:48+00:00","og_image":[{"width":1392,"height":2560,"url":"https:\/\/cdnweb.danby.com\/wp-content\/uploads\/sites\/2\/2022\/02\/08212828\/DUF206E1WDD_Right_Closed-2-scaled-1.jpg","type":"image\/jpeg"}],"twitter_card":"summary_large_image","twitter_site":"@DanbyAppliance","schema":{"@context":"https:\/\/schema.org","@graph":[{"@type":["WebPage","ItemPage"],"url":"https:\/\/www.danby.com\/fr\/products\/congelateurs\/duf206e1wdd\/","name":"Danby 21 cu. ft. Cong\u00e9lateur - DUF206E1WDD | Danby Canada","isPartOf":[],"primaryImageOfPage":[],"image":[],"thumbnailUrl":"https:\/\/cdnweb.danby.com\/wp-content\/uploads\/sites\/2\/2022\/02\/08212828\/DUF206E1WDD_Right_Closed-2-scaled-1.jpg","datePublished":"2022-02-03T19:21:11+00:00","dateModified":"2026-04-11T10:04:48+00:00","description":"La capacit\u00e9 maximale, l'efficacit\u00e9 et la fiabilit\u00e9 sont les attributs qui permettent \u00e0 ce cong\u00e9lateur vertical Danby classique de se distinguer de la comp\u00e9tition. Cet appareil vertical \u00e9l\u00e9gant \u00e0 encombrement r\u00e9duit couvre peu de surface de plancher et son homologation Energy Star\u00ae signifie qu\u2019il contribuera \u00e0 r\u00e9duire vos factures mensuelles d'\u00e9lectricit\u00e9. Ce cong\u00e9lateur de grande taille offre une plus que g\u00e9n\u00e9reuse capacit\u00e9 d\u2019entreposage de 594 litres (21 pieds cubes) et dispose d'un rev\u00eatement tr\u00e8s tendance blanc, \u00e0 l\u2019int\u00e9rieur et \u00e0 l\u2019ext\u00e9rieur. Il est aussi dot\u00e9 d\u2019un thermostat num\u00e9rique offrant une pr\u00e9cision maximale de m\u00eame que d\u2019un syst\u00e8me d\u2019\u00e9clairage int\u00e9rieur brillant qui vous permet de trouver facilement vos aliments congel\u00e9s pr\u00e9f\u00e9r\u00e9s. Ce mod\u00e8le populaire offre de nombreuses options d\u2019entreposage, gr\u00e2ce \u00e0 quatre tablettes int\u00e9rieures r\u00e9glables ainsi qu\u2019\u00e0 un panier de rangement robuste. De plus, il est offert avec une garantie sans soucis de 18 mois couvrant les pi\u00e8ces et la main-d'\u0153uvre, incluant le service \u00e0 domicile.","breadcrumb":[],"inLanguage":"fr-CA","potentialAction":[{"@type":"ReadAction","target":["https:\/\/www.danby.com\/fr\/products\/congelateurs\/duf206e1wdd\/"]}]},{"@type":"ImageObject","inLanguage":"fr-CA","url":"https:\/\/cdnweb.danby.com\/wp-content\/uploads\/sites\/2\/2022\/02\/08212828\/DUF206E1WDD_Right_Closed-2-scaled-1.jpg","contentUrl":"https:\/\/cdnweb.danby.com\/wp-content\/uploads\/sites\/2\/2022\/02\/08212828\/DUF206E1WDD_Right_Closed-2-scaled-1.jpg","width":1392,"height":2560},{"@type":"BreadcrumbList","itemListElement":[{"@type":"ListItem","position":1,"name":"Home","item":"https:\/\/www.danby.com\/fr\/"},{"@type":"ListItem","position":2,"name":"Boutique","item":"https:\/\/www.danby.com\/fr\/boutique\/"},{"@type":"ListItem","position":3,"name":"Danby 21 cu. ft. Cong\u00e9lateur"}]},{"@type":"WebSite","url":"https:\/\/www.danby.com\/fr\/","name":"Danby - Canada - French","description":"Leader dans le domaine de la r\u00e9frig\u00e9ration et des appareils sp\u00e9cialis\u00e9s","publisher":[],"potentialAction":[{"@type":"SearchAction","target":{"@type":"EntryPoint","urlTemplate":"https:\/\/www.danby.com\/fr\/?s={search_term_string}"},"query-input":{"@type":"PropertyValueSpecification","valueRequired":true,"valueName":"search_term_string"}}],"inLanguage":"fr-CA"},{"@type":"Organization","name":"Danby Appliances","url":"https:\/\/www.danby.com\/fr\/","logo":{"@type":"ImageObject","inLanguage":"fr-CA","url":"https:\/\/cdnweb.danby.com\/wp-content\/uploads\/sites\/2\/2022\/02\/10141906\/Danby75Ans_Blue.png","contentUrl":"https:\/\/cdnweb.danby.com\/wp-content\/uploads\/sites\/2\/2022\/02\/10141906\/Danby75Ans_Blue.png","width":470,"height":110,"caption":"Danby Appliances"},"image":[],"sameAs":["https:\/\/www.facebook.com\/DanbyAppliances","https:\/\/x.com\/DanbyAppliance","https:\/\/instagram.com\/danbyappliances\/","https:\/\/www.linkedin.com\/company\/danbyappliances","https:\/\/www.pinterest.ca\/danbyappliances\/","https:\/\/www.youtube.com\/user\/DanbyProducts","https:\/\/en.wikipedia.org\/wiki\/Danby_(appliances)"]}]}},"post_mailing_queue_ids":[],"_links":{"self":[{"href":"https:\/\/www.danby.com\/fr\/wp-json\/wp\/v2\/product\/5214","targetHints":{"allow":["GET"]}}],"collection":[{"href":"https:\/\/www.danby.com\/fr\/wp-json\/wp\/v2\/product"}],"about":[{"href":"https:\/\/www.danby.com\/fr\/wp-json\/wp\/v2\/types\/product"}],"replies":[{"embeddable":true,"href":"https:\/\/www.danby.com\/fr\/wp-json\/wp\/v2\/comments?post=5214"}],"wp:featuredmedia":[{"embeddable":true,"href":"https:\/\/www.danby.com\/fr\/wp-json\/wp\/v2\/media\/9010"}],"wp:attachment":[{"href":"https:\/\/www.danby.com\/fr\/wp-json\/wp\/v2\/media?parent=5214"}],"wp:term":[{"taxonomy":"product_brand","embeddable":true,"href":"https:\/\/www.danby.com\/fr\/wp-json\/wp\/v2\/product_brand?post=5214"},{"taxonomy":"product_cat","embeddable":true,"href":"https:\/\/www.danby.com\/fr\/wp-json\/wp\/v2\/product_cat?post=5214"},{"taxonomy":"product_tag","embeddable":true,"href":"https:\/\/www.danby.com\/fr\/wp-json\/wp\/v2\/product_tag?post=5214"}],"curies":[{"name":"wp","href":"https:\/\/api.w.org\/{rel}","templated":true}]}}