{"id":5212,"date":"2022-02-03T19:20:58","date_gmt":"2022-02-03T19:20:58","guid":{"rendered":"https:\/\/www.danby.com\/fr\/product\/duf167a4wdd\/"},"modified":"2026-04-10T10:07:21","modified_gmt":"2026-04-10T10:07:21","slug":"duf167a4wdd","status":"publish","type":"product","link":"https:\/\/www.danby.com\/fr\/products\/congelateurs\/duf167a4wdd\/","title":{"rendered":"Cong\u00e9lateur vertical Danby Designer de 16,7 pi3 en Blanc"},"content":{"rendered":"","protected":false},"excerpt":{"rendered":"<ul>\n<li>Cong\u00e9lateur vertical d&#8217;une capacit\u00e9 de 473 L (16,7 pi3)<\/li>\n<li>La conception pratique sans givre emp\u00eache l&#8217;accumulation de givre \u00e0 l&#8217;int\u00e9rieur de l&#8217;appareil<\/li>\n<li>Pr\u00eat pour le garage : Le cong\u00e9lateur peut fonctionner \u00e0 des temp\u00e9ratures allant de 0\u00b0F \u00e0 110\u00b0F (-17\u00b0C \u00e0 43\u00b0C)<\/li>\n<li>Intuitive digital thermostat allows for more precise temperature control<\/li>\n<li>Fonction de cong\u00e9lation rapide : Le fonctionnement en continu permet de congeler plus rapidement de grandes quantit\u00e9s d&#8217;aliments<\/li>\n<li>6 door shelves for smaller, frequently used items<\/li>\n<li>Avoid food spoilage with the door ajar alarm and higher temperature alarm<\/li>\n<li>La charni\u00e8re de porte r\u00e9versible permet d&#8217;ouvrir la porte \u00e0 droite ou \u00e0 gauche<\/li>\n<li>2 pieds r\u00e9glables pour la mise \u00e0 niveau et la flexibilit\u00e9 de la hauteur<\/li>\n<li>Lumi\u00e8re int\u00e9rieure LED<\/li>\n<\/ul>\n","protected":false},"featured_media":33539,"comment_status":"closed","ping_status":"open","template":"","meta":{"_acf_changed":false},"product_brand":[],"product_cat":[27],"product_tag":[],"class_list":{"0":"post-5212","1":"product","2":"type-product","3":"status-publish","4":"has-post-thumbnail","6":"product_cat-congelateurs","7":"pa_capacite-pi3-16-7","8":"pa_couleur-white","9":"pa_duree-de-la-garantie-en-mois-1181","11":"first","12":"outofstock","13":"taxable","14":"shipping-taxable","15":"product-type-simple"},"acf":[],"yoast_head":"<!-- This site is optimized with the Yoast SEO plugin v26.7 - https:\/\/yoast.com\/wordpress\/plugins\/seo\/ -->\n<title>Cong\u00e9lateur vertical Danby Designer de 16,7 pi3 en Blanc - DUF167A4WDD | Danby Canada<\/title>\n<meta name=\"description\" content=\"La capacit\u00e9 maximale, l&#039;efficacit\u00e9 et la fiabilit\u00e9 font que ce cong\u00e9lateur vertical classique de Danby se distingue des autres. Cet appareil permet d&#039;\u00e9conomiser de l&#039;espace au sol gr\u00e2ce \u00e0 sa conception verticale et sa conception \u00e9conome en \u00e9nergie vous aidera \u00e0 r\u00e9duire vos factures d&#039;\u00e9lectricit\u00e9 mensuelles. Ce cong\u00e9lateur pleine grandeur offre une capacit\u00e9 de stockage plus que g\u00e9n\u00e9reuse de 16,7 pieds cubes (473 litres). Cet appareil est dot\u00e9 d&#039;un design int\u00e9rieur et ext\u00e9rieur blanc, d&#039;un thermostat num\u00e9rique pour une pr\u00e9cision maximale et d&#039;une lumi\u00e8re int\u00e9rieure brillante qui vous permet de trouver facilement vos aliments surgel\u00e9s pr\u00e9f\u00e9r\u00e9s. Ce mod\u00e8le populaire offre de nombreuses options de rangement avec des \u00e9tag\u00e8res int\u00e9rieures r\u00e9glables et des \u00e9tag\u00e8res de porte suppl\u00e9mentaires pour les articles plus petits et plus fr\u00e9quemment utilis\u00e9s. De plus, il est livr\u00e9 avec une garantie de 5 ans sans souci sur les pi\u00e8ces et la main-d&#039;\u0153uvre ainsi qu&#039;un service \u00e0 domicile.\" \/>\n<meta name=\"robots\" content=\"index, follow, max-snippet:-1, max-image-preview:large, max-video-preview:-1\" \/>\n<link rel=\"canonical\" href=\"https:\/\/www.danby.com\/fr\/products\/congelateurs\/duf167a4wdd\/\" \/>\n<meta property=\"og:locale\" content=\"fr_CA\" \/>\n<meta property=\"og:type\" content=\"article\" \/>\n<meta property=\"og:title\" content=\"Cong\u00e9lateur vertical Danby Designer de 16,7 pi3 en Blanc - DUF167A4WDD | Danby Canada\" \/>\n<meta property=\"og:description\" content=\"La capacit\u00e9 maximale, l&#039;efficacit\u00e9 et la fiabilit\u00e9 font que ce cong\u00e9lateur vertical classique de Danby se distingue des autres. Cet appareil permet d&#039;\u00e9conomiser de l&#039;espace au sol gr\u00e2ce \u00e0 sa conception verticale et sa conception \u00e9conome en \u00e9nergie vous aidera \u00e0 r\u00e9duire vos factures d&#039;\u00e9lectricit\u00e9 mensuelles. Ce cong\u00e9lateur pleine grandeur offre une capacit\u00e9 de stockage plus que g\u00e9n\u00e9reuse de 16,7 pieds cubes (473 litres). Cet appareil est dot\u00e9 d&#039;un design int\u00e9rieur et ext\u00e9rieur blanc, d&#039;un thermostat num\u00e9rique pour une pr\u00e9cision maximale et d&#039;une lumi\u00e8re int\u00e9rieure brillante qui vous permet de trouver facilement vos aliments surgel\u00e9s pr\u00e9f\u00e9r\u00e9s. Ce mod\u00e8le populaire offre de nombreuses options de rangement avec des \u00e9tag\u00e8res int\u00e9rieures r\u00e9glables et des \u00e9tag\u00e8res de porte suppl\u00e9mentaires pour les articles plus petits et plus fr\u00e9quemment utilis\u00e9s. De plus, il est livr\u00e9 avec une garantie de 5 ans sans souci sur les pi\u00e8ces et la main-d&#039;\u0153uvre ainsi qu&#039;un service \u00e0 domicile.\" \/>\n<meta property=\"og:url\" content=\"https:\/\/www.danby.com\/fr\/products\/congelateurs\/duf167a4wdd\/\" \/>\n<meta property=\"og:site_name\" content=\"Danby - Canada - French\" \/>\n<meta property=\"article:publisher\" content=\"https:\/\/www.facebook.com\/DanbyAppliances\" \/>\n<meta property=\"article:modified_time\" content=\"2026-04-10T10:07:21+00:00\" \/>\n<meta property=\"og:image\" content=\"https:\/\/cdnweb.danby.com\/wp-content\/uploads\/sites\/2\/2023\/11\/22150930\/Thumbnail__0008_DUF167A4WDD.jpg\" \/>\n\t<meta property=\"og:image:width\" content=\"1125\" \/>\n\t<meta property=\"og:image:height\" content=\"1500\" \/>\n\t<meta property=\"og:image:type\" content=\"image\/jpeg\" \/>\n<meta name=\"twitter:card\" content=\"summary_large_image\" \/>\n<meta name=\"twitter:site\" content=\"@DanbyAppliance\" \/>\n<script type=\"application\/ld+json\" class=\"yoast-schema-graph\">{\"@context\":\"https:\/\/schema.org\",\"@graph\":[{\"@type\":[\"WebPage\",\"ItemPage\"],\"url\":\"https:\/\/www.danby.com\/fr\/products\/congelateurs\/duf167a4wdd\/\",\"name\":\"Cong\u00e9lateur vertical Danby Designer de 16,7 pi3 en Blanc - DUF167A4WDD | Danby Canada\",\"isPartOf\":[],\"primaryImageOfPage\":[],\"image\":[],\"thumbnailUrl\":\"https:\/\/www.danby.com\/fr\/wp-content\/uploads\/sites\/2\/2025\/07\/duf167a4wdd-primary.jpg\",\"datePublished\":\"2022-02-03T19:20:58+00:00\",\"dateModified\":\"2026-04-10T10:07:21+00:00\",\"description\":\"La capacit\u00e9 maximale, l'efficacit\u00e9 et la fiabilit\u00e9 font que ce cong\u00e9lateur vertical classique de Danby se distingue des autres. Cet appareil permet d'\u00e9conomiser de l'espace au sol gr\u00e2ce \u00e0 sa conception verticale et sa conception \u00e9conome en \u00e9nergie vous aidera \u00e0 r\u00e9duire vos factures d'\u00e9lectricit\u00e9 mensuelles. Ce cong\u00e9lateur pleine grandeur offre une capacit\u00e9 de stockage plus que g\u00e9n\u00e9reuse de 16,7 pieds cubes (473 litres). Cet appareil est dot\u00e9 d'un design int\u00e9rieur et ext\u00e9rieur blanc, d'un thermostat num\u00e9rique pour une pr\u00e9cision maximale et d'une lumi\u00e8re int\u00e9rieure brillante qui vous permet de trouver facilement vos aliments surgel\u00e9s pr\u00e9f\u00e9r\u00e9s. Ce mod\u00e8le populaire offre de nombreuses options de rangement avec des \u00e9tag\u00e8res int\u00e9rieures r\u00e9glables et des \u00e9tag\u00e8res de porte suppl\u00e9mentaires pour les articles plus petits et plus fr\u00e9quemment utilis\u00e9s. De plus, il est livr\u00e9 avec une garantie de 5 ans sans souci sur les pi\u00e8ces et la main-d'\u0153uvre ainsi qu'un service \u00e0 domicile.\",\"breadcrumb\":[],\"inLanguage\":\"fr-CA\",\"potentialAction\":[{\"@type\":\"ReadAction\",\"target\":[\"https:\/\/www.danby.com\/fr\/products\/congelateurs\/duf167a4wdd\/\"]}]},{\"@type\":\"ImageObject\",\"inLanguage\":\"fr-CA\",\"url\":\"https:\/\/www.danby.com\/fr\/wp-content\/uploads\/sites\/2\/2025\/07\/duf167a4wdd-primary.jpg\",\"contentUrl\":\"https:\/\/www.danby.com\/fr\/wp-content\/uploads\/sites\/2\/2025\/07\/duf167a4wdd-primary.jpg\",\"width\":768,\"height\":1024},{\"@type\":\"BreadcrumbList\",\"itemListElement\":[{\"@type\":\"ListItem\",\"position\":1,\"name\":\"Home\",\"item\":\"https:\/\/www.danby.com\/fr\/\"},{\"@type\":\"ListItem\",\"position\":2,\"name\":\"Boutique\",\"item\":\"https:\/\/www.danby.com\/fr\/boutique\/\"},{\"@type\":\"ListItem\",\"position\":3,\"name\":\"Cong\u00e9lateur vertical Danby Designer de 16,7 pi3 en Blanc\"}]},{\"@type\":\"WebSite\",\"url\":\"https:\/\/www.danby.com\/fr\/\",\"name\":\"Danby - Canada - French\",\"description\":\"Leader dans le domaine de la r\u00e9frig\u00e9ration et des appareils sp\u00e9cialis\u00e9s\",\"publisher\":[],\"potentialAction\":[{\"@type\":\"SearchAction\",\"target\":{\"@type\":\"EntryPoint\",\"urlTemplate\":\"https:\/\/www.danby.com\/fr\/?s={search_term_string}\"},\"query-input\":{\"@type\":\"PropertyValueSpecification\",\"valueRequired\":true,\"valueName\":\"search_term_string\"}}],\"inLanguage\":\"fr-CA\"},{\"@type\":\"Organization\",\"name\":\"Danby Appliances\",\"url\":\"https:\/\/www.danby.com\/fr\/\",\"logo\":{\"@type\":\"ImageObject\",\"inLanguage\":\"fr-CA\",\"url\":\"https:\/\/cdnweb.danby.com\/wp-content\/uploads\/sites\/2\/2022\/02\/10141906\/Danby75Ans_Blue.png\",\"contentUrl\":\"https:\/\/cdnweb.danby.com\/wp-content\/uploads\/sites\/2\/2022\/02\/10141906\/Danby75Ans_Blue.png\",\"width\":470,\"height\":110,\"caption\":\"Danby Appliances\"},\"image\":[],\"sameAs\":[\"https:\/\/www.facebook.com\/DanbyAppliances\",\"https:\/\/x.com\/DanbyAppliance\",\"https:\/\/instagram.com\/danbyappliances\/\",\"https:\/\/www.linkedin.com\/company\/danbyappliances\",\"https:\/\/www.pinterest.ca\/danbyappliances\/\",\"https:\/\/www.youtube.com\/user\/DanbyProducts\",\"https:\/\/en.wikipedia.org\/wiki\/Danby_(appliances)\"]}]}<\/script>\n<!-- \/ Yoast SEO plugin. -->","yoast_head_json":{"title":"Cong\u00e9lateur vertical Danby Designer de 16,7 pi3 en Blanc - DUF167A4WDD | Danby Canada","description":"La capacit\u00e9 maximale, l'efficacit\u00e9 et la fiabilit\u00e9 font que ce cong\u00e9lateur vertical classique de Danby se distingue des autres. Cet appareil permet d'\u00e9conomiser de l'espace au sol gr\u00e2ce \u00e0 sa conception verticale et sa conception \u00e9conome en \u00e9nergie vous aidera \u00e0 r\u00e9duire vos factures d'\u00e9lectricit\u00e9 mensuelles. Ce cong\u00e9lateur pleine grandeur offre une capacit\u00e9 de stockage plus que g\u00e9n\u00e9reuse de 16,7 pieds cubes (473 litres). Cet appareil est dot\u00e9 d'un design int\u00e9rieur et ext\u00e9rieur blanc, d'un thermostat num\u00e9rique pour une pr\u00e9cision maximale et d'une lumi\u00e8re int\u00e9rieure brillante qui vous permet de trouver facilement vos aliments surgel\u00e9s pr\u00e9f\u00e9r\u00e9s. Ce mod\u00e8le populaire offre de nombreuses options de rangement avec des \u00e9tag\u00e8res int\u00e9rieures r\u00e9glables et des \u00e9tag\u00e8res de porte suppl\u00e9mentaires pour les articles plus petits et plus fr\u00e9quemment utilis\u00e9s. De plus, il est livr\u00e9 avec une garantie de 5 ans sans souci sur les pi\u00e8ces et la main-d'\u0153uvre ainsi qu'un service \u00e0 domicile.","robots":{"index":"index","follow":"follow","max-snippet":"max-snippet:-1","max-image-preview":"max-image-preview:large","max-video-preview":"max-video-preview:-1"},"canonical":"https:\/\/www.danby.com\/fr\/products\/congelateurs\/duf167a4wdd\/","og_locale":"fr_CA","og_type":"article","og_title":"Cong\u00e9lateur vertical Danby Designer de 16,7 pi3 en Blanc - DUF167A4WDD | Danby Canada","og_description":"La capacit\u00e9 maximale, l'efficacit\u00e9 et la fiabilit\u00e9 font que ce cong\u00e9lateur vertical classique de Danby se distingue des autres. Cet appareil permet d'\u00e9conomiser de l'espace au sol gr\u00e2ce \u00e0 sa conception verticale et sa conception \u00e9conome en \u00e9nergie vous aidera \u00e0 r\u00e9duire vos factures d'\u00e9lectricit\u00e9 mensuelles. Ce cong\u00e9lateur pleine grandeur offre une capacit\u00e9 de stockage plus que g\u00e9n\u00e9reuse de 16,7 pieds cubes (473 litres). Cet appareil est dot\u00e9 d'un design int\u00e9rieur et ext\u00e9rieur blanc, d'un thermostat num\u00e9rique pour une pr\u00e9cision maximale et d'une lumi\u00e8re int\u00e9rieure brillante qui vous permet de trouver facilement vos aliments surgel\u00e9s pr\u00e9f\u00e9r\u00e9s. Ce mod\u00e8le populaire offre de nombreuses options de rangement avec des \u00e9tag\u00e8res int\u00e9rieures r\u00e9glables et des \u00e9tag\u00e8res de porte suppl\u00e9mentaires pour les articles plus petits et plus fr\u00e9quemment utilis\u00e9s. De plus, il est livr\u00e9 avec une garantie de 5 ans sans souci sur les pi\u00e8ces et la main-d'\u0153uvre ainsi qu'un service \u00e0 domicile.","og_url":"https:\/\/www.danby.com\/fr\/products\/congelateurs\/duf167a4wdd\/","og_site_name":"Danby - Canada - French","article_publisher":"https:\/\/www.facebook.com\/DanbyAppliances","article_modified_time":"2026-04-10T10:07:21+00:00","og_image":[{"width":1125,"height":1500,"url":"https:\/\/cdnweb.danby.com\/wp-content\/uploads\/sites\/2\/2023\/11\/22150930\/Thumbnail__0008_DUF167A4WDD.jpg","type":"image\/jpeg"}],"twitter_card":"summary_large_image","twitter_site":"@DanbyAppliance","schema":{"@context":"https:\/\/schema.org","@graph":[{"@type":["WebPage","ItemPage"],"url":"https:\/\/www.danby.com\/fr\/products\/congelateurs\/duf167a4wdd\/","name":"Cong\u00e9lateur vertical Danby Designer de 16,7 pi3 en Blanc - DUF167A4WDD | Danby Canada","isPartOf":[],"primaryImageOfPage":[],"image":[],"thumbnailUrl":"https:\/\/www.danby.com\/fr\/wp-content\/uploads\/sites\/2\/2025\/07\/duf167a4wdd-primary.jpg","datePublished":"2022-02-03T19:20:58+00:00","dateModified":"2026-04-10T10:07:21+00:00","description":"La capacit\u00e9 maximale, l'efficacit\u00e9 et la fiabilit\u00e9 font que ce cong\u00e9lateur vertical classique de Danby se distingue des autres. Cet appareil permet d'\u00e9conomiser de l'espace au sol gr\u00e2ce \u00e0 sa conception verticale et sa conception \u00e9conome en \u00e9nergie vous aidera \u00e0 r\u00e9duire vos factures d'\u00e9lectricit\u00e9 mensuelles. Ce cong\u00e9lateur pleine grandeur offre une capacit\u00e9 de stockage plus que g\u00e9n\u00e9reuse de 16,7 pieds cubes (473 litres). Cet appareil est dot\u00e9 d'un design int\u00e9rieur et ext\u00e9rieur blanc, d'un thermostat num\u00e9rique pour une pr\u00e9cision maximale et d'une lumi\u00e8re int\u00e9rieure brillante qui vous permet de trouver facilement vos aliments surgel\u00e9s pr\u00e9f\u00e9r\u00e9s. Ce mod\u00e8le populaire offre de nombreuses options de rangement avec des \u00e9tag\u00e8res int\u00e9rieures r\u00e9glables et des \u00e9tag\u00e8res de porte suppl\u00e9mentaires pour les articles plus petits et plus fr\u00e9quemment utilis\u00e9s. De plus, il est livr\u00e9 avec une garantie de 5 ans sans souci sur les pi\u00e8ces et la main-d'\u0153uvre ainsi qu'un service \u00e0 domicile.","breadcrumb":[],"inLanguage":"fr-CA","potentialAction":[{"@type":"ReadAction","target":["https:\/\/www.danby.com\/fr\/products\/congelateurs\/duf167a4wdd\/"]}]},{"@type":"ImageObject","inLanguage":"fr-CA","url":"https:\/\/www.danby.com\/fr\/wp-content\/uploads\/sites\/2\/2025\/07\/duf167a4wdd-primary.jpg","contentUrl":"https:\/\/www.danby.com\/fr\/wp-content\/uploads\/sites\/2\/2025\/07\/duf167a4wdd-primary.jpg","width":768,"height":1024},{"@type":"BreadcrumbList","itemListElement":[{"@type":"ListItem","position":1,"name":"Home","item":"https:\/\/www.danby.com\/fr\/"},{"@type":"ListItem","position":2,"name":"Boutique","item":"https:\/\/www.danby.com\/fr\/boutique\/"},{"@type":"ListItem","position":3,"name":"Cong\u00e9lateur vertical Danby Designer de 16,7 pi3 en Blanc"}]},{"@type":"WebSite","url":"https:\/\/www.danby.com\/fr\/","name":"Danby - Canada - French","description":"Leader dans le domaine de la r\u00e9frig\u00e9ration et des appareils sp\u00e9cialis\u00e9s","publisher":[],"potentialAction":[{"@type":"SearchAction","target":{"@type":"EntryPoint","urlTemplate":"https:\/\/www.danby.com\/fr\/?s={search_term_string}"},"query-input":{"@type":"PropertyValueSpecification","valueRequired":true,"valueName":"search_term_string"}}],"inLanguage":"fr-CA"},{"@type":"Organization","name":"Danby Appliances","url":"https:\/\/www.danby.com\/fr\/","logo":{"@type":"ImageObject","inLanguage":"fr-CA","url":"https:\/\/cdnweb.danby.com\/wp-content\/uploads\/sites\/2\/2022\/02\/10141906\/Danby75Ans_Blue.png","contentUrl":"https:\/\/cdnweb.danby.com\/wp-content\/uploads\/sites\/2\/2022\/02\/10141906\/Danby75Ans_Blue.png","width":470,"height":110,"caption":"Danby Appliances"},"image":[],"sameAs":["https:\/\/www.facebook.com\/DanbyAppliances","https:\/\/x.com\/DanbyAppliance","https:\/\/instagram.com\/danbyappliances\/","https:\/\/www.linkedin.com\/company\/danbyappliances","https:\/\/www.pinterest.ca\/danbyappliances\/","https:\/\/www.youtube.com\/user\/DanbyProducts","https:\/\/en.wikipedia.org\/wiki\/Danby_(appliances)"]}]}},"post_mailing_queue_ids":[],"_links":{"self":[{"href":"https:\/\/www.danby.com\/fr\/wp-json\/wp\/v2\/product\/5212","targetHints":{"allow":["GET"]}}],"collection":[{"href":"https:\/\/www.danby.com\/fr\/wp-json\/wp\/v2\/product"}],"about":[{"href":"https:\/\/www.danby.com\/fr\/wp-json\/wp\/v2\/types\/product"}],"replies":[{"embeddable":true,"href":"https:\/\/www.danby.com\/fr\/wp-json\/wp\/v2\/comments?post=5212"}],"wp:featuredmedia":[{"embeddable":true,"href":"https:\/\/www.danby.com\/fr\/wp-json\/wp\/v2\/media\/33539"}],"wp:attachment":[{"href":"https:\/\/www.danby.com\/fr\/wp-json\/wp\/v2\/media?parent=5212"}],"wp:term":[{"taxonomy":"product_brand","embeddable":true,"href":"https:\/\/www.danby.com\/fr\/wp-json\/wp\/v2\/product_brand?post=5212"},{"taxonomy":"product_cat","embeddable":true,"href":"https:\/\/www.danby.com\/fr\/wp-json\/wp\/v2\/product_cat?post=5212"},{"taxonomy":"product_tag","embeddable":true,"href":"https:\/\/www.danby.com\/fr\/wp-json\/wp\/v2\/product_tag?post=5212"}],"curies":[{"name":"wp","href":"https:\/\/api.w.org\/{rel}","templated":true}]}}