{"id":5210,"date":"2022-02-03T19:20:58","date_gmt":"2022-02-03T19:20:58","guid":{"rendered":"https:\/\/www.danby.com\/fr\/product\/duf167a3bsldd\/"},"modified":"2026-04-30T10:07:18","modified_gmt":"2026-04-30T10:07:18","slug":"duf167a3bsldd","status":"publish","type":"product","link":"https:\/\/www.danby.com\/fr\/products\/congelateurs\/duf167a3bsldd\/","title":{"rendered":"Danby Designer 16.7 cu ft. Cong\u00e9lateur"},"content":{"rendered":"","protected":false},"excerpt":{"rendered":"<ul>\n<li>Le cong\u00e9lateur vertical \u00e0 volume familial de 47,7 litres (16,7 pi3) offre un grand espace de rangement au froid  <\/li>\n<li>La conception pratique sans givre emp\u00eache la formation de glace \u00e0 l&#8217;int\u00e9rieur et est facile \u00e0 entretenir <\/li>\n<li>Thermostat num\u00e9rique intuitif mont\u00e9 sur la porte est facilement accessible et ajust\u00e9 <\/li>\n<li>Fonction de cong\u00e9lation rapide &#8211; apr\u00e8s avoir rempli le cong\u00e9lateur de produits frais, utilisez la fonction de cong\u00e9lation rapide pour r\u00e9duire rapidement la temp\u00e9rature interne <\/li>\n<li>Clayettes r\u00e9glables pour les articles volumineux<\/li>\n<li>\u00c9vitez la d\u00e9t\u00e9rioration des aliments avec l&#8217;alarme de porte entrouverte et l&#8217;alarme de temp\u00e9rature \u00e9lev\u00e9e    <\/li>\n<li>Rangez facilement les plus petits articles fr\u00e9quemment utilis\u00e9s sur les \u00e9tag\u00e8res des portes<\/li>\n<li>Porte r\u00e9versible<\/li>\n<li>Lumi\u00e8re int\u00e9rieure<\/li>\n<li>5 foot power cord gives flexibility for installation<\/li>\n<\/ul>\n","protected":false},"featured_media":9659,"comment_status":"closed","ping_status":"open","template":"","meta":{"_acf_changed":false},"product_brand":[],"product_cat":[27],"product_tag":[],"class_list":{"0":"post-5210","1":"product","2":"type-product","3":"status-publish","4":"has-post-thumbnail","6":"product_cat-congelateurs","8":"first","9":"outofstock","10":"taxable","11":"shipping-taxable","12":"product-type-simple"},"acf":[],"yoast_head":"<!-- This site is optimized with the Yoast SEO plugin v27.5 - https:\/\/yoast.com\/product\/yoast-seo-wordpress\/ -->\n<title>Danby Designer 16.7 cu ft. Cong\u00e9lateur - DUF167A3BSLDD | Danby Canada<\/title>\n<meta name=\"description\" content=\"Gr\u00e2ce \u00e0 sa capacit\u00e9 maximale, son efficacit\u00e9 et sa fiabilit\u00e9, ce cong\u00e9lateur vertical classique de Danby se d\u00e9marque des autres. Cet appareil \u00e9conomise de l&#039;espace au sol en raison de la conception verticale et \u00e9co\u00e9nergique, ce qui signifie qu&#039;il aidera \u00e0 r\u00e9duire vos factures d&#039;\u00e9lectricit\u00e9 mensuelles. Ce cong\u00e9lateur pleine grandeur offre une capacit\u00e9 de stockage de plus de 47,7 litres (16,7 pi3). Cet appareil dispose d&#039;un int\u00e9rieur blanc et d&#039;un design ext\u00e9rieur en acier inoxydable avec un thermostat num\u00e9rique pour une pr\u00e9cision maximale et une lumi\u00e8re int\u00e9rieure brillante qui facilite la recherche de vos aliments surgel\u00e9s pr\u00e9f\u00e9r\u00e9s. Ce mod\u00e8le populaire offre de nombreuses options de rangement avec des clayettes int\u00e9rieures r\u00e9glables ainsi que des \u00e9tag\u00e8res de porte suppl\u00e9mentaires pour les articles plus petits et plus fr\u00e9quemment utilis\u00e9s. En outre, il est livr\u00e9 avec une garantie de 5 ans sans souci sur les pi\u00e8ces et la main-d&#039;\u0153uvre avec un service \u00e0 domicile.\" \/>\n<meta name=\"robots\" content=\"index, follow, max-snippet:-1, max-image-preview:large, max-video-preview:-1\" \/>\n<link rel=\"canonical\" href=\"https:\/\/www.danby.com\/fr\/products\/congelateurs\/duf167a3bsldd\/\" \/>\n<meta property=\"og:locale\" content=\"fr_CA\" \/>\n<meta property=\"og:type\" content=\"article\" \/>\n<meta property=\"og:title\" content=\"Danby Designer 16.7 cu ft. Cong\u00e9lateur - DUF167A3BSLDD | Danby Canada\" \/>\n<meta property=\"og:description\" content=\"Gr\u00e2ce \u00e0 sa capacit\u00e9 maximale, son efficacit\u00e9 et sa fiabilit\u00e9, ce cong\u00e9lateur vertical classique de Danby se d\u00e9marque des autres. Cet appareil \u00e9conomise de l&#039;espace au sol en raison de la conception verticale et \u00e9co\u00e9nergique, ce qui signifie qu&#039;il aidera \u00e0 r\u00e9duire vos factures d&#039;\u00e9lectricit\u00e9 mensuelles. Ce cong\u00e9lateur pleine grandeur offre une capacit\u00e9 de stockage de plus de 47,7 litres (16,7 pi3). Cet appareil dispose d&#039;un int\u00e9rieur blanc et d&#039;un design ext\u00e9rieur en acier inoxydable avec un thermostat num\u00e9rique pour une pr\u00e9cision maximale et une lumi\u00e8re int\u00e9rieure brillante qui facilite la recherche de vos aliments surgel\u00e9s pr\u00e9f\u00e9r\u00e9s. Ce mod\u00e8le populaire offre de nombreuses options de rangement avec des clayettes int\u00e9rieures r\u00e9glables ainsi que des \u00e9tag\u00e8res de porte suppl\u00e9mentaires pour les articles plus petits et plus fr\u00e9quemment utilis\u00e9s. En outre, il est livr\u00e9 avec une garantie de 5 ans sans souci sur les pi\u00e8ces et la main-d&#039;\u0153uvre avec un service \u00e0 domicile.\" \/>\n<meta property=\"og:url\" content=\"https:\/\/www.danby.com\/fr\/products\/congelateurs\/duf167a3bsldd\/\" \/>\n<meta property=\"og:site_name\" content=\"Danby - Canada - French\" \/>\n<meta property=\"article:publisher\" content=\"https:\/\/www.facebook.com\/DanbyAppliances\" \/>\n<meta property=\"article:modified_time\" content=\"2026-04-30T10:07:18+00:00\" \/>\n<meta property=\"og:image\" content=\"https:\/\/cdnweb.danby.com\/wp-content\/uploads\/sites\/2\/2022\/02\/08222044\/DUF167A3BSLDD_Warranty.jpg\" \/>\n\t<meta property=\"og:image:width\" content=\"2000\" \/>\n\t<meta property=\"og:image:height\" content=\"2000\" \/>\n\t<meta property=\"og:image:type\" content=\"image\/jpeg\" \/>\n<meta name=\"twitter:card\" content=\"summary_large_image\" \/>\n<meta name=\"twitter:site\" content=\"@DanbyAppliance\" \/>\n<script type=\"application\/ld+json\" class=\"yoast-schema-graph\">{\"@context\":\"https:\\\/\\\/schema.org\",\"@graph\":[{\"@type\":[\"WebPage\",\"ItemPage\"],\"url\":\"https:\\\/\\\/www.danby.com\\\/fr\\\/products\\\/congelateurs\\\/duf167a3bsldd\\\/\",\"name\":\"Danby Designer 16.7 cu ft. Cong\u00e9lateur - DUF167A3BSLDD | Danby Canada\",\"isPartOf\":[],\"primaryImageOfPage\":[],\"image\":[],\"thumbnailUrl\":\"https:\\\/\\\/cdnweb.danby.com\\\/wp-content\\\/uploads\\\/sites\\\/2\\\/2022\\\/02\\\/08222044\\\/DUF167A3BSLDD_Warranty.jpg\",\"datePublished\":\"2022-02-03T19:20:58+00:00\",\"dateModified\":\"2026-04-30T10:07:18+00:00\",\"description\":\"Gr\u00e2ce \u00e0 sa capacit\u00e9 maximale, son efficacit\u00e9 et sa fiabilit\u00e9, ce cong\u00e9lateur vertical classique de Danby se d\u00e9marque des autres. Cet appareil \u00e9conomise de l'espace au sol en raison de la conception verticale et \u00e9co\u00e9nergique, ce qui signifie qu'il aidera \u00e0 r\u00e9duire vos factures d'\u00e9lectricit\u00e9 mensuelles. Ce cong\u00e9lateur pleine grandeur offre une capacit\u00e9 de stockage de plus de 47,7 litres (16,7 pi3). Cet appareil dispose d'un int\u00e9rieur blanc et d'un design ext\u00e9rieur en acier inoxydable avec un thermostat num\u00e9rique pour une pr\u00e9cision maximale et une lumi\u00e8re int\u00e9rieure brillante qui facilite la recherche de vos aliments surgel\u00e9s pr\u00e9f\u00e9r\u00e9s. Ce mod\u00e8le populaire offre de nombreuses options de rangement avec des clayettes int\u00e9rieures r\u00e9glables ainsi que des \u00e9tag\u00e8res de porte suppl\u00e9mentaires pour les articles plus petits et plus fr\u00e9quemment utilis\u00e9s. En outre, il est livr\u00e9 avec une garantie de 5 ans sans souci sur les pi\u00e8ces et la main-d'\u0153uvre avec un service \u00e0 domicile.\",\"breadcrumb\":[],\"inLanguage\":\"fr-CA\",\"potentialAction\":[{\"@type\":\"ReadAction\",\"target\":[\"https:\\\/\\\/www.danby.com\\\/fr\\\/products\\\/congelateurs\\\/duf167a3bsldd\\\/\"]}]},{\"@type\":\"ImageObject\",\"inLanguage\":\"fr-CA\",\"url\":\"https:\\\/\\\/cdnweb.danby.com\\\/wp-content\\\/uploads\\\/sites\\\/2\\\/2022\\\/02\\\/08222044\\\/DUF167A3BSLDD_Warranty.jpg\",\"contentUrl\":\"https:\\\/\\\/cdnweb.danby.com\\\/wp-content\\\/uploads\\\/sites\\\/2\\\/2022\\\/02\\\/08222044\\\/DUF167A3BSLDD_Warranty.jpg\",\"width\":2000,\"height\":2000},{\"@type\":\"BreadcrumbList\",\"itemListElement\":[{\"@type\":\"ListItem\",\"position\":1,\"name\":\"Home\",\"item\":\"https:\\\/\\\/www.danby.com\\\/fr\\\/\"},{\"@type\":\"ListItem\",\"position\":2,\"name\":\"Boutique\",\"item\":\"https:\\\/\\\/www.danby.com\\\/fr\\\/boutique\\\/\"},{\"@type\":\"ListItem\",\"position\":3,\"name\":\"Danby Designer 16.7 cu ft. Cong\u00e9lateur\"}]},{\"@type\":\"WebSite\",\"url\":\"https:\\\/\\\/www.danby.com\\\/fr\\\/\",\"name\":\"Danby - Canada - French\",\"description\":\"Leader dans le domaine de la r\u00e9frig\u00e9ration et des appareils sp\u00e9cialis\u00e9s\",\"publisher\":[],\"potentialAction\":[{\"@type\":\"SearchAction\",\"target\":{\"@type\":\"EntryPoint\",\"urlTemplate\":\"https:\\\/\\\/www.danby.com\\\/fr\\\/?s={search_term_string}\"},\"query-input\":{\"@type\":\"PropertyValueSpecification\",\"valueRequired\":true,\"valueName\":\"search_term_string\"}}],\"inLanguage\":\"fr-CA\"},{\"@type\":\"Organization\",\"name\":\"Danby Appliances\",\"url\":\"https:\\\/\\\/www.danby.com\\\/fr\\\/\",\"logo\":{\"@type\":\"ImageObject\",\"inLanguage\":\"fr-CA\",\"url\":\"https:\\\/\\\/cdnweb.danby.com\\\/wp-content\\\/uploads\\\/sites\\\/2\\\/2022\\\/02\\\/10141906\\\/Danby75Ans_Blue.png\",\"contentUrl\":\"https:\\\/\\\/cdnweb.danby.com\\\/wp-content\\\/uploads\\\/sites\\\/2\\\/2022\\\/02\\\/10141906\\\/Danby75Ans_Blue.png\",\"width\":470,\"height\":110,\"caption\":\"Danby Appliances\"},\"image\":[],\"sameAs\":[\"https:\\\/\\\/www.facebook.com\\\/DanbyAppliances\",\"https:\\\/\\\/x.com\\\/DanbyAppliance\",\"https:\\\/\\\/instagram.com\\\/danbyappliances\\\/\",\"https:\\\/\\\/www.linkedin.com\\\/company\\\/danbyappliances\",\"https:\\\/\\\/www.pinterest.ca\\\/danbyappliances\\\/\",\"https:\\\/\\\/www.youtube.com\\\/user\\\/DanbyProducts\",\"https:\\\/\\\/en.wikipedia.org\\\/wiki\\\/Danby_(appliances)\"]}]}<\/script>\n<!-- \/ Yoast SEO plugin. -->","yoast_head_json":{"title":"Danby Designer 16.7 cu ft. Cong\u00e9lateur - DUF167A3BSLDD | Danby Canada","description":"Gr\u00e2ce \u00e0 sa capacit\u00e9 maximale, son efficacit\u00e9 et sa fiabilit\u00e9, ce cong\u00e9lateur vertical classique de Danby se d\u00e9marque des autres. Cet appareil \u00e9conomise de l'espace au sol en raison de la conception verticale et \u00e9co\u00e9nergique, ce qui signifie qu'il aidera \u00e0 r\u00e9duire vos factures d'\u00e9lectricit\u00e9 mensuelles. Ce cong\u00e9lateur pleine grandeur offre une capacit\u00e9 de stockage de plus de 47,7 litres (16,7 pi3). Cet appareil dispose d'un int\u00e9rieur blanc et d'un design ext\u00e9rieur en acier inoxydable avec un thermostat num\u00e9rique pour une pr\u00e9cision maximale et une lumi\u00e8re int\u00e9rieure brillante qui facilite la recherche de vos aliments surgel\u00e9s pr\u00e9f\u00e9r\u00e9s. Ce mod\u00e8le populaire offre de nombreuses options de rangement avec des clayettes int\u00e9rieures r\u00e9glables ainsi que des \u00e9tag\u00e8res de porte suppl\u00e9mentaires pour les articles plus petits et plus fr\u00e9quemment utilis\u00e9s. En outre, il est livr\u00e9 avec une garantie de 5 ans sans souci sur les pi\u00e8ces et la main-d'\u0153uvre avec un service \u00e0 domicile.","robots":{"index":"index","follow":"follow","max-snippet":"max-snippet:-1","max-image-preview":"max-image-preview:large","max-video-preview":"max-video-preview:-1"},"canonical":"https:\/\/www.danby.com\/fr\/products\/congelateurs\/duf167a3bsldd\/","og_locale":"fr_CA","og_type":"article","og_title":"Danby Designer 16.7 cu ft. Cong\u00e9lateur - DUF167A3BSLDD | Danby Canada","og_description":"Gr\u00e2ce \u00e0 sa capacit\u00e9 maximale, son efficacit\u00e9 et sa fiabilit\u00e9, ce cong\u00e9lateur vertical classique de Danby se d\u00e9marque des autres. Cet appareil \u00e9conomise de l'espace au sol en raison de la conception verticale et \u00e9co\u00e9nergique, ce qui signifie qu'il aidera \u00e0 r\u00e9duire vos factures d'\u00e9lectricit\u00e9 mensuelles. Ce cong\u00e9lateur pleine grandeur offre une capacit\u00e9 de stockage de plus de 47,7 litres (16,7 pi3). Cet appareil dispose d'un int\u00e9rieur blanc et d'un design ext\u00e9rieur en acier inoxydable avec un thermostat num\u00e9rique pour une pr\u00e9cision maximale et une lumi\u00e8re int\u00e9rieure brillante qui facilite la recherche de vos aliments surgel\u00e9s pr\u00e9f\u00e9r\u00e9s. Ce mod\u00e8le populaire offre de nombreuses options de rangement avec des clayettes int\u00e9rieures r\u00e9glables ainsi que des \u00e9tag\u00e8res de porte suppl\u00e9mentaires pour les articles plus petits et plus fr\u00e9quemment utilis\u00e9s. En outre, il est livr\u00e9 avec une garantie de 5 ans sans souci sur les pi\u00e8ces et la main-d'\u0153uvre avec un service \u00e0 domicile.","og_url":"https:\/\/www.danby.com\/fr\/products\/congelateurs\/duf167a3bsldd\/","og_site_name":"Danby - Canada - French","article_publisher":"https:\/\/www.facebook.com\/DanbyAppliances","article_modified_time":"2026-04-30T10:07:18+00:00","og_image":[{"width":2000,"height":2000,"url":"https:\/\/cdnweb.danby.com\/wp-content\/uploads\/sites\/2\/2022\/02\/08222044\/DUF167A3BSLDD_Warranty.jpg","type":"image\/jpeg"}],"twitter_card":"summary_large_image","twitter_site":"@DanbyAppliance","schema":{"@context":"https:\/\/schema.org","@graph":[{"@type":["WebPage","ItemPage"],"url":"https:\/\/www.danby.com\/fr\/products\/congelateurs\/duf167a3bsldd\/","name":"Danby Designer 16.7 cu ft. Cong\u00e9lateur - DUF167A3BSLDD | Danby Canada","isPartOf":[],"primaryImageOfPage":[],"image":[],"thumbnailUrl":"https:\/\/cdnweb.danby.com\/wp-content\/uploads\/sites\/2\/2022\/02\/08222044\/DUF167A3BSLDD_Warranty.jpg","datePublished":"2022-02-03T19:20:58+00:00","dateModified":"2026-04-30T10:07:18+00:00","description":"Gr\u00e2ce \u00e0 sa capacit\u00e9 maximale, son efficacit\u00e9 et sa fiabilit\u00e9, ce cong\u00e9lateur vertical classique de Danby se d\u00e9marque des autres. Cet appareil \u00e9conomise de l'espace au sol en raison de la conception verticale et \u00e9co\u00e9nergique, ce qui signifie qu'il aidera \u00e0 r\u00e9duire vos factures d'\u00e9lectricit\u00e9 mensuelles. Ce cong\u00e9lateur pleine grandeur offre une capacit\u00e9 de stockage de plus de 47,7 litres (16,7 pi3). Cet appareil dispose d'un int\u00e9rieur blanc et d'un design ext\u00e9rieur en acier inoxydable avec un thermostat num\u00e9rique pour une pr\u00e9cision maximale et une lumi\u00e8re int\u00e9rieure brillante qui facilite la recherche de vos aliments surgel\u00e9s pr\u00e9f\u00e9r\u00e9s. Ce mod\u00e8le populaire offre de nombreuses options de rangement avec des clayettes int\u00e9rieures r\u00e9glables ainsi que des \u00e9tag\u00e8res de porte suppl\u00e9mentaires pour les articles plus petits et plus fr\u00e9quemment utilis\u00e9s. En outre, il est livr\u00e9 avec une garantie de 5 ans sans souci sur les pi\u00e8ces et la main-d'\u0153uvre avec un service \u00e0 domicile.","breadcrumb":[],"inLanguage":"fr-CA","potentialAction":[{"@type":"ReadAction","target":["https:\/\/www.danby.com\/fr\/products\/congelateurs\/duf167a3bsldd\/"]}]},{"@type":"ImageObject","inLanguage":"fr-CA","url":"https:\/\/cdnweb.danby.com\/wp-content\/uploads\/sites\/2\/2022\/02\/08222044\/DUF167A3BSLDD_Warranty.jpg","contentUrl":"https:\/\/cdnweb.danby.com\/wp-content\/uploads\/sites\/2\/2022\/02\/08222044\/DUF167A3BSLDD_Warranty.jpg","width":2000,"height":2000},{"@type":"BreadcrumbList","itemListElement":[{"@type":"ListItem","position":1,"name":"Home","item":"https:\/\/www.danby.com\/fr\/"},{"@type":"ListItem","position":2,"name":"Boutique","item":"https:\/\/www.danby.com\/fr\/boutique\/"},{"@type":"ListItem","position":3,"name":"Danby Designer 16.7 cu ft. Cong\u00e9lateur"}]},{"@type":"WebSite","url":"https:\/\/www.danby.com\/fr\/","name":"Danby - Canada - French","description":"Leader dans le domaine de la r\u00e9frig\u00e9ration et des appareils sp\u00e9cialis\u00e9s","publisher":[],"potentialAction":[{"@type":"SearchAction","target":{"@type":"EntryPoint","urlTemplate":"https:\/\/www.danby.com\/fr\/?s={search_term_string}"},"query-input":{"@type":"PropertyValueSpecification","valueRequired":true,"valueName":"search_term_string"}}],"inLanguage":"fr-CA"},{"@type":"Organization","name":"Danby Appliances","url":"https:\/\/www.danby.com\/fr\/","logo":{"@type":"ImageObject","inLanguage":"fr-CA","url":"https:\/\/cdnweb.danby.com\/wp-content\/uploads\/sites\/2\/2022\/02\/10141906\/Danby75Ans_Blue.png","contentUrl":"https:\/\/cdnweb.danby.com\/wp-content\/uploads\/sites\/2\/2022\/02\/10141906\/Danby75Ans_Blue.png","width":470,"height":110,"caption":"Danby Appliances"},"image":[],"sameAs":["https:\/\/www.facebook.com\/DanbyAppliances","https:\/\/x.com\/DanbyAppliance","https:\/\/instagram.com\/danbyappliances\/","https:\/\/www.linkedin.com\/company\/danbyappliances","https:\/\/www.pinterest.ca\/danbyappliances\/","https:\/\/www.youtube.com\/user\/DanbyProducts","https:\/\/en.wikipedia.org\/wiki\/Danby_(appliances)"]}]}},"post_mailing_queue_ids":[],"_links":{"self":[{"href":"https:\/\/www.danby.com\/fr\/wp-json\/wp\/v2\/product\/5210","targetHints":{"allow":["GET"]}}],"collection":[{"href":"https:\/\/www.danby.com\/fr\/wp-json\/wp\/v2\/product"}],"about":[{"href":"https:\/\/www.danby.com\/fr\/wp-json\/wp\/v2\/types\/product"}],"replies":[{"embeddable":true,"href":"https:\/\/www.danby.com\/fr\/wp-json\/wp\/v2\/comments?post=5210"}],"wp:featuredmedia":[{"embeddable":true,"href":"https:\/\/www.danby.com\/fr\/wp-json\/wp\/v2\/media\/9659"}],"wp:attachment":[{"href":"https:\/\/www.danby.com\/fr\/wp-json\/wp\/v2\/media?parent=5210"}],"wp:term":[{"taxonomy":"product_brand","embeddable":true,"href":"https:\/\/www.danby.com\/fr\/wp-json\/wp\/v2\/product_brand?post=5210"},{"taxonomy":"product_cat","embeddable":true,"href":"https:\/\/www.danby.com\/fr\/wp-json\/wp\/v2\/product_cat?post=5210"},{"taxonomy":"product_tag","embeddable":true,"href":"https:\/\/www.danby.com\/fr\/wp-json\/wp\/v2\/product_tag?post=5210"}],"curies":[{"name":"wp","href":"https:\/\/api.w.org\/{rel}","templated":true}]}}