{"id":5209,"date":"2022-02-03T19:20:58","date_gmt":"2022-02-03T19:20:58","guid":{"rendered":"https:\/\/www.danby.com\/fr\/product\/duf167a2wdd\/"},"modified":"2026-04-11T10:04:48","modified_gmt":"2026-04-11T10:04:48","slug":"duf167a2wdd","status":"publish","type":"product","link":"https:\/\/www.danby.com\/fr\/products\/congelateurs\/duf167a2wdd\/","title":{"rendered":"Danby 16.7 cu. ft. Cong\u00e9lateur"},"content":{"rendered":"","protected":false},"excerpt":{"rendered":"<ul>\n<li>Cong\u00e9lateur vertical d\u2019une capacit\u00e9 de 473 litres (16,7 pi<sup>3<\/sup>) fournit amplement d\u2019espace d\u2019entreposage pour une famille<\/li>\n<li>Le pratique syst\u00e8me sans givre emp\u00eache la formation de glace \u00e0 l&#8217;int\u00e9rieur, tout en \u00e9tant facile \u00e0 entretenir<\/li>\n<li>   Le thermostat num\u00e9rique intuitif install\u00e9 sur la porte est ais\u00e9ment accessible et r\u00e9glable<\/li>\n<li>   Fonction de cong\u00e9lation rapide &#8211; apr\u00e8s avoir rempli le cong\u00e9lateur avec des produits frais, utilisez la fonction de cong\u00e9lation rapide, pour abaisser promptement la temp\u00e9rature interne<\/li>\n<li>   Vous \u00e9viterez l\u2019alt\u00e9ration des aliments, gr\u00e2ce \u00e0 l&#8217;avertisseur de porte entrouverte et de temp\u00e9rature \u00e9lev\u00e9e<\/li>\n<li>   Clayettes r\u00e9glables pour les objets volumineux<\/li>\n<li>   Balconnets permettant d\u2019entreposer, de mani\u00e8re pratique, des denr\u00e9es plus fr\u00e9quemment utilis\u00e9es<\/li>\n<li>   Syst\u00e8me d\u2019\u00e9clairage int\u00e9rieur<\/li>\n<li>   Porte r\u00e9versible.<\/li>\n<\/ul>\n","protected":false},"featured_media":8455,"comment_status":"closed","ping_status":"open","template":"","meta":{"_acf_changed":false},"product_brand":[],"product_cat":[27],"product_tag":[],"class_list":{"0":"post-5209","1":"product","2":"type-product","3":"status-publish","4":"has-post-thumbnail","6":"product_cat-congelateurs","8":"first","9":"outofstock","10":"taxable","11":"shipping-taxable","12":"product-type-simple"},"acf":[],"yoast_head":"<!-- This site is optimized with the Yoast SEO plugin v26.7 - https:\/\/yoast.com\/wordpress\/plugins\/seo\/ -->\n<title>Danby 16.7 cu. ft. Cong\u00e9lateur - DUF167A2WDD | Danby Canada<\/title>\n<meta name=\"description\" content=\"Sa capacit\u00e9 maximale \u00e9tonnante, son efficacit\u00e9 et sa fiabilit\u00e9, voil\u00e0 ce qui permet \u00e0 ce classique cong\u00e9lateur vertical Danby de se d\u00e9marquer de la concurrence. Comme il s\u2019agit d\u2019un appareil vertical, il n\u2019occupe qu\u2019un espace r\u00e9duit et sa conception, centr\u00e9e sur l\u2019\u00e9conomie d\u2019\u00e9nergie, contribuera \u00e0 r\u00e9duire vos factures mensuelles d&#039;\u00e9lectricit\u00e9. Ce cong\u00e9lateur de grande taille, offre une plus que g\u00e9n\u00e9reuse capacit\u00e9 d\u2019entreposage de 473 litres (16,7 pieds cubes). Cet appareil dispose d&#039;un caisson et d\u2019un rev\u00eatement int\u00e9rieur d\u2019un blanc \u00e9clatant, d\u2019un thermostat num\u00e9rique pour une pr\u00e9cision maximale et d\u2019un syst\u00e8me d\u2019\u00e9clairage \u00e9tincelant qui permet de trouver ais\u00e9ment vos aliments congel\u00e9s pr\u00e9f\u00e9r\u00e9s. Ce mod\u00e8le populaire propose de nombreuses options d\u2019entreposage, gr\u00e2ce \u00e0 des tablettes int\u00e9rieures r\u00e9glables ainsi qu\u2019\u00e0 des balconnets pouvant recevoir des articles plus petits et plus fr\u00e9quemment utilis\u00e9s. Il comprend en outre une garantie de 18 mois sans tracas couvrant les pi\u00e8ces et la main-d&#039;\u0153uvre ainsi que le service \u00e0 domicile.\" \/>\n<meta name=\"robots\" content=\"index, follow, max-snippet:-1, max-image-preview:large, max-video-preview:-1\" \/>\n<link rel=\"canonical\" href=\"https:\/\/www.danby.com\/fr\/products\/congelateurs\/duf167a2wdd\/\" \/>\n<meta property=\"og:locale\" content=\"fr_CA\" \/>\n<meta property=\"og:type\" content=\"article\" \/>\n<meta property=\"og:title\" content=\"Danby 16.7 cu. ft. Cong\u00e9lateur - DUF167A2WDD | Danby Canada\" \/>\n<meta property=\"og:description\" content=\"Sa capacit\u00e9 maximale \u00e9tonnante, son efficacit\u00e9 et sa fiabilit\u00e9, voil\u00e0 ce qui permet \u00e0 ce classique cong\u00e9lateur vertical Danby de se d\u00e9marquer de la concurrence. Comme il s\u2019agit d\u2019un appareil vertical, il n\u2019occupe qu\u2019un espace r\u00e9duit et sa conception, centr\u00e9e sur l\u2019\u00e9conomie d\u2019\u00e9nergie, contribuera \u00e0 r\u00e9duire vos factures mensuelles d&#039;\u00e9lectricit\u00e9. Ce cong\u00e9lateur de grande taille, offre une plus que g\u00e9n\u00e9reuse capacit\u00e9 d\u2019entreposage de 473 litres (16,7 pieds cubes). Cet appareil dispose d&#039;un caisson et d\u2019un rev\u00eatement int\u00e9rieur d\u2019un blanc \u00e9clatant, d\u2019un thermostat num\u00e9rique pour une pr\u00e9cision maximale et d\u2019un syst\u00e8me d\u2019\u00e9clairage \u00e9tincelant qui permet de trouver ais\u00e9ment vos aliments congel\u00e9s pr\u00e9f\u00e9r\u00e9s. Ce mod\u00e8le populaire propose de nombreuses options d\u2019entreposage, gr\u00e2ce \u00e0 des tablettes int\u00e9rieures r\u00e9glables ainsi qu\u2019\u00e0 des balconnets pouvant recevoir des articles plus petits et plus fr\u00e9quemment utilis\u00e9s. Il comprend en outre une garantie de 18 mois sans tracas couvrant les pi\u00e8ces et la main-d&#039;\u0153uvre ainsi que le service \u00e0 domicile.\" \/>\n<meta property=\"og:url\" content=\"https:\/\/www.danby.com\/fr\/products\/congelateurs\/duf167a2wdd\/\" \/>\n<meta property=\"og:site_name\" content=\"Danby - Canada - French\" \/>\n<meta property=\"article:publisher\" content=\"https:\/\/www.facebook.com\/DanbyAppliances\" \/>\n<meta property=\"article:modified_time\" content=\"2026-04-11T10:04:48+00:00\" \/>\n<meta property=\"og:image\" content=\"https:\/\/cdnweb.danby.com\/wp-content\/uploads\/sites\/2\/2022\/02\/08204627\/DUF167A2WDD_Right-2-scaled-1.jpg\" \/>\n\t<meta property=\"og:image:width\" content=\"1390\" \/>\n\t<meta property=\"og:image:height\" content=\"2560\" \/>\n\t<meta property=\"og:image:type\" content=\"image\/jpeg\" \/>\n<meta name=\"twitter:card\" content=\"summary_large_image\" \/>\n<meta name=\"twitter:site\" content=\"@DanbyAppliance\" \/>\n<script type=\"application\/ld+json\" class=\"yoast-schema-graph\">{\"@context\":\"https:\/\/schema.org\",\"@graph\":[{\"@type\":[\"WebPage\",\"ItemPage\"],\"url\":\"https:\/\/www.danby.com\/fr\/products\/congelateurs\/duf167a2wdd\/\",\"name\":\"Danby 16.7 cu. ft. Cong\u00e9lateur - DUF167A2WDD | Danby Canada\",\"isPartOf\":[],\"primaryImageOfPage\":[],\"image\":[],\"thumbnailUrl\":\"https:\/\/cdnweb.danby.com\/wp-content\/uploads\/sites\/2\/2022\/02\/08204627\/DUF167A2WDD_Right-2-scaled-1.jpg\",\"datePublished\":\"2022-02-03T19:20:58+00:00\",\"dateModified\":\"2026-04-11T10:04:48+00:00\",\"description\":\"Sa capacit\u00e9 maximale \u00e9tonnante, son efficacit\u00e9 et sa fiabilit\u00e9, voil\u00e0 ce qui permet \u00e0 ce classique cong\u00e9lateur vertical Danby de se d\u00e9marquer de la concurrence. Comme il s\u2019agit d\u2019un appareil vertical, il n\u2019occupe qu\u2019un espace r\u00e9duit et sa conception, centr\u00e9e sur l\u2019\u00e9conomie d\u2019\u00e9nergie, contribuera \u00e0 r\u00e9duire vos factures mensuelles d'\u00e9lectricit\u00e9. Ce cong\u00e9lateur de grande taille, offre une plus que g\u00e9n\u00e9reuse capacit\u00e9 d\u2019entreposage de 473 litres (16,7 pieds cubes). Cet appareil dispose d'un caisson et d\u2019un rev\u00eatement int\u00e9rieur d\u2019un blanc \u00e9clatant, d\u2019un thermostat num\u00e9rique pour une pr\u00e9cision maximale et d\u2019un syst\u00e8me d\u2019\u00e9clairage \u00e9tincelant qui permet de trouver ais\u00e9ment vos aliments congel\u00e9s pr\u00e9f\u00e9r\u00e9s. Ce mod\u00e8le populaire propose de nombreuses options d\u2019entreposage, gr\u00e2ce \u00e0 des tablettes int\u00e9rieures r\u00e9glables ainsi qu\u2019\u00e0 des balconnets pouvant recevoir des articles plus petits et plus fr\u00e9quemment utilis\u00e9s. Il comprend en outre une garantie de 18 mois sans tracas couvrant les pi\u00e8ces et la main-d'\u0153uvre ainsi que le service \u00e0 domicile.\",\"breadcrumb\":[],\"inLanguage\":\"fr-CA\",\"potentialAction\":[{\"@type\":\"ReadAction\",\"target\":[\"https:\/\/www.danby.com\/fr\/products\/congelateurs\/duf167a2wdd\/\"]}]},{\"@type\":\"ImageObject\",\"inLanguage\":\"fr-CA\",\"url\":\"https:\/\/cdnweb.danby.com\/wp-content\/uploads\/sites\/2\/2022\/02\/08204627\/DUF167A2WDD_Right-2-scaled-1.jpg\",\"contentUrl\":\"https:\/\/cdnweb.danby.com\/wp-content\/uploads\/sites\/2\/2022\/02\/08204627\/DUF167A2WDD_Right-2-scaled-1.jpg\",\"width\":1390,\"height\":2560},{\"@type\":\"BreadcrumbList\",\"itemListElement\":[{\"@type\":\"ListItem\",\"position\":1,\"name\":\"Home\",\"item\":\"https:\/\/www.danby.com\/fr\/\"},{\"@type\":\"ListItem\",\"position\":2,\"name\":\"Boutique\",\"item\":\"https:\/\/www.danby.com\/fr\/boutique\/\"},{\"@type\":\"ListItem\",\"position\":3,\"name\":\"Danby 16.7 cu. ft. Cong\u00e9lateur\"}]},{\"@type\":\"WebSite\",\"url\":\"https:\/\/www.danby.com\/fr\/\",\"name\":\"Danby - Canada - French\",\"description\":\"Leader dans le domaine de la r\u00e9frig\u00e9ration et des appareils sp\u00e9cialis\u00e9s\",\"publisher\":[],\"potentialAction\":[{\"@type\":\"SearchAction\",\"target\":{\"@type\":\"EntryPoint\",\"urlTemplate\":\"https:\/\/www.danby.com\/fr\/?s={search_term_string}\"},\"query-input\":{\"@type\":\"PropertyValueSpecification\",\"valueRequired\":true,\"valueName\":\"search_term_string\"}}],\"inLanguage\":\"fr-CA\"},{\"@type\":\"Organization\",\"name\":\"Danby Appliances\",\"url\":\"https:\/\/www.danby.com\/fr\/\",\"logo\":{\"@type\":\"ImageObject\",\"inLanguage\":\"fr-CA\",\"url\":\"https:\/\/cdnweb.danby.com\/wp-content\/uploads\/sites\/2\/2022\/02\/10141906\/Danby75Ans_Blue.png\",\"contentUrl\":\"https:\/\/cdnweb.danby.com\/wp-content\/uploads\/sites\/2\/2022\/02\/10141906\/Danby75Ans_Blue.png\",\"width\":470,\"height\":110,\"caption\":\"Danby Appliances\"},\"image\":[],\"sameAs\":[\"https:\/\/www.facebook.com\/DanbyAppliances\",\"https:\/\/x.com\/DanbyAppliance\",\"https:\/\/instagram.com\/danbyappliances\/\",\"https:\/\/www.linkedin.com\/company\/danbyappliances\",\"https:\/\/www.pinterest.ca\/danbyappliances\/\",\"https:\/\/www.youtube.com\/user\/DanbyProducts\",\"https:\/\/en.wikipedia.org\/wiki\/Danby_(appliances)\"]}]}<\/script>\n<!-- \/ Yoast SEO plugin. -->","yoast_head_json":{"title":"Danby 16.7 cu. ft. Cong\u00e9lateur - DUF167A2WDD | Danby Canada","description":"Sa capacit\u00e9 maximale \u00e9tonnante, son efficacit\u00e9 et sa fiabilit\u00e9, voil\u00e0 ce qui permet \u00e0 ce classique cong\u00e9lateur vertical Danby de se d\u00e9marquer de la concurrence. Comme il s\u2019agit d\u2019un appareil vertical, il n\u2019occupe qu\u2019un espace r\u00e9duit et sa conception, centr\u00e9e sur l\u2019\u00e9conomie d\u2019\u00e9nergie, contribuera \u00e0 r\u00e9duire vos factures mensuelles d'\u00e9lectricit\u00e9. Ce cong\u00e9lateur de grande taille, offre une plus que g\u00e9n\u00e9reuse capacit\u00e9 d\u2019entreposage de 473 litres (16,7 pieds cubes). Cet appareil dispose d'un caisson et d\u2019un rev\u00eatement int\u00e9rieur d\u2019un blanc \u00e9clatant, d\u2019un thermostat num\u00e9rique pour une pr\u00e9cision maximale et d\u2019un syst\u00e8me d\u2019\u00e9clairage \u00e9tincelant qui permet de trouver ais\u00e9ment vos aliments congel\u00e9s pr\u00e9f\u00e9r\u00e9s. Ce mod\u00e8le populaire propose de nombreuses options d\u2019entreposage, gr\u00e2ce \u00e0 des tablettes int\u00e9rieures r\u00e9glables ainsi qu\u2019\u00e0 des balconnets pouvant recevoir des articles plus petits et plus fr\u00e9quemment utilis\u00e9s. Il comprend en outre une garantie de 18 mois sans tracas couvrant les pi\u00e8ces et la main-d'\u0153uvre ainsi que le service \u00e0 domicile.","robots":{"index":"index","follow":"follow","max-snippet":"max-snippet:-1","max-image-preview":"max-image-preview:large","max-video-preview":"max-video-preview:-1"},"canonical":"https:\/\/www.danby.com\/fr\/products\/congelateurs\/duf167a2wdd\/","og_locale":"fr_CA","og_type":"article","og_title":"Danby 16.7 cu. ft. Cong\u00e9lateur - DUF167A2WDD | Danby Canada","og_description":"Sa capacit\u00e9 maximale \u00e9tonnante, son efficacit\u00e9 et sa fiabilit\u00e9, voil\u00e0 ce qui permet \u00e0 ce classique cong\u00e9lateur vertical Danby de se d\u00e9marquer de la concurrence. Comme il s\u2019agit d\u2019un appareil vertical, il n\u2019occupe qu\u2019un espace r\u00e9duit et sa conception, centr\u00e9e sur l\u2019\u00e9conomie d\u2019\u00e9nergie, contribuera \u00e0 r\u00e9duire vos factures mensuelles d'\u00e9lectricit\u00e9. Ce cong\u00e9lateur de grande taille, offre une plus que g\u00e9n\u00e9reuse capacit\u00e9 d\u2019entreposage de 473 litres (16,7 pieds cubes). Cet appareil dispose d'un caisson et d\u2019un rev\u00eatement int\u00e9rieur d\u2019un blanc \u00e9clatant, d\u2019un thermostat num\u00e9rique pour une pr\u00e9cision maximale et d\u2019un syst\u00e8me d\u2019\u00e9clairage \u00e9tincelant qui permet de trouver ais\u00e9ment vos aliments congel\u00e9s pr\u00e9f\u00e9r\u00e9s. Ce mod\u00e8le populaire propose de nombreuses options d\u2019entreposage, gr\u00e2ce \u00e0 des tablettes int\u00e9rieures r\u00e9glables ainsi qu\u2019\u00e0 des balconnets pouvant recevoir des articles plus petits et plus fr\u00e9quemment utilis\u00e9s. Il comprend en outre une garantie de 18 mois sans tracas couvrant les pi\u00e8ces et la main-d'\u0153uvre ainsi que le service \u00e0 domicile.","og_url":"https:\/\/www.danby.com\/fr\/products\/congelateurs\/duf167a2wdd\/","og_site_name":"Danby - Canada - French","article_publisher":"https:\/\/www.facebook.com\/DanbyAppliances","article_modified_time":"2026-04-11T10:04:48+00:00","og_image":[{"width":1390,"height":2560,"url":"https:\/\/cdnweb.danby.com\/wp-content\/uploads\/sites\/2\/2022\/02\/08204627\/DUF167A2WDD_Right-2-scaled-1.jpg","type":"image\/jpeg"}],"twitter_card":"summary_large_image","twitter_site":"@DanbyAppliance","schema":{"@context":"https:\/\/schema.org","@graph":[{"@type":["WebPage","ItemPage"],"url":"https:\/\/www.danby.com\/fr\/products\/congelateurs\/duf167a2wdd\/","name":"Danby 16.7 cu. ft. Cong\u00e9lateur - DUF167A2WDD | Danby Canada","isPartOf":[],"primaryImageOfPage":[],"image":[],"thumbnailUrl":"https:\/\/cdnweb.danby.com\/wp-content\/uploads\/sites\/2\/2022\/02\/08204627\/DUF167A2WDD_Right-2-scaled-1.jpg","datePublished":"2022-02-03T19:20:58+00:00","dateModified":"2026-04-11T10:04:48+00:00","description":"Sa capacit\u00e9 maximale \u00e9tonnante, son efficacit\u00e9 et sa fiabilit\u00e9, voil\u00e0 ce qui permet \u00e0 ce classique cong\u00e9lateur vertical Danby de se d\u00e9marquer de la concurrence. Comme il s\u2019agit d\u2019un appareil vertical, il n\u2019occupe qu\u2019un espace r\u00e9duit et sa conception, centr\u00e9e sur l\u2019\u00e9conomie d\u2019\u00e9nergie, contribuera \u00e0 r\u00e9duire vos factures mensuelles d'\u00e9lectricit\u00e9. Ce cong\u00e9lateur de grande taille, offre une plus que g\u00e9n\u00e9reuse capacit\u00e9 d\u2019entreposage de 473 litres (16,7 pieds cubes). Cet appareil dispose d'un caisson et d\u2019un rev\u00eatement int\u00e9rieur d\u2019un blanc \u00e9clatant, d\u2019un thermostat num\u00e9rique pour une pr\u00e9cision maximale et d\u2019un syst\u00e8me d\u2019\u00e9clairage \u00e9tincelant qui permet de trouver ais\u00e9ment vos aliments congel\u00e9s pr\u00e9f\u00e9r\u00e9s. Ce mod\u00e8le populaire propose de nombreuses options d\u2019entreposage, gr\u00e2ce \u00e0 des tablettes int\u00e9rieures r\u00e9glables ainsi qu\u2019\u00e0 des balconnets pouvant recevoir des articles plus petits et plus fr\u00e9quemment utilis\u00e9s. Il comprend en outre une garantie de 18 mois sans tracas couvrant les pi\u00e8ces et la main-d'\u0153uvre ainsi que le service \u00e0 domicile.","breadcrumb":[],"inLanguage":"fr-CA","potentialAction":[{"@type":"ReadAction","target":["https:\/\/www.danby.com\/fr\/products\/congelateurs\/duf167a2wdd\/"]}]},{"@type":"ImageObject","inLanguage":"fr-CA","url":"https:\/\/cdnweb.danby.com\/wp-content\/uploads\/sites\/2\/2022\/02\/08204627\/DUF167A2WDD_Right-2-scaled-1.jpg","contentUrl":"https:\/\/cdnweb.danby.com\/wp-content\/uploads\/sites\/2\/2022\/02\/08204627\/DUF167A2WDD_Right-2-scaled-1.jpg","width":1390,"height":2560},{"@type":"BreadcrumbList","itemListElement":[{"@type":"ListItem","position":1,"name":"Home","item":"https:\/\/www.danby.com\/fr\/"},{"@type":"ListItem","position":2,"name":"Boutique","item":"https:\/\/www.danby.com\/fr\/boutique\/"},{"@type":"ListItem","position":3,"name":"Danby 16.7 cu. ft. Cong\u00e9lateur"}]},{"@type":"WebSite","url":"https:\/\/www.danby.com\/fr\/","name":"Danby - Canada - French","description":"Leader dans le domaine de la r\u00e9frig\u00e9ration et des appareils sp\u00e9cialis\u00e9s","publisher":[],"potentialAction":[{"@type":"SearchAction","target":{"@type":"EntryPoint","urlTemplate":"https:\/\/www.danby.com\/fr\/?s={search_term_string}"},"query-input":{"@type":"PropertyValueSpecification","valueRequired":true,"valueName":"search_term_string"}}],"inLanguage":"fr-CA"},{"@type":"Organization","name":"Danby Appliances","url":"https:\/\/www.danby.com\/fr\/","logo":{"@type":"ImageObject","inLanguage":"fr-CA","url":"https:\/\/cdnweb.danby.com\/wp-content\/uploads\/sites\/2\/2022\/02\/10141906\/Danby75Ans_Blue.png","contentUrl":"https:\/\/cdnweb.danby.com\/wp-content\/uploads\/sites\/2\/2022\/02\/10141906\/Danby75Ans_Blue.png","width":470,"height":110,"caption":"Danby Appliances"},"image":[],"sameAs":["https:\/\/www.facebook.com\/DanbyAppliances","https:\/\/x.com\/DanbyAppliance","https:\/\/instagram.com\/danbyappliances\/","https:\/\/www.linkedin.com\/company\/danbyappliances","https:\/\/www.pinterest.ca\/danbyappliances\/","https:\/\/www.youtube.com\/user\/DanbyProducts","https:\/\/en.wikipedia.org\/wiki\/Danby_(appliances)"]}]}},"post_mailing_queue_ids":[],"_links":{"self":[{"href":"https:\/\/www.danby.com\/fr\/wp-json\/wp\/v2\/product\/5209","targetHints":{"allow":["GET"]}}],"collection":[{"href":"https:\/\/www.danby.com\/fr\/wp-json\/wp\/v2\/product"}],"about":[{"href":"https:\/\/www.danby.com\/fr\/wp-json\/wp\/v2\/types\/product"}],"replies":[{"embeddable":true,"href":"https:\/\/www.danby.com\/fr\/wp-json\/wp\/v2\/comments?post=5209"}],"wp:featuredmedia":[{"embeddable":true,"href":"https:\/\/www.danby.com\/fr\/wp-json\/wp\/v2\/media\/8455"}],"wp:attachment":[{"href":"https:\/\/www.danby.com\/fr\/wp-json\/wp\/v2\/media?parent=5209"}],"wp:term":[{"taxonomy":"product_brand","embeddable":true,"href":"https:\/\/www.danby.com\/fr\/wp-json\/wp\/v2\/product_brand?post=5209"},{"taxonomy":"product_cat","embeddable":true,"href":"https:\/\/www.danby.com\/fr\/wp-json\/wp\/v2\/product_cat?post=5209"},{"taxonomy":"product_tag","embeddable":true,"href":"https:\/\/www.danby.com\/fr\/wp-json\/wp\/v2\/product_tag?post=5209"}],"curies":[{"name":"wp","href":"https:\/\/api.w.org\/{rel}","templated":true}]}}