{"id":5207,"date":"2022-02-03T19:20:58","date_gmt":"2022-02-03T19:20:58","guid":{"rendered":"https:\/\/www.danby.com\/fr\/product\/duf140e1wdd\/"},"modified":"2026-04-17T10:04:43","modified_gmt":"2026-04-17T10:04:43","slug":"duf140e1wdd","status":"publish","type":"product","link":"https:\/\/www.danby.com\/fr\/products\/congelateurs\/duf140e1wdd\/","title":{"rendered":"Cong\u00e9lateur vertical Danby Designer de 14,0 pi3 en Blanc"},"content":{"rendered":"","protected":false},"excerpt":{"rendered":"<ul>\n<li>Le cong\u00e9lateur vertical de taille familiale d&#8217;une capacit\u00e9 de 13,8 pi3 offre une grande capacit\u00e9 de stockage au froid<\/li>\n<li>La conception pratique sans givre emp\u00eache l&#8217;accumulation de glace \u00e0 l&#8217;int\u00e9rieur et est facile \u00e0 entretenir<\/li>\n<li>Pr\u00eat pour le garage : Le cong\u00e9lateur peut fonctionner \u00e0 des temp\u00e9ratures allant de 0\u00b0F \u00e0 110\u00b0F (-17\u00b0C \u00e0 43\u00b0C)<\/li>\n<li>Multifonctionnel, il peut fonctionner comme un cong\u00e9lateur ou se convertir facilement en r\u00e9frig\u00e9rateur<\/li>\n<li>Intuitive digital door mounted thermostat is easily accessible and adjustable<\/li>\n<li>Fonction de cong\u00e9lation rapide &#8211; apr\u00e8s avoir rempli le cong\u00e9lateur de produits frais, utilisez la fonction de cong\u00e9lation rapide pour faire baisser rapidement la temp\u00e9rature interne<\/li>\n<li>\u00c9vitez la d\u00e9t\u00e9rioration des aliments gr\u00e2ce \u00e0 l&#8217;alarme d&#8217;ouverture de porte et \u00e0 l&#8217;alarme de temp\u00e9rature \u00e9lev\u00e9e<\/li>\n<li>Lumi\u00e8re int\u00e9rieure LED blanche et brillante<\/li>\n<\/ul>\n","protected":false},"featured_media":25745,"comment_status":"closed","ping_status":"open","template":"","meta":{"_acf_changed":false},"product_brand":[],"product_cat":[27],"product_tag":[],"class_list":{"0":"post-5207","1":"product","2":"type-product","3":"status-publish","4":"has-post-thumbnail","6":"product_cat-congelateurs","7":"pa_capacite-pi3-1285","8":"pa_couleur-white","9":"pa_duree-de-la-garantie-en-mois-1181","11":"first","12":"outofstock","13":"taxable","14":"shipping-taxable","15":"product-type-simple"},"acf":[],"yoast_head":"<!-- This site is optimized with the Yoast SEO plugin v26.7 - https:\/\/yoast.com\/wordpress\/plugins\/seo\/ -->\n<title>Cong\u00e9lateur vertical Danby Designer de 14,0 pi3 en Blanc - DUF140E1WDD | Danby Canada<\/title>\n<meta name=\"description\" content=\"Ce cong\u00e9lateur vertical de 14 pi3 de Danby offre une grande capacit\u00e9 de stockage au froid pour toute votre famille. Sa conception pratique sans givre emp\u00eache l&#039;accumulation de glace \u00e0 l&#039;int\u00e9rieur pour un entretien facile toute l&#039;ann\u00e9e. La conception multifonctionnelle permet \u00e0 cet appareil de fonctionner comme un cong\u00e9lateur ou un r\u00e9frig\u00e9rateur. Le r\u00e9glage est facile gr\u00e2ce au thermostat num\u00e9rique intuitif mont\u00e9 sur la porte. Apr\u00e8s avoir rempli le cong\u00e9lateur de produits frais, utilisez la fonction de cong\u00e9lation rapide pour faire baisser rapidement la temp\u00e9rature interne. Une alarme d&#039;ouverture de porte et une alarme de temp\u00e9rature \u00e9lev\u00e9e permettent d&#039;\u00e9viter la d\u00e9t\u00e9rioration des aliments. Vous n&#039;aurez aucun probl\u00e8me \u00e0 voir tout le contenu de votre cong\u00e9lateur gr\u00e2ce \u00e0 la lumi\u00e8re int\u00e9rieure LED de ce cong\u00e9lateur vertical fiable de Danby.\" \/>\n<meta name=\"robots\" content=\"index, follow, max-snippet:-1, max-image-preview:large, max-video-preview:-1\" \/>\n<link rel=\"canonical\" href=\"https:\/\/www.danby.com\/fr\/products\/congelateurs\/duf140e1wdd\/\" \/>\n<meta property=\"og:locale\" content=\"fr_CA\" \/>\n<meta property=\"og:type\" content=\"article\" \/>\n<meta property=\"og:title\" content=\"Cong\u00e9lateur vertical Danby Designer de 14,0 pi3 en Blanc - DUF140E1WDD | Danby Canada\" \/>\n<meta property=\"og:description\" content=\"Ce cong\u00e9lateur vertical de 14 pi3 de Danby offre une grande capacit\u00e9 de stockage au froid pour toute votre famille. Sa conception pratique sans givre emp\u00eache l&#039;accumulation de glace \u00e0 l&#039;int\u00e9rieur pour un entretien facile toute l&#039;ann\u00e9e. La conception multifonctionnelle permet \u00e0 cet appareil de fonctionner comme un cong\u00e9lateur ou un r\u00e9frig\u00e9rateur. Le r\u00e9glage est facile gr\u00e2ce au thermostat num\u00e9rique intuitif mont\u00e9 sur la porte. Apr\u00e8s avoir rempli le cong\u00e9lateur de produits frais, utilisez la fonction de cong\u00e9lation rapide pour faire baisser rapidement la temp\u00e9rature interne. Une alarme d&#039;ouverture de porte et une alarme de temp\u00e9rature \u00e9lev\u00e9e permettent d&#039;\u00e9viter la d\u00e9t\u00e9rioration des aliments. Vous n&#039;aurez aucun probl\u00e8me \u00e0 voir tout le contenu de votre cong\u00e9lateur gr\u00e2ce \u00e0 la lumi\u00e8re int\u00e9rieure LED de ce cong\u00e9lateur vertical fiable de Danby.\" \/>\n<meta property=\"og:url\" content=\"https:\/\/www.danby.com\/fr\/products\/congelateurs\/duf140e1wdd\/\" \/>\n<meta property=\"og:site_name\" content=\"Danby - Canada - French\" \/>\n<meta property=\"article:publisher\" content=\"https:\/\/www.facebook.com\/DanbyAppliances\" \/>\n<meta property=\"article:modified_time\" content=\"2026-04-17T10:04:43+00:00\" \/>\n<meta property=\"og:image\" content=\"https:\/\/cdnweb.danby.com\/wp-content\/uploads\/sites\/2\/2023\/05\/11190618\/DUF140E1WDD_Front_Clean.jpg\" \/>\n\t<meta property=\"og:image:width\" content=\"1500\" \/>\n\t<meta property=\"og:image:height\" content=\"2000\" \/>\n\t<meta property=\"og:image:type\" content=\"image\/jpeg\" \/>\n<meta name=\"twitter:card\" content=\"summary_large_image\" \/>\n<meta name=\"twitter:site\" content=\"@DanbyAppliance\" \/>\n<script type=\"application\/ld+json\" class=\"yoast-schema-graph\">{\"@context\":\"https:\/\/schema.org\",\"@graph\":[{\"@type\":[\"WebPage\",\"ItemPage\"],\"url\":\"https:\/\/www.danby.com\/fr\/products\/congelateurs\/duf140e1wdd\/\",\"name\":\"Cong\u00e9lateur vertical Danby Designer de 14,0 pi3 en Blanc - DUF140E1WDD | Danby Canada\",\"isPartOf\":[],\"primaryImageOfPage\":[],\"image\":[],\"thumbnailUrl\":\"https:\/\/cdnweb.danby.com\/wp-content\/uploads\/sites\/2\/2023\/11\/22150758\/Thumbnail__0010_DUF140E1WDD.jpg\",\"datePublished\":\"2022-02-03T19:20:58+00:00\",\"dateModified\":\"2026-04-17T10:04:43+00:00\",\"description\":\"Ce cong\u00e9lateur vertical de 14 pi3 de Danby offre une grande capacit\u00e9 de stockage au froid pour toute votre famille. Sa conception pratique sans givre emp\u00eache l'accumulation de glace \u00e0 l'int\u00e9rieur pour un entretien facile toute l'ann\u00e9e. La conception multifonctionnelle permet \u00e0 cet appareil de fonctionner comme un cong\u00e9lateur ou un r\u00e9frig\u00e9rateur. Le r\u00e9glage est facile gr\u00e2ce au thermostat num\u00e9rique intuitif mont\u00e9 sur la porte. Apr\u00e8s avoir rempli le cong\u00e9lateur de produits frais, utilisez la fonction de cong\u00e9lation rapide pour faire baisser rapidement la temp\u00e9rature interne. Une alarme d'ouverture de porte et une alarme de temp\u00e9rature \u00e9lev\u00e9e permettent d'\u00e9viter la d\u00e9t\u00e9rioration des aliments. Vous n'aurez aucun probl\u00e8me \u00e0 voir tout le contenu de votre cong\u00e9lateur gr\u00e2ce \u00e0 la lumi\u00e8re int\u00e9rieure LED de ce cong\u00e9lateur vertical fiable de Danby.\",\"breadcrumb\":[],\"inLanguage\":\"fr-CA\",\"potentialAction\":[{\"@type\":\"ReadAction\",\"target\":[\"https:\/\/www.danby.com\/fr\/products\/congelateurs\/duf140e1wdd\/\"]}]},{\"@type\":\"ImageObject\",\"inLanguage\":\"fr-CA\",\"url\":\"https:\/\/cdnweb.danby.com\/wp-content\/uploads\/sites\/2\/2023\/11\/22150758\/Thumbnail__0010_DUF140E1WDD.jpg\",\"contentUrl\":\"https:\/\/cdnweb.danby.com\/wp-content\/uploads\/sites\/2\/2023\/11\/22150758\/Thumbnail__0010_DUF140E1WDD.jpg\",\"width\":1125,\"height\":1500},{\"@type\":\"BreadcrumbList\",\"itemListElement\":[{\"@type\":\"ListItem\",\"position\":1,\"name\":\"Home\",\"item\":\"https:\/\/www.danby.com\/fr\/\"},{\"@type\":\"ListItem\",\"position\":2,\"name\":\"Boutique\",\"item\":\"https:\/\/www.danby.com\/fr\/boutique\/\"},{\"@type\":\"ListItem\",\"position\":3,\"name\":\"Cong\u00e9lateur vertical Danby Designer de 14,0 pi3 en Blanc\"}]},{\"@type\":\"WebSite\",\"url\":\"https:\/\/www.danby.com\/fr\/\",\"name\":\"Danby - Canada - French\",\"description\":\"Leader dans le domaine de la r\u00e9frig\u00e9ration et des appareils sp\u00e9cialis\u00e9s\",\"publisher\":[],\"potentialAction\":[{\"@type\":\"SearchAction\",\"target\":{\"@type\":\"EntryPoint\",\"urlTemplate\":\"https:\/\/www.danby.com\/fr\/?s={search_term_string}\"},\"query-input\":{\"@type\":\"PropertyValueSpecification\",\"valueRequired\":true,\"valueName\":\"search_term_string\"}}],\"inLanguage\":\"fr-CA\"},{\"@type\":\"Organization\",\"name\":\"Danby Appliances\",\"url\":\"https:\/\/www.danby.com\/fr\/\",\"logo\":{\"@type\":\"ImageObject\",\"inLanguage\":\"fr-CA\",\"url\":\"https:\/\/cdnweb.danby.com\/wp-content\/uploads\/sites\/2\/2022\/02\/10141906\/Danby75Ans_Blue.png\",\"contentUrl\":\"https:\/\/cdnweb.danby.com\/wp-content\/uploads\/sites\/2\/2022\/02\/10141906\/Danby75Ans_Blue.png\",\"width\":470,\"height\":110,\"caption\":\"Danby Appliances\"},\"image\":[],\"sameAs\":[\"https:\/\/www.facebook.com\/DanbyAppliances\",\"https:\/\/x.com\/DanbyAppliance\",\"https:\/\/instagram.com\/danbyappliances\/\",\"https:\/\/www.linkedin.com\/company\/danbyappliances\",\"https:\/\/www.pinterest.ca\/danbyappliances\/\",\"https:\/\/www.youtube.com\/user\/DanbyProducts\",\"https:\/\/en.wikipedia.org\/wiki\/Danby_(appliances)\"]}]}<\/script>\n<!-- \/ Yoast SEO plugin. -->","yoast_head_json":{"title":"Cong\u00e9lateur vertical Danby Designer de 14,0 pi3 en Blanc - DUF140E1WDD | Danby Canada","description":"Ce cong\u00e9lateur vertical de 14 pi3 de Danby offre une grande capacit\u00e9 de stockage au froid pour toute votre famille. Sa conception pratique sans givre emp\u00eache l'accumulation de glace \u00e0 l'int\u00e9rieur pour un entretien facile toute l'ann\u00e9e. La conception multifonctionnelle permet \u00e0 cet appareil de fonctionner comme un cong\u00e9lateur ou un r\u00e9frig\u00e9rateur. Le r\u00e9glage est facile gr\u00e2ce au thermostat num\u00e9rique intuitif mont\u00e9 sur la porte. Apr\u00e8s avoir rempli le cong\u00e9lateur de produits frais, utilisez la fonction de cong\u00e9lation rapide pour faire baisser rapidement la temp\u00e9rature interne. Une alarme d'ouverture de porte et une alarme de temp\u00e9rature \u00e9lev\u00e9e permettent d'\u00e9viter la d\u00e9t\u00e9rioration des aliments. Vous n'aurez aucun probl\u00e8me \u00e0 voir tout le contenu de votre cong\u00e9lateur gr\u00e2ce \u00e0 la lumi\u00e8re int\u00e9rieure LED de ce cong\u00e9lateur vertical fiable de Danby.","robots":{"index":"index","follow":"follow","max-snippet":"max-snippet:-1","max-image-preview":"max-image-preview:large","max-video-preview":"max-video-preview:-1"},"canonical":"https:\/\/www.danby.com\/fr\/products\/congelateurs\/duf140e1wdd\/","og_locale":"fr_CA","og_type":"article","og_title":"Cong\u00e9lateur vertical Danby Designer de 14,0 pi3 en Blanc - DUF140E1WDD | Danby Canada","og_description":"Ce cong\u00e9lateur vertical de 14 pi3 de Danby offre une grande capacit\u00e9 de stockage au froid pour toute votre famille. Sa conception pratique sans givre emp\u00eache l'accumulation de glace \u00e0 l'int\u00e9rieur pour un entretien facile toute l'ann\u00e9e. La conception multifonctionnelle permet \u00e0 cet appareil de fonctionner comme un cong\u00e9lateur ou un r\u00e9frig\u00e9rateur. Le r\u00e9glage est facile gr\u00e2ce au thermostat num\u00e9rique intuitif mont\u00e9 sur la porte. Apr\u00e8s avoir rempli le cong\u00e9lateur de produits frais, utilisez la fonction de cong\u00e9lation rapide pour faire baisser rapidement la temp\u00e9rature interne. Une alarme d'ouverture de porte et une alarme de temp\u00e9rature \u00e9lev\u00e9e permettent d'\u00e9viter la d\u00e9t\u00e9rioration des aliments. Vous n'aurez aucun probl\u00e8me \u00e0 voir tout le contenu de votre cong\u00e9lateur gr\u00e2ce \u00e0 la lumi\u00e8re int\u00e9rieure LED de ce cong\u00e9lateur vertical fiable de Danby.","og_url":"https:\/\/www.danby.com\/fr\/products\/congelateurs\/duf140e1wdd\/","og_site_name":"Danby - Canada - French","article_publisher":"https:\/\/www.facebook.com\/DanbyAppliances","article_modified_time":"2026-04-17T10:04:43+00:00","og_image":[{"width":1500,"height":2000,"url":"https:\/\/cdnweb.danby.com\/wp-content\/uploads\/sites\/2\/2023\/05\/11190618\/DUF140E1WDD_Front_Clean.jpg","type":"image\/jpeg"}],"twitter_card":"summary_large_image","twitter_site":"@DanbyAppliance","schema":{"@context":"https:\/\/schema.org","@graph":[{"@type":["WebPage","ItemPage"],"url":"https:\/\/www.danby.com\/fr\/products\/congelateurs\/duf140e1wdd\/","name":"Cong\u00e9lateur vertical Danby Designer de 14,0 pi3 en Blanc - DUF140E1WDD | Danby Canada","isPartOf":[],"primaryImageOfPage":[],"image":[],"thumbnailUrl":"https:\/\/cdnweb.danby.com\/wp-content\/uploads\/sites\/2\/2023\/11\/22150758\/Thumbnail__0010_DUF140E1WDD.jpg","datePublished":"2022-02-03T19:20:58+00:00","dateModified":"2026-04-17T10:04:43+00:00","description":"Ce cong\u00e9lateur vertical de 14 pi3 de Danby offre une grande capacit\u00e9 de stockage au froid pour toute votre famille. Sa conception pratique sans givre emp\u00eache l'accumulation de glace \u00e0 l'int\u00e9rieur pour un entretien facile toute l'ann\u00e9e. La conception multifonctionnelle permet \u00e0 cet appareil de fonctionner comme un cong\u00e9lateur ou un r\u00e9frig\u00e9rateur. Le r\u00e9glage est facile gr\u00e2ce au thermostat num\u00e9rique intuitif mont\u00e9 sur la porte. Apr\u00e8s avoir rempli le cong\u00e9lateur de produits frais, utilisez la fonction de cong\u00e9lation rapide pour faire baisser rapidement la temp\u00e9rature interne. Une alarme d'ouverture de porte et une alarme de temp\u00e9rature \u00e9lev\u00e9e permettent d'\u00e9viter la d\u00e9t\u00e9rioration des aliments. Vous n'aurez aucun probl\u00e8me \u00e0 voir tout le contenu de votre cong\u00e9lateur gr\u00e2ce \u00e0 la lumi\u00e8re int\u00e9rieure LED de ce cong\u00e9lateur vertical fiable de Danby.","breadcrumb":[],"inLanguage":"fr-CA","potentialAction":[{"@type":"ReadAction","target":["https:\/\/www.danby.com\/fr\/products\/congelateurs\/duf140e1wdd\/"]}]},{"@type":"ImageObject","inLanguage":"fr-CA","url":"https:\/\/cdnweb.danby.com\/wp-content\/uploads\/sites\/2\/2023\/11\/22150758\/Thumbnail__0010_DUF140E1WDD.jpg","contentUrl":"https:\/\/cdnweb.danby.com\/wp-content\/uploads\/sites\/2\/2023\/11\/22150758\/Thumbnail__0010_DUF140E1WDD.jpg","width":1125,"height":1500},{"@type":"BreadcrumbList","itemListElement":[{"@type":"ListItem","position":1,"name":"Home","item":"https:\/\/www.danby.com\/fr\/"},{"@type":"ListItem","position":2,"name":"Boutique","item":"https:\/\/www.danby.com\/fr\/boutique\/"},{"@type":"ListItem","position":3,"name":"Cong\u00e9lateur vertical Danby Designer de 14,0 pi3 en Blanc"}]},{"@type":"WebSite","url":"https:\/\/www.danby.com\/fr\/","name":"Danby - Canada - French","description":"Leader dans le domaine de la r\u00e9frig\u00e9ration et des appareils sp\u00e9cialis\u00e9s","publisher":[],"potentialAction":[{"@type":"SearchAction","target":{"@type":"EntryPoint","urlTemplate":"https:\/\/www.danby.com\/fr\/?s={search_term_string}"},"query-input":{"@type":"PropertyValueSpecification","valueRequired":true,"valueName":"search_term_string"}}],"inLanguage":"fr-CA"},{"@type":"Organization","name":"Danby Appliances","url":"https:\/\/www.danby.com\/fr\/","logo":{"@type":"ImageObject","inLanguage":"fr-CA","url":"https:\/\/cdnweb.danby.com\/wp-content\/uploads\/sites\/2\/2022\/02\/10141906\/Danby75Ans_Blue.png","contentUrl":"https:\/\/cdnweb.danby.com\/wp-content\/uploads\/sites\/2\/2022\/02\/10141906\/Danby75Ans_Blue.png","width":470,"height":110,"caption":"Danby Appliances"},"image":[],"sameAs":["https:\/\/www.facebook.com\/DanbyAppliances","https:\/\/x.com\/DanbyAppliance","https:\/\/instagram.com\/danbyappliances\/","https:\/\/www.linkedin.com\/company\/danbyappliances","https:\/\/www.pinterest.ca\/danbyappliances\/","https:\/\/www.youtube.com\/user\/DanbyProducts","https:\/\/en.wikipedia.org\/wiki\/Danby_(appliances)"]}]}},"post_mailing_queue_ids":[],"_links":{"self":[{"href":"https:\/\/www.danby.com\/fr\/wp-json\/wp\/v2\/product\/5207","targetHints":{"allow":["GET"]}}],"collection":[{"href":"https:\/\/www.danby.com\/fr\/wp-json\/wp\/v2\/product"}],"about":[{"href":"https:\/\/www.danby.com\/fr\/wp-json\/wp\/v2\/types\/product"}],"replies":[{"embeddable":true,"href":"https:\/\/www.danby.com\/fr\/wp-json\/wp\/v2\/comments?post=5207"}],"wp:featuredmedia":[{"embeddable":true,"href":"https:\/\/www.danby.com\/fr\/wp-json\/wp\/v2\/media\/25745"}],"wp:attachment":[{"href":"https:\/\/www.danby.com\/fr\/wp-json\/wp\/v2\/media?parent=5207"}],"wp:term":[{"taxonomy":"product_brand","embeddable":true,"href":"https:\/\/www.danby.com\/fr\/wp-json\/wp\/v2\/product_brand?post=5207"},{"taxonomy":"product_cat","embeddable":true,"href":"https:\/\/www.danby.com\/fr\/wp-json\/wp\/v2\/product_cat?post=5207"},{"taxonomy":"product_tag","embeddable":true,"href":"https:\/\/www.danby.com\/fr\/wp-json\/wp\/v2\/product_tag?post=5207"}],"curies":[{"name":"wp","href":"https:\/\/api.w.org\/{rel}","templated":true}]}}