{"id":5205,"date":"2022-02-03T19:20:58","date_gmt":"2022-02-03T19:20:58","guid":{"rendered":"https:\/\/www.danby.com\/fr\/product\/duf1166w\/"},"modified":"2026-04-18T10:09:14","modified_gmt":"2026-04-18T10:09:14","slug":"duf1166w","status":"publish","type":"product","link":"https:\/\/www.danby.com\/fr\/products\/congelateurs\/duf1166w\/","title":{"rendered":"Danby 11.6  Cong\u00e9lateur"},"content":{"rendered":"","protected":false},"excerpt":{"rendered":"<ul>\n<li>Cong\u00e9lateur vertical de 11,6 pi3. (328 litres)<\/li>\n<li>D\u00e9givrage manuel<\/li>\n<li>Coffre et porte textur\u00e9es r\u00e9sistantes aux \u00e9raflures<\/li>\n<li>Coffre et porte isol\u00e9es par de la mousse \u00e0 haut rendement \u00e9nerg\u00e9tique<\/li>\n<li>Thermostat r\u00e9glable<\/li>\n<li>3 tablettes de cong\u00e9lation rapide<\/li>\n<li>5 tablettes de porte<\/li>\n<li>Porte de rangement rabattable<\/li>\n<li>Poign\u00e9e de porte profil\u00e9e<\/li>\n<\/ul>\n","protected":false},"featured_media":6425,"comment_status":"closed","ping_status":"open","template":"","meta":{"_acf_changed":false},"product_brand":[],"product_cat":[27],"product_tag":[],"class_list":{"0":"post-5205","1":"product","2":"type-product","3":"status-publish","4":"has-post-thumbnail","6":"product_cat-congelateurs","8":"first","9":"outofstock","10":"taxable","11":"shipping-taxable","12":"product-type-simple"},"acf":[],"yoast_head":"<!-- This site is optimized with the Yoast SEO plugin v26.7 - https:\/\/yoast.com\/wordpress\/plugins\/seo\/ -->\n<title>Danby 11.6 Cong\u00e9lateur - DUF1166W | Danby Canada<\/title>\n<meta name=\"description\" content=\"Les cong\u00e9lateurs verticaux Danby comportent des \u00e9tag\u00e8res faciles d&#039;acc\u00e8s et un espace d&#039;entreposage dans la porte qui vous permet de trouver facilement les articles que vous cherchez.\u00a0 Ce cong\u00e9lateur offre 11,6 pieds cubes d&#039;espace frigorifique facile \u00e0 organiser.\" \/>\n<meta name=\"robots\" content=\"index, follow, max-snippet:-1, max-image-preview:large, max-video-preview:-1\" \/>\n<link rel=\"canonical\" href=\"https:\/\/www.danby.com\/fr\/products\/congelateurs\/duf1166w\/\" \/>\n<meta property=\"og:locale\" content=\"fr_CA\" \/>\n<meta property=\"og:type\" content=\"article\" \/>\n<meta property=\"og:title\" content=\"Danby 11.6 Cong\u00e9lateur - DUF1166W | Danby Canada\" \/>\n<meta property=\"og:description\" content=\"Les cong\u00e9lateurs verticaux Danby comportent des \u00e9tag\u00e8res faciles d&#039;acc\u00e8s et un espace d&#039;entreposage dans la porte qui vous permet de trouver facilement les articles que vous cherchez.\u00a0 Ce cong\u00e9lateur offre 11,6 pieds cubes d&#039;espace frigorifique facile \u00e0 organiser.\" \/>\n<meta property=\"og:url\" content=\"https:\/\/www.danby.com\/fr\/products\/congelateurs\/duf1166w\/\" \/>\n<meta property=\"og:site_name\" content=\"Danby - Canada - French\" \/>\n<meta property=\"article:publisher\" content=\"https:\/\/www.facebook.com\/DanbyAppliances\" \/>\n<meta property=\"article:modified_time\" content=\"2026-04-18T10:09:14+00:00\" \/>\n<meta property=\"og:image\" content=\"https:\/\/cdnweb.danby.com\/wp-content\/uploads\/sites\/2\/2022\/02\/08183943\/proMed-duf1166w_closed.jpg\" \/>\n\t<meta property=\"og:image:width\" content=\"303\" \/>\n\t<meta property=\"og:image:height\" content=\"275\" \/>\n\t<meta property=\"og:image:type\" content=\"image\/jpeg\" \/>\n<meta name=\"twitter:card\" content=\"summary_large_image\" \/>\n<meta name=\"twitter:site\" content=\"@DanbyAppliance\" \/>\n<script type=\"application\/ld+json\" class=\"yoast-schema-graph\">{\"@context\":\"https:\/\/schema.org\",\"@graph\":[{\"@type\":[\"WebPage\",\"ItemPage\"],\"url\":\"https:\/\/www.danby.com\/fr\/products\/congelateurs\/duf1166w\/\",\"name\":\"Danby 11.6 Cong\u00e9lateur - DUF1166W | Danby Canada\",\"isPartOf\":[],\"primaryImageOfPage\":[],\"image\":[],\"thumbnailUrl\":\"https:\/\/cdnweb.danby.com\/wp-content\/uploads\/sites\/2\/2022\/02\/08183943\/proMed-duf1166w_closed.jpg\",\"datePublished\":\"2022-02-03T19:20:58+00:00\",\"dateModified\":\"2026-04-18T10:09:14+00:00\",\"description\":\"Les cong\u00e9lateurs verticaux Danby comportent des \u00e9tag\u00e8res faciles d'acc\u00e8s et un espace d'entreposage dans la porte qui vous permet de trouver facilement les articles que vous cherchez.\u00a0 Ce cong\u00e9lateur offre 11,6 pieds cubes d'espace frigorifique facile \u00e0 organiser.\",\"breadcrumb\":[],\"inLanguage\":\"fr-CA\",\"potentialAction\":[{\"@type\":\"ReadAction\",\"target\":[\"https:\/\/www.danby.com\/fr\/products\/congelateurs\/duf1166w\/\"]}]},{\"@type\":\"ImageObject\",\"inLanguage\":\"fr-CA\",\"url\":\"https:\/\/cdnweb.danby.com\/wp-content\/uploads\/sites\/2\/2022\/02\/08183943\/proMed-duf1166w_closed.jpg\",\"contentUrl\":\"https:\/\/cdnweb.danby.com\/wp-content\/uploads\/sites\/2\/2022\/02\/08183943\/proMed-duf1166w_closed.jpg\",\"width\":303,\"height\":275},{\"@type\":\"BreadcrumbList\",\"itemListElement\":[{\"@type\":\"ListItem\",\"position\":1,\"name\":\"Home\",\"item\":\"https:\/\/www.danby.com\/fr\/\"},{\"@type\":\"ListItem\",\"position\":2,\"name\":\"Boutique\",\"item\":\"https:\/\/www.danby.com\/fr\/boutique\/\"},{\"@type\":\"ListItem\",\"position\":3,\"name\":\"Danby 11.6 Cong\u00e9lateur\"}]},{\"@type\":\"WebSite\",\"url\":\"https:\/\/www.danby.com\/fr\/\",\"name\":\"Danby - Canada - French\",\"description\":\"Leader dans le domaine de la r\u00e9frig\u00e9ration et des appareils sp\u00e9cialis\u00e9s\",\"publisher\":[],\"potentialAction\":[{\"@type\":\"SearchAction\",\"target\":{\"@type\":\"EntryPoint\",\"urlTemplate\":\"https:\/\/www.danby.com\/fr\/?s={search_term_string}\"},\"query-input\":{\"@type\":\"PropertyValueSpecification\",\"valueRequired\":true,\"valueName\":\"search_term_string\"}}],\"inLanguage\":\"fr-CA\"},{\"@type\":\"Organization\",\"name\":\"Danby Appliances\",\"url\":\"https:\/\/www.danby.com\/fr\/\",\"logo\":{\"@type\":\"ImageObject\",\"inLanguage\":\"fr-CA\",\"url\":\"https:\/\/cdnweb.danby.com\/wp-content\/uploads\/sites\/2\/2022\/02\/10141906\/Danby75Ans_Blue.png\",\"contentUrl\":\"https:\/\/cdnweb.danby.com\/wp-content\/uploads\/sites\/2\/2022\/02\/10141906\/Danby75Ans_Blue.png\",\"width\":470,\"height\":110,\"caption\":\"Danby Appliances\"},\"image\":[],\"sameAs\":[\"https:\/\/www.facebook.com\/DanbyAppliances\",\"https:\/\/x.com\/DanbyAppliance\",\"https:\/\/instagram.com\/danbyappliances\/\",\"https:\/\/www.linkedin.com\/company\/danbyappliances\",\"https:\/\/www.pinterest.ca\/danbyappliances\/\",\"https:\/\/www.youtube.com\/user\/DanbyProducts\",\"https:\/\/en.wikipedia.org\/wiki\/Danby_(appliances)\"]}]}<\/script>\n<!-- \/ Yoast SEO plugin. -->","yoast_head_json":{"title":"Danby 11.6 Cong\u00e9lateur - DUF1166W | Danby Canada","description":"Les cong\u00e9lateurs verticaux Danby comportent des \u00e9tag\u00e8res faciles d'acc\u00e8s et un espace d'entreposage dans la porte qui vous permet de trouver facilement les articles que vous cherchez.\u00a0 Ce cong\u00e9lateur offre 11,6 pieds cubes d'espace frigorifique facile \u00e0 organiser.","robots":{"index":"index","follow":"follow","max-snippet":"max-snippet:-1","max-image-preview":"max-image-preview:large","max-video-preview":"max-video-preview:-1"},"canonical":"https:\/\/www.danby.com\/fr\/products\/congelateurs\/duf1166w\/","og_locale":"fr_CA","og_type":"article","og_title":"Danby 11.6 Cong\u00e9lateur - DUF1166W | Danby Canada","og_description":"Les cong\u00e9lateurs verticaux Danby comportent des \u00e9tag\u00e8res faciles d'acc\u00e8s et un espace d'entreposage dans la porte qui vous permet de trouver facilement les articles que vous cherchez.\u00a0 Ce cong\u00e9lateur offre 11,6 pieds cubes d'espace frigorifique facile \u00e0 organiser.","og_url":"https:\/\/www.danby.com\/fr\/products\/congelateurs\/duf1166w\/","og_site_name":"Danby - Canada - French","article_publisher":"https:\/\/www.facebook.com\/DanbyAppliances","article_modified_time":"2026-04-18T10:09:14+00:00","og_image":[{"width":303,"height":275,"url":"https:\/\/cdnweb.danby.com\/wp-content\/uploads\/sites\/2\/2022\/02\/08183943\/proMed-duf1166w_closed.jpg","type":"image\/jpeg"}],"twitter_card":"summary_large_image","twitter_site":"@DanbyAppliance","schema":{"@context":"https:\/\/schema.org","@graph":[{"@type":["WebPage","ItemPage"],"url":"https:\/\/www.danby.com\/fr\/products\/congelateurs\/duf1166w\/","name":"Danby 11.6 Cong\u00e9lateur - DUF1166W | Danby Canada","isPartOf":[],"primaryImageOfPage":[],"image":[],"thumbnailUrl":"https:\/\/cdnweb.danby.com\/wp-content\/uploads\/sites\/2\/2022\/02\/08183943\/proMed-duf1166w_closed.jpg","datePublished":"2022-02-03T19:20:58+00:00","dateModified":"2026-04-18T10:09:14+00:00","description":"Les cong\u00e9lateurs verticaux Danby comportent des \u00e9tag\u00e8res faciles d'acc\u00e8s et un espace d'entreposage dans la porte qui vous permet de trouver facilement les articles que vous cherchez.\u00a0 Ce cong\u00e9lateur offre 11,6 pieds cubes d'espace frigorifique facile \u00e0 organiser.","breadcrumb":[],"inLanguage":"fr-CA","potentialAction":[{"@type":"ReadAction","target":["https:\/\/www.danby.com\/fr\/products\/congelateurs\/duf1166w\/"]}]},{"@type":"ImageObject","inLanguage":"fr-CA","url":"https:\/\/cdnweb.danby.com\/wp-content\/uploads\/sites\/2\/2022\/02\/08183943\/proMed-duf1166w_closed.jpg","contentUrl":"https:\/\/cdnweb.danby.com\/wp-content\/uploads\/sites\/2\/2022\/02\/08183943\/proMed-duf1166w_closed.jpg","width":303,"height":275},{"@type":"BreadcrumbList","itemListElement":[{"@type":"ListItem","position":1,"name":"Home","item":"https:\/\/www.danby.com\/fr\/"},{"@type":"ListItem","position":2,"name":"Boutique","item":"https:\/\/www.danby.com\/fr\/boutique\/"},{"@type":"ListItem","position":3,"name":"Danby 11.6 Cong\u00e9lateur"}]},{"@type":"WebSite","url":"https:\/\/www.danby.com\/fr\/","name":"Danby - Canada - French","description":"Leader dans le domaine de la r\u00e9frig\u00e9ration et des appareils sp\u00e9cialis\u00e9s","publisher":[],"potentialAction":[{"@type":"SearchAction","target":{"@type":"EntryPoint","urlTemplate":"https:\/\/www.danby.com\/fr\/?s={search_term_string}"},"query-input":{"@type":"PropertyValueSpecification","valueRequired":true,"valueName":"search_term_string"}}],"inLanguage":"fr-CA"},{"@type":"Organization","name":"Danby Appliances","url":"https:\/\/www.danby.com\/fr\/","logo":{"@type":"ImageObject","inLanguage":"fr-CA","url":"https:\/\/cdnweb.danby.com\/wp-content\/uploads\/sites\/2\/2022\/02\/10141906\/Danby75Ans_Blue.png","contentUrl":"https:\/\/cdnweb.danby.com\/wp-content\/uploads\/sites\/2\/2022\/02\/10141906\/Danby75Ans_Blue.png","width":470,"height":110,"caption":"Danby Appliances"},"image":[],"sameAs":["https:\/\/www.facebook.com\/DanbyAppliances","https:\/\/x.com\/DanbyAppliance","https:\/\/instagram.com\/danbyappliances\/","https:\/\/www.linkedin.com\/company\/danbyappliances","https:\/\/www.pinterest.ca\/danbyappliances\/","https:\/\/www.youtube.com\/user\/DanbyProducts","https:\/\/en.wikipedia.org\/wiki\/Danby_(appliances)"]}]}},"post_mailing_queue_ids":[],"_links":{"self":[{"href":"https:\/\/www.danby.com\/fr\/wp-json\/wp\/v2\/product\/5205","targetHints":{"allow":["GET"]}}],"collection":[{"href":"https:\/\/www.danby.com\/fr\/wp-json\/wp\/v2\/product"}],"about":[{"href":"https:\/\/www.danby.com\/fr\/wp-json\/wp\/v2\/types\/product"}],"replies":[{"embeddable":true,"href":"https:\/\/www.danby.com\/fr\/wp-json\/wp\/v2\/comments?post=5205"}],"wp:featuredmedia":[{"embeddable":true,"href":"https:\/\/www.danby.com\/fr\/wp-json\/wp\/v2\/media\/6425"}],"wp:attachment":[{"href":"https:\/\/www.danby.com\/fr\/wp-json\/wp\/v2\/media?parent=5205"}],"wp:term":[{"taxonomy":"product_brand","embeddable":true,"href":"https:\/\/www.danby.com\/fr\/wp-json\/wp\/v2\/product_brand?post=5205"},{"taxonomy":"product_cat","embeddable":true,"href":"https:\/\/www.danby.com\/fr\/wp-json\/wp\/v2\/product_cat?post=5205"},{"taxonomy":"product_tag","embeddable":true,"href":"https:\/\/www.danby.com\/fr\/wp-json\/wp\/v2\/product_tag?post=5205"}],"curies":[{"name":"wp","href":"https:\/\/api.w.org\/{rel}","templated":true}]}}