{"id":5203,"date":"2022-02-03T19:20:58","date_gmt":"2022-02-03T19:20:58","guid":{"rendered":"https:\/\/www.danby.com\/fr\/product\/duf071a3wdb\/"},"modified":"2026-05-01T10:09:06","modified_gmt":"2026-05-01T10:09:06","slug":"duf071a3wdb","status":"publish","type":"product","link":"https:\/\/www.danby.com\/fr\/products\/congelateurs\/duf071a3wdb\/","title":{"rendered":"Danby Cong\u00e9lateur vertical de 7,1 pi3 en Blanc"},"content":{"rendered":"","protected":false},"excerpt":{"rendered":"<ul>\n<li>Cong\u00e9lateur vertical d&#8217;une capacit\u00e9 de 200 litres (7,1 pi3)<\/li>\n<li>Certifi\u00e9 ENERGY STAR\u00ae<\/li>\n<li>Pr\u00eat pour le garage : Le cong\u00e9lateur peut fonctionner \u00e0 des temp\u00e9ratures allant de 0\u00b0F \u00e0 110\u00b0F (-17\u00b0C \u00e0 43\u00b0C)<\/li>\n<li>R\u00e9frig\u00e9rant R600a<\/li>\n<li>D\u00e9givrage manuel<\/li>\n<li>6 \u00e9tag\u00e8res de cong\u00e9lation rapide<\/li>\n<li>Le bac en plastique transparent permet de ranger facilement les petits aliments surgel\u00e9s<\/li>\n<li>Le thermostat m\u00e9canique est id\u00e9alement situ\u00e9 pour un contr\u00f4le facile de la temp\u00e9rature<\/li>\n<li>La porte arrondie avec poign\u00e9e int\u00e9gr\u00e9e donne un aspect moderne<\/li>\n<li>La charni\u00e8re de porte r\u00e9versible permet d&#8217;ouvrir la porte \u00e0 droite ou \u00e0 gauche<\/li>\n<li>2 pieds r\u00e9glables pour la mise \u00e0 niveau et la flexibilit\u00e9 de la hauteur<\/li>\n<\/ul>\n","protected":false},"featured_media":35825,"comment_status":"closed","ping_status":"closed","template":"","meta":{"_acf_changed":false},"product_brand":[],"product_cat":[27],"product_tag":[],"class_list":{"0":"post-5203","1":"product","2":"type-product","3":"status-publish","4":"has-post-thumbnail","6":"product_cat-congelateurs","8":"first","9":"instock","10":"taxable","11":"shipping-taxable","12":"purchasable","13":"product-type-simple"},"acf":[],"yoast_head":"<!-- This site is optimized with the Yoast SEO plugin v27.5 - https:\/\/yoast.com\/product\/yoast-seo-wordpress\/ -->\n<title>Danby Cong\u00e9lateur vertical de 7,1 pi3 en Blanc - DUF071A3WDB | Danby Canada<\/title>\n<meta name=\"description\" content=\"Si votre cong\u00e9lateur n&#039;est plus assez grand pour les besoins de votre famille, vous pouvez toujours ajouter une unit\u00e9 suppl\u00e9mentaire, comme ce mod\u00e8le extr\u00eamement efficace de Danby. Cet \u00e9l\u00e9gant cong\u00e9lateur vous offre 7,1 pieds cubes (200 litres) d&#039;espace de stockage glac\u00e9 et il ne prend pas beaucoup de place gr\u00e2ce \u00e0 sa conception verticale populaire. C&#039;est l&#039;appareil id\u00e9al pour les maisons et les chalets. L&#039;organisation de vos aliments est facilit\u00e9e par les six clayettes de cong\u00e9lation rapide et le bac \u00e0 l\u00e9gumes en plastique. Le classement Energy Star signifie qu&#039;il vous aidera \u00e0 r\u00e9duire vos factures d&#039;\u00e9lectricit\u00e9. La poign\u00e9e de porte int\u00e9gr\u00e9e et la finition blanche fra\u00eeche offrent un aspect attrayant. Ce mod\u00e8le fonctionne de mani\u00e8re aussi fluide que possible gr\u00e2ce au thermostat m\u00e9canique pr\u00e9cis et facile \u00e0 programmer et au syst\u00e8me de d\u00e9givrage manuel. Vous trouverez \u00e9galement un plan de travail \u00e9l\u00e9gant et r\u00e9sistant aux rayures pour vos accessoires suppl\u00e9mentaires et la charni\u00e8re de porte r\u00e9versible est con\u00e7ue pour une ouverture \u00e0 gauche ou \u00e0 droite. En outre, ce superbe appareil b\u00e9n\u00e9ficie d&#039;une garantie de 5 ans sur les pi\u00e8ces et la main-d&#039;\u0153uvre et d&#039;un service \u00e0 domicile pratique.\" \/>\n<meta name=\"robots\" content=\"index, follow, max-snippet:-1, max-image-preview:large, max-video-preview:-1\" \/>\n<link rel=\"canonical\" href=\"https:\/\/www.danby.com\/fr\/products\/congelateurs\/duf071a3wdb\/\" \/>\n<meta property=\"og:locale\" content=\"fr_CA\" \/>\n<meta property=\"og:type\" content=\"article\" \/>\n<meta property=\"og:title\" content=\"Danby Cong\u00e9lateur vertical de 7,1 pi3 en Blanc - DUF071A3WDB | Danby Canada\" \/>\n<meta property=\"og:description\" content=\"Si votre cong\u00e9lateur n&#039;est plus assez grand pour les besoins de votre famille, vous pouvez toujours ajouter une unit\u00e9 suppl\u00e9mentaire, comme ce mod\u00e8le extr\u00eamement efficace de Danby. Cet \u00e9l\u00e9gant cong\u00e9lateur vous offre 7,1 pieds cubes (200 litres) d&#039;espace de stockage glac\u00e9 et il ne prend pas beaucoup de place gr\u00e2ce \u00e0 sa conception verticale populaire. C&#039;est l&#039;appareil id\u00e9al pour les maisons et les chalets. L&#039;organisation de vos aliments est facilit\u00e9e par les six clayettes de cong\u00e9lation rapide et le bac \u00e0 l\u00e9gumes en plastique. Le classement Energy Star signifie qu&#039;il vous aidera \u00e0 r\u00e9duire vos factures d&#039;\u00e9lectricit\u00e9. La poign\u00e9e de porte int\u00e9gr\u00e9e et la finition blanche fra\u00eeche offrent un aspect attrayant. Ce mod\u00e8le fonctionne de mani\u00e8re aussi fluide que possible gr\u00e2ce au thermostat m\u00e9canique pr\u00e9cis et facile \u00e0 programmer et au syst\u00e8me de d\u00e9givrage manuel. Vous trouverez \u00e9galement un plan de travail \u00e9l\u00e9gant et r\u00e9sistant aux rayures pour vos accessoires suppl\u00e9mentaires et la charni\u00e8re de porte r\u00e9versible est con\u00e7ue pour une ouverture \u00e0 gauche ou \u00e0 droite. En outre, ce superbe appareil b\u00e9n\u00e9ficie d&#039;une garantie de 5 ans sur les pi\u00e8ces et la main-d&#039;\u0153uvre et d&#039;un service \u00e0 domicile pratique.\" \/>\n<meta property=\"og:url\" content=\"https:\/\/www.danby.com\/fr\/products\/congelateurs\/duf071a3wdb\/\" \/>\n<meta property=\"og:site_name\" content=\"Danby - Canada - French\" \/>\n<meta property=\"article:publisher\" content=\"https:\/\/www.facebook.com\/DanbyAppliances\" \/>\n<meta property=\"article:modified_time\" content=\"2026-05-01T10:09:06+00:00\" \/>\n<meta property=\"og:image\" content=\"https:\/\/www.danby.com\/fr\/wp-content\/uploads\/sites\/2\/2025\/11\/Thumbnail__0014_DUF071A3WDB.jpg\" \/>\n\t<meta property=\"og:image:width\" content=\"1125\" \/>\n\t<meta property=\"og:image:height\" content=\"1500\" \/>\n\t<meta property=\"og:image:type\" content=\"image\/jpeg\" \/>\n<meta name=\"twitter:card\" content=\"summary_large_image\" \/>\n<meta name=\"twitter:site\" content=\"@DanbyAppliance\" \/>\n<meta name=\"twitter:label1\" content=\"Estimation du temps de lecture\" \/>\n\t<meta name=\"twitter:data1\" content=\"1 minute\" \/>\n<script type=\"application\/ld+json\" class=\"yoast-schema-graph\">{\"@context\":\"https:\\\/\\\/schema.org\",\"@graph\":[{\"@type\":[\"WebPage\",\"ItemPage\"],\"url\":\"https:\\\/\\\/www.danby.com\\\/fr\\\/products\\\/congelateurs\\\/duf071a3wdb\\\/\",\"name\":\"Danby Cong\u00e9lateur vertical de 7,1 pi3 en Blanc - DUF071A3WDB | Danby Canada\",\"isPartOf\":[],\"primaryImageOfPage\":[],\"image\":[],\"thumbnailUrl\":\"https:\\\/\\\/www.danby.com\\\/fr\\\/wp-content\\\/uploads\\\/sites\\\/2\\\/2025\\\/11\\\/Thumbnail__0014_DUF071A3WDB.jpg\",\"datePublished\":\"2022-02-03T19:20:58+00:00\",\"dateModified\":\"2026-05-01T10:09:06+00:00\",\"description\":\"Si votre cong\u00e9lateur n'est plus assez grand pour les besoins de votre famille, vous pouvez toujours ajouter une unit\u00e9 suppl\u00e9mentaire, comme ce mod\u00e8le extr\u00eamement efficace de Danby. Cet \u00e9l\u00e9gant cong\u00e9lateur vous offre 7,1 pieds cubes (200 litres) d'espace de stockage glac\u00e9 et il ne prend pas beaucoup de place gr\u00e2ce \u00e0 sa conception verticale populaire. C'est l'appareil id\u00e9al pour les maisons et les chalets. L'organisation de vos aliments est facilit\u00e9e par les six clayettes de cong\u00e9lation rapide et le bac \u00e0 l\u00e9gumes en plastique. Le classement Energy Star signifie qu'il vous aidera \u00e0 r\u00e9duire vos factures d'\u00e9lectricit\u00e9. La poign\u00e9e de porte int\u00e9gr\u00e9e et la finition blanche fra\u00eeche offrent un aspect attrayant. Ce mod\u00e8le fonctionne de mani\u00e8re aussi fluide que possible gr\u00e2ce au thermostat m\u00e9canique pr\u00e9cis et facile \u00e0 programmer et au syst\u00e8me de d\u00e9givrage manuel. Vous trouverez \u00e9galement un plan de travail \u00e9l\u00e9gant et r\u00e9sistant aux rayures pour vos accessoires suppl\u00e9mentaires et la charni\u00e8re de porte r\u00e9versible est con\u00e7ue pour une ouverture \u00e0 gauche ou \u00e0 droite. En outre, ce superbe appareil b\u00e9n\u00e9ficie d'une garantie de 5 ans sur les pi\u00e8ces et la main-d'\u0153uvre et d'un service \u00e0 domicile pratique.\",\"breadcrumb\":[],\"inLanguage\":\"fr-CA\",\"potentialAction\":[{\"@type\":\"ReadAction\",\"target\":[\"https:\\\/\\\/www.danby.com\\\/fr\\\/products\\\/congelateurs\\\/duf071a3wdb\\\/\"]}]},{\"@type\":\"ImageObject\",\"inLanguage\":\"fr-CA\",\"url\":\"https:\\\/\\\/www.danby.com\\\/fr\\\/wp-content\\\/uploads\\\/sites\\\/2\\\/2025\\\/11\\\/Thumbnail__0014_DUF071A3WDB.jpg\",\"contentUrl\":\"https:\\\/\\\/www.danby.com\\\/fr\\\/wp-content\\\/uploads\\\/sites\\\/2\\\/2025\\\/11\\\/Thumbnail__0014_DUF071A3WDB.jpg\",\"width\":1125,\"height\":1500},{\"@type\":\"BreadcrumbList\",\"itemListElement\":[{\"@type\":\"ListItem\",\"position\":1,\"name\":\"Home\",\"item\":\"https:\\\/\\\/www.danby.com\\\/fr\\\/\"},{\"@type\":\"ListItem\",\"position\":2,\"name\":\"Boutique\",\"item\":\"https:\\\/\\\/www.danby.com\\\/fr\\\/boutique\\\/\"},{\"@type\":\"ListItem\",\"position\":3,\"name\":\"Danby Cong\u00e9lateur vertical de 7,1 pi3 en Blanc\"}]},{\"@type\":\"WebSite\",\"url\":\"https:\\\/\\\/www.danby.com\\\/fr\\\/\",\"name\":\"Danby - Canada - French\",\"description\":\"Leader dans le domaine de la r\u00e9frig\u00e9ration et des appareils sp\u00e9cialis\u00e9s\",\"publisher\":[],\"potentialAction\":[{\"@type\":\"SearchAction\",\"target\":{\"@type\":\"EntryPoint\",\"urlTemplate\":\"https:\\\/\\\/www.danby.com\\\/fr\\\/?s={search_term_string}\"},\"query-input\":{\"@type\":\"PropertyValueSpecification\",\"valueRequired\":true,\"valueName\":\"search_term_string\"}}],\"inLanguage\":\"fr-CA\"},{\"@type\":\"Organization\",\"name\":\"Danby Appliances\",\"url\":\"https:\\\/\\\/www.danby.com\\\/fr\\\/\",\"logo\":{\"@type\":\"ImageObject\",\"inLanguage\":\"fr-CA\",\"url\":\"https:\\\/\\\/cdnweb.danby.com\\\/wp-content\\\/uploads\\\/sites\\\/2\\\/2022\\\/02\\\/10141906\\\/Danby75Ans_Blue.png\",\"contentUrl\":\"https:\\\/\\\/cdnweb.danby.com\\\/wp-content\\\/uploads\\\/sites\\\/2\\\/2022\\\/02\\\/10141906\\\/Danby75Ans_Blue.png\",\"width\":470,\"height\":110,\"caption\":\"Danby Appliances\"},\"image\":[],\"sameAs\":[\"https:\\\/\\\/www.facebook.com\\\/DanbyAppliances\",\"https:\\\/\\\/x.com\\\/DanbyAppliance\",\"https:\\\/\\\/instagram.com\\\/danbyappliances\\\/\",\"https:\\\/\\\/www.linkedin.com\\\/company\\\/danbyappliances\",\"https:\\\/\\\/www.pinterest.ca\\\/danbyappliances\\\/\",\"https:\\\/\\\/www.youtube.com\\\/user\\\/DanbyProducts\",\"https:\\\/\\\/en.wikipedia.org\\\/wiki\\\/Danby_(appliances)\"]}]}<\/script>\n<!-- \/ Yoast SEO plugin. -->","yoast_head_json":{"title":"Danby Cong\u00e9lateur vertical de 7,1 pi3 en Blanc - DUF071A3WDB | Danby Canada","description":"Si votre cong\u00e9lateur n'est plus assez grand pour les besoins de votre famille, vous pouvez toujours ajouter une unit\u00e9 suppl\u00e9mentaire, comme ce mod\u00e8le extr\u00eamement efficace de Danby. Cet \u00e9l\u00e9gant cong\u00e9lateur vous offre 7,1 pieds cubes (200 litres) d'espace de stockage glac\u00e9 et il ne prend pas beaucoup de place gr\u00e2ce \u00e0 sa conception verticale populaire. C'est l'appareil id\u00e9al pour les maisons et les chalets. L'organisation de vos aliments est facilit\u00e9e par les six clayettes de cong\u00e9lation rapide et le bac \u00e0 l\u00e9gumes en plastique. Le classement Energy Star signifie qu'il vous aidera \u00e0 r\u00e9duire vos factures d'\u00e9lectricit\u00e9. La poign\u00e9e de porte int\u00e9gr\u00e9e et la finition blanche fra\u00eeche offrent un aspect attrayant. Ce mod\u00e8le fonctionne de mani\u00e8re aussi fluide que possible gr\u00e2ce au thermostat m\u00e9canique pr\u00e9cis et facile \u00e0 programmer et au syst\u00e8me de d\u00e9givrage manuel. Vous trouverez \u00e9galement un plan de travail \u00e9l\u00e9gant et r\u00e9sistant aux rayures pour vos accessoires suppl\u00e9mentaires et la charni\u00e8re de porte r\u00e9versible est con\u00e7ue pour une ouverture \u00e0 gauche ou \u00e0 droite. En outre, ce superbe appareil b\u00e9n\u00e9ficie d'une garantie de 5 ans sur les pi\u00e8ces et la main-d'\u0153uvre et d'un service \u00e0 domicile pratique.","robots":{"index":"index","follow":"follow","max-snippet":"max-snippet:-1","max-image-preview":"max-image-preview:large","max-video-preview":"max-video-preview:-1"},"canonical":"https:\/\/www.danby.com\/fr\/products\/congelateurs\/duf071a3wdb\/","og_locale":"fr_CA","og_type":"article","og_title":"Danby Cong\u00e9lateur vertical de 7,1 pi3 en Blanc - DUF071A3WDB | Danby Canada","og_description":"Si votre cong\u00e9lateur n'est plus assez grand pour les besoins de votre famille, vous pouvez toujours ajouter une unit\u00e9 suppl\u00e9mentaire, comme ce mod\u00e8le extr\u00eamement efficace de Danby. Cet \u00e9l\u00e9gant cong\u00e9lateur vous offre 7,1 pieds cubes (200 litres) d'espace de stockage glac\u00e9 et il ne prend pas beaucoup de place gr\u00e2ce \u00e0 sa conception verticale populaire. C'est l'appareil id\u00e9al pour les maisons et les chalets. L'organisation de vos aliments est facilit\u00e9e par les six clayettes de cong\u00e9lation rapide et le bac \u00e0 l\u00e9gumes en plastique. Le classement Energy Star signifie qu'il vous aidera \u00e0 r\u00e9duire vos factures d'\u00e9lectricit\u00e9. La poign\u00e9e de porte int\u00e9gr\u00e9e et la finition blanche fra\u00eeche offrent un aspect attrayant. Ce mod\u00e8le fonctionne de mani\u00e8re aussi fluide que possible gr\u00e2ce au thermostat m\u00e9canique pr\u00e9cis et facile \u00e0 programmer et au syst\u00e8me de d\u00e9givrage manuel. Vous trouverez \u00e9galement un plan de travail \u00e9l\u00e9gant et r\u00e9sistant aux rayures pour vos accessoires suppl\u00e9mentaires et la charni\u00e8re de porte r\u00e9versible est con\u00e7ue pour une ouverture \u00e0 gauche ou \u00e0 droite. En outre, ce superbe appareil b\u00e9n\u00e9ficie d'une garantie de 5 ans sur les pi\u00e8ces et la main-d'\u0153uvre et d'un service \u00e0 domicile pratique.","og_url":"https:\/\/www.danby.com\/fr\/products\/congelateurs\/duf071a3wdb\/","og_site_name":"Danby - Canada - French","article_publisher":"https:\/\/www.facebook.com\/DanbyAppliances","article_modified_time":"2026-05-01T10:09:06+00:00","og_image":[{"width":1125,"height":1500,"url":"https:\/\/www.danby.com\/fr\/wp-content\/uploads\/sites\/2\/2025\/11\/Thumbnail__0014_DUF071A3WDB.jpg","type":"image\/jpeg"}],"twitter_card":"summary_large_image","twitter_site":"@DanbyAppliance","twitter_misc":{"Estimation du temps de lecture":"1 minute"},"schema":{"@context":"https:\/\/schema.org","@graph":[{"@type":["WebPage","ItemPage"],"url":"https:\/\/www.danby.com\/fr\/products\/congelateurs\/duf071a3wdb\/","name":"Danby Cong\u00e9lateur vertical de 7,1 pi3 en Blanc - DUF071A3WDB | Danby Canada","isPartOf":[],"primaryImageOfPage":[],"image":[],"thumbnailUrl":"https:\/\/www.danby.com\/fr\/wp-content\/uploads\/sites\/2\/2025\/11\/Thumbnail__0014_DUF071A3WDB.jpg","datePublished":"2022-02-03T19:20:58+00:00","dateModified":"2026-05-01T10:09:06+00:00","description":"Si votre cong\u00e9lateur n'est plus assez grand pour les besoins de votre famille, vous pouvez toujours ajouter une unit\u00e9 suppl\u00e9mentaire, comme ce mod\u00e8le extr\u00eamement efficace de Danby. Cet \u00e9l\u00e9gant cong\u00e9lateur vous offre 7,1 pieds cubes (200 litres) d'espace de stockage glac\u00e9 et il ne prend pas beaucoup de place gr\u00e2ce \u00e0 sa conception verticale populaire. C'est l'appareil id\u00e9al pour les maisons et les chalets. L'organisation de vos aliments est facilit\u00e9e par les six clayettes de cong\u00e9lation rapide et le bac \u00e0 l\u00e9gumes en plastique. Le classement Energy Star signifie qu'il vous aidera \u00e0 r\u00e9duire vos factures d'\u00e9lectricit\u00e9. La poign\u00e9e de porte int\u00e9gr\u00e9e et la finition blanche fra\u00eeche offrent un aspect attrayant. Ce mod\u00e8le fonctionne de mani\u00e8re aussi fluide que possible gr\u00e2ce au thermostat m\u00e9canique pr\u00e9cis et facile \u00e0 programmer et au syst\u00e8me de d\u00e9givrage manuel. Vous trouverez \u00e9galement un plan de travail \u00e9l\u00e9gant et r\u00e9sistant aux rayures pour vos accessoires suppl\u00e9mentaires et la charni\u00e8re de porte r\u00e9versible est con\u00e7ue pour une ouverture \u00e0 gauche ou \u00e0 droite. En outre, ce superbe appareil b\u00e9n\u00e9ficie d'une garantie de 5 ans sur les pi\u00e8ces et la main-d'\u0153uvre et d'un service \u00e0 domicile pratique.","breadcrumb":[],"inLanguage":"fr-CA","potentialAction":[{"@type":"ReadAction","target":["https:\/\/www.danby.com\/fr\/products\/congelateurs\/duf071a3wdb\/"]}]},{"@type":"ImageObject","inLanguage":"fr-CA","url":"https:\/\/www.danby.com\/fr\/wp-content\/uploads\/sites\/2\/2025\/11\/Thumbnail__0014_DUF071A3WDB.jpg","contentUrl":"https:\/\/www.danby.com\/fr\/wp-content\/uploads\/sites\/2\/2025\/11\/Thumbnail__0014_DUF071A3WDB.jpg","width":1125,"height":1500},{"@type":"BreadcrumbList","itemListElement":[{"@type":"ListItem","position":1,"name":"Home","item":"https:\/\/www.danby.com\/fr\/"},{"@type":"ListItem","position":2,"name":"Boutique","item":"https:\/\/www.danby.com\/fr\/boutique\/"},{"@type":"ListItem","position":3,"name":"Danby Cong\u00e9lateur vertical de 7,1 pi3 en Blanc"}]},{"@type":"WebSite","url":"https:\/\/www.danby.com\/fr\/","name":"Danby - Canada - French","description":"Leader dans le domaine de la r\u00e9frig\u00e9ration et des appareils sp\u00e9cialis\u00e9s","publisher":[],"potentialAction":[{"@type":"SearchAction","target":{"@type":"EntryPoint","urlTemplate":"https:\/\/www.danby.com\/fr\/?s={search_term_string}"},"query-input":{"@type":"PropertyValueSpecification","valueRequired":true,"valueName":"search_term_string"}}],"inLanguage":"fr-CA"},{"@type":"Organization","name":"Danby Appliances","url":"https:\/\/www.danby.com\/fr\/","logo":{"@type":"ImageObject","inLanguage":"fr-CA","url":"https:\/\/cdnweb.danby.com\/wp-content\/uploads\/sites\/2\/2022\/02\/10141906\/Danby75Ans_Blue.png","contentUrl":"https:\/\/cdnweb.danby.com\/wp-content\/uploads\/sites\/2\/2022\/02\/10141906\/Danby75Ans_Blue.png","width":470,"height":110,"caption":"Danby Appliances"},"image":[],"sameAs":["https:\/\/www.facebook.com\/DanbyAppliances","https:\/\/x.com\/DanbyAppliance","https:\/\/instagram.com\/danbyappliances\/","https:\/\/www.linkedin.com\/company\/danbyappliances","https:\/\/www.pinterest.ca\/danbyappliances\/","https:\/\/www.youtube.com\/user\/DanbyProducts","https:\/\/en.wikipedia.org\/wiki\/Danby_(appliances)"]}]}},"post_mailing_queue_ids":[],"_links":{"self":[{"href":"https:\/\/www.danby.com\/fr\/wp-json\/wp\/v2\/product\/5203","targetHints":{"allow":["GET"]}}],"collection":[{"href":"https:\/\/www.danby.com\/fr\/wp-json\/wp\/v2\/product"}],"about":[{"href":"https:\/\/www.danby.com\/fr\/wp-json\/wp\/v2\/types\/product"}],"replies":[{"embeddable":true,"href":"https:\/\/www.danby.com\/fr\/wp-json\/wp\/v2\/comments?post=5203"}],"wp:featuredmedia":[{"embeddable":true,"href":"https:\/\/www.danby.com\/fr\/wp-json\/wp\/v2\/media\/35825"}],"wp:attachment":[{"href":"https:\/\/www.danby.com\/fr\/wp-json\/wp\/v2\/media?parent=5203"}],"wp:term":[{"taxonomy":"product_brand","embeddable":true,"href":"https:\/\/www.danby.com\/fr\/wp-json\/wp\/v2\/product_brand?post=5203"},{"taxonomy":"product_cat","embeddable":true,"href":"https:\/\/www.danby.com\/fr\/wp-json\/wp\/v2\/product_cat?post=5203"},{"taxonomy":"product_tag","embeddable":true,"href":"https:\/\/www.danby.com\/fr\/wp-json\/wp\/v2\/product_tag?post=5203"}],"curies":[{"name":"wp","href":"https:\/\/api.w.org\/{rel}","templated":true}]}}