{"id":5199,"date":"2022-02-03T19:20:58","date_gmt":"2022-02-03T19:20:58","guid":{"rendered":"https:\/\/www.danby.com\/fr\/product\/dtac120f1wdb\/"},"modified":"2026-04-04T10:04:22","modified_gmt":"2026-04-04T10:04:22","slug":"dtac120f1wdb","status":"publish","type":"product","link":"https:\/\/www.danby.com\/fr\/products\/climatiseurs-de-fenetre\/dtac120f1wdb\/","title":{"rendered":"Danby 12,000 BTU Climatiseurs de fen\u00eatre"},"content":{"rendered":"","protected":false},"excerpt":{"rendered":"<ul>\n<li>Le conditionneur d\u2019air de fen\u00eatre de 12,000 BTU rafraichit les locaux de superficie allant jusqu\u2019\u00e0 550 pieds carr\u00e9s<\/li>\n<li>Commandes \u00e9lectroniques avec affichage LED et commande \u00e0 distance<\/li>\n<li>Le puissant ventilateur \u00e0 3 vitesses fait circuler l\u2019air<\/li>\n<li>D\u00e9flecteur d\u2019air \u00e0 4 voies<\/li>\n<li>Minuterie programmable sur 24 heures tr\u00e8s pratique<\/li>\n<li>Red\u00e9marrage automatique : L\u2019unit\u00e9 red\u00e9marre automatiquement apr\u00e8s une panne de courant<\/li>\n<li>Mode Veille : Emp\u00eache la pi\u00e8ce de devenir trop froide pendant que vous dormez<\/li>\n<li>Commutateur d\u2019\u00e9conomie d\u2019\u00e9nergie : allume et \u00e9teint le ventilateur pour r\u00e9duire la consommation d\u2019\u00e9nergie<\/li>\n<li>Filtre \u00e0 air lavable et r\u00e9utilisable<\/li>\n<li>Auto Restart: Unit automatically restarts after a power failure <\/li>\n<li>Sleep mode: Prevents the room from getting too cold while you sleep <\/li>\n<li>Energy Saver Switch: cycles the fan on and off to reduce energy consumption <\/li>\n<li>Reusable, washable air filter<\/li>\n<li>Compatible with Danby through-the-wall sleeve DSL100F1W \u2013 sleeve sold separately<\/li>\n<\/ul>\n","protected":false},"featured_media":10288,"comment_status":"closed","ping_status":"open","template":"","meta":{"_acf_changed":false},"product_brand":[],"product_cat":[40],"product_tag":[],"class_list":{"0":"post-5199","1":"product","2":"type-product","3":"status-publish","4":"has-post-thumbnail","6":"product_cat-climatiseurs-de-fenetre","8":"first","9":"outofstock","10":"taxable","11":"shipping-taxable","12":"product-type-simple"},"acf":[],"yoast_head":"<!-- This site is optimized with the Yoast SEO plugin v26.7 - https:\/\/yoast.com\/wordpress\/plugins\/seo\/ -->\n<title>Danby 12,000 BTU Climatiseurs de fen\u00eatre - DTAC120F1WDB | Danby Canada<\/title>\n<meta name=\"description\" content=\"Ce conditionneur d\u2019air de fen\u00eatre de 12 000 BTU de Danby est l\u2019option id\u00e9ale pour le refroidissement des espaces habitables de superficie allant jusqu\u2019\u00e0 550 pieds carr\u00e9s. Cet appareil homologu\u00e9 Energy Star est \u00e9quip\u00e9 de commandes \u00e9lectroniques et d\u2019une t\u00e9l\u00e9commande permettant de r\u00e9gler facilement la temp\u00e9rature et la vitesse du ventilateur. La minuterie programmable sur 24 heures, ainsi que le mode veille et le commutateur d\u2019\u00e9conomie d\u2019\u00e9nergie permettent un refroidissement efficace et r\u00e9duisent les co\u00fbts d\u2019exploitation g\u00e9n\u00e9raux. Le puissant ventilateur \u00e0 3 vitesses et le d\u00e9flecteur d\u2019air \u00e0 4 voies facilitent la circulation de l\u2019air et optimisent le refroidissement de votre espace habitable.\" \/>\n<meta name=\"robots\" content=\"index, follow, max-snippet:-1, max-image-preview:large, max-video-preview:-1\" \/>\n<link rel=\"canonical\" href=\"https:\/\/www.danby.com\/fr\/products\/climatiseurs-de-fenetre\/dtac120f1wdb\/\" \/>\n<meta property=\"og:locale\" content=\"fr_CA\" \/>\n<meta property=\"og:type\" content=\"article\" \/>\n<meta property=\"og:title\" content=\"Danby 12,000 BTU Climatiseurs de fen\u00eatre - DTAC120F1WDB | Danby Canada\" \/>\n<meta property=\"og:description\" content=\"Ce conditionneur d\u2019air de fen\u00eatre de 12 000 BTU de Danby est l\u2019option id\u00e9ale pour le refroidissement des espaces habitables de superficie allant jusqu\u2019\u00e0 550 pieds carr\u00e9s. Cet appareil homologu\u00e9 Energy Star est \u00e9quip\u00e9 de commandes \u00e9lectroniques et d\u2019une t\u00e9l\u00e9commande permettant de r\u00e9gler facilement la temp\u00e9rature et la vitesse du ventilateur. La minuterie programmable sur 24 heures, ainsi que le mode veille et le commutateur d\u2019\u00e9conomie d\u2019\u00e9nergie permettent un refroidissement efficace et r\u00e9duisent les co\u00fbts d\u2019exploitation g\u00e9n\u00e9raux. Le puissant ventilateur \u00e0 3 vitesses et le d\u00e9flecteur d\u2019air \u00e0 4 voies facilitent la circulation de l\u2019air et optimisent le refroidissement de votre espace habitable.\" \/>\n<meta property=\"og:url\" content=\"https:\/\/www.danby.com\/fr\/products\/climatiseurs-de-fenetre\/dtac120f1wdb\/\" \/>\n<meta property=\"og:site_name\" content=\"Danby - Canada - French\" \/>\n<meta property=\"article:publisher\" content=\"https:\/\/www.facebook.com\/DanbyAppliances\" \/>\n<meta property=\"article:modified_time\" content=\"2026-04-04T10:04:22+00:00\" \/>\n<meta property=\"og:image\" content=\"https:\/\/cdnweb.danby.com\/wp-content\/uploads\/sites\/2\/2022\/02\/08230103\/DTAC120F1WDB_right.jpg\" \/>\n\t<meta property=\"og:image:width\" content=\"1336\" \/>\n\t<meta property=\"og:image:height\" content=\"892\" \/>\n\t<meta property=\"og:image:type\" content=\"image\/jpeg\" \/>\n<meta name=\"twitter:card\" content=\"summary_large_image\" \/>\n<meta name=\"twitter:site\" content=\"@DanbyAppliance\" \/>\n<script type=\"application\/ld+json\" class=\"yoast-schema-graph\">{\"@context\":\"https:\/\/schema.org\",\"@graph\":[{\"@type\":[\"WebPage\",\"ItemPage\"],\"url\":\"https:\/\/www.danby.com\/fr\/products\/climatiseurs-de-fenetre\/dtac120f1wdb\/\",\"name\":\"Danby 12,000 BTU Climatiseurs de fen\u00eatre - DTAC120F1WDB | Danby Canada\",\"isPartOf\":[],\"primaryImageOfPage\":[],\"image\":[],\"thumbnailUrl\":\"https:\/\/cdnweb.danby.com\/wp-content\/uploads\/sites\/2\/2022\/02\/08230103\/DTAC120F1WDB_right.jpg\",\"datePublished\":\"2022-02-03T19:20:58+00:00\",\"dateModified\":\"2026-04-04T10:04:22+00:00\",\"description\":\"Ce conditionneur d\u2019air de fen\u00eatre de 12 000 BTU de Danby est l\u2019option id\u00e9ale pour le refroidissement des espaces habitables de superficie allant jusqu\u2019\u00e0 550 pieds carr\u00e9s. Cet appareil homologu\u00e9 Energy Star est \u00e9quip\u00e9 de commandes \u00e9lectroniques et d\u2019une t\u00e9l\u00e9commande permettant de r\u00e9gler facilement la temp\u00e9rature et la vitesse du ventilateur. La minuterie programmable sur 24 heures, ainsi que le mode veille et le commutateur d\u2019\u00e9conomie d\u2019\u00e9nergie permettent un refroidissement efficace et r\u00e9duisent les co\u00fbts d\u2019exploitation g\u00e9n\u00e9raux. Le puissant ventilateur \u00e0 3 vitesses et le d\u00e9flecteur d\u2019air \u00e0 4 voies facilitent la circulation de l\u2019air et optimisent le refroidissement de votre espace habitable.\",\"breadcrumb\":[],\"inLanguage\":\"fr-CA\",\"potentialAction\":[{\"@type\":\"ReadAction\",\"target\":[\"https:\/\/www.danby.com\/fr\/products\/climatiseurs-de-fenetre\/dtac120f1wdb\/\"]}]},{\"@type\":\"ImageObject\",\"inLanguage\":\"fr-CA\",\"url\":\"https:\/\/cdnweb.danby.com\/wp-content\/uploads\/sites\/2\/2022\/02\/08230103\/DTAC120F1WDB_right.jpg\",\"contentUrl\":\"https:\/\/cdnweb.danby.com\/wp-content\/uploads\/sites\/2\/2022\/02\/08230103\/DTAC120F1WDB_right.jpg\",\"width\":1336,\"height\":892},{\"@type\":\"BreadcrumbList\",\"itemListElement\":[{\"@type\":\"ListItem\",\"position\":1,\"name\":\"Home\",\"item\":\"https:\/\/www.danby.com\/fr\/\"},{\"@type\":\"ListItem\",\"position\":2,\"name\":\"Boutique\",\"item\":\"https:\/\/www.danby.com\/fr\/boutique\/\"},{\"@type\":\"ListItem\",\"position\":3,\"name\":\"Danby 12,000 BTU Climatiseurs de fen\u00eatre\"}]},{\"@type\":\"WebSite\",\"url\":\"https:\/\/www.danby.com\/fr\/\",\"name\":\"Danby - Canada - French\",\"description\":\"Leader dans le domaine de la r\u00e9frig\u00e9ration et des appareils sp\u00e9cialis\u00e9s\",\"publisher\":[],\"potentialAction\":[{\"@type\":\"SearchAction\",\"target\":{\"@type\":\"EntryPoint\",\"urlTemplate\":\"https:\/\/www.danby.com\/fr\/?s={search_term_string}\"},\"query-input\":{\"@type\":\"PropertyValueSpecification\",\"valueRequired\":true,\"valueName\":\"search_term_string\"}}],\"inLanguage\":\"fr-CA\"},{\"@type\":\"Organization\",\"name\":\"Danby Appliances\",\"url\":\"https:\/\/www.danby.com\/fr\/\",\"logo\":{\"@type\":\"ImageObject\",\"inLanguage\":\"fr-CA\",\"url\":\"https:\/\/cdnweb.danby.com\/wp-content\/uploads\/sites\/2\/2022\/02\/10141906\/Danby75Ans_Blue.png\",\"contentUrl\":\"https:\/\/cdnweb.danby.com\/wp-content\/uploads\/sites\/2\/2022\/02\/10141906\/Danby75Ans_Blue.png\",\"width\":470,\"height\":110,\"caption\":\"Danby Appliances\"},\"image\":[],\"sameAs\":[\"https:\/\/www.facebook.com\/DanbyAppliances\",\"https:\/\/x.com\/DanbyAppliance\",\"https:\/\/instagram.com\/danbyappliances\/\",\"https:\/\/www.linkedin.com\/company\/danbyappliances\",\"https:\/\/www.pinterest.ca\/danbyappliances\/\",\"https:\/\/www.youtube.com\/user\/DanbyProducts\",\"https:\/\/en.wikipedia.org\/wiki\/Danby_(appliances)\"]}]}<\/script>\n<!-- \/ Yoast SEO plugin. -->","yoast_head_json":{"title":"Danby 12,000 BTU Climatiseurs de fen\u00eatre - DTAC120F1WDB | Danby Canada","description":"Ce conditionneur d\u2019air de fen\u00eatre de 12 000 BTU de Danby est l\u2019option id\u00e9ale pour le refroidissement des espaces habitables de superficie allant jusqu\u2019\u00e0 550 pieds carr\u00e9s. Cet appareil homologu\u00e9 Energy Star est \u00e9quip\u00e9 de commandes \u00e9lectroniques et d\u2019une t\u00e9l\u00e9commande permettant de r\u00e9gler facilement la temp\u00e9rature et la vitesse du ventilateur. La minuterie programmable sur 24 heures, ainsi que le mode veille et le commutateur d\u2019\u00e9conomie d\u2019\u00e9nergie permettent un refroidissement efficace et r\u00e9duisent les co\u00fbts d\u2019exploitation g\u00e9n\u00e9raux. Le puissant ventilateur \u00e0 3 vitesses et le d\u00e9flecteur d\u2019air \u00e0 4 voies facilitent la circulation de l\u2019air et optimisent le refroidissement de votre espace habitable.","robots":{"index":"index","follow":"follow","max-snippet":"max-snippet:-1","max-image-preview":"max-image-preview:large","max-video-preview":"max-video-preview:-1"},"canonical":"https:\/\/www.danby.com\/fr\/products\/climatiseurs-de-fenetre\/dtac120f1wdb\/","og_locale":"fr_CA","og_type":"article","og_title":"Danby 12,000 BTU Climatiseurs de fen\u00eatre - DTAC120F1WDB | Danby Canada","og_description":"Ce conditionneur d\u2019air de fen\u00eatre de 12 000 BTU de Danby est l\u2019option id\u00e9ale pour le refroidissement des espaces habitables de superficie allant jusqu\u2019\u00e0 550 pieds carr\u00e9s. Cet appareil homologu\u00e9 Energy Star est \u00e9quip\u00e9 de commandes \u00e9lectroniques et d\u2019une t\u00e9l\u00e9commande permettant de r\u00e9gler facilement la temp\u00e9rature et la vitesse du ventilateur. La minuterie programmable sur 24 heures, ainsi que le mode veille et le commutateur d\u2019\u00e9conomie d\u2019\u00e9nergie permettent un refroidissement efficace et r\u00e9duisent les co\u00fbts d\u2019exploitation g\u00e9n\u00e9raux. Le puissant ventilateur \u00e0 3 vitesses et le d\u00e9flecteur d\u2019air \u00e0 4 voies facilitent la circulation de l\u2019air et optimisent le refroidissement de votre espace habitable.","og_url":"https:\/\/www.danby.com\/fr\/products\/climatiseurs-de-fenetre\/dtac120f1wdb\/","og_site_name":"Danby - Canada - French","article_publisher":"https:\/\/www.facebook.com\/DanbyAppliances","article_modified_time":"2026-04-04T10:04:22+00:00","og_image":[{"width":1336,"height":892,"url":"https:\/\/cdnweb.danby.com\/wp-content\/uploads\/sites\/2\/2022\/02\/08230103\/DTAC120F1WDB_right.jpg","type":"image\/jpeg"}],"twitter_card":"summary_large_image","twitter_site":"@DanbyAppliance","schema":{"@context":"https:\/\/schema.org","@graph":[{"@type":["WebPage","ItemPage"],"url":"https:\/\/www.danby.com\/fr\/products\/climatiseurs-de-fenetre\/dtac120f1wdb\/","name":"Danby 12,000 BTU Climatiseurs de fen\u00eatre - DTAC120F1WDB | Danby Canada","isPartOf":[],"primaryImageOfPage":[],"image":[],"thumbnailUrl":"https:\/\/cdnweb.danby.com\/wp-content\/uploads\/sites\/2\/2022\/02\/08230103\/DTAC120F1WDB_right.jpg","datePublished":"2022-02-03T19:20:58+00:00","dateModified":"2026-04-04T10:04:22+00:00","description":"Ce conditionneur d\u2019air de fen\u00eatre de 12 000 BTU de Danby est l\u2019option id\u00e9ale pour le refroidissement des espaces habitables de superficie allant jusqu\u2019\u00e0 550 pieds carr\u00e9s. Cet appareil homologu\u00e9 Energy Star est \u00e9quip\u00e9 de commandes \u00e9lectroniques et d\u2019une t\u00e9l\u00e9commande permettant de r\u00e9gler facilement la temp\u00e9rature et la vitesse du ventilateur. La minuterie programmable sur 24 heures, ainsi que le mode veille et le commutateur d\u2019\u00e9conomie d\u2019\u00e9nergie permettent un refroidissement efficace et r\u00e9duisent les co\u00fbts d\u2019exploitation g\u00e9n\u00e9raux. Le puissant ventilateur \u00e0 3 vitesses et le d\u00e9flecteur d\u2019air \u00e0 4 voies facilitent la circulation de l\u2019air et optimisent le refroidissement de votre espace habitable.","breadcrumb":[],"inLanguage":"fr-CA","potentialAction":[{"@type":"ReadAction","target":["https:\/\/www.danby.com\/fr\/products\/climatiseurs-de-fenetre\/dtac120f1wdb\/"]}]},{"@type":"ImageObject","inLanguage":"fr-CA","url":"https:\/\/cdnweb.danby.com\/wp-content\/uploads\/sites\/2\/2022\/02\/08230103\/DTAC120F1WDB_right.jpg","contentUrl":"https:\/\/cdnweb.danby.com\/wp-content\/uploads\/sites\/2\/2022\/02\/08230103\/DTAC120F1WDB_right.jpg","width":1336,"height":892},{"@type":"BreadcrumbList","itemListElement":[{"@type":"ListItem","position":1,"name":"Home","item":"https:\/\/www.danby.com\/fr\/"},{"@type":"ListItem","position":2,"name":"Boutique","item":"https:\/\/www.danby.com\/fr\/boutique\/"},{"@type":"ListItem","position":3,"name":"Danby 12,000 BTU Climatiseurs de fen\u00eatre"}]},{"@type":"WebSite","url":"https:\/\/www.danby.com\/fr\/","name":"Danby - Canada - French","description":"Leader dans le domaine de la r\u00e9frig\u00e9ration et des appareils sp\u00e9cialis\u00e9s","publisher":[],"potentialAction":[{"@type":"SearchAction","target":{"@type":"EntryPoint","urlTemplate":"https:\/\/www.danby.com\/fr\/?s={search_term_string}"},"query-input":{"@type":"PropertyValueSpecification","valueRequired":true,"valueName":"search_term_string"}}],"inLanguage":"fr-CA"},{"@type":"Organization","name":"Danby Appliances","url":"https:\/\/www.danby.com\/fr\/","logo":{"@type":"ImageObject","inLanguage":"fr-CA","url":"https:\/\/cdnweb.danby.com\/wp-content\/uploads\/sites\/2\/2022\/02\/10141906\/Danby75Ans_Blue.png","contentUrl":"https:\/\/cdnweb.danby.com\/wp-content\/uploads\/sites\/2\/2022\/02\/10141906\/Danby75Ans_Blue.png","width":470,"height":110,"caption":"Danby Appliances"},"image":[],"sameAs":["https:\/\/www.facebook.com\/DanbyAppliances","https:\/\/x.com\/DanbyAppliance","https:\/\/instagram.com\/danbyappliances\/","https:\/\/www.linkedin.com\/company\/danbyappliances","https:\/\/www.pinterest.ca\/danbyappliances\/","https:\/\/www.youtube.com\/user\/DanbyProducts","https:\/\/en.wikipedia.org\/wiki\/Danby_(appliances)"]}]}},"post_mailing_queue_ids":[],"_links":{"self":[{"href":"https:\/\/www.danby.com\/fr\/wp-json\/wp\/v2\/product\/5199","targetHints":{"allow":["GET"]}}],"collection":[{"href":"https:\/\/www.danby.com\/fr\/wp-json\/wp\/v2\/product"}],"about":[{"href":"https:\/\/www.danby.com\/fr\/wp-json\/wp\/v2\/types\/product"}],"replies":[{"embeddable":true,"href":"https:\/\/www.danby.com\/fr\/wp-json\/wp\/v2\/comments?post=5199"}],"wp:featuredmedia":[{"embeddable":true,"href":"https:\/\/www.danby.com\/fr\/wp-json\/wp\/v2\/media\/10288"}],"wp:attachment":[{"href":"https:\/\/www.danby.com\/fr\/wp-json\/wp\/v2\/media?parent=5199"}],"wp:term":[{"taxonomy":"product_brand","embeddable":true,"href":"https:\/\/www.danby.com\/fr\/wp-json\/wp\/v2\/product_brand?post=5199"},{"taxonomy":"product_cat","embeddable":true,"href":"https:\/\/www.danby.com\/fr\/wp-json\/wp\/v2\/product_cat?post=5199"},{"taxonomy":"product_tag","embeddable":true,"href":"https:\/\/www.danby.com\/fr\/wp-json\/wp\/v2\/product_tag?post=5199"}],"curies":[{"name":"wp","href":"https:\/\/api.w.org\/{rel}","templated":true}]}}