{"id":5196,"date":"2022-02-03T19:20:58","date_gmt":"2022-02-03T19:20:58","guid":{"rendered":"https:\/\/www.danby.com\/fr\/product\/dtac100b1wdb\/"},"modified":"2026-04-25T10:11:05","modified_gmt":"2026-04-25T10:11:05","slug":"dtac100b1wdb","status":"publish","type":"product","link":"https:\/\/www.danby.com\/fr\/products\/climatiseurs-de-fenetre\/dtac100b1wdb\/","title":{"rendered":"Danby 10000 BTU \u00e0 travers le mur AC en blanc"},"content":{"rendered":"","protected":false},"excerpt":{"rendered":"<ul>\n<li>Le climatiseur 10 000 BTU refroidit une pi\u00e8ce de 450 pi2 ou moins<\/li>\n<li>Fluide frigorig\u00e8ne R410<\/li>\n<li>Conforme \u00e0 Energy Star\u00ae<\/li>\n<li>Commandes \u00e9lectroniques avec affichage \u00e0 DEL et t\u00e9l\u00e9commande<\/li>\n<li>Puissant ventilateur \u00e0 3 vitesses faisant circuler l\u2019air<\/li>\n<li>Circulation d\u2019air dans 4 directions<\/li>\n<li>Fonction Air frais : d\u00e9barrassez-vous de l\u2019air recycl\u00e9 vici\u00e9<\/li>\n<li>Minuterie programmable pratique de 24 heures<\/li>\n<li>Red\u00e9marrage automatique : L\u2019appareil red\u00e9marre automatiquement apr\u00e8s une panne de courant<\/li>\n<li>Mise en veille : Permet \u00e0 la pi\u00e8ce de ne pas trop refroidir pendant que vous dormez<\/li>\n<li>Interrupteur d\u2019\u00e9conomie d\u2019\u00e9nergie : met le ventilateur en marche et l\u2019\u00e9teint pour r\u00e9duire la consommation d\u2019\u00e9nergie<\/li>\n<li>Filtre \u00e0 air r\u00e9utilisable et lavable<\/li>\n<\/ul>\n","protected":false},"featured_media":35488,"comment_status":"closed","ping_status":"open","template":"","meta":{"_acf_changed":false},"product_brand":[],"product_cat":[40],"product_tag":[],"class_list":{"0":"post-5196","1":"product","2":"type-product","3":"status-publish","4":"has-post-thumbnail","6":"product_cat-climatiseurs-de-fenetre","7":"pa_btu-75","8":"pa_couleur-white","9":"pa_duree-de-la-garantie-en-mois-1169","11":"first","12":"outofstock","13":"taxable","14":"shipping-taxable","15":"purchasable","16":"product-type-simple"},"acf":[],"yoast_head":"<!-- This site is optimized with the Yoast SEO plugin v27.4 - https:\/\/yoast.com\/product\/yoast-seo-wordpress\/ -->\n<title>Danby 10000 BTU \u00e0 travers le mur AC en blanc - DTAC100B1WDB | Danby Canada<\/title>\n<meta name=\"description\" content=\"Ce climatiseur mural de 10 000 BTU de Danby est un excellent moyen de rafra\u00eechir les espaces de vie jusqu&#039;\u00e0 450 pieds carr\u00e9s. \u00c9quip\u00e9 de commandes \u00e9lectroniques et d&#039;une t\u00e9l\u00e9commande permettant de r\u00e9gler facilement la temp\u00e9rature et la vitesse du ventilateur. La minuterie programmable de 24 heures, ainsi que le mode veille et l&#039;interrupteur d&#039;\u00e9conomie d&#039;\u00e9nergie permettent un refroidissement efficace et r\u00e9duisent les co\u00fbts d&#039;exploitation globaux. Le puissant ventilateur \u00e0 3 vitesses et la direction de l&#039;air \u00e0 4 voies permettent de faire circuler l&#039;air et de maximiser le refroidissement de votre espace de vie. Cet appareil est id\u00e9al pour les pi\u00e8ces sans fen\u00eatre ou pour ceux qui pr\u00e9f\u00e8rent ne pas bloquer une fen\u00eatre avec un climatiseur de fen\u00eatre traditionnel. - L&#039;achat du manchon Danby DSL100F1W est recommand\u00e9 avec ce mod\u00e8le si vous n&#039;utilisez pas d\u00e9j\u00e0 un manchon existant : https:\/\/www.danby.com\/fr\/products\/climatiseurs-de-fenetre\/dsl100f1w\/\" \/>\n<meta name=\"robots\" content=\"index, follow, max-snippet:-1, max-image-preview:large, max-video-preview:-1\" \/>\n<link rel=\"canonical\" href=\"https:\/\/www.danby.com\/fr\/products\/climatiseurs-de-fenetre\/dtac100b1wdb\/\" \/>\n<meta property=\"og:locale\" content=\"fr_CA\" \/>\n<meta property=\"og:type\" content=\"article\" \/>\n<meta property=\"og:title\" content=\"Danby 10000 BTU \u00e0 travers le mur AC en blanc - DTAC100B1WDB | Danby Canada\" \/>\n<meta property=\"og:description\" content=\"Ce climatiseur mural de 10 000 BTU de Danby est un excellent moyen de rafra\u00eechir les espaces de vie jusqu&#039;\u00e0 450 pieds carr\u00e9s. \u00c9quip\u00e9 de commandes \u00e9lectroniques et d&#039;une t\u00e9l\u00e9commande permettant de r\u00e9gler facilement la temp\u00e9rature et la vitesse du ventilateur. La minuterie programmable de 24 heures, ainsi que le mode veille et l&#039;interrupteur d&#039;\u00e9conomie d&#039;\u00e9nergie permettent un refroidissement efficace et r\u00e9duisent les co\u00fbts d&#039;exploitation globaux. Le puissant ventilateur \u00e0 3 vitesses et la direction de l&#039;air \u00e0 4 voies permettent de faire circuler l&#039;air et de maximiser le refroidissement de votre espace de vie. Cet appareil est id\u00e9al pour les pi\u00e8ces sans fen\u00eatre ou pour ceux qui pr\u00e9f\u00e8rent ne pas bloquer une fen\u00eatre avec un climatiseur de fen\u00eatre traditionnel. - L&#039;achat du manchon Danby DSL100F1W est recommand\u00e9 avec ce mod\u00e8le si vous n&#039;utilisez pas d\u00e9j\u00e0 un manchon existant : https:\/\/www.danby.com\/fr\/products\/climatiseurs-de-fenetre\/dsl100f1w\/\" \/>\n<meta property=\"og:url\" content=\"https:\/\/www.danby.com\/fr\/products\/climatiseurs-de-fenetre\/dtac100b1wdb\/\" \/>\n<meta property=\"og:site_name\" content=\"Danby - Canada - French\" \/>\n<meta property=\"article:publisher\" content=\"https:\/\/www.facebook.com\/DanbyAppliances\" \/>\n<meta property=\"article:modified_time\" content=\"2026-04-25T10:11:05+00:00\" \/>\n<meta property=\"og:image\" content=\"https:\/\/cdnweb.danby.com\/wp-content\/uploads\/sites\/2\/2024\/01\/16132313\/WAC__0018_DTAC100B1WDB.jpg\" \/>\n\t<meta property=\"og:image:width\" content=\"1125\" \/>\n\t<meta property=\"og:image:height\" content=\"1500\" \/>\n\t<meta property=\"og:image:type\" content=\"image\/jpeg\" \/>\n<meta name=\"twitter:card\" content=\"summary_large_image\" \/>\n<meta name=\"twitter:site\" content=\"@DanbyAppliance\" \/>\n<script type=\"application\/ld+json\" class=\"yoast-schema-graph\">{\"@context\":\"https:\\\/\\\/schema.org\",\"@graph\":[{\"@type\":[\"WebPage\",\"ItemPage\"],\"url\":\"https:\\\/\\\/www.danby.com\\\/fr\\\/products\\\/climatiseurs-de-fenetre\\\/dtac100b1wdb\\\/\",\"name\":\"Danby 10000 BTU \u00e0 travers le mur AC en blanc - DTAC100B1WDB | Danby Canada\",\"isPartOf\":[],\"primaryImageOfPage\":[],\"image\":[],\"thumbnailUrl\":\"https:\\\/\\\/www.danby.com\\\/fr\\\/wp-content\\\/uploads\\\/sites\\\/2\\\/2025\\\/10\\\/dtac100b1wdb-thumbnail.jpg\",\"datePublished\":\"2022-02-03T19:20:58+00:00\",\"dateModified\":\"2026-04-25T10:11:05+00:00\",\"description\":\"Ce climatiseur mural de 10 000 BTU de Danby est un excellent moyen de rafra\u00eechir les espaces de vie jusqu'\u00e0 450 pieds carr\u00e9s. \u00c9quip\u00e9 de commandes \u00e9lectroniques et d'une t\u00e9l\u00e9commande permettant de r\u00e9gler facilement la temp\u00e9rature et la vitesse du ventilateur. La minuterie programmable de 24 heures, ainsi que le mode veille et l'interrupteur d'\u00e9conomie d'\u00e9nergie permettent un refroidissement efficace et r\u00e9duisent les co\u00fbts d'exploitation globaux. Le puissant ventilateur \u00e0 3 vitesses et la direction de l'air \u00e0 4 voies permettent de faire circuler l'air et de maximiser le refroidissement de votre espace de vie. Cet appareil est id\u00e9al pour les pi\u00e8ces sans fen\u00eatre ou pour ceux qui pr\u00e9f\u00e8rent ne pas bloquer une fen\u00eatre avec un climatiseur de fen\u00eatre traditionnel. - L'achat du manchon Danby DSL100F1W est recommand\u00e9 avec ce mod\u00e8le si vous n'utilisez pas d\u00e9j\u00e0 un manchon existant : https:\\\/\\\/www.danby.com\\\/fr\\\/products\\\/climatiseurs-de-fenetre\\\/dsl100f1w\\\/\",\"breadcrumb\":[],\"inLanguage\":\"fr-CA\",\"potentialAction\":[{\"@type\":\"ReadAction\",\"target\":[\"https:\\\/\\\/www.danby.com\\\/fr\\\/products\\\/climatiseurs-de-fenetre\\\/dtac100b1wdb\\\/\"]}]},{\"@type\":\"ImageObject\",\"inLanguage\":\"fr-CA\",\"url\":\"https:\\\/\\\/www.danby.com\\\/fr\\\/wp-content\\\/uploads\\\/sites\\\/2\\\/2025\\\/10\\\/dtac100b1wdb-thumbnail.jpg\",\"contentUrl\":\"https:\\\/\\\/www.danby.com\\\/fr\\\/wp-content\\\/uploads\\\/sites\\\/2\\\/2025\\\/10\\\/dtac100b1wdb-thumbnail.jpg\",\"width\":768,\"height\":1024},{\"@type\":\"BreadcrumbList\",\"itemListElement\":[{\"@type\":\"ListItem\",\"position\":1,\"name\":\"Home\",\"item\":\"https:\\\/\\\/www.danby.com\\\/fr\\\/\"},{\"@type\":\"ListItem\",\"position\":2,\"name\":\"Boutique\",\"item\":\"https:\\\/\\\/www.danby.com\\\/fr\\\/boutique\\\/\"},{\"@type\":\"ListItem\",\"position\":3,\"name\":\"Danby 10000 BTU \u00e0 travers le mur AC en blanc\"}]},{\"@type\":\"WebSite\",\"url\":\"https:\\\/\\\/www.danby.com\\\/fr\\\/\",\"name\":\"Danby - Canada - French\",\"description\":\"Leader dans le domaine de la r\u00e9frig\u00e9ration et des appareils sp\u00e9cialis\u00e9s\",\"publisher\":[],\"potentialAction\":[{\"@type\":\"SearchAction\",\"target\":{\"@type\":\"EntryPoint\",\"urlTemplate\":\"https:\\\/\\\/www.danby.com\\\/fr\\\/?s={search_term_string}\"},\"query-input\":{\"@type\":\"PropertyValueSpecification\",\"valueRequired\":true,\"valueName\":\"search_term_string\"}}],\"inLanguage\":\"fr-CA\"},{\"@type\":\"Organization\",\"name\":\"Danby Appliances\",\"url\":\"https:\\\/\\\/www.danby.com\\\/fr\\\/\",\"logo\":{\"@type\":\"ImageObject\",\"inLanguage\":\"fr-CA\",\"url\":\"https:\\\/\\\/cdnweb.danby.com\\\/wp-content\\\/uploads\\\/sites\\\/2\\\/2022\\\/02\\\/10141906\\\/Danby75Ans_Blue.png\",\"contentUrl\":\"https:\\\/\\\/cdnweb.danby.com\\\/wp-content\\\/uploads\\\/sites\\\/2\\\/2022\\\/02\\\/10141906\\\/Danby75Ans_Blue.png\",\"width\":470,\"height\":110,\"caption\":\"Danby Appliances\"},\"image\":[],\"sameAs\":[\"https:\\\/\\\/www.facebook.com\\\/DanbyAppliances\",\"https:\\\/\\\/x.com\\\/DanbyAppliance\",\"https:\\\/\\\/instagram.com\\\/danbyappliances\\\/\",\"https:\\\/\\\/www.linkedin.com\\\/company\\\/danbyappliances\",\"https:\\\/\\\/www.pinterest.ca\\\/danbyappliances\\\/\",\"https:\\\/\\\/www.youtube.com\\\/user\\\/DanbyProducts\",\"https:\\\/\\\/en.wikipedia.org\\\/wiki\\\/Danby_(appliances)\"]}]}<\/script>\n<!-- \/ Yoast SEO plugin. -->","yoast_head_json":{"title":"Danby 10000 BTU \u00e0 travers le mur AC en blanc - DTAC100B1WDB | Danby Canada","description":"Ce climatiseur mural de 10 000 BTU de Danby est un excellent moyen de rafra\u00eechir les espaces de vie jusqu'\u00e0 450 pieds carr\u00e9s. \u00c9quip\u00e9 de commandes \u00e9lectroniques et d'une t\u00e9l\u00e9commande permettant de r\u00e9gler facilement la temp\u00e9rature et la vitesse du ventilateur. La minuterie programmable de 24 heures, ainsi que le mode veille et l'interrupteur d'\u00e9conomie d'\u00e9nergie permettent un refroidissement efficace et r\u00e9duisent les co\u00fbts d'exploitation globaux. Le puissant ventilateur \u00e0 3 vitesses et la direction de l'air \u00e0 4 voies permettent de faire circuler l'air et de maximiser le refroidissement de votre espace de vie. Cet appareil est id\u00e9al pour les pi\u00e8ces sans fen\u00eatre ou pour ceux qui pr\u00e9f\u00e8rent ne pas bloquer une fen\u00eatre avec un climatiseur de fen\u00eatre traditionnel. - L'achat du manchon Danby DSL100F1W est recommand\u00e9 avec ce mod\u00e8le si vous n'utilisez pas d\u00e9j\u00e0 un manchon existant : https:\/\/www.danby.com\/fr\/products\/climatiseurs-de-fenetre\/dsl100f1w\/","robots":{"index":"index","follow":"follow","max-snippet":"max-snippet:-1","max-image-preview":"max-image-preview:large","max-video-preview":"max-video-preview:-1"},"canonical":"https:\/\/www.danby.com\/fr\/products\/climatiseurs-de-fenetre\/dtac100b1wdb\/","og_locale":"fr_CA","og_type":"article","og_title":"Danby 10000 BTU \u00e0 travers le mur AC en blanc - DTAC100B1WDB | Danby Canada","og_description":"Ce climatiseur mural de 10 000 BTU de Danby est un excellent moyen de rafra\u00eechir les espaces de vie jusqu'\u00e0 450 pieds carr\u00e9s. \u00c9quip\u00e9 de commandes \u00e9lectroniques et d'une t\u00e9l\u00e9commande permettant de r\u00e9gler facilement la temp\u00e9rature et la vitesse du ventilateur. La minuterie programmable de 24 heures, ainsi que le mode veille et l'interrupteur d'\u00e9conomie d'\u00e9nergie permettent un refroidissement efficace et r\u00e9duisent les co\u00fbts d'exploitation globaux. Le puissant ventilateur \u00e0 3 vitesses et la direction de l'air \u00e0 4 voies permettent de faire circuler l'air et de maximiser le refroidissement de votre espace de vie. Cet appareil est id\u00e9al pour les pi\u00e8ces sans fen\u00eatre ou pour ceux qui pr\u00e9f\u00e8rent ne pas bloquer une fen\u00eatre avec un climatiseur de fen\u00eatre traditionnel. - L'achat du manchon Danby DSL100F1W est recommand\u00e9 avec ce mod\u00e8le si vous n'utilisez pas d\u00e9j\u00e0 un manchon existant : https:\/\/www.danby.com\/fr\/products\/climatiseurs-de-fenetre\/dsl100f1w\/","og_url":"https:\/\/www.danby.com\/fr\/products\/climatiseurs-de-fenetre\/dtac100b1wdb\/","og_site_name":"Danby - Canada - French","article_publisher":"https:\/\/www.facebook.com\/DanbyAppliances","article_modified_time":"2026-04-25T10:11:05+00:00","og_image":[{"width":1125,"height":1500,"url":"https:\/\/cdnweb.danby.com\/wp-content\/uploads\/sites\/2\/2024\/01\/16132313\/WAC__0018_DTAC100B1WDB.jpg","type":"image\/jpeg"}],"twitter_card":"summary_large_image","twitter_site":"@DanbyAppliance","schema":{"@context":"https:\/\/schema.org","@graph":[{"@type":["WebPage","ItemPage"],"url":"https:\/\/www.danby.com\/fr\/products\/climatiseurs-de-fenetre\/dtac100b1wdb\/","name":"Danby 10000 BTU \u00e0 travers le mur AC en blanc - DTAC100B1WDB | Danby Canada","isPartOf":[],"primaryImageOfPage":[],"image":[],"thumbnailUrl":"https:\/\/www.danby.com\/fr\/wp-content\/uploads\/sites\/2\/2025\/10\/dtac100b1wdb-thumbnail.jpg","datePublished":"2022-02-03T19:20:58+00:00","dateModified":"2026-04-25T10:11:05+00:00","description":"Ce climatiseur mural de 10 000 BTU de Danby est un excellent moyen de rafra\u00eechir les espaces de vie jusqu'\u00e0 450 pieds carr\u00e9s. \u00c9quip\u00e9 de commandes \u00e9lectroniques et d'une t\u00e9l\u00e9commande permettant de r\u00e9gler facilement la temp\u00e9rature et la vitesse du ventilateur. La minuterie programmable de 24 heures, ainsi que le mode veille et l'interrupteur d'\u00e9conomie d'\u00e9nergie permettent un refroidissement efficace et r\u00e9duisent les co\u00fbts d'exploitation globaux. Le puissant ventilateur \u00e0 3 vitesses et la direction de l'air \u00e0 4 voies permettent de faire circuler l'air et de maximiser le refroidissement de votre espace de vie. Cet appareil est id\u00e9al pour les pi\u00e8ces sans fen\u00eatre ou pour ceux qui pr\u00e9f\u00e8rent ne pas bloquer une fen\u00eatre avec un climatiseur de fen\u00eatre traditionnel. - L'achat du manchon Danby DSL100F1W est recommand\u00e9 avec ce mod\u00e8le si vous n'utilisez pas d\u00e9j\u00e0 un manchon existant : https:\/\/www.danby.com\/fr\/products\/climatiseurs-de-fenetre\/dsl100f1w\/","breadcrumb":[],"inLanguage":"fr-CA","potentialAction":[{"@type":"ReadAction","target":["https:\/\/www.danby.com\/fr\/products\/climatiseurs-de-fenetre\/dtac100b1wdb\/"]}]},{"@type":"ImageObject","inLanguage":"fr-CA","url":"https:\/\/www.danby.com\/fr\/wp-content\/uploads\/sites\/2\/2025\/10\/dtac100b1wdb-thumbnail.jpg","contentUrl":"https:\/\/www.danby.com\/fr\/wp-content\/uploads\/sites\/2\/2025\/10\/dtac100b1wdb-thumbnail.jpg","width":768,"height":1024},{"@type":"BreadcrumbList","itemListElement":[{"@type":"ListItem","position":1,"name":"Home","item":"https:\/\/www.danby.com\/fr\/"},{"@type":"ListItem","position":2,"name":"Boutique","item":"https:\/\/www.danby.com\/fr\/boutique\/"},{"@type":"ListItem","position":3,"name":"Danby 10000 BTU \u00e0 travers le mur AC en blanc"}]},{"@type":"WebSite","url":"https:\/\/www.danby.com\/fr\/","name":"Danby - Canada - French","description":"Leader dans le domaine de la r\u00e9frig\u00e9ration et des appareils sp\u00e9cialis\u00e9s","publisher":[],"potentialAction":[{"@type":"SearchAction","target":{"@type":"EntryPoint","urlTemplate":"https:\/\/www.danby.com\/fr\/?s={search_term_string}"},"query-input":{"@type":"PropertyValueSpecification","valueRequired":true,"valueName":"search_term_string"}}],"inLanguage":"fr-CA"},{"@type":"Organization","name":"Danby Appliances","url":"https:\/\/www.danby.com\/fr\/","logo":{"@type":"ImageObject","inLanguage":"fr-CA","url":"https:\/\/cdnweb.danby.com\/wp-content\/uploads\/sites\/2\/2022\/02\/10141906\/Danby75Ans_Blue.png","contentUrl":"https:\/\/cdnweb.danby.com\/wp-content\/uploads\/sites\/2\/2022\/02\/10141906\/Danby75Ans_Blue.png","width":470,"height":110,"caption":"Danby Appliances"},"image":[],"sameAs":["https:\/\/www.facebook.com\/DanbyAppliances","https:\/\/x.com\/DanbyAppliance","https:\/\/instagram.com\/danbyappliances\/","https:\/\/www.linkedin.com\/company\/danbyappliances","https:\/\/www.pinterest.ca\/danbyappliances\/","https:\/\/www.youtube.com\/user\/DanbyProducts","https:\/\/en.wikipedia.org\/wiki\/Danby_(appliances)"]}]}},"post_mailing_queue_ids":[],"_links":{"self":[{"href":"https:\/\/www.danby.com\/fr\/wp-json\/wp\/v2\/product\/5196","targetHints":{"allow":["GET"]}}],"collection":[{"href":"https:\/\/www.danby.com\/fr\/wp-json\/wp\/v2\/product"}],"about":[{"href":"https:\/\/www.danby.com\/fr\/wp-json\/wp\/v2\/types\/product"}],"replies":[{"embeddable":true,"href":"https:\/\/www.danby.com\/fr\/wp-json\/wp\/v2\/comments?post=5196"}],"wp:featuredmedia":[{"embeddable":true,"href":"https:\/\/www.danby.com\/fr\/wp-json\/wp\/v2\/media\/35488"}],"wp:attachment":[{"href":"https:\/\/www.danby.com\/fr\/wp-json\/wp\/v2\/media?parent=5196"}],"wp:term":[{"taxonomy":"product_brand","embeddable":true,"href":"https:\/\/www.danby.com\/fr\/wp-json\/wp\/v2\/product_brand?post=5196"},{"taxonomy":"product_cat","embeddable":true,"href":"https:\/\/www.danby.com\/fr\/wp-json\/wp\/v2\/product_cat?post=5196"},{"taxonomy":"product_tag","embeddable":true,"href":"https:\/\/www.danby.com\/fr\/wp-json\/wp\/v2\/product_tag?post=5196"}],"curies":[{"name":"wp","href":"https:\/\/api.w.org\/{rel}","templated":true}]}}