{"id":5195,"date":"2022-02-03T19:20:45","date_gmt":"2022-02-03T19:20:45","guid":{"rendered":"https:\/\/www.danby.com\/fr\/product\/dsl120ba\/"},"modified":"2026-04-15T10:07:57","modified_gmt":"2026-04-15T10:07:57","slug":"dsl120ba","status":"publish","type":"product","link":"https:\/\/www.danby.com\/fr\/products\/climatiseurs-de-fenetre\/dsl120ba\/","title":{"rendered":"Manchon de climatiseur traversant le mur de Danby"},"content":{"rendered":"","protected":false},"excerpt":{"rendered":"<ul><\/ul>\n","protected":false},"featured_media":25310,"comment_status":"closed","ping_status":"open","template":"","meta":{"_acf_changed":false},"product_brand":[],"product_cat":[40],"product_tag":[],"class_list":{"0":"post-5195","1":"product","2":"type-product","3":"status-publish","4":"has-post-thumbnail","6":"product_cat-climatiseurs-de-fenetre","8":"first","9":"instock","10":"taxable","11":"shipping-taxable","12":"product-type-simple"},"acf":[],"yoast_head":"<!-- This site is optimized with the Yoast SEO plugin v26.7 - https:\/\/yoast.com\/wordpress\/plugins\/seo\/ -->\n<title>Manchon de climatiseur traversant le mur de Danby - DSL120BA | Danby Canada<\/title>\n<meta name=\"description\" content=\"Cette housse murale pour climatiseur encastr\u00e9 de Danby doit \u00eatre solidement fix\u00e9e \u00e0 l\u2019int\u00e9rieur d\u2019une ouverture murale avant d\u2019installer un climatiseur. Une calandre est fournie avec le climatiseur. Utilis\u00e9 avec les climatiseurs muraux.\" \/>\n<meta name=\"robots\" content=\"index, follow, max-snippet:-1, max-image-preview:large, max-video-preview:-1\" \/>\n<link rel=\"canonical\" href=\"https:\/\/www.danby.com\/fr\/products\/climatiseurs-de-fenetre\/dsl120ba\/\" \/>\n<meta property=\"og:locale\" content=\"fr_CA\" \/>\n<meta property=\"og:type\" content=\"article\" \/>\n<meta property=\"og:title\" content=\"Manchon de climatiseur traversant le mur de Danby - DSL120BA | Danby Canada\" \/>\n<meta property=\"og:description\" content=\"Cette housse murale pour climatiseur encastr\u00e9 de Danby doit \u00eatre solidement fix\u00e9e \u00e0 l\u2019int\u00e9rieur d\u2019une ouverture murale avant d\u2019installer un climatiseur. Une calandre est fournie avec le climatiseur. Utilis\u00e9 avec les climatiseurs muraux.\" \/>\n<meta property=\"og:url\" content=\"https:\/\/www.danby.com\/fr\/products\/climatiseurs-de-fenetre\/dsl120ba\/\" \/>\n<meta property=\"og:site_name\" content=\"Danby - Canada - French\" \/>\n<meta property=\"article:publisher\" content=\"https:\/\/www.facebook.com\/DanbyAppliances\" \/>\n<meta property=\"article:modified_time\" content=\"2026-04-15T10:07:57+00:00\" \/>\n<meta property=\"og:image\" content=\"https:\/\/cdnweb.danby.com\/wp-content\/uploads\/sites\/2\/2023\/11\/02135827\/DSL120BA.png\" \/>\n\t<meta property=\"og:image:width\" content=\"440\" \/>\n\t<meta property=\"og:image:height\" content=\"440\" \/>\n\t<meta property=\"og:image:type\" content=\"image\/png\" \/>\n<meta name=\"twitter:card\" content=\"summary_large_image\" \/>\n<meta name=\"twitter:site\" content=\"@DanbyAppliance\" \/>\n<script type=\"application\/ld+json\" class=\"yoast-schema-graph\">{\"@context\":\"https:\/\/schema.org\",\"@graph\":[{\"@type\":[\"WebPage\",\"ItemPage\"],\"url\":\"https:\/\/www.danby.com\/fr\/products\/climatiseurs-de-fenetre\/dsl120ba\/\",\"name\":\"Manchon de climatiseur traversant le mur de Danby - DSL120BA | Danby Canada\",\"isPartOf\":[],\"primaryImageOfPage\":[],\"image\":[],\"thumbnailUrl\":\"https:\/\/cdnweb.danby.com\/wp-content\/uploads\/sites\/2\/2023\/11\/02135827\/DSL120BA.png\",\"datePublished\":\"2022-02-03T19:20:45+00:00\",\"dateModified\":\"2026-04-15T10:07:57+00:00\",\"description\":\"Cette housse murale pour climatiseur encastr\u00e9 de Danby doit \u00eatre solidement fix\u00e9e \u00e0 l\u2019int\u00e9rieur d\u2019une ouverture murale avant d\u2019installer un climatiseur. Une calandre est fournie avec le climatiseur. Utilis\u00e9 avec les climatiseurs muraux.\",\"breadcrumb\":[],\"inLanguage\":\"fr-CA\",\"potentialAction\":[{\"@type\":\"ReadAction\",\"target\":[\"https:\/\/www.danby.com\/fr\/products\/climatiseurs-de-fenetre\/dsl120ba\/\"]}]},{\"@type\":\"ImageObject\",\"inLanguage\":\"fr-CA\",\"url\":\"https:\/\/cdnweb.danby.com\/wp-content\/uploads\/sites\/2\/2023\/11\/02135827\/DSL120BA.png\",\"contentUrl\":\"https:\/\/cdnweb.danby.com\/wp-content\/uploads\/sites\/2\/2023\/11\/02135827\/DSL120BA.png\",\"width\":440,\"height\":440},{\"@type\":\"BreadcrumbList\",\"itemListElement\":[{\"@type\":\"ListItem\",\"position\":1,\"name\":\"Home\",\"item\":\"https:\/\/www.danby.com\/fr\/\"},{\"@type\":\"ListItem\",\"position\":2,\"name\":\"Boutique\",\"item\":\"https:\/\/www.danby.com\/fr\/boutique\/\"},{\"@type\":\"ListItem\",\"position\":3,\"name\":\"Manchon de climatiseur traversant le mur de Danby\"}]},{\"@type\":\"WebSite\",\"url\":\"https:\/\/www.danby.com\/fr\/\",\"name\":\"Danby - Canada - French\",\"description\":\"Leader dans le domaine de la r\u00e9frig\u00e9ration et des appareils sp\u00e9cialis\u00e9s\",\"publisher\":[],\"potentialAction\":[{\"@type\":\"SearchAction\",\"target\":{\"@type\":\"EntryPoint\",\"urlTemplate\":\"https:\/\/www.danby.com\/fr\/?s={search_term_string}\"},\"query-input\":{\"@type\":\"PropertyValueSpecification\",\"valueRequired\":true,\"valueName\":\"search_term_string\"}}],\"inLanguage\":\"fr-CA\"},{\"@type\":\"Organization\",\"name\":\"Danby Appliances\",\"url\":\"https:\/\/www.danby.com\/fr\/\",\"logo\":{\"@type\":\"ImageObject\",\"inLanguage\":\"fr-CA\",\"url\":\"https:\/\/cdnweb.danby.com\/wp-content\/uploads\/sites\/2\/2022\/02\/10141906\/Danby75Ans_Blue.png\",\"contentUrl\":\"https:\/\/cdnweb.danby.com\/wp-content\/uploads\/sites\/2\/2022\/02\/10141906\/Danby75Ans_Blue.png\",\"width\":470,\"height\":110,\"caption\":\"Danby Appliances\"},\"image\":[],\"sameAs\":[\"https:\/\/www.facebook.com\/DanbyAppliances\",\"https:\/\/x.com\/DanbyAppliance\",\"https:\/\/instagram.com\/danbyappliances\/\",\"https:\/\/www.linkedin.com\/company\/danbyappliances\",\"https:\/\/www.pinterest.ca\/danbyappliances\/\",\"https:\/\/www.youtube.com\/user\/DanbyProducts\",\"https:\/\/en.wikipedia.org\/wiki\/Danby_(appliances)\"]}]}<\/script>\n<!-- \/ Yoast SEO plugin. -->","yoast_head_json":{"title":"Manchon de climatiseur traversant le mur de Danby - DSL120BA | Danby Canada","description":"Cette housse murale pour climatiseur encastr\u00e9 de Danby doit \u00eatre solidement fix\u00e9e \u00e0 l\u2019int\u00e9rieur d\u2019une ouverture murale avant d\u2019installer un climatiseur. Une calandre est fournie avec le climatiseur. Utilis\u00e9 avec les climatiseurs muraux.","robots":{"index":"index","follow":"follow","max-snippet":"max-snippet:-1","max-image-preview":"max-image-preview:large","max-video-preview":"max-video-preview:-1"},"canonical":"https:\/\/www.danby.com\/fr\/products\/climatiseurs-de-fenetre\/dsl120ba\/","og_locale":"fr_CA","og_type":"article","og_title":"Manchon de climatiseur traversant le mur de Danby - DSL120BA | Danby Canada","og_description":"Cette housse murale pour climatiseur encastr\u00e9 de Danby doit \u00eatre solidement fix\u00e9e \u00e0 l\u2019int\u00e9rieur d\u2019une ouverture murale avant d\u2019installer un climatiseur. Une calandre est fournie avec le climatiseur. Utilis\u00e9 avec les climatiseurs muraux.","og_url":"https:\/\/www.danby.com\/fr\/products\/climatiseurs-de-fenetre\/dsl120ba\/","og_site_name":"Danby - Canada - French","article_publisher":"https:\/\/www.facebook.com\/DanbyAppliances","article_modified_time":"2026-04-15T10:07:57+00:00","og_image":[{"width":440,"height":440,"url":"https:\/\/cdnweb.danby.com\/wp-content\/uploads\/sites\/2\/2023\/11\/02135827\/DSL120BA.png","type":"image\/png"}],"twitter_card":"summary_large_image","twitter_site":"@DanbyAppliance","schema":{"@context":"https:\/\/schema.org","@graph":[{"@type":["WebPage","ItemPage"],"url":"https:\/\/www.danby.com\/fr\/products\/climatiseurs-de-fenetre\/dsl120ba\/","name":"Manchon de climatiseur traversant le mur de Danby - DSL120BA | Danby Canada","isPartOf":[],"primaryImageOfPage":[],"image":[],"thumbnailUrl":"https:\/\/cdnweb.danby.com\/wp-content\/uploads\/sites\/2\/2023\/11\/02135827\/DSL120BA.png","datePublished":"2022-02-03T19:20:45+00:00","dateModified":"2026-04-15T10:07:57+00:00","description":"Cette housse murale pour climatiseur encastr\u00e9 de Danby doit \u00eatre solidement fix\u00e9e \u00e0 l\u2019int\u00e9rieur d\u2019une ouverture murale avant d\u2019installer un climatiseur. Une calandre est fournie avec le climatiseur. Utilis\u00e9 avec les climatiseurs muraux.","breadcrumb":[],"inLanguage":"fr-CA","potentialAction":[{"@type":"ReadAction","target":["https:\/\/www.danby.com\/fr\/products\/climatiseurs-de-fenetre\/dsl120ba\/"]}]},{"@type":"ImageObject","inLanguage":"fr-CA","url":"https:\/\/cdnweb.danby.com\/wp-content\/uploads\/sites\/2\/2023\/11\/02135827\/DSL120BA.png","contentUrl":"https:\/\/cdnweb.danby.com\/wp-content\/uploads\/sites\/2\/2023\/11\/02135827\/DSL120BA.png","width":440,"height":440},{"@type":"BreadcrumbList","itemListElement":[{"@type":"ListItem","position":1,"name":"Home","item":"https:\/\/www.danby.com\/fr\/"},{"@type":"ListItem","position":2,"name":"Boutique","item":"https:\/\/www.danby.com\/fr\/boutique\/"},{"@type":"ListItem","position":3,"name":"Manchon de climatiseur traversant le mur de Danby"}]},{"@type":"WebSite","url":"https:\/\/www.danby.com\/fr\/","name":"Danby - Canada - French","description":"Leader dans le domaine de la r\u00e9frig\u00e9ration et des appareils sp\u00e9cialis\u00e9s","publisher":[],"potentialAction":[{"@type":"SearchAction","target":{"@type":"EntryPoint","urlTemplate":"https:\/\/www.danby.com\/fr\/?s={search_term_string}"},"query-input":{"@type":"PropertyValueSpecification","valueRequired":true,"valueName":"search_term_string"}}],"inLanguage":"fr-CA"},{"@type":"Organization","name":"Danby Appliances","url":"https:\/\/www.danby.com\/fr\/","logo":{"@type":"ImageObject","inLanguage":"fr-CA","url":"https:\/\/cdnweb.danby.com\/wp-content\/uploads\/sites\/2\/2022\/02\/10141906\/Danby75Ans_Blue.png","contentUrl":"https:\/\/cdnweb.danby.com\/wp-content\/uploads\/sites\/2\/2022\/02\/10141906\/Danby75Ans_Blue.png","width":470,"height":110,"caption":"Danby Appliances"},"image":[],"sameAs":["https:\/\/www.facebook.com\/DanbyAppliances","https:\/\/x.com\/DanbyAppliance","https:\/\/instagram.com\/danbyappliances\/","https:\/\/www.linkedin.com\/company\/danbyappliances","https:\/\/www.pinterest.ca\/danbyappliances\/","https:\/\/www.youtube.com\/user\/DanbyProducts","https:\/\/en.wikipedia.org\/wiki\/Danby_(appliances)"]}]}},"post_mailing_queue_ids":[],"_links":{"self":[{"href":"https:\/\/www.danby.com\/fr\/wp-json\/wp\/v2\/product\/5195","targetHints":{"allow":["GET"]}}],"collection":[{"href":"https:\/\/www.danby.com\/fr\/wp-json\/wp\/v2\/product"}],"about":[{"href":"https:\/\/www.danby.com\/fr\/wp-json\/wp\/v2\/types\/product"}],"replies":[{"embeddable":true,"href":"https:\/\/www.danby.com\/fr\/wp-json\/wp\/v2\/comments?post=5195"}],"wp:featuredmedia":[{"embeddable":true,"href":"https:\/\/www.danby.com\/fr\/wp-json\/wp\/v2\/media\/25310"}],"wp:attachment":[{"href":"https:\/\/www.danby.com\/fr\/wp-json\/wp\/v2\/media?parent=5195"}],"wp:term":[{"taxonomy":"product_brand","embeddable":true,"href":"https:\/\/www.danby.com\/fr\/wp-json\/wp\/v2\/product_brand?post=5195"},{"taxonomy":"product_cat","embeddable":true,"href":"https:\/\/www.danby.com\/fr\/wp-json\/wp\/v2\/product_cat?post=5195"},{"taxonomy":"product_tag","embeddable":true,"href":"https:\/\/www.danby.com\/fr\/wp-json\/wp\/v2\/product_tag?post=5195"}],"curies":[{"name":"wp","href":"https:\/\/api.w.org\/{rel}","templated":true}]}}