{"id":5194,"date":"2022-02-03T19:20:45","date_gmt":"2022-02-03T19:20:45","guid":{"rendered":"https:\/\/www.danby.com\/fr\/product\/dsl100f1w\/"},"modified":"2026-04-27T10:09:54","modified_gmt":"2026-04-27T10:09:54","slug":"dsl100f1w","status":"publish","type":"product","link":"https:\/\/www.danby.com\/fr\/products\/climatiseurs-de-fenetre\/dsl100f1w\/","title":{"rendered":"Manchon mural Danby pour les climatiseurs"},"content":{"rendered":"","protected":false},"excerpt":{"rendered":"<ul><\/ul>\n","protected":false},"featured_media":35487,"comment_status":"closed","ping_status":"open","template":"","meta":{"_acf_changed":false},"product_brand":[],"product_cat":[40],"product_tag":[],"class_list":{"0":"post-5194","1":"product","2":"type-product","3":"status-publish","4":"has-post-thumbnail","6":"product_cat-climatiseurs-de-fenetre","8":"first","9":"instock","10":"taxable","11":"shipping-taxable","12":"purchasable","13":"product-type-simple"},"acf":[],"yoast_head":"<!-- This site is optimized with the Yoast SEO plugin v27.4 - https:\/\/yoast.com\/product\/yoast-seo-wordpress\/ -->\n<title>Manchon mural Danby pour les climatiseurs - DSL100F1W | Danby Canada<\/title>\n<meta name=\"description\" content=\"Ce manchon mural Danby de couleur aluminium pour climatiseurs muraux doit \u00eatre solidement fix\u00e9 dans une ouverture murale avant d&#039;installer un climatiseur. Une grille est fournie avec l&#039;unit\u00e9 de climatisation. Utilis\u00e9 avec les climatiseurs muraux (DTAC100F1WDB, DTAC120F1WDB, DTAC100B1WDB et DTAC100B1WDB).\" \/>\n<meta name=\"robots\" content=\"index, follow, max-snippet:-1, max-image-preview:large, max-video-preview:-1\" \/>\n<link rel=\"canonical\" href=\"https:\/\/www.danby.com\/fr\/products\/climatiseurs-de-fenetre\/dsl100f1w\/\" \/>\n<meta property=\"og:locale\" content=\"fr_CA\" \/>\n<meta property=\"og:type\" content=\"article\" \/>\n<meta property=\"og:title\" content=\"Manchon mural Danby pour les climatiseurs - DSL100F1W | Danby Canada\" \/>\n<meta property=\"og:description\" content=\"Ce manchon mural Danby de couleur aluminium pour climatiseurs muraux doit \u00eatre solidement fix\u00e9 dans une ouverture murale avant d&#039;installer un climatiseur. Une grille est fournie avec l&#039;unit\u00e9 de climatisation. Utilis\u00e9 avec les climatiseurs muraux (DTAC100F1WDB, DTAC120F1WDB, DTAC100B1WDB et DTAC100B1WDB).\" \/>\n<meta property=\"og:url\" content=\"https:\/\/www.danby.com\/fr\/products\/climatiseurs-de-fenetre\/dsl100f1w\/\" \/>\n<meta property=\"og:site_name\" content=\"Danby - Canada - French\" \/>\n<meta property=\"article:publisher\" content=\"https:\/\/www.facebook.com\/DanbyAppliances\" \/>\n<meta property=\"article:modified_time\" content=\"2026-04-27T10:09:54+00:00\" \/>\n<meta property=\"og:image\" content=\"https:\/\/cdnweb.danby.com\/wp-content\/uploads\/sites\/2\/2024\/01\/16131224\/WAC__0000_DSL100F1W.jpg\" \/>\n\t<meta property=\"og:image:width\" content=\"1125\" \/>\n\t<meta property=\"og:image:height\" content=\"1500\" \/>\n\t<meta property=\"og:image:type\" content=\"image\/jpeg\" \/>\n<meta name=\"twitter:card\" content=\"summary_large_image\" \/>\n<meta name=\"twitter:site\" content=\"@DanbyAppliance\" \/>\n<script type=\"application\/ld+json\" class=\"yoast-schema-graph\">{\"@context\":\"https:\\\/\\\/schema.org\",\"@graph\":[{\"@type\":[\"WebPage\",\"ItemPage\"],\"url\":\"https:\\\/\\\/www.danby.com\\\/fr\\\/products\\\/climatiseurs-de-fenetre\\\/dsl100f1w\\\/\",\"name\":\"Manchon mural Danby pour les climatiseurs - DSL100F1W | Danby Canada\",\"isPartOf\":[],\"primaryImageOfPage\":[],\"image\":[],\"thumbnailUrl\":\"https:\\\/\\\/www.danby.com\\\/fr\\\/wp-content\\\/uploads\\\/sites\\\/2\\\/2025\\\/10\\\/dsl100f1w-thumbnail.jpg\",\"datePublished\":\"2022-02-03T19:20:45+00:00\",\"dateModified\":\"2026-04-27T10:09:54+00:00\",\"description\":\"Ce manchon mural Danby de couleur aluminium pour climatiseurs muraux doit \u00eatre solidement fix\u00e9 dans une ouverture murale avant d'installer un climatiseur. Une grille est fournie avec l'unit\u00e9 de climatisation. Utilis\u00e9 avec les climatiseurs muraux (DTAC100F1WDB, DTAC120F1WDB, DTAC100B1WDB et DTAC100B1WDB).\",\"breadcrumb\":[],\"inLanguage\":\"fr-CA\",\"potentialAction\":[{\"@type\":\"ReadAction\",\"target\":[\"https:\\\/\\\/www.danby.com\\\/fr\\\/products\\\/climatiseurs-de-fenetre\\\/dsl100f1w\\\/\"]}]},{\"@type\":\"ImageObject\",\"inLanguage\":\"fr-CA\",\"url\":\"https:\\\/\\\/www.danby.com\\\/fr\\\/wp-content\\\/uploads\\\/sites\\\/2\\\/2025\\\/10\\\/dsl100f1w-thumbnail.jpg\",\"contentUrl\":\"https:\\\/\\\/www.danby.com\\\/fr\\\/wp-content\\\/uploads\\\/sites\\\/2\\\/2025\\\/10\\\/dsl100f1w-thumbnail.jpg\",\"width\":768,\"height\":1024},{\"@type\":\"BreadcrumbList\",\"itemListElement\":[{\"@type\":\"ListItem\",\"position\":1,\"name\":\"Home\",\"item\":\"https:\\\/\\\/www.danby.com\\\/fr\\\/\"},{\"@type\":\"ListItem\",\"position\":2,\"name\":\"Boutique\",\"item\":\"https:\\\/\\\/www.danby.com\\\/fr\\\/boutique\\\/\"},{\"@type\":\"ListItem\",\"position\":3,\"name\":\"Manchon mural Danby pour les climatiseurs\"}]},{\"@type\":\"WebSite\",\"url\":\"https:\\\/\\\/www.danby.com\\\/fr\\\/\",\"name\":\"Danby - Canada - French\",\"description\":\"Leader dans le domaine de la r\u00e9frig\u00e9ration et des appareils sp\u00e9cialis\u00e9s\",\"publisher\":[],\"potentialAction\":[{\"@type\":\"SearchAction\",\"target\":{\"@type\":\"EntryPoint\",\"urlTemplate\":\"https:\\\/\\\/www.danby.com\\\/fr\\\/?s={search_term_string}\"},\"query-input\":{\"@type\":\"PropertyValueSpecification\",\"valueRequired\":true,\"valueName\":\"search_term_string\"}}],\"inLanguage\":\"fr-CA\"},{\"@type\":\"Organization\",\"name\":\"Danby Appliances\",\"url\":\"https:\\\/\\\/www.danby.com\\\/fr\\\/\",\"logo\":{\"@type\":\"ImageObject\",\"inLanguage\":\"fr-CA\",\"url\":\"https:\\\/\\\/cdnweb.danby.com\\\/wp-content\\\/uploads\\\/sites\\\/2\\\/2022\\\/02\\\/10141906\\\/Danby75Ans_Blue.png\",\"contentUrl\":\"https:\\\/\\\/cdnweb.danby.com\\\/wp-content\\\/uploads\\\/sites\\\/2\\\/2022\\\/02\\\/10141906\\\/Danby75Ans_Blue.png\",\"width\":470,\"height\":110,\"caption\":\"Danby Appliances\"},\"image\":[],\"sameAs\":[\"https:\\\/\\\/www.facebook.com\\\/DanbyAppliances\",\"https:\\\/\\\/x.com\\\/DanbyAppliance\",\"https:\\\/\\\/instagram.com\\\/danbyappliances\\\/\",\"https:\\\/\\\/www.linkedin.com\\\/company\\\/danbyappliances\",\"https:\\\/\\\/www.pinterest.ca\\\/danbyappliances\\\/\",\"https:\\\/\\\/www.youtube.com\\\/user\\\/DanbyProducts\",\"https:\\\/\\\/en.wikipedia.org\\\/wiki\\\/Danby_(appliances)\"]}]}<\/script>\n<!-- \/ Yoast SEO plugin. -->","yoast_head_json":{"title":"Manchon mural Danby pour les climatiseurs - DSL100F1W | Danby Canada","description":"Ce manchon mural Danby de couleur aluminium pour climatiseurs muraux doit \u00eatre solidement fix\u00e9 dans une ouverture murale avant d'installer un climatiseur. Une grille est fournie avec l'unit\u00e9 de climatisation. Utilis\u00e9 avec les climatiseurs muraux (DTAC100F1WDB, DTAC120F1WDB, DTAC100B1WDB et DTAC100B1WDB).","robots":{"index":"index","follow":"follow","max-snippet":"max-snippet:-1","max-image-preview":"max-image-preview:large","max-video-preview":"max-video-preview:-1"},"canonical":"https:\/\/www.danby.com\/fr\/products\/climatiseurs-de-fenetre\/dsl100f1w\/","og_locale":"fr_CA","og_type":"article","og_title":"Manchon mural Danby pour les climatiseurs - DSL100F1W | Danby Canada","og_description":"Ce manchon mural Danby de couleur aluminium pour climatiseurs muraux doit \u00eatre solidement fix\u00e9 dans une ouverture murale avant d'installer un climatiseur. Une grille est fournie avec l'unit\u00e9 de climatisation. Utilis\u00e9 avec les climatiseurs muraux (DTAC100F1WDB, DTAC120F1WDB, DTAC100B1WDB et DTAC100B1WDB).","og_url":"https:\/\/www.danby.com\/fr\/products\/climatiseurs-de-fenetre\/dsl100f1w\/","og_site_name":"Danby - Canada - French","article_publisher":"https:\/\/www.facebook.com\/DanbyAppliances","article_modified_time":"2026-04-27T10:09:54+00:00","og_image":[{"width":1125,"height":1500,"url":"https:\/\/cdnweb.danby.com\/wp-content\/uploads\/sites\/2\/2024\/01\/16131224\/WAC__0000_DSL100F1W.jpg","type":"image\/jpeg"}],"twitter_card":"summary_large_image","twitter_site":"@DanbyAppliance","schema":{"@context":"https:\/\/schema.org","@graph":[{"@type":["WebPage","ItemPage"],"url":"https:\/\/www.danby.com\/fr\/products\/climatiseurs-de-fenetre\/dsl100f1w\/","name":"Manchon mural Danby pour les climatiseurs - DSL100F1W | Danby Canada","isPartOf":[],"primaryImageOfPage":[],"image":[],"thumbnailUrl":"https:\/\/www.danby.com\/fr\/wp-content\/uploads\/sites\/2\/2025\/10\/dsl100f1w-thumbnail.jpg","datePublished":"2022-02-03T19:20:45+00:00","dateModified":"2026-04-27T10:09:54+00:00","description":"Ce manchon mural Danby de couleur aluminium pour climatiseurs muraux doit \u00eatre solidement fix\u00e9 dans une ouverture murale avant d'installer un climatiseur. Une grille est fournie avec l'unit\u00e9 de climatisation. Utilis\u00e9 avec les climatiseurs muraux (DTAC100F1WDB, DTAC120F1WDB, DTAC100B1WDB et DTAC100B1WDB).","breadcrumb":[],"inLanguage":"fr-CA","potentialAction":[{"@type":"ReadAction","target":["https:\/\/www.danby.com\/fr\/products\/climatiseurs-de-fenetre\/dsl100f1w\/"]}]},{"@type":"ImageObject","inLanguage":"fr-CA","url":"https:\/\/www.danby.com\/fr\/wp-content\/uploads\/sites\/2\/2025\/10\/dsl100f1w-thumbnail.jpg","contentUrl":"https:\/\/www.danby.com\/fr\/wp-content\/uploads\/sites\/2\/2025\/10\/dsl100f1w-thumbnail.jpg","width":768,"height":1024},{"@type":"BreadcrumbList","itemListElement":[{"@type":"ListItem","position":1,"name":"Home","item":"https:\/\/www.danby.com\/fr\/"},{"@type":"ListItem","position":2,"name":"Boutique","item":"https:\/\/www.danby.com\/fr\/boutique\/"},{"@type":"ListItem","position":3,"name":"Manchon mural Danby pour les climatiseurs"}]},{"@type":"WebSite","url":"https:\/\/www.danby.com\/fr\/","name":"Danby - Canada - French","description":"Leader dans le domaine de la r\u00e9frig\u00e9ration et des appareils sp\u00e9cialis\u00e9s","publisher":[],"potentialAction":[{"@type":"SearchAction","target":{"@type":"EntryPoint","urlTemplate":"https:\/\/www.danby.com\/fr\/?s={search_term_string}"},"query-input":{"@type":"PropertyValueSpecification","valueRequired":true,"valueName":"search_term_string"}}],"inLanguage":"fr-CA"},{"@type":"Organization","name":"Danby Appliances","url":"https:\/\/www.danby.com\/fr\/","logo":{"@type":"ImageObject","inLanguage":"fr-CA","url":"https:\/\/cdnweb.danby.com\/wp-content\/uploads\/sites\/2\/2022\/02\/10141906\/Danby75Ans_Blue.png","contentUrl":"https:\/\/cdnweb.danby.com\/wp-content\/uploads\/sites\/2\/2022\/02\/10141906\/Danby75Ans_Blue.png","width":470,"height":110,"caption":"Danby Appliances"},"image":[],"sameAs":["https:\/\/www.facebook.com\/DanbyAppliances","https:\/\/x.com\/DanbyAppliance","https:\/\/instagram.com\/danbyappliances\/","https:\/\/www.linkedin.com\/company\/danbyappliances","https:\/\/www.pinterest.ca\/danbyappliances\/","https:\/\/www.youtube.com\/user\/DanbyProducts","https:\/\/en.wikipedia.org\/wiki\/Danby_(appliances)"]}]}},"post_mailing_queue_ids":[],"_links":{"self":[{"href":"https:\/\/www.danby.com\/fr\/wp-json\/wp\/v2\/product\/5194","targetHints":{"allow":["GET"]}}],"collection":[{"href":"https:\/\/www.danby.com\/fr\/wp-json\/wp\/v2\/product"}],"about":[{"href":"https:\/\/www.danby.com\/fr\/wp-json\/wp\/v2\/types\/product"}],"replies":[{"embeddable":true,"href":"https:\/\/www.danby.com\/fr\/wp-json\/wp\/v2\/comments?post=5194"}],"wp:featuredmedia":[{"embeddable":true,"href":"https:\/\/www.danby.com\/fr\/wp-json\/wp\/v2\/media\/35487"}],"wp:attachment":[{"href":"https:\/\/www.danby.com\/fr\/wp-json\/wp\/v2\/media?parent=5194"}],"wp:term":[{"taxonomy":"product_brand","embeddable":true,"href":"https:\/\/www.danby.com\/fr\/wp-json\/wp\/v2\/product_brand?post=5194"},{"taxonomy":"product_cat","embeddable":true,"href":"https:\/\/www.danby.com\/fr\/wp-json\/wp\/v2\/product_cat?post=5194"},{"taxonomy":"product_tag","embeddable":true,"href":"https:\/\/www.danby.com\/fr\/wp-json\/wp\/v2\/product_tag?post=5194"}],"curies":[{"name":"wp","href":"https:\/\/api.w.org\/{rel}","templated":true}]}}